{"id":45134,"date":"2023-11-25T16:06:04","date_gmt":"2023-11-25T14:06:04","guid":{"rendered":"https:\/\/miumjau.ee\/toode\/kissan-hiekkalaatikon-kauha-litter-lifter\/"},"modified":"2026-01-07T22:47:24","modified_gmt":"2026-01-07T20:47:24","slug":"kissan-hiekkalaatikon-kauha-litter-lifter","status":"publish","type":"product","link":"https:\/\/miumjau.ee\/fi\/tuote\/kissan-hiekkalaatikon-kauha-litter-lifter\/","title":{"rendered":"Kissan hiekkalaatikon kauha Litter-Lifter"},"content":{"rendered":"","protected":false},"excerpt":{"rendered":"<p data-start=\"118\" data-end=\"218\">Kissan hiekkalaatikon kauha <em data-start=\"146\" data-end=\"166\">Magic Litter Scoop<\/em> Litter-Lifter -br\u00e4ndilt\u00e4 (V\u00e4ri on sattumanvarainen)<\/p>\n<p data-start=\"220\" data-end=\"330\">Taasko yksi tavallinen kauha, eik\u00f6? EI! Litter-Lifterin suunnittelema kauha ei ole tavallinen mill\u00e4\u00e4n tavalla!<\/p>\n<p data-start=\"332\" data-end=\"372\"><strong data-start=\"332\" data-end=\"372\">Mik\u00e4 tekee t\u00e4st\u00e4 kauhasta erityisen?<\/strong><\/p>\n<p data-start=\"374\" data-end=\"667\">Litter-Lifter\u00ae -kauhassa on rinnakkaiset kolmionmuotoiset piikit, jotka eiv\u00e4t ker\u00e4\u00e4 puhdasta hiekkaa. Perinteiset kauhat tukkeutuvat, kun niihin j\u00e4\u00e4 puhdasta hiekkaa, jota pit\u00e4\u00e4 ravistaa pois erottamaan j\u00e4t\u00f6kset puhtaasta hiekasta. Piikkien muoto helpottaa muodostuneiden paakkujen nostamista.<\/p>\n<p data-start=\"669\" data-end=\"729\"><strong data-start=\"669\" data-end=\"729\">Palkittu Litter-Lifter\u00ae tarjoaa sinulle (ja kissallesi):<\/strong><\/p>\n<ul data-start=\"731\" data-end=\"962\">\n<li data-start=\"731\" data-end=\"765\">\n<p data-start=\"733\" data-end=\"765\">Helpompi ja nopeampi puhdistus<\/p>\n<\/li>\n<li data-start=\"766\" data-end=\"784\">\n<p data-start=\"768\" data-end=\"784\">V\u00e4hemm\u00e4n p\u00f6ly\u00e4<\/p>\n<\/li>\n<li data-start=\"785\" data-end=\"841\">\n<p data-start=\"787\" data-end=\"841\">Ei tarvitse rajusti ravistaa kuten tavallista kauhaa<\/p>\n<\/li>\n<li data-start=\"842\" data-end=\"857\">\n<p data-start=\"844\" data-end=\"857\">Ei tukkeudu<\/p>\n<\/li>\n<li data-start=\"858\" data-end=\"899\">\n<p data-start=\"860\" data-end=\"899\">Heit\u00e4t pois v\u00e4hemm\u00e4n puhdasta hiekkaa<\/p>\n<\/li>\n<li data-start=\"900\" data-end=\"930\">\n<p data-start=\"902\" data-end=\"930\">Rannetta s\u00e4\u00e4st\u00e4v\u00e4 muotoilu<\/p>\n<\/li>\n<li data-start=\"931\" data-end=\"962\">\n<p data-start=\"933\" data-end=\"962\">Kest\u00e4v\u00e4 ja helppo puhdistaa<\/p>\n<\/li>\n<\/ul>\n<p data-start=\"964\" data-end=\"1004\">Tuotteen paino n. 115 g ja pituus 35 cm.<\/p>\n<p data-start=\"1006\" data-end=\"1071\">K\u00e4yt\u00e4tk\u00f6 bentoniittikissanhiekkaa? Litter-Lifter on siihen paras!<\/p>\n","protected":false},"featured_media":20742,"template":"","meta":[],"product_brand":[],"product_cat":[288],"product_tag":[],"class_list":{"0":"post-45134","1":"product","2":"type-product","3":"status-publish","4":"has-post-thumbnail","6":"product_cat-tarvikeet","8":"first","9":"outofstock","10":"taxable","11":"shipping-taxable","12":"purchasable","13":"product-type-simple"},"yoast_head":"<!-- This site is optimized with the Yoast SEO plugin v27.2 - https:\/\/yoast.com\/product\/yoast-seo-wordpress\/ -->\n<title>Kissan hiekkalaatikon kauha Litter-Lifter - MiuMjau<\/title>\n<meta name=\"robots\" content=\"index, follow, max-snippet:-1, max-image-preview:large, max-video-preview:-1\" \/>\n<link rel=\"canonical\" href=\"https:\/\/miumjau.ee\/fi\/tuote\/kissan-hiekkalaatikon-kauha-litter-lifter\/\" \/>\n<meta property=\"og:locale\" content=\"fi_FI\" \/>\n<meta property=\"og:type\" content=\"article\" \/>\n<meta property=\"og:title\" content=\"Kissan hiekkalaatikon kauha Litter-Lifter - MiuMjau\" \/>\n<meta property=\"og:description\" content=\"Kissan hiekkalaatikon kauha Magic Litter Scoop Litter-Lifter -br\u00e4ndilt\u00e4 (V\u00e4ri on sattumanvarainen) Taasko yksi tavallinen kauha, eik\u00f6? EI! Litter-Lifterin suunnittelema kauha ei ole tavallinen mill\u00e4\u00e4n tavalla! Mik\u00e4 tekee t\u00e4st\u00e4 kauhasta erityisen? Litter-Lifter\u00ae -kauhassa on rinnakkaiset kolmionmuotoiset piikit, jotka eiv\u00e4t ker\u00e4\u00e4 puhdasta hiekkaa. Perinteiset kauhat tukkeutuvat, kun niihin j\u00e4\u00e4 puhdasta hiekkaa, jota pit\u00e4\u00e4 ravistaa pois erottamaan j\u00e4t\u00f6kset puhtaasta hiekasta. Piikkien muoto helpottaa muodostuneiden paakkujen nostamista. Palkittu Litter-Lifter\u00ae tarjoaa sinulle (ja kissallesi):     Helpompi ja nopeampi puhdistus    V\u00e4hemm\u00e4n p\u00f6ly\u00e4    Ei tarvitse rajusti ravistaa kuten tavallista kauhaa    Ei tukkeudu    Heit\u00e4t pois v\u00e4hemm\u00e4n puhdasta hiekkaa    Rannetta s\u00e4\u00e4st\u00e4v\u00e4 muotoilu    Kest\u00e4v\u00e4 ja helppo puhdistaa   Tuotteen paino n. 115 g ja pituus 35 cm. K\u00e4yt\u00e4tk\u00f6 bentoniittikissanhiekkaa? Litter-Lifter on siihen paras!\" \/>\n<meta property=\"og:url\" content=\"https:\/\/miumjau.ee\/fi\/tuote\/kissan-hiekkalaatikon-kauha-litter-lifter\/\" \/>\n<meta property=\"og:site_name\" content=\"MiuMjau\" \/>\n<meta property=\"article:publisher\" content=\"https:\/\/www.facebook.com\/miumjaupood\/\" \/>\n<meta property=\"article:modified_time\" content=\"2026-01-07T20:47:24+00:00\" \/>\n<meta property=\"og:image\" content=\"https:\/\/miumjau.ee\/wp-content\/uploads\/2023\/11\/kassi-liivakasti-kuhvel.png\" \/>\n\t<meta property=\"og:image:width\" content=\"600\" \/>\n\t<meta property=\"og:image:height\" content=\"800\" \/>\n\t<meta property=\"og:image:type\" content=\"image\/png\" \/>\n<meta name=\"twitter:card\" content=\"summary_large_image\" \/>\n<script type=\"application\/ld+json\" class=\"yoast-schema-graph\">{\"@context\":\"https:\/\/schema.org\",\"@graph\":[{\"@type\":\"WebPage\",\"@id\":\"https:\/\/miumjau.ee\/fi\/tuote\/kissan-hiekkalaatikon-kauha-litter-lifter\/\",\"url\":\"https:\/\/miumjau.ee\/fi\/tuote\/kissan-hiekkalaatikon-kauha-litter-lifter\/\",\"name\":\"Kissan hiekkalaatikon kauha Litter-Lifter - MiuMjau\",\"isPartOf\":{\"@id\":\"https:\/\/miumjau.ee\/#website\"},\"primaryImageOfPage\":{\"@id\":\"https:\/\/miumjau.ee\/fi\/tuote\/kissan-hiekkalaatikon-kauha-litter-lifter\/#primaryimage\"},\"image\":{\"@id\":\"https:\/\/miumjau.ee\/fi\/tuote\/kissan-hiekkalaatikon-kauha-litter-lifter\/#primaryimage\"},\"thumbnailUrl\":\"https:\/\/miumjau.ee\/wp-content\/uploads\/2023\/11\/kassi-liivakasti-kuhvel.png\",\"datePublished\":\"2023-11-25T14:06:04+00:00\",\"dateModified\":\"2026-01-07T20:47:24+00:00\",\"breadcrumb\":{\"@id\":\"https:\/\/miumjau.ee\/fi\/tuote\/kissan-hiekkalaatikon-kauha-litter-lifter\/#breadcrumb\"},\"inLanguage\":\"fi\",\"potentialAction\":[{\"@type\":\"ReadAction\",\"target\":[\"https:\/\/miumjau.ee\/fi\/tuote\/kissan-hiekkalaatikon-kauha-litter-lifter\/\"]}]},{\"@type\":\"ImageObject\",\"inLanguage\":\"fi\",\"@id\":\"https:\/\/miumjau.ee\/fi\/tuote\/kissan-hiekkalaatikon-kauha-litter-lifter\/#primaryimage\",\"url\":\"https:\/\/miumjau.ee\/wp-content\/uploads\/2023\/11\/kassi-liivakasti-kuhvel.png\",\"contentUrl\":\"https:\/\/miumjau.ee\/wp-content\/uploads\/2023\/11\/kassi-liivakasti-kuhvel.png\",\"width\":600,\"height\":800},{\"@type\":\"BreadcrumbList\",\"@id\":\"https:\/\/miumjau.ee\/fi\/tuote\/kissan-hiekkalaatikon-kauha-litter-lifter\/#breadcrumb\",\"itemListElement\":[{\"@type\":\"ListItem\",\"position\":1,\"name\":\"Home\",\"item\":\"https:\/\/miumjau.ee\/fi\/\"},{\"@type\":\"ListItem\",\"position\":2,\"name\":\"Kauppa\",\"item\":\"https:\/\/miumjau.ee\/fi\/kauppa\/\"},{\"@type\":\"ListItem\",\"position\":3,\"name\":\"Kissan hiekkalaatikon kauha Litter-Lifter\"}]},{\"@type\":\"WebSite\",\"@id\":\"https:\/\/miumjau.ee\/#website\",\"url\":\"https:\/\/miumjau.ee\/\",\"name\":\"MiuMjau\",\"description\":\"Kraapimispuud kassidele\",\"publisher\":{\"@id\":\"https:\/\/miumjau.ee\/#organization\"},\"potentialAction\":[{\"@type\":\"SearchAction\",\"target\":{\"@type\":\"EntryPoint\",\"urlTemplate\":\"https:\/\/miumjau.ee\/?s={search_term_string}\"},\"query-input\":{\"@type\":\"PropertyValueSpecification\",\"valueRequired\":true,\"valueName\":\"search_term_string\"}}],\"inLanguage\":\"fi\"},{\"@type\":\"Organization\",\"@id\":\"https:\/\/miumjau.ee\/#organization\",\"name\":\"MiuMjau O\u00dc\",\"url\":\"https:\/\/miumjau.ee\/\",\"logo\":{\"@type\":\"ImageObject\",\"inLanguage\":\"fi\",\"@id\":\"https:\/\/miumjau.ee\/#\/schema\/logo\/image\/\",\"url\":\"https:\/\/miumjau.ee\/wp-content\/uploads\/2022\/04\/MiuMjau-logo-kollane.png\",\"contentUrl\":\"https:\/\/miumjau.ee\/wp-content\/uploads\/2022\/04\/MiuMjau-logo-kollane.png\",\"width\":219,\"height\":100,\"caption\":\"MiuMjau O\u00dc\"},\"image\":{\"@id\":\"https:\/\/miumjau.ee\/#\/schema\/logo\/image\/\"},\"sameAs\":[\"https:\/\/www.facebook.com\/miumjaupood\/\"]}]}<\/script>\n<!-- \/ Yoast SEO plugin. -->","yoast_head_json":{"title":"Kissan hiekkalaatikon kauha Litter-Lifter - MiuMjau","robots":{"index":"index","follow":"follow","max-snippet":"max-snippet:-1","max-image-preview":"max-image-preview:large","max-video-preview":"max-video-preview:-1"},"canonical":"https:\/\/miumjau.ee\/fi\/tuote\/kissan-hiekkalaatikon-kauha-litter-lifter\/","og_locale":"fi_FI","og_type":"article","og_title":"Kissan hiekkalaatikon kauha Litter-Lifter - MiuMjau","og_description":"Kissan hiekkalaatikon kauha Magic Litter Scoop Litter-Lifter -br\u00e4ndilt\u00e4 (V\u00e4ri on sattumanvarainen) Taasko yksi tavallinen kauha, eik\u00f6? EI! Litter-Lifterin suunnittelema kauha ei ole tavallinen mill\u00e4\u00e4n tavalla! Mik\u00e4 tekee t\u00e4st\u00e4 kauhasta erityisen? Litter-Lifter\u00ae -kauhassa on rinnakkaiset kolmionmuotoiset piikit, jotka eiv\u00e4t ker\u00e4\u00e4 puhdasta hiekkaa. Perinteiset kauhat tukkeutuvat, kun niihin j\u00e4\u00e4 puhdasta hiekkaa, jota pit\u00e4\u00e4 ravistaa pois erottamaan j\u00e4t\u00f6kset puhtaasta hiekasta. Piikkien muoto helpottaa muodostuneiden paakkujen nostamista. Palkittu Litter-Lifter\u00ae tarjoaa sinulle (ja kissallesi):     Helpompi ja nopeampi puhdistus    V\u00e4hemm\u00e4n p\u00f6ly\u00e4    Ei tarvitse rajusti ravistaa kuten tavallista kauhaa    Ei tukkeudu    Heit\u00e4t pois v\u00e4hemm\u00e4n puhdasta hiekkaa    Rannetta s\u00e4\u00e4st\u00e4v\u00e4 muotoilu    Kest\u00e4v\u00e4 ja helppo puhdistaa   Tuotteen paino n. 115 g ja pituus 35 cm. K\u00e4yt\u00e4tk\u00f6 bentoniittikissanhiekkaa? Litter-Lifter on siihen paras!","og_url":"https:\/\/miumjau.ee\/fi\/tuote\/kissan-hiekkalaatikon-kauha-litter-lifter\/","og_site_name":"MiuMjau","article_publisher":"https:\/\/www.facebook.com\/miumjaupood\/","article_modified_time":"2026-01-07T20:47:24+00:00","og_image":[{"width":600,"height":800,"url":"https:\/\/miumjau.ee\/wp-content\/uploads\/2023\/11\/kassi-liivakasti-kuhvel.png","type":"image\/png"}],"twitter_card":"summary_large_image","schema":{"@context":"https:\/\/schema.org","@graph":[{"@type":"WebPage","@id":"https:\/\/miumjau.ee\/fi\/tuote\/kissan-hiekkalaatikon-kauha-litter-lifter\/","url":"https:\/\/miumjau.ee\/fi\/tuote\/kissan-hiekkalaatikon-kauha-litter-lifter\/","name":"Kissan hiekkalaatikon kauha Litter-Lifter - MiuMjau","isPartOf":{"@id":"https:\/\/miumjau.ee\/#website"},"primaryImageOfPage":{"@id":"https:\/\/miumjau.ee\/fi\/tuote\/kissan-hiekkalaatikon-kauha-litter-lifter\/#primaryimage"},"image":{"@id":"https:\/\/miumjau.ee\/fi\/tuote\/kissan-hiekkalaatikon-kauha-litter-lifter\/#primaryimage"},"thumbnailUrl":"https:\/\/miumjau.ee\/wp-content\/uploads\/2023\/11\/kassi-liivakasti-kuhvel.png","datePublished":"2023-11-25T14:06:04+00:00","dateModified":"2026-01-07T20:47:24+00:00","breadcrumb":{"@id":"https:\/\/miumjau.ee\/fi\/tuote\/kissan-hiekkalaatikon-kauha-litter-lifter\/#breadcrumb"},"inLanguage":"fi","potentialAction":[{"@type":"ReadAction","target":["https:\/\/miumjau.ee\/fi\/tuote\/kissan-hiekkalaatikon-kauha-litter-lifter\/"]}]},{"@type":"ImageObject","inLanguage":"fi","@id":"https:\/\/miumjau.ee\/fi\/tuote\/kissan-hiekkalaatikon-kauha-litter-lifter\/#primaryimage","url":"https:\/\/miumjau.ee\/wp-content\/uploads\/2023\/11\/kassi-liivakasti-kuhvel.png","contentUrl":"https:\/\/miumjau.ee\/wp-content\/uploads\/2023\/11\/kassi-liivakasti-kuhvel.png","width":600,"height":800},{"@type":"BreadcrumbList","@id":"https:\/\/miumjau.ee\/fi\/tuote\/kissan-hiekkalaatikon-kauha-litter-lifter\/#breadcrumb","itemListElement":[{"@type":"ListItem","position":1,"name":"Home","item":"https:\/\/miumjau.ee\/fi\/"},{"@type":"ListItem","position":2,"name":"Kauppa","item":"https:\/\/miumjau.ee\/fi\/kauppa\/"},{"@type":"ListItem","position":3,"name":"Kissan hiekkalaatikon kauha Litter-Lifter"}]},{"@type":"WebSite","@id":"https:\/\/miumjau.ee\/#website","url":"https:\/\/miumjau.ee\/","name":"MiuMjau","description":"Kraapimispuud kassidele","publisher":{"@id":"https:\/\/miumjau.ee\/#organization"},"potentialAction":[{"@type":"SearchAction","target":{"@type":"EntryPoint","urlTemplate":"https:\/\/miumjau.ee\/?s={search_term_string}"},"query-input":{"@type":"PropertyValueSpecification","valueRequired":true,"valueName":"search_term_string"}}],"inLanguage":"fi"},{"@type":"Organization","@id":"https:\/\/miumjau.ee\/#organization","name":"MiuMjau O\u00dc","url":"https:\/\/miumjau.ee\/","logo":{"@type":"ImageObject","inLanguage":"fi","@id":"https:\/\/miumjau.ee\/#\/schema\/logo\/image\/","url":"https:\/\/miumjau.ee\/wp-content\/uploads\/2022\/04\/MiuMjau-logo-kollane.png","contentUrl":"https:\/\/miumjau.ee\/wp-content\/uploads\/2022\/04\/MiuMjau-logo-kollane.png","width":219,"height":100,"caption":"MiuMjau O\u00dc"},"image":{"@id":"https:\/\/miumjau.ee\/#\/schema\/logo\/image\/"},"sameAs":["https:\/\/www.facebook.com\/miumjaupood\/"]}]}},"_links":{"self":[{"href":"https:\/\/miumjau.ee\/fi\/wp-json\/wp\/v2\/product\/45134","targetHints":{"allow":["GET"]}}],"collection":[{"href":"https:\/\/miumjau.ee\/fi\/wp-json\/wp\/v2\/product"}],"about":[{"href":"https:\/\/miumjau.ee\/fi\/wp-json\/wp\/v2\/types\/product"}],"wp:featuredmedia":[{"embeddable":true,"href":"https:\/\/miumjau.ee\/fi\/wp-json\/wp\/v2\/media\/20742"}],"wp:attachment":[{"href":"https:\/\/miumjau.ee\/fi\/wp-json\/wp\/v2\/media?parent=45134"}],"wp:term":[{"taxonomy":"product_brand","embeddable":true,"href":"https:\/\/miumjau.ee\/fi\/wp-json\/wp\/v2\/product_brand?post=45134"},{"taxonomy":"product_cat","embeddable":true,"href":"https:\/\/miumjau.ee\/fi\/wp-json\/wp\/v2\/product_cat?post=45134"},{"taxonomy":"product_tag","embeddable":true,"href":"https:\/\/miumjau.ee\/fi\/wp-json\/wp\/v2\/product_tag?post=45134"}],"curies":[{"name":"wp","href":"https:\/\/api.w.org\/{rel}","templated":true}]}}