{"id":45125,"date":"2025-06-29T14:40:57","date_gmt":"2025-06-29T11:40:57","guid":{"rendered":"https:\/\/miumjau.ee\/toode\/kissanhiekka-bentoniitti-northland-baby-powder-10l\/"},"modified":"2026-01-07T22:47:24","modified_gmt":"2026-01-07T20:47:24","slug":"kissanhiekka-bentoniitti-northland-baby-powder-10l","status":"publish","type":"product","link":"https:\/\/miumjau.ee\/fi\/tuote\/kissanhiekka-bentoniitti-northland-baby-powder-10l\/","title":{"rendered":"Kissanhiekka bentoniitti Northland Baby Powder 10L"},"content":{"rendered":"","protected":false},"excerpt":{"rendered":"<p data-start=\"1273\" data-end=\"1598\">Northland Baby Powder -bentoniittikissanhiekka vauvantalkin tuoksulla on korkealaatuinen, luonnollisesta bentoniittisavesta valmistettu kissanhiekka. Se on suunniteltu kissoille, jotka arvostavat puhtautta ja mukavuutta, sill\u00e4 sill\u00e4 on erinomainen kyky ime\u00e4 kosteutta ja hajuja sek\u00e4 s\u00e4ilytt\u00e4\u00e4 miellytt\u00e4v\u00e4 vauvantalkin tuoksu.<\/p>\n<p data-start=\"1600\" data-end=\"1630\"><strong data-start=\"1600\" data-end=\"1628\">T\u00e4rkeimm\u00e4t ominaisuudet:<\/strong><\/p>\n<ul data-start=\"1631\" data-end=\"2127\">\n<li data-start=\"1631\" data-end=\"1751\">\n<p data-start=\"1633\" data-end=\"1751\"><strong data-start=\"1633\" data-end=\"1659\">Eritt\u00e4in hyv\u00e4 imukyky:<\/strong> Bentoniittisavi imee tehokkaasti kosteutta ja nesteit\u00e4 pit\u00e4en hiekan kuivana ja puhtaana.<\/p>\n<\/li>\n<li data-start=\"1752\" data-end=\"1880\">\n<p data-start=\"1754\" data-end=\"1880\"><strong data-start=\"1754\" data-end=\"1778\">Vauvantalkin tuoksu:<\/strong> Miellytt\u00e4v\u00e4 tuoksu, joka neutraloi ep\u00e4miellytt\u00e4vi\u00e4 hajuja ja tuo kotiin raikkaan ja puhtaan aromin.<\/p>\n<\/li>\n<li data-start=\"1881\" data-end=\"1962\">\n<p data-start=\"1883\" data-end=\"1962\"><strong data-start=\"1883\" data-end=\"1909\">Turvallinen kissoille:<\/strong> Tuote ei \u00e4rsyt\u00e4 kissan tassuja eik\u00e4 hengitysteit\u00e4.<\/p>\n<\/li>\n<li data-start=\"1963\" data-end=\"2051\">\n<p data-start=\"1965\" data-end=\"2051\"><strong data-start=\"1965\" data-end=\"1986\">Helppo puhdistaa:<\/strong> Bentoniittihiekka paakkuuntuu, mik\u00e4 helpottaa sen poistamista.<\/p>\n<\/li>\n<li data-start=\"2052\" data-end=\"2094\">\n<p data-start=\"2054\" data-end=\"2094\">Sopii useisiin kissanhiekka-astioihin.<\/p>\n<\/li>\n<li data-start=\"2095\" data-end=\"2127\">\n<p data-start=\"2097\" data-end=\"2127\"><strong data-start=\"2097\" data-end=\"2125\">Ei saa huuhdella WC:hen.<\/strong><\/p>\n<\/li>\n<\/ul>\n<p data-start=\"2129\" data-end=\"2290\">T\u00e4m\u00e4 kissanhiekka tarjoaa mukavuutta ja puhtautta sek\u00e4 kissoille ett\u00e4 niiden omistajille, ja sen miellytt\u00e4v\u00e4 vauvantalkin tuoksu takaa pitk\u00e4kestoisen raikkauden.<\/p>\n","protected":false},"featured_media":33827,"template":"","meta":[],"product_brand":[],"product_cat":[286],"product_tag":[],"class_list":{"0":"post-45125","1":"product","2":"type-product","3":"status-publish","4":"has-post-thumbnail","6":"product_cat-kissanhiekka-fi","8":"first","9":"instock","10":"taxable","11":"shipping-taxable","12":"purchasable","13":"product-type-simple"},"yoast_head":"<!-- This site is optimized with the Yoast SEO plugin v27.2 - https:\/\/yoast.com\/product\/yoast-seo-wordpress\/ -->\n<title>Kissanhiekka bentoniitti Northland Baby Powder 10L - MiuMjau<\/title>\n<meta name=\"robots\" content=\"index, follow, max-snippet:-1, max-image-preview:large, max-video-preview:-1\" \/>\n<link rel=\"canonical\" href=\"https:\/\/miumjau.ee\/fi\/tuote\/kissanhiekka-bentoniitti-northland-baby-powder-10l\/\" \/>\n<meta property=\"og:locale\" content=\"fi_FI\" \/>\n<meta property=\"og:type\" content=\"article\" \/>\n<meta property=\"og:title\" content=\"Kissanhiekka bentoniitti Northland Baby Powder 10L - MiuMjau\" \/>\n<meta property=\"og:description\" content=\"Northland Baby Powder -bentoniittikissanhiekka vauvantalkin tuoksulla on korkealaatuinen, luonnollisesta bentoniittisavesta valmistettu kissanhiekka. Se on suunniteltu kissoille, jotka arvostavat puhtautta ja mukavuutta, sill\u00e4 sill\u00e4 on erinomainen kyky ime\u00e4 kosteutta ja hajuja sek\u00e4 s\u00e4ilytt\u00e4\u00e4 miellytt\u00e4v\u00e4 vauvantalkin tuoksu. T\u00e4rkeimm\u00e4t ominaisuudet:     Eritt\u00e4in hyv\u00e4 imukyky: Bentoniittisavi imee tehokkaasti kosteutta ja nesteit\u00e4 pit\u00e4en hiekan kuivana ja puhtaana.    Vauvantalkin tuoksu: Miellytt\u00e4v\u00e4 tuoksu, joka neutraloi ep\u00e4miellytt\u00e4vi\u00e4 hajuja ja tuo kotiin raikkaan ja puhtaan aromin.    Turvallinen kissoille: Tuote ei \u00e4rsyt\u00e4 kissan tassuja eik\u00e4 hengitysteit\u00e4.    Helppo puhdistaa: Bentoniittihiekka paakkuuntuu, mik\u00e4 helpottaa sen poistamista.    Sopii useisiin kissanhiekka-astioihin.    Ei saa huuhdella WC:hen.   T\u00e4m\u00e4 kissanhiekka tarjoaa mukavuutta ja puhtautta sek\u00e4 kissoille ett\u00e4 niiden omistajille, ja sen miellytt\u00e4v\u00e4 vauvantalkin tuoksu takaa pitk\u00e4kestoisen raikkauden.\" \/>\n<meta property=\"og:url\" content=\"https:\/\/miumjau.ee\/fi\/tuote\/kissanhiekka-bentoniitti-northland-baby-powder-10l\/\" \/>\n<meta property=\"og:site_name\" content=\"MiuMjau\" \/>\n<meta property=\"article:publisher\" content=\"https:\/\/www.facebook.com\/miumjaupood\/\" \/>\n<meta property=\"article:modified_time\" content=\"2026-01-07T20:47:24+00:00\" \/>\n<meta property=\"og:image\" content=\"https:\/\/miumjau.ee\/wp-content\/uploads\/2025\/05\/Nothland-baby-powder-Photoroom.jpg\" \/>\n\t<meta property=\"og:image:width\" content=\"600\" \/>\n\t<meta property=\"og:image:height\" content=\"800\" \/>\n\t<meta property=\"og:image:type\" content=\"image\/jpeg\" \/>\n<meta name=\"twitter:card\" content=\"summary_large_image\" \/>\n<script type=\"application\/ld+json\" class=\"yoast-schema-graph\">{\"@context\":\"https:\/\/schema.org\",\"@graph\":[{\"@type\":\"WebPage\",\"@id\":\"https:\/\/miumjau.ee\/fi\/tuote\/kissanhiekka-bentoniitti-northland-baby-powder-10l\/\",\"url\":\"https:\/\/miumjau.ee\/fi\/tuote\/kissanhiekka-bentoniitti-northland-baby-powder-10l\/\",\"name\":\"Kissanhiekka bentoniitti Northland Baby Powder 10L - MiuMjau\",\"isPartOf\":{\"@id\":\"https:\/\/miumjau.ee\/#website\"},\"primaryImageOfPage\":{\"@id\":\"https:\/\/miumjau.ee\/fi\/tuote\/kissanhiekka-bentoniitti-northland-baby-powder-10l\/#primaryimage\"},\"image\":{\"@id\":\"https:\/\/miumjau.ee\/fi\/tuote\/kissanhiekka-bentoniitti-northland-baby-powder-10l\/#primaryimage\"},\"thumbnailUrl\":\"https:\/\/miumjau.ee\/wp-content\/uploads\/2025\/05\/Nothland-baby-powder-Photoroom.jpg\",\"datePublished\":\"2025-06-29T11:40:57+00:00\",\"dateModified\":\"2026-01-07T20:47:24+00:00\",\"breadcrumb\":{\"@id\":\"https:\/\/miumjau.ee\/fi\/tuote\/kissanhiekka-bentoniitti-northland-baby-powder-10l\/#breadcrumb\"},\"inLanguage\":\"fi\",\"potentialAction\":[{\"@type\":\"ReadAction\",\"target\":[\"https:\/\/miumjau.ee\/fi\/tuote\/kissanhiekka-bentoniitti-northland-baby-powder-10l\/\"]}]},{\"@type\":\"ImageObject\",\"inLanguage\":\"fi\",\"@id\":\"https:\/\/miumjau.ee\/fi\/tuote\/kissanhiekka-bentoniitti-northland-baby-powder-10l\/#primaryimage\",\"url\":\"https:\/\/miumjau.ee\/wp-content\/uploads\/2025\/05\/Nothland-baby-powder-Photoroom.jpg\",\"contentUrl\":\"https:\/\/miumjau.ee\/wp-content\/uploads\/2025\/05\/Nothland-baby-powder-Photoroom.jpg\",\"width\":600,\"height\":800,\"caption\":\"Northland bentoniit kassiliiv\"},{\"@type\":\"BreadcrumbList\",\"@id\":\"https:\/\/miumjau.ee\/fi\/tuote\/kissanhiekka-bentoniitti-northland-baby-powder-10l\/#breadcrumb\",\"itemListElement\":[{\"@type\":\"ListItem\",\"position\":1,\"name\":\"Home\",\"item\":\"https:\/\/miumjau.ee\/fi\/\"},{\"@type\":\"ListItem\",\"position\":2,\"name\":\"Kauppa\",\"item\":\"https:\/\/miumjau.ee\/fi\/kauppa\/\"},{\"@type\":\"ListItem\",\"position\":3,\"name\":\"Kissanhiekka bentoniitti Northland Baby Powder 10L\"}]},{\"@type\":\"WebSite\",\"@id\":\"https:\/\/miumjau.ee\/#website\",\"url\":\"https:\/\/miumjau.ee\/\",\"name\":\"MiuMjau\",\"description\":\"Kraapimispuud kassidele\",\"publisher\":{\"@id\":\"https:\/\/miumjau.ee\/#organization\"},\"potentialAction\":[{\"@type\":\"SearchAction\",\"target\":{\"@type\":\"EntryPoint\",\"urlTemplate\":\"https:\/\/miumjau.ee\/?s={search_term_string}\"},\"query-input\":{\"@type\":\"PropertyValueSpecification\",\"valueRequired\":true,\"valueName\":\"search_term_string\"}}],\"inLanguage\":\"fi\"},{\"@type\":\"Organization\",\"@id\":\"https:\/\/miumjau.ee\/#organization\",\"name\":\"MiuMjau O\u00dc\",\"url\":\"https:\/\/miumjau.ee\/\",\"logo\":{\"@type\":\"ImageObject\",\"inLanguage\":\"fi\",\"@id\":\"https:\/\/miumjau.ee\/#\/schema\/logo\/image\/\",\"url\":\"https:\/\/miumjau.ee\/wp-content\/uploads\/2022\/04\/MiuMjau-logo-kollane.png\",\"contentUrl\":\"https:\/\/miumjau.ee\/wp-content\/uploads\/2022\/04\/MiuMjau-logo-kollane.png\",\"width\":219,\"height\":100,\"caption\":\"MiuMjau O\u00dc\"},\"image\":{\"@id\":\"https:\/\/miumjau.ee\/#\/schema\/logo\/image\/\"},\"sameAs\":[\"https:\/\/www.facebook.com\/miumjaupood\/\"]}]}<\/script>\n<!-- \/ Yoast SEO plugin. -->","yoast_head_json":{"title":"Kissanhiekka bentoniitti Northland Baby Powder 10L - MiuMjau","robots":{"index":"index","follow":"follow","max-snippet":"max-snippet:-1","max-image-preview":"max-image-preview:large","max-video-preview":"max-video-preview:-1"},"canonical":"https:\/\/miumjau.ee\/fi\/tuote\/kissanhiekka-bentoniitti-northland-baby-powder-10l\/","og_locale":"fi_FI","og_type":"article","og_title":"Kissanhiekka bentoniitti Northland Baby Powder 10L - MiuMjau","og_description":"Northland Baby Powder -bentoniittikissanhiekka vauvantalkin tuoksulla on korkealaatuinen, luonnollisesta bentoniittisavesta valmistettu kissanhiekka. Se on suunniteltu kissoille, jotka arvostavat puhtautta ja mukavuutta, sill\u00e4 sill\u00e4 on erinomainen kyky ime\u00e4 kosteutta ja hajuja sek\u00e4 s\u00e4ilytt\u00e4\u00e4 miellytt\u00e4v\u00e4 vauvantalkin tuoksu. T\u00e4rkeimm\u00e4t ominaisuudet:     Eritt\u00e4in hyv\u00e4 imukyky: Bentoniittisavi imee tehokkaasti kosteutta ja nesteit\u00e4 pit\u00e4en hiekan kuivana ja puhtaana.    Vauvantalkin tuoksu: Miellytt\u00e4v\u00e4 tuoksu, joka neutraloi ep\u00e4miellytt\u00e4vi\u00e4 hajuja ja tuo kotiin raikkaan ja puhtaan aromin.    Turvallinen kissoille: Tuote ei \u00e4rsyt\u00e4 kissan tassuja eik\u00e4 hengitysteit\u00e4.    Helppo puhdistaa: Bentoniittihiekka paakkuuntuu, mik\u00e4 helpottaa sen poistamista.    Sopii useisiin kissanhiekka-astioihin.    Ei saa huuhdella WC:hen.   T\u00e4m\u00e4 kissanhiekka tarjoaa mukavuutta ja puhtautta sek\u00e4 kissoille ett\u00e4 niiden omistajille, ja sen miellytt\u00e4v\u00e4 vauvantalkin tuoksu takaa pitk\u00e4kestoisen raikkauden.","og_url":"https:\/\/miumjau.ee\/fi\/tuote\/kissanhiekka-bentoniitti-northland-baby-powder-10l\/","og_site_name":"MiuMjau","article_publisher":"https:\/\/www.facebook.com\/miumjaupood\/","article_modified_time":"2026-01-07T20:47:24+00:00","og_image":[{"width":600,"height":800,"url":"https:\/\/miumjau.ee\/wp-content\/uploads\/2025\/05\/Nothland-baby-powder-Photoroom.jpg","type":"image\/jpeg"}],"twitter_card":"summary_large_image","schema":{"@context":"https:\/\/schema.org","@graph":[{"@type":"WebPage","@id":"https:\/\/miumjau.ee\/fi\/tuote\/kissanhiekka-bentoniitti-northland-baby-powder-10l\/","url":"https:\/\/miumjau.ee\/fi\/tuote\/kissanhiekka-bentoniitti-northland-baby-powder-10l\/","name":"Kissanhiekka bentoniitti Northland Baby Powder 10L - MiuMjau","isPartOf":{"@id":"https:\/\/miumjau.ee\/#website"},"primaryImageOfPage":{"@id":"https:\/\/miumjau.ee\/fi\/tuote\/kissanhiekka-bentoniitti-northland-baby-powder-10l\/#primaryimage"},"image":{"@id":"https:\/\/miumjau.ee\/fi\/tuote\/kissanhiekka-bentoniitti-northland-baby-powder-10l\/#primaryimage"},"thumbnailUrl":"https:\/\/miumjau.ee\/wp-content\/uploads\/2025\/05\/Nothland-baby-powder-Photoroom.jpg","datePublished":"2025-06-29T11:40:57+00:00","dateModified":"2026-01-07T20:47:24+00:00","breadcrumb":{"@id":"https:\/\/miumjau.ee\/fi\/tuote\/kissanhiekka-bentoniitti-northland-baby-powder-10l\/#breadcrumb"},"inLanguage":"fi","potentialAction":[{"@type":"ReadAction","target":["https:\/\/miumjau.ee\/fi\/tuote\/kissanhiekka-bentoniitti-northland-baby-powder-10l\/"]}]},{"@type":"ImageObject","inLanguage":"fi","@id":"https:\/\/miumjau.ee\/fi\/tuote\/kissanhiekka-bentoniitti-northland-baby-powder-10l\/#primaryimage","url":"https:\/\/miumjau.ee\/wp-content\/uploads\/2025\/05\/Nothland-baby-powder-Photoroom.jpg","contentUrl":"https:\/\/miumjau.ee\/wp-content\/uploads\/2025\/05\/Nothland-baby-powder-Photoroom.jpg","width":600,"height":800,"caption":"Northland bentoniit kassiliiv"},{"@type":"BreadcrumbList","@id":"https:\/\/miumjau.ee\/fi\/tuote\/kissanhiekka-bentoniitti-northland-baby-powder-10l\/#breadcrumb","itemListElement":[{"@type":"ListItem","position":1,"name":"Home","item":"https:\/\/miumjau.ee\/fi\/"},{"@type":"ListItem","position":2,"name":"Kauppa","item":"https:\/\/miumjau.ee\/fi\/kauppa\/"},{"@type":"ListItem","position":3,"name":"Kissanhiekka bentoniitti Northland Baby Powder 10L"}]},{"@type":"WebSite","@id":"https:\/\/miumjau.ee\/#website","url":"https:\/\/miumjau.ee\/","name":"MiuMjau","description":"Kraapimispuud kassidele","publisher":{"@id":"https:\/\/miumjau.ee\/#organization"},"potentialAction":[{"@type":"SearchAction","target":{"@type":"EntryPoint","urlTemplate":"https:\/\/miumjau.ee\/?s={search_term_string}"},"query-input":{"@type":"PropertyValueSpecification","valueRequired":true,"valueName":"search_term_string"}}],"inLanguage":"fi"},{"@type":"Organization","@id":"https:\/\/miumjau.ee\/#organization","name":"MiuMjau O\u00dc","url":"https:\/\/miumjau.ee\/","logo":{"@type":"ImageObject","inLanguage":"fi","@id":"https:\/\/miumjau.ee\/#\/schema\/logo\/image\/","url":"https:\/\/miumjau.ee\/wp-content\/uploads\/2022\/04\/MiuMjau-logo-kollane.png","contentUrl":"https:\/\/miumjau.ee\/wp-content\/uploads\/2022\/04\/MiuMjau-logo-kollane.png","width":219,"height":100,"caption":"MiuMjau O\u00dc"},"image":{"@id":"https:\/\/miumjau.ee\/#\/schema\/logo\/image\/"},"sameAs":["https:\/\/www.facebook.com\/miumjaupood\/"]}]}},"_links":{"self":[{"href":"https:\/\/miumjau.ee\/fi\/wp-json\/wp\/v2\/product\/45125","targetHints":{"allow":["GET"]}}],"collection":[{"href":"https:\/\/miumjau.ee\/fi\/wp-json\/wp\/v2\/product"}],"about":[{"href":"https:\/\/miumjau.ee\/fi\/wp-json\/wp\/v2\/types\/product"}],"wp:featuredmedia":[{"embeddable":true,"href":"https:\/\/miumjau.ee\/fi\/wp-json\/wp\/v2\/media\/33827"}],"wp:attachment":[{"href":"https:\/\/miumjau.ee\/fi\/wp-json\/wp\/v2\/media?parent=45125"}],"wp:term":[{"taxonomy":"product_brand","embeddable":true,"href":"https:\/\/miumjau.ee\/fi\/wp-json\/wp\/v2\/product_brand?post=45125"},{"taxonomy":"product_cat","embeddable":true,"href":"https:\/\/miumjau.ee\/fi\/wp-json\/wp\/v2\/product_cat?post=45125"},{"taxonomy":"product_tag","embeddable":true,"href":"https:\/\/miumjau.ee\/fi\/wp-json\/wp\/v2\/product_tag?post=45125"}],"curies":[{"name":"wp","href":"https:\/\/api.w.org\/{rel}","templated":true}]}}