{"id":45106,"date":"2025-06-29T14:49:32","date_gmt":"2025-06-29T11:49:32","guid":{"rendered":"https:\/\/miumjau.ee\/toode\/kissanhiekka-bentoniitti-northland-hajusteeton-10l\/"},"modified":"2026-01-07T22:47:31","modified_gmt":"2026-01-07T20:47:31","slug":"kissanhiekka-bentoniitti-northland-hajusteeton-10l","status":"publish","type":"product","link":"https:\/\/miumjau.ee\/fi\/tuote\/kissanhiekka-bentoniitti-northland-hajusteeton-10l\/","title":{"rendered":"Kissanhiekka bentoniitti Northland, hajusteeton 10L"},"content":{"rendered":"","protected":false},"excerpt":{"rendered":"<p data-start=\"1126\" data-end=\"1511\">Northlandin bentoniittikissanhiekka on korkealaatuinen hiekka, joka on valmistettu luonnollisesta bentoniittisavesta. Se on tarkoitettu kissoille, jotka arvostavat puhtautta ja mukavuutta, sill\u00e4 hiekalla on erinomainen kyky ime\u00e4 kosteutta ja hajuja s\u00e4ilytt\u00e4en samalla luonnollisen tuoksun. Sopii erinomaisesti herkille kissoille ja omistajille, jotka eiv\u00e4t sied\u00e4 hajustettuja hiekkoja.<\/p>\n<p data-start=\"1513\" data-end=\"1543\"><strong data-start=\"1513\" data-end=\"1541\">T\u00e4rkeimm\u00e4t ominaisuudet:<\/strong><\/p>\n<ul data-start=\"1544\" data-end=\"1963\">\n<li data-start=\"1544\" data-end=\"1672\">\n<p data-start=\"1546\" data-end=\"1672\"><strong data-start=\"1546\" data-end=\"1572\">Eritt\u00e4in hyv\u00e4 imukyky:<\/strong> Bentoniittisavi imee tehokkaasti kosteutta ja nesteit\u00e4, pit\u00e4en hiekan pinnan kuivana ja puhtaana.<\/p>\n<\/li>\n<li data-start=\"1673\" data-end=\"1700\">\n<p data-start=\"1675\" data-end=\"1700\"><strong data-start=\"1675\" data-end=\"1698\">Luonnollinen tuoksu<\/strong><\/p>\n<\/li>\n<li data-start=\"1701\" data-end=\"1798\">\n<p data-start=\"1703\" data-end=\"1798\"><strong data-start=\"1703\" data-end=\"1729\">Turvallinen kissoille:<\/strong> Tuote on turvallinen eik\u00e4 \u00e4rsyt\u00e4 kissan tassuja tai hengitysteit\u00e4.<\/p>\n<\/li>\n<li data-start=\"1799\" data-end=\"1887\">\n<p data-start=\"1801\" data-end=\"1887\"><strong data-start=\"1801\" data-end=\"1822\">Helppo puhdistaa:<\/strong> Bentoniittihiekka paakkuuntuu, mik\u00e4 helpottaa sen poistamista.<\/p>\n<\/li>\n<li data-start=\"1888\" data-end=\"1932\">\n<p data-start=\"1890\" data-end=\"1932\">Sopii erilaisiin kissanhiekka-astioihin.<\/p>\n<\/li>\n<li data-start=\"1933\" data-end=\"1963\">\n<p data-start=\"1935\" data-end=\"1963\"><strong data-start=\"1935\" data-end=\"1961\">Ei saa huuhtoa WC:hen.<\/strong><\/p>\n<\/li>\n<\/ul>\n<p data-start=\"1965\" data-end=\"2092\">T\u00e4m\u00e4 kissanhiekka tarjoaa mukavuutta ja puhtautta sek\u00e4 kissoille ett\u00e4 heid\u00e4n omistajilleen. Pit\u00e4\u00e4 ilman raikkaampana pidemp\u00e4\u00e4n.<\/p>\n","protected":false},"featured_media":37240,"template":"","meta":[],"product_brand":[],"product_cat":[286],"product_tag":[],"class_list":{"0":"post-45106","1":"product","2":"type-product","3":"status-publish","4":"has-post-thumbnail","6":"product_cat-kissanhiekka-fi","8":"first","9":"instock","10":"taxable","11":"shipping-taxable","12":"purchasable","13":"product-type-simple"},"yoast_head":"<!-- This site is optimized with the Yoast SEO plugin v27.2 - https:\/\/yoast.com\/product\/yoast-seo-wordpress\/ -->\n<title>Kissanhiekka bentoniitti Northland, hajusteeton 10L - MiuMjau<\/title>\n<meta name=\"robots\" content=\"index, follow, max-snippet:-1, max-image-preview:large, max-video-preview:-1\" \/>\n<link rel=\"canonical\" href=\"https:\/\/miumjau.ee\/fi\/tuote\/kissanhiekka-bentoniitti-northland-hajusteeton-10l\/\" \/>\n<meta property=\"og:locale\" content=\"fi_FI\" \/>\n<meta property=\"og:type\" content=\"article\" \/>\n<meta property=\"og:title\" content=\"Kissanhiekka bentoniitti Northland, hajusteeton 10L - MiuMjau\" \/>\n<meta property=\"og:description\" content=\"Northlandin bentoniittikissanhiekka on korkealaatuinen hiekka, joka on valmistettu luonnollisesta bentoniittisavesta. Se on tarkoitettu kissoille, jotka arvostavat puhtautta ja mukavuutta, sill\u00e4 hiekalla on erinomainen kyky ime\u00e4 kosteutta ja hajuja s\u00e4ilytt\u00e4en samalla luonnollisen tuoksun. Sopii erinomaisesti herkille kissoille ja omistajille, jotka eiv\u00e4t sied\u00e4 hajustettuja hiekkoja. T\u00e4rkeimm\u00e4t ominaisuudet:     Eritt\u00e4in hyv\u00e4 imukyky: Bentoniittisavi imee tehokkaasti kosteutta ja nesteit\u00e4, pit\u00e4en hiekan pinnan kuivana ja puhtaana.    Luonnollinen tuoksu    Turvallinen kissoille: Tuote on turvallinen eik\u00e4 \u00e4rsyt\u00e4 kissan tassuja tai hengitysteit\u00e4.    Helppo puhdistaa: Bentoniittihiekka paakkuuntuu, mik\u00e4 helpottaa sen poistamista.    Sopii erilaisiin kissanhiekka-astioihin.    Ei saa huuhtoa WC:hen.   T\u00e4m\u00e4 kissanhiekka tarjoaa mukavuutta ja puhtautta sek\u00e4 kissoille ett\u00e4 heid\u00e4n omistajilleen. Pit\u00e4\u00e4 ilman raikkaampana pidemp\u00e4\u00e4n.\" \/>\n<meta property=\"og:url\" content=\"https:\/\/miumjau.ee\/fi\/tuote\/kissanhiekka-bentoniitti-northland-hajusteeton-10l\/\" \/>\n<meta property=\"og:site_name\" content=\"MiuMjau\" \/>\n<meta property=\"article:publisher\" content=\"https:\/\/www.facebook.com\/miumjaupood\/\" \/>\n<meta property=\"article:modified_time\" content=\"2026-01-07T20:47:31+00:00\" \/>\n<meta property=\"og:image\" content=\"https:\/\/miumjau.ee\/wp-content\/uploads\/2025\/06\/northland-bentoniit-kassiliiv1.jpg\" \/>\n\t<meta property=\"og:image:width\" content=\"600\" \/>\n\t<meta property=\"og:image:height\" content=\"800\" \/>\n\t<meta property=\"og:image:type\" content=\"image\/jpeg\" \/>\n<meta name=\"twitter:card\" content=\"summary_large_image\" \/>\n<script type=\"application\/ld+json\" class=\"yoast-schema-graph\">{\"@context\":\"https:\/\/schema.org\",\"@graph\":[{\"@type\":\"WebPage\",\"@id\":\"https:\/\/miumjau.ee\/fi\/tuote\/kissanhiekka-bentoniitti-northland-hajusteeton-10l\/\",\"url\":\"https:\/\/miumjau.ee\/fi\/tuote\/kissanhiekka-bentoniitti-northland-hajusteeton-10l\/\",\"name\":\"Kissanhiekka bentoniitti Northland, hajusteeton 10L - MiuMjau\",\"isPartOf\":{\"@id\":\"https:\/\/miumjau.ee\/#website\"},\"primaryImageOfPage\":{\"@id\":\"https:\/\/miumjau.ee\/fi\/tuote\/kissanhiekka-bentoniitti-northland-hajusteeton-10l\/#primaryimage\"},\"image\":{\"@id\":\"https:\/\/miumjau.ee\/fi\/tuote\/kissanhiekka-bentoniitti-northland-hajusteeton-10l\/#primaryimage\"},\"thumbnailUrl\":\"https:\/\/miumjau.ee\/wp-content\/uploads\/2025\/06\/northland-bentoniit-kassiliiv1.jpg\",\"datePublished\":\"2025-06-29T11:49:32+00:00\",\"dateModified\":\"2026-01-07T20:47:31+00:00\",\"breadcrumb\":{\"@id\":\"https:\/\/miumjau.ee\/fi\/tuote\/kissanhiekka-bentoniitti-northland-hajusteeton-10l\/#breadcrumb\"},\"inLanguage\":\"fi\",\"potentialAction\":[{\"@type\":\"ReadAction\",\"target\":[\"https:\/\/miumjau.ee\/fi\/tuote\/kissanhiekka-bentoniitti-northland-hajusteeton-10l\/\"]}]},{\"@type\":\"ImageObject\",\"inLanguage\":\"fi\",\"@id\":\"https:\/\/miumjau.ee\/fi\/tuote\/kissanhiekka-bentoniitti-northland-hajusteeton-10l\/#primaryimage\",\"url\":\"https:\/\/miumjau.ee\/wp-content\/uploads\/2025\/06\/northland-bentoniit-kassiliiv1.jpg\",\"contentUrl\":\"https:\/\/miumjau.ee\/wp-content\/uploads\/2025\/06\/northland-bentoniit-kassiliiv1.jpg\",\"width\":600,\"height\":800,\"caption\":\"Kassiliiv bentoniit Northland, l\u00f5hnatu 10L\"},{\"@type\":\"BreadcrumbList\",\"@id\":\"https:\/\/miumjau.ee\/fi\/tuote\/kissanhiekka-bentoniitti-northland-hajusteeton-10l\/#breadcrumb\",\"itemListElement\":[{\"@type\":\"ListItem\",\"position\":1,\"name\":\"Home\",\"item\":\"https:\/\/miumjau.ee\/fi\/\"},{\"@type\":\"ListItem\",\"position\":2,\"name\":\"Kauppa\",\"item\":\"https:\/\/miumjau.ee\/fi\/kauppa\/\"},{\"@type\":\"ListItem\",\"position\":3,\"name\":\"Kissanhiekka bentoniitti Northland, hajusteeton 10L\"}]},{\"@type\":\"WebSite\",\"@id\":\"https:\/\/miumjau.ee\/#website\",\"url\":\"https:\/\/miumjau.ee\/\",\"name\":\"MiuMjau\",\"description\":\"Kraapimispuud kassidele\",\"publisher\":{\"@id\":\"https:\/\/miumjau.ee\/#organization\"},\"potentialAction\":[{\"@type\":\"SearchAction\",\"target\":{\"@type\":\"EntryPoint\",\"urlTemplate\":\"https:\/\/miumjau.ee\/?s={search_term_string}\"},\"query-input\":{\"@type\":\"PropertyValueSpecification\",\"valueRequired\":true,\"valueName\":\"search_term_string\"}}],\"inLanguage\":\"fi\"},{\"@type\":\"Organization\",\"@id\":\"https:\/\/miumjau.ee\/#organization\",\"name\":\"MiuMjau O\u00dc\",\"url\":\"https:\/\/miumjau.ee\/\",\"logo\":{\"@type\":\"ImageObject\",\"inLanguage\":\"fi\",\"@id\":\"https:\/\/miumjau.ee\/#\/schema\/logo\/image\/\",\"url\":\"https:\/\/miumjau.ee\/wp-content\/uploads\/2022\/04\/MiuMjau-logo-kollane.png\",\"contentUrl\":\"https:\/\/miumjau.ee\/wp-content\/uploads\/2022\/04\/MiuMjau-logo-kollane.png\",\"width\":219,\"height\":100,\"caption\":\"MiuMjau O\u00dc\"},\"image\":{\"@id\":\"https:\/\/miumjau.ee\/#\/schema\/logo\/image\/\"},\"sameAs\":[\"https:\/\/www.facebook.com\/miumjaupood\/\"]}]}<\/script>\n<!-- \/ Yoast SEO plugin. -->","yoast_head_json":{"title":"Kissanhiekka bentoniitti Northland, hajusteeton 10L - MiuMjau","robots":{"index":"index","follow":"follow","max-snippet":"max-snippet:-1","max-image-preview":"max-image-preview:large","max-video-preview":"max-video-preview:-1"},"canonical":"https:\/\/miumjau.ee\/fi\/tuote\/kissanhiekka-bentoniitti-northland-hajusteeton-10l\/","og_locale":"fi_FI","og_type":"article","og_title":"Kissanhiekka bentoniitti Northland, hajusteeton 10L - MiuMjau","og_description":"Northlandin bentoniittikissanhiekka on korkealaatuinen hiekka, joka on valmistettu luonnollisesta bentoniittisavesta. Se on tarkoitettu kissoille, jotka arvostavat puhtautta ja mukavuutta, sill\u00e4 hiekalla on erinomainen kyky ime\u00e4 kosteutta ja hajuja s\u00e4ilytt\u00e4en samalla luonnollisen tuoksun. Sopii erinomaisesti herkille kissoille ja omistajille, jotka eiv\u00e4t sied\u00e4 hajustettuja hiekkoja. T\u00e4rkeimm\u00e4t ominaisuudet:     Eritt\u00e4in hyv\u00e4 imukyky: Bentoniittisavi imee tehokkaasti kosteutta ja nesteit\u00e4, pit\u00e4en hiekan pinnan kuivana ja puhtaana.    Luonnollinen tuoksu    Turvallinen kissoille: Tuote on turvallinen eik\u00e4 \u00e4rsyt\u00e4 kissan tassuja tai hengitysteit\u00e4.    Helppo puhdistaa: Bentoniittihiekka paakkuuntuu, mik\u00e4 helpottaa sen poistamista.    Sopii erilaisiin kissanhiekka-astioihin.    Ei saa huuhtoa WC:hen.   T\u00e4m\u00e4 kissanhiekka tarjoaa mukavuutta ja puhtautta sek\u00e4 kissoille ett\u00e4 heid\u00e4n omistajilleen. Pit\u00e4\u00e4 ilman raikkaampana pidemp\u00e4\u00e4n.","og_url":"https:\/\/miumjau.ee\/fi\/tuote\/kissanhiekka-bentoniitti-northland-hajusteeton-10l\/","og_site_name":"MiuMjau","article_publisher":"https:\/\/www.facebook.com\/miumjaupood\/","article_modified_time":"2026-01-07T20:47:31+00:00","og_image":[{"width":600,"height":800,"url":"https:\/\/miumjau.ee\/wp-content\/uploads\/2025\/06\/northland-bentoniit-kassiliiv1.jpg","type":"image\/jpeg"}],"twitter_card":"summary_large_image","schema":{"@context":"https:\/\/schema.org","@graph":[{"@type":"WebPage","@id":"https:\/\/miumjau.ee\/fi\/tuote\/kissanhiekka-bentoniitti-northland-hajusteeton-10l\/","url":"https:\/\/miumjau.ee\/fi\/tuote\/kissanhiekka-bentoniitti-northland-hajusteeton-10l\/","name":"Kissanhiekka bentoniitti Northland, hajusteeton 10L - MiuMjau","isPartOf":{"@id":"https:\/\/miumjau.ee\/#website"},"primaryImageOfPage":{"@id":"https:\/\/miumjau.ee\/fi\/tuote\/kissanhiekka-bentoniitti-northland-hajusteeton-10l\/#primaryimage"},"image":{"@id":"https:\/\/miumjau.ee\/fi\/tuote\/kissanhiekka-bentoniitti-northland-hajusteeton-10l\/#primaryimage"},"thumbnailUrl":"https:\/\/miumjau.ee\/wp-content\/uploads\/2025\/06\/northland-bentoniit-kassiliiv1.jpg","datePublished":"2025-06-29T11:49:32+00:00","dateModified":"2026-01-07T20:47:31+00:00","breadcrumb":{"@id":"https:\/\/miumjau.ee\/fi\/tuote\/kissanhiekka-bentoniitti-northland-hajusteeton-10l\/#breadcrumb"},"inLanguage":"fi","potentialAction":[{"@type":"ReadAction","target":["https:\/\/miumjau.ee\/fi\/tuote\/kissanhiekka-bentoniitti-northland-hajusteeton-10l\/"]}]},{"@type":"ImageObject","inLanguage":"fi","@id":"https:\/\/miumjau.ee\/fi\/tuote\/kissanhiekka-bentoniitti-northland-hajusteeton-10l\/#primaryimage","url":"https:\/\/miumjau.ee\/wp-content\/uploads\/2025\/06\/northland-bentoniit-kassiliiv1.jpg","contentUrl":"https:\/\/miumjau.ee\/wp-content\/uploads\/2025\/06\/northland-bentoniit-kassiliiv1.jpg","width":600,"height":800,"caption":"Kassiliiv bentoniit Northland, l\u00f5hnatu 10L"},{"@type":"BreadcrumbList","@id":"https:\/\/miumjau.ee\/fi\/tuote\/kissanhiekka-bentoniitti-northland-hajusteeton-10l\/#breadcrumb","itemListElement":[{"@type":"ListItem","position":1,"name":"Home","item":"https:\/\/miumjau.ee\/fi\/"},{"@type":"ListItem","position":2,"name":"Kauppa","item":"https:\/\/miumjau.ee\/fi\/kauppa\/"},{"@type":"ListItem","position":3,"name":"Kissanhiekka bentoniitti Northland, hajusteeton 10L"}]},{"@type":"WebSite","@id":"https:\/\/miumjau.ee\/#website","url":"https:\/\/miumjau.ee\/","name":"MiuMjau","description":"Kraapimispuud kassidele","publisher":{"@id":"https:\/\/miumjau.ee\/#organization"},"potentialAction":[{"@type":"SearchAction","target":{"@type":"EntryPoint","urlTemplate":"https:\/\/miumjau.ee\/?s={search_term_string}"},"query-input":{"@type":"PropertyValueSpecification","valueRequired":true,"valueName":"search_term_string"}}],"inLanguage":"fi"},{"@type":"Organization","@id":"https:\/\/miumjau.ee\/#organization","name":"MiuMjau O\u00dc","url":"https:\/\/miumjau.ee\/","logo":{"@type":"ImageObject","inLanguage":"fi","@id":"https:\/\/miumjau.ee\/#\/schema\/logo\/image\/","url":"https:\/\/miumjau.ee\/wp-content\/uploads\/2022\/04\/MiuMjau-logo-kollane.png","contentUrl":"https:\/\/miumjau.ee\/wp-content\/uploads\/2022\/04\/MiuMjau-logo-kollane.png","width":219,"height":100,"caption":"MiuMjau O\u00dc"},"image":{"@id":"https:\/\/miumjau.ee\/#\/schema\/logo\/image\/"},"sameAs":["https:\/\/www.facebook.com\/miumjaupood\/"]}]}},"_links":{"self":[{"href":"https:\/\/miumjau.ee\/fi\/wp-json\/wp\/v2\/product\/45106","targetHints":{"allow":["GET"]}}],"collection":[{"href":"https:\/\/miumjau.ee\/fi\/wp-json\/wp\/v2\/product"}],"about":[{"href":"https:\/\/miumjau.ee\/fi\/wp-json\/wp\/v2\/types\/product"}],"wp:featuredmedia":[{"embeddable":true,"href":"https:\/\/miumjau.ee\/fi\/wp-json\/wp\/v2\/media\/37240"}],"wp:attachment":[{"href":"https:\/\/miumjau.ee\/fi\/wp-json\/wp\/v2\/media?parent=45106"}],"wp:term":[{"taxonomy":"product_brand","embeddable":true,"href":"https:\/\/miumjau.ee\/fi\/wp-json\/wp\/v2\/product_brand?post=45106"},{"taxonomy":"product_cat","embeddable":true,"href":"https:\/\/miumjau.ee\/fi\/wp-json\/wp\/v2\/product_cat?post=45106"},{"taxonomy":"product_tag","embeddable":true,"href":"https:\/\/miumjau.ee\/fi\/wp-json\/wp\/v2\/product_tag?post=45106"}],"curies":[{"name":"wp","href":"https:\/\/api.w.org\/{rel}","templated":true}]}}