{"id":45095,"date":"2025-06-29T14:52:30","date_gmt":"2025-06-29T11:52:30","guid":{"rendered":"https:\/\/miumjau.ee\/toode\/kissanhiekka-bentoniitti-northland-extra-carbon-10l\/"},"modified":"2026-01-07T22:47:31","modified_gmt":"2026-01-07T20:47:31","slug":"kissanhiekka-bentoniitti-northland-extra-carbon-10l","status":"publish","type":"product","link":"https:\/\/miumjau.ee\/fi\/tuote\/kissanhiekka-bentoniitti-northland-extra-carbon-10l\/","title":{"rendered":"Kissanhiekka bentoniitti Northland Extra Carbon 10L"},"content":{"rendered":"","protected":false},"excerpt":{"rendered":"<p data-start=\"1334\" data-end=\"1735\">Northlandin bentoniittikissanhiekka on korkealaatuinen hiekka, joka on valmistettu luonnollisesta bentoniittisavesta. Se on tarkoitettu kissoille, jotka arvostavat puhtautta ja mukavuutta, sill\u00e4 hiekalla on erinomainen kyky ime\u00e4 kosteutta ja ep\u00e4miellytt\u00e4vi\u00e4 hajuja s\u00e4ilytt\u00e4en samalla luonnollisen tuoksun. Sopii erinomaisesti herkille kissoille ja omistajille, jotka eiv\u00e4t sied\u00e4 hajustettuja hiekkoja.<\/p>\n<p data-start=\"1737\" data-end=\"1767\"><strong data-start=\"1737\" data-end=\"1765\">T\u00e4rkeimm\u00e4t ominaisuudet:<\/strong><\/p>\n<ul data-start=\"1768\" data-end=\"2428\">\n<li data-start=\"1768\" data-end=\"1896\">\n<p data-start=\"1770\" data-end=\"1896\"><strong data-start=\"1770\" data-end=\"1796\">Eritt\u00e4in hyv\u00e4 imukyky:<\/strong> Bentoniittisavi imee tehokkaasti kosteutta ja nesteit\u00e4, pit\u00e4en hiekan pinnan kuivana ja puhtaana.<\/p>\n<\/li>\n<li data-start=\"1897\" data-end=\"2097\">\n<p data-start=\"1899\" data-end=\"2097\"><strong data-start=\"1899\" data-end=\"1916\">Aktiivihiili:<\/strong> Imee tehokkaasti ep\u00e4miellytt\u00e4vi\u00e4 hajuja ja kosteutta ja tarjoaa pitk\u00e4kestoisen raikkauden tunteen. Hiili auttaa my\u00f6s pit\u00e4m\u00e4\u00e4n hiekan puhtaampana ja v\u00e4hent\u00e4m\u00e4\u00e4n bakteerien kasvua.<\/p>\n<\/li>\n<li data-start=\"2098\" data-end=\"2125\">\n<p data-start=\"2100\" data-end=\"2125\"><strong data-start=\"2100\" data-end=\"2123\">Luonnollinen tuoksu<\/strong><\/p>\n<\/li>\n<li data-start=\"2126\" data-end=\"2223\">\n<p data-start=\"2128\" data-end=\"2223\"><strong data-start=\"2128\" data-end=\"2154\">Turvallinen kissoille:<\/strong> Tuote on turvallinen eik\u00e4 \u00e4rsyt\u00e4 kissan tassuja tai hengitysteit\u00e4.<\/p>\n<\/li>\n<li data-start=\"2224\" data-end=\"2335\">\n<p data-start=\"2226\" data-end=\"2335\"><strong data-start=\"2226\" data-end=\"2247\">Helppo puhdistaa:<\/strong> Bentoniittihiekka paakkuuntuu, mik\u00e4 tekee sen siivoamisesta ja poistamisesta helppoa.<\/p>\n<\/li>\n<li data-start=\"2336\" data-end=\"2395\">\n<p data-start=\"2338\" data-end=\"2395\">Sopii k\u00e4ytett\u00e4v\u00e4ksi erilaisissa kissanhiekka-astioissa.<\/p>\n<\/li>\n<li data-start=\"2396\" data-end=\"2428\">\n<p data-start=\"2398\" data-end=\"2428\"><strong data-start=\"2398\" data-end=\"2426\">Ei saa huuhdella WC:hen.<\/strong><\/p>\n<\/li>\n<\/ul>\n<p data-start=\"2430\" data-end=\"2567\">T\u00e4m\u00e4 kissanhiekka tarjoaa mukavuutta ja puhtautta sek\u00e4 kissoille ett\u00e4 heid\u00e4n omistajilleen. Auttaa pit\u00e4m\u00e4\u00e4n ilman raikkaampana pidemp\u00e4\u00e4n.<\/p>\n","protected":false},"featured_media":37232,"template":"","meta":[],"product_brand":[],"product_cat":[286],"product_tag":[],"class_list":{"0":"post-45095","1":"product","2":"type-product","3":"status-publish","4":"has-post-thumbnail","6":"product_cat-kissanhiekka-fi","8":"first","9":"instock","10":"sale","11":"taxable","12":"shipping-taxable","13":"purchasable","14":"product-type-simple"},"yoast_head":"<!-- This site is optimized with the Yoast SEO plugin v27.2 - https:\/\/yoast.com\/product\/yoast-seo-wordpress\/ -->\n<title>Kissanhiekka bentoniitti Northland Extra Carbon 10L - MiuMjau<\/title>\n<meta name=\"robots\" content=\"index, follow, max-snippet:-1, max-image-preview:large, max-video-preview:-1\" \/>\n<link rel=\"canonical\" href=\"https:\/\/miumjau.ee\/fi\/tuote\/kissanhiekka-bentoniitti-northland-extra-carbon-10l\/\" \/>\n<meta property=\"og:locale\" content=\"fi_FI\" \/>\n<meta property=\"og:type\" content=\"article\" \/>\n<meta property=\"og:title\" content=\"Kissanhiekka bentoniitti Northland Extra Carbon 10L - MiuMjau\" \/>\n<meta property=\"og:description\" content=\"Northlandin bentoniittikissanhiekka on korkealaatuinen hiekka, joka on valmistettu luonnollisesta bentoniittisavesta. Se on tarkoitettu kissoille, jotka arvostavat puhtautta ja mukavuutta, sill\u00e4 hiekalla on erinomainen kyky ime\u00e4 kosteutta ja ep\u00e4miellytt\u00e4vi\u00e4 hajuja s\u00e4ilytt\u00e4en samalla luonnollisen tuoksun. Sopii erinomaisesti herkille kissoille ja omistajille, jotka eiv\u00e4t sied\u00e4 hajustettuja hiekkoja. T\u00e4rkeimm\u00e4t ominaisuudet:     Eritt\u00e4in hyv\u00e4 imukyky: Bentoniittisavi imee tehokkaasti kosteutta ja nesteit\u00e4, pit\u00e4en hiekan pinnan kuivana ja puhtaana.    Aktiivihiili: Imee tehokkaasti ep\u00e4miellytt\u00e4vi\u00e4 hajuja ja kosteutta ja tarjoaa pitk\u00e4kestoisen raikkauden tunteen. Hiili auttaa my\u00f6s pit\u00e4m\u00e4\u00e4n hiekan puhtaampana ja v\u00e4hent\u00e4m\u00e4\u00e4n bakteerien kasvua.    Luonnollinen tuoksu    Turvallinen kissoille: Tuote on turvallinen eik\u00e4 \u00e4rsyt\u00e4 kissan tassuja tai hengitysteit\u00e4.    Helppo puhdistaa: Bentoniittihiekka paakkuuntuu, mik\u00e4 tekee sen siivoamisesta ja poistamisesta helppoa.    Sopii k\u00e4ytett\u00e4v\u00e4ksi erilaisissa kissanhiekka-astioissa.    Ei saa huuhdella WC:hen.   T\u00e4m\u00e4 kissanhiekka tarjoaa mukavuutta ja puhtautta sek\u00e4 kissoille ett\u00e4 heid\u00e4n omistajilleen. Auttaa pit\u00e4m\u00e4\u00e4n ilman raikkaampana pidemp\u00e4\u00e4n.\" \/>\n<meta property=\"og:url\" content=\"https:\/\/miumjau.ee\/fi\/tuote\/kissanhiekka-bentoniitti-northland-extra-carbon-10l\/\" \/>\n<meta property=\"og:site_name\" content=\"MiuMjau\" \/>\n<meta property=\"article:publisher\" content=\"https:\/\/www.facebook.com\/miumjaupood\/\" \/>\n<meta property=\"article:modified_time\" content=\"2026-01-07T20:47:31+00:00\" \/>\n<meta property=\"og:image\" content=\"https:\/\/miumjau.ee\/wp-content\/uploads\/2025\/06\/northland-bentoniit-kassiliiv2.jpg\" \/>\n\t<meta property=\"og:image:width\" content=\"600\" \/>\n\t<meta property=\"og:image:height\" content=\"800\" \/>\n\t<meta property=\"og:image:type\" content=\"image\/jpeg\" \/>\n<meta name=\"twitter:card\" content=\"summary_large_image\" \/>\n<script type=\"application\/ld+json\" class=\"yoast-schema-graph\">{\"@context\":\"https:\/\/schema.org\",\"@graph\":[{\"@type\":\"WebPage\",\"@id\":\"https:\/\/miumjau.ee\/fi\/tuote\/kissanhiekka-bentoniitti-northland-extra-carbon-10l\/\",\"url\":\"https:\/\/miumjau.ee\/fi\/tuote\/kissanhiekka-bentoniitti-northland-extra-carbon-10l\/\",\"name\":\"Kissanhiekka bentoniitti Northland Extra Carbon 10L - MiuMjau\",\"isPartOf\":{\"@id\":\"https:\/\/miumjau.ee\/#website\"},\"primaryImageOfPage\":{\"@id\":\"https:\/\/miumjau.ee\/fi\/tuote\/kissanhiekka-bentoniitti-northland-extra-carbon-10l\/#primaryimage\"},\"image\":{\"@id\":\"https:\/\/miumjau.ee\/fi\/tuote\/kissanhiekka-bentoniitti-northland-extra-carbon-10l\/#primaryimage\"},\"thumbnailUrl\":\"https:\/\/miumjau.ee\/wp-content\/uploads\/2025\/06\/northland-bentoniit-kassiliiv2.jpg\",\"datePublished\":\"2025-06-29T11:52:30+00:00\",\"dateModified\":\"2026-01-07T20:47:31+00:00\",\"breadcrumb\":{\"@id\":\"https:\/\/miumjau.ee\/fi\/tuote\/kissanhiekka-bentoniitti-northland-extra-carbon-10l\/#breadcrumb\"},\"inLanguage\":\"fi\",\"potentialAction\":[{\"@type\":\"ReadAction\",\"target\":[\"https:\/\/miumjau.ee\/fi\/tuote\/kissanhiekka-bentoniitti-northland-extra-carbon-10l\/\"]}]},{\"@type\":\"ImageObject\",\"inLanguage\":\"fi\",\"@id\":\"https:\/\/miumjau.ee\/fi\/tuote\/kissanhiekka-bentoniitti-northland-extra-carbon-10l\/#primaryimage\",\"url\":\"https:\/\/miumjau.ee\/wp-content\/uploads\/2025\/06\/northland-bentoniit-kassiliiv2.jpg\",\"contentUrl\":\"https:\/\/miumjau.ee\/wp-content\/uploads\/2025\/06\/northland-bentoniit-kassiliiv2.jpg\",\"width\":600,\"height\":800,\"caption\":\"Kassiliiv bentoniit Northland Extra Carbon 10L\"},{\"@type\":\"BreadcrumbList\",\"@id\":\"https:\/\/miumjau.ee\/fi\/tuote\/kissanhiekka-bentoniitti-northland-extra-carbon-10l\/#breadcrumb\",\"itemListElement\":[{\"@type\":\"ListItem\",\"position\":1,\"name\":\"Home\",\"item\":\"https:\/\/miumjau.ee\/fi\/\"},{\"@type\":\"ListItem\",\"position\":2,\"name\":\"Kauppa\",\"item\":\"https:\/\/miumjau.ee\/fi\/kauppa\/\"},{\"@type\":\"ListItem\",\"position\":3,\"name\":\"Kissanhiekka bentoniitti Northland Extra Carbon 10L\"}]},{\"@type\":\"WebSite\",\"@id\":\"https:\/\/miumjau.ee\/#website\",\"url\":\"https:\/\/miumjau.ee\/\",\"name\":\"MiuMjau\",\"description\":\"Kraapimispuud kassidele\",\"publisher\":{\"@id\":\"https:\/\/miumjau.ee\/#organization\"},\"potentialAction\":[{\"@type\":\"SearchAction\",\"target\":{\"@type\":\"EntryPoint\",\"urlTemplate\":\"https:\/\/miumjau.ee\/?s={search_term_string}\"},\"query-input\":{\"@type\":\"PropertyValueSpecification\",\"valueRequired\":true,\"valueName\":\"search_term_string\"}}],\"inLanguage\":\"fi\"},{\"@type\":\"Organization\",\"@id\":\"https:\/\/miumjau.ee\/#organization\",\"name\":\"MiuMjau O\u00dc\",\"url\":\"https:\/\/miumjau.ee\/\",\"logo\":{\"@type\":\"ImageObject\",\"inLanguage\":\"fi\",\"@id\":\"https:\/\/miumjau.ee\/#\/schema\/logo\/image\/\",\"url\":\"https:\/\/miumjau.ee\/wp-content\/uploads\/2022\/04\/MiuMjau-logo-kollane.png\",\"contentUrl\":\"https:\/\/miumjau.ee\/wp-content\/uploads\/2022\/04\/MiuMjau-logo-kollane.png\",\"width\":219,\"height\":100,\"caption\":\"MiuMjau O\u00dc\"},\"image\":{\"@id\":\"https:\/\/miumjau.ee\/#\/schema\/logo\/image\/\"},\"sameAs\":[\"https:\/\/www.facebook.com\/miumjaupood\/\"]}]}<\/script>\n<!-- \/ Yoast SEO plugin. -->","yoast_head_json":{"title":"Kissanhiekka bentoniitti Northland Extra Carbon 10L - MiuMjau","robots":{"index":"index","follow":"follow","max-snippet":"max-snippet:-1","max-image-preview":"max-image-preview:large","max-video-preview":"max-video-preview:-1"},"canonical":"https:\/\/miumjau.ee\/fi\/tuote\/kissanhiekka-bentoniitti-northland-extra-carbon-10l\/","og_locale":"fi_FI","og_type":"article","og_title":"Kissanhiekka bentoniitti Northland Extra Carbon 10L - MiuMjau","og_description":"Northlandin bentoniittikissanhiekka on korkealaatuinen hiekka, joka on valmistettu luonnollisesta bentoniittisavesta. Se on tarkoitettu kissoille, jotka arvostavat puhtautta ja mukavuutta, sill\u00e4 hiekalla on erinomainen kyky ime\u00e4 kosteutta ja ep\u00e4miellytt\u00e4vi\u00e4 hajuja s\u00e4ilytt\u00e4en samalla luonnollisen tuoksun. Sopii erinomaisesti herkille kissoille ja omistajille, jotka eiv\u00e4t sied\u00e4 hajustettuja hiekkoja. T\u00e4rkeimm\u00e4t ominaisuudet:     Eritt\u00e4in hyv\u00e4 imukyky: Bentoniittisavi imee tehokkaasti kosteutta ja nesteit\u00e4, pit\u00e4en hiekan pinnan kuivana ja puhtaana.    Aktiivihiili: Imee tehokkaasti ep\u00e4miellytt\u00e4vi\u00e4 hajuja ja kosteutta ja tarjoaa pitk\u00e4kestoisen raikkauden tunteen. Hiili auttaa my\u00f6s pit\u00e4m\u00e4\u00e4n hiekan puhtaampana ja v\u00e4hent\u00e4m\u00e4\u00e4n bakteerien kasvua.    Luonnollinen tuoksu    Turvallinen kissoille: Tuote on turvallinen eik\u00e4 \u00e4rsyt\u00e4 kissan tassuja tai hengitysteit\u00e4.    Helppo puhdistaa: Bentoniittihiekka paakkuuntuu, mik\u00e4 tekee sen siivoamisesta ja poistamisesta helppoa.    Sopii k\u00e4ytett\u00e4v\u00e4ksi erilaisissa kissanhiekka-astioissa.    Ei saa huuhdella WC:hen.   T\u00e4m\u00e4 kissanhiekka tarjoaa mukavuutta ja puhtautta sek\u00e4 kissoille ett\u00e4 heid\u00e4n omistajilleen. Auttaa pit\u00e4m\u00e4\u00e4n ilman raikkaampana pidemp\u00e4\u00e4n.","og_url":"https:\/\/miumjau.ee\/fi\/tuote\/kissanhiekka-bentoniitti-northland-extra-carbon-10l\/","og_site_name":"MiuMjau","article_publisher":"https:\/\/www.facebook.com\/miumjaupood\/","article_modified_time":"2026-01-07T20:47:31+00:00","og_image":[{"width":600,"height":800,"url":"https:\/\/miumjau.ee\/wp-content\/uploads\/2025\/06\/northland-bentoniit-kassiliiv2.jpg","type":"image\/jpeg"}],"twitter_card":"summary_large_image","schema":{"@context":"https:\/\/schema.org","@graph":[{"@type":"WebPage","@id":"https:\/\/miumjau.ee\/fi\/tuote\/kissanhiekka-bentoniitti-northland-extra-carbon-10l\/","url":"https:\/\/miumjau.ee\/fi\/tuote\/kissanhiekka-bentoniitti-northland-extra-carbon-10l\/","name":"Kissanhiekka bentoniitti Northland Extra Carbon 10L - MiuMjau","isPartOf":{"@id":"https:\/\/miumjau.ee\/#website"},"primaryImageOfPage":{"@id":"https:\/\/miumjau.ee\/fi\/tuote\/kissanhiekka-bentoniitti-northland-extra-carbon-10l\/#primaryimage"},"image":{"@id":"https:\/\/miumjau.ee\/fi\/tuote\/kissanhiekka-bentoniitti-northland-extra-carbon-10l\/#primaryimage"},"thumbnailUrl":"https:\/\/miumjau.ee\/wp-content\/uploads\/2025\/06\/northland-bentoniit-kassiliiv2.jpg","datePublished":"2025-06-29T11:52:30+00:00","dateModified":"2026-01-07T20:47:31+00:00","breadcrumb":{"@id":"https:\/\/miumjau.ee\/fi\/tuote\/kissanhiekka-bentoniitti-northland-extra-carbon-10l\/#breadcrumb"},"inLanguage":"fi","potentialAction":[{"@type":"ReadAction","target":["https:\/\/miumjau.ee\/fi\/tuote\/kissanhiekka-bentoniitti-northland-extra-carbon-10l\/"]}]},{"@type":"ImageObject","inLanguage":"fi","@id":"https:\/\/miumjau.ee\/fi\/tuote\/kissanhiekka-bentoniitti-northland-extra-carbon-10l\/#primaryimage","url":"https:\/\/miumjau.ee\/wp-content\/uploads\/2025\/06\/northland-bentoniit-kassiliiv2.jpg","contentUrl":"https:\/\/miumjau.ee\/wp-content\/uploads\/2025\/06\/northland-bentoniit-kassiliiv2.jpg","width":600,"height":800,"caption":"Kassiliiv bentoniit Northland Extra Carbon 10L"},{"@type":"BreadcrumbList","@id":"https:\/\/miumjau.ee\/fi\/tuote\/kissanhiekka-bentoniitti-northland-extra-carbon-10l\/#breadcrumb","itemListElement":[{"@type":"ListItem","position":1,"name":"Home","item":"https:\/\/miumjau.ee\/fi\/"},{"@type":"ListItem","position":2,"name":"Kauppa","item":"https:\/\/miumjau.ee\/fi\/kauppa\/"},{"@type":"ListItem","position":3,"name":"Kissanhiekka bentoniitti Northland Extra Carbon 10L"}]},{"@type":"WebSite","@id":"https:\/\/miumjau.ee\/#website","url":"https:\/\/miumjau.ee\/","name":"MiuMjau","description":"Kraapimispuud kassidele","publisher":{"@id":"https:\/\/miumjau.ee\/#organization"},"potentialAction":[{"@type":"SearchAction","target":{"@type":"EntryPoint","urlTemplate":"https:\/\/miumjau.ee\/?s={search_term_string}"},"query-input":{"@type":"PropertyValueSpecification","valueRequired":true,"valueName":"search_term_string"}}],"inLanguage":"fi"},{"@type":"Organization","@id":"https:\/\/miumjau.ee\/#organization","name":"MiuMjau O\u00dc","url":"https:\/\/miumjau.ee\/","logo":{"@type":"ImageObject","inLanguage":"fi","@id":"https:\/\/miumjau.ee\/#\/schema\/logo\/image\/","url":"https:\/\/miumjau.ee\/wp-content\/uploads\/2022\/04\/MiuMjau-logo-kollane.png","contentUrl":"https:\/\/miumjau.ee\/wp-content\/uploads\/2022\/04\/MiuMjau-logo-kollane.png","width":219,"height":100,"caption":"MiuMjau O\u00dc"},"image":{"@id":"https:\/\/miumjau.ee\/#\/schema\/logo\/image\/"},"sameAs":["https:\/\/www.facebook.com\/miumjaupood\/"]}]}},"_links":{"self":[{"href":"https:\/\/miumjau.ee\/fi\/wp-json\/wp\/v2\/product\/45095","targetHints":{"allow":["GET"]}}],"collection":[{"href":"https:\/\/miumjau.ee\/fi\/wp-json\/wp\/v2\/product"}],"about":[{"href":"https:\/\/miumjau.ee\/fi\/wp-json\/wp\/v2\/types\/product"}],"wp:featuredmedia":[{"embeddable":true,"href":"https:\/\/miumjau.ee\/fi\/wp-json\/wp\/v2\/media\/37232"}],"wp:attachment":[{"href":"https:\/\/miumjau.ee\/fi\/wp-json\/wp\/v2\/media?parent=45095"}],"wp:term":[{"taxonomy":"product_brand","embeddable":true,"href":"https:\/\/miumjau.ee\/fi\/wp-json\/wp\/v2\/product_brand?post=45095"},{"taxonomy":"product_cat","embeddable":true,"href":"https:\/\/miumjau.ee\/fi\/wp-json\/wp\/v2\/product_cat?post=45095"},{"taxonomy":"product_tag","embeddable":true,"href":"https:\/\/miumjau.ee\/fi\/wp-json\/wp\/v2\/product_tag?post=45095"}],"curies":[{"name":"wp","href":"https:\/\/api.w.org\/{rel}","templated":true}]}}