{"id":45071,"date":"2024-07-15T18:25:37","date_gmt":"2024-07-15T15:25:37","guid":{"rendered":"https:\/\/miumjau.ee\/toode\/hajunpoistaja-kissanhiekalle-beaphar-multi-fresh\/"},"modified":"2026-01-07T22:47:31","modified_gmt":"2026-01-07T20:47:31","slug":"hajunpoistaja-kissanhiekalle-beaphar-multi-fresh","status":"publish","type":"product","link":"https:\/\/miumjau.ee\/fi\/tuote\/hajunpoistaja-kissanhiekalle-beaphar-multi-fresh\/","title":{"rendered":"Hajunpoistaja kissanhiekalle Beaphar Multi Fresh"},"content":{"rendered":"","protected":false},"excerpt":{"rendered":"<p data-start=\"136\" data-end=\"345\">Hajunpoistojauhe on tarkoitettu k\u00e4ytett\u00e4v\u00e4ksi kissanhiekan seassa. Se poistaa ep\u00e4miellytt\u00e4vi\u00e4 hajuja ja pident\u00e4\u00e4 kissanhiekan k\u00e4ytt\u00f6ik\u00e4\u00e4. Jauhe est\u00e4\u00e4 bakteerien levi\u00e4mist\u00e4, mik\u00e4 hidastaa hajujen muodostumista.<\/p>\n<p data-start=\"347\" data-end=\"718\"><strong data-start=\"347\" data-end=\"362\">K\u00e4ytt\u00f6ohje:<\/strong><br data-start=\"362\" data-end=\"365\" \/>Kun olet tyhjent\u00e4nyt hiekkalaatikon, puhdista se huolellisesti ja kuivaa. Kaada sopiva m\u00e4\u00e4r\u00e4 uutta kissanhiekkaa ja sekoita joukkoon hajunpoistajaa. Voidaan lis\u00e4t\u00e4 my\u00f6s k\u00e4yt\u00f6n aikana hiekan kunnon mukaan. Yhdest\u00e4 pakkauksesta riitt\u00e4\u00e4 jopa 20 k\u00e4ytt\u00f6kertaan (noin 3 kuukaudeksi). Tuotetta voi k\u00e4ytt\u00e4\u00e4 kaikenlaisen kissanhiekan kanssa ja se on turvallinen.<\/p>\n<p data-start=\"720\" data-end=\"772\"><strong data-start=\"720\" data-end=\"730\">M\u00e4\u00e4r\u00e4:<\/strong> 400 g<br data-start=\"736\" data-end=\"739\" \/><strong data-start=\"739\" data-end=\"754\">Valmistaja:<\/strong> Beaphar, Hollanti<\/p>\n","protected":false},"featured_media":21862,"template":"","meta":[],"product_brand":[],"product_cat":[286,289],"product_tag":[],"class_list":{"0":"post-45071","1":"product","2":"type-product","3":"status-publish","4":"has-post-thumbnail","6":"product_cat-kissanhiekka-fi","7":"product_cat-siivous-hajunpoisto","9":"first","10":"instock","11":"taxable","12":"shipping-taxable","13":"purchasable","14":"product-type-simple"},"yoast_head":"<!-- This site is optimized with the Yoast SEO plugin v27.2 - https:\/\/yoast.com\/product\/yoast-seo-wordpress\/ -->\n<title>Hajunpoistaja kissanhiekalle Beaphar Multi Fresh - MiuMjau<\/title>\n<meta name=\"robots\" content=\"index, follow, max-snippet:-1, max-image-preview:large, max-video-preview:-1\" \/>\n<link rel=\"canonical\" href=\"https:\/\/miumjau.ee\/fi\/tuote\/hajunpoistaja-kissanhiekalle-beaphar-multi-fresh\/\" \/>\n<meta property=\"og:locale\" content=\"fi_FI\" \/>\n<meta property=\"og:type\" content=\"article\" \/>\n<meta property=\"og:title\" content=\"Hajunpoistaja kissanhiekalle Beaphar Multi Fresh - MiuMjau\" \/>\n<meta property=\"og:description\" content=\"Hajunpoistojauhe on tarkoitettu k\u00e4ytett\u00e4v\u00e4ksi kissanhiekan seassa. Se poistaa ep\u00e4miellytt\u00e4vi\u00e4 hajuja ja pident\u00e4\u00e4 kissanhiekan k\u00e4ytt\u00f6ik\u00e4\u00e4. Jauhe est\u00e4\u00e4 bakteerien levi\u00e4mist\u00e4, mik\u00e4 hidastaa hajujen muodostumista. K\u00e4ytt\u00f6ohje:Kun olet tyhjent\u00e4nyt hiekkalaatikon, puhdista se huolellisesti ja kuivaa. Kaada sopiva m\u00e4\u00e4r\u00e4 uutta kissanhiekkaa ja sekoita joukkoon hajunpoistajaa. Voidaan lis\u00e4t\u00e4 my\u00f6s k\u00e4yt\u00f6n aikana hiekan kunnon mukaan. Yhdest\u00e4 pakkauksesta riitt\u00e4\u00e4 jopa 20 k\u00e4ytt\u00f6kertaan (noin 3 kuukaudeksi). Tuotetta voi k\u00e4ytt\u00e4\u00e4 kaikenlaisen kissanhiekan kanssa ja se on turvallinen. M\u00e4\u00e4r\u00e4: 400 gValmistaja: Beaphar, Hollanti\" \/>\n<meta property=\"og:url\" content=\"https:\/\/miumjau.ee\/fi\/tuote\/hajunpoistaja-kissanhiekalle-beaphar-multi-fresh\/\" \/>\n<meta property=\"og:site_name\" content=\"MiuMjau\" \/>\n<meta property=\"article:publisher\" content=\"https:\/\/www.facebook.com\/miumjaupood\/\" \/>\n<meta property=\"article:modified_time\" content=\"2026-01-07T20:47:31+00:00\" \/>\n<meta property=\"og:image\" content=\"https:\/\/miumjau.ee\/wp-content\/uploads\/2024\/07\/lohnade-eemaldaja-beaphar-multifresh3.jpg\" \/>\n\t<meta property=\"og:image:width\" content=\"600\" \/>\n\t<meta property=\"og:image:height\" content=\"800\" \/>\n\t<meta property=\"og:image:type\" content=\"image\/jpeg\" \/>\n<meta name=\"twitter:card\" content=\"summary_large_image\" \/>\n<script type=\"application\/ld+json\" class=\"yoast-schema-graph\">{\"@context\":\"https:\/\/schema.org\",\"@graph\":[{\"@type\":\"WebPage\",\"@id\":\"https:\/\/miumjau.ee\/fi\/tuote\/hajunpoistaja-kissanhiekalle-beaphar-multi-fresh\/\",\"url\":\"https:\/\/miumjau.ee\/fi\/tuote\/hajunpoistaja-kissanhiekalle-beaphar-multi-fresh\/\",\"name\":\"Hajunpoistaja kissanhiekalle Beaphar Multi Fresh - MiuMjau\",\"isPartOf\":{\"@id\":\"https:\/\/miumjau.ee\/#website\"},\"primaryImageOfPage\":{\"@id\":\"https:\/\/miumjau.ee\/fi\/tuote\/hajunpoistaja-kissanhiekalle-beaphar-multi-fresh\/#primaryimage\"},\"image\":{\"@id\":\"https:\/\/miumjau.ee\/fi\/tuote\/hajunpoistaja-kissanhiekalle-beaphar-multi-fresh\/#primaryimage\"},\"thumbnailUrl\":\"https:\/\/miumjau.ee\/wp-content\/uploads\/2024\/07\/lohnade-eemaldaja-beaphar-multifresh3.jpg\",\"datePublished\":\"2024-07-15T15:25:37+00:00\",\"dateModified\":\"2026-01-07T20:47:31+00:00\",\"breadcrumb\":{\"@id\":\"https:\/\/miumjau.ee\/fi\/tuote\/hajunpoistaja-kissanhiekalle-beaphar-multi-fresh\/#breadcrumb\"},\"inLanguage\":\"fi\",\"potentialAction\":[{\"@type\":\"ReadAction\",\"target\":[\"https:\/\/miumjau.ee\/fi\/tuote\/hajunpoistaja-kissanhiekalle-beaphar-multi-fresh\/\"]}]},{\"@type\":\"ImageObject\",\"inLanguage\":\"fi\",\"@id\":\"https:\/\/miumjau.ee\/fi\/tuote\/hajunpoistaja-kissanhiekalle-beaphar-multi-fresh\/#primaryimage\",\"url\":\"https:\/\/miumjau.ee\/wp-content\/uploads\/2024\/07\/lohnade-eemaldaja-beaphar-multifresh3.jpg\",\"contentUrl\":\"https:\/\/miumjau.ee\/wp-content\/uploads\/2024\/07\/lohnade-eemaldaja-beaphar-multifresh3.jpg\",\"width\":600,\"height\":800},{\"@type\":\"BreadcrumbList\",\"@id\":\"https:\/\/miumjau.ee\/fi\/tuote\/hajunpoistaja-kissanhiekalle-beaphar-multi-fresh\/#breadcrumb\",\"itemListElement\":[{\"@type\":\"ListItem\",\"position\":1,\"name\":\"Home\",\"item\":\"https:\/\/miumjau.ee\/fi\/\"},{\"@type\":\"ListItem\",\"position\":2,\"name\":\"Kauppa\",\"item\":\"https:\/\/miumjau.ee\/fi\/kauppa\/\"},{\"@type\":\"ListItem\",\"position\":3,\"name\":\"Hajunpoistaja kissanhiekalle Beaphar Multi Fresh\"}]},{\"@type\":\"WebSite\",\"@id\":\"https:\/\/miumjau.ee\/#website\",\"url\":\"https:\/\/miumjau.ee\/\",\"name\":\"MiuMjau\",\"description\":\"Kraapimispuud kassidele\",\"publisher\":{\"@id\":\"https:\/\/miumjau.ee\/#organization\"},\"potentialAction\":[{\"@type\":\"SearchAction\",\"target\":{\"@type\":\"EntryPoint\",\"urlTemplate\":\"https:\/\/miumjau.ee\/?s={search_term_string}\"},\"query-input\":{\"@type\":\"PropertyValueSpecification\",\"valueRequired\":true,\"valueName\":\"search_term_string\"}}],\"inLanguage\":\"fi\"},{\"@type\":\"Organization\",\"@id\":\"https:\/\/miumjau.ee\/#organization\",\"name\":\"MiuMjau O\u00dc\",\"url\":\"https:\/\/miumjau.ee\/\",\"logo\":{\"@type\":\"ImageObject\",\"inLanguage\":\"fi\",\"@id\":\"https:\/\/miumjau.ee\/#\/schema\/logo\/image\/\",\"url\":\"https:\/\/miumjau.ee\/wp-content\/uploads\/2022\/04\/MiuMjau-logo-kollane.png\",\"contentUrl\":\"https:\/\/miumjau.ee\/wp-content\/uploads\/2022\/04\/MiuMjau-logo-kollane.png\",\"width\":219,\"height\":100,\"caption\":\"MiuMjau O\u00dc\"},\"image\":{\"@id\":\"https:\/\/miumjau.ee\/#\/schema\/logo\/image\/\"},\"sameAs\":[\"https:\/\/www.facebook.com\/miumjaupood\/\"]}]}<\/script>\n<!-- \/ Yoast SEO plugin. -->","yoast_head_json":{"title":"Hajunpoistaja kissanhiekalle Beaphar Multi Fresh - MiuMjau","robots":{"index":"index","follow":"follow","max-snippet":"max-snippet:-1","max-image-preview":"max-image-preview:large","max-video-preview":"max-video-preview:-1"},"canonical":"https:\/\/miumjau.ee\/fi\/tuote\/hajunpoistaja-kissanhiekalle-beaphar-multi-fresh\/","og_locale":"fi_FI","og_type":"article","og_title":"Hajunpoistaja kissanhiekalle Beaphar Multi Fresh - MiuMjau","og_description":"Hajunpoistojauhe on tarkoitettu k\u00e4ytett\u00e4v\u00e4ksi kissanhiekan seassa. Se poistaa ep\u00e4miellytt\u00e4vi\u00e4 hajuja ja pident\u00e4\u00e4 kissanhiekan k\u00e4ytt\u00f6ik\u00e4\u00e4. Jauhe est\u00e4\u00e4 bakteerien levi\u00e4mist\u00e4, mik\u00e4 hidastaa hajujen muodostumista. K\u00e4ytt\u00f6ohje:Kun olet tyhjent\u00e4nyt hiekkalaatikon, puhdista se huolellisesti ja kuivaa. Kaada sopiva m\u00e4\u00e4r\u00e4 uutta kissanhiekkaa ja sekoita joukkoon hajunpoistajaa. Voidaan lis\u00e4t\u00e4 my\u00f6s k\u00e4yt\u00f6n aikana hiekan kunnon mukaan. Yhdest\u00e4 pakkauksesta riitt\u00e4\u00e4 jopa 20 k\u00e4ytt\u00f6kertaan (noin 3 kuukaudeksi). Tuotetta voi k\u00e4ytt\u00e4\u00e4 kaikenlaisen kissanhiekan kanssa ja se on turvallinen. M\u00e4\u00e4r\u00e4: 400 gValmistaja: Beaphar, Hollanti","og_url":"https:\/\/miumjau.ee\/fi\/tuote\/hajunpoistaja-kissanhiekalle-beaphar-multi-fresh\/","og_site_name":"MiuMjau","article_publisher":"https:\/\/www.facebook.com\/miumjaupood\/","article_modified_time":"2026-01-07T20:47:31+00:00","og_image":[{"width":600,"height":800,"url":"https:\/\/miumjau.ee\/wp-content\/uploads\/2024\/07\/lohnade-eemaldaja-beaphar-multifresh3.jpg","type":"image\/jpeg"}],"twitter_card":"summary_large_image","schema":{"@context":"https:\/\/schema.org","@graph":[{"@type":"WebPage","@id":"https:\/\/miumjau.ee\/fi\/tuote\/hajunpoistaja-kissanhiekalle-beaphar-multi-fresh\/","url":"https:\/\/miumjau.ee\/fi\/tuote\/hajunpoistaja-kissanhiekalle-beaphar-multi-fresh\/","name":"Hajunpoistaja kissanhiekalle Beaphar Multi Fresh - MiuMjau","isPartOf":{"@id":"https:\/\/miumjau.ee\/#website"},"primaryImageOfPage":{"@id":"https:\/\/miumjau.ee\/fi\/tuote\/hajunpoistaja-kissanhiekalle-beaphar-multi-fresh\/#primaryimage"},"image":{"@id":"https:\/\/miumjau.ee\/fi\/tuote\/hajunpoistaja-kissanhiekalle-beaphar-multi-fresh\/#primaryimage"},"thumbnailUrl":"https:\/\/miumjau.ee\/wp-content\/uploads\/2024\/07\/lohnade-eemaldaja-beaphar-multifresh3.jpg","datePublished":"2024-07-15T15:25:37+00:00","dateModified":"2026-01-07T20:47:31+00:00","breadcrumb":{"@id":"https:\/\/miumjau.ee\/fi\/tuote\/hajunpoistaja-kissanhiekalle-beaphar-multi-fresh\/#breadcrumb"},"inLanguage":"fi","potentialAction":[{"@type":"ReadAction","target":["https:\/\/miumjau.ee\/fi\/tuote\/hajunpoistaja-kissanhiekalle-beaphar-multi-fresh\/"]}]},{"@type":"ImageObject","inLanguage":"fi","@id":"https:\/\/miumjau.ee\/fi\/tuote\/hajunpoistaja-kissanhiekalle-beaphar-multi-fresh\/#primaryimage","url":"https:\/\/miumjau.ee\/wp-content\/uploads\/2024\/07\/lohnade-eemaldaja-beaphar-multifresh3.jpg","contentUrl":"https:\/\/miumjau.ee\/wp-content\/uploads\/2024\/07\/lohnade-eemaldaja-beaphar-multifresh3.jpg","width":600,"height":800},{"@type":"BreadcrumbList","@id":"https:\/\/miumjau.ee\/fi\/tuote\/hajunpoistaja-kissanhiekalle-beaphar-multi-fresh\/#breadcrumb","itemListElement":[{"@type":"ListItem","position":1,"name":"Home","item":"https:\/\/miumjau.ee\/fi\/"},{"@type":"ListItem","position":2,"name":"Kauppa","item":"https:\/\/miumjau.ee\/fi\/kauppa\/"},{"@type":"ListItem","position":3,"name":"Hajunpoistaja kissanhiekalle Beaphar Multi Fresh"}]},{"@type":"WebSite","@id":"https:\/\/miumjau.ee\/#website","url":"https:\/\/miumjau.ee\/","name":"MiuMjau","description":"Kraapimispuud kassidele","publisher":{"@id":"https:\/\/miumjau.ee\/#organization"},"potentialAction":[{"@type":"SearchAction","target":{"@type":"EntryPoint","urlTemplate":"https:\/\/miumjau.ee\/?s={search_term_string}"},"query-input":{"@type":"PropertyValueSpecification","valueRequired":true,"valueName":"search_term_string"}}],"inLanguage":"fi"},{"@type":"Organization","@id":"https:\/\/miumjau.ee\/#organization","name":"MiuMjau O\u00dc","url":"https:\/\/miumjau.ee\/","logo":{"@type":"ImageObject","inLanguage":"fi","@id":"https:\/\/miumjau.ee\/#\/schema\/logo\/image\/","url":"https:\/\/miumjau.ee\/wp-content\/uploads\/2022\/04\/MiuMjau-logo-kollane.png","contentUrl":"https:\/\/miumjau.ee\/wp-content\/uploads\/2022\/04\/MiuMjau-logo-kollane.png","width":219,"height":100,"caption":"MiuMjau O\u00dc"},"image":{"@id":"https:\/\/miumjau.ee\/#\/schema\/logo\/image\/"},"sameAs":["https:\/\/www.facebook.com\/miumjaupood\/"]}]}},"_links":{"self":[{"href":"https:\/\/miumjau.ee\/fi\/wp-json\/wp\/v2\/product\/45071","targetHints":{"allow":["GET"]}}],"collection":[{"href":"https:\/\/miumjau.ee\/fi\/wp-json\/wp\/v2\/product"}],"about":[{"href":"https:\/\/miumjau.ee\/fi\/wp-json\/wp\/v2\/types\/product"}],"wp:featuredmedia":[{"embeddable":true,"href":"https:\/\/miumjau.ee\/fi\/wp-json\/wp\/v2\/media\/21862"}],"wp:attachment":[{"href":"https:\/\/miumjau.ee\/fi\/wp-json\/wp\/v2\/media?parent=45071"}],"wp:term":[{"taxonomy":"product_brand","embeddable":true,"href":"https:\/\/miumjau.ee\/fi\/wp-json\/wp\/v2\/product_brand?post=45071"},{"taxonomy":"product_cat","embeddable":true,"href":"https:\/\/miumjau.ee\/fi\/wp-json\/wp\/v2\/product_cat?post=45071"},{"taxonomy":"product_tag","embeddable":true,"href":"https:\/\/miumjau.ee\/fi\/wp-json\/wp\/v2\/product_tag?post=45071"}],"curies":[{"name":"wp","href":"https:\/\/api.w.org\/{rel}","templated":true}]}}