{"id":44987,"date":"2025-06-29T14:57:26","date_gmt":"2025-06-29T11:57:26","guid":{"rendered":"https:\/\/miumjau.ee\/toode\/kissanhiekka-bentoniitti-northland-laventeli-10l\/"},"modified":"2026-01-07T22:47:31","modified_gmt":"2026-01-07T20:47:31","slug":"kissanhiekka-bentoniitti-northland-laventeli-10l","status":"publish","type":"product","link":"https:\/\/miumjau.ee\/fi\/tuote\/kissanhiekka-bentoniitti-northland-laventeli-10l\/","title":{"rendered":"Kissanhiekka bentoniitti Northland Laventeli 10L"},"content":{"rendered":"","protected":false},"excerpt":{"rendered":"<p data-start=\"2099\" data-end=\"2374\">Northland-bentoniittikissanhiekka on korkealaatuinen hiekka, joka on valmistettu luonnollisesta bentoniittisavesta. Se sopii kissoille, jotka arvostavat puhtautta ja mukavuutta, sill\u00e4 hiekka imee tehokkaasti kosteutta ja hajuja sek\u00e4 s\u00e4ilytt\u00e4\u00e4 miellytt\u00e4v\u00e4n laventelin tuoksun.<\/p>\n<p data-start=\"2376\" data-end=\"2860\"><strong data-start=\"2376\" data-end=\"2404\">T\u00e4rkeimm\u00e4t ominaisuudet:<\/strong><br data-start=\"2404\" data-end=\"2407\" \/>\u2022 <strong data-start=\"2409\" data-end=\"2434\">Eritt\u00e4in imukykyinen:<\/strong> bentoniittisavi imee tehokkaasti kosteuden ja nesteet, pit\u00e4en hiekan pinnan kuivana ja puhtaana.<br data-start=\"2531\" data-end=\"2534\" \/>\u2022 <strong data-start=\"2536\" data-end=\"2558\">Laventelin tuoksu:<\/strong> miellytt\u00e4v\u00e4 ja mieto tuoksu neutraloi hajuja ja luo rauhoittavan ilmapiirin.<br data-start=\"2635\" data-end=\"2638\" \/>\u2022 <strong data-start=\"2640\" data-end=\"2666\">Turvallinen kissoille:<\/strong> ei \u00e4rsyt\u00e4 tassuja tai hengitysteit\u00e4.<br data-start=\"2703\" data-end=\"2706\" \/>\u2022 <strong data-start=\"2708\" data-end=\"2729\">Helppo puhdistaa:<\/strong> muodostaa kovia paakkuja, mik\u00e4 helpottaa puhdistusta.<br data-start=\"2783\" data-end=\"2786\" \/>\u2022 Sopii erilaisiin kissanhiekkalaatikoihin.<br data-start=\"2829\" data-end=\"2832\" \/>\u2022 <strong data-start=\"2834\" data-end=\"2860\">Ei saa huuhtoa wc:hen.<\/strong><\/p>\n<p data-start=\"2862\" data-end=\"2979\">T\u00e4m\u00e4 kissanhiekka tarjoaa mukavuutta ja puhtautta sek\u00e4 kissoille ett\u00e4 omistajille ja pit\u00e4\u00e4 ilman raikkaana pidemp\u00e4\u00e4n.<\/p>\n","protected":false},"featured_media":37236,"template":"","meta":[],"product_brand":[],"product_cat":[286],"product_tag":[],"class_list":{"0":"post-44987","1":"product","2":"type-product","3":"status-publish","4":"has-post-thumbnail","6":"product_cat-kissanhiekka-fi","8":"first","9":"instock","10":"taxable","11":"shipping-taxable","12":"purchasable","13":"product-type-simple"},"yoast_head":"<!-- This site is optimized with the Yoast SEO plugin v27.2 - https:\/\/yoast.com\/product\/yoast-seo-wordpress\/ -->\n<title>Kissanhiekka bentoniitti Northland Laventeli 10L - MiuMjau<\/title>\n<meta name=\"robots\" content=\"index, follow, max-snippet:-1, max-image-preview:large, max-video-preview:-1\" \/>\n<link rel=\"canonical\" href=\"https:\/\/miumjau.ee\/fi\/tuote\/kissanhiekka-bentoniitti-northland-laventeli-10l\/\" \/>\n<meta property=\"og:locale\" content=\"fi_FI\" \/>\n<meta property=\"og:type\" content=\"article\" \/>\n<meta property=\"og:title\" content=\"Kissanhiekka bentoniitti Northland Laventeli 10L - MiuMjau\" \/>\n<meta property=\"og:description\" content=\"Northland-bentoniittikissanhiekka on korkealaatuinen hiekka, joka on valmistettu luonnollisesta bentoniittisavesta. Se sopii kissoille, jotka arvostavat puhtautta ja mukavuutta, sill\u00e4 hiekka imee tehokkaasti kosteutta ja hajuja sek\u00e4 s\u00e4ilytt\u00e4\u00e4 miellytt\u00e4v\u00e4n laventelin tuoksun. T\u00e4rkeimm\u00e4t ominaisuudet:\u2022 Eritt\u00e4in imukykyinen: bentoniittisavi imee tehokkaasti kosteuden ja nesteet, pit\u00e4en hiekan pinnan kuivana ja puhtaana.\u2022 Laventelin tuoksu: miellytt\u00e4v\u00e4 ja mieto tuoksu neutraloi hajuja ja luo rauhoittavan ilmapiirin.\u2022 Turvallinen kissoille: ei \u00e4rsyt\u00e4 tassuja tai hengitysteit\u00e4.\u2022 Helppo puhdistaa: muodostaa kovia paakkuja, mik\u00e4 helpottaa puhdistusta.\u2022 Sopii erilaisiin kissanhiekkalaatikoihin.\u2022 Ei saa huuhtoa wc:hen. T\u00e4m\u00e4 kissanhiekka tarjoaa mukavuutta ja puhtautta sek\u00e4 kissoille ett\u00e4 omistajille ja pit\u00e4\u00e4 ilman raikkaana pidemp\u00e4\u00e4n.\" \/>\n<meta property=\"og:url\" content=\"https:\/\/miumjau.ee\/fi\/tuote\/kissanhiekka-bentoniitti-northland-laventeli-10l\/\" \/>\n<meta property=\"og:site_name\" content=\"MiuMjau\" \/>\n<meta property=\"article:publisher\" content=\"https:\/\/www.facebook.com\/miumjaupood\/\" \/>\n<meta property=\"article:modified_time\" content=\"2026-01-07T20:47:31+00:00\" \/>\n<meta property=\"og:image\" content=\"https:\/\/miumjau.ee\/wp-content\/uploads\/2025\/06\/northland-bentoniit-kassiliiv3.jpg\" \/>\n\t<meta property=\"og:image:width\" content=\"600\" \/>\n\t<meta property=\"og:image:height\" content=\"800\" \/>\n\t<meta property=\"og:image:type\" content=\"image\/jpeg\" \/>\n<meta name=\"twitter:card\" content=\"summary_large_image\" \/>\n<script type=\"application\/ld+json\" class=\"yoast-schema-graph\">{\"@context\":\"https:\/\/schema.org\",\"@graph\":[{\"@type\":\"WebPage\",\"@id\":\"https:\/\/miumjau.ee\/fi\/tuote\/kissanhiekka-bentoniitti-northland-laventeli-10l\/\",\"url\":\"https:\/\/miumjau.ee\/fi\/tuote\/kissanhiekka-bentoniitti-northland-laventeli-10l\/\",\"name\":\"Kissanhiekka bentoniitti Northland Laventeli 10L - MiuMjau\",\"isPartOf\":{\"@id\":\"https:\/\/miumjau.ee\/#website\"},\"primaryImageOfPage\":{\"@id\":\"https:\/\/miumjau.ee\/fi\/tuote\/kissanhiekka-bentoniitti-northland-laventeli-10l\/#primaryimage\"},\"image\":{\"@id\":\"https:\/\/miumjau.ee\/fi\/tuote\/kissanhiekka-bentoniitti-northland-laventeli-10l\/#primaryimage\"},\"thumbnailUrl\":\"https:\/\/miumjau.ee\/wp-content\/uploads\/2025\/06\/northland-bentoniit-kassiliiv3.jpg\",\"datePublished\":\"2025-06-29T11:57:26+00:00\",\"dateModified\":\"2026-01-07T20:47:31+00:00\",\"breadcrumb\":{\"@id\":\"https:\/\/miumjau.ee\/fi\/tuote\/kissanhiekka-bentoniitti-northland-laventeli-10l\/#breadcrumb\"},\"inLanguage\":\"fi\",\"potentialAction\":[{\"@type\":\"ReadAction\",\"target\":[\"https:\/\/miumjau.ee\/fi\/tuote\/kissanhiekka-bentoniitti-northland-laventeli-10l\/\"]}]},{\"@type\":\"ImageObject\",\"inLanguage\":\"fi\",\"@id\":\"https:\/\/miumjau.ee\/fi\/tuote\/kissanhiekka-bentoniitti-northland-laventeli-10l\/#primaryimage\",\"url\":\"https:\/\/miumjau.ee\/wp-content\/uploads\/2025\/06\/northland-bentoniit-kassiliiv3.jpg\",\"contentUrl\":\"https:\/\/miumjau.ee\/wp-content\/uploads\/2025\/06\/northland-bentoniit-kassiliiv3.jpg\",\"width\":600,\"height\":800,\"caption\":\"Kassiliiv bentoniit Northland Lavendel 5L\"},{\"@type\":\"BreadcrumbList\",\"@id\":\"https:\/\/miumjau.ee\/fi\/tuote\/kissanhiekka-bentoniitti-northland-laventeli-10l\/#breadcrumb\",\"itemListElement\":[{\"@type\":\"ListItem\",\"position\":1,\"name\":\"Home\",\"item\":\"https:\/\/miumjau.ee\/fi\/\"},{\"@type\":\"ListItem\",\"position\":2,\"name\":\"Kauppa\",\"item\":\"https:\/\/miumjau.ee\/fi\/kauppa\/\"},{\"@type\":\"ListItem\",\"position\":3,\"name\":\"Kissanhiekka bentoniitti Northland Laventeli 10L\"}]},{\"@type\":\"WebSite\",\"@id\":\"https:\/\/miumjau.ee\/#website\",\"url\":\"https:\/\/miumjau.ee\/\",\"name\":\"MiuMjau\",\"description\":\"Kraapimispuud kassidele\",\"publisher\":{\"@id\":\"https:\/\/miumjau.ee\/#organization\"},\"potentialAction\":[{\"@type\":\"SearchAction\",\"target\":{\"@type\":\"EntryPoint\",\"urlTemplate\":\"https:\/\/miumjau.ee\/?s={search_term_string}\"},\"query-input\":{\"@type\":\"PropertyValueSpecification\",\"valueRequired\":true,\"valueName\":\"search_term_string\"}}],\"inLanguage\":\"fi\"},{\"@type\":\"Organization\",\"@id\":\"https:\/\/miumjau.ee\/#organization\",\"name\":\"MiuMjau O\u00dc\",\"url\":\"https:\/\/miumjau.ee\/\",\"logo\":{\"@type\":\"ImageObject\",\"inLanguage\":\"fi\",\"@id\":\"https:\/\/miumjau.ee\/#\/schema\/logo\/image\/\",\"url\":\"https:\/\/miumjau.ee\/wp-content\/uploads\/2022\/04\/MiuMjau-logo-kollane.png\",\"contentUrl\":\"https:\/\/miumjau.ee\/wp-content\/uploads\/2022\/04\/MiuMjau-logo-kollane.png\",\"width\":219,\"height\":100,\"caption\":\"MiuMjau O\u00dc\"},\"image\":{\"@id\":\"https:\/\/miumjau.ee\/#\/schema\/logo\/image\/\"},\"sameAs\":[\"https:\/\/www.facebook.com\/miumjaupood\/\"]}]}<\/script>\n<!-- \/ Yoast SEO plugin. -->","yoast_head_json":{"title":"Kissanhiekka bentoniitti Northland Laventeli 10L - MiuMjau","robots":{"index":"index","follow":"follow","max-snippet":"max-snippet:-1","max-image-preview":"max-image-preview:large","max-video-preview":"max-video-preview:-1"},"canonical":"https:\/\/miumjau.ee\/fi\/tuote\/kissanhiekka-bentoniitti-northland-laventeli-10l\/","og_locale":"fi_FI","og_type":"article","og_title":"Kissanhiekka bentoniitti Northland Laventeli 10L - MiuMjau","og_description":"Northland-bentoniittikissanhiekka on korkealaatuinen hiekka, joka on valmistettu luonnollisesta bentoniittisavesta. Se sopii kissoille, jotka arvostavat puhtautta ja mukavuutta, sill\u00e4 hiekka imee tehokkaasti kosteutta ja hajuja sek\u00e4 s\u00e4ilytt\u00e4\u00e4 miellytt\u00e4v\u00e4n laventelin tuoksun. T\u00e4rkeimm\u00e4t ominaisuudet:\u2022 Eritt\u00e4in imukykyinen: bentoniittisavi imee tehokkaasti kosteuden ja nesteet, pit\u00e4en hiekan pinnan kuivana ja puhtaana.\u2022 Laventelin tuoksu: miellytt\u00e4v\u00e4 ja mieto tuoksu neutraloi hajuja ja luo rauhoittavan ilmapiirin.\u2022 Turvallinen kissoille: ei \u00e4rsyt\u00e4 tassuja tai hengitysteit\u00e4.\u2022 Helppo puhdistaa: muodostaa kovia paakkuja, mik\u00e4 helpottaa puhdistusta.\u2022 Sopii erilaisiin kissanhiekkalaatikoihin.\u2022 Ei saa huuhtoa wc:hen. T\u00e4m\u00e4 kissanhiekka tarjoaa mukavuutta ja puhtautta sek\u00e4 kissoille ett\u00e4 omistajille ja pit\u00e4\u00e4 ilman raikkaana pidemp\u00e4\u00e4n.","og_url":"https:\/\/miumjau.ee\/fi\/tuote\/kissanhiekka-bentoniitti-northland-laventeli-10l\/","og_site_name":"MiuMjau","article_publisher":"https:\/\/www.facebook.com\/miumjaupood\/","article_modified_time":"2026-01-07T20:47:31+00:00","og_image":[{"width":600,"height":800,"url":"https:\/\/miumjau.ee\/wp-content\/uploads\/2025\/06\/northland-bentoniit-kassiliiv3.jpg","type":"image\/jpeg"}],"twitter_card":"summary_large_image","schema":{"@context":"https:\/\/schema.org","@graph":[{"@type":"WebPage","@id":"https:\/\/miumjau.ee\/fi\/tuote\/kissanhiekka-bentoniitti-northland-laventeli-10l\/","url":"https:\/\/miumjau.ee\/fi\/tuote\/kissanhiekka-bentoniitti-northland-laventeli-10l\/","name":"Kissanhiekka bentoniitti Northland Laventeli 10L - MiuMjau","isPartOf":{"@id":"https:\/\/miumjau.ee\/#website"},"primaryImageOfPage":{"@id":"https:\/\/miumjau.ee\/fi\/tuote\/kissanhiekka-bentoniitti-northland-laventeli-10l\/#primaryimage"},"image":{"@id":"https:\/\/miumjau.ee\/fi\/tuote\/kissanhiekka-bentoniitti-northland-laventeli-10l\/#primaryimage"},"thumbnailUrl":"https:\/\/miumjau.ee\/wp-content\/uploads\/2025\/06\/northland-bentoniit-kassiliiv3.jpg","datePublished":"2025-06-29T11:57:26+00:00","dateModified":"2026-01-07T20:47:31+00:00","breadcrumb":{"@id":"https:\/\/miumjau.ee\/fi\/tuote\/kissanhiekka-bentoniitti-northland-laventeli-10l\/#breadcrumb"},"inLanguage":"fi","potentialAction":[{"@type":"ReadAction","target":["https:\/\/miumjau.ee\/fi\/tuote\/kissanhiekka-bentoniitti-northland-laventeli-10l\/"]}]},{"@type":"ImageObject","inLanguage":"fi","@id":"https:\/\/miumjau.ee\/fi\/tuote\/kissanhiekka-bentoniitti-northland-laventeli-10l\/#primaryimage","url":"https:\/\/miumjau.ee\/wp-content\/uploads\/2025\/06\/northland-bentoniit-kassiliiv3.jpg","contentUrl":"https:\/\/miumjau.ee\/wp-content\/uploads\/2025\/06\/northland-bentoniit-kassiliiv3.jpg","width":600,"height":800,"caption":"Kassiliiv bentoniit Northland Lavendel 5L"},{"@type":"BreadcrumbList","@id":"https:\/\/miumjau.ee\/fi\/tuote\/kissanhiekka-bentoniitti-northland-laventeli-10l\/#breadcrumb","itemListElement":[{"@type":"ListItem","position":1,"name":"Home","item":"https:\/\/miumjau.ee\/fi\/"},{"@type":"ListItem","position":2,"name":"Kauppa","item":"https:\/\/miumjau.ee\/fi\/kauppa\/"},{"@type":"ListItem","position":3,"name":"Kissanhiekka bentoniitti Northland Laventeli 10L"}]},{"@type":"WebSite","@id":"https:\/\/miumjau.ee\/#website","url":"https:\/\/miumjau.ee\/","name":"MiuMjau","description":"Kraapimispuud kassidele","publisher":{"@id":"https:\/\/miumjau.ee\/#organization"},"potentialAction":[{"@type":"SearchAction","target":{"@type":"EntryPoint","urlTemplate":"https:\/\/miumjau.ee\/?s={search_term_string}"},"query-input":{"@type":"PropertyValueSpecification","valueRequired":true,"valueName":"search_term_string"}}],"inLanguage":"fi"},{"@type":"Organization","@id":"https:\/\/miumjau.ee\/#organization","name":"MiuMjau O\u00dc","url":"https:\/\/miumjau.ee\/","logo":{"@type":"ImageObject","inLanguage":"fi","@id":"https:\/\/miumjau.ee\/#\/schema\/logo\/image\/","url":"https:\/\/miumjau.ee\/wp-content\/uploads\/2022\/04\/MiuMjau-logo-kollane.png","contentUrl":"https:\/\/miumjau.ee\/wp-content\/uploads\/2022\/04\/MiuMjau-logo-kollane.png","width":219,"height":100,"caption":"MiuMjau O\u00dc"},"image":{"@id":"https:\/\/miumjau.ee\/#\/schema\/logo\/image\/"},"sameAs":["https:\/\/www.facebook.com\/miumjaupood\/"]}]}},"_links":{"self":[{"href":"https:\/\/miumjau.ee\/fi\/wp-json\/wp\/v2\/product\/44987","targetHints":{"allow":["GET"]}}],"collection":[{"href":"https:\/\/miumjau.ee\/fi\/wp-json\/wp\/v2\/product"}],"about":[{"href":"https:\/\/miumjau.ee\/fi\/wp-json\/wp\/v2\/types\/product"}],"wp:featuredmedia":[{"embeddable":true,"href":"https:\/\/miumjau.ee\/fi\/wp-json\/wp\/v2\/media\/37236"}],"wp:attachment":[{"href":"https:\/\/miumjau.ee\/fi\/wp-json\/wp\/v2\/media?parent=44987"}],"wp:term":[{"taxonomy":"product_brand","embeddable":true,"href":"https:\/\/miumjau.ee\/fi\/wp-json\/wp\/v2\/product_brand?post=44987"},{"taxonomy":"product_cat","embeddable":true,"href":"https:\/\/miumjau.ee\/fi\/wp-json\/wp\/v2\/product_cat?post=44987"},{"taxonomy":"product_tag","embeddable":true,"href":"https:\/\/miumjau.ee\/fi\/wp-json\/wp\/v2\/product_tag?post=44987"}],"curies":[{"name":"wp","href":"https:\/\/api.w.org\/{rel}","templated":true}]}}