{"id":43144,"date":"2025-10-27T19:46:26","date_gmt":"2025-10-27T17:46:26","guid":{"rendered":"https:\/\/miumjau.ee\/toode\/catfest-tonnikala-hyytelossa-12x50-g-2\/"},"modified":"2026-01-07T22:47:31","modified_gmt":"2026-01-07T20:47:31","slug":"catfest-tonnikala-hyytelossa-12x50-g-2","status":"publish","type":"product","link":"https:\/\/miumjau.ee\/fi\/tuote\/catfest-tonnikala-hyytelossa-12x50-g-2\/","title":{"rendered":"CatFest tonnikala hyytel\u00f6ss\u00e4, 12\u00d750 g"},"content":{"rendered":"","protected":false},"excerpt":{"rendered":"<p data-start=\"2152\" data-end=\"2464\">CatFest-sarjan m\u00e4rk\u00e4ruoka on valmistettu pehme\u00e4st\u00e4 Tyynenmeren tonnikalasta \u2013 todellinen herkku kissagurmeille. Tummassa tonnikalanlihassa on hienostunut rakenne ja voimakkaampi tuoksu, joka antaa ruoalle intensiivisen merellisen maun. Tarjotaan pehme\u00e4ss\u00e4 hyytel\u00f6ss\u00e4, joka parantaa ravintoaineiden imeytymist\u00e4.<\/p>\n<p data-start=\"2466\" data-end=\"2732\"><strong data-start=\"2466\" data-end=\"2480\">Koostumus:<\/strong> tonnikala 60 %, hiivauute, prebiootti FOS, anjovis\u00f6ljy, mineraalit.<br data-start=\"2548\" data-end=\"2551\" \/><strong data-start=\"2551\" data-end=\"2577\">Ravintoaineet (mg\/kg):<\/strong> E-vitamiini \u2013 1 000, tauriini \u2013 1 000.<br data-start=\"2616\" data-end=\"2619\" \/><strong data-start=\"2619\" data-end=\"2644\">Analysoitu koostumus:<\/strong> raakaproteiini 9 %, raakarasva 0,5 %, raakatuhka 1,5 %, raakakuitu 1 %, kosteus 88 %.<\/p>\n<p data-start=\"2734\" data-end=\"3014\"><strong data-start=\"2734\" data-end=\"2745\">K\u00e4ytt\u00f6:<\/strong> Soveltuu luonnolliseksi lis\u00e4ravinnoksi kaikille aikuisille kissoille, my\u00f6s steriloiduille tai herk\u00e4n vatsan omaaville kissoille.<br data-start=\"2874\" data-end=\"2877\" \/>Tarjoa huoneenl\u00e4mp\u00f6isen\u00e4. S\u00e4ilyt\u00e4 viile\u00e4ss\u00e4 ja kuivassa paikassa. Enint\u00e4\u00e4n 3 annospussia p\u00e4iv\u00e4ss\u00e4. Pid\u00e4 aina raikasta vett\u00e4 saatavilla.<\/p>\n","protected":false},"featured_media":39916,"template":"","meta":[],"product_brand":[],"product_cat":[264],"product_tag":[],"class_list":{"0":"post-43144","1":"product","2":"type-product","3":"status-publish","4":"has-post-thumbnail","6":"product_cat-marka-ruoka","8":"first","9":"instock","10":"taxable","11":"shipping-taxable","12":"purchasable","13":"product-type-simple"},"yoast_head":"<!-- This site is optimized with the Yoast SEO plugin v27.4 - https:\/\/yoast.com\/product\/yoast-seo-wordpress\/ -->\n<title>CatFest tonnikala hyytel\u00f6ss\u00e4, 12\u00d750 g - MiuMjau<\/title>\n<meta name=\"robots\" content=\"index, follow, max-snippet:-1, max-image-preview:large, max-video-preview:-1\" \/>\n<link rel=\"canonical\" href=\"https:\/\/miumjau.ee\/fi\/tuote\/catfest-tonnikala-hyytelossa-12x50-g-2\/\" \/>\n<meta property=\"og:locale\" content=\"fi_FI\" \/>\n<meta property=\"og:type\" content=\"article\" \/>\n<meta property=\"og:title\" content=\"CatFest tonnikala hyytel\u00f6ss\u00e4, 12\u00d750 g - MiuMjau\" \/>\n<meta property=\"og:description\" content=\"CatFest-sarjan m\u00e4rk\u00e4ruoka on valmistettu pehme\u00e4st\u00e4 Tyynenmeren tonnikalasta \u2013 todellinen herkku kissagurmeille. Tummassa tonnikalanlihassa on hienostunut rakenne ja voimakkaampi tuoksu, joka antaa ruoalle intensiivisen merellisen maun. Tarjotaan pehme\u00e4ss\u00e4 hyytel\u00f6ss\u00e4, joka parantaa ravintoaineiden imeytymist\u00e4. Koostumus: tonnikala 60 %, hiivauute, prebiootti FOS, anjovis\u00f6ljy, mineraalit.Ravintoaineet (mg\/kg): E-vitamiini \u2013 1 000, tauriini \u2013 1 000.Analysoitu koostumus: raakaproteiini 9 %, raakarasva 0,5 %, raakatuhka 1,5 %, raakakuitu 1 %, kosteus 88 %. K\u00e4ytt\u00f6: Soveltuu luonnolliseksi lis\u00e4ravinnoksi kaikille aikuisille kissoille, my\u00f6s steriloiduille tai herk\u00e4n vatsan omaaville kissoille.Tarjoa huoneenl\u00e4mp\u00f6isen\u00e4. S\u00e4ilyt\u00e4 viile\u00e4ss\u00e4 ja kuivassa paikassa. Enint\u00e4\u00e4n 3 annospussia p\u00e4iv\u00e4ss\u00e4. Pid\u00e4 aina raikasta vett\u00e4 saatavilla.\" \/>\n<meta property=\"og:url\" content=\"https:\/\/miumjau.ee\/fi\/tuote\/catfest-tonnikala-hyytelossa-12x50-g-2\/\" \/>\n<meta property=\"og:site_name\" content=\"MiuMjau\" \/>\n<meta property=\"article:publisher\" content=\"https:\/\/www.facebook.com\/miumjaupood\/\" \/>\n<meta property=\"article:modified_time\" content=\"2026-01-07T20:47:31+00:00\" \/>\n<meta property=\"og:image\" content=\"https:\/\/miumjau.ee\/wp-content\/uploads\/2025\/09\/catfest-meal-margtoit-kassile3.jpg\" \/>\n\t<meta property=\"og:image:width\" content=\"1200\" \/>\n\t<meta property=\"og:image:height\" content=\"1600\" \/>\n\t<meta property=\"og:image:type\" content=\"image\/jpeg\" \/>\n<meta name=\"twitter:card\" content=\"summary_large_image\" \/>\n<script type=\"application\/ld+json\" class=\"yoast-schema-graph\">{\"@context\":\"https:\\\/\\\/schema.org\",\"@graph\":[{\"@type\":\"WebPage\",\"@id\":\"https:\\\/\\\/miumjau.ee\\\/fi\\\/tuote\\\/catfest-tonnikala-hyytelossa-12x50-g-2\\\/\",\"url\":\"https:\\\/\\\/miumjau.ee\\\/fi\\\/tuote\\\/catfest-tonnikala-hyytelossa-12x50-g-2\\\/\",\"name\":\"CatFest tonnikala hyytel\u00f6ss\u00e4, 12\u00d750 g - MiuMjau\",\"isPartOf\":{\"@id\":\"https:\\\/\\\/miumjau.ee\\\/#website\"},\"primaryImageOfPage\":{\"@id\":\"https:\\\/\\\/miumjau.ee\\\/fi\\\/tuote\\\/catfest-tonnikala-hyytelossa-12x50-g-2\\\/#primaryimage\"},\"image\":{\"@id\":\"https:\\\/\\\/miumjau.ee\\\/fi\\\/tuote\\\/catfest-tonnikala-hyytelossa-12x50-g-2\\\/#primaryimage\"},\"thumbnailUrl\":\"https:\\\/\\\/miumjau.ee\\\/wp-content\\\/uploads\\\/2025\\\/09\\\/catfest-meal-margtoit-kassile3.jpg\",\"datePublished\":\"2025-10-27T17:46:26+00:00\",\"dateModified\":\"2026-01-07T20:47:31+00:00\",\"breadcrumb\":{\"@id\":\"https:\\\/\\\/miumjau.ee\\\/fi\\\/tuote\\\/catfest-tonnikala-hyytelossa-12x50-g-2\\\/#breadcrumb\"},\"inLanguage\":\"fi\",\"potentialAction\":[{\"@type\":\"ReadAction\",\"target\":[\"https:\\\/\\\/miumjau.ee\\\/fi\\\/tuote\\\/catfest-tonnikala-hyytelossa-12x50-g-2\\\/\"]}]},{\"@type\":\"ImageObject\",\"inLanguage\":\"fi\",\"@id\":\"https:\\\/\\\/miumjau.ee\\\/fi\\\/tuote\\\/catfest-tonnikala-hyytelossa-12x50-g-2\\\/#primaryimage\",\"url\":\"https:\\\/\\\/miumjau.ee\\\/wp-content\\\/uploads\\\/2025\\\/09\\\/catfest-meal-margtoit-kassile3.jpg\",\"contentUrl\":\"https:\\\/\\\/miumjau.ee\\\/wp-content\\\/uploads\\\/2025\\\/09\\\/catfest-meal-margtoit-kassile3.jpg\",\"width\":1200,\"height\":1600,\"caption\":\"CatFest tuunikala tarrendis,12x50g\"},{\"@type\":\"BreadcrumbList\",\"@id\":\"https:\\\/\\\/miumjau.ee\\\/fi\\\/tuote\\\/catfest-tonnikala-hyytelossa-12x50-g-2\\\/#breadcrumb\",\"itemListElement\":[{\"@type\":\"ListItem\",\"position\":1,\"name\":\"Home\",\"item\":\"https:\\\/\\\/miumjau.ee\\\/fi\\\/\"},{\"@type\":\"ListItem\",\"position\":2,\"name\":\"Kauppa\",\"item\":\"https:\\\/\\\/miumjau.ee\\\/fi\\\/kauppa\\\/\"},{\"@type\":\"ListItem\",\"position\":3,\"name\":\"CatFest tonnikala hyytel\u00f6ss\u00e4, 12\u00d750 g\"}]},{\"@type\":\"WebSite\",\"@id\":\"https:\\\/\\\/miumjau.ee\\\/#website\",\"url\":\"https:\\\/\\\/miumjau.ee\\\/\",\"name\":\"MiuMjau\",\"description\":\"Kraapimispuud kassidele\",\"publisher\":{\"@id\":\"https:\\\/\\\/miumjau.ee\\\/#organization\"},\"potentialAction\":[{\"@type\":\"SearchAction\",\"target\":{\"@type\":\"EntryPoint\",\"urlTemplate\":\"https:\\\/\\\/miumjau.ee\\\/?s={search_term_string}\"},\"query-input\":{\"@type\":\"PropertyValueSpecification\",\"valueRequired\":true,\"valueName\":\"search_term_string\"}}],\"inLanguage\":\"fi\"},{\"@type\":\"Organization\",\"@id\":\"https:\\\/\\\/miumjau.ee\\\/#organization\",\"name\":\"MiuMjau O\u00dc\",\"url\":\"https:\\\/\\\/miumjau.ee\\\/\",\"logo\":{\"@type\":\"ImageObject\",\"inLanguage\":\"fi\",\"@id\":\"https:\\\/\\\/miumjau.ee\\\/#\\\/schema\\\/logo\\\/image\\\/\",\"url\":\"https:\\\/\\\/miumjau.ee\\\/wp-content\\\/uploads\\\/2022\\\/04\\\/MiuMjau-logo-kollane.png\",\"contentUrl\":\"https:\\\/\\\/miumjau.ee\\\/wp-content\\\/uploads\\\/2022\\\/04\\\/MiuMjau-logo-kollane.png\",\"width\":219,\"height\":100,\"caption\":\"MiuMjau O\u00dc\"},\"image\":{\"@id\":\"https:\\\/\\\/miumjau.ee\\\/#\\\/schema\\\/logo\\\/image\\\/\"},\"sameAs\":[\"https:\\\/\\\/www.facebook.com\\\/miumjaupood\\\/\"]}]}<\/script>\n<!-- \/ Yoast SEO plugin. -->","yoast_head_json":{"title":"CatFest tonnikala hyytel\u00f6ss\u00e4, 12\u00d750 g - MiuMjau","robots":{"index":"index","follow":"follow","max-snippet":"max-snippet:-1","max-image-preview":"max-image-preview:large","max-video-preview":"max-video-preview:-1"},"canonical":"https:\/\/miumjau.ee\/fi\/tuote\/catfest-tonnikala-hyytelossa-12x50-g-2\/","og_locale":"fi_FI","og_type":"article","og_title":"CatFest tonnikala hyytel\u00f6ss\u00e4, 12\u00d750 g - MiuMjau","og_description":"CatFest-sarjan m\u00e4rk\u00e4ruoka on valmistettu pehme\u00e4st\u00e4 Tyynenmeren tonnikalasta \u2013 todellinen herkku kissagurmeille. Tummassa tonnikalanlihassa on hienostunut rakenne ja voimakkaampi tuoksu, joka antaa ruoalle intensiivisen merellisen maun. Tarjotaan pehme\u00e4ss\u00e4 hyytel\u00f6ss\u00e4, joka parantaa ravintoaineiden imeytymist\u00e4. Koostumus: tonnikala 60 %, hiivauute, prebiootti FOS, anjovis\u00f6ljy, mineraalit.Ravintoaineet (mg\/kg): E-vitamiini \u2013 1 000, tauriini \u2013 1 000.Analysoitu koostumus: raakaproteiini 9 %, raakarasva 0,5 %, raakatuhka 1,5 %, raakakuitu 1 %, kosteus 88 %. K\u00e4ytt\u00f6: Soveltuu luonnolliseksi lis\u00e4ravinnoksi kaikille aikuisille kissoille, my\u00f6s steriloiduille tai herk\u00e4n vatsan omaaville kissoille.Tarjoa huoneenl\u00e4mp\u00f6isen\u00e4. S\u00e4ilyt\u00e4 viile\u00e4ss\u00e4 ja kuivassa paikassa. Enint\u00e4\u00e4n 3 annospussia p\u00e4iv\u00e4ss\u00e4. Pid\u00e4 aina raikasta vett\u00e4 saatavilla.","og_url":"https:\/\/miumjau.ee\/fi\/tuote\/catfest-tonnikala-hyytelossa-12x50-g-2\/","og_site_name":"MiuMjau","article_publisher":"https:\/\/www.facebook.com\/miumjaupood\/","article_modified_time":"2026-01-07T20:47:31+00:00","og_image":[{"width":1200,"height":1600,"url":"https:\/\/miumjau.ee\/wp-content\/uploads\/2025\/09\/catfest-meal-margtoit-kassile3.jpg","type":"image\/jpeg"}],"twitter_card":"summary_large_image","schema":{"@context":"https:\/\/schema.org","@graph":[{"@type":"WebPage","@id":"https:\/\/miumjau.ee\/fi\/tuote\/catfest-tonnikala-hyytelossa-12x50-g-2\/","url":"https:\/\/miumjau.ee\/fi\/tuote\/catfest-tonnikala-hyytelossa-12x50-g-2\/","name":"CatFest tonnikala hyytel\u00f6ss\u00e4, 12\u00d750 g - MiuMjau","isPartOf":{"@id":"https:\/\/miumjau.ee\/#website"},"primaryImageOfPage":{"@id":"https:\/\/miumjau.ee\/fi\/tuote\/catfest-tonnikala-hyytelossa-12x50-g-2\/#primaryimage"},"image":{"@id":"https:\/\/miumjau.ee\/fi\/tuote\/catfest-tonnikala-hyytelossa-12x50-g-2\/#primaryimage"},"thumbnailUrl":"https:\/\/miumjau.ee\/wp-content\/uploads\/2025\/09\/catfest-meal-margtoit-kassile3.jpg","datePublished":"2025-10-27T17:46:26+00:00","dateModified":"2026-01-07T20:47:31+00:00","breadcrumb":{"@id":"https:\/\/miumjau.ee\/fi\/tuote\/catfest-tonnikala-hyytelossa-12x50-g-2\/#breadcrumb"},"inLanguage":"fi","potentialAction":[{"@type":"ReadAction","target":["https:\/\/miumjau.ee\/fi\/tuote\/catfest-tonnikala-hyytelossa-12x50-g-2\/"]}]},{"@type":"ImageObject","inLanguage":"fi","@id":"https:\/\/miumjau.ee\/fi\/tuote\/catfest-tonnikala-hyytelossa-12x50-g-2\/#primaryimage","url":"https:\/\/miumjau.ee\/wp-content\/uploads\/2025\/09\/catfest-meal-margtoit-kassile3.jpg","contentUrl":"https:\/\/miumjau.ee\/wp-content\/uploads\/2025\/09\/catfest-meal-margtoit-kassile3.jpg","width":1200,"height":1600,"caption":"CatFest tuunikala tarrendis,12x50g"},{"@type":"BreadcrumbList","@id":"https:\/\/miumjau.ee\/fi\/tuote\/catfest-tonnikala-hyytelossa-12x50-g-2\/#breadcrumb","itemListElement":[{"@type":"ListItem","position":1,"name":"Home","item":"https:\/\/miumjau.ee\/fi\/"},{"@type":"ListItem","position":2,"name":"Kauppa","item":"https:\/\/miumjau.ee\/fi\/kauppa\/"},{"@type":"ListItem","position":3,"name":"CatFest tonnikala hyytel\u00f6ss\u00e4, 12\u00d750 g"}]},{"@type":"WebSite","@id":"https:\/\/miumjau.ee\/#website","url":"https:\/\/miumjau.ee\/","name":"MiuMjau","description":"Kraapimispuud kassidele","publisher":{"@id":"https:\/\/miumjau.ee\/#organization"},"potentialAction":[{"@type":"SearchAction","target":{"@type":"EntryPoint","urlTemplate":"https:\/\/miumjau.ee\/?s={search_term_string}"},"query-input":{"@type":"PropertyValueSpecification","valueRequired":true,"valueName":"search_term_string"}}],"inLanguage":"fi"},{"@type":"Organization","@id":"https:\/\/miumjau.ee\/#organization","name":"MiuMjau O\u00dc","url":"https:\/\/miumjau.ee\/","logo":{"@type":"ImageObject","inLanguage":"fi","@id":"https:\/\/miumjau.ee\/#\/schema\/logo\/image\/","url":"https:\/\/miumjau.ee\/wp-content\/uploads\/2022\/04\/MiuMjau-logo-kollane.png","contentUrl":"https:\/\/miumjau.ee\/wp-content\/uploads\/2022\/04\/MiuMjau-logo-kollane.png","width":219,"height":100,"caption":"MiuMjau O\u00dc"},"image":{"@id":"https:\/\/miumjau.ee\/#\/schema\/logo\/image\/"},"sameAs":["https:\/\/www.facebook.com\/miumjaupood\/"]}]}},"_links":{"self":[{"href":"https:\/\/miumjau.ee\/fi\/wp-json\/wp\/v2\/product\/43144","targetHints":{"allow":["GET"]}}],"collection":[{"href":"https:\/\/miumjau.ee\/fi\/wp-json\/wp\/v2\/product"}],"about":[{"href":"https:\/\/miumjau.ee\/fi\/wp-json\/wp\/v2\/types\/product"}],"wp:featuredmedia":[{"embeddable":true,"href":"https:\/\/miumjau.ee\/fi\/wp-json\/wp\/v2\/media\/39916"}],"wp:attachment":[{"href":"https:\/\/miumjau.ee\/fi\/wp-json\/wp\/v2\/media?parent=43144"}],"wp:term":[{"taxonomy":"product_brand","embeddable":true,"href":"https:\/\/miumjau.ee\/fi\/wp-json\/wp\/v2\/product_brand?post=43144"},{"taxonomy":"product_cat","embeddable":true,"href":"https:\/\/miumjau.ee\/fi\/wp-json\/wp\/v2\/product_cat?post=43144"},{"taxonomy":"product_tag","embeddable":true,"href":"https:\/\/miumjau.ee\/fi\/wp-json\/wp\/v2\/product_tag?post=43144"}],"curies":[{"name":"wp","href":"https:\/\/api.w.org\/{rel}","templated":true}]}}