{"id":42543,"date":"2025-09-16T13:12:56","date_gmt":"2025-09-16T10:12:56","guid":{"rendered":"https:\/\/miumjau.ee\/toode\/prospera-plus-kitten-chicken-healthy-development-0-4kg\/"},"modified":"2026-01-07T22:47:38","modified_gmt":"2026-01-07T20:47:38","slug":"prospera-plus-kitten-chicken-healthy-development-0-4kg","status":"publish","type":"product","link":"https:\/\/miumjau.ee\/fi\/tuote\/prospera-plus-kitten-chicken-healthy-development-0-4kg\/","title":{"rendered":"Prospera Plus Kitten Chicken Healthy Development, 0.4kg"},"content":{"rendered":"","protected":false},"excerpt":{"rendered":"<p data-start=\"93\" data-end=\"168\">T\u00e4ysravinto kuivaruoalle pennuille kanalla, ik\u00e4 4 viikosta 12 kuukauteen.<\/p>\n<p data-start=\"170\" data-end=\"581\">Varmistaa pennun terve kasvun ja kehityksen.<br data-start=\"214\" data-end=\"217\" \/>Sopii my\u00f6s tiineille ja imett\u00e4ville kissoille.<br data-start=\"263\" data-end=\"266\" \/>Tukee tervett\u00e4 aivojen ja n\u00e4\u00f6n kehityst\u00e4 lohesta saadun DHA:n ja tauriinin ansiosta.<br data-start=\"350\" data-end=\"353\" \/>Tukee terveiden hampaiden ja luiden kasvua tasapainoisen mineraalisuhteen ansiosta.<br data-start=\"436\" data-end=\"439\" \/>Sis\u00e4lt\u00e4\u00e4 laadukasta proteiinia, joka auttaa tukemaan lihasten kehityst\u00e4.<br data-start=\"511\" data-end=\"514\" \/>Rikastettu tauriinilla, kurkumalla, rosmariinilla ja karpaloilla.<\/p>\n<p data-start=\"583\" data-end=\"951\"><strong data-start=\"583\" data-end=\"597\">Ainesosat:<\/strong> kananlihaproteiini (42%), maissi (30%), siipikarjan rasva (13%), riisi (5%), hydrolysoitu kananmaksa (3%), kuivattu punajuuri (3%), oluthiiva (2%), lohi\u00f6ljy (1,5%), hernejauho (0,4565%), manno-oligosakkaridit (0,012%), frukto-oligosakkaridit (0,01%), yucca (0,0065%), kuivattu rosmariini (0,005%), kuivattu kurkuma (0,005%), kuivattu karpalo (0,005%).<\/p>\n<p data-start=\"953\" data-end=\"1171\"><strong data-start=\"953\" data-end=\"978\">Analysoitu koostumus:<\/strong> raakavalku 36,0%, raakrasva 17,0%, raakatuhka 6,0%, raakakuitu 1,5%, kosteus 9,0%, kalsium 1,4%, fosfori 1,1%, natrium 0,2%, magnesium 0,1%, omega-3-rasvahapot 0,2%, omega-6-rasvahapot 2,2%.<\/p>\n","protected":false},"featured_media":39526,"template":"","meta":[],"product_brand":[],"product_cat":[255],"product_tag":[],"class_list":{"0":"post-42543","1":"product","2":"type-product","3":"status-publish","4":"has-post-thumbnail","6":"product_cat-kuiva-ruoka","8":"first","9":"instock","10":"sale","11":"taxable","12":"shipping-taxable","13":"purchasable","14":"product-type-simple"},"yoast_head":"<!-- This site is optimized with the Yoast SEO plugin v27.4 - https:\/\/yoast.com\/product\/yoast-seo-wordpress\/ -->\n<title>Prospera Plus Kitten Chicken Healthy Development, 0.4kg - MiuMjau<\/title>\n<meta name=\"robots\" content=\"index, follow, max-snippet:-1, max-image-preview:large, max-video-preview:-1\" \/>\n<link rel=\"canonical\" href=\"https:\/\/miumjau.ee\/fi\/tuote\/prospera-plus-kitten-chicken-healthy-development-0-4kg\/\" \/>\n<meta property=\"og:locale\" content=\"fi_FI\" \/>\n<meta property=\"og:type\" content=\"article\" \/>\n<meta property=\"og:title\" content=\"Prospera Plus Kitten Chicken Healthy Development, 0.4kg - MiuMjau\" \/>\n<meta property=\"og:description\" content=\"T\u00e4ysravinto kuivaruoalle pennuille kanalla, ik\u00e4 4 viikosta 12 kuukauteen. Varmistaa pennun terve kasvun ja kehityksen.Sopii my\u00f6s tiineille ja imett\u00e4ville kissoille.Tukee tervett\u00e4 aivojen ja n\u00e4\u00f6n kehityst\u00e4 lohesta saadun DHA:n ja tauriinin ansiosta.Tukee terveiden hampaiden ja luiden kasvua tasapainoisen mineraalisuhteen ansiosta.Sis\u00e4lt\u00e4\u00e4 laadukasta proteiinia, joka auttaa tukemaan lihasten kehityst\u00e4.Rikastettu tauriinilla, kurkumalla, rosmariinilla ja karpaloilla. Ainesosat: kananlihaproteiini (42%), maissi (30%), siipikarjan rasva (13%), riisi (5%), hydrolysoitu kananmaksa (3%), kuivattu punajuuri (3%), oluthiiva (2%), lohi\u00f6ljy (1,5%), hernejauho (0,4565%), manno-oligosakkaridit (0,012%), frukto-oligosakkaridit (0,01%), yucca (0,0065%), kuivattu rosmariini (0,005%), kuivattu kurkuma (0,005%), kuivattu karpalo (0,005%). Analysoitu koostumus: raakavalku 36,0%, raakrasva 17,0%, raakatuhka 6,0%, raakakuitu 1,5%, kosteus 9,0%, kalsium 1,4%, fosfori 1,1%, natrium 0,2%, magnesium 0,1%, omega-3-rasvahapot 0,2%, omega-6-rasvahapot 2,2%.\" \/>\n<meta property=\"og:url\" content=\"https:\/\/miumjau.ee\/fi\/tuote\/prospera-plus-kitten-chicken-healthy-development-0-4kg\/\" \/>\n<meta property=\"og:site_name\" content=\"MiuMjau\" \/>\n<meta property=\"article:publisher\" content=\"https:\/\/www.facebook.com\/miumjaupood\/\" \/>\n<meta property=\"article:modified_time\" content=\"2026-01-07T20:47:38+00:00\" \/>\n<meta property=\"og:image\" content=\"https:\/\/miumjau.ee\/wp-content\/uploads\/2025\/09\/prospera-kuivtoit-kassile24.jpg\" \/>\n\t<meta property=\"og:image:width\" content=\"600\" \/>\n\t<meta property=\"og:image:height\" content=\"800\" \/>\n\t<meta property=\"og:image:type\" content=\"image\/jpeg\" \/>\n<meta name=\"twitter:card\" content=\"summary_large_image\" \/>\n<script type=\"application\/ld+json\" class=\"yoast-schema-graph\">{\"@context\":\"https:\\\/\\\/schema.org\",\"@graph\":[{\"@type\":\"WebPage\",\"@id\":\"https:\\\/\\\/miumjau.ee\\\/fi\\\/tuote\\\/prospera-plus-kitten-chicken-healthy-development-0-4kg\\\/\",\"url\":\"https:\\\/\\\/miumjau.ee\\\/fi\\\/tuote\\\/prospera-plus-kitten-chicken-healthy-development-0-4kg\\\/\",\"name\":\"Prospera Plus Kitten Chicken Healthy Development, 0.4kg - MiuMjau\",\"isPartOf\":{\"@id\":\"https:\\\/\\\/miumjau.ee\\\/#website\"},\"primaryImageOfPage\":{\"@id\":\"https:\\\/\\\/miumjau.ee\\\/fi\\\/tuote\\\/prospera-plus-kitten-chicken-healthy-development-0-4kg\\\/#primaryimage\"},\"image\":{\"@id\":\"https:\\\/\\\/miumjau.ee\\\/fi\\\/tuote\\\/prospera-plus-kitten-chicken-healthy-development-0-4kg\\\/#primaryimage\"},\"thumbnailUrl\":\"https:\\\/\\\/miumjau.ee\\\/wp-content\\\/uploads\\\/2025\\\/09\\\/prospera-kuivtoit-kassile24.jpg\",\"datePublished\":\"2025-09-16T10:12:56+00:00\",\"dateModified\":\"2026-01-07T20:47:38+00:00\",\"breadcrumb\":{\"@id\":\"https:\\\/\\\/miumjau.ee\\\/fi\\\/tuote\\\/prospera-plus-kitten-chicken-healthy-development-0-4kg\\\/#breadcrumb\"},\"inLanguage\":\"fi\",\"potentialAction\":[{\"@type\":\"ReadAction\",\"target\":[\"https:\\\/\\\/miumjau.ee\\\/fi\\\/tuote\\\/prospera-plus-kitten-chicken-healthy-development-0-4kg\\\/\"]}]},{\"@type\":\"ImageObject\",\"inLanguage\":\"fi\",\"@id\":\"https:\\\/\\\/miumjau.ee\\\/fi\\\/tuote\\\/prospera-plus-kitten-chicken-healthy-development-0-4kg\\\/#primaryimage\",\"url\":\"https:\\\/\\\/miumjau.ee\\\/wp-content\\\/uploads\\\/2025\\\/09\\\/prospera-kuivtoit-kassile24.jpg\",\"contentUrl\":\"https:\\\/\\\/miumjau.ee\\\/wp-content\\\/uploads\\\/2025\\\/09\\\/prospera-kuivtoit-kassile24.jpg\",\"width\":600,\"height\":800,\"caption\":\"Prospera Plus Kitten Chicken Healthy Development, 0.4kg\"},{\"@type\":\"BreadcrumbList\",\"@id\":\"https:\\\/\\\/miumjau.ee\\\/fi\\\/tuote\\\/prospera-plus-kitten-chicken-healthy-development-0-4kg\\\/#breadcrumb\",\"itemListElement\":[{\"@type\":\"ListItem\",\"position\":1,\"name\":\"Home\",\"item\":\"https:\\\/\\\/miumjau.ee\\\/fi\\\/\"},{\"@type\":\"ListItem\",\"position\":2,\"name\":\"Kauppa\",\"item\":\"https:\\\/\\\/miumjau.ee\\\/fi\\\/kauppa\\\/\"},{\"@type\":\"ListItem\",\"position\":3,\"name\":\"Prospera Plus Kitten Chicken Healthy Development, 0.4kg\"}]},{\"@type\":\"WebSite\",\"@id\":\"https:\\\/\\\/miumjau.ee\\\/#website\",\"url\":\"https:\\\/\\\/miumjau.ee\\\/\",\"name\":\"MiuMjau\",\"description\":\"Kraapimispuud kassidele\",\"publisher\":{\"@id\":\"https:\\\/\\\/miumjau.ee\\\/#organization\"},\"potentialAction\":[{\"@type\":\"SearchAction\",\"target\":{\"@type\":\"EntryPoint\",\"urlTemplate\":\"https:\\\/\\\/miumjau.ee\\\/?s={search_term_string}\"},\"query-input\":{\"@type\":\"PropertyValueSpecification\",\"valueRequired\":true,\"valueName\":\"search_term_string\"}}],\"inLanguage\":\"fi\"},{\"@type\":\"Organization\",\"@id\":\"https:\\\/\\\/miumjau.ee\\\/#organization\",\"name\":\"MiuMjau O\u00dc\",\"url\":\"https:\\\/\\\/miumjau.ee\\\/\",\"logo\":{\"@type\":\"ImageObject\",\"inLanguage\":\"fi\",\"@id\":\"https:\\\/\\\/miumjau.ee\\\/#\\\/schema\\\/logo\\\/image\\\/\",\"url\":\"https:\\\/\\\/miumjau.ee\\\/wp-content\\\/uploads\\\/2022\\\/04\\\/MiuMjau-logo-kollane.png\",\"contentUrl\":\"https:\\\/\\\/miumjau.ee\\\/wp-content\\\/uploads\\\/2022\\\/04\\\/MiuMjau-logo-kollane.png\",\"width\":219,\"height\":100,\"caption\":\"MiuMjau O\u00dc\"},\"image\":{\"@id\":\"https:\\\/\\\/miumjau.ee\\\/#\\\/schema\\\/logo\\\/image\\\/\"},\"sameAs\":[\"https:\\\/\\\/www.facebook.com\\\/miumjaupood\\\/\"]}]}<\/script>\n<!-- \/ Yoast SEO plugin. -->","yoast_head_json":{"title":"Prospera Plus Kitten Chicken Healthy Development, 0.4kg - MiuMjau","robots":{"index":"index","follow":"follow","max-snippet":"max-snippet:-1","max-image-preview":"max-image-preview:large","max-video-preview":"max-video-preview:-1"},"canonical":"https:\/\/miumjau.ee\/fi\/tuote\/prospera-plus-kitten-chicken-healthy-development-0-4kg\/","og_locale":"fi_FI","og_type":"article","og_title":"Prospera Plus Kitten Chicken Healthy Development, 0.4kg - MiuMjau","og_description":"T\u00e4ysravinto kuivaruoalle pennuille kanalla, ik\u00e4 4 viikosta 12 kuukauteen. Varmistaa pennun terve kasvun ja kehityksen.Sopii my\u00f6s tiineille ja imett\u00e4ville kissoille.Tukee tervett\u00e4 aivojen ja n\u00e4\u00f6n kehityst\u00e4 lohesta saadun DHA:n ja tauriinin ansiosta.Tukee terveiden hampaiden ja luiden kasvua tasapainoisen mineraalisuhteen ansiosta.Sis\u00e4lt\u00e4\u00e4 laadukasta proteiinia, joka auttaa tukemaan lihasten kehityst\u00e4.Rikastettu tauriinilla, kurkumalla, rosmariinilla ja karpaloilla. Ainesosat: kananlihaproteiini (42%), maissi (30%), siipikarjan rasva (13%), riisi (5%), hydrolysoitu kananmaksa (3%), kuivattu punajuuri (3%), oluthiiva (2%), lohi\u00f6ljy (1,5%), hernejauho (0,4565%), manno-oligosakkaridit (0,012%), frukto-oligosakkaridit (0,01%), yucca (0,0065%), kuivattu rosmariini (0,005%), kuivattu kurkuma (0,005%), kuivattu karpalo (0,005%). Analysoitu koostumus: raakavalku 36,0%, raakrasva 17,0%, raakatuhka 6,0%, raakakuitu 1,5%, kosteus 9,0%, kalsium 1,4%, fosfori 1,1%, natrium 0,2%, magnesium 0,1%, omega-3-rasvahapot 0,2%, omega-6-rasvahapot 2,2%.","og_url":"https:\/\/miumjau.ee\/fi\/tuote\/prospera-plus-kitten-chicken-healthy-development-0-4kg\/","og_site_name":"MiuMjau","article_publisher":"https:\/\/www.facebook.com\/miumjaupood\/","article_modified_time":"2026-01-07T20:47:38+00:00","og_image":[{"width":600,"height":800,"url":"https:\/\/miumjau.ee\/wp-content\/uploads\/2025\/09\/prospera-kuivtoit-kassile24.jpg","type":"image\/jpeg"}],"twitter_card":"summary_large_image","schema":{"@context":"https:\/\/schema.org","@graph":[{"@type":"WebPage","@id":"https:\/\/miumjau.ee\/fi\/tuote\/prospera-plus-kitten-chicken-healthy-development-0-4kg\/","url":"https:\/\/miumjau.ee\/fi\/tuote\/prospera-plus-kitten-chicken-healthy-development-0-4kg\/","name":"Prospera Plus Kitten Chicken Healthy Development, 0.4kg - MiuMjau","isPartOf":{"@id":"https:\/\/miumjau.ee\/#website"},"primaryImageOfPage":{"@id":"https:\/\/miumjau.ee\/fi\/tuote\/prospera-plus-kitten-chicken-healthy-development-0-4kg\/#primaryimage"},"image":{"@id":"https:\/\/miumjau.ee\/fi\/tuote\/prospera-plus-kitten-chicken-healthy-development-0-4kg\/#primaryimage"},"thumbnailUrl":"https:\/\/miumjau.ee\/wp-content\/uploads\/2025\/09\/prospera-kuivtoit-kassile24.jpg","datePublished":"2025-09-16T10:12:56+00:00","dateModified":"2026-01-07T20:47:38+00:00","breadcrumb":{"@id":"https:\/\/miumjau.ee\/fi\/tuote\/prospera-plus-kitten-chicken-healthy-development-0-4kg\/#breadcrumb"},"inLanguage":"fi","potentialAction":[{"@type":"ReadAction","target":["https:\/\/miumjau.ee\/fi\/tuote\/prospera-plus-kitten-chicken-healthy-development-0-4kg\/"]}]},{"@type":"ImageObject","inLanguage":"fi","@id":"https:\/\/miumjau.ee\/fi\/tuote\/prospera-plus-kitten-chicken-healthy-development-0-4kg\/#primaryimage","url":"https:\/\/miumjau.ee\/wp-content\/uploads\/2025\/09\/prospera-kuivtoit-kassile24.jpg","contentUrl":"https:\/\/miumjau.ee\/wp-content\/uploads\/2025\/09\/prospera-kuivtoit-kassile24.jpg","width":600,"height":800,"caption":"Prospera Plus Kitten Chicken Healthy Development, 0.4kg"},{"@type":"BreadcrumbList","@id":"https:\/\/miumjau.ee\/fi\/tuote\/prospera-plus-kitten-chicken-healthy-development-0-4kg\/#breadcrumb","itemListElement":[{"@type":"ListItem","position":1,"name":"Home","item":"https:\/\/miumjau.ee\/fi\/"},{"@type":"ListItem","position":2,"name":"Kauppa","item":"https:\/\/miumjau.ee\/fi\/kauppa\/"},{"@type":"ListItem","position":3,"name":"Prospera Plus Kitten Chicken Healthy Development, 0.4kg"}]},{"@type":"WebSite","@id":"https:\/\/miumjau.ee\/#website","url":"https:\/\/miumjau.ee\/","name":"MiuMjau","description":"Kraapimispuud kassidele","publisher":{"@id":"https:\/\/miumjau.ee\/#organization"},"potentialAction":[{"@type":"SearchAction","target":{"@type":"EntryPoint","urlTemplate":"https:\/\/miumjau.ee\/?s={search_term_string}"},"query-input":{"@type":"PropertyValueSpecification","valueRequired":true,"valueName":"search_term_string"}}],"inLanguage":"fi"},{"@type":"Organization","@id":"https:\/\/miumjau.ee\/#organization","name":"MiuMjau O\u00dc","url":"https:\/\/miumjau.ee\/","logo":{"@type":"ImageObject","inLanguage":"fi","@id":"https:\/\/miumjau.ee\/#\/schema\/logo\/image\/","url":"https:\/\/miumjau.ee\/wp-content\/uploads\/2022\/04\/MiuMjau-logo-kollane.png","contentUrl":"https:\/\/miumjau.ee\/wp-content\/uploads\/2022\/04\/MiuMjau-logo-kollane.png","width":219,"height":100,"caption":"MiuMjau O\u00dc"},"image":{"@id":"https:\/\/miumjau.ee\/#\/schema\/logo\/image\/"},"sameAs":["https:\/\/www.facebook.com\/miumjaupood\/"]}]}},"_links":{"self":[{"href":"https:\/\/miumjau.ee\/fi\/wp-json\/wp\/v2\/product\/42543","targetHints":{"allow":["GET"]}}],"collection":[{"href":"https:\/\/miumjau.ee\/fi\/wp-json\/wp\/v2\/product"}],"about":[{"href":"https:\/\/miumjau.ee\/fi\/wp-json\/wp\/v2\/types\/product"}],"wp:featuredmedia":[{"embeddable":true,"href":"https:\/\/miumjau.ee\/fi\/wp-json\/wp\/v2\/media\/39526"}],"wp:attachment":[{"href":"https:\/\/miumjau.ee\/fi\/wp-json\/wp\/v2\/media?parent=42543"}],"wp:term":[{"taxonomy":"product_brand","embeddable":true,"href":"https:\/\/miumjau.ee\/fi\/wp-json\/wp\/v2\/product_brand?post=42543"},{"taxonomy":"product_cat","embeddable":true,"href":"https:\/\/miumjau.ee\/fi\/wp-json\/wp\/v2\/product_cat?post=42543"},{"taxonomy":"product_tag","embeddable":true,"href":"https:\/\/miumjau.ee\/fi\/wp-json\/wp\/v2\/product_tag?post=42543"}],"curies":[{"name":"wp","href":"https:\/\/api.w.org\/{rel}","templated":true}]}}