{"id":42492,"date":"2025-09-16T13:11:11","date_gmt":"2025-09-16T10:11:11","guid":{"rendered":"https:\/\/miumjau.ee\/toode\/prospera-plus-sterilized-7-chicken-weight-balance-04-kg\/"},"modified":"2026-01-07T22:47:45","modified_gmt":"2026-01-07T20:47:45","slug":"prospera-plus-sterilized-7-chicken-weight-balance-04-kg","status":"publish","type":"product","link":"https:\/\/miumjau.ee\/fi\/tuote\/prospera-plus-sterilized-7-chicken-weight-balance-04-kg\/","title":{"rendered":"Prospera Plus Sterilized 7+ Chicken Weight Balance, 0,4 kg"},"content":{"rendered":"","protected":false},"excerpt":{"rendered":"<p data-start=\"250\" data-end=\"610\">Sopii kissoille, joilla on taipumus lihoa.<br data-start=\"292\" data-end=\"295\" \/>Kuitupitoinen ruoka auttaa hallitsemaan ruokahalua ja yll\u00e4pit\u00e4m\u00e4\u00e4n optimaalista kehon kuntoa.<br data-start=\"388\" data-end=\"391\" \/>Tukee virtsateiden terveytt\u00e4 ja ehk\u00e4isee virtsakivien muodostumista.<br data-start=\"459\" data-end=\"462\" \/>Sis\u00e4lt\u00e4\u00e4 prebioottisia kuituja, jotka tukevat suoliston tervett\u00e4 mikroflooraa.<br data-start=\"540\" data-end=\"543\" \/>Rikastettu tauriinilla, kurkumalla, rosmariinilla ja karpaloilla.<\/p>\n<p data-start=\"612\" data-end=\"1016\"><strong data-start=\"612\" data-end=\"626\">Koostumus:<\/strong> kanaproteiini (42 %), maissi (35 %), riisi (5 %), kuivattu juurikas (4,5 %), lignoselluloosa (4 %), hydrolysoitu kananmaksa (3 %), oluthiiva (3 %), siipikarjanrasva (2 %), lohi\u00f6ljy (1 %), hernejauho (0,459 %), mannan-oligosakkaridit (0,011 %), frukto-oligosakkaridit (0,009 %), jukkapalmu (0,006 %), kuivattu rosmariini (0,005 %), kuivattu kurkuma (0,005 %), kuivatut karpalot (0,005 %).<\/p>\n<p data-start=\"1018\" data-end=\"1252\"><strong data-start=\"1018\" data-end=\"1043\">Analysoitu koostumus:<\/strong> raakaproteiini 36,0 %, raakarasva 10,0 %, raakatuhka 5,5 %, raakakuitu 4,8 %, kosteus 9,0 %, kalsium 1,2 %, fosfori 1,0 %, natrium 0,2 %, magnesium 0,1 %, omega-3-rasvahapot 0,1 %, omega-6-rasvahapot 1,1 %.<\/p>\n","protected":false},"featured_media":39578,"template":"","meta":[],"product_brand":[],"product_cat":[255],"product_tag":[],"class_list":{"0":"post-42492","1":"product","2":"type-product","3":"status-publish","4":"has-post-thumbnail","6":"product_cat-kuiva-ruoka","8":"first","9":"instock","10":"sale","11":"taxable","12":"shipping-taxable","13":"purchasable","14":"product-type-simple"},"yoast_head":"<!-- This site is optimized with the Yoast SEO plugin v27.4 - https:\/\/yoast.com\/product\/yoast-seo-wordpress\/ -->\n<title>Prospera Plus Sterilized 7+ Chicken Weight Balance, 0,4 kg - MiuMjau<\/title>\n<meta name=\"robots\" content=\"index, follow, max-snippet:-1, max-image-preview:large, max-video-preview:-1\" \/>\n<link rel=\"canonical\" href=\"https:\/\/miumjau.ee\/fi\/tuote\/prospera-plus-sterilized-7-chicken-weight-balance-04-kg\/\" \/>\n<meta property=\"og:locale\" content=\"fi_FI\" \/>\n<meta property=\"og:type\" content=\"article\" \/>\n<meta property=\"og:title\" content=\"Prospera Plus Sterilized 7+ Chicken Weight Balance, 0,4 kg - MiuMjau\" \/>\n<meta property=\"og:description\" content=\"Sopii kissoille, joilla on taipumus lihoa.Kuitupitoinen ruoka auttaa hallitsemaan ruokahalua ja yll\u00e4pit\u00e4m\u00e4\u00e4n optimaalista kehon kuntoa.Tukee virtsateiden terveytt\u00e4 ja ehk\u00e4isee virtsakivien muodostumista.Sis\u00e4lt\u00e4\u00e4 prebioottisia kuituja, jotka tukevat suoliston tervett\u00e4 mikroflooraa.Rikastettu tauriinilla, kurkumalla, rosmariinilla ja karpaloilla. Koostumus: kanaproteiini (42 %), maissi (35 %), riisi (5 %), kuivattu juurikas (4,5 %), lignoselluloosa (4 %), hydrolysoitu kananmaksa (3 %), oluthiiva (3 %), siipikarjanrasva (2 %), lohi\u00f6ljy (1 %), hernejauho (0,459 %), mannan-oligosakkaridit (0,011 %), frukto-oligosakkaridit (0,009 %), jukkapalmu (0,006 %), kuivattu rosmariini (0,005 %), kuivattu kurkuma (0,005 %), kuivatut karpalot (0,005 %). Analysoitu koostumus: raakaproteiini 36,0 %, raakarasva 10,0 %, raakatuhka 5,5 %, raakakuitu 4,8 %, kosteus 9,0 %, kalsium 1,2 %, fosfori 1,0 %, natrium 0,2 %, magnesium 0,1 %, omega-3-rasvahapot 0,1 %, omega-6-rasvahapot 1,1 %.\" \/>\n<meta property=\"og:url\" content=\"https:\/\/miumjau.ee\/fi\/tuote\/prospera-plus-sterilized-7-chicken-weight-balance-04-kg\/\" \/>\n<meta property=\"og:site_name\" content=\"MiuMjau\" \/>\n<meta property=\"article:publisher\" content=\"https:\/\/www.facebook.com\/miumjaupood\/\" \/>\n<meta property=\"article:modified_time\" content=\"2026-01-07T20:47:45+00:00\" \/>\n<meta property=\"og:image\" content=\"https:\/\/miumjau.ee\/wp-content\/uploads\/2025\/09\/prospera-kuivtoit-kassile37.jpg\" \/>\n\t<meta property=\"og:image:width\" content=\"600\" \/>\n\t<meta property=\"og:image:height\" content=\"800\" \/>\n\t<meta property=\"og:image:type\" content=\"image\/jpeg\" \/>\n<meta name=\"twitter:card\" content=\"summary_large_image\" \/>\n<script type=\"application\/ld+json\" class=\"yoast-schema-graph\">{\"@context\":\"https:\\\/\\\/schema.org\",\"@graph\":[{\"@type\":\"WebPage\",\"@id\":\"https:\\\/\\\/miumjau.ee\\\/fi\\\/tuote\\\/prospera-plus-sterilized-7-chicken-weight-balance-04-kg\\\/\",\"url\":\"https:\\\/\\\/miumjau.ee\\\/fi\\\/tuote\\\/prospera-plus-sterilized-7-chicken-weight-balance-04-kg\\\/\",\"name\":\"Prospera Plus Sterilized 7+ Chicken Weight Balance, 0,4 kg - MiuMjau\",\"isPartOf\":{\"@id\":\"https:\\\/\\\/miumjau.ee\\\/#website\"},\"primaryImageOfPage\":{\"@id\":\"https:\\\/\\\/miumjau.ee\\\/fi\\\/tuote\\\/prospera-plus-sterilized-7-chicken-weight-balance-04-kg\\\/#primaryimage\"},\"image\":{\"@id\":\"https:\\\/\\\/miumjau.ee\\\/fi\\\/tuote\\\/prospera-plus-sterilized-7-chicken-weight-balance-04-kg\\\/#primaryimage\"},\"thumbnailUrl\":\"https:\\\/\\\/miumjau.ee\\\/wp-content\\\/uploads\\\/2025\\\/09\\\/prospera-kuivtoit-kassile37.jpg\",\"datePublished\":\"2025-09-16T10:11:11+00:00\",\"dateModified\":\"2026-01-07T20:47:45+00:00\",\"breadcrumb\":{\"@id\":\"https:\\\/\\\/miumjau.ee\\\/fi\\\/tuote\\\/prospera-plus-sterilized-7-chicken-weight-balance-04-kg\\\/#breadcrumb\"},\"inLanguage\":\"fi\",\"potentialAction\":[{\"@type\":\"ReadAction\",\"target\":[\"https:\\\/\\\/miumjau.ee\\\/fi\\\/tuote\\\/prospera-plus-sterilized-7-chicken-weight-balance-04-kg\\\/\"]}]},{\"@type\":\"ImageObject\",\"inLanguage\":\"fi\",\"@id\":\"https:\\\/\\\/miumjau.ee\\\/fi\\\/tuote\\\/prospera-plus-sterilized-7-chicken-weight-balance-04-kg\\\/#primaryimage\",\"url\":\"https:\\\/\\\/miumjau.ee\\\/wp-content\\\/uploads\\\/2025\\\/09\\\/prospera-kuivtoit-kassile37.jpg\",\"contentUrl\":\"https:\\\/\\\/miumjau.ee\\\/wp-content\\\/uploads\\\/2025\\\/09\\\/prospera-kuivtoit-kassile37.jpg\",\"width\":600,\"height\":800,\"caption\":\"Prospera Plus Sterilized 7+ Chicken Weight Balance, 0.4kg\"},{\"@type\":\"BreadcrumbList\",\"@id\":\"https:\\\/\\\/miumjau.ee\\\/fi\\\/tuote\\\/prospera-plus-sterilized-7-chicken-weight-balance-04-kg\\\/#breadcrumb\",\"itemListElement\":[{\"@type\":\"ListItem\",\"position\":1,\"name\":\"Home\",\"item\":\"https:\\\/\\\/miumjau.ee\\\/fi\\\/\"},{\"@type\":\"ListItem\",\"position\":2,\"name\":\"Kauppa\",\"item\":\"https:\\\/\\\/miumjau.ee\\\/fi\\\/kauppa\\\/\"},{\"@type\":\"ListItem\",\"position\":3,\"name\":\"Prospera Plus Sterilized 7+ Chicken Weight Balance, 0,4 kg\"}]},{\"@type\":\"WebSite\",\"@id\":\"https:\\\/\\\/miumjau.ee\\\/#website\",\"url\":\"https:\\\/\\\/miumjau.ee\\\/\",\"name\":\"MiuMjau\",\"description\":\"Kraapimispuud kassidele\",\"publisher\":{\"@id\":\"https:\\\/\\\/miumjau.ee\\\/#organization\"},\"potentialAction\":[{\"@type\":\"SearchAction\",\"target\":{\"@type\":\"EntryPoint\",\"urlTemplate\":\"https:\\\/\\\/miumjau.ee\\\/?s={search_term_string}\"},\"query-input\":{\"@type\":\"PropertyValueSpecification\",\"valueRequired\":true,\"valueName\":\"search_term_string\"}}],\"inLanguage\":\"fi\"},{\"@type\":\"Organization\",\"@id\":\"https:\\\/\\\/miumjau.ee\\\/#organization\",\"name\":\"MiuMjau O\u00dc\",\"url\":\"https:\\\/\\\/miumjau.ee\\\/\",\"logo\":{\"@type\":\"ImageObject\",\"inLanguage\":\"fi\",\"@id\":\"https:\\\/\\\/miumjau.ee\\\/#\\\/schema\\\/logo\\\/image\\\/\",\"url\":\"https:\\\/\\\/miumjau.ee\\\/wp-content\\\/uploads\\\/2022\\\/04\\\/MiuMjau-logo-kollane.png\",\"contentUrl\":\"https:\\\/\\\/miumjau.ee\\\/wp-content\\\/uploads\\\/2022\\\/04\\\/MiuMjau-logo-kollane.png\",\"width\":219,\"height\":100,\"caption\":\"MiuMjau O\u00dc\"},\"image\":{\"@id\":\"https:\\\/\\\/miumjau.ee\\\/#\\\/schema\\\/logo\\\/image\\\/\"},\"sameAs\":[\"https:\\\/\\\/www.facebook.com\\\/miumjaupood\\\/\"]}]}<\/script>\n<!-- \/ Yoast SEO plugin. -->","yoast_head_json":{"title":"Prospera Plus Sterilized 7+ Chicken Weight Balance, 0,4 kg - MiuMjau","robots":{"index":"index","follow":"follow","max-snippet":"max-snippet:-1","max-image-preview":"max-image-preview:large","max-video-preview":"max-video-preview:-1"},"canonical":"https:\/\/miumjau.ee\/fi\/tuote\/prospera-plus-sterilized-7-chicken-weight-balance-04-kg\/","og_locale":"fi_FI","og_type":"article","og_title":"Prospera Plus Sterilized 7+ Chicken Weight Balance, 0,4 kg - MiuMjau","og_description":"Sopii kissoille, joilla on taipumus lihoa.Kuitupitoinen ruoka auttaa hallitsemaan ruokahalua ja yll\u00e4pit\u00e4m\u00e4\u00e4n optimaalista kehon kuntoa.Tukee virtsateiden terveytt\u00e4 ja ehk\u00e4isee virtsakivien muodostumista.Sis\u00e4lt\u00e4\u00e4 prebioottisia kuituja, jotka tukevat suoliston tervett\u00e4 mikroflooraa.Rikastettu tauriinilla, kurkumalla, rosmariinilla ja karpaloilla. Koostumus: kanaproteiini (42 %), maissi (35 %), riisi (5 %), kuivattu juurikas (4,5 %), lignoselluloosa (4 %), hydrolysoitu kananmaksa (3 %), oluthiiva (3 %), siipikarjanrasva (2 %), lohi\u00f6ljy (1 %), hernejauho (0,459 %), mannan-oligosakkaridit (0,011 %), frukto-oligosakkaridit (0,009 %), jukkapalmu (0,006 %), kuivattu rosmariini (0,005 %), kuivattu kurkuma (0,005 %), kuivatut karpalot (0,005 %). Analysoitu koostumus: raakaproteiini 36,0 %, raakarasva 10,0 %, raakatuhka 5,5 %, raakakuitu 4,8 %, kosteus 9,0 %, kalsium 1,2 %, fosfori 1,0 %, natrium 0,2 %, magnesium 0,1 %, omega-3-rasvahapot 0,1 %, omega-6-rasvahapot 1,1 %.","og_url":"https:\/\/miumjau.ee\/fi\/tuote\/prospera-plus-sterilized-7-chicken-weight-balance-04-kg\/","og_site_name":"MiuMjau","article_publisher":"https:\/\/www.facebook.com\/miumjaupood\/","article_modified_time":"2026-01-07T20:47:45+00:00","og_image":[{"width":600,"height":800,"url":"https:\/\/miumjau.ee\/wp-content\/uploads\/2025\/09\/prospera-kuivtoit-kassile37.jpg","type":"image\/jpeg"}],"twitter_card":"summary_large_image","schema":{"@context":"https:\/\/schema.org","@graph":[{"@type":"WebPage","@id":"https:\/\/miumjau.ee\/fi\/tuote\/prospera-plus-sterilized-7-chicken-weight-balance-04-kg\/","url":"https:\/\/miumjau.ee\/fi\/tuote\/prospera-plus-sterilized-7-chicken-weight-balance-04-kg\/","name":"Prospera Plus Sterilized 7+ Chicken Weight Balance, 0,4 kg - MiuMjau","isPartOf":{"@id":"https:\/\/miumjau.ee\/#website"},"primaryImageOfPage":{"@id":"https:\/\/miumjau.ee\/fi\/tuote\/prospera-plus-sterilized-7-chicken-weight-balance-04-kg\/#primaryimage"},"image":{"@id":"https:\/\/miumjau.ee\/fi\/tuote\/prospera-plus-sterilized-7-chicken-weight-balance-04-kg\/#primaryimage"},"thumbnailUrl":"https:\/\/miumjau.ee\/wp-content\/uploads\/2025\/09\/prospera-kuivtoit-kassile37.jpg","datePublished":"2025-09-16T10:11:11+00:00","dateModified":"2026-01-07T20:47:45+00:00","breadcrumb":{"@id":"https:\/\/miumjau.ee\/fi\/tuote\/prospera-plus-sterilized-7-chicken-weight-balance-04-kg\/#breadcrumb"},"inLanguage":"fi","potentialAction":[{"@type":"ReadAction","target":["https:\/\/miumjau.ee\/fi\/tuote\/prospera-plus-sterilized-7-chicken-weight-balance-04-kg\/"]}]},{"@type":"ImageObject","inLanguage":"fi","@id":"https:\/\/miumjau.ee\/fi\/tuote\/prospera-plus-sterilized-7-chicken-weight-balance-04-kg\/#primaryimage","url":"https:\/\/miumjau.ee\/wp-content\/uploads\/2025\/09\/prospera-kuivtoit-kassile37.jpg","contentUrl":"https:\/\/miumjau.ee\/wp-content\/uploads\/2025\/09\/prospera-kuivtoit-kassile37.jpg","width":600,"height":800,"caption":"Prospera Plus Sterilized 7+ Chicken Weight Balance, 0.4kg"},{"@type":"BreadcrumbList","@id":"https:\/\/miumjau.ee\/fi\/tuote\/prospera-plus-sterilized-7-chicken-weight-balance-04-kg\/#breadcrumb","itemListElement":[{"@type":"ListItem","position":1,"name":"Home","item":"https:\/\/miumjau.ee\/fi\/"},{"@type":"ListItem","position":2,"name":"Kauppa","item":"https:\/\/miumjau.ee\/fi\/kauppa\/"},{"@type":"ListItem","position":3,"name":"Prospera Plus Sterilized 7+ Chicken Weight Balance, 0,4 kg"}]},{"@type":"WebSite","@id":"https:\/\/miumjau.ee\/#website","url":"https:\/\/miumjau.ee\/","name":"MiuMjau","description":"Kraapimispuud kassidele","publisher":{"@id":"https:\/\/miumjau.ee\/#organization"},"potentialAction":[{"@type":"SearchAction","target":{"@type":"EntryPoint","urlTemplate":"https:\/\/miumjau.ee\/?s={search_term_string}"},"query-input":{"@type":"PropertyValueSpecification","valueRequired":true,"valueName":"search_term_string"}}],"inLanguage":"fi"},{"@type":"Organization","@id":"https:\/\/miumjau.ee\/#organization","name":"MiuMjau O\u00dc","url":"https:\/\/miumjau.ee\/","logo":{"@type":"ImageObject","inLanguage":"fi","@id":"https:\/\/miumjau.ee\/#\/schema\/logo\/image\/","url":"https:\/\/miumjau.ee\/wp-content\/uploads\/2022\/04\/MiuMjau-logo-kollane.png","contentUrl":"https:\/\/miumjau.ee\/wp-content\/uploads\/2022\/04\/MiuMjau-logo-kollane.png","width":219,"height":100,"caption":"MiuMjau O\u00dc"},"image":{"@id":"https:\/\/miumjau.ee\/#\/schema\/logo\/image\/"},"sameAs":["https:\/\/www.facebook.com\/miumjaupood\/"]}]}},"_links":{"self":[{"href":"https:\/\/miumjau.ee\/fi\/wp-json\/wp\/v2\/product\/42492","targetHints":{"allow":["GET"]}}],"collection":[{"href":"https:\/\/miumjau.ee\/fi\/wp-json\/wp\/v2\/product"}],"about":[{"href":"https:\/\/miumjau.ee\/fi\/wp-json\/wp\/v2\/types\/product"}],"wp:featuredmedia":[{"embeddable":true,"href":"https:\/\/miumjau.ee\/fi\/wp-json\/wp\/v2\/media\/39578"}],"wp:attachment":[{"href":"https:\/\/miumjau.ee\/fi\/wp-json\/wp\/v2\/media?parent=42492"}],"wp:term":[{"taxonomy":"product_brand","embeddable":true,"href":"https:\/\/miumjau.ee\/fi\/wp-json\/wp\/v2\/product_brand?post=42492"},{"taxonomy":"product_cat","embeddable":true,"href":"https:\/\/miumjau.ee\/fi\/wp-json\/wp\/v2\/product_cat?post=42492"},{"taxonomy":"product_tag","embeddable":true,"href":"https:\/\/miumjau.ee\/fi\/wp-json\/wp\/v2\/product_tag?post=42492"}],"curies":[{"name":"wp","href":"https:\/\/api.w.org\/{rel}","templated":true}]}}