{"id":42486,"date":"2025-09-16T13:31:29","date_gmt":"2025-09-16T10:31:29","guid":{"rendered":"https:\/\/miumjau.ee\/toode\/prospera-plus-adult-1-delicate-digestion-7-kg\/"},"modified":"2026-01-07T22:47:45","modified_gmt":"2026-01-07T20:47:45","slug":"prospera-plus-adult-1-delicate-digestion-7-kg","status":"publish","type":"product","link":"https:\/\/miumjau.ee\/fi\/tuote\/prospera-plus-adult-1-delicate-digestion-7-kg\/","title":{"rendered":"Prospera Plus Adult 1+ Delicate Digestion, 7 kg"},"content":{"rendered":"","protected":false},"excerpt":{"rendered":"<p data-start=\"278\" data-end=\"481\">Prospera Plus Adult 1+ Delicate Digestion on super\u00adpremium-laatuinen kuivaruoka aikuisille kissoille (yli 1 vuoden i\u00e4st\u00e4 alkaen), joka on kehitetty erityisesti kissoille, joilla on herkk\u00e4 ruoansulatus.<\/p>\n<p data-start=\"483\" data-end=\"997\"><strong data-start=\"483\" data-end=\"513\">Herk\u00e4lle ruoansulatukselle<\/strong> \u2013 huolellisesti valitut ainesosat v\u00e4hent\u00e4v\u00e4t ruoansulatuskanavan \u00e4rsytyst\u00e4 ja tukevat normaalia ruoansulatusta.<br data-start=\"625\" data-end=\"628\" \/><strong data-start=\"628\" data-end=\"664\">Herkullinen ja houkutteleva maku<\/strong> \u2013 kanan ja maksan ansiosta ruoka maistuu my\u00f6s nirsoimmille kissoille.<br data-start=\"734\" data-end=\"737\" \/><strong data-start=\"737\" data-end=\"768\">Tasapainoiset ravintoaineet<\/strong> \u2013 tukee suoliston mikroflooran tasapainoa ja parantaa ravinteiden imeytymist\u00e4.<br data-start=\"847\" data-end=\"850\" \/><strong data-start=\"850\" data-end=\"878\">Vahvistettu lis\u00e4aineilla<\/strong> \u2013 kuten tauriini, kurkuma, rosmariini ja karpalot, jotka tukevat ihon ja turkin terveytt\u00e4 sek\u00e4 yleist\u00e4 hyvinvointia.<\/p>\n<p data-start=\"999\" data-end=\"1381\"><strong data-start=\"999\" data-end=\"1013\">Koostumus:<\/strong> kanaproteiini (42 %), maissi (30 %), siipikarjanrasva (10 %), hydrolysoitu kananmaksa (5 %), riisi (5 %), kuivattu juurikas (4 %), oluthiiva (2 %), lohi\u00f6ljy (1,5 %), hernejauho (0,459 %), mannan-oligosakkaridit (0,011 %), frukto-oligosakkaridit (0,009 %), jukkapalmu (0,006 %), kuivattu rosmariini (0,005 %), kuivattu kurkuma (0,005 %), kuivatut karpalot (0,005 %).<\/p>\n<p data-start=\"1383\" data-end=\"1617\"><strong data-start=\"1383\" data-end=\"1408\">Analysoitu koostumus:<\/strong> raakaproteiini 36,0 %, raakarasva 16,0 %, raakatuhka 6,5 %, raakakuitu 2,8 %, kosteus 9,0 %, kalsium 1,3 %, fosfori 1,1 %, natrium 0,2 %, magnesium 0,1 %, omega-3-rasvahapot 0,2 %, omega-6-rasvahapot 2,1 %.<\/p>\n<p data-start=\"1619\" data-end=\"2021\"><strong data-start=\"1619\" data-end=\"1646\">Lis\u00e4aineet 1 kg kohden:<\/strong><br data-start=\"1646\" data-end=\"1649\" \/>Vitamiinit: A-vitamiini 20 000 IU, D\u2083-vitamiini 700 IU, E-vitamiini 500 mg, C-vitamiini 200 mg.<br data-start=\"1744\" data-end=\"1747\" \/>Hivenaineet: koliinikloridi 1600 mg, jodi 2,2 mg, sinkki 108 mg, mangaani 40 mg, kupari 8 mg, rauta 34 mg, seleeni 0,13 mg.<br data-start=\"1870\" data-end=\"1873\" \/>Muut lis\u00e4aineet: L-karnitiini 45 mg, tauriini 1800 mg.<br data-start=\"1927\" data-end=\"1930\" \/>Teknologiset lis\u00e4aineet: tokoferoliuute kasvi\u00f6ljyist\u00e4 35 mg, askorbyylipalmitaatti 25 mg.<\/p>\n<p data-start=\"2023\" data-end=\"2063\"><strong data-start=\"2023\" data-end=\"2047\">Metabolinen energia:<\/strong> 3890 kcal\/kg.<\/p>\n","protected":false},"featured_media":39607,"template":"","meta":[],"product_brand":[],"product_cat":[255],"product_tag":[],"class_list":{"0":"post-42486","1":"product","2":"type-product","3":"status-publish","4":"has-post-thumbnail","6":"product_cat-kuiva-ruoka","8":"first","9":"instock","10":"sale","11":"taxable","12":"shipping-taxable","13":"purchasable","14":"product-type-simple"},"yoast_head":"<!-- This site is optimized with the Yoast SEO plugin v27.4 - https:\/\/yoast.com\/product\/yoast-seo-wordpress\/ -->\n<title>Prospera Plus Adult 1+ Delicate Digestion, 7 kg - MiuMjau<\/title>\n<meta name=\"robots\" content=\"index, follow, max-snippet:-1, max-image-preview:large, max-video-preview:-1\" \/>\n<link rel=\"canonical\" href=\"https:\/\/miumjau.ee\/fi\/tuote\/prospera-plus-adult-1-delicate-digestion-7-kg\/\" \/>\n<meta property=\"og:locale\" content=\"fi_FI\" \/>\n<meta property=\"og:type\" content=\"article\" \/>\n<meta property=\"og:title\" content=\"Prospera Plus Adult 1+ Delicate Digestion, 7 kg - MiuMjau\" \/>\n<meta property=\"og:description\" content=\"Prospera Plus Adult 1+ Delicate Digestion on super\u00adpremium-laatuinen kuivaruoka aikuisille kissoille (yli 1 vuoden i\u00e4st\u00e4 alkaen), joka on kehitetty erityisesti kissoille, joilla on herkk\u00e4 ruoansulatus. Herk\u00e4lle ruoansulatukselle \u2013 huolellisesti valitut ainesosat v\u00e4hent\u00e4v\u00e4t ruoansulatuskanavan \u00e4rsytyst\u00e4 ja tukevat normaalia ruoansulatusta.Herkullinen ja houkutteleva maku \u2013 kanan ja maksan ansiosta ruoka maistuu my\u00f6s nirsoimmille kissoille.Tasapainoiset ravintoaineet \u2013 tukee suoliston mikroflooran tasapainoa ja parantaa ravinteiden imeytymist\u00e4.Vahvistettu lis\u00e4aineilla \u2013 kuten tauriini, kurkuma, rosmariini ja karpalot, jotka tukevat ihon ja turkin terveytt\u00e4 sek\u00e4 yleist\u00e4 hyvinvointia. Koostumus: kanaproteiini (42 %), maissi (30 %), siipikarjanrasva (10 %), hydrolysoitu kananmaksa (5 %), riisi (5 %), kuivattu juurikas (4 %), oluthiiva (2 %), lohi\u00f6ljy (1,5 %), hernejauho (0,459 %), mannan-oligosakkaridit (0,011 %), frukto-oligosakkaridit (0,009 %), jukkapalmu (0,006 %), kuivattu rosmariini (0,005 %), kuivattu kurkuma (0,005 %), kuivatut karpalot (0,005 %). Analysoitu koostumus: raakaproteiini 36,0 %, raakarasva 16,0 %, raakatuhka 6,5 %, raakakuitu 2,8 %, kosteus 9,0 %, kalsium 1,3 %, fosfori 1,1 %, natrium 0,2 %, magnesium 0,1 %, omega-3-rasvahapot 0,2 %, omega-6-rasvahapot 2,1 %. Lis\u00e4aineet 1 kg kohden:Vitamiinit: A-vitamiini 20 000 IU, D\u2083-vitamiini 700 IU, E-vitamiini 500 mg, C-vitamiini 200 mg.Hivenaineet: koliinikloridi 1600 mg, jodi 2,2 mg, sinkki 108 mg, mangaani 40 mg, kupari 8 mg, rauta 34 mg, seleeni 0,13 mg.Muut lis\u00e4aineet: L-karnitiini 45 mg, tauriini 1800 mg.Teknologiset lis\u00e4aineet: tokoferoliuute kasvi\u00f6ljyist\u00e4 35 mg, askorbyylipalmitaatti 25 mg. Metabolinen energia: 3890 kcal\/kg.\" \/>\n<meta property=\"og:url\" content=\"https:\/\/miumjau.ee\/fi\/tuote\/prospera-plus-adult-1-delicate-digestion-7-kg\/\" \/>\n<meta property=\"og:site_name\" content=\"MiuMjau\" \/>\n<meta property=\"article:publisher\" content=\"https:\/\/www.facebook.com\/miumjaupood\/\" \/>\n<meta property=\"article:modified_time\" content=\"2026-01-07T20:47:45+00:00\" \/>\n<meta property=\"og:image\" content=\"https:\/\/miumjau.ee\/wp-content\/uploads\/2025\/09\/prospera-kassitoit-delicate-digestion4.jpg\" \/>\n\t<meta property=\"og:image:width\" content=\"600\" \/>\n\t<meta property=\"og:image:height\" content=\"800\" \/>\n\t<meta property=\"og:image:type\" content=\"image\/jpeg\" \/>\n<meta name=\"twitter:card\" content=\"summary_large_image\" \/>\n<script type=\"application\/ld+json\" class=\"yoast-schema-graph\">{\"@context\":\"https:\\\/\\\/schema.org\",\"@graph\":[{\"@type\":\"WebPage\",\"@id\":\"https:\\\/\\\/miumjau.ee\\\/fi\\\/tuote\\\/prospera-plus-adult-1-delicate-digestion-7-kg\\\/\",\"url\":\"https:\\\/\\\/miumjau.ee\\\/fi\\\/tuote\\\/prospera-plus-adult-1-delicate-digestion-7-kg\\\/\",\"name\":\"Prospera Plus Adult 1+ Delicate Digestion, 7 kg - MiuMjau\",\"isPartOf\":{\"@id\":\"https:\\\/\\\/miumjau.ee\\\/#website\"},\"primaryImageOfPage\":{\"@id\":\"https:\\\/\\\/miumjau.ee\\\/fi\\\/tuote\\\/prospera-plus-adult-1-delicate-digestion-7-kg\\\/#primaryimage\"},\"image\":{\"@id\":\"https:\\\/\\\/miumjau.ee\\\/fi\\\/tuote\\\/prospera-plus-adult-1-delicate-digestion-7-kg\\\/#primaryimage\"},\"thumbnailUrl\":\"https:\\\/\\\/miumjau.ee\\\/wp-content\\\/uploads\\\/2025\\\/09\\\/prospera-kassitoit-delicate-digestion4.jpg\",\"datePublished\":\"2025-09-16T10:31:29+00:00\",\"dateModified\":\"2026-01-07T20:47:45+00:00\",\"breadcrumb\":{\"@id\":\"https:\\\/\\\/miumjau.ee\\\/fi\\\/tuote\\\/prospera-plus-adult-1-delicate-digestion-7-kg\\\/#breadcrumb\"},\"inLanguage\":\"fi\",\"potentialAction\":[{\"@type\":\"ReadAction\",\"target\":[\"https:\\\/\\\/miumjau.ee\\\/fi\\\/tuote\\\/prospera-plus-adult-1-delicate-digestion-7-kg\\\/\"]}]},{\"@type\":\"ImageObject\",\"inLanguage\":\"fi\",\"@id\":\"https:\\\/\\\/miumjau.ee\\\/fi\\\/tuote\\\/prospera-plus-adult-1-delicate-digestion-7-kg\\\/#primaryimage\",\"url\":\"https:\\\/\\\/miumjau.ee\\\/wp-content\\\/uploads\\\/2025\\\/09\\\/prospera-kassitoit-delicate-digestion4.jpg\",\"contentUrl\":\"https:\\\/\\\/miumjau.ee\\\/wp-content\\\/uploads\\\/2025\\\/09\\\/prospera-kassitoit-delicate-digestion4.jpg\",\"width\":600,\"height\":800,\"caption\":\"Prospera Plus Adult 1+ Delicate Digestion 7kg\"},{\"@type\":\"BreadcrumbList\",\"@id\":\"https:\\\/\\\/miumjau.ee\\\/fi\\\/tuote\\\/prospera-plus-adult-1-delicate-digestion-7-kg\\\/#breadcrumb\",\"itemListElement\":[{\"@type\":\"ListItem\",\"position\":1,\"name\":\"Home\",\"item\":\"https:\\\/\\\/miumjau.ee\\\/fi\\\/\"},{\"@type\":\"ListItem\",\"position\":2,\"name\":\"Kauppa\",\"item\":\"https:\\\/\\\/miumjau.ee\\\/fi\\\/kauppa\\\/\"},{\"@type\":\"ListItem\",\"position\":3,\"name\":\"Prospera Plus Adult 1+ Delicate Digestion, 7 kg\"}]},{\"@type\":\"WebSite\",\"@id\":\"https:\\\/\\\/miumjau.ee\\\/#website\",\"url\":\"https:\\\/\\\/miumjau.ee\\\/\",\"name\":\"MiuMjau\",\"description\":\"Kraapimispuud kassidele\",\"publisher\":{\"@id\":\"https:\\\/\\\/miumjau.ee\\\/#organization\"},\"potentialAction\":[{\"@type\":\"SearchAction\",\"target\":{\"@type\":\"EntryPoint\",\"urlTemplate\":\"https:\\\/\\\/miumjau.ee\\\/?s={search_term_string}\"},\"query-input\":{\"@type\":\"PropertyValueSpecification\",\"valueRequired\":true,\"valueName\":\"search_term_string\"}}],\"inLanguage\":\"fi\"},{\"@type\":\"Organization\",\"@id\":\"https:\\\/\\\/miumjau.ee\\\/#organization\",\"name\":\"MiuMjau O\u00dc\",\"url\":\"https:\\\/\\\/miumjau.ee\\\/\",\"logo\":{\"@type\":\"ImageObject\",\"inLanguage\":\"fi\",\"@id\":\"https:\\\/\\\/miumjau.ee\\\/#\\\/schema\\\/logo\\\/image\\\/\",\"url\":\"https:\\\/\\\/miumjau.ee\\\/wp-content\\\/uploads\\\/2022\\\/04\\\/MiuMjau-logo-kollane.png\",\"contentUrl\":\"https:\\\/\\\/miumjau.ee\\\/wp-content\\\/uploads\\\/2022\\\/04\\\/MiuMjau-logo-kollane.png\",\"width\":219,\"height\":100,\"caption\":\"MiuMjau O\u00dc\"},\"image\":{\"@id\":\"https:\\\/\\\/miumjau.ee\\\/#\\\/schema\\\/logo\\\/image\\\/\"},\"sameAs\":[\"https:\\\/\\\/www.facebook.com\\\/miumjaupood\\\/\"]}]}<\/script>\n<!-- \/ Yoast SEO plugin. -->","yoast_head_json":{"title":"Prospera Plus Adult 1+ Delicate Digestion, 7 kg - MiuMjau","robots":{"index":"index","follow":"follow","max-snippet":"max-snippet:-1","max-image-preview":"max-image-preview:large","max-video-preview":"max-video-preview:-1"},"canonical":"https:\/\/miumjau.ee\/fi\/tuote\/prospera-plus-adult-1-delicate-digestion-7-kg\/","og_locale":"fi_FI","og_type":"article","og_title":"Prospera Plus Adult 1+ Delicate Digestion, 7 kg - MiuMjau","og_description":"Prospera Plus Adult 1+ Delicate Digestion on super\u00adpremium-laatuinen kuivaruoka aikuisille kissoille (yli 1 vuoden i\u00e4st\u00e4 alkaen), joka on kehitetty erityisesti kissoille, joilla on herkk\u00e4 ruoansulatus. Herk\u00e4lle ruoansulatukselle \u2013 huolellisesti valitut ainesosat v\u00e4hent\u00e4v\u00e4t ruoansulatuskanavan \u00e4rsytyst\u00e4 ja tukevat normaalia ruoansulatusta.Herkullinen ja houkutteleva maku \u2013 kanan ja maksan ansiosta ruoka maistuu my\u00f6s nirsoimmille kissoille.Tasapainoiset ravintoaineet \u2013 tukee suoliston mikroflooran tasapainoa ja parantaa ravinteiden imeytymist\u00e4.Vahvistettu lis\u00e4aineilla \u2013 kuten tauriini, kurkuma, rosmariini ja karpalot, jotka tukevat ihon ja turkin terveytt\u00e4 sek\u00e4 yleist\u00e4 hyvinvointia. Koostumus: kanaproteiini (42 %), maissi (30 %), siipikarjanrasva (10 %), hydrolysoitu kananmaksa (5 %), riisi (5 %), kuivattu juurikas (4 %), oluthiiva (2 %), lohi\u00f6ljy (1,5 %), hernejauho (0,459 %), mannan-oligosakkaridit (0,011 %), frukto-oligosakkaridit (0,009 %), jukkapalmu (0,006 %), kuivattu rosmariini (0,005 %), kuivattu kurkuma (0,005 %), kuivatut karpalot (0,005 %). Analysoitu koostumus: raakaproteiini 36,0 %, raakarasva 16,0 %, raakatuhka 6,5 %, raakakuitu 2,8 %, kosteus 9,0 %, kalsium 1,3 %, fosfori 1,1 %, natrium 0,2 %, magnesium 0,1 %, omega-3-rasvahapot 0,2 %, omega-6-rasvahapot 2,1 %. Lis\u00e4aineet 1 kg kohden:Vitamiinit: A-vitamiini 20 000 IU, D\u2083-vitamiini 700 IU, E-vitamiini 500 mg, C-vitamiini 200 mg.Hivenaineet: koliinikloridi 1600 mg, jodi 2,2 mg, sinkki 108 mg, mangaani 40 mg, kupari 8 mg, rauta 34 mg, seleeni 0,13 mg.Muut lis\u00e4aineet: L-karnitiini 45 mg, tauriini 1800 mg.Teknologiset lis\u00e4aineet: tokoferoliuute kasvi\u00f6ljyist\u00e4 35 mg, askorbyylipalmitaatti 25 mg. Metabolinen energia: 3890 kcal\/kg.","og_url":"https:\/\/miumjau.ee\/fi\/tuote\/prospera-plus-adult-1-delicate-digestion-7-kg\/","og_site_name":"MiuMjau","article_publisher":"https:\/\/www.facebook.com\/miumjaupood\/","article_modified_time":"2026-01-07T20:47:45+00:00","og_image":[{"width":600,"height":800,"url":"https:\/\/miumjau.ee\/wp-content\/uploads\/2025\/09\/prospera-kassitoit-delicate-digestion4.jpg","type":"image\/jpeg"}],"twitter_card":"summary_large_image","schema":{"@context":"https:\/\/schema.org","@graph":[{"@type":"WebPage","@id":"https:\/\/miumjau.ee\/fi\/tuote\/prospera-plus-adult-1-delicate-digestion-7-kg\/","url":"https:\/\/miumjau.ee\/fi\/tuote\/prospera-plus-adult-1-delicate-digestion-7-kg\/","name":"Prospera Plus Adult 1+ Delicate Digestion, 7 kg - MiuMjau","isPartOf":{"@id":"https:\/\/miumjau.ee\/#website"},"primaryImageOfPage":{"@id":"https:\/\/miumjau.ee\/fi\/tuote\/prospera-plus-adult-1-delicate-digestion-7-kg\/#primaryimage"},"image":{"@id":"https:\/\/miumjau.ee\/fi\/tuote\/prospera-plus-adult-1-delicate-digestion-7-kg\/#primaryimage"},"thumbnailUrl":"https:\/\/miumjau.ee\/wp-content\/uploads\/2025\/09\/prospera-kassitoit-delicate-digestion4.jpg","datePublished":"2025-09-16T10:31:29+00:00","dateModified":"2026-01-07T20:47:45+00:00","breadcrumb":{"@id":"https:\/\/miumjau.ee\/fi\/tuote\/prospera-plus-adult-1-delicate-digestion-7-kg\/#breadcrumb"},"inLanguage":"fi","potentialAction":[{"@type":"ReadAction","target":["https:\/\/miumjau.ee\/fi\/tuote\/prospera-plus-adult-1-delicate-digestion-7-kg\/"]}]},{"@type":"ImageObject","inLanguage":"fi","@id":"https:\/\/miumjau.ee\/fi\/tuote\/prospera-plus-adult-1-delicate-digestion-7-kg\/#primaryimage","url":"https:\/\/miumjau.ee\/wp-content\/uploads\/2025\/09\/prospera-kassitoit-delicate-digestion4.jpg","contentUrl":"https:\/\/miumjau.ee\/wp-content\/uploads\/2025\/09\/prospera-kassitoit-delicate-digestion4.jpg","width":600,"height":800,"caption":"Prospera Plus Adult 1+ Delicate Digestion 7kg"},{"@type":"BreadcrumbList","@id":"https:\/\/miumjau.ee\/fi\/tuote\/prospera-plus-adult-1-delicate-digestion-7-kg\/#breadcrumb","itemListElement":[{"@type":"ListItem","position":1,"name":"Home","item":"https:\/\/miumjau.ee\/fi\/"},{"@type":"ListItem","position":2,"name":"Kauppa","item":"https:\/\/miumjau.ee\/fi\/kauppa\/"},{"@type":"ListItem","position":3,"name":"Prospera Plus Adult 1+ Delicate Digestion, 7 kg"}]},{"@type":"WebSite","@id":"https:\/\/miumjau.ee\/#website","url":"https:\/\/miumjau.ee\/","name":"MiuMjau","description":"Kraapimispuud kassidele","publisher":{"@id":"https:\/\/miumjau.ee\/#organization"},"potentialAction":[{"@type":"SearchAction","target":{"@type":"EntryPoint","urlTemplate":"https:\/\/miumjau.ee\/?s={search_term_string}"},"query-input":{"@type":"PropertyValueSpecification","valueRequired":true,"valueName":"search_term_string"}}],"inLanguage":"fi"},{"@type":"Organization","@id":"https:\/\/miumjau.ee\/#organization","name":"MiuMjau O\u00dc","url":"https:\/\/miumjau.ee\/","logo":{"@type":"ImageObject","inLanguage":"fi","@id":"https:\/\/miumjau.ee\/#\/schema\/logo\/image\/","url":"https:\/\/miumjau.ee\/wp-content\/uploads\/2022\/04\/MiuMjau-logo-kollane.png","contentUrl":"https:\/\/miumjau.ee\/wp-content\/uploads\/2022\/04\/MiuMjau-logo-kollane.png","width":219,"height":100,"caption":"MiuMjau O\u00dc"},"image":{"@id":"https:\/\/miumjau.ee\/#\/schema\/logo\/image\/"},"sameAs":["https:\/\/www.facebook.com\/miumjaupood\/"]}]}},"_links":{"self":[{"href":"https:\/\/miumjau.ee\/fi\/wp-json\/wp\/v2\/product\/42486","targetHints":{"allow":["GET"]}}],"collection":[{"href":"https:\/\/miumjau.ee\/fi\/wp-json\/wp\/v2\/product"}],"about":[{"href":"https:\/\/miumjau.ee\/fi\/wp-json\/wp\/v2\/types\/product"}],"wp:featuredmedia":[{"embeddable":true,"href":"https:\/\/miumjau.ee\/fi\/wp-json\/wp\/v2\/media\/39607"}],"wp:attachment":[{"href":"https:\/\/miumjau.ee\/fi\/wp-json\/wp\/v2\/media?parent=42486"}],"wp:term":[{"taxonomy":"product_brand","embeddable":true,"href":"https:\/\/miumjau.ee\/fi\/wp-json\/wp\/v2\/product_brand?post=42486"},{"taxonomy":"product_cat","embeddable":true,"href":"https:\/\/miumjau.ee\/fi\/wp-json\/wp\/v2\/product_cat?post=42486"},{"taxonomy":"product_tag","embeddable":true,"href":"https:\/\/miumjau.ee\/fi\/wp-json\/wp\/v2\/product_tag?post=42486"}],"curies":[{"name":"wp","href":"https:\/\/api.w.org\/{rel}","templated":true}]}}