{"id":42482,"date":"2025-09-16T13:38:10","date_gmt":"2025-09-16T10:38:10","guid":{"rendered":"https:\/\/miumjau.ee\/toode\/prospera-plus-sterilized-1-chicken-urinary-2-kg\/"},"modified":"2026-01-07T22:47:45","modified_gmt":"2026-01-07T20:47:45","slug":"prospera-plus-sterilized-1-chicken-urinary-2-kg","status":"publish","type":"product","link":"https:\/\/miumjau.ee\/fi\/tuote\/prospera-plus-sterilized-1-chicken-urinary-2-kg\/","title":{"rendered":"Prospera Plus Sterilized 1+ Chicken Urinary, 2 kg"},"content":{"rendered":"","protected":false},"excerpt":{"rendered":"<p data-start=\"294\" data-end=\"388\">T\u00e4ysravinto kuivaruoka kanalla steriloiduille ja kastroille kissoille 1 vuoden i\u00e4st\u00e4 alkaen.<\/p>\n<p data-start=\"390\" data-end=\"736\">Kehitetty virtsateiden terveyden tukemiseksi ja virtsakivien muodostumisen ehk\u00e4isemiseksi.<br data-start=\"480\" data-end=\"483\" \/>Lohi\u00f6ljyst\u00e4 per\u00e4isin olevat omega-rasvahapot auttavat yll\u00e4pit\u00e4m\u00e4\u00e4n tervett\u00e4 ihoa ja kiilt\u00e4v\u00e4\u00e4 turkkia.<br data-start=\"585\" data-end=\"588\" \/>Sis\u00e4lt\u00e4\u00e4 prebioottisia kuituja, jotka tukevat suoliston tervett\u00e4 mikroflooraa.<br data-start=\"666\" data-end=\"669\" \/>Rikastettu tauriinilla, kurkumalla, rosmariinilla ja karpaloilla.<\/p>\n<p data-start=\"738\" data-end=\"1119\"><strong data-start=\"738\" data-end=\"752\">Koostumus:<\/strong> kanaproteiini (40 %), maissi (39 %), siipikarjanrasva (5 %), riisi (5 %), kuivattu juurikas (3,5 %), hydrolysoitu kananmaksa (3 %), oluthiiva (3 %), lohi\u00f6ljy (1 %), hernejauho (0,459 %), mannan-oligosakkaridit (0,011 %), frukto-oligosakkaridit (0,009 %), jukkapalmu (0,006 %), kuivattu rosmariini (0,005 %), kuivattu kurkuma (0,005 %), kuivatut karpalot (0,005 %).<\/p>\n<p data-start=\"1121\" data-end=\"1356\"><strong data-start=\"1121\" data-end=\"1146\">Analysoitu koostumus:<\/strong> raakaproteiini 34,0 %, raakarasva 12,0 %, raakatuhka 5,5 %, raakakuitu 2,5 %, kosteus 9,0 %, kalsium 1,2 %, fosfori 0,9 %, natrium 0,3 %, magnesium 0,05 %, omega-3-rasvahapot 0,1 %, omega-6-rasvahapot 1,7 %.<\/p>\n","protected":false},"featured_media":39546,"template":"","meta":[],"product_brand":[],"product_cat":[255],"product_tag":[],"class_list":{"0":"post-42482","1":"product","2":"type-product","3":"status-publish","4":"has-post-thumbnail","6":"product_cat-kuiva-ruoka","8":"first","9":"instock","10":"taxable","11":"shipping-taxable","12":"purchasable","13":"product-type-simple"},"yoast_head":"<!-- This site is optimized with the Yoast SEO plugin v27.4 - https:\/\/yoast.com\/product\/yoast-seo-wordpress\/ -->\n<title>Prospera Plus Sterilized 1+ Chicken Urinary, 2 kg - MiuMjau<\/title>\n<meta name=\"robots\" content=\"index, follow, max-snippet:-1, max-image-preview:large, max-video-preview:-1\" \/>\n<link rel=\"canonical\" href=\"https:\/\/miumjau.ee\/fi\/tuote\/prospera-plus-sterilized-1-chicken-urinary-2-kg\/\" \/>\n<meta property=\"og:locale\" content=\"fi_FI\" \/>\n<meta property=\"og:type\" content=\"article\" \/>\n<meta property=\"og:title\" content=\"Prospera Plus Sterilized 1+ Chicken Urinary, 2 kg - MiuMjau\" \/>\n<meta property=\"og:description\" content=\"T\u00e4ysravinto kuivaruoka kanalla steriloiduille ja kastroille kissoille 1 vuoden i\u00e4st\u00e4 alkaen. Kehitetty virtsateiden terveyden tukemiseksi ja virtsakivien muodostumisen ehk\u00e4isemiseksi.Lohi\u00f6ljyst\u00e4 per\u00e4isin olevat omega-rasvahapot auttavat yll\u00e4pit\u00e4m\u00e4\u00e4n tervett\u00e4 ihoa ja kiilt\u00e4v\u00e4\u00e4 turkkia.Sis\u00e4lt\u00e4\u00e4 prebioottisia kuituja, jotka tukevat suoliston tervett\u00e4 mikroflooraa.Rikastettu tauriinilla, kurkumalla, rosmariinilla ja karpaloilla. Koostumus: kanaproteiini (40 %), maissi (39 %), siipikarjanrasva (5 %), riisi (5 %), kuivattu juurikas (3,5 %), hydrolysoitu kananmaksa (3 %), oluthiiva (3 %), lohi\u00f6ljy (1 %), hernejauho (0,459 %), mannan-oligosakkaridit (0,011 %), frukto-oligosakkaridit (0,009 %), jukkapalmu (0,006 %), kuivattu rosmariini (0,005 %), kuivattu kurkuma (0,005 %), kuivatut karpalot (0,005 %). Analysoitu koostumus: raakaproteiini 34,0 %, raakarasva 12,0 %, raakatuhka 5,5 %, raakakuitu 2,5 %, kosteus 9,0 %, kalsium 1,2 %, fosfori 0,9 %, natrium 0,3 %, magnesium 0,05 %, omega-3-rasvahapot 0,1 %, omega-6-rasvahapot 1,7 %.\" \/>\n<meta property=\"og:url\" content=\"https:\/\/miumjau.ee\/fi\/tuote\/prospera-plus-sterilized-1-chicken-urinary-2-kg\/\" \/>\n<meta property=\"og:site_name\" content=\"MiuMjau\" \/>\n<meta property=\"article:publisher\" content=\"https:\/\/www.facebook.com\/miumjaupood\/\" \/>\n<meta property=\"article:modified_time\" content=\"2026-01-07T20:47:45+00:00\" \/>\n<meta property=\"og:image\" content=\"https:\/\/miumjau.ee\/wp-content\/uploads\/2025\/09\/prospera-kuivtoit-kassile29.jpg\" \/>\n\t<meta property=\"og:image:width\" content=\"600\" \/>\n\t<meta property=\"og:image:height\" content=\"800\" \/>\n\t<meta property=\"og:image:type\" content=\"image\/jpeg\" \/>\n<meta name=\"twitter:card\" content=\"summary_large_image\" \/>\n<script type=\"application\/ld+json\" class=\"yoast-schema-graph\">{\"@context\":\"https:\\\/\\\/schema.org\",\"@graph\":[{\"@type\":\"WebPage\",\"@id\":\"https:\\\/\\\/miumjau.ee\\\/fi\\\/tuote\\\/prospera-plus-sterilized-1-chicken-urinary-2-kg\\\/\",\"url\":\"https:\\\/\\\/miumjau.ee\\\/fi\\\/tuote\\\/prospera-plus-sterilized-1-chicken-urinary-2-kg\\\/\",\"name\":\"Prospera Plus Sterilized 1+ Chicken Urinary, 2 kg - MiuMjau\",\"isPartOf\":{\"@id\":\"https:\\\/\\\/miumjau.ee\\\/#website\"},\"primaryImageOfPage\":{\"@id\":\"https:\\\/\\\/miumjau.ee\\\/fi\\\/tuote\\\/prospera-plus-sterilized-1-chicken-urinary-2-kg\\\/#primaryimage\"},\"image\":{\"@id\":\"https:\\\/\\\/miumjau.ee\\\/fi\\\/tuote\\\/prospera-plus-sterilized-1-chicken-urinary-2-kg\\\/#primaryimage\"},\"thumbnailUrl\":\"https:\\\/\\\/miumjau.ee\\\/wp-content\\\/uploads\\\/2025\\\/09\\\/prospera-kuivtoit-kassile29.jpg\",\"datePublished\":\"2025-09-16T10:38:10+00:00\",\"dateModified\":\"2026-01-07T20:47:45+00:00\",\"breadcrumb\":{\"@id\":\"https:\\\/\\\/miumjau.ee\\\/fi\\\/tuote\\\/prospera-plus-sterilized-1-chicken-urinary-2-kg\\\/#breadcrumb\"},\"inLanguage\":\"fi\",\"potentialAction\":[{\"@type\":\"ReadAction\",\"target\":[\"https:\\\/\\\/miumjau.ee\\\/fi\\\/tuote\\\/prospera-plus-sterilized-1-chicken-urinary-2-kg\\\/\"]}]},{\"@type\":\"ImageObject\",\"inLanguage\":\"fi\",\"@id\":\"https:\\\/\\\/miumjau.ee\\\/fi\\\/tuote\\\/prospera-plus-sterilized-1-chicken-urinary-2-kg\\\/#primaryimage\",\"url\":\"https:\\\/\\\/miumjau.ee\\\/wp-content\\\/uploads\\\/2025\\\/09\\\/prospera-kuivtoit-kassile29.jpg\",\"contentUrl\":\"https:\\\/\\\/miumjau.ee\\\/wp-content\\\/uploads\\\/2025\\\/09\\\/prospera-kuivtoit-kassile29.jpg\",\"width\":600,\"height\":800,\"caption\":\"Looma kaal (t\u00e4iskasvanud, kg) 2\u20133 3\u20135 5\u20137 7\u20139 9\u201312P\u00e4evane annus (g) 35\u201345 45\u201370 70\u201380 80\u2013100 100\u2013125\"},{\"@type\":\"BreadcrumbList\",\"@id\":\"https:\\\/\\\/miumjau.ee\\\/fi\\\/tuote\\\/prospera-plus-sterilized-1-chicken-urinary-2-kg\\\/#breadcrumb\",\"itemListElement\":[{\"@type\":\"ListItem\",\"position\":1,\"name\":\"Home\",\"item\":\"https:\\\/\\\/miumjau.ee\\\/fi\\\/\"},{\"@type\":\"ListItem\",\"position\":2,\"name\":\"Kauppa\",\"item\":\"https:\\\/\\\/miumjau.ee\\\/fi\\\/kauppa\\\/\"},{\"@type\":\"ListItem\",\"position\":3,\"name\":\"Prospera Plus Sterilized 1+ Chicken Urinary, 2 kg\"}]},{\"@type\":\"WebSite\",\"@id\":\"https:\\\/\\\/miumjau.ee\\\/#website\",\"url\":\"https:\\\/\\\/miumjau.ee\\\/\",\"name\":\"MiuMjau\",\"description\":\"Kraapimispuud kassidele\",\"publisher\":{\"@id\":\"https:\\\/\\\/miumjau.ee\\\/#organization\"},\"potentialAction\":[{\"@type\":\"SearchAction\",\"target\":{\"@type\":\"EntryPoint\",\"urlTemplate\":\"https:\\\/\\\/miumjau.ee\\\/?s={search_term_string}\"},\"query-input\":{\"@type\":\"PropertyValueSpecification\",\"valueRequired\":true,\"valueName\":\"search_term_string\"}}],\"inLanguage\":\"fi\"},{\"@type\":\"Organization\",\"@id\":\"https:\\\/\\\/miumjau.ee\\\/#organization\",\"name\":\"MiuMjau O\u00dc\",\"url\":\"https:\\\/\\\/miumjau.ee\\\/\",\"logo\":{\"@type\":\"ImageObject\",\"inLanguage\":\"fi\",\"@id\":\"https:\\\/\\\/miumjau.ee\\\/#\\\/schema\\\/logo\\\/image\\\/\",\"url\":\"https:\\\/\\\/miumjau.ee\\\/wp-content\\\/uploads\\\/2022\\\/04\\\/MiuMjau-logo-kollane.png\",\"contentUrl\":\"https:\\\/\\\/miumjau.ee\\\/wp-content\\\/uploads\\\/2022\\\/04\\\/MiuMjau-logo-kollane.png\",\"width\":219,\"height\":100,\"caption\":\"MiuMjau O\u00dc\"},\"image\":{\"@id\":\"https:\\\/\\\/miumjau.ee\\\/#\\\/schema\\\/logo\\\/image\\\/\"},\"sameAs\":[\"https:\\\/\\\/www.facebook.com\\\/miumjaupood\\\/\"]}]}<\/script>\n<!-- \/ Yoast SEO plugin. -->","yoast_head_json":{"title":"Prospera Plus Sterilized 1+ Chicken Urinary, 2 kg - MiuMjau","robots":{"index":"index","follow":"follow","max-snippet":"max-snippet:-1","max-image-preview":"max-image-preview:large","max-video-preview":"max-video-preview:-1"},"canonical":"https:\/\/miumjau.ee\/fi\/tuote\/prospera-plus-sterilized-1-chicken-urinary-2-kg\/","og_locale":"fi_FI","og_type":"article","og_title":"Prospera Plus Sterilized 1+ Chicken Urinary, 2 kg - MiuMjau","og_description":"T\u00e4ysravinto kuivaruoka kanalla steriloiduille ja kastroille kissoille 1 vuoden i\u00e4st\u00e4 alkaen. Kehitetty virtsateiden terveyden tukemiseksi ja virtsakivien muodostumisen ehk\u00e4isemiseksi.Lohi\u00f6ljyst\u00e4 per\u00e4isin olevat omega-rasvahapot auttavat yll\u00e4pit\u00e4m\u00e4\u00e4n tervett\u00e4 ihoa ja kiilt\u00e4v\u00e4\u00e4 turkkia.Sis\u00e4lt\u00e4\u00e4 prebioottisia kuituja, jotka tukevat suoliston tervett\u00e4 mikroflooraa.Rikastettu tauriinilla, kurkumalla, rosmariinilla ja karpaloilla. Koostumus: kanaproteiini (40 %), maissi (39 %), siipikarjanrasva (5 %), riisi (5 %), kuivattu juurikas (3,5 %), hydrolysoitu kananmaksa (3 %), oluthiiva (3 %), lohi\u00f6ljy (1 %), hernejauho (0,459 %), mannan-oligosakkaridit (0,011 %), frukto-oligosakkaridit (0,009 %), jukkapalmu (0,006 %), kuivattu rosmariini (0,005 %), kuivattu kurkuma (0,005 %), kuivatut karpalot (0,005 %). Analysoitu koostumus: raakaproteiini 34,0 %, raakarasva 12,0 %, raakatuhka 5,5 %, raakakuitu 2,5 %, kosteus 9,0 %, kalsium 1,2 %, fosfori 0,9 %, natrium 0,3 %, magnesium 0,05 %, omega-3-rasvahapot 0,1 %, omega-6-rasvahapot 1,7 %.","og_url":"https:\/\/miumjau.ee\/fi\/tuote\/prospera-plus-sterilized-1-chicken-urinary-2-kg\/","og_site_name":"MiuMjau","article_publisher":"https:\/\/www.facebook.com\/miumjaupood\/","article_modified_time":"2026-01-07T20:47:45+00:00","og_image":[{"width":600,"height":800,"url":"https:\/\/miumjau.ee\/wp-content\/uploads\/2025\/09\/prospera-kuivtoit-kassile29.jpg","type":"image\/jpeg"}],"twitter_card":"summary_large_image","schema":{"@context":"https:\/\/schema.org","@graph":[{"@type":"WebPage","@id":"https:\/\/miumjau.ee\/fi\/tuote\/prospera-plus-sterilized-1-chicken-urinary-2-kg\/","url":"https:\/\/miumjau.ee\/fi\/tuote\/prospera-plus-sterilized-1-chicken-urinary-2-kg\/","name":"Prospera Plus Sterilized 1+ Chicken Urinary, 2 kg - MiuMjau","isPartOf":{"@id":"https:\/\/miumjau.ee\/#website"},"primaryImageOfPage":{"@id":"https:\/\/miumjau.ee\/fi\/tuote\/prospera-plus-sterilized-1-chicken-urinary-2-kg\/#primaryimage"},"image":{"@id":"https:\/\/miumjau.ee\/fi\/tuote\/prospera-plus-sterilized-1-chicken-urinary-2-kg\/#primaryimage"},"thumbnailUrl":"https:\/\/miumjau.ee\/wp-content\/uploads\/2025\/09\/prospera-kuivtoit-kassile29.jpg","datePublished":"2025-09-16T10:38:10+00:00","dateModified":"2026-01-07T20:47:45+00:00","breadcrumb":{"@id":"https:\/\/miumjau.ee\/fi\/tuote\/prospera-plus-sterilized-1-chicken-urinary-2-kg\/#breadcrumb"},"inLanguage":"fi","potentialAction":[{"@type":"ReadAction","target":["https:\/\/miumjau.ee\/fi\/tuote\/prospera-plus-sterilized-1-chicken-urinary-2-kg\/"]}]},{"@type":"ImageObject","inLanguage":"fi","@id":"https:\/\/miumjau.ee\/fi\/tuote\/prospera-plus-sterilized-1-chicken-urinary-2-kg\/#primaryimage","url":"https:\/\/miumjau.ee\/wp-content\/uploads\/2025\/09\/prospera-kuivtoit-kassile29.jpg","contentUrl":"https:\/\/miumjau.ee\/wp-content\/uploads\/2025\/09\/prospera-kuivtoit-kassile29.jpg","width":600,"height":800,"caption":"Looma kaal (t\u00e4iskasvanud, kg) 2\u20133 3\u20135 5\u20137 7\u20139 9\u201312P\u00e4evane annus (g) 35\u201345 45\u201370 70\u201380 80\u2013100 100\u2013125"},{"@type":"BreadcrumbList","@id":"https:\/\/miumjau.ee\/fi\/tuote\/prospera-plus-sterilized-1-chicken-urinary-2-kg\/#breadcrumb","itemListElement":[{"@type":"ListItem","position":1,"name":"Home","item":"https:\/\/miumjau.ee\/fi\/"},{"@type":"ListItem","position":2,"name":"Kauppa","item":"https:\/\/miumjau.ee\/fi\/kauppa\/"},{"@type":"ListItem","position":3,"name":"Prospera Plus Sterilized 1+ Chicken Urinary, 2 kg"}]},{"@type":"WebSite","@id":"https:\/\/miumjau.ee\/#website","url":"https:\/\/miumjau.ee\/","name":"MiuMjau","description":"Kraapimispuud kassidele","publisher":{"@id":"https:\/\/miumjau.ee\/#organization"},"potentialAction":[{"@type":"SearchAction","target":{"@type":"EntryPoint","urlTemplate":"https:\/\/miumjau.ee\/?s={search_term_string}"},"query-input":{"@type":"PropertyValueSpecification","valueRequired":true,"valueName":"search_term_string"}}],"inLanguage":"fi"},{"@type":"Organization","@id":"https:\/\/miumjau.ee\/#organization","name":"MiuMjau O\u00dc","url":"https:\/\/miumjau.ee\/","logo":{"@type":"ImageObject","inLanguage":"fi","@id":"https:\/\/miumjau.ee\/#\/schema\/logo\/image\/","url":"https:\/\/miumjau.ee\/wp-content\/uploads\/2022\/04\/MiuMjau-logo-kollane.png","contentUrl":"https:\/\/miumjau.ee\/wp-content\/uploads\/2022\/04\/MiuMjau-logo-kollane.png","width":219,"height":100,"caption":"MiuMjau O\u00dc"},"image":{"@id":"https:\/\/miumjau.ee\/#\/schema\/logo\/image\/"},"sameAs":["https:\/\/www.facebook.com\/miumjaupood\/"]}]}},"_links":{"self":[{"href":"https:\/\/miumjau.ee\/fi\/wp-json\/wp\/v2\/product\/42482","targetHints":{"allow":["GET"]}}],"collection":[{"href":"https:\/\/miumjau.ee\/fi\/wp-json\/wp\/v2\/product"}],"about":[{"href":"https:\/\/miumjau.ee\/fi\/wp-json\/wp\/v2\/types\/product"}],"wp:featuredmedia":[{"embeddable":true,"href":"https:\/\/miumjau.ee\/fi\/wp-json\/wp\/v2\/media\/39546"}],"wp:attachment":[{"href":"https:\/\/miumjau.ee\/fi\/wp-json\/wp\/v2\/media?parent=42482"}],"wp:term":[{"taxonomy":"product_brand","embeddable":true,"href":"https:\/\/miumjau.ee\/fi\/wp-json\/wp\/v2\/product_brand?post=42482"},{"taxonomy":"product_cat","embeddable":true,"href":"https:\/\/miumjau.ee\/fi\/wp-json\/wp\/v2\/product_cat?post=42482"},{"taxonomy":"product_tag","embeddable":true,"href":"https:\/\/miumjau.ee\/fi\/wp-json\/wp\/v2\/product_tag?post=42482"}],"curies":[{"name":"wp","href":"https:\/\/api.w.org\/{rel}","templated":true}]}}