{"id":42474,"date":"2025-09-16T11:01:56","date_gmt":"2025-09-16T08:01:56","guid":{"rendered":"https:\/\/miumjau.ee\/toode\/prospera-plus-1-adult-naudanliha-ja-porkkana-85-g\/"},"modified":"2026-01-07T22:47:52","modified_gmt":"2026-01-07T20:47:52","slug":"prospera-plus-1-adult-naudanliha-ja-porkkana-85-g","status":"publish","type":"product","link":"https:\/\/miumjau.ee\/fi\/tuote\/prospera-plus-1-adult-naudanliha-ja-porkkana-85-g\/","title":{"rendered":"Prospera Plus 1+ Adult, naudanliha ja porkkana, 85 g"},"content":{"rendered":"","protected":false},"excerpt":{"rendered":"<p data-start=\"238\" data-end=\"365\">T\u00e4ysravinto ja tasapainoinen m\u00e4rk\u00e4ruoka kastikkeessa naudanlihalla ja porkkanalla aikuisille kissoille 1 vuoden i\u00e4st\u00e4 alkaen.<\/p>\n<p data-start=\"367\" data-end=\"823\">Tarjoaa kissallesi kaikki tarvittavat ravintoaineet terveelliseen ruokavalioon.<br data-start=\"446\" data-end=\"449\" \/>Sis\u00e4lt\u00e4\u00e4 tauriinia \u2013 v\u00e4ltt\u00e4m\u00e4t\u00f6nt\u00e4 aminohappoa, joka on t\u00e4rke\u00e4 syd\u00e4men ja n\u00e4\u00f6n terveydelle.<br data-start=\"540\" data-end=\"543\" \/>Laadukkaat ja helposti sulavat ravintoaineet tukevat lihasten terveytt\u00e4 ja turkin kuntoa.<br data-start=\"632\" data-end=\"635\" \/>Herkulliset liha- ja vihannespalat kastikkeessa maistuvat jopa nirsoimmalle lemmikille.<br data-start=\"722\" data-end=\"725\" \/>Auttaa yll\u00e4pit\u00e4m\u00e4\u00e4n tervett\u00e4 suolistoflooraa.<br data-start=\"770\" data-end=\"773\" \/>Ei sis\u00e4ll\u00e4 soijaa, viljaa eik\u00e4 lis\u00e4tty\u00e4 sokeria.<\/p>\n<p data-start=\"825\" data-end=\"1213\"><strong data-start=\"825\" data-end=\"839\">Koostumus:<\/strong> liha ja el\u00e4inper\u00e4iset tuotteet (88 % fileet\u00e4*, josta 40,6 % naudanlihaa, 27 % sianmaksaa, 14,4 % kanaa, 6 % naudanlihaa*), 1,5 % kivenn\u00e4isaineita, kasviper\u00e4iset tuotteet (0,6 % t\u00e4rkkelyst\u00e4, 0,5 % kuitua, 0,4 % sikurin inuliinia), \u00f6ljyt ja rasvat, vihannekset (0,45 % kuivattuja porkkanoita, vastaa 4 % tuoreita porkkanoita).<br data-start=\"1164\" data-end=\"1167\" \/><em data-start=\"1167\" data-end=\"1211\">Filee muodostaa yleens\u00e4 34,5 % tuotteesta.<\/em><\/p>\n<p data-start=\"1215\" data-end=\"1380\"><strong data-start=\"1215\" data-end=\"1240\">Analysoitu koostumus:<\/strong> raakaproteiini 10 %, raakarasva 4 %, raakatuhka 2 %, raakakuitu 0,4 %, omega-3-rasvahapot 0,15 %, omega-6-rasvahapot 0,8 %, kosteus 80 %.<\/p>\n","protected":false},"featured_media":39470,"template":"","meta":[],"product_brand":[],"product_cat":[264],"product_tag":[],"class_list":{"0":"post-42474","1":"product","2":"type-product","3":"status-publish","4":"has-post-thumbnail","6":"product_cat-marka-ruoka","8":"first","9":"instock","10":"sale","11":"taxable","12":"shipping-taxable","13":"purchasable","14":"product-type-simple"},"yoast_head":"<!-- This site is optimized with the Yoast SEO plugin v27.2 - https:\/\/yoast.com\/product\/yoast-seo-wordpress\/ -->\n<title>Prospera Plus 1+ Adult, naudanliha ja porkkana, 85 g - MiuMjau<\/title>\n<meta name=\"robots\" content=\"index, follow, max-snippet:-1, max-image-preview:large, max-video-preview:-1\" \/>\n<link rel=\"canonical\" href=\"https:\/\/miumjau.ee\/fi\/tuote\/prospera-plus-1-adult-naudanliha-ja-porkkana-85-g\/\" \/>\n<meta property=\"og:locale\" content=\"fi_FI\" \/>\n<meta property=\"og:type\" content=\"article\" \/>\n<meta property=\"og:title\" content=\"Prospera Plus 1+ Adult, naudanliha ja porkkana, 85 g - MiuMjau\" \/>\n<meta property=\"og:description\" content=\"T\u00e4ysravinto ja tasapainoinen m\u00e4rk\u00e4ruoka kastikkeessa naudanlihalla ja porkkanalla aikuisille kissoille 1 vuoden i\u00e4st\u00e4 alkaen. Tarjoaa kissallesi kaikki tarvittavat ravintoaineet terveelliseen ruokavalioon.Sis\u00e4lt\u00e4\u00e4 tauriinia \u2013 v\u00e4ltt\u00e4m\u00e4t\u00f6nt\u00e4 aminohappoa, joka on t\u00e4rke\u00e4 syd\u00e4men ja n\u00e4\u00f6n terveydelle.Laadukkaat ja helposti sulavat ravintoaineet tukevat lihasten terveytt\u00e4 ja turkin kuntoa.Herkulliset liha- ja vihannespalat kastikkeessa maistuvat jopa nirsoimmalle lemmikille.Auttaa yll\u00e4pit\u00e4m\u00e4\u00e4n tervett\u00e4 suolistoflooraa.Ei sis\u00e4ll\u00e4 soijaa, viljaa eik\u00e4 lis\u00e4tty\u00e4 sokeria. Koostumus: liha ja el\u00e4inper\u00e4iset tuotteet (88 % fileet\u00e4*, josta 40,6 % naudanlihaa, 27 % sianmaksaa, 14,4 % kanaa, 6 % naudanlihaa*), 1,5 % kivenn\u00e4isaineita, kasviper\u00e4iset tuotteet (0,6 % t\u00e4rkkelyst\u00e4, 0,5 % kuitua, 0,4 % sikurin inuliinia), \u00f6ljyt ja rasvat, vihannekset (0,45 % kuivattuja porkkanoita, vastaa 4 % tuoreita porkkanoita).Filee muodostaa yleens\u00e4 34,5 % tuotteesta. Analysoitu koostumus: raakaproteiini 10 %, raakarasva 4 %, raakatuhka 2 %, raakakuitu 0,4 %, omega-3-rasvahapot 0,15 %, omega-6-rasvahapot 0,8 %, kosteus 80 %.\" \/>\n<meta property=\"og:url\" content=\"https:\/\/miumjau.ee\/fi\/tuote\/prospera-plus-1-adult-naudanliha-ja-porkkana-85-g\/\" \/>\n<meta property=\"og:site_name\" content=\"MiuMjau\" \/>\n<meta property=\"article:publisher\" content=\"https:\/\/www.facebook.com\/miumjaupood\/\" \/>\n<meta property=\"article:modified_time\" content=\"2026-01-07T20:47:52+00:00\" \/>\n<meta property=\"og:image\" content=\"https:\/\/miumjau.ee\/wp-content\/uploads\/2025\/09\/prospera-konservid-kassidele-85g-3.jpg\" \/>\n\t<meta property=\"og:image:width\" content=\"459\" \/>\n\t<meta property=\"og:image:height\" content=\"650\" \/>\n\t<meta property=\"og:image:type\" content=\"image\/jpeg\" \/>\n<meta name=\"twitter:card\" content=\"summary_large_image\" \/>\n<script type=\"application\/ld+json\" class=\"yoast-schema-graph\">{\"@context\":\"https:\/\/schema.org\",\"@graph\":[{\"@type\":\"WebPage\",\"@id\":\"https:\/\/miumjau.ee\/fi\/tuote\/prospera-plus-1-adult-naudanliha-ja-porkkana-85-g\/\",\"url\":\"https:\/\/miumjau.ee\/fi\/tuote\/prospera-plus-1-adult-naudanliha-ja-porkkana-85-g\/\",\"name\":\"Prospera Plus 1+ Adult, naudanliha ja porkkana, 85 g - MiuMjau\",\"isPartOf\":{\"@id\":\"https:\/\/miumjau.ee\/#website\"},\"primaryImageOfPage\":{\"@id\":\"https:\/\/miumjau.ee\/fi\/tuote\/prospera-plus-1-adult-naudanliha-ja-porkkana-85-g\/#primaryimage\"},\"image\":{\"@id\":\"https:\/\/miumjau.ee\/fi\/tuote\/prospera-plus-1-adult-naudanliha-ja-porkkana-85-g\/#primaryimage\"},\"thumbnailUrl\":\"https:\/\/miumjau.ee\/wp-content\/uploads\/2025\/09\/prospera-konservid-kassidele-85g-3.jpg\",\"datePublished\":\"2025-09-16T08:01:56+00:00\",\"dateModified\":\"2026-01-07T20:47:52+00:00\",\"breadcrumb\":{\"@id\":\"https:\/\/miumjau.ee\/fi\/tuote\/prospera-plus-1-adult-naudanliha-ja-porkkana-85-g\/#breadcrumb\"},\"inLanguage\":\"fi\",\"potentialAction\":[{\"@type\":\"ReadAction\",\"target\":[\"https:\/\/miumjau.ee\/fi\/tuote\/prospera-plus-1-adult-naudanliha-ja-porkkana-85-g\/\"]}]},{\"@type\":\"ImageObject\",\"inLanguage\":\"fi\",\"@id\":\"https:\/\/miumjau.ee\/fi\/tuote\/prospera-plus-1-adult-naudanliha-ja-porkkana-85-g\/#primaryimage\",\"url\":\"https:\/\/miumjau.ee\/wp-content\/uploads\/2025\/09\/prospera-konservid-kassidele-85g-3.jpg\",\"contentUrl\":\"https:\/\/miumjau.ee\/wp-content\/uploads\/2025\/09\/prospera-konservid-kassidele-85g-3.jpg\",\"width\":459,\"height\":650,\"caption\":\"Prospera Plus 1+ t\u00e4iskasvanule veise ja porgandiga, 85g\"},{\"@type\":\"BreadcrumbList\",\"@id\":\"https:\/\/miumjau.ee\/fi\/tuote\/prospera-plus-1-adult-naudanliha-ja-porkkana-85-g\/#breadcrumb\",\"itemListElement\":[{\"@type\":\"ListItem\",\"position\":1,\"name\":\"Home\",\"item\":\"https:\/\/miumjau.ee\/fi\/\"},{\"@type\":\"ListItem\",\"position\":2,\"name\":\"Kauppa\",\"item\":\"https:\/\/miumjau.ee\/fi\/kauppa\/\"},{\"@type\":\"ListItem\",\"position\":3,\"name\":\"Prospera Plus 1+ Adult, naudanliha ja porkkana, 85 g\"}]},{\"@type\":\"WebSite\",\"@id\":\"https:\/\/miumjau.ee\/#website\",\"url\":\"https:\/\/miumjau.ee\/\",\"name\":\"MiuMjau\",\"description\":\"Kraapimispuud kassidele\",\"publisher\":{\"@id\":\"https:\/\/miumjau.ee\/#organization\"},\"potentialAction\":[{\"@type\":\"SearchAction\",\"target\":{\"@type\":\"EntryPoint\",\"urlTemplate\":\"https:\/\/miumjau.ee\/?s={search_term_string}\"},\"query-input\":{\"@type\":\"PropertyValueSpecification\",\"valueRequired\":true,\"valueName\":\"search_term_string\"}}],\"inLanguage\":\"fi\"},{\"@type\":\"Organization\",\"@id\":\"https:\/\/miumjau.ee\/#organization\",\"name\":\"MiuMjau O\u00dc\",\"url\":\"https:\/\/miumjau.ee\/\",\"logo\":{\"@type\":\"ImageObject\",\"inLanguage\":\"fi\",\"@id\":\"https:\/\/miumjau.ee\/#\/schema\/logo\/image\/\",\"url\":\"https:\/\/miumjau.ee\/wp-content\/uploads\/2022\/04\/MiuMjau-logo-kollane.png\",\"contentUrl\":\"https:\/\/miumjau.ee\/wp-content\/uploads\/2022\/04\/MiuMjau-logo-kollane.png\",\"width\":219,\"height\":100,\"caption\":\"MiuMjau O\u00dc\"},\"image\":{\"@id\":\"https:\/\/miumjau.ee\/#\/schema\/logo\/image\/\"},\"sameAs\":[\"https:\/\/www.facebook.com\/miumjaupood\/\"]}]}<\/script>\n<!-- \/ Yoast SEO plugin. -->","yoast_head_json":{"title":"Prospera Plus 1+ Adult, naudanliha ja porkkana, 85 g - MiuMjau","robots":{"index":"index","follow":"follow","max-snippet":"max-snippet:-1","max-image-preview":"max-image-preview:large","max-video-preview":"max-video-preview:-1"},"canonical":"https:\/\/miumjau.ee\/fi\/tuote\/prospera-plus-1-adult-naudanliha-ja-porkkana-85-g\/","og_locale":"fi_FI","og_type":"article","og_title":"Prospera Plus 1+ Adult, naudanliha ja porkkana, 85 g - MiuMjau","og_description":"T\u00e4ysravinto ja tasapainoinen m\u00e4rk\u00e4ruoka kastikkeessa naudanlihalla ja porkkanalla aikuisille kissoille 1 vuoden i\u00e4st\u00e4 alkaen. Tarjoaa kissallesi kaikki tarvittavat ravintoaineet terveelliseen ruokavalioon.Sis\u00e4lt\u00e4\u00e4 tauriinia \u2013 v\u00e4ltt\u00e4m\u00e4t\u00f6nt\u00e4 aminohappoa, joka on t\u00e4rke\u00e4 syd\u00e4men ja n\u00e4\u00f6n terveydelle.Laadukkaat ja helposti sulavat ravintoaineet tukevat lihasten terveytt\u00e4 ja turkin kuntoa.Herkulliset liha- ja vihannespalat kastikkeessa maistuvat jopa nirsoimmalle lemmikille.Auttaa yll\u00e4pit\u00e4m\u00e4\u00e4n tervett\u00e4 suolistoflooraa.Ei sis\u00e4ll\u00e4 soijaa, viljaa eik\u00e4 lis\u00e4tty\u00e4 sokeria. Koostumus: liha ja el\u00e4inper\u00e4iset tuotteet (88 % fileet\u00e4*, josta 40,6 % naudanlihaa, 27 % sianmaksaa, 14,4 % kanaa, 6 % naudanlihaa*), 1,5 % kivenn\u00e4isaineita, kasviper\u00e4iset tuotteet (0,6 % t\u00e4rkkelyst\u00e4, 0,5 % kuitua, 0,4 % sikurin inuliinia), \u00f6ljyt ja rasvat, vihannekset (0,45 % kuivattuja porkkanoita, vastaa 4 % tuoreita porkkanoita).Filee muodostaa yleens\u00e4 34,5 % tuotteesta. Analysoitu koostumus: raakaproteiini 10 %, raakarasva 4 %, raakatuhka 2 %, raakakuitu 0,4 %, omega-3-rasvahapot 0,15 %, omega-6-rasvahapot 0,8 %, kosteus 80 %.","og_url":"https:\/\/miumjau.ee\/fi\/tuote\/prospera-plus-1-adult-naudanliha-ja-porkkana-85-g\/","og_site_name":"MiuMjau","article_publisher":"https:\/\/www.facebook.com\/miumjaupood\/","article_modified_time":"2026-01-07T20:47:52+00:00","og_image":[{"width":459,"height":650,"url":"https:\/\/miumjau.ee\/wp-content\/uploads\/2025\/09\/prospera-konservid-kassidele-85g-3.jpg","type":"image\/jpeg"}],"twitter_card":"summary_large_image","schema":{"@context":"https:\/\/schema.org","@graph":[{"@type":"WebPage","@id":"https:\/\/miumjau.ee\/fi\/tuote\/prospera-plus-1-adult-naudanliha-ja-porkkana-85-g\/","url":"https:\/\/miumjau.ee\/fi\/tuote\/prospera-plus-1-adult-naudanliha-ja-porkkana-85-g\/","name":"Prospera Plus 1+ Adult, naudanliha ja porkkana, 85 g - MiuMjau","isPartOf":{"@id":"https:\/\/miumjau.ee\/#website"},"primaryImageOfPage":{"@id":"https:\/\/miumjau.ee\/fi\/tuote\/prospera-plus-1-adult-naudanliha-ja-porkkana-85-g\/#primaryimage"},"image":{"@id":"https:\/\/miumjau.ee\/fi\/tuote\/prospera-plus-1-adult-naudanliha-ja-porkkana-85-g\/#primaryimage"},"thumbnailUrl":"https:\/\/miumjau.ee\/wp-content\/uploads\/2025\/09\/prospera-konservid-kassidele-85g-3.jpg","datePublished":"2025-09-16T08:01:56+00:00","dateModified":"2026-01-07T20:47:52+00:00","breadcrumb":{"@id":"https:\/\/miumjau.ee\/fi\/tuote\/prospera-plus-1-adult-naudanliha-ja-porkkana-85-g\/#breadcrumb"},"inLanguage":"fi","potentialAction":[{"@type":"ReadAction","target":["https:\/\/miumjau.ee\/fi\/tuote\/prospera-plus-1-adult-naudanliha-ja-porkkana-85-g\/"]}]},{"@type":"ImageObject","inLanguage":"fi","@id":"https:\/\/miumjau.ee\/fi\/tuote\/prospera-plus-1-adult-naudanliha-ja-porkkana-85-g\/#primaryimage","url":"https:\/\/miumjau.ee\/wp-content\/uploads\/2025\/09\/prospera-konservid-kassidele-85g-3.jpg","contentUrl":"https:\/\/miumjau.ee\/wp-content\/uploads\/2025\/09\/prospera-konservid-kassidele-85g-3.jpg","width":459,"height":650,"caption":"Prospera Plus 1+ t\u00e4iskasvanule veise ja porgandiga, 85g"},{"@type":"BreadcrumbList","@id":"https:\/\/miumjau.ee\/fi\/tuote\/prospera-plus-1-adult-naudanliha-ja-porkkana-85-g\/#breadcrumb","itemListElement":[{"@type":"ListItem","position":1,"name":"Home","item":"https:\/\/miumjau.ee\/fi\/"},{"@type":"ListItem","position":2,"name":"Kauppa","item":"https:\/\/miumjau.ee\/fi\/kauppa\/"},{"@type":"ListItem","position":3,"name":"Prospera Plus 1+ Adult, naudanliha ja porkkana, 85 g"}]},{"@type":"WebSite","@id":"https:\/\/miumjau.ee\/#website","url":"https:\/\/miumjau.ee\/","name":"MiuMjau","description":"Kraapimispuud kassidele","publisher":{"@id":"https:\/\/miumjau.ee\/#organization"},"potentialAction":[{"@type":"SearchAction","target":{"@type":"EntryPoint","urlTemplate":"https:\/\/miumjau.ee\/?s={search_term_string}"},"query-input":{"@type":"PropertyValueSpecification","valueRequired":true,"valueName":"search_term_string"}}],"inLanguage":"fi"},{"@type":"Organization","@id":"https:\/\/miumjau.ee\/#organization","name":"MiuMjau O\u00dc","url":"https:\/\/miumjau.ee\/","logo":{"@type":"ImageObject","inLanguage":"fi","@id":"https:\/\/miumjau.ee\/#\/schema\/logo\/image\/","url":"https:\/\/miumjau.ee\/wp-content\/uploads\/2022\/04\/MiuMjau-logo-kollane.png","contentUrl":"https:\/\/miumjau.ee\/wp-content\/uploads\/2022\/04\/MiuMjau-logo-kollane.png","width":219,"height":100,"caption":"MiuMjau O\u00dc"},"image":{"@id":"https:\/\/miumjau.ee\/#\/schema\/logo\/image\/"},"sameAs":["https:\/\/www.facebook.com\/miumjaupood\/"]}]}},"_links":{"self":[{"href":"https:\/\/miumjau.ee\/fi\/wp-json\/wp\/v2\/product\/42474","targetHints":{"allow":["GET"]}}],"collection":[{"href":"https:\/\/miumjau.ee\/fi\/wp-json\/wp\/v2\/product"}],"about":[{"href":"https:\/\/miumjau.ee\/fi\/wp-json\/wp\/v2\/types\/product"}],"wp:featuredmedia":[{"embeddable":true,"href":"https:\/\/miumjau.ee\/fi\/wp-json\/wp\/v2\/media\/39470"}],"wp:attachment":[{"href":"https:\/\/miumjau.ee\/fi\/wp-json\/wp\/v2\/media?parent=42474"}],"wp:term":[{"taxonomy":"product_brand","embeddable":true,"href":"https:\/\/miumjau.ee\/fi\/wp-json\/wp\/v2\/product_brand?post=42474"},{"taxonomy":"product_cat","embeddable":true,"href":"https:\/\/miumjau.ee\/fi\/wp-json\/wp\/v2\/product_cat?post=42474"},{"taxonomy":"product_tag","embeddable":true,"href":"https:\/\/miumjau.ee\/fi\/wp-json\/wp\/v2\/product_tag?post=42474"}],"curies":[{"name":"wp","href":"https:\/\/api.w.org\/{rel}","templated":true}]}}