{"id":42466,"date":"2025-09-16T11:00:46","date_gmt":"2025-09-16T08:00:46","guid":{"rendered":"https:\/\/miumjau.ee\/toode\/prospera-plus-kitten-lohi-ja-porkkana-85-g\/"},"modified":"2026-01-07T22:47:52","modified_gmt":"2026-01-07T20:47:52","slug":"prospera-plus-kitten-lohi-ja-porkkana-85-g","status":"publish","type":"product","link":"https:\/\/miumjau.ee\/fi\/tuote\/prospera-plus-kitten-lohi-ja-porkkana-85-g\/","title":{"rendered":"Prospera Plus Kitten, lohi ja porkkana, 85 g"},"content":{"rendered":"","protected":false},"excerpt":{"rendered":"<p data-start=\"114\" data-end=\"226\">T\u00e4ysravinto ja tasapainoinen m\u00e4rk\u00e4ruoka lohella ja porkkanalla kissanpennuille 4 viikon \u2013 1 vuoden ik\u00e4\u00e4n asti.<\/p>\n<p data-start=\"228\" data-end=\"648\">Terveellinen ruoka, joka tukee kissanpentusi kasvua ja kehityst\u00e4.<br data-start=\"293\" data-end=\"296\" \/>Sis\u00e4lt\u00e4\u00e4 tauriinia \u2013 v\u00e4ltt\u00e4m\u00e4t\u00f6nt\u00e4 aminohappoa, joka on t\u00e4rke\u00e4 syd\u00e4men ja n\u00e4\u00f6n terveydelle.<br data-start=\"387\" data-end=\"390\" \/>Laadukkaat ja helposti sulavat ravintoaineet auttavat pentua saamaan riitt\u00e4v\u00e4sti energiaa ja tukevat turkin kuntoa.<br data-start=\"505\" data-end=\"508\" \/>Ei sis\u00e4ll\u00e4 soijaa, viljaa eik\u00e4 lis\u00e4tty\u00e4 sokeria.<br data-start=\"556\" data-end=\"559\" \/>Herkulliset liha- ja vihannespalat kastikkeessa maistuvat jopa nirsoimmalle lemmikille.<\/p>\n<p data-start=\"650\" data-end=\"1097\"><strong data-start=\"650\" data-end=\"664\">Koostumus:<\/strong> liha ja el\u00e4inper\u00e4iset tuotteet (67,7 % fileet\u00e4*, josta 27 % sianmaksaa, 25 % kanaa, 9,7 % sianlihaa, 6 % naudanlihaa*), kala ja kalatuotteet (20,3 % lohifileet\u00e4*), 1,5 % kivenn\u00e4isaineita, kasviper\u00e4iset tuotteet (0,6 % t\u00e4rkkelyst\u00e4, 0,6 % kuitua, 0,4 % sikurin inuliinia), \u00f6ljyt ja rasvat (0,5 % lohi\u00f6ljy\u00e4), vihannekset (0,45 % kuivattuja porkkanoita, vastaa 4 % tuoreita porkkanoita).<br data-start=\"1048\" data-end=\"1051\" \/><em data-start=\"1051\" data-end=\"1095\">Filee muodostaa yleens\u00e4 34,5 % tuotteesta.<\/em><\/p>\n<p data-start=\"1099\" data-end=\"1295\"><strong data-start=\"1099\" data-end=\"1124\">Analysoitu koostumus:<\/strong> raakaproteiini 10 %, raakarasva 5 %, raakatuhka 2 %, raakakuitu 0,3 %, kalsium 0,3 %, fosfori 0,25 %, omega-3-rasvahapot 0,15 %, omega-6-rasvahapot 0,8 %, kosteus 78 %.<\/p>\n","protected":false},"featured_media":39494,"template":"","meta":[],"product_brand":[],"product_cat":[264],"product_tag":[],"class_list":{"0":"post-42466","1":"product","2":"type-product","3":"status-publish","4":"has-post-thumbnail","6":"product_cat-marka-ruoka","8":"first","9":"instock","10":"taxable","11":"shipping-taxable","12":"purchasable","13":"product-type-simple"},"yoast_head":"<!-- This site is optimized with the Yoast SEO plugin v27.4 - https:\/\/yoast.com\/product\/yoast-seo-wordpress\/ -->\n<title>Prospera Plus Kitten, lohi ja porkkana, 85 g - MiuMjau<\/title>\n<meta name=\"robots\" content=\"index, follow, max-snippet:-1, max-image-preview:large, max-video-preview:-1\" \/>\n<link rel=\"canonical\" href=\"https:\/\/miumjau.ee\/fi\/tuote\/prospera-plus-kitten-lohi-ja-porkkana-85-g\/\" \/>\n<meta property=\"og:locale\" content=\"fi_FI\" \/>\n<meta property=\"og:type\" content=\"article\" \/>\n<meta property=\"og:title\" content=\"Prospera Plus Kitten, lohi ja porkkana, 85 g - MiuMjau\" \/>\n<meta property=\"og:description\" content=\"T\u00e4ysravinto ja tasapainoinen m\u00e4rk\u00e4ruoka lohella ja porkkanalla kissanpennuille 4 viikon \u2013 1 vuoden ik\u00e4\u00e4n asti. Terveellinen ruoka, joka tukee kissanpentusi kasvua ja kehityst\u00e4.Sis\u00e4lt\u00e4\u00e4 tauriinia \u2013 v\u00e4ltt\u00e4m\u00e4t\u00f6nt\u00e4 aminohappoa, joka on t\u00e4rke\u00e4 syd\u00e4men ja n\u00e4\u00f6n terveydelle.Laadukkaat ja helposti sulavat ravintoaineet auttavat pentua saamaan riitt\u00e4v\u00e4sti energiaa ja tukevat turkin kuntoa.Ei sis\u00e4ll\u00e4 soijaa, viljaa eik\u00e4 lis\u00e4tty\u00e4 sokeria.Herkulliset liha- ja vihannespalat kastikkeessa maistuvat jopa nirsoimmalle lemmikille. Koostumus: liha ja el\u00e4inper\u00e4iset tuotteet (67,7 % fileet\u00e4*, josta 27 % sianmaksaa, 25 % kanaa, 9,7 % sianlihaa, 6 % naudanlihaa*), kala ja kalatuotteet (20,3 % lohifileet\u00e4*), 1,5 % kivenn\u00e4isaineita, kasviper\u00e4iset tuotteet (0,6 % t\u00e4rkkelyst\u00e4, 0,6 % kuitua, 0,4 % sikurin inuliinia), \u00f6ljyt ja rasvat (0,5 % lohi\u00f6ljy\u00e4), vihannekset (0,45 % kuivattuja porkkanoita, vastaa 4 % tuoreita porkkanoita).Filee muodostaa yleens\u00e4 34,5 % tuotteesta. Analysoitu koostumus: raakaproteiini 10 %, raakarasva 5 %, raakatuhka 2 %, raakakuitu 0,3 %, kalsium 0,3 %, fosfori 0,25 %, omega-3-rasvahapot 0,15 %, omega-6-rasvahapot 0,8 %, kosteus 78 %.\" \/>\n<meta property=\"og:url\" content=\"https:\/\/miumjau.ee\/fi\/tuote\/prospera-plus-kitten-lohi-ja-porkkana-85-g\/\" \/>\n<meta property=\"og:site_name\" content=\"MiuMjau\" \/>\n<meta property=\"article:publisher\" content=\"https:\/\/www.facebook.com\/miumjaupood\/\" \/>\n<meta property=\"article:modified_time\" content=\"2026-01-07T20:47:52+00:00\" \/>\n<meta property=\"og:image\" content=\"https:\/\/miumjau.ee\/wp-content\/uploads\/2025\/09\/prospera-konservid-kassidele-85g-9.jpg\" \/>\n\t<meta property=\"og:image:width\" content=\"460\" \/>\n\t<meta property=\"og:image:height\" content=\"650\" \/>\n\t<meta property=\"og:image:type\" content=\"image\/jpeg\" \/>\n<meta name=\"twitter:card\" content=\"summary_large_image\" \/>\n<script type=\"application\/ld+json\" class=\"yoast-schema-graph\">{\"@context\":\"https:\\\/\\\/schema.org\",\"@graph\":[{\"@type\":\"WebPage\",\"@id\":\"https:\\\/\\\/miumjau.ee\\\/fi\\\/tuote\\\/prospera-plus-kitten-lohi-ja-porkkana-85-g\\\/\",\"url\":\"https:\\\/\\\/miumjau.ee\\\/fi\\\/tuote\\\/prospera-plus-kitten-lohi-ja-porkkana-85-g\\\/\",\"name\":\"Prospera Plus Kitten, lohi ja porkkana, 85 g - MiuMjau\",\"isPartOf\":{\"@id\":\"https:\\\/\\\/miumjau.ee\\\/#website\"},\"primaryImageOfPage\":{\"@id\":\"https:\\\/\\\/miumjau.ee\\\/fi\\\/tuote\\\/prospera-plus-kitten-lohi-ja-porkkana-85-g\\\/#primaryimage\"},\"image\":{\"@id\":\"https:\\\/\\\/miumjau.ee\\\/fi\\\/tuote\\\/prospera-plus-kitten-lohi-ja-porkkana-85-g\\\/#primaryimage\"},\"thumbnailUrl\":\"https:\\\/\\\/miumjau.ee\\\/wp-content\\\/uploads\\\/2025\\\/09\\\/prospera-konservid-kassidele-85g-9.jpg\",\"datePublished\":\"2025-09-16T08:00:46+00:00\",\"dateModified\":\"2026-01-07T20:47:52+00:00\",\"breadcrumb\":{\"@id\":\"https:\\\/\\\/miumjau.ee\\\/fi\\\/tuote\\\/prospera-plus-kitten-lohi-ja-porkkana-85-g\\\/#breadcrumb\"},\"inLanguage\":\"fi\",\"potentialAction\":[{\"@type\":\"ReadAction\",\"target\":[\"https:\\\/\\\/miumjau.ee\\\/fi\\\/tuote\\\/prospera-plus-kitten-lohi-ja-porkkana-85-g\\\/\"]}]},{\"@type\":\"ImageObject\",\"inLanguage\":\"fi\",\"@id\":\"https:\\\/\\\/miumjau.ee\\\/fi\\\/tuote\\\/prospera-plus-kitten-lohi-ja-porkkana-85-g\\\/#primaryimage\",\"url\":\"https:\\\/\\\/miumjau.ee\\\/wp-content\\\/uploads\\\/2025\\\/09\\\/prospera-konservid-kassidele-85g-9.jpg\",\"contentUrl\":\"https:\\\/\\\/miumjau.ee\\\/wp-content\\\/uploads\\\/2025\\\/09\\\/prospera-konservid-kassidele-85g-9.jpg\",\"width\":460,\"height\":650,\"caption\":\"Prospera Plus Kitten, l\u00f5he ja porgandiga, 85g\"},{\"@type\":\"BreadcrumbList\",\"@id\":\"https:\\\/\\\/miumjau.ee\\\/fi\\\/tuote\\\/prospera-plus-kitten-lohi-ja-porkkana-85-g\\\/#breadcrumb\",\"itemListElement\":[{\"@type\":\"ListItem\",\"position\":1,\"name\":\"Home\",\"item\":\"https:\\\/\\\/miumjau.ee\\\/fi\\\/\"},{\"@type\":\"ListItem\",\"position\":2,\"name\":\"Kauppa\",\"item\":\"https:\\\/\\\/miumjau.ee\\\/fi\\\/kauppa\\\/\"},{\"@type\":\"ListItem\",\"position\":3,\"name\":\"Prospera Plus Kitten, lohi ja porkkana, 85 g\"}]},{\"@type\":\"WebSite\",\"@id\":\"https:\\\/\\\/miumjau.ee\\\/#website\",\"url\":\"https:\\\/\\\/miumjau.ee\\\/\",\"name\":\"MiuMjau\",\"description\":\"Kraapimispuud kassidele\",\"publisher\":{\"@id\":\"https:\\\/\\\/miumjau.ee\\\/#organization\"},\"potentialAction\":[{\"@type\":\"SearchAction\",\"target\":{\"@type\":\"EntryPoint\",\"urlTemplate\":\"https:\\\/\\\/miumjau.ee\\\/?s={search_term_string}\"},\"query-input\":{\"@type\":\"PropertyValueSpecification\",\"valueRequired\":true,\"valueName\":\"search_term_string\"}}],\"inLanguage\":\"fi\"},{\"@type\":\"Organization\",\"@id\":\"https:\\\/\\\/miumjau.ee\\\/#organization\",\"name\":\"MiuMjau O\u00dc\",\"url\":\"https:\\\/\\\/miumjau.ee\\\/\",\"logo\":{\"@type\":\"ImageObject\",\"inLanguage\":\"fi\",\"@id\":\"https:\\\/\\\/miumjau.ee\\\/#\\\/schema\\\/logo\\\/image\\\/\",\"url\":\"https:\\\/\\\/miumjau.ee\\\/wp-content\\\/uploads\\\/2022\\\/04\\\/MiuMjau-logo-kollane.png\",\"contentUrl\":\"https:\\\/\\\/miumjau.ee\\\/wp-content\\\/uploads\\\/2022\\\/04\\\/MiuMjau-logo-kollane.png\",\"width\":219,\"height\":100,\"caption\":\"MiuMjau O\u00dc\"},\"image\":{\"@id\":\"https:\\\/\\\/miumjau.ee\\\/#\\\/schema\\\/logo\\\/image\\\/\"},\"sameAs\":[\"https:\\\/\\\/www.facebook.com\\\/miumjaupood\\\/\"]}]}<\/script>\n<!-- \/ Yoast SEO plugin. -->","yoast_head_json":{"title":"Prospera Plus Kitten, lohi ja porkkana, 85 g - MiuMjau","robots":{"index":"index","follow":"follow","max-snippet":"max-snippet:-1","max-image-preview":"max-image-preview:large","max-video-preview":"max-video-preview:-1"},"canonical":"https:\/\/miumjau.ee\/fi\/tuote\/prospera-plus-kitten-lohi-ja-porkkana-85-g\/","og_locale":"fi_FI","og_type":"article","og_title":"Prospera Plus Kitten, lohi ja porkkana, 85 g - MiuMjau","og_description":"T\u00e4ysravinto ja tasapainoinen m\u00e4rk\u00e4ruoka lohella ja porkkanalla kissanpennuille 4 viikon \u2013 1 vuoden ik\u00e4\u00e4n asti. Terveellinen ruoka, joka tukee kissanpentusi kasvua ja kehityst\u00e4.Sis\u00e4lt\u00e4\u00e4 tauriinia \u2013 v\u00e4ltt\u00e4m\u00e4t\u00f6nt\u00e4 aminohappoa, joka on t\u00e4rke\u00e4 syd\u00e4men ja n\u00e4\u00f6n terveydelle.Laadukkaat ja helposti sulavat ravintoaineet auttavat pentua saamaan riitt\u00e4v\u00e4sti energiaa ja tukevat turkin kuntoa.Ei sis\u00e4ll\u00e4 soijaa, viljaa eik\u00e4 lis\u00e4tty\u00e4 sokeria.Herkulliset liha- ja vihannespalat kastikkeessa maistuvat jopa nirsoimmalle lemmikille. Koostumus: liha ja el\u00e4inper\u00e4iset tuotteet (67,7 % fileet\u00e4*, josta 27 % sianmaksaa, 25 % kanaa, 9,7 % sianlihaa, 6 % naudanlihaa*), kala ja kalatuotteet (20,3 % lohifileet\u00e4*), 1,5 % kivenn\u00e4isaineita, kasviper\u00e4iset tuotteet (0,6 % t\u00e4rkkelyst\u00e4, 0,6 % kuitua, 0,4 % sikurin inuliinia), \u00f6ljyt ja rasvat (0,5 % lohi\u00f6ljy\u00e4), vihannekset (0,45 % kuivattuja porkkanoita, vastaa 4 % tuoreita porkkanoita).Filee muodostaa yleens\u00e4 34,5 % tuotteesta. Analysoitu koostumus: raakaproteiini 10 %, raakarasva 5 %, raakatuhka 2 %, raakakuitu 0,3 %, kalsium 0,3 %, fosfori 0,25 %, omega-3-rasvahapot 0,15 %, omega-6-rasvahapot 0,8 %, kosteus 78 %.","og_url":"https:\/\/miumjau.ee\/fi\/tuote\/prospera-plus-kitten-lohi-ja-porkkana-85-g\/","og_site_name":"MiuMjau","article_publisher":"https:\/\/www.facebook.com\/miumjaupood\/","article_modified_time":"2026-01-07T20:47:52+00:00","og_image":[{"width":460,"height":650,"url":"https:\/\/miumjau.ee\/wp-content\/uploads\/2025\/09\/prospera-konservid-kassidele-85g-9.jpg","type":"image\/jpeg"}],"twitter_card":"summary_large_image","schema":{"@context":"https:\/\/schema.org","@graph":[{"@type":"WebPage","@id":"https:\/\/miumjau.ee\/fi\/tuote\/prospera-plus-kitten-lohi-ja-porkkana-85-g\/","url":"https:\/\/miumjau.ee\/fi\/tuote\/prospera-plus-kitten-lohi-ja-porkkana-85-g\/","name":"Prospera Plus Kitten, lohi ja porkkana, 85 g - MiuMjau","isPartOf":{"@id":"https:\/\/miumjau.ee\/#website"},"primaryImageOfPage":{"@id":"https:\/\/miumjau.ee\/fi\/tuote\/prospera-plus-kitten-lohi-ja-porkkana-85-g\/#primaryimage"},"image":{"@id":"https:\/\/miumjau.ee\/fi\/tuote\/prospera-plus-kitten-lohi-ja-porkkana-85-g\/#primaryimage"},"thumbnailUrl":"https:\/\/miumjau.ee\/wp-content\/uploads\/2025\/09\/prospera-konservid-kassidele-85g-9.jpg","datePublished":"2025-09-16T08:00:46+00:00","dateModified":"2026-01-07T20:47:52+00:00","breadcrumb":{"@id":"https:\/\/miumjau.ee\/fi\/tuote\/prospera-plus-kitten-lohi-ja-porkkana-85-g\/#breadcrumb"},"inLanguage":"fi","potentialAction":[{"@type":"ReadAction","target":["https:\/\/miumjau.ee\/fi\/tuote\/prospera-plus-kitten-lohi-ja-porkkana-85-g\/"]}]},{"@type":"ImageObject","inLanguage":"fi","@id":"https:\/\/miumjau.ee\/fi\/tuote\/prospera-plus-kitten-lohi-ja-porkkana-85-g\/#primaryimage","url":"https:\/\/miumjau.ee\/wp-content\/uploads\/2025\/09\/prospera-konservid-kassidele-85g-9.jpg","contentUrl":"https:\/\/miumjau.ee\/wp-content\/uploads\/2025\/09\/prospera-konservid-kassidele-85g-9.jpg","width":460,"height":650,"caption":"Prospera Plus Kitten, l\u00f5he ja porgandiga, 85g"},{"@type":"BreadcrumbList","@id":"https:\/\/miumjau.ee\/fi\/tuote\/prospera-plus-kitten-lohi-ja-porkkana-85-g\/#breadcrumb","itemListElement":[{"@type":"ListItem","position":1,"name":"Home","item":"https:\/\/miumjau.ee\/fi\/"},{"@type":"ListItem","position":2,"name":"Kauppa","item":"https:\/\/miumjau.ee\/fi\/kauppa\/"},{"@type":"ListItem","position":3,"name":"Prospera Plus Kitten, lohi ja porkkana, 85 g"}]},{"@type":"WebSite","@id":"https:\/\/miumjau.ee\/#website","url":"https:\/\/miumjau.ee\/","name":"MiuMjau","description":"Kraapimispuud kassidele","publisher":{"@id":"https:\/\/miumjau.ee\/#organization"},"potentialAction":[{"@type":"SearchAction","target":{"@type":"EntryPoint","urlTemplate":"https:\/\/miumjau.ee\/?s={search_term_string}"},"query-input":{"@type":"PropertyValueSpecification","valueRequired":true,"valueName":"search_term_string"}}],"inLanguage":"fi"},{"@type":"Organization","@id":"https:\/\/miumjau.ee\/#organization","name":"MiuMjau O\u00dc","url":"https:\/\/miumjau.ee\/","logo":{"@type":"ImageObject","inLanguage":"fi","@id":"https:\/\/miumjau.ee\/#\/schema\/logo\/image\/","url":"https:\/\/miumjau.ee\/wp-content\/uploads\/2022\/04\/MiuMjau-logo-kollane.png","contentUrl":"https:\/\/miumjau.ee\/wp-content\/uploads\/2022\/04\/MiuMjau-logo-kollane.png","width":219,"height":100,"caption":"MiuMjau O\u00dc"},"image":{"@id":"https:\/\/miumjau.ee\/#\/schema\/logo\/image\/"},"sameAs":["https:\/\/www.facebook.com\/miumjaupood\/"]}]}},"_links":{"self":[{"href":"https:\/\/miumjau.ee\/fi\/wp-json\/wp\/v2\/product\/42466","targetHints":{"allow":["GET"]}}],"collection":[{"href":"https:\/\/miumjau.ee\/fi\/wp-json\/wp\/v2\/product"}],"about":[{"href":"https:\/\/miumjau.ee\/fi\/wp-json\/wp\/v2\/types\/product"}],"wp:featuredmedia":[{"embeddable":true,"href":"https:\/\/miumjau.ee\/fi\/wp-json\/wp\/v2\/media\/39494"}],"wp:attachment":[{"href":"https:\/\/miumjau.ee\/fi\/wp-json\/wp\/v2\/media?parent=42466"}],"wp:term":[{"taxonomy":"product_brand","embeddable":true,"href":"https:\/\/miumjau.ee\/fi\/wp-json\/wp\/v2\/product_brand?post=42466"},{"taxonomy":"product_cat","embeddable":true,"href":"https:\/\/miumjau.ee\/fi\/wp-json\/wp\/v2\/product_cat?post=42466"},{"taxonomy":"product_tag","embeddable":true,"href":"https:\/\/miumjau.ee\/fi\/wp-json\/wp\/v2\/product_tag?post=42466"}],"curies":[{"name":"wp","href":"https:\/\/api.w.org\/{rel}","templated":true}]}}