{"id":42457,"date":"2025-09-16T13:57:18","date_gmt":"2025-09-16T10:57:18","guid":{"rendered":"https:\/\/miumjau.ee\/toode\/prospera-plus-indoor-1-lohi-pitkakarvaisille-7kg\/"},"modified":"2026-01-07T22:47:59","modified_gmt":"2026-01-07T20:47:59","slug":"prospera-plus-indoor-1-lohi-pitkakarvaisille-7kg","status":"publish","type":"product","link":"https:\/\/miumjau.ee\/fi\/tuote\/prospera-plus-indoor-1-lohi-pitkakarvaisille-7kg\/","title":{"rendered":"Prospera Plus Indoor 1+ Lohi Pitk\u00e4karvaisille, 7kg"},"content":{"rendered":"","protected":false},"excerpt":{"rendered":"<p data-start=\"1423\" data-end=\"1488\">T\u00e4ysravinto lohella aikuisille kissoille alkaen 1 vuoden i\u00e4st\u00e4.<\/p>\n<p data-start=\"1490\" data-end=\"1552\">Sopii sis\u00e4kissoille, erityisesti pitk\u00e4karvaisille kissoille.<\/p>\n<ul data-start=\"1553\" data-end=\"1856\">\n<li data-start=\"1553\" data-end=\"1629\">\n<p data-start=\"1555\" data-end=\"1629\">Lohi\u00f6ljyst\u00e4 saadut rasvahapot tukevat tervett\u00e4 ihoa ja kaunista turkkia.<\/p>\n<\/li>\n<li data-start=\"1630\" data-end=\"1716\">\n<p data-start=\"1632\" data-end=\"1716\">Runsaskuituinen auttaa luonnollisesti poistamaan bezoaarit (nieletyt karvapallot).<\/p>\n<\/li>\n<li data-start=\"1717\" data-end=\"1785\">\n<p data-start=\"1719\" data-end=\"1785\">Sis\u00e4lt\u00e4\u00e4 MOS- ja FOS-prebiootteja, jotka tukevat ruoansulatusta.<\/p>\n<\/li>\n<li data-start=\"1786\" data-end=\"1856\">\n<p data-start=\"1788\" data-end=\"1856\">T\u00e4ydennetty tauriinilla, kurkumalla, rosmariinilla ja karpaloilla.<\/p>\n<\/li>\n<\/ul>\n<p data-start=\"1858\" data-end=\"2243\"><strong data-start=\"1858\" data-end=\"1872\">Ainesosat:<\/strong> Lohen proteiini (36%), maissi (36%), siipikarjan rasva (8%), riisi (5%), lignoselluloosa (5%), hydrolysoitu kananmaksa (3%), kuivattu punajuuri (3%), oluthiiva (2%), lohi\u00f6ljy (1,5%), hernejauho (0,459%), manno-oligosakkaridit (0,011%), frukto-oligosakkaridit (0,009%), yucca (0,006%), kuivattu rosmariini (0,005%), kuivattu kurkuma (0,005%), kuivattu karpalo (0,005%).<\/p>\n<p data-start=\"2245\" data-end=\"2470\"><strong data-start=\"2245\" data-end=\"2271\">Analysoidut ainesosat:<\/strong> Raakaproteiini 34,0%, raakarasva 14,0%, raakatuhka 5,5%, raakakuitu 5,2%, kosteus 10,0%, kalsium 1,2%, fosfori 0,8%, natrium 0,2%, magnesium 0,1%, omega-3-rasvahapot 0,4%, omega-6-rasvahapot 1,9%.<\/p>\n<p data-start=\"2472\" data-end=\"2506\"><strong data-start=\"2472\" data-end=\"2504\">Ruokintaohje (aikuiset, kg):<\/strong><\/p>\n<div class=\"_tableContainer_1rjym_1\">\n<div class=\"group _tableWrapper_1rjym_13 flex w-fit flex-col-reverse\" tabindex=\"-1\">\n<table class=\"w-fit min-w-(--thread-content-width)\" data-start=\"2507\" data-end=\"2670\" data-is-last-node=\"\" data-is-only-node=\"\">\n<thead data-start=\"2507\" data-end=\"2554\">\n<tr data-start=\"2507\" data-end=\"2554\">\n<th data-start=\"2507\" data-end=\"2520\" data-col-size=\"sm\">Paino (kg)<\/th>\n<th data-start=\"2520\" data-end=\"2526\" data-col-size=\"sm\">2\u20133<\/th>\n<th data-start=\"2526\" data-end=\"2532\" data-col-size=\"sm\">3\u20135<\/th>\n<th data-start=\"2532\" data-end=\"2538\" data-col-size=\"sm\">5\u20137<\/th>\n<th data-start=\"2538\" data-end=\"2544\" data-col-size=\"sm\">7\u20139<\/th>\n<th data-start=\"2544\" data-end=\"2554\" data-col-size=\"sm\">9\u201312<\/th>\n<\/tr>\n<\/thead>\n<tbody data-start=\"2603\" data-end=\"2670\" data-is-last-node=\"\">\n<tr data-start=\"2603\" data-end=\"2670\" data-is-last-node=\"\">\n<td data-start=\"2603\" data-end=\"2628\" data-col-size=\"sm\">P\u00e4ivitt\u00e4inen annos (g)<\/td>\n<td data-col-size=\"sm\" data-start=\"2628\" data-end=\"2636\">35\u201345<\/td>\n<td data-col-size=\"sm\" data-start=\"2636\" data-end=\"2644\">45\u201365<\/td>\n<td data-col-size=\"sm\" data-start=\"2644\" data-end=\"2652\">65\u201375<\/td>\n<td data-col-size=\"sm\" data-start=\"2652\" data-end=\"2660\">75\u201395<\/td>\n<td data-col-size=\"sm\" data-start=\"2660\" data-end=\"2670\" data-is-last-node=\"\">95\u2013130<\/td>\n<\/tr>\n<\/tbody>\n<\/table>\n<\/div>\n<\/div>\n","protected":false},"featured_media":39522,"template":"","meta":[],"product_brand":[],"product_cat":[255],"product_tag":[],"class_list":{"0":"post-42457","1":"product","2":"type-product","3":"status-publish","4":"has-post-thumbnail","6":"product_cat-kuiva-ruoka","8":"first","9":"instock","10":"sale","11":"taxable","12":"shipping-taxable","13":"purchasable","14":"product-type-simple"},"yoast_head":"<!-- This site is optimized with the Yoast SEO plugin v27.4 - https:\/\/yoast.com\/product\/yoast-seo-wordpress\/ -->\n<title>Prospera Plus Indoor 1+ Lohi Pitk\u00e4karvaisille, 7kg - MiuMjau<\/title>\n<meta name=\"robots\" content=\"index, follow, max-snippet:-1, max-image-preview:large, max-video-preview:-1\" \/>\n<link rel=\"canonical\" href=\"https:\/\/miumjau.ee\/fi\/tuote\/prospera-plus-indoor-1-lohi-pitkakarvaisille-7kg\/\" \/>\n<meta property=\"og:locale\" content=\"fi_FI\" \/>\n<meta property=\"og:type\" content=\"article\" \/>\n<meta property=\"og:title\" content=\"Prospera Plus Indoor 1+ Lohi Pitk\u00e4karvaisille, 7kg - MiuMjau\" \/>\n<meta property=\"og:description\" content=\"T\u00e4ysravinto lohella aikuisille kissoille alkaen 1 vuoden i\u00e4st\u00e4. Sopii sis\u00e4kissoille, erityisesti pitk\u00e4karvaisille kissoille.     Lohi\u00f6ljyst\u00e4 saadut rasvahapot tukevat tervett\u00e4 ihoa ja kaunista turkkia.    Runsaskuituinen auttaa luonnollisesti poistamaan bezoaarit (nieletyt karvapallot).    Sis\u00e4lt\u00e4\u00e4 MOS- ja FOS-prebiootteja, jotka tukevat ruoansulatusta.    T\u00e4ydennetty tauriinilla, kurkumalla, rosmariinilla ja karpaloilla.   Ainesosat: Lohen proteiini (36%), maissi (36%), siipikarjan rasva (8%), riisi (5%), lignoselluloosa (5%), hydrolysoitu kananmaksa (3%), kuivattu punajuuri (3%), oluthiiva (2%), lohi\u00f6ljy (1,5%), hernejauho (0,459%), manno-oligosakkaridit (0,011%), frukto-oligosakkaridit (0,009%), yucca (0,006%), kuivattu rosmariini (0,005%), kuivattu kurkuma (0,005%), kuivattu karpalo (0,005%). Analysoidut ainesosat: Raakaproteiini 34,0%, raakarasva 14,0%, raakatuhka 5,5%, raakakuitu 5,2%, kosteus 10,0%, kalsium 1,2%, fosfori 0,8%, natrium 0,2%, magnesium 0,1%, omega-3-rasvahapot 0,4%, omega-6-rasvahapot 1,9%. Ruokintaohje (aikuiset, kg):       Paino (kg) 2\u20133 3\u20135 5\u20137 7\u20139 9\u201312     P\u00e4ivitt\u00e4inen annos (g) 35\u201345 45\u201365 65\u201375 75\u201395 95\u2013130\" \/>\n<meta property=\"og:url\" content=\"https:\/\/miumjau.ee\/fi\/tuote\/prospera-plus-indoor-1-lohi-pitkakarvaisille-7kg\/\" \/>\n<meta property=\"og:site_name\" content=\"MiuMjau\" \/>\n<meta property=\"article:publisher\" content=\"https:\/\/www.facebook.com\/miumjaupood\/\" \/>\n<meta property=\"article:modified_time\" content=\"2026-01-07T20:47:59+00:00\" \/>\n<meta property=\"og:image\" content=\"https:\/\/miumjau.ee\/wp-content\/uploads\/2025\/09\/prospera-kuivtoit-kassile23.jpg\" \/>\n\t<meta property=\"og:image:width\" content=\"600\" \/>\n\t<meta property=\"og:image:height\" content=\"800\" \/>\n\t<meta property=\"og:image:type\" content=\"image\/jpeg\" \/>\n<meta name=\"twitter:card\" content=\"summary_large_image\" \/>\n<script type=\"application\/ld+json\" class=\"yoast-schema-graph\">{\"@context\":\"https:\\\/\\\/schema.org\",\"@graph\":[{\"@type\":\"WebPage\",\"@id\":\"https:\\\/\\\/miumjau.ee\\\/fi\\\/tuote\\\/prospera-plus-indoor-1-lohi-pitkakarvaisille-7kg\\\/\",\"url\":\"https:\\\/\\\/miumjau.ee\\\/fi\\\/tuote\\\/prospera-plus-indoor-1-lohi-pitkakarvaisille-7kg\\\/\",\"name\":\"Prospera Plus Indoor 1+ Lohi Pitk\u00e4karvaisille, 7kg - MiuMjau\",\"isPartOf\":{\"@id\":\"https:\\\/\\\/miumjau.ee\\\/#website\"},\"primaryImageOfPage\":{\"@id\":\"https:\\\/\\\/miumjau.ee\\\/fi\\\/tuote\\\/prospera-plus-indoor-1-lohi-pitkakarvaisille-7kg\\\/#primaryimage\"},\"image\":{\"@id\":\"https:\\\/\\\/miumjau.ee\\\/fi\\\/tuote\\\/prospera-plus-indoor-1-lohi-pitkakarvaisille-7kg\\\/#primaryimage\"},\"thumbnailUrl\":\"https:\\\/\\\/miumjau.ee\\\/wp-content\\\/uploads\\\/2025\\\/09\\\/prospera-kuivtoit-kassile23.jpg\",\"datePublished\":\"2025-09-16T10:57:18+00:00\",\"dateModified\":\"2026-01-07T20:47:59+00:00\",\"breadcrumb\":{\"@id\":\"https:\\\/\\\/miumjau.ee\\\/fi\\\/tuote\\\/prospera-plus-indoor-1-lohi-pitkakarvaisille-7kg\\\/#breadcrumb\"},\"inLanguage\":\"fi\",\"potentialAction\":[{\"@type\":\"ReadAction\",\"target\":[\"https:\\\/\\\/miumjau.ee\\\/fi\\\/tuote\\\/prospera-plus-indoor-1-lohi-pitkakarvaisille-7kg\\\/\"]}]},{\"@type\":\"ImageObject\",\"inLanguage\":\"fi\",\"@id\":\"https:\\\/\\\/miumjau.ee\\\/fi\\\/tuote\\\/prospera-plus-indoor-1-lohi-pitkakarvaisille-7kg\\\/#primaryimage\",\"url\":\"https:\\\/\\\/miumjau.ee\\\/wp-content\\\/uploads\\\/2025\\\/09\\\/prospera-kuivtoit-kassile23.jpg\",\"contentUrl\":\"https:\\\/\\\/miumjau.ee\\\/wp-content\\\/uploads\\\/2025\\\/09\\\/prospera-kuivtoit-kassile23.jpg\",\"width\":600,\"height\":800,\"caption\":\"Prospera Plus Indoor 1+ Salmon Long Hair, 7kg\"},{\"@type\":\"BreadcrumbList\",\"@id\":\"https:\\\/\\\/miumjau.ee\\\/fi\\\/tuote\\\/prospera-plus-indoor-1-lohi-pitkakarvaisille-7kg\\\/#breadcrumb\",\"itemListElement\":[{\"@type\":\"ListItem\",\"position\":1,\"name\":\"Home\",\"item\":\"https:\\\/\\\/miumjau.ee\\\/fi\\\/\"},{\"@type\":\"ListItem\",\"position\":2,\"name\":\"Kauppa\",\"item\":\"https:\\\/\\\/miumjau.ee\\\/fi\\\/kauppa\\\/\"},{\"@type\":\"ListItem\",\"position\":3,\"name\":\"Prospera Plus Indoor 1+ Lohi Pitk\u00e4karvaisille, 7kg\"}]},{\"@type\":\"WebSite\",\"@id\":\"https:\\\/\\\/miumjau.ee\\\/#website\",\"url\":\"https:\\\/\\\/miumjau.ee\\\/\",\"name\":\"MiuMjau\",\"description\":\"Kraapimispuud kassidele\",\"publisher\":{\"@id\":\"https:\\\/\\\/miumjau.ee\\\/#organization\"},\"potentialAction\":[{\"@type\":\"SearchAction\",\"target\":{\"@type\":\"EntryPoint\",\"urlTemplate\":\"https:\\\/\\\/miumjau.ee\\\/?s={search_term_string}\"},\"query-input\":{\"@type\":\"PropertyValueSpecification\",\"valueRequired\":true,\"valueName\":\"search_term_string\"}}],\"inLanguage\":\"fi\"},{\"@type\":\"Organization\",\"@id\":\"https:\\\/\\\/miumjau.ee\\\/#organization\",\"name\":\"MiuMjau O\u00dc\",\"url\":\"https:\\\/\\\/miumjau.ee\\\/\",\"logo\":{\"@type\":\"ImageObject\",\"inLanguage\":\"fi\",\"@id\":\"https:\\\/\\\/miumjau.ee\\\/#\\\/schema\\\/logo\\\/image\\\/\",\"url\":\"https:\\\/\\\/miumjau.ee\\\/wp-content\\\/uploads\\\/2022\\\/04\\\/MiuMjau-logo-kollane.png\",\"contentUrl\":\"https:\\\/\\\/miumjau.ee\\\/wp-content\\\/uploads\\\/2022\\\/04\\\/MiuMjau-logo-kollane.png\",\"width\":219,\"height\":100,\"caption\":\"MiuMjau O\u00dc\"},\"image\":{\"@id\":\"https:\\\/\\\/miumjau.ee\\\/#\\\/schema\\\/logo\\\/image\\\/\"},\"sameAs\":[\"https:\\\/\\\/www.facebook.com\\\/miumjaupood\\\/\"]}]}<\/script>\n<!-- \/ Yoast SEO plugin. -->","yoast_head_json":{"title":"Prospera Plus Indoor 1+ Lohi Pitk\u00e4karvaisille, 7kg - MiuMjau","robots":{"index":"index","follow":"follow","max-snippet":"max-snippet:-1","max-image-preview":"max-image-preview:large","max-video-preview":"max-video-preview:-1"},"canonical":"https:\/\/miumjau.ee\/fi\/tuote\/prospera-plus-indoor-1-lohi-pitkakarvaisille-7kg\/","og_locale":"fi_FI","og_type":"article","og_title":"Prospera Plus Indoor 1+ Lohi Pitk\u00e4karvaisille, 7kg - MiuMjau","og_description":"T\u00e4ysravinto lohella aikuisille kissoille alkaen 1 vuoden i\u00e4st\u00e4. Sopii sis\u00e4kissoille, erityisesti pitk\u00e4karvaisille kissoille.     Lohi\u00f6ljyst\u00e4 saadut rasvahapot tukevat tervett\u00e4 ihoa ja kaunista turkkia.    Runsaskuituinen auttaa luonnollisesti poistamaan bezoaarit (nieletyt karvapallot).    Sis\u00e4lt\u00e4\u00e4 MOS- ja FOS-prebiootteja, jotka tukevat ruoansulatusta.    T\u00e4ydennetty tauriinilla, kurkumalla, rosmariinilla ja karpaloilla.   Ainesosat: Lohen proteiini (36%), maissi (36%), siipikarjan rasva (8%), riisi (5%), lignoselluloosa (5%), hydrolysoitu kananmaksa (3%), kuivattu punajuuri (3%), oluthiiva (2%), lohi\u00f6ljy (1,5%), hernejauho (0,459%), manno-oligosakkaridit (0,011%), frukto-oligosakkaridit (0,009%), yucca (0,006%), kuivattu rosmariini (0,005%), kuivattu kurkuma (0,005%), kuivattu karpalo (0,005%). Analysoidut ainesosat: Raakaproteiini 34,0%, raakarasva 14,0%, raakatuhka 5,5%, raakakuitu 5,2%, kosteus 10,0%, kalsium 1,2%, fosfori 0,8%, natrium 0,2%, magnesium 0,1%, omega-3-rasvahapot 0,4%, omega-6-rasvahapot 1,9%. Ruokintaohje (aikuiset, kg):       Paino (kg) 2\u20133 3\u20135 5\u20137 7\u20139 9\u201312     P\u00e4ivitt\u00e4inen annos (g) 35\u201345 45\u201365 65\u201375 75\u201395 95\u2013130","og_url":"https:\/\/miumjau.ee\/fi\/tuote\/prospera-plus-indoor-1-lohi-pitkakarvaisille-7kg\/","og_site_name":"MiuMjau","article_publisher":"https:\/\/www.facebook.com\/miumjaupood\/","article_modified_time":"2026-01-07T20:47:59+00:00","og_image":[{"width":600,"height":800,"url":"https:\/\/miumjau.ee\/wp-content\/uploads\/2025\/09\/prospera-kuivtoit-kassile23.jpg","type":"image\/jpeg"}],"twitter_card":"summary_large_image","schema":{"@context":"https:\/\/schema.org","@graph":[{"@type":"WebPage","@id":"https:\/\/miumjau.ee\/fi\/tuote\/prospera-plus-indoor-1-lohi-pitkakarvaisille-7kg\/","url":"https:\/\/miumjau.ee\/fi\/tuote\/prospera-plus-indoor-1-lohi-pitkakarvaisille-7kg\/","name":"Prospera Plus Indoor 1+ Lohi Pitk\u00e4karvaisille, 7kg - MiuMjau","isPartOf":{"@id":"https:\/\/miumjau.ee\/#website"},"primaryImageOfPage":{"@id":"https:\/\/miumjau.ee\/fi\/tuote\/prospera-plus-indoor-1-lohi-pitkakarvaisille-7kg\/#primaryimage"},"image":{"@id":"https:\/\/miumjau.ee\/fi\/tuote\/prospera-plus-indoor-1-lohi-pitkakarvaisille-7kg\/#primaryimage"},"thumbnailUrl":"https:\/\/miumjau.ee\/wp-content\/uploads\/2025\/09\/prospera-kuivtoit-kassile23.jpg","datePublished":"2025-09-16T10:57:18+00:00","dateModified":"2026-01-07T20:47:59+00:00","breadcrumb":{"@id":"https:\/\/miumjau.ee\/fi\/tuote\/prospera-plus-indoor-1-lohi-pitkakarvaisille-7kg\/#breadcrumb"},"inLanguage":"fi","potentialAction":[{"@type":"ReadAction","target":["https:\/\/miumjau.ee\/fi\/tuote\/prospera-plus-indoor-1-lohi-pitkakarvaisille-7kg\/"]}]},{"@type":"ImageObject","inLanguage":"fi","@id":"https:\/\/miumjau.ee\/fi\/tuote\/prospera-plus-indoor-1-lohi-pitkakarvaisille-7kg\/#primaryimage","url":"https:\/\/miumjau.ee\/wp-content\/uploads\/2025\/09\/prospera-kuivtoit-kassile23.jpg","contentUrl":"https:\/\/miumjau.ee\/wp-content\/uploads\/2025\/09\/prospera-kuivtoit-kassile23.jpg","width":600,"height":800,"caption":"Prospera Plus Indoor 1+ Salmon Long Hair, 7kg"},{"@type":"BreadcrumbList","@id":"https:\/\/miumjau.ee\/fi\/tuote\/prospera-plus-indoor-1-lohi-pitkakarvaisille-7kg\/#breadcrumb","itemListElement":[{"@type":"ListItem","position":1,"name":"Home","item":"https:\/\/miumjau.ee\/fi\/"},{"@type":"ListItem","position":2,"name":"Kauppa","item":"https:\/\/miumjau.ee\/fi\/kauppa\/"},{"@type":"ListItem","position":3,"name":"Prospera Plus Indoor 1+ Lohi Pitk\u00e4karvaisille, 7kg"}]},{"@type":"WebSite","@id":"https:\/\/miumjau.ee\/#website","url":"https:\/\/miumjau.ee\/","name":"MiuMjau","description":"Kraapimispuud kassidele","publisher":{"@id":"https:\/\/miumjau.ee\/#organization"},"potentialAction":[{"@type":"SearchAction","target":{"@type":"EntryPoint","urlTemplate":"https:\/\/miumjau.ee\/?s={search_term_string}"},"query-input":{"@type":"PropertyValueSpecification","valueRequired":true,"valueName":"search_term_string"}}],"inLanguage":"fi"},{"@type":"Organization","@id":"https:\/\/miumjau.ee\/#organization","name":"MiuMjau O\u00dc","url":"https:\/\/miumjau.ee\/","logo":{"@type":"ImageObject","inLanguage":"fi","@id":"https:\/\/miumjau.ee\/#\/schema\/logo\/image\/","url":"https:\/\/miumjau.ee\/wp-content\/uploads\/2022\/04\/MiuMjau-logo-kollane.png","contentUrl":"https:\/\/miumjau.ee\/wp-content\/uploads\/2022\/04\/MiuMjau-logo-kollane.png","width":219,"height":100,"caption":"MiuMjau O\u00dc"},"image":{"@id":"https:\/\/miumjau.ee\/#\/schema\/logo\/image\/"},"sameAs":["https:\/\/www.facebook.com\/miumjaupood\/"]}]}},"_links":{"self":[{"href":"https:\/\/miumjau.ee\/fi\/wp-json\/wp\/v2\/product\/42457","targetHints":{"allow":["GET"]}}],"collection":[{"href":"https:\/\/miumjau.ee\/fi\/wp-json\/wp\/v2\/product"}],"about":[{"href":"https:\/\/miumjau.ee\/fi\/wp-json\/wp\/v2\/types\/product"}],"wp:featuredmedia":[{"embeddable":true,"href":"https:\/\/miumjau.ee\/fi\/wp-json\/wp\/v2\/media\/39522"}],"wp:attachment":[{"href":"https:\/\/miumjau.ee\/fi\/wp-json\/wp\/v2\/media?parent=42457"}],"wp:term":[{"taxonomy":"product_brand","embeddable":true,"href":"https:\/\/miumjau.ee\/fi\/wp-json\/wp\/v2\/product_brand?post=42457"},{"taxonomy":"product_cat","embeddable":true,"href":"https:\/\/miumjau.ee\/fi\/wp-json\/wp\/v2\/product_cat?post=42457"},{"taxonomy":"product_tag","embeddable":true,"href":"https:\/\/miumjau.ee\/fi\/wp-json\/wp\/v2\/product_tag?post=42457"}],"curies":[{"name":"wp","href":"https:\/\/api.w.org\/{rel}","templated":true}]}}