{"id":42449,"date":"2025-09-16T13:57:30","date_gmt":"2025-09-16T10:57:30","guid":{"rendered":"https:\/\/miumjau.ee\/toode\/prospera-plus-sterilized-7-kana-painonhallinta-7kg\/"},"modified":"2026-01-07T22:47:59","modified_gmt":"2026-01-07T20:47:59","slug":"prospera-plus-sterilized-7-kana-painonhallinta-7kg","status":"publish","type":"product","link":"https:\/\/miumjau.ee\/fi\/tuote\/prospera-plus-sterilized-7-kana-painonhallinta-7kg\/","title":{"rendered":"Prospera Plus Sterilized 7+ Kana Painonhallinta, 7kg"},"content":{"rendered":"","protected":false},"excerpt":{"rendered":"<p data-start=\"1434\" data-end=\"1479\">Sopii kissoille, joilla on taipumus lihota.<\/p>\n<ul data-start=\"1480\" data-end=\"1793\">\n<li data-start=\"1480\" data-end=\"1573\">\n<p data-start=\"1482\" data-end=\"1573\">Runsaskuituinen auttaa hallitsemaan ruokahalua ja yll\u00e4pit\u00e4m\u00e4\u00e4n optimaalista kehon kuntoa.<\/p>\n<\/li>\n<li data-start=\"1574\" data-end=\"1646\">\n<p data-start=\"1576\" data-end=\"1646\">Tukee virtsateiden terveytt\u00e4 ja ehk\u00e4isee virtsakivien muodostumista.<\/p>\n<\/li>\n<li data-start=\"1647\" data-end=\"1722\">\n<p data-start=\"1649\" data-end=\"1722\">Sis\u00e4lt\u00e4\u00e4 prebioottisia kuituja, jotka tukevat tervett\u00e4 suolistoflooraa.<\/p>\n<\/li>\n<li data-start=\"1723\" data-end=\"1793\">\n<p data-start=\"1725\" data-end=\"1793\">T\u00e4ydennetty tauriinilla, kurkumalla, rosmariinilla ja karpaloilla.<\/p>\n<\/li>\n<\/ul>\n<p data-start=\"1795\" data-end=\"2180\"><strong data-start=\"1795\" data-end=\"1809\">Ainesosat:<\/strong> Kanan proteiini (42%), maissi (35%), riisi (5%), kuivattu punajuuri (4,5%), lignoselluloosa (4%), hydrolysoitu kananmaksa (3%), oluthiiva (3%), siipikarjan rasva (2%), lohi\u00f6ljy (1%), hernejauho (0,459%), manno-oligosakkaridit (0,011%), frukto-oligosakkaridit (0,009%), yucca (0,006%), kuivattu rosmariini (0,005%), kuivattu kurkuma (0,005%), kuivattu karpalo (0,005%).<\/p>\n<p data-start=\"2182\" data-end=\"2405\"><strong data-start=\"2182\" data-end=\"2208\">Analysoidut ainesosat:<\/strong> Raakaproteiini 36,0%, raakarasva 10,0%, raakatuhk 5,5%, raakakuitu 4,8%, kosteus 9,0%, kalsium 1,2%, fosfori 1,0%, natrium 0,2%, magnesium 0,1%, omega-3-rasvahapot 0,1%, omega-6-rasvahapot 1,1%.<\/p>\n<p data-start=\"2407\" data-end=\"2441\"><strong data-start=\"2407\" data-end=\"2439\">Ruokintaohje (aikuiset, kg):<\/strong><\/p>\n<div class=\"_tableContainer_1rjym_1\">\n<div class=\"group _tableWrapper_1rjym_13 flex w-fit flex-col-reverse\" tabindex=\"-1\">\n<table class=\"w-fit min-w-(--thread-content-width)\" data-start=\"2442\" data-end=\"2695\" data-is-only-node=\"\">\n<thead data-start=\"2442\" data-end=\"2489\">\n<tr data-start=\"2442\" data-end=\"2489\">\n<th data-start=\"2442\" data-end=\"2455\" data-col-size=\"sm\">Paino (kg)<\/th>\n<th data-start=\"2455\" data-end=\"2461\" data-col-size=\"sm\">2\u20133<\/th>\n<th data-start=\"2461\" data-end=\"2467\" data-col-size=\"sm\">3\u20135<\/th>\n<th data-start=\"2467\" data-end=\"2473\" data-col-size=\"sm\">5\u20137<\/th>\n<th data-start=\"2473\" data-end=\"2479\" data-col-size=\"sm\">7\u20139<\/th>\n<th data-start=\"2479\" data-end=\"2489\" data-col-size=\"sm\">9\u201312<\/th>\n<\/tr>\n<\/thead>\n<tbody data-start=\"2538\" data-end=\"2695\">\n<tr data-start=\"2538\" data-end=\"2607\">\n<td data-start=\"2538\" data-end=\"2563\" data-col-size=\"sm\">P\u00e4ivitt\u00e4inen annos (g)<\/td>\n<td data-start=\"2563\" data-end=\"2571\" data-col-size=\"sm\">40\u201355<\/td>\n<td data-col-size=\"sm\" data-start=\"2571\" data-end=\"2579\">55\u201365<\/td>\n<td data-col-size=\"sm\" data-start=\"2579\" data-end=\"2587\">65\u201380<\/td>\n<td data-col-size=\"sm\" data-start=\"2587\" data-end=\"2595\">80\u201395<\/td>\n<td data-col-size=\"sm\" data-start=\"2595\" data-end=\"2607\">95\u2013130<\/td>\n<\/tr>\n<tr data-start=\"2608\" data-end=\"2695\">\n<td data-start=\"2608\" data-end=\"2651\" data-col-size=\"sm\">P\u00e4ivitt\u00e4inen annos painonpudotukseen (g)<\/td>\n<td data-col-size=\"sm\" data-start=\"2651\" data-end=\"2659\">30\u201340<\/td>\n<td data-col-size=\"sm\" data-start=\"2659\" data-end=\"2667\">40\u201360<\/td>\n<td data-col-size=\"sm\" data-start=\"2667\" data-end=\"2675\">60\u201370<\/td>\n<td data-col-size=\"sm\" data-start=\"2675\" data-end=\"2683\">70\u201385<\/td>\n<td data-col-size=\"sm\" data-start=\"2683\" data-end=\"2695\">85\u2013120<\/td>\n<\/tr>\n<\/tbody>\n<\/table>\n<\/div>\n<\/div>\n","protected":false},"featured_media":39630,"template":"","meta":[],"product_brand":[],"product_cat":[255],"product_tag":[],"class_list":{"0":"post-42449","1":"product","2":"type-product","3":"status-publish","4":"has-post-thumbnail","6":"product_cat-kuiva-ruoka","8":"first","9":"instock","10":"sale","11":"taxable","12":"shipping-taxable","13":"purchasable","14":"product-type-simple"},"yoast_head":"<!-- This site is optimized with the Yoast SEO plugin v27.4 - https:\/\/yoast.com\/product\/yoast-seo-wordpress\/ -->\n<title>Prospera Plus Sterilized 7+ Kana Painonhallinta, 7kg - MiuMjau<\/title>\n<meta name=\"robots\" content=\"index, follow, max-snippet:-1, max-image-preview:large, max-video-preview:-1\" \/>\n<link rel=\"canonical\" href=\"https:\/\/miumjau.ee\/fi\/tuote\/prospera-plus-sterilized-7-kana-painonhallinta-7kg\/\" \/>\n<meta property=\"og:locale\" content=\"fi_FI\" \/>\n<meta property=\"og:type\" content=\"article\" \/>\n<meta property=\"og:title\" content=\"Prospera Plus Sterilized 7+ Kana Painonhallinta, 7kg - MiuMjau\" \/>\n<meta property=\"og:description\" content=\"Sopii kissoille, joilla on taipumus lihota.     Runsaskuituinen auttaa hallitsemaan ruokahalua ja yll\u00e4pit\u00e4m\u00e4\u00e4n optimaalista kehon kuntoa.    Tukee virtsateiden terveytt\u00e4 ja ehk\u00e4isee virtsakivien muodostumista.    Sis\u00e4lt\u00e4\u00e4 prebioottisia kuituja, jotka tukevat tervett\u00e4 suolistoflooraa.    T\u00e4ydennetty tauriinilla, kurkumalla, rosmariinilla ja karpaloilla.   Ainesosat: Kanan proteiini (42%), maissi (35%), riisi (5%), kuivattu punajuuri (4,5%), lignoselluloosa (4%), hydrolysoitu kananmaksa (3%), oluthiiva (3%), siipikarjan rasva (2%), lohi\u00f6ljy (1%), hernejauho (0,459%), manno-oligosakkaridit (0,011%), frukto-oligosakkaridit (0,009%), yucca (0,006%), kuivattu rosmariini (0,005%), kuivattu kurkuma (0,005%), kuivattu karpalo (0,005%). Analysoidut ainesosat: Raakaproteiini 36,0%, raakarasva 10,0%, raakatuhk 5,5%, raakakuitu 4,8%, kosteus 9,0%, kalsium 1,2%, fosfori 1,0%, natrium 0,2%, magnesium 0,1%, omega-3-rasvahapot 0,1%, omega-6-rasvahapot 1,1%. Ruokintaohje (aikuiset, kg):       Paino (kg) 2\u20133 3\u20135 5\u20137 7\u20139 9\u201312     P\u00e4ivitt\u00e4inen annos (g) 40\u201355 55\u201365 65\u201380 80\u201395 95\u2013130   P\u00e4ivitt\u00e4inen annos painonpudotukseen (g) 30\u201340 40\u201360 60\u201370 70\u201385 85\u2013120\" \/>\n<meta property=\"og:url\" content=\"https:\/\/miumjau.ee\/fi\/tuote\/prospera-plus-sterilized-7-kana-painonhallinta-7kg\/\" \/>\n<meta property=\"og:site_name\" content=\"MiuMjau\" \/>\n<meta property=\"article:publisher\" content=\"https:\/\/www.facebook.com\/miumjaupood\/\" \/>\n<meta property=\"article:modified_time\" content=\"2026-01-07T20:47:59+00:00\" \/>\n<meta property=\"og:image\" content=\"https:\/\/miumjau.ee\/wp-content\/uploads\/2025\/09\/prospera-ster-weight-balance-7kg.jpg\" \/>\n\t<meta property=\"og:image:width\" content=\"600\" \/>\n\t<meta property=\"og:image:height\" content=\"800\" \/>\n\t<meta property=\"og:image:type\" content=\"image\/jpeg\" \/>\n<meta name=\"twitter:card\" content=\"summary_large_image\" \/>\n<script type=\"application\/ld+json\" class=\"yoast-schema-graph\">{\"@context\":\"https:\\\/\\\/schema.org\",\"@graph\":[{\"@type\":\"WebPage\",\"@id\":\"https:\\\/\\\/miumjau.ee\\\/fi\\\/tuote\\\/prospera-plus-sterilized-7-kana-painonhallinta-7kg\\\/\",\"url\":\"https:\\\/\\\/miumjau.ee\\\/fi\\\/tuote\\\/prospera-plus-sterilized-7-kana-painonhallinta-7kg\\\/\",\"name\":\"Prospera Plus Sterilized 7+ Kana Painonhallinta, 7kg - MiuMjau\",\"isPartOf\":{\"@id\":\"https:\\\/\\\/miumjau.ee\\\/#website\"},\"primaryImageOfPage\":{\"@id\":\"https:\\\/\\\/miumjau.ee\\\/fi\\\/tuote\\\/prospera-plus-sterilized-7-kana-painonhallinta-7kg\\\/#primaryimage\"},\"image\":{\"@id\":\"https:\\\/\\\/miumjau.ee\\\/fi\\\/tuote\\\/prospera-plus-sterilized-7-kana-painonhallinta-7kg\\\/#primaryimage\"},\"thumbnailUrl\":\"https:\\\/\\\/miumjau.ee\\\/wp-content\\\/uploads\\\/2025\\\/09\\\/prospera-ster-weight-balance-7kg.jpg\",\"datePublished\":\"2025-09-16T10:57:30+00:00\",\"dateModified\":\"2026-01-07T20:47:59+00:00\",\"breadcrumb\":{\"@id\":\"https:\\\/\\\/miumjau.ee\\\/fi\\\/tuote\\\/prospera-plus-sterilized-7-kana-painonhallinta-7kg\\\/#breadcrumb\"},\"inLanguage\":\"fi\",\"potentialAction\":[{\"@type\":\"ReadAction\",\"target\":[\"https:\\\/\\\/miumjau.ee\\\/fi\\\/tuote\\\/prospera-plus-sterilized-7-kana-painonhallinta-7kg\\\/\"]}]},{\"@type\":\"ImageObject\",\"inLanguage\":\"fi\",\"@id\":\"https:\\\/\\\/miumjau.ee\\\/fi\\\/tuote\\\/prospera-plus-sterilized-7-kana-painonhallinta-7kg\\\/#primaryimage\",\"url\":\"https:\\\/\\\/miumjau.ee\\\/wp-content\\\/uploads\\\/2025\\\/09\\\/prospera-ster-weight-balance-7kg.jpg\",\"contentUrl\":\"https:\\\/\\\/miumjau.ee\\\/wp-content\\\/uploads\\\/2025\\\/09\\\/prospera-ster-weight-balance-7kg.jpg\",\"width\":600,\"height\":800,\"caption\":\"Prospera Plus Sterilized 7+ Chicken Weight Balance, 7kg\"},{\"@type\":\"BreadcrumbList\",\"@id\":\"https:\\\/\\\/miumjau.ee\\\/fi\\\/tuote\\\/prospera-plus-sterilized-7-kana-painonhallinta-7kg\\\/#breadcrumb\",\"itemListElement\":[{\"@type\":\"ListItem\",\"position\":1,\"name\":\"Home\",\"item\":\"https:\\\/\\\/miumjau.ee\\\/fi\\\/\"},{\"@type\":\"ListItem\",\"position\":2,\"name\":\"Kauppa\",\"item\":\"https:\\\/\\\/miumjau.ee\\\/fi\\\/kauppa\\\/\"},{\"@type\":\"ListItem\",\"position\":3,\"name\":\"Prospera Plus Sterilized 7+ Kana Painonhallinta, 7kg\"}]},{\"@type\":\"WebSite\",\"@id\":\"https:\\\/\\\/miumjau.ee\\\/#website\",\"url\":\"https:\\\/\\\/miumjau.ee\\\/\",\"name\":\"MiuMjau\",\"description\":\"Kraapimispuud kassidele\",\"publisher\":{\"@id\":\"https:\\\/\\\/miumjau.ee\\\/#organization\"},\"potentialAction\":[{\"@type\":\"SearchAction\",\"target\":{\"@type\":\"EntryPoint\",\"urlTemplate\":\"https:\\\/\\\/miumjau.ee\\\/?s={search_term_string}\"},\"query-input\":{\"@type\":\"PropertyValueSpecification\",\"valueRequired\":true,\"valueName\":\"search_term_string\"}}],\"inLanguage\":\"fi\"},{\"@type\":\"Organization\",\"@id\":\"https:\\\/\\\/miumjau.ee\\\/#organization\",\"name\":\"MiuMjau O\u00dc\",\"url\":\"https:\\\/\\\/miumjau.ee\\\/\",\"logo\":{\"@type\":\"ImageObject\",\"inLanguage\":\"fi\",\"@id\":\"https:\\\/\\\/miumjau.ee\\\/#\\\/schema\\\/logo\\\/image\\\/\",\"url\":\"https:\\\/\\\/miumjau.ee\\\/wp-content\\\/uploads\\\/2022\\\/04\\\/MiuMjau-logo-kollane.png\",\"contentUrl\":\"https:\\\/\\\/miumjau.ee\\\/wp-content\\\/uploads\\\/2022\\\/04\\\/MiuMjau-logo-kollane.png\",\"width\":219,\"height\":100,\"caption\":\"MiuMjau O\u00dc\"},\"image\":{\"@id\":\"https:\\\/\\\/miumjau.ee\\\/#\\\/schema\\\/logo\\\/image\\\/\"},\"sameAs\":[\"https:\\\/\\\/www.facebook.com\\\/miumjaupood\\\/\"]}]}<\/script>\n<!-- \/ Yoast SEO plugin. -->","yoast_head_json":{"title":"Prospera Plus Sterilized 7+ Kana Painonhallinta, 7kg - MiuMjau","robots":{"index":"index","follow":"follow","max-snippet":"max-snippet:-1","max-image-preview":"max-image-preview:large","max-video-preview":"max-video-preview:-1"},"canonical":"https:\/\/miumjau.ee\/fi\/tuote\/prospera-plus-sterilized-7-kana-painonhallinta-7kg\/","og_locale":"fi_FI","og_type":"article","og_title":"Prospera Plus Sterilized 7+ Kana Painonhallinta, 7kg - MiuMjau","og_description":"Sopii kissoille, joilla on taipumus lihota.     Runsaskuituinen auttaa hallitsemaan ruokahalua ja yll\u00e4pit\u00e4m\u00e4\u00e4n optimaalista kehon kuntoa.    Tukee virtsateiden terveytt\u00e4 ja ehk\u00e4isee virtsakivien muodostumista.    Sis\u00e4lt\u00e4\u00e4 prebioottisia kuituja, jotka tukevat tervett\u00e4 suolistoflooraa.    T\u00e4ydennetty tauriinilla, kurkumalla, rosmariinilla ja karpaloilla.   Ainesosat: Kanan proteiini (42%), maissi (35%), riisi (5%), kuivattu punajuuri (4,5%), lignoselluloosa (4%), hydrolysoitu kananmaksa (3%), oluthiiva (3%), siipikarjan rasva (2%), lohi\u00f6ljy (1%), hernejauho (0,459%), manno-oligosakkaridit (0,011%), frukto-oligosakkaridit (0,009%), yucca (0,006%), kuivattu rosmariini (0,005%), kuivattu kurkuma (0,005%), kuivattu karpalo (0,005%). Analysoidut ainesosat: Raakaproteiini 36,0%, raakarasva 10,0%, raakatuhk 5,5%, raakakuitu 4,8%, kosteus 9,0%, kalsium 1,2%, fosfori 1,0%, natrium 0,2%, magnesium 0,1%, omega-3-rasvahapot 0,1%, omega-6-rasvahapot 1,1%. Ruokintaohje (aikuiset, kg):       Paino (kg) 2\u20133 3\u20135 5\u20137 7\u20139 9\u201312     P\u00e4ivitt\u00e4inen annos (g) 40\u201355 55\u201365 65\u201380 80\u201395 95\u2013130   P\u00e4ivitt\u00e4inen annos painonpudotukseen (g) 30\u201340 40\u201360 60\u201370 70\u201385 85\u2013120","og_url":"https:\/\/miumjau.ee\/fi\/tuote\/prospera-plus-sterilized-7-kana-painonhallinta-7kg\/","og_site_name":"MiuMjau","article_publisher":"https:\/\/www.facebook.com\/miumjaupood\/","article_modified_time":"2026-01-07T20:47:59+00:00","og_image":[{"width":600,"height":800,"url":"https:\/\/miumjau.ee\/wp-content\/uploads\/2025\/09\/prospera-ster-weight-balance-7kg.jpg","type":"image\/jpeg"}],"twitter_card":"summary_large_image","schema":{"@context":"https:\/\/schema.org","@graph":[{"@type":"WebPage","@id":"https:\/\/miumjau.ee\/fi\/tuote\/prospera-plus-sterilized-7-kana-painonhallinta-7kg\/","url":"https:\/\/miumjau.ee\/fi\/tuote\/prospera-plus-sterilized-7-kana-painonhallinta-7kg\/","name":"Prospera Plus Sterilized 7+ Kana Painonhallinta, 7kg - MiuMjau","isPartOf":{"@id":"https:\/\/miumjau.ee\/#website"},"primaryImageOfPage":{"@id":"https:\/\/miumjau.ee\/fi\/tuote\/prospera-plus-sterilized-7-kana-painonhallinta-7kg\/#primaryimage"},"image":{"@id":"https:\/\/miumjau.ee\/fi\/tuote\/prospera-plus-sterilized-7-kana-painonhallinta-7kg\/#primaryimage"},"thumbnailUrl":"https:\/\/miumjau.ee\/wp-content\/uploads\/2025\/09\/prospera-ster-weight-balance-7kg.jpg","datePublished":"2025-09-16T10:57:30+00:00","dateModified":"2026-01-07T20:47:59+00:00","breadcrumb":{"@id":"https:\/\/miumjau.ee\/fi\/tuote\/prospera-plus-sterilized-7-kana-painonhallinta-7kg\/#breadcrumb"},"inLanguage":"fi","potentialAction":[{"@type":"ReadAction","target":["https:\/\/miumjau.ee\/fi\/tuote\/prospera-plus-sterilized-7-kana-painonhallinta-7kg\/"]}]},{"@type":"ImageObject","inLanguage":"fi","@id":"https:\/\/miumjau.ee\/fi\/tuote\/prospera-plus-sterilized-7-kana-painonhallinta-7kg\/#primaryimage","url":"https:\/\/miumjau.ee\/wp-content\/uploads\/2025\/09\/prospera-ster-weight-balance-7kg.jpg","contentUrl":"https:\/\/miumjau.ee\/wp-content\/uploads\/2025\/09\/prospera-ster-weight-balance-7kg.jpg","width":600,"height":800,"caption":"Prospera Plus Sterilized 7+ Chicken Weight Balance, 7kg"},{"@type":"BreadcrumbList","@id":"https:\/\/miumjau.ee\/fi\/tuote\/prospera-plus-sterilized-7-kana-painonhallinta-7kg\/#breadcrumb","itemListElement":[{"@type":"ListItem","position":1,"name":"Home","item":"https:\/\/miumjau.ee\/fi\/"},{"@type":"ListItem","position":2,"name":"Kauppa","item":"https:\/\/miumjau.ee\/fi\/kauppa\/"},{"@type":"ListItem","position":3,"name":"Prospera Plus Sterilized 7+ Kana Painonhallinta, 7kg"}]},{"@type":"WebSite","@id":"https:\/\/miumjau.ee\/#website","url":"https:\/\/miumjau.ee\/","name":"MiuMjau","description":"Kraapimispuud kassidele","publisher":{"@id":"https:\/\/miumjau.ee\/#organization"},"potentialAction":[{"@type":"SearchAction","target":{"@type":"EntryPoint","urlTemplate":"https:\/\/miumjau.ee\/?s={search_term_string}"},"query-input":{"@type":"PropertyValueSpecification","valueRequired":true,"valueName":"search_term_string"}}],"inLanguage":"fi"},{"@type":"Organization","@id":"https:\/\/miumjau.ee\/#organization","name":"MiuMjau O\u00dc","url":"https:\/\/miumjau.ee\/","logo":{"@type":"ImageObject","inLanguage":"fi","@id":"https:\/\/miumjau.ee\/#\/schema\/logo\/image\/","url":"https:\/\/miumjau.ee\/wp-content\/uploads\/2022\/04\/MiuMjau-logo-kollane.png","contentUrl":"https:\/\/miumjau.ee\/wp-content\/uploads\/2022\/04\/MiuMjau-logo-kollane.png","width":219,"height":100,"caption":"MiuMjau O\u00dc"},"image":{"@id":"https:\/\/miumjau.ee\/#\/schema\/logo\/image\/"},"sameAs":["https:\/\/www.facebook.com\/miumjaupood\/"]}]}},"_links":{"self":[{"href":"https:\/\/miumjau.ee\/fi\/wp-json\/wp\/v2\/product\/42449","targetHints":{"allow":["GET"]}}],"collection":[{"href":"https:\/\/miumjau.ee\/fi\/wp-json\/wp\/v2\/product"}],"about":[{"href":"https:\/\/miumjau.ee\/fi\/wp-json\/wp\/v2\/types\/product"}],"wp:featuredmedia":[{"embeddable":true,"href":"https:\/\/miumjau.ee\/fi\/wp-json\/wp\/v2\/media\/39630"}],"wp:attachment":[{"href":"https:\/\/miumjau.ee\/fi\/wp-json\/wp\/v2\/media?parent=42449"}],"wp:term":[{"taxonomy":"product_brand","embeddable":true,"href":"https:\/\/miumjau.ee\/fi\/wp-json\/wp\/v2\/product_brand?post=42449"},{"taxonomy":"product_cat","embeddable":true,"href":"https:\/\/miumjau.ee\/fi\/wp-json\/wp\/v2\/product_cat?post=42449"},{"taxonomy":"product_tag","embeddable":true,"href":"https:\/\/miumjau.ee\/fi\/wp-json\/wp\/v2\/product_tag?post=42449"}],"curies":[{"name":"wp","href":"https:\/\/api.w.org\/{rel}","templated":true}]}}