{"id":42445,"date":"2025-09-17T10:23:09","date_gmt":"2025-09-17T07:23:09","guid":{"rendered":"https:\/\/miumjau.ee\/toode\/koiran-leikkiaita-kokoontaitettava-raskas-xl\/"},"modified":"2026-01-07T22:48:06","modified_gmt":"2026-01-07T20:48:06","slug":"koiran-leikkiaita-kokoontaitettava-raskas-xl","status":"publish","type":"product","link":"https:\/\/miumjau.ee\/fi\/tuote\/koiran-leikkiaita-kokoontaitettava-raskas-xl\/","title":{"rendered":"Koiran leikkiaita, kokoontaitettava, raskas, XL"},"content":{"rendered":"","protected":false},"excerpt":{"rendered":"<p data-start=\"1256\" data-end=\"1497\">Koiran leikkiaita kynnysosalla tarjoaa koirallesi turvallisen ja vakaana pysyv\u00e4n tilan. Se on valmistettu vahvistetusta, raskaasta pulverimaalatusta ter\u00e4ksest\u00e4, mik\u00e4 takaa erinomaisen kest\u00e4vyyden ja vakauden \u2013 my\u00f6s energisemmille koirille.<\/p>\n<p data-start=\"1499\" data-end=\"1780\">Kynnyksell\u00e4 varustettu portti est\u00e4\u00e4 pentuja ja pieni\u00e4 koiria poistumasta aidasta itsen\u00e4isesti, mutta omistajalle se tarjoaa helpon p\u00e4\u00e4syn. Kokoaminen on nopeaa ja helppoa \u2013 paneelit yhdistet\u00e4\u00e4n mukana toimitettavilla nastoilla, mik\u00e4 tekee kokoamisesta ja purkamisesta vaivatonta.<\/p>\n<p data-start=\"1782\" data-end=\"1958\">Raskas rakenne on muodonmuutos- ja korroosionkest\u00e4v\u00e4, joten se sopii sek\u00e4 sis\u00e4- ett\u00e4 ulkok\u00e4ytt\u00f6\u00f6n. K\u00e4yt\u00e4nn\u00f6llinen ja pitk\u00e4ik\u00e4inen ratkaisu koiranomistajille ja kasvattajille.<\/p>\n<p data-start=\"1960\" data-end=\"2127\"><strong data-start=\"1960\" data-end=\"1969\">Koko:<\/strong> XL<br data-start=\"1972\" data-end=\"1975\" \/><strong data-start=\"1975\" data-end=\"1994\">Paneelin mitat:<\/strong> 76 \u00d7 120 cm<br data-start=\"2006\" data-end=\"2009\" \/><strong data-start=\"2009\" data-end=\"2029\">Paneelien m\u00e4\u00e4r\u00e4:<\/strong> 8 kpl<br data-start=\"2035\" data-end=\"2038\" \/><strong data-start=\"2038\" data-end=\"2053\">Materiaali:<\/strong> Pulverimaalattu ter\u00e4s<br data-start=\"2075\" data-end=\"2078\" \/><strong data-start=\"2078\" data-end=\"2087\">V\u00e4ri:<\/strong> Musta<br data-start=\"2093\" data-end=\"2096\" \/><strong data-start=\"2096\" data-end=\"2111\">Kokoaminen:<\/strong> Nastat mukana<\/p>\n<p data-start=\"2129\" data-end=\"2285\"><strong data-start=\"2129\" data-end=\"2138\">Edut:<\/strong> Suurin ja kest\u00e4vin malli, kynnyksellinen portti, vakaa ja s\u00e4\u00e4olosuhteita kest\u00e4v\u00e4 rakenne, nopea kokoaminen, taitettava helppoa s\u00e4ilytyst\u00e4 varten<\/p>\n<p data-start=\"2287\" data-end=\"2359\" data-is-last-node=\"\" data-is-only-node=\"\"><strong data-start=\"2287\" data-end=\"2301\">Tarkoitus:<\/strong> Leikkiaita suurille koiraroduille tai useille lemmikeille<\/p>\n","protected":false},"featured_media":39697,"template":"","meta":[],"product_brand":[],"product_cat":[482],"product_tag":[],"class_list":{"0":"post-42445","1":"product","2":"type-product","3":"status-publish","4":"has-post-thumbnail","6":"product_cat-hakit-kantolaukut","7":"product_shipping_class-pakiautomaati-sobimatu-fi","9":"first","10":"instock","11":"taxable","12":"shipping-taxable","13":"purchasable","14":"product-type-simple"},"yoast_head":"<!-- This site is optimized with the Yoast SEO plugin v27.2 - https:\/\/yoast.com\/product\/yoast-seo-wordpress\/ -->\n<title>Koiran leikkiaita, kokoontaitettava, raskas, XL - MiuMjau<\/title>\n<meta name=\"robots\" content=\"index, follow, max-snippet:-1, max-image-preview:large, max-video-preview:-1\" \/>\n<link rel=\"canonical\" href=\"https:\/\/miumjau.ee\/fi\/tuote\/koiran-leikkiaita-kokoontaitettava-raskas-xl\/\" \/>\n<meta property=\"og:locale\" content=\"fi_FI\" \/>\n<meta property=\"og:type\" content=\"article\" \/>\n<meta property=\"og:title\" content=\"Koiran leikkiaita, kokoontaitettava, raskas, XL - MiuMjau\" \/>\n<meta property=\"og:description\" content=\"Koiran leikkiaita kynnysosalla tarjoaa koirallesi turvallisen ja vakaana pysyv\u00e4n tilan. Se on valmistettu vahvistetusta, raskaasta pulverimaalatusta ter\u00e4ksest\u00e4, mik\u00e4 takaa erinomaisen kest\u00e4vyyden ja vakauden \u2013 my\u00f6s energisemmille koirille. Kynnyksell\u00e4 varustettu portti est\u00e4\u00e4 pentuja ja pieni\u00e4 koiria poistumasta aidasta itsen\u00e4isesti, mutta omistajalle se tarjoaa helpon p\u00e4\u00e4syn. Kokoaminen on nopeaa ja helppoa \u2013 paneelit yhdistet\u00e4\u00e4n mukana toimitettavilla nastoilla, mik\u00e4 tekee kokoamisesta ja purkamisesta vaivatonta. Raskas rakenne on muodonmuutos- ja korroosionkest\u00e4v\u00e4, joten se sopii sek\u00e4 sis\u00e4- ett\u00e4 ulkok\u00e4ytt\u00f6\u00f6n. K\u00e4yt\u00e4nn\u00f6llinen ja pitk\u00e4ik\u00e4inen ratkaisu koiranomistajille ja kasvattajille. Koko: XLPaneelin mitat: 76 \u00d7 120 cmPaneelien m\u00e4\u00e4r\u00e4: 8 kplMateriaali: Pulverimaalattu ter\u00e4sV\u00e4ri: MustaKokoaminen: Nastat mukana Edut: Suurin ja kest\u00e4vin malli, kynnyksellinen portti, vakaa ja s\u00e4\u00e4olosuhteita kest\u00e4v\u00e4 rakenne, nopea kokoaminen, taitettava helppoa s\u00e4ilytyst\u00e4 varten Tarkoitus: Leikkiaita suurille koiraroduille tai useille lemmikeille\" \/>\n<meta property=\"og:url\" content=\"https:\/\/miumjau.ee\/fi\/tuote\/koiran-leikkiaita-kokoontaitettava-raskas-xl\/\" \/>\n<meta property=\"og:site_name\" content=\"MiuMjau\" \/>\n<meta property=\"article:publisher\" content=\"https:\/\/www.facebook.com\/miumjaupood\/\" \/>\n<meta property=\"article:modified_time\" content=\"2026-01-07T20:48:06+00:00\" \/>\n<meta property=\"og:image\" content=\"https:\/\/miumjau.ee\/wp-content\/uploads\/2025\/09\/koerte-manguaedik-k922-XL1-Photoroom.jpg\" \/>\n\t<meta property=\"og:image:width\" content=\"600\" \/>\n\t<meta property=\"og:image:height\" content=\"800\" \/>\n\t<meta property=\"og:image:type\" content=\"image\/jpeg\" \/>\n<meta name=\"twitter:card\" content=\"summary_large_image\" \/>\n<script type=\"application\/ld+json\" class=\"yoast-schema-graph\">{\"@context\":\"https:\/\/schema.org\",\"@graph\":[{\"@type\":\"WebPage\",\"@id\":\"https:\/\/miumjau.ee\/fi\/tuote\/koiran-leikkiaita-kokoontaitettava-raskas-xl\/\",\"url\":\"https:\/\/miumjau.ee\/fi\/tuote\/koiran-leikkiaita-kokoontaitettava-raskas-xl\/\",\"name\":\"Koiran leikkiaita, kokoontaitettava, raskas, XL - MiuMjau\",\"isPartOf\":{\"@id\":\"https:\/\/miumjau.ee\/#website\"},\"primaryImageOfPage\":{\"@id\":\"https:\/\/miumjau.ee\/fi\/tuote\/koiran-leikkiaita-kokoontaitettava-raskas-xl\/#primaryimage\"},\"image\":{\"@id\":\"https:\/\/miumjau.ee\/fi\/tuote\/koiran-leikkiaita-kokoontaitettava-raskas-xl\/#primaryimage\"},\"thumbnailUrl\":\"https:\/\/miumjau.ee\/wp-content\/uploads\/2025\/09\/koerte-manguaedik-k922-XL1-Photoroom.jpg\",\"datePublished\":\"2025-09-17T07:23:09+00:00\",\"dateModified\":\"2026-01-07T20:48:06+00:00\",\"breadcrumb\":{\"@id\":\"https:\/\/miumjau.ee\/fi\/tuote\/koiran-leikkiaita-kokoontaitettava-raskas-xl\/#breadcrumb\"},\"inLanguage\":\"fi\",\"potentialAction\":[{\"@type\":\"ReadAction\",\"target\":[\"https:\/\/miumjau.ee\/fi\/tuote\/koiran-leikkiaita-kokoontaitettava-raskas-xl\/\"]}]},{\"@type\":\"ImageObject\",\"inLanguage\":\"fi\",\"@id\":\"https:\/\/miumjau.ee\/fi\/tuote\/koiran-leikkiaita-kokoontaitettava-raskas-xl\/#primaryimage\",\"url\":\"https:\/\/miumjau.ee\/wp-content\/uploads\/2025\/09\/koerte-manguaedik-k922-XL1-Photoroom.jpg\",\"contentUrl\":\"https:\/\/miumjau.ee\/wp-content\/uploads\/2025\/09\/koerte-manguaedik-k922-XL1-Photoroom.jpg\",\"width\":600,\"height\":800,\"caption\":\"M\u00e4nguaedik koertele, kokkupandav, raske, XL\"},{\"@type\":\"BreadcrumbList\",\"@id\":\"https:\/\/miumjau.ee\/fi\/tuote\/koiran-leikkiaita-kokoontaitettava-raskas-xl\/#breadcrumb\",\"itemListElement\":[{\"@type\":\"ListItem\",\"position\":1,\"name\":\"Home\",\"item\":\"https:\/\/miumjau.ee\/fi\/\"},{\"@type\":\"ListItem\",\"position\":2,\"name\":\"Kauppa\",\"item\":\"https:\/\/miumjau.ee\/fi\/kauppa\/\"},{\"@type\":\"ListItem\",\"position\":3,\"name\":\"Koiran leikkiaita, kokoontaitettava, raskas, XL\"}]},{\"@type\":\"WebSite\",\"@id\":\"https:\/\/miumjau.ee\/#website\",\"url\":\"https:\/\/miumjau.ee\/\",\"name\":\"MiuMjau\",\"description\":\"Kraapimispuud kassidele\",\"publisher\":{\"@id\":\"https:\/\/miumjau.ee\/#organization\"},\"potentialAction\":[{\"@type\":\"SearchAction\",\"target\":{\"@type\":\"EntryPoint\",\"urlTemplate\":\"https:\/\/miumjau.ee\/?s={search_term_string}\"},\"query-input\":{\"@type\":\"PropertyValueSpecification\",\"valueRequired\":true,\"valueName\":\"search_term_string\"}}],\"inLanguage\":\"fi\"},{\"@type\":\"Organization\",\"@id\":\"https:\/\/miumjau.ee\/#organization\",\"name\":\"MiuMjau O\u00dc\",\"url\":\"https:\/\/miumjau.ee\/\",\"logo\":{\"@type\":\"ImageObject\",\"inLanguage\":\"fi\",\"@id\":\"https:\/\/miumjau.ee\/#\/schema\/logo\/image\/\",\"url\":\"https:\/\/miumjau.ee\/wp-content\/uploads\/2022\/04\/MiuMjau-logo-kollane.png\",\"contentUrl\":\"https:\/\/miumjau.ee\/wp-content\/uploads\/2022\/04\/MiuMjau-logo-kollane.png\",\"width\":219,\"height\":100,\"caption\":\"MiuMjau O\u00dc\"},\"image\":{\"@id\":\"https:\/\/miumjau.ee\/#\/schema\/logo\/image\/\"},\"sameAs\":[\"https:\/\/www.facebook.com\/miumjaupood\/\"]}]}<\/script>\n<!-- \/ Yoast SEO plugin. -->","yoast_head_json":{"title":"Koiran leikkiaita, kokoontaitettava, raskas, XL - MiuMjau","robots":{"index":"index","follow":"follow","max-snippet":"max-snippet:-1","max-image-preview":"max-image-preview:large","max-video-preview":"max-video-preview:-1"},"canonical":"https:\/\/miumjau.ee\/fi\/tuote\/koiran-leikkiaita-kokoontaitettava-raskas-xl\/","og_locale":"fi_FI","og_type":"article","og_title":"Koiran leikkiaita, kokoontaitettava, raskas, XL - MiuMjau","og_description":"Koiran leikkiaita kynnysosalla tarjoaa koirallesi turvallisen ja vakaana pysyv\u00e4n tilan. Se on valmistettu vahvistetusta, raskaasta pulverimaalatusta ter\u00e4ksest\u00e4, mik\u00e4 takaa erinomaisen kest\u00e4vyyden ja vakauden \u2013 my\u00f6s energisemmille koirille. Kynnyksell\u00e4 varustettu portti est\u00e4\u00e4 pentuja ja pieni\u00e4 koiria poistumasta aidasta itsen\u00e4isesti, mutta omistajalle se tarjoaa helpon p\u00e4\u00e4syn. Kokoaminen on nopeaa ja helppoa \u2013 paneelit yhdistet\u00e4\u00e4n mukana toimitettavilla nastoilla, mik\u00e4 tekee kokoamisesta ja purkamisesta vaivatonta. Raskas rakenne on muodonmuutos- ja korroosionkest\u00e4v\u00e4, joten se sopii sek\u00e4 sis\u00e4- ett\u00e4 ulkok\u00e4ytt\u00f6\u00f6n. K\u00e4yt\u00e4nn\u00f6llinen ja pitk\u00e4ik\u00e4inen ratkaisu koiranomistajille ja kasvattajille. Koko: XLPaneelin mitat: 76 \u00d7 120 cmPaneelien m\u00e4\u00e4r\u00e4: 8 kplMateriaali: Pulverimaalattu ter\u00e4sV\u00e4ri: MustaKokoaminen: Nastat mukana Edut: Suurin ja kest\u00e4vin malli, kynnyksellinen portti, vakaa ja s\u00e4\u00e4olosuhteita kest\u00e4v\u00e4 rakenne, nopea kokoaminen, taitettava helppoa s\u00e4ilytyst\u00e4 varten Tarkoitus: Leikkiaita suurille koiraroduille tai useille lemmikeille","og_url":"https:\/\/miumjau.ee\/fi\/tuote\/koiran-leikkiaita-kokoontaitettava-raskas-xl\/","og_site_name":"MiuMjau","article_publisher":"https:\/\/www.facebook.com\/miumjaupood\/","article_modified_time":"2026-01-07T20:48:06+00:00","og_image":[{"width":600,"height":800,"url":"https:\/\/miumjau.ee\/wp-content\/uploads\/2025\/09\/koerte-manguaedik-k922-XL1-Photoroom.jpg","type":"image\/jpeg"}],"twitter_card":"summary_large_image","schema":{"@context":"https:\/\/schema.org","@graph":[{"@type":"WebPage","@id":"https:\/\/miumjau.ee\/fi\/tuote\/koiran-leikkiaita-kokoontaitettava-raskas-xl\/","url":"https:\/\/miumjau.ee\/fi\/tuote\/koiran-leikkiaita-kokoontaitettava-raskas-xl\/","name":"Koiran leikkiaita, kokoontaitettava, raskas, XL - MiuMjau","isPartOf":{"@id":"https:\/\/miumjau.ee\/#website"},"primaryImageOfPage":{"@id":"https:\/\/miumjau.ee\/fi\/tuote\/koiran-leikkiaita-kokoontaitettava-raskas-xl\/#primaryimage"},"image":{"@id":"https:\/\/miumjau.ee\/fi\/tuote\/koiran-leikkiaita-kokoontaitettava-raskas-xl\/#primaryimage"},"thumbnailUrl":"https:\/\/miumjau.ee\/wp-content\/uploads\/2025\/09\/koerte-manguaedik-k922-XL1-Photoroom.jpg","datePublished":"2025-09-17T07:23:09+00:00","dateModified":"2026-01-07T20:48:06+00:00","breadcrumb":{"@id":"https:\/\/miumjau.ee\/fi\/tuote\/koiran-leikkiaita-kokoontaitettava-raskas-xl\/#breadcrumb"},"inLanguage":"fi","potentialAction":[{"@type":"ReadAction","target":["https:\/\/miumjau.ee\/fi\/tuote\/koiran-leikkiaita-kokoontaitettava-raskas-xl\/"]}]},{"@type":"ImageObject","inLanguage":"fi","@id":"https:\/\/miumjau.ee\/fi\/tuote\/koiran-leikkiaita-kokoontaitettava-raskas-xl\/#primaryimage","url":"https:\/\/miumjau.ee\/wp-content\/uploads\/2025\/09\/koerte-manguaedik-k922-XL1-Photoroom.jpg","contentUrl":"https:\/\/miumjau.ee\/wp-content\/uploads\/2025\/09\/koerte-manguaedik-k922-XL1-Photoroom.jpg","width":600,"height":800,"caption":"M\u00e4nguaedik koertele, kokkupandav, raske, XL"},{"@type":"BreadcrumbList","@id":"https:\/\/miumjau.ee\/fi\/tuote\/koiran-leikkiaita-kokoontaitettava-raskas-xl\/#breadcrumb","itemListElement":[{"@type":"ListItem","position":1,"name":"Home","item":"https:\/\/miumjau.ee\/fi\/"},{"@type":"ListItem","position":2,"name":"Kauppa","item":"https:\/\/miumjau.ee\/fi\/kauppa\/"},{"@type":"ListItem","position":3,"name":"Koiran leikkiaita, kokoontaitettava, raskas, XL"}]},{"@type":"WebSite","@id":"https:\/\/miumjau.ee\/#website","url":"https:\/\/miumjau.ee\/","name":"MiuMjau","description":"Kraapimispuud kassidele","publisher":{"@id":"https:\/\/miumjau.ee\/#organization"},"potentialAction":[{"@type":"SearchAction","target":{"@type":"EntryPoint","urlTemplate":"https:\/\/miumjau.ee\/?s={search_term_string}"},"query-input":{"@type":"PropertyValueSpecification","valueRequired":true,"valueName":"search_term_string"}}],"inLanguage":"fi"},{"@type":"Organization","@id":"https:\/\/miumjau.ee\/#organization","name":"MiuMjau O\u00dc","url":"https:\/\/miumjau.ee\/","logo":{"@type":"ImageObject","inLanguage":"fi","@id":"https:\/\/miumjau.ee\/#\/schema\/logo\/image\/","url":"https:\/\/miumjau.ee\/wp-content\/uploads\/2022\/04\/MiuMjau-logo-kollane.png","contentUrl":"https:\/\/miumjau.ee\/wp-content\/uploads\/2022\/04\/MiuMjau-logo-kollane.png","width":219,"height":100,"caption":"MiuMjau O\u00dc"},"image":{"@id":"https:\/\/miumjau.ee\/#\/schema\/logo\/image\/"},"sameAs":["https:\/\/www.facebook.com\/miumjaupood\/"]}]}},"_links":{"self":[{"href":"https:\/\/miumjau.ee\/fi\/wp-json\/wp\/v2\/product\/42445","targetHints":{"allow":["GET"]}}],"collection":[{"href":"https:\/\/miumjau.ee\/fi\/wp-json\/wp\/v2\/product"}],"about":[{"href":"https:\/\/miumjau.ee\/fi\/wp-json\/wp\/v2\/types\/product"}],"wp:featuredmedia":[{"embeddable":true,"href":"https:\/\/miumjau.ee\/fi\/wp-json\/wp\/v2\/media\/39697"}],"wp:attachment":[{"href":"https:\/\/miumjau.ee\/fi\/wp-json\/wp\/v2\/media?parent=42445"}],"wp:term":[{"taxonomy":"product_brand","embeddable":true,"href":"https:\/\/miumjau.ee\/fi\/wp-json\/wp\/v2\/product_brand?post=42445"},{"taxonomy":"product_cat","embeddable":true,"href":"https:\/\/miumjau.ee\/fi\/wp-json\/wp\/v2\/product_cat?post=42445"},{"taxonomy":"product_tag","embeddable":true,"href":"https:\/\/miumjau.ee\/fi\/wp-json\/wp\/v2\/product_tag?post=42445"}],"curies":[{"name":"wp","href":"https:\/\/api.w.org\/{rel}","templated":true}]}}