{"id":42443,"date":"2025-09-17T10:22:34","date_gmt":"2025-09-17T07:22:34","guid":{"rendered":"https:\/\/miumjau.ee\/toode\/koiran-leikkiaita-kokoontaitettava-raskas-m\/"},"modified":"2026-01-07T22:48:06","modified_gmt":"2026-01-07T20:48:06","slug":"koiran-leikkiaita-kokoontaitettava-raskas-m","status":"publish","type":"product","link":"https:\/\/miumjau.ee\/fi\/tuote\/koiran-leikkiaita-kokoontaitettava-raskas-m\/","title":{"rendered":"Koiran leikkiaita, kokoontaitettava, raskas, M"},"content":{"rendered":"","protected":false},"excerpt":{"rendered":"<p data-start=\"1236\" data-end=\"1477\">Koiran leikkiaita kynnysosalla tarjoaa koirallesi turvallisen ja vakaana pysyv\u00e4n tilan. Se on valmistettu vahvistetusta, raskaasta pulverimaalatusta ter\u00e4ksest\u00e4, mik\u00e4 takaa erinomaisen kest\u00e4vyyden ja vakauden \u2013 my\u00f6s energisemmille koirille.<\/p>\n<p data-start=\"1479\" data-end=\"1760\">Kynnyksell\u00e4 varustettu portti est\u00e4\u00e4 pentuja ja pieni\u00e4 koiria poistumasta aidasta itsen\u00e4isesti, mutta omistajalle se tarjoaa helpon p\u00e4\u00e4syn. Kokoaminen on nopeaa ja helppoa \u2013 paneelit yhdistet\u00e4\u00e4n mukana toimitettavilla nastoilla, mik\u00e4 tekee kokoamisesta ja purkamisesta vaivatonta.<\/p>\n<p data-start=\"1762\" data-end=\"1938\">Raskas rakenne on muodonmuutos- ja korroosionkest\u00e4v\u00e4, joten se sopii sek\u00e4 sis\u00e4- ett\u00e4 ulkok\u00e4ytt\u00f6\u00f6n. K\u00e4yt\u00e4nn\u00f6llinen ja pitk\u00e4ik\u00e4inen ratkaisu koiranomistajille ja kasvattajille.<\/p>\n<p data-start=\"1940\" data-end=\"2105\"><strong data-start=\"1940\" data-end=\"1949\">Koko:<\/strong> M<br data-start=\"1951\" data-end=\"1954\" \/><strong data-start=\"1954\" data-end=\"1973\">Paneelin mitat:<\/strong> 77 \u00d7 81 cm<br data-start=\"1984\" data-end=\"1987\" \/><strong data-start=\"1987\" data-end=\"2007\">Paneelien m\u00e4\u00e4r\u00e4:<\/strong> 8 kpl<br data-start=\"2013\" data-end=\"2016\" \/><strong data-start=\"2016\" data-end=\"2031\">Materiaali:<\/strong> Pulverimaalattu ter\u00e4s<br data-start=\"2053\" data-end=\"2056\" \/><strong data-start=\"2056\" data-end=\"2065\">V\u00e4ri:<\/strong> Musta<br data-start=\"2071\" data-end=\"2074\" \/><strong data-start=\"2074\" data-end=\"2089\">Kokoaminen:<\/strong> Nastat mukana<\/p>\n<p data-start=\"2107\" data-end=\"2265\"><strong data-start=\"2107\" data-end=\"2116\">Edut:<\/strong> Vahvistettu ja kest\u00e4v\u00e4 muotoilu, kynnyksellinen portti, ruostumattomat paneelit, sopii sis\u00e4- ja ulkok\u00e4ytt\u00f6\u00f6n, helppo kokoaminen, kompakti s\u00e4ilytys<\/p>\n<p data-start=\"2267\" data-end=\"2322\" data-is-last-node=\"\" data-is-only-node=\"\"><strong data-start=\"2267\" data-end=\"2281\">Tarkoitus:<\/strong> Leikkiaita keskikokoisille koiraroduille<\/p>\n","protected":false},"featured_media":39673,"template":"","meta":[],"product_brand":[],"product_cat":[482],"product_tag":[],"class_list":{"0":"post-42443","1":"product","2":"type-product","3":"status-publish","4":"has-post-thumbnail","6":"product_cat-hakit-kantolaukut","7":"product_shipping_class-pakiautomaati-sobimatu-fi","9":"first","10":"outofstock","11":"sale","12":"taxable","13":"shipping-taxable","14":"purchasable","15":"product-type-simple"},"yoast_head":"<!-- This site is optimized with the Yoast SEO plugin v27.2 - https:\/\/yoast.com\/product\/yoast-seo-wordpress\/ -->\n<title>Koiran leikkiaita, kokoontaitettava, raskas, M - MiuMjau<\/title>\n<meta name=\"robots\" content=\"index, follow, max-snippet:-1, max-image-preview:large, max-video-preview:-1\" \/>\n<link rel=\"canonical\" href=\"https:\/\/miumjau.ee\/fi\/tuote\/koiran-leikkiaita-kokoontaitettava-raskas-m\/\" \/>\n<meta property=\"og:locale\" content=\"fi_FI\" \/>\n<meta property=\"og:type\" content=\"article\" \/>\n<meta property=\"og:title\" content=\"Koiran leikkiaita, kokoontaitettava, raskas, M - MiuMjau\" \/>\n<meta property=\"og:description\" content=\"Koiran leikkiaita kynnysosalla tarjoaa koirallesi turvallisen ja vakaana pysyv\u00e4n tilan. Se on valmistettu vahvistetusta, raskaasta pulverimaalatusta ter\u00e4ksest\u00e4, mik\u00e4 takaa erinomaisen kest\u00e4vyyden ja vakauden \u2013 my\u00f6s energisemmille koirille. Kynnyksell\u00e4 varustettu portti est\u00e4\u00e4 pentuja ja pieni\u00e4 koiria poistumasta aidasta itsen\u00e4isesti, mutta omistajalle se tarjoaa helpon p\u00e4\u00e4syn. Kokoaminen on nopeaa ja helppoa \u2013 paneelit yhdistet\u00e4\u00e4n mukana toimitettavilla nastoilla, mik\u00e4 tekee kokoamisesta ja purkamisesta vaivatonta. Raskas rakenne on muodonmuutos- ja korroosionkest\u00e4v\u00e4, joten se sopii sek\u00e4 sis\u00e4- ett\u00e4 ulkok\u00e4ytt\u00f6\u00f6n. K\u00e4yt\u00e4nn\u00f6llinen ja pitk\u00e4ik\u00e4inen ratkaisu koiranomistajille ja kasvattajille. Koko: MPaneelin mitat: 77 \u00d7 81 cmPaneelien m\u00e4\u00e4r\u00e4: 8 kplMateriaali: Pulverimaalattu ter\u00e4sV\u00e4ri: MustaKokoaminen: Nastat mukana Edut: Vahvistettu ja kest\u00e4v\u00e4 muotoilu, kynnyksellinen portti, ruostumattomat paneelit, sopii sis\u00e4- ja ulkok\u00e4ytt\u00f6\u00f6n, helppo kokoaminen, kompakti s\u00e4ilytys Tarkoitus: Leikkiaita keskikokoisille koiraroduille\" \/>\n<meta property=\"og:url\" content=\"https:\/\/miumjau.ee\/fi\/tuote\/koiran-leikkiaita-kokoontaitettava-raskas-m\/\" \/>\n<meta property=\"og:site_name\" content=\"MiuMjau\" \/>\n<meta property=\"article:publisher\" content=\"https:\/\/www.facebook.com\/miumjaupood\/\" \/>\n<meta property=\"article:modified_time\" content=\"2026-01-07T20:48:06+00:00\" \/>\n<meta property=\"og:image\" content=\"https:\/\/miumjau.ee\/wp-content\/uploads\/2025\/09\/koerte-manguaedik-k920-M5-Photoroom.jpg\" \/>\n\t<meta property=\"og:image:width\" content=\"600\" \/>\n\t<meta property=\"og:image:height\" content=\"800\" \/>\n\t<meta property=\"og:image:type\" content=\"image\/jpeg\" \/>\n<meta name=\"twitter:card\" content=\"summary_large_image\" \/>\n<script type=\"application\/ld+json\" class=\"yoast-schema-graph\">{\"@context\":\"https:\/\/schema.org\",\"@graph\":[{\"@type\":\"WebPage\",\"@id\":\"https:\/\/miumjau.ee\/fi\/tuote\/koiran-leikkiaita-kokoontaitettava-raskas-m\/\",\"url\":\"https:\/\/miumjau.ee\/fi\/tuote\/koiran-leikkiaita-kokoontaitettava-raskas-m\/\",\"name\":\"Koiran leikkiaita, kokoontaitettava, raskas, M - MiuMjau\",\"isPartOf\":{\"@id\":\"https:\/\/miumjau.ee\/#website\"},\"primaryImageOfPage\":{\"@id\":\"https:\/\/miumjau.ee\/fi\/tuote\/koiran-leikkiaita-kokoontaitettava-raskas-m\/#primaryimage\"},\"image\":{\"@id\":\"https:\/\/miumjau.ee\/fi\/tuote\/koiran-leikkiaita-kokoontaitettava-raskas-m\/#primaryimage\"},\"thumbnailUrl\":\"https:\/\/miumjau.ee\/wp-content\/uploads\/2025\/09\/koerte-manguaedik-k920-M5-Photoroom.jpg\",\"datePublished\":\"2025-09-17T07:22:34+00:00\",\"dateModified\":\"2026-01-07T20:48:06+00:00\",\"breadcrumb\":{\"@id\":\"https:\/\/miumjau.ee\/fi\/tuote\/koiran-leikkiaita-kokoontaitettava-raskas-m\/#breadcrumb\"},\"inLanguage\":\"fi\",\"potentialAction\":[{\"@type\":\"ReadAction\",\"target\":[\"https:\/\/miumjau.ee\/fi\/tuote\/koiran-leikkiaita-kokoontaitettava-raskas-m\/\"]}]},{\"@type\":\"ImageObject\",\"inLanguage\":\"fi\",\"@id\":\"https:\/\/miumjau.ee\/fi\/tuote\/koiran-leikkiaita-kokoontaitettava-raskas-m\/#primaryimage\",\"url\":\"https:\/\/miumjau.ee\/wp-content\/uploads\/2025\/09\/koerte-manguaedik-k920-M5-Photoroom.jpg\",\"contentUrl\":\"https:\/\/miumjau.ee\/wp-content\/uploads\/2025\/09\/koerte-manguaedik-k920-M5-Photoroom.jpg\",\"width\":600,\"height\":800,\"caption\":\"M\u00e4nguaedik koertele, kokkupandav, raske, M\"},{\"@type\":\"BreadcrumbList\",\"@id\":\"https:\/\/miumjau.ee\/fi\/tuote\/koiran-leikkiaita-kokoontaitettava-raskas-m\/#breadcrumb\",\"itemListElement\":[{\"@type\":\"ListItem\",\"position\":1,\"name\":\"Home\",\"item\":\"https:\/\/miumjau.ee\/fi\/\"},{\"@type\":\"ListItem\",\"position\":2,\"name\":\"Kauppa\",\"item\":\"https:\/\/miumjau.ee\/fi\/kauppa\/\"},{\"@type\":\"ListItem\",\"position\":3,\"name\":\"Koiran leikkiaita, kokoontaitettava, raskas, M\"}]},{\"@type\":\"WebSite\",\"@id\":\"https:\/\/miumjau.ee\/#website\",\"url\":\"https:\/\/miumjau.ee\/\",\"name\":\"MiuMjau\",\"description\":\"Kraapimispuud kassidele\",\"publisher\":{\"@id\":\"https:\/\/miumjau.ee\/#organization\"},\"potentialAction\":[{\"@type\":\"SearchAction\",\"target\":{\"@type\":\"EntryPoint\",\"urlTemplate\":\"https:\/\/miumjau.ee\/?s={search_term_string}\"},\"query-input\":{\"@type\":\"PropertyValueSpecification\",\"valueRequired\":true,\"valueName\":\"search_term_string\"}}],\"inLanguage\":\"fi\"},{\"@type\":\"Organization\",\"@id\":\"https:\/\/miumjau.ee\/#organization\",\"name\":\"MiuMjau O\u00dc\",\"url\":\"https:\/\/miumjau.ee\/\",\"logo\":{\"@type\":\"ImageObject\",\"inLanguage\":\"fi\",\"@id\":\"https:\/\/miumjau.ee\/#\/schema\/logo\/image\/\",\"url\":\"https:\/\/miumjau.ee\/wp-content\/uploads\/2022\/04\/MiuMjau-logo-kollane.png\",\"contentUrl\":\"https:\/\/miumjau.ee\/wp-content\/uploads\/2022\/04\/MiuMjau-logo-kollane.png\",\"width\":219,\"height\":100,\"caption\":\"MiuMjau O\u00dc\"},\"image\":{\"@id\":\"https:\/\/miumjau.ee\/#\/schema\/logo\/image\/\"},\"sameAs\":[\"https:\/\/www.facebook.com\/miumjaupood\/\"]}]}<\/script>\n<!-- \/ Yoast SEO plugin. -->","yoast_head_json":{"title":"Koiran leikkiaita, kokoontaitettava, raskas, M - MiuMjau","robots":{"index":"index","follow":"follow","max-snippet":"max-snippet:-1","max-image-preview":"max-image-preview:large","max-video-preview":"max-video-preview:-1"},"canonical":"https:\/\/miumjau.ee\/fi\/tuote\/koiran-leikkiaita-kokoontaitettava-raskas-m\/","og_locale":"fi_FI","og_type":"article","og_title":"Koiran leikkiaita, kokoontaitettava, raskas, M - MiuMjau","og_description":"Koiran leikkiaita kynnysosalla tarjoaa koirallesi turvallisen ja vakaana pysyv\u00e4n tilan. Se on valmistettu vahvistetusta, raskaasta pulverimaalatusta ter\u00e4ksest\u00e4, mik\u00e4 takaa erinomaisen kest\u00e4vyyden ja vakauden \u2013 my\u00f6s energisemmille koirille. Kynnyksell\u00e4 varustettu portti est\u00e4\u00e4 pentuja ja pieni\u00e4 koiria poistumasta aidasta itsen\u00e4isesti, mutta omistajalle se tarjoaa helpon p\u00e4\u00e4syn. Kokoaminen on nopeaa ja helppoa \u2013 paneelit yhdistet\u00e4\u00e4n mukana toimitettavilla nastoilla, mik\u00e4 tekee kokoamisesta ja purkamisesta vaivatonta. Raskas rakenne on muodonmuutos- ja korroosionkest\u00e4v\u00e4, joten se sopii sek\u00e4 sis\u00e4- ett\u00e4 ulkok\u00e4ytt\u00f6\u00f6n. K\u00e4yt\u00e4nn\u00f6llinen ja pitk\u00e4ik\u00e4inen ratkaisu koiranomistajille ja kasvattajille. Koko: MPaneelin mitat: 77 \u00d7 81 cmPaneelien m\u00e4\u00e4r\u00e4: 8 kplMateriaali: Pulverimaalattu ter\u00e4sV\u00e4ri: MustaKokoaminen: Nastat mukana Edut: Vahvistettu ja kest\u00e4v\u00e4 muotoilu, kynnyksellinen portti, ruostumattomat paneelit, sopii sis\u00e4- ja ulkok\u00e4ytt\u00f6\u00f6n, helppo kokoaminen, kompakti s\u00e4ilytys Tarkoitus: Leikkiaita keskikokoisille koiraroduille","og_url":"https:\/\/miumjau.ee\/fi\/tuote\/koiran-leikkiaita-kokoontaitettava-raskas-m\/","og_site_name":"MiuMjau","article_publisher":"https:\/\/www.facebook.com\/miumjaupood\/","article_modified_time":"2026-01-07T20:48:06+00:00","og_image":[{"width":600,"height":800,"url":"https:\/\/miumjau.ee\/wp-content\/uploads\/2025\/09\/koerte-manguaedik-k920-M5-Photoroom.jpg","type":"image\/jpeg"}],"twitter_card":"summary_large_image","schema":{"@context":"https:\/\/schema.org","@graph":[{"@type":"WebPage","@id":"https:\/\/miumjau.ee\/fi\/tuote\/koiran-leikkiaita-kokoontaitettava-raskas-m\/","url":"https:\/\/miumjau.ee\/fi\/tuote\/koiran-leikkiaita-kokoontaitettava-raskas-m\/","name":"Koiran leikkiaita, kokoontaitettava, raskas, M - MiuMjau","isPartOf":{"@id":"https:\/\/miumjau.ee\/#website"},"primaryImageOfPage":{"@id":"https:\/\/miumjau.ee\/fi\/tuote\/koiran-leikkiaita-kokoontaitettava-raskas-m\/#primaryimage"},"image":{"@id":"https:\/\/miumjau.ee\/fi\/tuote\/koiran-leikkiaita-kokoontaitettava-raskas-m\/#primaryimage"},"thumbnailUrl":"https:\/\/miumjau.ee\/wp-content\/uploads\/2025\/09\/koerte-manguaedik-k920-M5-Photoroom.jpg","datePublished":"2025-09-17T07:22:34+00:00","dateModified":"2026-01-07T20:48:06+00:00","breadcrumb":{"@id":"https:\/\/miumjau.ee\/fi\/tuote\/koiran-leikkiaita-kokoontaitettava-raskas-m\/#breadcrumb"},"inLanguage":"fi","potentialAction":[{"@type":"ReadAction","target":["https:\/\/miumjau.ee\/fi\/tuote\/koiran-leikkiaita-kokoontaitettava-raskas-m\/"]}]},{"@type":"ImageObject","inLanguage":"fi","@id":"https:\/\/miumjau.ee\/fi\/tuote\/koiran-leikkiaita-kokoontaitettava-raskas-m\/#primaryimage","url":"https:\/\/miumjau.ee\/wp-content\/uploads\/2025\/09\/koerte-manguaedik-k920-M5-Photoroom.jpg","contentUrl":"https:\/\/miumjau.ee\/wp-content\/uploads\/2025\/09\/koerte-manguaedik-k920-M5-Photoroom.jpg","width":600,"height":800,"caption":"M\u00e4nguaedik koertele, kokkupandav, raske, M"},{"@type":"BreadcrumbList","@id":"https:\/\/miumjau.ee\/fi\/tuote\/koiran-leikkiaita-kokoontaitettava-raskas-m\/#breadcrumb","itemListElement":[{"@type":"ListItem","position":1,"name":"Home","item":"https:\/\/miumjau.ee\/fi\/"},{"@type":"ListItem","position":2,"name":"Kauppa","item":"https:\/\/miumjau.ee\/fi\/kauppa\/"},{"@type":"ListItem","position":3,"name":"Koiran leikkiaita, kokoontaitettava, raskas, M"}]},{"@type":"WebSite","@id":"https:\/\/miumjau.ee\/#website","url":"https:\/\/miumjau.ee\/","name":"MiuMjau","description":"Kraapimispuud kassidele","publisher":{"@id":"https:\/\/miumjau.ee\/#organization"},"potentialAction":[{"@type":"SearchAction","target":{"@type":"EntryPoint","urlTemplate":"https:\/\/miumjau.ee\/?s={search_term_string}"},"query-input":{"@type":"PropertyValueSpecification","valueRequired":true,"valueName":"search_term_string"}}],"inLanguage":"fi"},{"@type":"Organization","@id":"https:\/\/miumjau.ee\/#organization","name":"MiuMjau O\u00dc","url":"https:\/\/miumjau.ee\/","logo":{"@type":"ImageObject","inLanguage":"fi","@id":"https:\/\/miumjau.ee\/#\/schema\/logo\/image\/","url":"https:\/\/miumjau.ee\/wp-content\/uploads\/2022\/04\/MiuMjau-logo-kollane.png","contentUrl":"https:\/\/miumjau.ee\/wp-content\/uploads\/2022\/04\/MiuMjau-logo-kollane.png","width":219,"height":100,"caption":"MiuMjau O\u00dc"},"image":{"@id":"https:\/\/miumjau.ee\/#\/schema\/logo\/image\/"},"sameAs":["https:\/\/www.facebook.com\/miumjaupood\/"]}]}},"_links":{"self":[{"href":"https:\/\/miumjau.ee\/fi\/wp-json\/wp\/v2\/product\/42443","targetHints":{"allow":["GET"]}}],"collection":[{"href":"https:\/\/miumjau.ee\/fi\/wp-json\/wp\/v2\/product"}],"about":[{"href":"https:\/\/miumjau.ee\/fi\/wp-json\/wp\/v2\/types\/product"}],"wp:featuredmedia":[{"embeddable":true,"href":"https:\/\/miumjau.ee\/fi\/wp-json\/wp\/v2\/media\/39673"}],"wp:attachment":[{"href":"https:\/\/miumjau.ee\/fi\/wp-json\/wp\/v2\/media?parent=42443"}],"wp:term":[{"taxonomy":"product_brand","embeddable":true,"href":"https:\/\/miumjau.ee\/fi\/wp-json\/wp\/v2\/product_brand?post=42443"},{"taxonomy":"product_cat","embeddable":true,"href":"https:\/\/miumjau.ee\/fi\/wp-json\/wp\/v2\/product_cat?post=42443"},{"taxonomy":"product_tag","embeddable":true,"href":"https:\/\/miumjau.ee\/fi\/wp-json\/wp\/v2\/product_tag?post=42443"}],"curies":[{"name":"wp","href":"https:\/\/api.w.org\/{rel}","templated":true}]}}