{"id":42441,"date":"2025-09-17T10:20:50","date_gmt":"2025-09-17T07:20:50","guid":{"rendered":"https:\/\/miumjau.ee\/toode\/koiran-leikkiaita-kokoontaitettava-raskas-l\/"},"modified":"2026-01-07T22:48:06","modified_gmt":"2026-01-07T20:48:06","slug":"koiran-leikkiaita-kokoontaitettava-raskas-l","status":"publish","type":"product","link":"https:\/\/miumjau.ee\/fi\/tuote\/koiran-leikkiaita-kokoontaitettava-raskas-l\/","title":{"rendered":"Koiran leikkiaita, kokoontaitettava, raskas, L"},"content":{"rendered":"","protected":false},"excerpt":{"rendered":"<p data-start=\"1259\" data-end=\"1500\">Koiran leikkiaita kynnysosalla tarjoaa koirallesi turvallisen ja vakaana pysyv\u00e4n tilan. Se on valmistettu vahvistetusta, raskaasta pulverimaalatusta ter\u00e4ksest\u00e4, mik\u00e4 takaa erinomaisen kest\u00e4vyyden ja vakauden \u2013 my\u00f6s energisemmille koirille.<\/p>\n<p data-start=\"1502\" data-end=\"1783\">Kynnyksell\u00e4 varustettu portti est\u00e4\u00e4 pentuja ja pieni\u00e4 koiria poistumasta aidasta itsen\u00e4isesti, mutta omistajalle se tarjoaa helpon p\u00e4\u00e4syn. Kokoaminen on nopeaa ja helppoa \u2013 paneelit yhdistet\u00e4\u00e4n mukana toimitettavilla nastoilla, mik\u00e4 tekee kokoamisesta ja purkamisesta vaivatonta.<\/p>\n<p data-start=\"1785\" data-end=\"1961\">Raskas rakenne on muodonmuutos- ja korroosionkest\u00e4v\u00e4, joten se sopii sek\u00e4 sis\u00e4- ett\u00e4 ulkok\u00e4ytt\u00f6\u00f6n. K\u00e4yt\u00e4nn\u00f6llinen ja pitk\u00e4ik\u00e4inen ratkaisu koiranomistajille ja kasvattajille.<\/p>\n<p data-start=\"1963\" data-end=\"2129\"><strong data-start=\"1963\" data-end=\"1972\">Koko:<\/strong> L<br data-start=\"1974\" data-end=\"1977\" \/><strong data-start=\"1977\" data-end=\"1996\">Paneelin mitat:<\/strong> 77 \u00d7 101 cm<br data-start=\"2008\" data-end=\"2011\" \/><strong data-start=\"2011\" data-end=\"2031\">Paneelien m\u00e4\u00e4r\u00e4:<\/strong> 8 kpl<br data-start=\"2037\" data-end=\"2040\" \/><strong data-start=\"2040\" data-end=\"2055\">Materiaali:<\/strong> Pulverimaalattu ter\u00e4s<br data-start=\"2077\" data-end=\"2080\" \/><strong data-start=\"2080\" data-end=\"2089\">V\u00e4ri:<\/strong> Musta<br data-start=\"2095\" data-end=\"2098\" \/><strong data-start=\"2098\" data-end=\"2113\">Kokoaminen:<\/strong> Nastat mukana<\/p>\n<p data-start=\"2131\" data-end=\"2309\"><strong data-start=\"2131\" data-end=\"2140\">Edut:<\/strong> Vahvistettu ja kest\u00e4v\u00e4 muotoilu, kynnyksellinen portti, ruostumattomat paneelit, nopea kokoaminen nastoilla, sis\u00e4- ja ulkok\u00e4ytt\u00f6\u00f6n sopiva, helppo taittaa ja s\u00e4ilytt\u00e4\u00e4<\/p>\n<p data-start=\"2311\" data-end=\"2378\" data-is-last-node=\"\" data-is-only-node=\"\"><strong data-start=\"2311\" data-end=\"2325\">Tarkoitus:<\/strong> Leikkiaita keskikokoisille ja suurille koiraroduille<\/p>\n","protected":false},"featured_media":39689,"template":"","meta":[],"product_brand":[],"product_cat":[482],"product_tag":[],"class_list":{"0":"post-42441","1":"product","2":"type-product","3":"status-publish","4":"has-post-thumbnail","6":"product_cat-hakit-kantolaukut","7":"product_shipping_class-pakiautomaati-sobimatu-fi","9":"first","10":"outofstock","11":"sale","12":"taxable","13":"shipping-taxable","14":"purchasable","15":"product-type-simple"},"yoast_head":"<!-- This site is optimized with the Yoast SEO plugin v27.2 - https:\/\/yoast.com\/product\/yoast-seo-wordpress\/ -->\n<title>Koiran leikkiaita, kokoontaitettava, raskas, L - MiuMjau<\/title>\n<meta name=\"robots\" content=\"index, follow, max-snippet:-1, max-image-preview:large, max-video-preview:-1\" \/>\n<link rel=\"canonical\" href=\"https:\/\/miumjau.ee\/fi\/tuote\/koiran-leikkiaita-kokoontaitettava-raskas-l\/\" \/>\n<meta property=\"og:locale\" content=\"fi_FI\" \/>\n<meta property=\"og:type\" content=\"article\" \/>\n<meta property=\"og:title\" content=\"Koiran leikkiaita, kokoontaitettava, raskas, L - MiuMjau\" \/>\n<meta property=\"og:description\" content=\"Koiran leikkiaita kynnysosalla tarjoaa koirallesi turvallisen ja vakaana pysyv\u00e4n tilan. Se on valmistettu vahvistetusta, raskaasta pulverimaalatusta ter\u00e4ksest\u00e4, mik\u00e4 takaa erinomaisen kest\u00e4vyyden ja vakauden \u2013 my\u00f6s energisemmille koirille. Kynnyksell\u00e4 varustettu portti est\u00e4\u00e4 pentuja ja pieni\u00e4 koiria poistumasta aidasta itsen\u00e4isesti, mutta omistajalle se tarjoaa helpon p\u00e4\u00e4syn. Kokoaminen on nopeaa ja helppoa \u2013 paneelit yhdistet\u00e4\u00e4n mukana toimitettavilla nastoilla, mik\u00e4 tekee kokoamisesta ja purkamisesta vaivatonta. Raskas rakenne on muodonmuutos- ja korroosionkest\u00e4v\u00e4, joten se sopii sek\u00e4 sis\u00e4- ett\u00e4 ulkok\u00e4ytt\u00f6\u00f6n. K\u00e4yt\u00e4nn\u00f6llinen ja pitk\u00e4ik\u00e4inen ratkaisu koiranomistajille ja kasvattajille. Koko: LPaneelin mitat: 77 \u00d7 101 cmPaneelien m\u00e4\u00e4r\u00e4: 8 kplMateriaali: Pulverimaalattu ter\u00e4sV\u00e4ri: MustaKokoaminen: Nastat mukana Edut: Vahvistettu ja kest\u00e4v\u00e4 muotoilu, kynnyksellinen portti, ruostumattomat paneelit, nopea kokoaminen nastoilla, sis\u00e4- ja ulkok\u00e4ytt\u00f6\u00f6n sopiva, helppo taittaa ja s\u00e4ilytt\u00e4\u00e4 Tarkoitus: Leikkiaita keskikokoisille ja suurille koiraroduille\" \/>\n<meta property=\"og:url\" content=\"https:\/\/miumjau.ee\/fi\/tuote\/koiran-leikkiaita-kokoontaitettava-raskas-l\/\" \/>\n<meta property=\"og:site_name\" content=\"MiuMjau\" \/>\n<meta property=\"article:publisher\" content=\"https:\/\/www.facebook.com\/miumjaupood\/\" \/>\n<meta property=\"article:modified_time\" content=\"2026-01-07T20:48:06+00:00\" \/>\n<meta property=\"og:image\" content=\"https:\/\/miumjau.ee\/wp-content\/uploads\/2025\/09\/koerte-manguaedik-k921-L4-Photoroom.jpg\" \/>\n\t<meta property=\"og:image:width\" content=\"600\" \/>\n\t<meta property=\"og:image:height\" content=\"800\" \/>\n\t<meta property=\"og:image:type\" content=\"image\/jpeg\" \/>\n<meta name=\"twitter:card\" content=\"summary_large_image\" \/>\n<script type=\"application\/ld+json\" class=\"yoast-schema-graph\">{\"@context\":\"https:\/\/schema.org\",\"@graph\":[{\"@type\":\"WebPage\",\"@id\":\"https:\/\/miumjau.ee\/fi\/tuote\/koiran-leikkiaita-kokoontaitettava-raskas-l\/\",\"url\":\"https:\/\/miumjau.ee\/fi\/tuote\/koiran-leikkiaita-kokoontaitettava-raskas-l\/\",\"name\":\"Koiran leikkiaita, kokoontaitettava, raskas, L - MiuMjau\",\"isPartOf\":{\"@id\":\"https:\/\/miumjau.ee\/#website\"},\"primaryImageOfPage\":{\"@id\":\"https:\/\/miumjau.ee\/fi\/tuote\/koiran-leikkiaita-kokoontaitettava-raskas-l\/#primaryimage\"},\"image\":{\"@id\":\"https:\/\/miumjau.ee\/fi\/tuote\/koiran-leikkiaita-kokoontaitettava-raskas-l\/#primaryimage\"},\"thumbnailUrl\":\"https:\/\/miumjau.ee\/wp-content\/uploads\/2025\/09\/koerte-manguaedik-k921-L4-Photoroom.jpg\",\"datePublished\":\"2025-09-17T07:20:50+00:00\",\"dateModified\":\"2026-01-07T20:48:06+00:00\",\"breadcrumb\":{\"@id\":\"https:\/\/miumjau.ee\/fi\/tuote\/koiran-leikkiaita-kokoontaitettava-raskas-l\/#breadcrumb\"},\"inLanguage\":\"fi\",\"potentialAction\":[{\"@type\":\"ReadAction\",\"target\":[\"https:\/\/miumjau.ee\/fi\/tuote\/koiran-leikkiaita-kokoontaitettava-raskas-l\/\"]}]},{\"@type\":\"ImageObject\",\"inLanguage\":\"fi\",\"@id\":\"https:\/\/miumjau.ee\/fi\/tuote\/koiran-leikkiaita-kokoontaitettava-raskas-l\/#primaryimage\",\"url\":\"https:\/\/miumjau.ee\/wp-content\/uploads\/2025\/09\/koerte-manguaedik-k921-L4-Photoroom.jpg\",\"contentUrl\":\"https:\/\/miumjau.ee\/wp-content\/uploads\/2025\/09\/koerte-manguaedik-k921-L4-Photoroom.jpg\",\"width\":600,\"height\":800,\"caption\":\"M\u00e4nguaedik koertele, kokkupandav, raske, L\"},{\"@type\":\"BreadcrumbList\",\"@id\":\"https:\/\/miumjau.ee\/fi\/tuote\/koiran-leikkiaita-kokoontaitettava-raskas-l\/#breadcrumb\",\"itemListElement\":[{\"@type\":\"ListItem\",\"position\":1,\"name\":\"Home\",\"item\":\"https:\/\/miumjau.ee\/fi\/\"},{\"@type\":\"ListItem\",\"position\":2,\"name\":\"Kauppa\",\"item\":\"https:\/\/miumjau.ee\/fi\/kauppa\/\"},{\"@type\":\"ListItem\",\"position\":3,\"name\":\"Koiran leikkiaita, kokoontaitettava, raskas, L\"}]},{\"@type\":\"WebSite\",\"@id\":\"https:\/\/miumjau.ee\/#website\",\"url\":\"https:\/\/miumjau.ee\/\",\"name\":\"MiuMjau\",\"description\":\"Kraapimispuud kassidele\",\"publisher\":{\"@id\":\"https:\/\/miumjau.ee\/#organization\"},\"potentialAction\":[{\"@type\":\"SearchAction\",\"target\":{\"@type\":\"EntryPoint\",\"urlTemplate\":\"https:\/\/miumjau.ee\/?s={search_term_string}\"},\"query-input\":{\"@type\":\"PropertyValueSpecification\",\"valueRequired\":true,\"valueName\":\"search_term_string\"}}],\"inLanguage\":\"fi\"},{\"@type\":\"Organization\",\"@id\":\"https:\/\/miumjau.ee\/#organization\",\"name\":\"MiuMjau O\u00dc\",\"url\":\"https:\/\/miumjau.ee\/\",\"logo\":{\"@type\":\"ImageObject\",\"inLanguage\":\"fi\",\"@id\":\"https:\/\/miumjau.ee\/#\/schema\/logo\/image\/\",\"url\":\"https:\/\/miumjau.ee\/wp-content\/uploads\/2022\/04\/MiuMjau-logo-kollane.png\",\"contentUrl\":\"https:\/\/miumjau.ee\/wp-content\/uploads\/2022\/04\/MiuMjau-logo-kollane.png\",\"width\":219,\"height\":100,\"caption\":\"MiuMjau O\u00dc\"},\"image\":{\"@id\":\"https:\/\/miumjau.ee\/#\/schema\/logo\/image\/\"},\"sameAs\":[\"https:\/\/www.facebook.com\/miumjaupood\/\"]}]}<\/script>\n<!-- \/ Yoast SEO plugin. -->","yoast_head_json":{"title":"Koiran leikkiaita, kokoontaitettava, raskas, L - MiuMjau","robots":{"index":"index","follow":"follow","max-snippet":"max-snippet:-1","max-image-preview":"max-image-preview:large","max-video-preview":"max-video-preview:-1"},"canonical":"https:\/\/miumjau.ee\/fi\/tuote\/koiran-leikkiaita-kokoontaitettava-raskas-l\/","og_locale":"fi_FI","og_type":"article","og_title":"Koiran leikkiaita, kokoontaitettava, raskas, L - MiuMjau","og_description":"Koiran leikkiaita kynnysosalla tarjoaa koirallesi turvallisen ja vakaana pysyv\u00e4n tilan. Se on valmistettu vahvistetusta, raskaasta pulverimaalatusta ter\u00e4ksest\u00e4, mik\u00e4 takaa erinomaisen kest\u00e4vyyden ja vakauden \u2013 my\u00f6s energisemmille koirille. Kynnyksell\u00e4 varustettu portti est\u00e4\u00e4 pentuja ja pieni\u00e4 koiria poistumasta aidasta itsen\u00e4isesti, mutta omistajalle se tarjoaa helpon p\u00e4\u00e4syn. Kokoaminen on nopeaa ja helppoa \u2013 paneelit yhdistet\u00e4\u00e4n mukana toimitettavilla nastoilla, mik\u00e4 tekee kokoamisesta ja purkamisesta vaivatonta. Raskas rakenne on muodonmuutos- ja korroosionkest\u00e4v\u00e4, joten se sopii sek\u00e4 sis\u00e4- ett\u00e4 ulkok\u00e4ytt\u00f6\u00f6n. K\u00e4yt\u00e4nn\u00f6llinen ja pitk\u00e4ik\u00e4inen ratkaisu koiranomistajille ja kasvattajille. Koko: LPaneelin mitat: 77 \u00d7 101 cmPaneelien m\u00e4\u00e4r\u00e4: 8 kplMateriaali: Pulverimaalattu ter\u00e4sV\u00e4ri: MustaKokoaminen: Nastat mukana Edut: Vahvistettu ja kest\u00e4v\u00e4 muotoilu, kynnyksellinen portti, ruostumattomat paneelit, nopea kokoaminen nastoilla, sis\u00e4- ja ulkok\u00e4ytt\u00f6\u00f6n sopiva, helppo taittaa ja s\u00e4ilytt\u00e4\u00e4 Tarkoitus: Leikkiaita keskikokoisille ja suurille koiraroduille","og_url":"https:\/\/miumjau.ee\/fi\/tuote\/koiran-leikkiaita-kokoontaitettava-raskas-l\/","og_site_name":"MiuMjau","article_publisher":"https:\/\/www.facebook.com\/miumjaupood\/","article_modified_time":"2026-01-07T20:48:06+00:00","og_image":[{"width":600,"height":800,"url":"https:\/\/miumjau.ee\/wp-content\/uploads\/2025\/09\/koerte-manguaedik-k921-L4-Photoroom.jpg","type":"image\/jpeg"}],"twitter_card":"summary_large_image","schema":{"@context":"https:\/\/schema.org","@graph":[{"@type":"WebPage","@id":"https:\/\/miumjau.ee\/fi\/tuote\/koiran-leikkiaita-kokoontaitettava-raskas-l\/","url":"https:\/\/miumjau.ee\/fi\/tuote\/koiran-leikkiaita-kokoontaitettava-raskas-l\/","name":"Koiran leikkiaita, kokoontaitettava, raskas, L - MiuMjau","isPartOf":{"@id":"https:\/\/miumjau.ee\/#website"},"primaryImageOfPage":{"@id":"https:\/\/miumjau.ee\/fi\/tuote\/koiran-leikkiaita-kokoontaitettava-raskas-l\/#primaryimage"},"image":{"@id":"https:\/\/miumjau.ee\/fi\/tuote\/koiran-leikkiaita-kokoontaitettava-raskas-l\/#primaryimage"},"thumbnailUrl":"https:\/\/miumjau.ee\/wp-content\/uploads\/2025\/09\/koerte-manguaedik-k921-L4-Photoroom.jpg","datePublished":"2025-09-17T07:20:50+00:00","dateModified":"2026-01-07T20:48:06+00:00","breadcrumb":{"@id":"https:\/\/miumjau.ee\/fi\/tuote\/koiran-leikkiaita-kokoontaitettava-raskas-l\/#breadcrumb"},"inLanguage":"fi","potentialAction":[{"@type":"ReadAction","target":["https:\/\/miumjau.ee\/fi\/tuote\/koiran-leikkiaita-kokoontaitettava-raskas-l\/"]}]},{"@type":"ImageObject","inLanguage":"fi","@id":"https:\/\/miumjau.ee\/fi\/tuote\/koiran-leikkiaita-kokoontaitettava-raskas-l\/#primaryimage","url":"https:\/\/miumjau.ee\/wp-content\/uploads\/2025\/09\/koerte-manguaedik-k921-L4-Photoroom.jpg","contentUrl":"https:\/\/miumjau.ee\/wp-content\/uploads\/2025\/09\/koerte-manguaedik-k921-L4-Photoroom.jpg","width":600,"height":800,"caption":"M\u00e4nguaedik koertele, kokkupandav, raske, L"},{"@type":"BreadcrumbList","@id":"https:\/\/miumjau.ee\/fi\/tuote\/koiran-leikkiaita-kokoontaitettava-raskas-l\/#breadcrumb","itemListElement":[{"@type":"ListItem","position":1,"name":"Home","item":"https:\/\/miumjau.ee\/fi\/"},{"@type":"ListItem","position":2,"name":"Kauppa","item":"https:\/\/miumjau.ee\/fi\/kauppa\/"},{"@type":"ListItem","position":3,"name":"Koiran leikkiaita, kokoontaitettava, raskas, L"}]},{"@type":"WebSite","@id":"https:\/\/miumjau.ee\/#website","url":"https:\/\/miumjau.ee\/","name":"MiuMjau","description":"Kraapimispuud kassidele","publisher":{"@id":"https:\/\/miumjau.ee\/#organization"},"potentialAction":[{"@type":"SearchAction","target":{"@type":"EntryPoint","urlTemplate":"https:\/\/miumjau.ee\/?s={search_term_string}"},"query-input":{"@type":"PropertyValueSpecification","valueRequired":true,"valueName":"search_term_string"}}],"inLanguage":"fi"},{"@type":"Organization","@id":"https:\/\/miumjau.ee\/#organization","name":"MiuMjau O\u00dc","url":"https:\/\/miumjau.ee\/","logo":{"@type":"ImageObject","inLanguage":"fi","@id":"https:\/\/miumjau.ee\/#\/schema\/logo\/image\/","url":"https:\/\/miumjau.ee\/wp-content\/uploads\/2022\/04\/MiuMjau-logo-kollane.png","contentUrl":"https:\/\/miumjau.ee\/wp-content\/uploads\/2022\/04\/MiuMjau-logo-kollane.png","width":219,"height":100,"caption":"MiuMjau O\u00dc"},"image":{"@id":"https:\/\/miumjau.ee\/#\/schema\/logo\/image\/"},"sameAs":["https:\/\/www.facebook.com\/miumjaupood\/"]}]}},"_links":{"self":[{"href":"https:\/\/miumjau.ee\/fi\/wp-json\/wp\/v2\/product\/42441","targetHints":{"allow":["GET"]}}],"collection":[{"href":"https:\/\/miumjau.ee\/fi\/wp-json\/wp\/v2\/product"}],"about":[{"href":"https:\/\/miumjau.ee\/fi\/wp-json\/wp\/v2\/types\/product"}],"wp:featuredmedia":[{"embeddable":true,"href":"https:\/\/miumjau.ee\/fi\/wp-json\/wp\/v2\/media\/39689"}],"wp:attachment":[{"href":"https:\/\/miumjau.ee\/fi\/wp-json\/wp\/v2\/media?parent=42441"}],"wp:term":[{"taxonomy":"product_brand","embeddable":true,"href":"https:\/\/miumjau.ee\/fi\/wp-json\/wp\/v2\/product_brand?post=42441"},{"taxonomy":"product_cat","embeddable":true,"href":"https:\/\/miumjau.ee\/fi\/wp-json\/wp\/v2\/product_cat?post=42441"},{"taxonomy":"product_tag","embeddable":true,"href":"https:\/\/miumjau.ee\/fi\/wp-json\/wp\/v2\/product_tag?post=42441"}],"curies":[{"name":"wp","href":"https:\/\/api.w.org\/{rel}","templated":true}]}}