{"id":42433,"date":"2025-09-17T11:43:22","date_gmt":"2025-09-17T08:43:22","guid":{"rendered":"https:\/\/miumjau.ee\/toode\/doggy-m-kuljetuskoppa-vihrea\/"},"modified":"2026-01-07T22:48:06","modified_gmt":"2026-01-07T20:48:06","slug":"doggy-m-kuljetuskoppa-vihrea","status":"publish","type":"product","link":"https:\/\/miumjau.ee\/fi\/tuote\/doggy-m-kuljetuskoppa-vihrea\/","title":{"rendered":"Doggy M kuljetuskoppa, vihre\u00e4"},"content":{"rendered":"","protected":false},"excerpt":{"rendered":"<p data-start=\"703\" data-end=\"900\">T\u00e4m\u00e4 kuljetuskoppa sopii erinomaisesti keskikokoisten koirien ja kissojen kuljettamiseen, tarjoten turvallisen ja mukavan tavan matkustaa lemmikkien kanssa autolla tai julkisilla kulkuv\u00e4lineill\u00e4.<\/p>\n<p data-start=\"902\" data-end=\"1034\">Varustettu k\u00e4tev\u00e4ll\u00e4 kahvalla. Kopan molemmilla sivuilla olevat aukot takaavat ilmankierron ja mahdollistavat lemmikin tarkkailun.<\/p>\n<p data-start=\"1036\" data-end=\"1158\">Vahvat metalliovet ja turvavy\u00f6n kiinnitys ovat erinomaisia apuv\u00e4lineit\u00e4 auton matkustuksen aikana, jotta koppa ei liiku.<\/p>\n<p data-start=\"1160\" data-end=\"1226\">Rakenteensa ansiosta kuljetuskoppa on kevyt ja helppo puhdistaa.<\/p>\n<p data-start=\"1228\" data-end=\"1254\" data-is-last-node=\"\" data-is-only-node=\"\"><strong data-start=\"1228\" data-end=\"1238\">Mitat:<\/strong> 57 x 38 x 34 cm<\/p>\n","protected":false},"featured_media":39645,"template":"","meta":[],"product_brand":[],"product_cat":[482],"product_tag":[],"class_list":{"0":"post-42433","1":"product","2":"type-product","3":"status-publish","4":"has-post-thumbnail","6":"product_cat-hakit-kantolaukut","7":"product_shipping_class-pakiautomaati-sobimatu-fi","9":"first","10":"instock","11":"taxable","12":"shipping-taxable","13":"purchasable","14":"product-type-simple"},"yoast_head":"<!-- This site is optimized with the Yoast SEO plugin v27.2 - https:\/\/yoast.com\/product\/yoast-seo-wordpress\/ -->\n<title>Doggy M kuljetuskoppa, vihre\u00e4 - MiuMjau<\/title>\n<meta name=\"robots\" content=\"index, follow, max-snippet:-1, max-image-preview:large, max-video-preview:-1\" \/>\n<link rel=\"canonical\" href=\"https:\/\/miumjau.ee\/fi\/tuote\/doggy-m-kuljetuskoppa-vihrea\/\" \/>\n<meta property=\"og:locale\" content=\"fi_FI\" \/>\n<meta property=\"og:type\" content=\"article\" \/>\n<meta property=\"og:title\" content=\"Doggy M kuljetuskoppa, vihre\u00e4 - MiuMjau\" \/>\n<meta property=\"og:description\" content=\"T\u00e4m\u00e4 kuljetuskoppa sopii erinomaisesti keskikokoisten koirien ja kissojen kuljettamiseen, tarjoten turvallisen ja mukavan tavan matkustaa lemmikkien kanssa autolla tai julkisilla kulkuv\u00e4lineill\u00e4. Varustettu k\u00e4tev\u00e4ll\u00e4 kahvalla. Kopan molemmilla sivuilla olevat aukot takaavat ilmankierron ja mahdollistavat lemmikin tarkkailun. Vahvat metalliovet ja turvavy\u00f6n kiinnitys ovat erinomaisia apuv\u00e4lineit\u00e4 auton matkustuksen aikana, jotta koppa ei liiku. Rakenteensa ansiosta kuljetuskoppa on kevyt ja helppo puhdistaa. Mitat: 57 x 38 x 34 cm\" \/>\n<meta property=\"og:url\" content=\"https:\/\/miumjau.ee\/fi\/tuote\/doggy-m-kuljetuskoppa-vihrea\/\" \/>\n<meta property=\"og:site_name\" content=\"MiuMjau\" \/>\n<meta property=\"article:publisher\" content=\"https:\/\/www.facebook.com\/miumjaupood\/\" \/>\n<meta property=\"article:modified_time\" content=\"2026-01-07T20:48:06+00:00\" \/>\n<meta property=\"og:image\" content=\"https:\/\/miumjau.ee\/wp-content\/uploads\/2025\/09\/koera-kandepuur-m-doggy.jpg\" \/>\n\t<meta property=\"og:image:width\" content=\"600\" \/>\n\t<meta property=\"og:image:height\" content=\"800\" \/>\n\t<meta property=\"og:image:type\" content=\"image\/jpeg\" \/>\n<meta name=\"twitter:card\" content=\"summary_large_image\" \/>\n<script type=\"application\/ld+json\" class=\"yoast-schema-graph\">{\"@context\":\"https:\/\/schema.org\",\"@graph\":[{\"@type\":\"WebPage\",\"@id\":\"https:\/\/miumjau.ee\/fi\/tuote\/doggy-m-kuljetuskoppa-vihrea\/\",\"url\":\"https:\/\/miumjau.ee\/fi\/tuote\/doggy-m-kuljetuskoppa-vihrea\/\",\"name\":\"Doggy M kuljetuskoppa, vihre\u00e4 - MiuMjau\",\"isPartOf\":{\"@id\":\"https:\/\/miumjau.ee\/#website\"},\"primaryImageOfPage\":{\"@id\":\"https:\/\/miumjau.ee\/fi\/tuote\/doggy-m-kuljetuskoppa-vihrea\/#primaryimage\"},\"image\":{\"@id\":\"https:\/\/miumjau.ee\/fi\/tuote\/doggy-m-kuljetuskoppa-vihrea\/#primaryimage\"},\"thumbnailUrl\":\"https:\/\/miumjau.ee\/wp-content\/uploads\/2025\/09\/koera-kandepuur-m-doggy.jpg\",\"datePublished\":\"2025-09-17T08:43:22+00:00\",\"dateModified\":\"2026-01-07T20:48:06+00:00\",\"breadcrumb\":{\"@id\":\"https:\/\/miumjau.ee\/fi\/tuote\/doggy-m-kuljetuskoppa-vihrea\/#breadcrumb\"},\"inLanguage\":\"fi\",\"potentialAction\":[{\"@type\":\"ReadAction\",\"target\":[\"https:\/\/miumjau.ee\/fi\/tuote\/doggy-m-kuljetuskoppa-vihrea\/\"]}]},{\"@type\":\"ImageObject\",\"inLanguage\":\"fi\",\"@id\":\"https:\/\/miumjau.ee\/fi\/tuote\/doggy-m-kuljetuskoppa-vihrea\/#primaryimage\",\"url\":\"https:\/\/miumjau.ee\/wp-content\/uploads\/2025\/09\/koera-kandepuur-m-doggy.jpg\",\"contentUrl\":\"https:\/\/miumjau.ee\/wp-content\/uploads\/2025\/09\/koera-kandepuur-m-doggy.jpg\",\"width\":600,\"height\":800,\"caption\":\"Koera kandepuur Doggy M, roheline\"},{\"@type\":\"BreadcrumbList\",\"@id\":\"https:\/\/miumjau.ee\/fi\/tuote\/doggy-m-kuljetuskoppa-vihrea\/#breadcrumb\",\"itemListElement\":[{\"@type\":\"ListItem\",\"position\":1,\"name\":\"Home\",\"item\":\"https:\/\/miumjau.ee\/fi\/\"},{\"@type\":\"ListItem\",\"position\":2,\"name\":\"Kauppa\",\"item\":\"https:\/\/miumjau.ee\/fi\/kauppa\/\"},{\"@type\":\"ListItem\",\"position\":3,\"name\":\"Doggy M kuljetuskoppa, vihre\u00e4\"}]},{\"@type\":\"WebSite\",\"@id\":\"https:\/\/miumjau.ee\/#website\",\"url\":\"https:\/\/miumjau.ee\/\",\"name\":\"MiuMjau\",\"description\":\"Kraapimispuud kassidele\",\"publisher\":{\"@id\":\"https:\/\/miumjau.ee\/#organization\"},\"potentialAction\":[{\"@type\":\"SearchAction\",\"target\":{\"@type\":\"EntryPoint\",\"urlTemplate\":\"https:\/\/miumjau.ee\/?s={search_term_string}\"},\"query-input\":{\"@type\":\"PropertyValueSpecification\",\"valueRequired\":true,\"valueName\":\"search_term_string\"}}],\"inLanguage\":\"fi\"},{\"@type\":\"Organization\",\"@id\":\"https:\/\/miumjau.ee\/#organization\",\"name\":\"MiuMjau O\u00dc\",\"url\":\"https:\/\/miumjau.ee\/\",\"logo\":{\"@type\":\"ImageObject\",\"inLanguage\":\"fi\",\"@id\":\"https:\/\/miumjau.ee\/#\/schema\/logo\/image\/\",\"url\":\"https:\/\/miumjau.ee\/wp-content\/uploads\/2022\/04\/MiuMjau-logo-kollane.png\",\"contentUrl\":\"https:\/\/miumjau.ee\/wp-content\/uploads\/2022\/04\/MiuMjau-logo-kollane.png\",\"width\":219,\"height\":100,\"caption\":\"MiuMjau O\u00dc\"},\"image\":{\"@id\":\"https:\/\/miumjau.ee\/#\/schema\/logo\/image\/\"},\"sameAs\":[\"https:\/\/www.facebook.com\/miumjaupood\/\"]}]}<\/script>\n<!-- \/ Yoast SEO plugin. -->","yoast_head_json":{"title":"Doggy M kuljetuskoppa, vihre\u00e4 - MiuMjau","robots":{"index":"index","follow":"follow","max-snippet":"max-snippet:-1","max-image-preview":"max-image-preview:large","max-video-preview":"max-video-preview:-1"},"canonical":"https:\/\/miumjau.ee\/fi\/tuote\/doggy-m-kuljetuskoppa-vihrea\/","og_locale":"fi_FI","og_type":"article","og_title":"Doggy M kuljetuskoppa, vihre\u00e4 - MiuMjau","og_description":"T\u00e4m\u00e4 kuljetuskoppa sopii erinomaisesti keskikokoisten koirien ja kissojen kuljettamiseen, tarjoten turvallisen ja mukavan tavan matkustaa lemmikkien kanssa autolla tai julkisilla kulkuv\u00e4lineill\u00e4. Varustettu k\u00e4tev\u00e4ll\u00e4 kahvalla. Kopan molemmilla sivuilla olevat aukot takaavat ilmankierron ja mahdollistavat lemmikin tarkkailun. Vahvat metalliovet ja turvavy\u00f6n kiinnitys ovat erinomaisia apuv\u00e4lineit\u00e4 auton matkustuksen aikana, jotta koppa ei liiku. Rakenteensa ansiosta kuljetuskoppa on kevyt ja helppo puhdistaa. Mitat: 57 x 38 x 34 cm","og_url":"https:\/\/miumjau.ee\/fi\/tuote\/doggy-m-kuljetuskoppa-vihrea\/","og_site_name":"MiuMjau","article_publisher":"https:\/\/www.facebook.com\/miumjaupood\/","article_modified_time":"2026-01-07T20:48:06+00:00","og_image":[{"width":600,"height":800,"url":"https:\/\/miumjau.ee\/wp-content\/uploads\/2025\/09\/koera-kandepuur-m-doggy.jpg","type":"image\/jpeg"}],"twitter_card":"summary_large_image","schema":{"@context":"https:\/\/schema.org","@graph":[{"@type":"WebPage","@id":"https:\/\/miumjau.ee\/fi\/tuote\/doggy-m-kuljetuskoppa-vihrea\/","url":"https:\/\/miumjau.ee\/fi\/tuote\/doggy-m-kuljetuskoppa-vihrea\/","name":"Doggy M kuljetuskoppa, vihre\u00e4 - MiuMjau","isPartOf":{"@id":"https:\/\/miumjau.ee\/#website"},"primaryImageOfPage":{"@id":"https:\/\/miumjau.ee\/fi\/tuote\/doggy-m-kuljetuskoppa-vihrea\/#primaryimage"},"image":{"@id":"https:\/\/miumjau.ee\/fi\/tuote\/doggy-m-kuljetuskoppa-vihrea\/#primaryimage"},"thumbnailUrl":"https:\/\/miumjau.ee\/wp-content\/uploads\/2025\/09\/koera-kandepuur-m-doggy.jpg","datePublished":"2025-09-17T08:43:22+00:00","dateModified":"2026-01-07T20:48:06+00:00","breadcrumb":{"@id":"https:\/\/miumjau.ee\/fi\/tuote\/doggy-m-kuljetuskoppa-vihrea\/#breadcrumb"},"inLanguage":"fi","potentialAction":[{"@type":"ReadAction","target":["https:\/\/miumjau.ee\/fi\/tuote\/doggy-m-kuljetuskoppa-vihrea\/"]}]},{"@type":"ImageObject","inLanguage":"fi","@id":"https:\/\/miumjau.ee\/fi\/tuote\/doggy-m-kuljetuskoppa-vihrea\/#primaryimage","url":"https:\/\/miumjau.ee\/wp-content\/uploads\/2025\/09\/koera-kandepuur-m-doggy.jpg","contentUrl":"https:\/\/miumjau.ee\/wp-content\/uploads\/2025\/09\/koera-kandepuur-m-doggy.jpg","width":600,"height":800,"caption":"Koera kandepuur Doggy M, roheline"},{"@type":"BreadcrumbList","@id":"https:\/\/miumjau.ee\/fi\/tuote\/doggy-m-kuljetuskoppa-vihrea\/#breadcrumb","itemListElement":[{"@type":"ListItem","position":1,"name":"Home","item":"https:\/\/miumjau.ee\/fi\/"},{"@type":"ListItem","position":2,"name":"Kauppa","item":"https:\/\/miumjau.ee\/fi\/kauppa\/"},{"@type":"ListItem","position":3,"name":"Doggy M kuljetuskoppa, vihre\u00e4"}]},{"@type":"WebSite","@id":"https:\/\/miumjau.ee\/#website","url":"https:\/\/miumjau.ee\/","name":"MiuMjau","description":"Kraapimispuud kassidele","publisher":{"@id":"https:\/\/miumjau.ee\/#organization"},"potentialAction":[{"@type":"SearchAction","target":{"@type":"EntryPoint","urlTemplate":"https:\/\/miumjau.ee\/?s={search_term_string}"},"query-input":{"@type":"PropertyValueSpecification","valueRequired":true,"valueName":"search_term_string"}}],"inLanguage":"fi"},{"@type":"Organization","@id":"https:\/\/miumjau.ee\/#organization","name":"MiuMjau O\u00dc","url":"https:\/\/miumjau.ee\/","logo":{"@type":"ImageObject","inLanguage":"fi","@id":"https:\/\/miumjau.ee\/#\/schema\/logo\/image\/","url":"https:\/\/miumjau.ee\/wp-content\/uploads\/2022\/04\/MiuMjau-logo-kollane.png","contentUrl":"https:\/\/miumjau.ee\/wp-content\/uploads\/2022\/04\/MiuMjau-logo-kollane.png","width":219,"height":100,"caption":"MiuMjau O\u00dc"},"image":{"@id":"https:\/\/miumjau.ee\/#\/schema\/logo\/image\/"},"sameAs":["https:\/\/www.facebook.com\/miumjaupood\/"]}]}},"_links":{"self":[{"href":"https:\/\/miumjau.ee\/fi\/wp-json\/wp\/v2\/product\/42433","targetHints":{"allow":["GET"]}}],"collection":[{"href":"https:\/\/miumjau.ee\/fi\/wp-json\/wp\/v2\/product"}],"about":[{"href":"https:\/\/miumjau.ee\/fi\/wp-json\/wp\/v2\/types\/product"}],"wp:featuredmedia":[{"embeddable":true,"href":"https:\/\/miumjau.ee\/fi\/wp-json\/wp\/v2\/media\/39645"}],"wp:attachment":[{"href":"https:\/\/miumjau.ee\/fi\/wp-json\/wp\/v2\/media?parent=42433"}],"wp:term":[{"taxonomy":"product_brand","embeddable":true,"href":"https:\/\/miumjau.ee\/fi\/wp-json\/wp\/v2\/product_brand?post=42433"},{"taxonomy":"product_cat","embeddable":true,"href":"https:\/\/miumjau.ee\/fi\/wp-json\/wp\/v2\/product_cat?post=42433"},{"taxonomy":"product_tag","embeddable":true,"href":"https:\/\/miumjau.ee\/fi\/wp-json\/wp\/v2\/product_tag?post=42433"}],"curies":[{"name":"wp","href":"https:\/\/api.w.org\/{rel}","templated":true}]}}