{"id":42370,"date":"2025-09-18T19:27:20","date_gmt":"2025-09-18T16:27:20","guid":{"rendered":"https:\/\/miumjau.ee\/toode\/fish4cats-finest-sailyke-tonnikala-anjovis-10x70-g\/"},"modified":"2026-01-07T22:48:28","modified_gmt":"2026-01-07T20:48:28","slug":"fish4cats-finest-sailyke-tonnikala-anjovis-10x70-g","status":"publish","type":"product","link":"https:\/\/miumjau.ee\/fi\/tuote\/fish4cats-finest-sailyke-tonnikala-anjovis-10x70-g\/","title":{"rendered":"Fish4Cats Finest S\u00e4ilyke tonnikala \/ anjovis 10\u00d770 g"},"content":{"rendered":"","protected":false},"excerpt":{"rendered":"<p data-start=\"1029\" data-end=\"1124\">Esittelemme Fish4Catsin herkullisen, kalanmakuista <strong data-start=\"1080\" data-end=\"1121\">Finest m\u00e4rk\u00e4ruokavalikoiman kissoille<\/strong>.<\/p>\n<p data-start=\"1126\" data-end=\"1226\">Erilaisilla mauilla ja ylellisill\u00e4 raaka-aineilla, riitt\u00e4\u00e4 houkuttelemaan jopa vaativimman kissan.<\/p>\n<p data-start=\"1228\" data-end=\"1436\">Kissat rakastavat kalan makua \u2013 ja koska kala on rikasta omega-3-rasvahappoja ja korkealaatuista, helposti sulavaa proteiinia, se tekee aterioista terveellisi\u00e4 ja herkullisia \u2013 ja he rakastavat sinua siit\u00e4.<\/p>\n<p data-start=\"1438\" data-end=\"1624\">Eritt\u00e4in korkean kalapitoisuutensa ansiosta Fish4Cats m\u00e4rk\u00e4ruoka tarjoaa ruokavalion, joka heijastaa kissojen luonnollista ravintoa, tehden siit\u00e4 terveellisimman tavan ruokkia kissoja.<\/p>\n<p data-start=\"1626\" data-end=\"1705\"><strong data-start=\"1626\" data-end=\"1703\">Erityisen herkulliset merenel\u00e4v\u00e4t s\u00e4ilykkeet kissoille, t\u00e4ydent\u00e4v\u00e4 ruoka.<\/strong><\/p>\n<p data-start=\"1707\" data-end=\"1779\"><strong data-start=\"1707\" data-end=\"1721\">Ainesosat:<\/strong> Kalaliemi 25 %, tonnikala 65 %, anjovis 5 %, riisi 5 %.<\/p>\n<p data-start=\"1781\" data-end=\"1907\"><strong data-start=\"1781\" data-end=\"1808\">Analyyttiset ainesosat:<\/strong> Raakaproteiini 14 %, raakakuitu 0,9 %, raak\u00f6ljyt ja -rasvat 0,1 %, raaka-aska 2 %, kosteus 83 %.<\/p>\n","protected":false},"featured_media":39849,"template":"","meta":[],"product_brand":[],"product_cat":[264],"product_tag":[],"class_list":{"0":"post-42370","1":"product","2":"type-product","3":"status-publish","4":"has-post-thumbnail","6":"product_cat-marka-ruoka","8":"first","9":"instock","10":"taxable","11":"shipping-taxable","12":"purchasable","13":"product-type-simple"},"yoast_head":"<!-- This site is optimized with the Yoast SEO plugin v27.2 - https:\/\/yoast.com\/product\/yoast-seo-wordpress\/ -->\n<title>Fish4Cats Finest S\u00e4ilyke tonnikala \/ anjovis 10\u00d770 g - MiuMjau<\/title>\n<meta name=\"robots\" content=\"index, follow, max-snippet:-1, max-image-preview:large, max-video-preview:-1\" \/>\n<link rel=\"canonical\" href=\"https:\/\/miumjau.ee\/fi\/tuote\/fish4cats-finest-sailyke-tonnikala-anjovis-10x70-g\/\" \/>\n<meta property=\"og:locale\" content=\"fi_FI\" \/>\n<meta property=\"og:type\" content=\"article\" \/>\n<meta property=\"og:title\" content=\"Fish4Cats Finest S\u00e4ilyke tonnikala \/ anjovis 10\u00d770 g - MiuMjau\" \/>\n<meta property=\"og:description\" content=\"Esittelemme Fish4Catsin herkullisen, kalanmakuista Finest m\u00e4rk\u00e4ruokavalikoiman kissoille. Erilaisilla mauilla ja ylellisill\u00e4 raaka-aineilla, riitt\u00e4\u00e4 houkuttelemaan jopa vaativimman kissan. Kissat rakastavat kalan makua \u2013 ja koska kala on rikasta omega-3-rasvahappoja ja korkealaatuista, helposti sulavaa proteiinia, se tekee aterioista terveellisi\u00e4 ja herkullisia \u2013 ja he rakastavat sinua siit\u00e4. Eritt\u00e4in korkean kalapitoisuutensa ansiosta Fish4Cats m\u00e4rk\u00e4ruoka tarjoaa ruokavalion, joka heijastaa kissojen luonnollista ravintoa, tehden siit\u00e4 terveellisimman tavan ruokkia kissoja. Erityisen herkulliset merenel\u00e4v\u00e4t s\u00e4ilykkeet kissoille, t\u00e4ydent\u00e4v\u00e4 ruoka. Ainesosat: Kalaliemi 25 %, tonnikala 65 %, anjovis 5 %, riisi 5 %. Analyyttiset ainesosat: Raakaproteiini 14 %, raakakuitu 0,9 %, raak\u00f6ljyt ja -rasvat 0,1 %, raaka-aska 2 %, kosteus 83 %.\" \/>\n<meta property=\"og:url\" content=\"https:\/\/miumjau.ee\/fi\/tuote\/fish4cats-finest-sailyke-tonnikala-anjovis-10x70-g\/\" \/>\n<meta property=\"og:site_name\" content=\"MiuMjau\" \/>\n<meta property=\"article:publisher\" content=\"https:\/\/www.facebook.com\/miumjaupood\/\" \/>\n<meta property=\"article:modified_time\" content=\"2026-01-07T20:48:28+00:00\" \/>\n<meta property=\"og:image\" content=\"https:\/\/miumjau.ee\/wp-content\/uploads\/2025\/09\/fish4cats-filee-kassidele-10pakk5.jpg\" \/>\n\t<meta property=\"og:image:width\" content=\"600\" \/>\n\t<meta property=\"og:image:height\" content=\"800\" \/>\n\t<meta property=\"og:image:type\" content=\"image\/jpeg\" \/>\n<meta name=\"twitter:card\" content=\"summary_large_image\" \/>\n<script type=\"application\/ld+json\" class=\"yoast-schema-graph\">{\"@context\":\"https:\/\/schema.org\",\"@graph\":[{\"@type\":\"WebPage\",\"@id\":\"https:\/\/miumjau.ee\/fi\/tuote\/fish4cats-finest-sailyke-tonnikala-anjovis-10x70-g\/\",\"url\":\"https:\/\/miumjau.ee\/fi\/tuote\/fish4cats-finest-sailyke-tonnikala-anjovis-10x70-g\/\",\"name\":\"Fish4Cats Finest S\u00e4ilyke tonnikala \/ anjovis 10\u00d770 g - MiuMjau\",\"isPartOf\":{\"@id\":\"https:\/\/miumjau.ee\/#website\"},\"primaryImageOfPage\":{\"@id\":\"https:\/\/miumjau.ee\/fi\/tuote\/fish4cats-finest-sailyke-tonnikala-anjovis-10x70-g\/#primaryimage\"},\"image\":{\"@id\":\"https:\/\/miumjau.ee\/fi\/tuote\/fish4cats-finest-sailyke-tonnikala-anjovis-10x70-g\/#primaryimage\"},\"thumbnailUrl\":\"https:\/\/miumjau.ee\/wp-content\/uploads\/2025\/09\/fish4cats-filee-kassidele-10pakk5.jpg\",\"datePublished\":\"2025-09-18T16:27:20+00:00\",\"dateModified\":\"2026-01-07T20:48:28+00:00\",\"breadcrumb\":{\"@id\":\"https:\/\/miumjau.ee\/fi\/tuote\/fish4cats-finest-sailyke-tonnikala-anjovis-10x70-g\/#breadcrumb\"},\"inLanguage\":\"fi\",\"potentialAction\":[{\"@type\":\"ReadAction\",\"target\":[\"https:\/\/miumjau.ee\/fi\/tuote\/fish4cats-finest-sailyke-tonnikala-anjovis-10x70-g\/\"]}]},{\"@type\":\"ImageObject\",\"inLanguage\":\"fi\",\"@id\":\"https:\/\/miumjau.ee\/fi\/tuote\/fish4cats-finest-sailyke-tonnikala-anjovis-10x70-g\/#primaryimage\",\"url\":\"https:\/\/miumjau.ee\/wp-content\/uploads\/2025\/09\/fish4cats-filee-kassidele-10pakk5.jpg\",\"contentUrl\":\"https:\/\/miumjau.ee\/wp-content\/uploads\/2025\/09\/fish4cats-filee-kassidele-10pakk5.jpg\",\"width\":600,\"height\":800,\"caption\":\"Fish4Cats Finest konserv tuunikala \/ an\u0161oovis 10x70g\"},{\"@type\":\"BreadcrumbList\",\"@id\":\"https:\/\/miumjau.ee\/fi\/tuote\/fish4cats-finest-sailyke-tonnikala-anjovis-10x70-g\/#breadcrumb\",\"itemListElement\":[{\"@type\":\"ListItem\",\"position\":1,\"name\":\"Home\",\"item\":\"https:\/\/miumjau.ee\/fi\/\"},{\"@type\":\"ListItem\",\"position\":2,\"name\":\"Kauppa\",\"item\":\"https:\/\/miumjau.ee\/fi\/kauppa\/\"},{\"@type\":\"ListItem\",\"position\":3,\"name\":\"Fish4Cats Finest S\u00e4ilyke tonnikala \/ anjovis 10\u00d770 g\"}]},{\"@type\":\"WebSite\",\"@id\":\"https:\/\/miumjau.ee\/#website\",\"url\":\"https:\/\/miumjau.ee\/\",\"name\":\"MiuMjau\",\"description\":\"Kraapimispuud kassidele\",\"publisher\":{\"@id\":\"https:\/\/miumjau.ee\/#organization\"},\"potentialAction\":[{\"@type\":\"SearchAction\",\"target\":{\"@type\":\"EntryPoint\",\"urlTemplate\":\"https:\/\/miumjau.ee\/?s={search_term_string}\"},\"query-input\":{\"@type\":\"PropertyValueSpecification\",\"valueRequired\":true,\"valueName\":\"search_term_string\"}}],\"inLanguage\":\"fi\"},{\"@type\":\"Organization\",\"@id\":\"https:\/\/miumjau.ee\/#organization\",\"name\":\"MiuMjau O\u00dc\",\"url\":\"https:\/\/miumjau.ee\/\",\"logo\":{\"@type\":\"ImageObject\",\"inLanguage\":\"fi\",\"@id\":\"https:\/\/miumjau.ee\/#\/schema\/logo\/image\/\",\"url\":\"https:\/\/miumjau.ee\/wp-content\/uploads\/2022\/04\/MiuMjau-logo-kollane.png\",\"contentUrl\":\"https:\/\/miumjau.ee\/wp-content\/uploads\/2022\/04\/MiuMjau-logo-kollane.png\",\"width\":219,\"height\":100,\"caption\":\"MiuMjau O\u00dc\"},\"image\":{\"@id\":\"https:\/\/miumjau.ee\/#\/schema\/logo\/image\/\"},\"sameAs\":[\"https:\/\/www.facebook.com\/miumjaupood\/\"]}]}<\/script>\n<!-- \/ Yoast SEO plugin. -->","yoast_head_json":{"title":"Fish4Cats Finest S\u00e4ilyke tonnikala \/ anjovis 10\u00d770 g - MiuMjau","robots":{"index":"index","follow":"follow","max-snippet":"max-snippet:-1","max-image-preview":"max-image-preview:large","max-video-preview":"max-video-preview:-1"},"canonical":"https:\/\/miumjau.ee\/fi\/tuote\/fish4cats-finest-sailyke-tonnikala-anjovis-10x70-g\/","og_locale":"fi_FI","og_type":"article","og_title":"Fish4Cats Finest S\u00e4ilyke tonnikala \/ anjovis 10\u00d770 g - MiuMjau","og_description":"Esittelemme Fish4Catsin herkullisen, kalanmakuista Finest m\u00e4rk\u00e4ruokavalikoiman kissoille. Erilaisilla mauilla ja ylellisill\u00e4 raaka-aineilla, riitt\u00e4\u00e4 houkuttelemaan jopa vaativimman kissan. Kissat rakastavat kalan makua \u2013 ja koska kala on rikasta omega-3-rasvahappoja ja korkealaatuista, helposti sulavaa proteiinia, se tekee aterioista terveellisi\u00e4 ja herkullisia \u2013 ja he rakastavat sinua siit\u00e4. Eritt\u00e4in korkean kalapitoisuutensa ansiosta Fish4Cats m\u00e4rk\u00e4ruoka tarjoaa ruokavalion, joka heijastaa kissojen luonnollista ravintoa, tehden siit\u00e4 terveellisimman tavan ruokkia kissoja. Erityisen herkulliset merenel\u00e4v\u00e4t s\u00e4ilykkeet kissoille, t\u00e4ydent\u00e4v\u00e4 ruoka. Ainesosat: Kalaliemi 25 %, tonnikala 65 %, anjovis 5 %, riisi 5 %. Analyyttiset ainesosat: Raakaproteiini 14 %, raakakuitu 0,9 %, raak\u00f6ljyt ja -rasvat 0,1 %, raaka-aska 2 %, kosteus 83 %.","og_url":"https:\/\/miumjau.ee\/fi\/tuote\/fish4cats-finest-sailyke-tonnikala-anjovis-10x70-g\/","og_site_name":"MiuMjau","article_publisher":"https:\/\/www.facebook.com\/miumjaupood\/","article_modified_time":"2026-01-07T20:48:28+00:00","og_image":[{"width":600,"height":800,"url":"https:\/\/miumjau.ee\/wp-content\/uploads\/2025\/09\/fish4cats-filee-kassidele-10pakk5.jpg","type":"image\/jpeg"}],"twitter_card":"summary_large_image","schema":{"@context":"https:\/\/schema.org","@graph":[{"@type":"WebPage","@id":"https:\/\/miumjau.ee\/fi\/tuote\/fish4cats-finest-sailyke-tonnikala-anjovis-10x70-g\/","url":"https:\/\/miumjau.ee\/fi\/tuote\/fish4cats-finest-sailyke-tonnikala-anjovis-10x70-g\/","name":"Fish4Cats Finest S\u00e4ilyke tonnikala \/ anjovis 10\u00d770 g - MiuMjau","isPartOf":{"@id":"https:\/\/miumjau.ee\/#website"},"primaryImageOfPage":{"@id":"https:\/\/miumjau.ee\/fi\/tuote\/fish4cats-finest-sailyke-tonnikala-anjovis-10x70-g\/#primaryimage"},"image":{"@id":"https:\/\/miumjau.ee\/fi\/tuote\/fish4cats-finest-sailyke-tonnikala-anjovis-10x70-g\/#primaryimage"},"thumbnailUrl":"https:\/\/miumjau.ee\/wp-content\/uploads\/2025\/09\/fish4cats-filee-kassidele-10pakk5.jpg","datePublished":"2025-09-18T16:27:20+00:00","dateModified":"2026-01-07T20:48:28+00:00","breadcrumb":{"@id":"https:\/\/miumjau.ee\/fi\/tuote\/fish4cats-finest-sailyke-tonnikala-anjovis-10x70-g\/#breadcrumb"},"inLanguage":"fi","potentialAction":[{"@type":"ReadAction","target":["https:\/\/miumjau.ee\/fi\/tuote\/fish4cats-finest-sailyke-tonnikala-anjovis-10x70-g\/"]}]},{"@type":"ImageObject","inLanguage":"fi","@id":"https:\/\/miumjau.ee\/fi\/tuote\/fish4cats-finest-sailyke-tonnikala-anjovis-10x70-g\/#primaryimage","url":"https:\/\/miumjau.ee\/wp-content\/uploads\/2025\/09\/fish4cats-filee-kassidele-10pakk5.jpg","contentUrl":"https:\/\/miumjau.ee\/wp-content\/uploads\/2025\/09\/fish4cats-filee-kassidele-10pakk5.jpg","width":600,"height":800,"caption":"Fish4Cats Finest konserv tuunikala \/ an\u0161oovis 10x70g"},{"@type":"BreadcrumbList","@id":"https:\/\/miumjau.ee\/fi\/tuote\/fish4cats-finest-sailyke-tonnikala-anjovis-10x70-g\/#breadcrumb","itemListElement":[{"@type":"ListItem","position":1,"name":"Home","item":"https:\/\/miumjau.ee\/fi\/"},{"@type":"ListItem","position":2,"name":"Kauppa","item":"https:\/\/miumjau.ee\/fi\/kauppa\/"},{"@type":"ListItem","position":3,"name":"Fish4Cats Finest S\u00e4ilyke tonnikala \/ anjovis 10\u00d770 g"}]},{"@type":"WebSite","@id":"https:\/\/miumjau.ee\/#website","url":"https:\/\/miumjau.ee\/","name":"MiuMjau","description":"Kraapimispuud kassidele","publisher":{"@id":"https:\/\/miumjau.ee\/#organization"},"potentialAction":[{"@type":"SearchAction","target":{"@type":"EntryPoint","urlTemplate":"https:\/\/miumjau.ee\/?s={search_term_string}"},"query-input":{"@type":"PropertyValueSpecification","valueRequired":true,"valueName":"search_term_string"}}],"inLanguage":"fi"},{"@type":"Organization","@id":"https:\/\/miumjau.ee\/#organization","name":"MiuMjau O\u00dc","url":"https:\/\/miumjau.ee\/","logo":{"@type":"ImageObject","inLanguage":"fi","@id":"https:\/\/miumjau.ee\/#\/schema\/logo\/image\/","url":"https:\/\/miumjau.ee\/wp-content\/uploads\/2022\/04\/MiuMjau-logo-kollane.png","contentUrl":"https:\/\/miumjau.ee\/wp-content\/uploads\/2022\/04\/MiuMjau-logo-kollane.png","width":219,"height":100,"caption":"MiuMjau O\u00dc"},"image":{"@id":"https:\/\/miumjau.ee\/#\/schema\/logo\/image\/"},"sameAs":["https:\/\/www.facebook.com\/miumjaupood\/"]}]}},"_links":{"self":[{"href":"https:\/\/miumjau.ee\/fi\/wp-json\/wp\/v2\/product\/42370","targetHints":{"allow":["GET"]}}],"collection":[{"href":"https:\/\/miumjau.ee\/fi\/wp-json\/wp\/v2\/product"}],"about":[{"href":"https:\/\/miumjau.ee\/fi\/wp-json\/wp\/v2\/types\/product"}],"wp:featuredmedia":[{"embeddable":true,"href":"https:\/\/miumjau.ee\/fi\/wp-json\/wp\/v2\/media\/39849"}],"wp:attachment":[{"href":"https:\/\/miumjau.ee\/fi\/wp-json\/wp\/v2\/media?parent=42370"}],"wp:term":[{"taxonomy":"product_brand","embeddable":true,"href":"https:\/\/miumjau.ee\/fi\/wp-json\/wp\/v2\/product_brand?post=42370"},{"taxonomy":"product_cat","embeddable":true,"href":"https:\/\/miumjau.ee\/fi\/wp-json\/wp\/v2\/product_cat?post=42370"},{"taxonomy":"product_tag","embeddable":true,"href":"https:\/\/miumjau.ee\/fi\/wp-json\/wp\/v2\/product_tag?post=42370"}],"curies":[{"name":"wp","href":"https:\/\/api.w.org\/{rel}","templated":true}]}}