{"id":42357,"date":"2025-10-03T14:11:59","date_gmt":"2025-10-03T11:11:59","guid":{"rendered":"https:\/\/miumjau.ee\/toode\/uniq-pets-keitto-kana-ja-inkivaari-8x30-g\/"},"modified":"2026-01-07T22:48:28","modified_gmt":"2026-01-07T20:48:28","slug":"uniq-pets-keitto-kana-ja-inkivaari-8x30-g","status":"publish","type":"product","link":"https:\/\/miumjau.ee\/fi\/tuote\/uniq-pets-keitto-kana-ja-inkivaari-8x30-g\/","title":{"rendered":"Uniq Pets Keitto kana ja inkiv\u00e4\u00e4ri, 8\u00d730 g"},"content":{"rendered":"","protected":false},"excerpt":{"rendered":"<p data-start=\"1392\" data-end=\"1549\">UNIQ PETS -sarjan m\u00e4rk\u00e4ruoka kissoille auttaa ehk\u00e4isem\u00e4\u00e4n nestehukkaa. Riitt\u00e4v\u00e4 nesteen saanti on t\u00e4rke\u00e4\u00e4 virtsateiden ja munuaisten terveyden tukemiseksi.<\/p>\n<p data-start=\"1551\" data-end=\"2326\"><strong data-start=\"1551\" data-end=\"1568\">Ominaisuudet:<\/strong><br data-start=\"1568\" data-end=\"1571\" \/>\u2022 <strong data-start=\"1573\" data-end=\"1592\">90 % kosteutta:<\/strong> tarjoaa erinomaista nesteytyst\u00e4 munuaisten ja virtsateiden terveydelle.<br data-start=\"1664\" data-end=\"1667\" \/>\u2022 <strong data-start=\"1669\" data-end=\"1703\">Rikastettu inkiv\u00e4\u00e4rill\u00e4 (2 %):<\/strong> lis\u00e4tty tukemaan tervett\u00e4 energiatasoa, elinvoimaa ja yleist\u00e4 hyvinvointia. P\u00e4ivitt\u00e4inen hyvinvointiboosti kissallesi.<br data-start=\"1822\" data-end=\"1825\" \/>\u2022 <strong data-start=\"1827\" data-end=\"1886\">T\u00e4ydellinen v\u00e4h\u00e4energiaisille ja vanhemmille kissoille:<\/strong> erityisesti suunniteltu taistelemaan veltostumista vastaan ja tukemaan vireytt\u00e4 v\u00e4hemm\u00e4n aktiivisilla tai vanhenevilla kissoilla.<br data-start=\"2016\" data-end=\"2019\" \/>\u2022 <strong data-start=\"2021\" data-end=\"2046\">Vastustamaton keitto:<\/strong> t\u00e4ydellinen nirsoille sy\u00f6jille ja tekee aterioista j\u00e4nnitt\u00e4vi\u00e4.<br data-start=\"2110\" data-end=\"2113\" \/>\u2022 <strong data-start=\"2115\" data-end=\"2138\">Vehn\u00e4t\u00f6n ja puhdas:<\/strong> ei sis\u00e4ll\u00e4 vehn\u00e4\u00e4 eik\u00e4 keinotekoisia lis\u00e4aineita.<br data-start=\"2188\" data-end=\"2191\" \/>\u2022 <strong data-start=\"2193\" data-end=\"2215\">T\u00e4ydellinen annos:<\/strong> k\u00e4tev\u00e4 30 g pussi sopii yhdelle annokselle, varmistaen, ett\u00e4 jokainen ateria on tuore ja j\u00e4tett\u00e4 syntym\u00e4t\u00f6n.<\/p>\n<p data-start=\"2328\" data-end=\"2448\"><strong data-start=\"2328\" data-end=\"2342\">Ainesosat:<\/strong> Tuore kana 43 %, inkiv\u00e4\u00e4rijauhe 2 %, guarkumi 2 %, maissit\u00e4rkkelys 1 %, maltodekstriini 1 %, vesi 51 %.<\/p>\n<p data-start=\"2450\" data-end=\"2604\"><strong data-start=\"2450\" data-end=\"2477\">Analyyttiset ainesosat:<\/strong> Raakaproteiini \u2013 6,5 % (min), raakrasva \u2013 0,5 % (min), raakakuitu \u2013 1 % (max), raaka-aska \u2013 3 % (max), kosteus \u2013 90 % (max).<\/p>\n<p data-start=\"2606\" data-end=\"2724\"><strong data-start=\"2606\" data-end=\"2626\">Ruoan antaminen:<\/strong> Sopii yli 2 kuukauden ik\u00e4isille kissoille. Sy\u00f6t\u00e4 heti avaamisen j\u00e4lkeen kahden tunnin kuluessa.<\/p>\n","protected":false},"featured_media":40076,"template":"","meta":[],"product_brand":[],"product_cat":[264],"product_tag":[],"class_list":{"0":"post-42357","1":"product","2":"type-product","3":"status-publish","4":"has-post-thumbnail","6":"product_cat-marka-ruoka","8":"first","9":"instock","10":"taxable","11":"shipping-taxable","12":"purchasable","13":"product-type-simple"},"yoast_head":"<!-- This site is optimized with the Yoast SEO plugin v27.4 - https:\/\/yoast.com\/product\/yoast-seo-wordpress\/ -->\n<title>Uniq Pets Keitto kana ja inkiv\u00e4\u00e4ri, 8\u00d730 g - MiuMjau<\/title>\n<meta name=\"robots\" content=\"index, follow, max-snippet:-1, max-image-preview:large, max-video-preview:-1\" \/>\n<link rel=\"canonical\" href=\"https:\/\/miumjau.ee\/fi\/tuote\/uniq-pets-keitto-kana-ja-inkivaari-8x30-g\/\" \/>\n<meta property=\"og:locale\" content=\"fi_FI\" \/>\n<meta property=\"og:type\" content=\"article\" \/>\n<meta property=\"og:title\" content=\"Uniq Pets Keitto kana ja inkiv\u00e4\u00e4ri, 8\u00d730 g - MiuMjau\" \/>\n<meta property=\"og:description\" content=\"UNIQ PETS -sarjan m\u00e4rk\u00e4ruoka kissoille auttaa ehk\u00e4isem\u00e4\u00e4n nestehukkaa. Riitt\u00e4v\u00e4 nesteen saanti on t\u00e4rke\u00e4\u00e4 virtsateiden ja munuaisten terveyden tukemiseksi. Ominaisuudet:\u2022 90 % kosteutta: tarjoaa erinomaista nesteytyst\u00e4 munuaisten ja virtsateiden terveydelle.\u2022 Rikastettu inkiv\u00e4\u00e4rill\u00e4 (2 %): lis\u00e4tty tukemaan tervett\u00e4 energiatasoa, elinvoimaa ja yleist\u00e4 hyvinvointia. P\u00e4ivitt\u00e4inen hyvinvointiboosti kissallesi.\u2022 T\u00e4ydellinen v\u00e4h\u00e4energiaisille ja vanhemmille kissoille: erityisesti suunniteltu taistelemaan veltostumista vastaan ja tukemaan vireytt\u00e4 v\u00e4hemm\u00e4n aktiivisilla tai vanhenevilla kissoilla.\u2022 Vastustamaton keitto: t\u00e4ydellinen nirsoille sy\u00f6jille ja tekee aterioista j\u00e4nnitt\u00e4vi\u00e4.\u2022 Vehn\u00e4t\u00f6n ja puhdas: ei sis\u00e4ll\u00e4 vehn\u00e4\u00e4 eik\u00e4 keinotekoisia lis\u00e4aineita.\u2022 T\u00e4ydellinen annos: k\u00e4tev\u00e4 30 g pussi sopii yhdelle annokselle, varmistaen, ett\u00e4 jokainen ateria on tuore ja j\u00e4tett\u00e4 syntym\u00e4t\u00f6n. Ainesosat: Tuore kana 43 %, inkiv\u00e4\u00e4rijauhe 2 %, guarkumi 2 %, maissit\u00e4rkkelys 1 %, maltodekstriini 1 %, vesi 51 %. Analyyttiset ainesosat: Raakaproteiini \u2013 6,5 % (min), raakrasva \u2013 0,5 % (min), raakakuitu \u2013 1 % (max), raaka-aska \u2013 3 % (max), kosteus \u2013 90 % (max). Ruoan antaminen: Sopii yli 2 kuukauden ik\u00e4isille kissoille. Sy\u00f6t\u00e4 heti avaamisen j\u00e4lkeen kahden tunnin kuluessa.\" \/>\n<meta property=\"og:url\" content=\"https:\/\/miumjau.ee\/fi\/tuote\/uniq-pets-keitto-kana-ja-inkivaari-8x30-g\/\" \/>\n<meta property=\"og:site_name\" content=\"MiuMjau\" \/>\n<meta property=\"article:publisher\" content=\"https:\/\/www.facebook.com\/miumjaupood\/\" \/>\n<meta property=\"article:modified_time\" content=\"2026-01-07T20:48:28+00:00\" \/>\n<meta property=\"og:image\" content=\"https:\/\/miumjau.ee\/wp-content\/uploads\/2025\/10\/uniq-pets-kana-ingver-supp-2.jpg\" \/>\n\t<meta property=\"og:image:width\" content=\"1200\" \/>\n\t<meta property=\"og:image:height\" content=\"1600\" \/>\n\t<meta property=\"og:image:type\" content=\"image\/jpeg\" \/>\n<meta name=\"twitter:card\" content=\"summary_large_image\" \/>\n<script type=\"application\/ld+json\" class=\"yoast-schema-graph\">{\"@context\":\"https:\\\/\\\/schema.org\",\"@graph\":[{\"@type\":\"WebPage\",\"@id\":\"https:\\\/\\\/miumjau.ee\\\/fi\\\/tuote\\\/uniq-pets-keitto-kana-ja-inkivaari-8x30-g\\\/\",\"url\":\"https:\\\/\\\/miumjau.ee\\\/fi\\\/tuote\\\/uniq-pets-keitto-kana-ja-inkivaari-8x30-g\\\/\",\"name\":\"Uniq Pets Keitto kana ja inkiv\u00e4\u00e4ri, 8\u00d730 g - MiuMjau\",\"isPartOf\":{\"@id\":\"https:\\\/\\\/miumjau.ee\\\/#website\"},\"primaryImageOfPage\":{\"@id\":\"https:\\\/\\\/miumjau.ee\\\/fi\\\/tuote\\\/uniq-pets-keitto-kana-ja-inkivaari-8x30-g\\\/#primaryimage\"},\"image\":{\"@id\":\"https:\\\/\\\/miumjau.ee\\\/fi\\\/tuote\\\/uniq-pets-keitto-kana-ja-inkivaari-8x30-g\\\/#primaryimage\"},\"thumbnailUrl\":\"https:\\\/\\\/miumjau.ee\\\/wp-content\\\/uploads\\\/2025\\\/10\\\/uniq-pets-kana-ingver-supp-2.jpg\",\"datePublished\":\"2025-10-03T11:11:59+00:00\",\"dateModified\":\"2026-01-07T20:48:28+00:00\",\"breadcrumb\":{\"@id\":\"https:\\\/\\\/miumjau.ee\\\/fi\\\/tuote\\\/uniq-pets-keitto-kana-ja-inkivaari-8x30-g\\\/#breadcrumb\"},\"inLanguage\":\"fi\",\"potentialAction\":[{\"@type\":\"ReadAction\",\"target\":[\"https:\\\/\\\/miumjau.ee\\\/fi\\\/tuote\\\/uniq-pets-keitto-kana-ja-inkivaari-8x30-g\\\/\"]}]},{\"@type\":\"ImageObject\",\"inLanguage\":\"fi\",\"@id\":\"https:\\\/\\\/miumjau.ee\\\/fi\\\/tuote\\\/uniq-pets-keitto-kana-ja-inkivaari-8x30-g\\\/#primaryimage\",\"url\":\"https:\\\/\\\/miumjau.ee\\\/wp-content\\\/uploads\\\/2025\\\/10\\\/uniq-pets-kana-ingver-supp-2.jpg\",\"contentUrl\":\"https:\\\/\\\/miumjau.ee\\\/wp-content\\\/uploads\\\/2025\\\/10\\\/uniq-pets-kana-ingver-supp-2.jpg\",\"width\":1200,\"height\":1600,\"caption\":\"Uniq Pets supp kana ja ingveriga, 8x30g\"},{\"@type\":\"BreadcrumbList\",\"@id\":\"https:\\\/\\\/miumjau.ee\\\/fi\\\/tuote\\\/uniq-pets-keitto-kana-ja-inkivaari-8x30-g\\\/#breadcrumb\",\"itemListElement\":[{\"@type\":\"ListItem\",\"position\":1,\"name\":\"Home\",\"item\":\"https:\\\/\\\/miumjau.ee\\\/fi\\\/\"},{\"@type\":\"ListItem\",\"position\":2,\"name\":\"Kauppa\",\"item\":\"https:\\\/\\\/miumjau.ee\\\/fi\\\/kauppa\\\/\"},{\"@type\":\"ListItem\",\"position\":3,\"name\":\"Uniq Pets Keitto kana ja inkiv\u00e4\u00e4ri, 8\u00d730 g\"}]},{\"@type\":\"WebSite\",\"@id\":\"https:\\\/\\\/miumjau.ee\\\/#website\",\"url\":\"https:\\\/\\\/miumjau.ee\\\/\",\"name\":\"MiuMjau\",\"description\":\"Kraapimispuud kassidele\",\"publisher\":{\"@id\":\"https:\\\/\\\/miumjau.ee\\\/#organization\"},\"potentialAction\":[{\"@type\":\"SearchAction\",\"target\":{\"@type\":\"EntryPoint\",\"urlTemplate\":\"https:\\\/\\\/miumjau.ee\\\/?s={search_term_string}\"},\"query-input\":{\"@type\":\"PropertyValueSpecification\",\"valueRequired\":true,\"valueName\":\"search_term_string\"}}],\"inLanguage\":\"fi\"},{\"@type\":\"Organization\",\"@id\":\"https:\\\/\\\/miumjau.ee\\\/#organization\",\"name\":\"MiuMjau O\u00dc\",\"url\":\"https:\\\/\\\/miumjau.ee\\\/\",\"logo\":{\"@type\":\"ImageObject\",\"inLanguage\":\"fi\",\"@id\":\"https:\\\/\\\/miumjau.ee\\\/#\\\/schema\\\/logo\\\/image\\\/\",\"url\":\"https:\\\/\\\/miumjau.ee\\\/wp-content\\\/uploads\\\/2022\\\/04\\\/MiuMjau-logo-kollane.png\",\"contentUrl\":\"https:\\\/\\\/miumjau.ee\\\/wp-content\\\/uploads\\\/2022\\\/04\\\/MiuMjau-logo-kollane.png\",\"width\":219,\"height\":100,\"caption\":\"MiuMjau O\u00dc\"},\"image\":{\"@id\":\"https:\\\/\\\/miumjau.ee\\\/#\\\/schema\\\/logo\\\/image\\\/\"},\"sameAs\":[\"https:\\\/\\\/www.facebook.com\\\/miumjaupood\\\/\"]}]}<\/script>\n<!-- \/ Yoast SEO plugin. -->","yoast_head_json":{"title":"Uniq Pets Keitto kana ja inkiv\u00e4\u00e4ri, 8\u00d730 g - MiuMjau","robots":{"index":"index","follow":"follow","max-snippet":"max-snippet:-1","max-image-preview":"max-image-preview:large","max-video-preview":"max-video-preview:-1"},"canonical":"https:\/\/miumjau.ee\/fi\/tuote\/uniq-pets-keitto-kana-ja-inkivaari-8x30-g\/","og_locale":"fi_FI","og_type":"article","og_title":"Uniq Pets Keitto kana ja inkiv\u00e4\u00e4ri, 8\u00d730 g - MiuMjau","og_description":"UNIQ PETS -sarjan m\u00e4rk\u00e4ruoka kissoille auttaa ehk\u00e4isem\u00e4\u00e4n nestehukkaa. Riitt\u00e4v\u00e4 nesteen saanti on t\u00e4rke\u00e4\u00e4 virtsateiden ja munuaisten terveyden tukemiseksi. Ominaisuudet:\u2022 90 % kosteutta: tarjoaa erinomaista nesteytyst\u00e4 munuaisten ja virtsateiden terveydelle.\u2022 Rikastettu inkiv\u00e4\u00e4rill\u00e4 (2 %): lis\u00e4tty tukemaan tervett\u00e4 energiatasoa, elinvoimaa ja yleist\u00e4 hyvinvointia. P\u00e4ivitt\u00e4inen hyvinvointiboosti kissallesi.\u2022 T\u00e4ydellinen v\u00e4h\u00e4energiaisille ja vanhemmille kissoille: erityisesti suunniteltu taistelemaan veltostumista vastaan ja tukemaan vireytt\u00e4 v\u00e4hemm\u00e4n aktiivisilla tai vanhenevilla kissoilla.\u2022 Vastustamaton keitto: t\u00e4ydellinen nirsoille sy\u00f6jille ja tekee aterioista j\u00e4nnitt\u00e4vi\u00e4.\u2022 Vehn\u00e4t\u00f6n ja puhdas: ei sis\u00e4ll\u00e4 vehn\u00e4\u00e4 eik\u00e4 keinotekoisia lis\u00e4aineita.\u2022 T\u00e4ydellinen annos: k\u00e4tev\u00e4 30 g pussi sopii yhdelle annokselle, varmistaen, ett\u00e4 jokainen ateria on tuore ja j\u00e4tett\u00e4 syntym\u00e4t\u00f6n. Ainesosat: Tuore kana 43 %, inkiv\u00e4\u00e4rijauhe 2 %, guarkumi 2 %, maissit\u00e4rkkelys 1 %, maltodekstriini 1 %, vesi 51 %. Analyyttiset ainesosat: Raakaproteiini \u2013 6,5 % (min), raakrasva \u2013 0,5 % (min), raakakuitu \u2013 1 % (max), raaka-aska \u2013 3 % (max), kosteus \u2013 90 % (max). Ruoan antaminen: Sopii yli 2 kuukauden ik\u00e4isille kissoille. Sy\u00f6t\u00e4 heti avaamisen j\u00e4lkeen kahden tunnin kuluessa.","og_url":"https:\/\/miumjau.ee\/fi\/tuote\/uniq-pets-keitto-kana-ja-inkivaari-8x30-g\/","og_site_name":"MiuMjau","article_publisher":"https:\/\/www.facebook.com\/miumjaupood\/","article_modified_time":"2026-01-07T20:48:28+00:00","og_image":[{"width":1200,"height":1600,"url":"https:\/\/miumjau.ee\/wp-content\/uploads\/2025\/10\/uniq-pets-kana-ingver-supp-2.jpg","type":"image\/jpeg"}],"twitter_card":"summary_large_image","schema":{"@context":"https:\/\/schema.org","@graph":[{"@type":"WebPage","@id":"https:\/\/miumjau.ee\/fi\/tuote\/uniq-pets-keitto-kana-ja-inkivaari-8x30-g\/","url":"https:\/\/miumjau.ee\/fi\/tuote\/uniq-pets-keitto-kana-ja-inkivaari-8x30-g\/","name":"Uniq Pets Keitto kana ja inkiv\u00e4\u00e4ri, 8\u00d730 g - MiuMjau","isPartOf":{"@id":"https:\/\/miumjau.ee\/#website"},"primaryImageOfPage":{"@id":"https:\/\/miumjau.ee\/fi\/tuote\/uniq-pets-keitto-kana-ja-inkivaari-8x30-g\/#primaryimage"},"image":{"@id":"https:\/\/miumjau.ee\/fi\/tuote\/uniq-pets-keitto-kana-ja-inkivaari-8x30-g\/#primaryimage"},"thumbnailUrl":"https:\/\/miumjau.ee\/wp-content\/uploads\/2025\/10\/uniq-pets-kana-ingver-supp-2.jpg","datePublished":"2025-10-03T11:11:59+00:00","dateModified":"2026-01-07T20:48:28+00:00","breadcrumb":{"@id":"https:\/\/miumjau.ee\/fi\/tuote\/uniq-pets-keitto-kana-ja-inkivaari-8x30-g\/#breadcrumb"},"inLanguage":"fi","potentialAction":[{"@type":"ReadAction","target":["https:\/\/miumjau.ee\/fi\/tuote\/uniq-pets-keitto-kana-ja-inkivaari-8x30-g\/"]}]},{"@type":"ImageObject","inLanguage":"fi","@id":"https:\/\/miumjau.ee\/fi\/tuote\/uniq-pets-keitto-kana-ja-inkivaari-8x30-g\/#primaryimage","url":"https:\/\/miumjau.ee\/wp-content\/uploads\/2025\/10\/uniq-pets-kana-ingver-supp-2.jpg","contentUrl":"https:\/\/miumjau.ee\/wp-content\/uploads\/2025\/10\/uniq-pets-kana-ingver-supp-2.jpg","width":1200,"height":1600,"caption":"Uniq Pets supp kana ja ingveriga, 8x30g"},{"@type":"BreadcrumbList","@id":"https:\/\/miumjau.ee\/fi\/tuote\/uniq-pets-keitto-kana-ja-inkivaari-8x30-g\/#breadcrumb","itemListElement":[{"@type":"ListItem","position":1,"name":"Home","item":"https:\/\/miumjau.ee\/fi\/"},{"@type":"ListItem","position":2,"name":"Kauppa","item":"https:\/\/miumjau.ee\/fi\/kauppa\/"},{"@type":"ListItem","position":3,"name":"Uniq Pets Keitto kana ja inkiv\u00e4\u00e4ri, 8\u00d730 g"}]},{"@type":"WebSite","@id":"https:\/\/miumjau.ee\/#website","url":"https:\/\/miumjau.ee\/","name":"MiuMjau","description":"Kraapimispuud kassidele","publisher":{"@id":"https:\/\/miumjau.ee\/#organization"},"potentialAction":[{"@type":"SearchAction","target":{"@type":"EntryPoint","urlTemplate":"https:\/\/miumjau.ee\/?s={search_term_string}"},"query-input":{"@type":"PropertyValueSpecification","valueRequired":true,"valueName":"search_term_string"}}],"inLanguage":"fi"},{"@type":"Organization","@id":"https:\/\/miumjau.ee\/#organization","name":"MiuMjau O\u00dc","url":"https:\/\/miumjau.ee\/","logo":{"@type":"ImageObject","inLanguage":"fi","@id":"https:\/\/miumjau.ee\/#\/schema\/logo\/image\/","url":"https:\/\/miumjau.ee\/wp-content\/uploads\/2022\/04\/MiuMjau-logo-kollane.png","contentUrl":"https:\/\/miumjau.ee\/wp-content\/uploads\/2022\/04\/MiuMjau-logo-kollane.png","width":219,"height":100,"caption":"MiuMjau O\u00dc"},"image":{"@id":"https:\/\/miumjau.ee\/#\/schema\/logo\/image\/"},"sameAs":["https:\/\/www.facebook.com\/miumjaupood\/"]}]}},"_links":{"self":[{"href":"https:\/\/miumjau.ee\/fi\/wp-json\/wp\/v2\/product\/42357","targetHints":{"allow":["GET"]}}],"collection":[{"href":"https:\/\/miumjau.ee\/fi\/wp-json\/wp\/v2\/product"}],"about":[{"href":"https:\/\/miumjau.ee\/fi\/wp-json\/wp\/v2\/types\/product"}],"wp:featuredmedia":[{"embeddable":true,"href":"https:\/\/miumjau.ee\/fi\/wp-json\/wp\/v2\/media\/40076"}],"wp:attachment":[{"href":"https:\/\/miumjau.ee\/fi\/wp-json\/wp\/v2\/media?parent=42357"}],"wp:term":[{"taxonomy":"product_brand","embeddable":true,"href":"https:\/\/miumjau.ee\/fi\/wp-json\/wp\/v2\/product_brand?post=42357"},{"taxonomy":"product_cat","embeddable":true,"href":"https:\/\/miumjau.ee\/fi\/wp-json\/wp\/v2\/product_cat?post=42357"},{"taxonomy":"product_tag","embeddable":true,"href":"https:\/\/miumjau.ee\/fi\/wp-json\/wp\/v2\/product_tag?post=42357"}],"curies":[{"name":"wp","href":"https:\/\/api.w.org\/{rel}","templated":true}]}}