{"id":42355,"date":"2025-10-03T14:11:57","date_gmt":"2025-10-03T11:11:57","guid":{"rendered":"https:\/\/miumjau.ee\/toode\/uniq-pets-keitto-tauriinilla-kana-ja-katkaravut-8x30-g\/"},"modified":"2026-01-07T22:48:28","modified_gmt":"2026-01-07T20:48:28","slug":"uniq-pets-keitto-tauriinilla-kana-ja-katkaravut-8x30-g","status":"publish","type":"product","link":"https:\/\/miumjau.ee\/fi\/tuote\/uniq-pets-keitto-tauriinilla-kana-ja-katkaravut-8x30-g\/","title":{"rendered":"Uniq Pets Keitto tauriinilla, kana ja katkaravut, 8\u00d730 g"},"content":{"rendered":"","protected":false},"excerpt":{"rendered":"<p data-start=\"1301\" data-end=\"1458\">UNIQ PETS -sarjan m\u00e4rk\u00e4ruoka kissoille auttaa ehk\u00e4isem\u00e4\u00e4n nestehukkaa. Riitt\u00e4v\u00e4 nesteen saanti on t\u00e4rke\u00e4\u00e4 virtsateiden ja munuaisten terveyden tukemiseksi.<\/p>\n<p data-start=\"1460\" data-end=\"2052\"><strong data-start=\"1460\" data-end=\"1477\">Ominaisuudet:<\/strong><br data-start=\"1477\" data-end=\"1480\" \/>\u2022 <strong data-start=\"1482\" data-end=\"1501\">90 % kosteutta:<\/strong> tarjoaa erinomaista nesteytyst\u00e4 munuaisten ja virtsateiden terveydelle.<br data-start=\"1573\" data-end=\"1576\" \/>\u2022 <strong data-start=\"1578\" data-end=\"1603\">Vastustamaton keitto:<\/strong> t\u00e4ydellinen nirsoille sy\u00f6jille ja tekee aterioista j\u00e4nnitt\u00e4vi\u00e4.<br data-start=\"1667\" data-end=\"1670\" \/>\u2022 <strong data-start=\"1672\" data-end=\"1685\">Tauriini:<\/strong> tukee syd\u00e4nt\u00e4 ja n\u00e4k\u00f6\u00e4.<br data-start=\"1709\" data-end=\"1712\" \/>\u2022 <strong data-start=\"1714\" data-end=\"1737\">Vehn\u00e4t\u00f6n ja puhdas:<\/strong> ei sis\u00e4ll\u00e4 vehn\u00e4\u00e4 eik\u00e4 keinotekoisia lis\u00e4aineita.<br data-start=\"1787\" data-end=\"1790\" \/>\u2022 <strong data-start=\"1792\" data-end=\"1860\">Rikastettu t\u00e4rkeill\u00e4 vitamiineilla, mineraaleilla ja tauriinilla<\/strong>, jotta aikuiset kissat saavat tasapainoisen ravinnon.<br data-start=\"1914\" data-end=\"1917\" \/>\u2022 <strong data-start=\"1919\" data-end=\"1941\">T\u00e4ydellinen annos:<\/strong> k\u00e4tev\u00e4 30 g pussi sopii yhdelle annokselle, varmistaen, ett\u00e4 jokainen ateria on tuore ja j\u00e4tett\u00e4 syntym\u00e4t\u00f6n.<\/p>\n<p data-start=\"2054\" data-end=\"2188\"><strong data-start=\"2054\" data-end=\"2068\">Ainesosat:<\/strong> Tuore kana 43 %, katkaravut 3 %, guarkumi 2 %, maissit\u00e4rkkelys 1 %, maltodekstriini 1 %, tauriini 0,2 %, vesi 49,8 %.<\/p>\n<p data-start=\"2190\" data-end=\"2344\"><strong data-start=\"2190\" data-end=\"2217\">Analyyttiset ainesosat:<\/strong> Raakaproteiini \u2013 6,5 % (min), raakrasva \u2013 0,5 % (min), raakakuitu \u2013 1 % (max), raaka-aska \u2013 3 % (max), kosteus \u2013 90 % (max).<\/p>\n<p data-start=\"2346\" data-end=\"2464\"><strong data-start=\"2346\" data-end=\"2366\">Ruoan antaminen:<\/strong> Sopii yli 2 kuukauden ik\u00e4isille kissoille. Sy\u00f6t\u00e4 heti avaamisen j\u00e4lkeen kahden tunnin kuluessa.<\/p>\n","protected":false},"featured_media":40072,"template":"","meta":[],"product_brand":[],"product_cat":[264],"product_tag":[],"class_list":{"0":"post-42355","1":"product","2":"type-product","3":"status-publish","4":"has-post-thumbnail","6":"product_cat-marka-ruoka","8":"first","9":"instock","10":"sale","11":"taxable","12":"shipping-taxable","13":"purchasable","14":"product-type-simple"},"yoast_head":"<!-- This site is optimized with the Yoast SEO plugin v27.4 - https:\/\/yoast.com\/product\/yoast-seo-wordpress\/ -->\n<title>Uniq Pets Keitto tauriinilla, kana ja katkaravut, 8\u00d730 g - MiuMjau<\/title>\n<meta name=\"robots\" content=\"index, follow, max-snippet:-1, max-image-preview:large, max-video-preview:-1\" \/>\n<link rel=\"canonical\" href=\"https:\/\/miumjau.ee\/fi\/tuote\/uniq-pets-keitto-tauriinilla-kana-ja-katkaravut-8x30-g\/\" \/>\n<meta property=\"og:locale\" content=\"fi_FI\" \/>\n<meta property=\"og:type\" content=\"article\" \/>\n<meta property=\"og:title\" content=\"Uniq Pets Keitto tauriinilla, kana ja katkaravut, 8\u00d730 g - MiuMjau\" \/>\n<meta property=\"og:description\" content=\"UNIQ PETS -sarjan m\u00e4rk\u00e4ruoka kissoille auttaa ehk\u00e4isem\u00e4\u00e4n nestehukkaa. Riitt\u00e4v\u00e4 nesteen saanti on t\u00e4rke\u00e4\u00e4 virtsateiden ja munuaisten terveyden tukemiseksi. Ominaisuudet:\u2022 90 % kosteutta: tarjoaa erinomaista nesteytyst\u00e4 munuaisten ja virtsateiden terveydelle.\u2022 Vastustamaton keitto: t\u00e4ydellinen nirsoille sy\u00f6jille ja tekee aterioista j\u00e4nnitt\u00e4vi\u00e4.\u2022 Tauriini: tukee syd\u00e4nt\u00e4 ja n\u00e4k\u00f6\u00e4.\u2022 Vehn\u00e4t\u00f6n ja puhdas: ei sis\u00e4ll\u00e4 vehn\u00e4\u00e4 eik\u00e4 keinotekoisia lis\u00e4aineita.\u2022 Rikastettu t\u00e4rkeill\u00e4 vitamiineilla, mineraaleilla ja tauriinilla, jotta aikuiset kissat saavat tasapainoisen ravinnon.\u2022 T\u00e4ydellinen annos: k\u00e4tev\u00e4 30 g pussi sopii yhdelle annokselle, varmistaen, ett\u00e4 jokainen ateria on tuore ja j\u00e4tett\u00e4 syntym\u00e4t\u00f6n. Ainesosat: Tuore kana 43 %, katkaravut 3 %, guarkumi 2 %, maissit\u00e4rkkelys 1 %, maltodekstriini 1 %, tauriini 0,2 %, vesi 49,8 %. Analyyttiset ainesosat: Raakaproteiini \u2013 6,5 % (min), raakrasva \u2013 0,5 % (min), raakakuitu \u2013 1 % (max), raaka-aska \u2013 3 % (max), kosteus \u2013 90 % (max). Ruoan antaminen: Sopii yli 2 kuukauden ik\u00e4isille kissoille. Sy\u00f6t\u00e4 heti avaamisen j\u00e4lkeen kahden tunnin kuluessa.\" \/>\n<meta property=\"og:url\" content=\"https:\/\/miumjau.ee\/fi\/tuote\/uniq-pets-keitto-tauriinilla-kana-ja-katkaravut-8x30-g\/\" \/>\n<meta property=\"og:site_name\" content=\"MiuMjau\" \/>\n<meta property=\"article:publisher\" content=\"https:\/\/www.facebook.com\/miumjaupood\/\" \/>\n<meta property=\"article:modified_time\" content=\"2026-01-07T20:48:28+00:00\" \/>\n<meta property=\"og:image\" content=\"https:\/\/miumjau.ee\/wp-content\/uploads\/2025\/10\/uniq-pets-supp-kana-krevett-1.jpg\" \/>\n\t<meta property=\"og:image:width\" content=\"1200\" \/>\n\t<meta property=\"og:image:height\" content=\"1600\" \/>\n\t<meta property=\"og:image:type\" content=\"image\/jpeg\" \/>\n<meta name=\"twitter:card\" content=\"summary_large_image\" \/>\n<script type=\"application\/ld+json\" class=\"yoast-schema-graph\">{\"@context\":\"https:\\\/\\\/schema.org\",\"@graph\":[{\"@type\":\"WebPage\",\"@id\":\"https:\\\/\\\/miumjau.ee\\\/fi\\\/tuote\\\/uniq-pets-keitto-tauriinilla-kana-ja-katkaravut-8x30-g\\\/\",\"url\":\"https:\\\/\\\/miumjau.ee\\\/fi\\\/tuote\\\/uniq-pets-keitto-tauriinilla-kana-ja-katkaravut-8x30-g\\\/\",\"name\":\"Uniq Pets Keitto tauriinilla, kana ja katkaravut, 8\u00d730 g - MiuMjau\",\"isPartOf\":{\"@id\":\"https:\\\/\\\/miumjau.ee\\\/#website\"},\"primaryImageOfPage\":{\"@id\":\"https:\\\/\\\/miumjau.ee\\\/fi\\\/tuote\\\/uniq-pets-keitto-tauriinilla-kana-ja-katkaravut-8x30-g\\\/#primaryimage\"},\"image\":{\"@id\":\"https:\\\/\\\/miumjau.ee\\\/fi\\\/tuote\\\/uniq-pets-keitto-tauriinilla-kana-ja-katkaravut-8x30-g\\\/#primaryimage\"},\"thumbnailUrl\":\"https:\\\/\\\/miumjau.ee\\\/wp-content\\\/uploads\\\/2025\\\/10\\\/uniq-pets-supp-kana-krevett-1.jpg\",\"datePublished\":\"2025-10-03T11:11:57+00:00\",\"dateModified\":\"2026-01-07T20:48:28+00:00\",\"breadcrumb\":{\"@id\":\"https:\\\/\\\/miumjau.ee\\\/fi\\\/tuote\\\/uniq-pets-keitto-tauriinilla-kana-ja-katkaravut-8x30-g\\\/#breadcrumb\"},\"inLanguage\":\"fi\",\"potentialAction\":[{\"@type\":\"ReadAction\",\"target\":[\"https:\\\/\\\/miumjau.ee\\\/fi\\\/tuote\\\/uniq-pets-keitto-tauriinilla-kana-ja-katkaravut-8x30-g\\\/\"]}]},{\"@type\":\"ImageObject\",\"inLanguage\":\"fi\",\"@id\":\"https:\\\/\\\/miumjau.ee\\\/fi\\\/tuote\\\/uniq-pets-keitto-tauriinilla-kana-ja-katkaravut-8x30-g\\\/#primaryimage\",\"url\":\"https:\\\/\\\/miumjau.ee\\\/wp-content\\\/uploads\\\/2025\\\/10\\\/uniq-pets-supp-kana-krevett-1.jpg\",\"contentUrl\":\"https:\\\/\\\/miumjau.ee\\\/wp-content\\\/uploads\\\/2025\\\/10\\\/uniq-pets-supp-kana-krevett-1.jpg\",\"width\":1200,\"height\":1600,\"caption\":\"Uniq Pets supp tauriiniga, kana ja krevettidega, 8x30g\"},{\"@type\":\"BreadcrumbList\",\"@id\":\"https:\\\/\\\/miumjau.ee\\\/fi\\\/tuote\\\/uniq-pets-keitto-tauriinilla-kana-ja-katkaravut-8x30-g\\\/#breadcrumb\",\"itemListElement\":[{\"@type\":\"ListItem\",\"position\":1,\"name\":\"Home\",\"item\":\"https:\\\/\\\/miumjau.ee\\\/fi\\\/\"},{\"@type\":\"ListItem\",\"position\":2,\"name\":\"Kauppa\",\"item\":\"https:\\\/\\\/miumjau.ee\\\/fi\\\/kauppa\\\/\"},{\"@type\":\"ListItem\",\"position\":3,\"name\":\"Uniq Pets Keitto tauriinilla, kana ja katkaravut, 8\u00d730 g\"}]},{\"@type\":\"WebSite\",\"@id\":\"https:\\\/\\\/miumjau.ee\\\/#website\",\"url\":\"https:\\\/\\\/miumjau.ee\\\/\",\"name\":\"MiuMjau\",\"description\":\"Kraapimispuud kassidele\",\"publisher\":{\"@id\":\"https:\\\/\\\/miumjau.ee\\\/#organization\"},\"potentialAction\":[{\"@type\":\"SearchAction\",\"target\":{\"@type\":\"EntryPoint\",\"urlTemplate\":\"https:\\\/\\\/miumjau.ee\\\/?s={search_term_string}\"},\"query-input\":{\"@type\":\"PropertyValueSpecification\",\"valueRequired\":true,\"valueName\":\"search_term_string\"}}],\"inLanguage\":\"fi\"},{\"@type\":\"Organization\",\"@id\":\"https:\\\/\\\/miumjau.ee\\\/#organization\",\"name\":\"MiuMjau O\u00dc\",\"url\":\"https:\\\/\\\/miumjau.ee\\\/\",\"logo\":{\"@type\":\"ImageObject\",\"inLanguage\":\"fi\",\"@id\":\"https:\\\/\\\/miumjau.ee\\\/#\\\/schema\\\/logo\\\/image\\\/\",\"url\":\"https:\\\/\\\/miumjau.ee\\\/wp-content\\\/uploads\\\/2022\\\/04\\\/MiuMjau-logo-kollane.png\",\"contentUrl\":\"https:\\\/\\\/miumjau.ee\\\/wp-content\\\/uploads\\\/2022\\\/04\\\/MiuMjau-logo-kollane.png\",\"width\":219,\"height\":100,\"caption\":\"MiuMjau O\u00dc\"},\"image\":{\"@id\":\"https:\\\/\\\/miumjau.ee\\\/#\\\/schema\\\/logo\\\/image\\\/\"},\"sameAs\":[\"https:\\\/\\\/www.facebook.com\\\/miumjaupood\\\/\"]}]}<\/script>\n<!-- \/ Yoast SEO plugin. -->","yoast_head_json":{"title":"Uniq Pets Keitto tauriinilla, kana ja katkaravut, 8\u00d730 g - MiuMjau","robots":{"index":"index","follow":"follow","max-snippet":"max-snippet:-1","max-image-preview":"max-image-preview:large","max-video-preview":"max-video-preview:-1"},"canonical":"https:\/\/miumjau.ee\/fi\/tuote\/uniq-pets-keitto-tauriinilla-kana-ja-katkaravut-8x30-g\/","og_locale":"fi_FI","og_type":"article","og_title":"Uniq Pets Keitto tauriinilla, kana ja katkaravut, 8\u00d730 g - MiuMjau","og_description":"UNIQ PETS -sarjan m\u00e4rk\u00e4ruoka kissoille auttaa ehk\u00e4isem\u00e4\u00e4n nestehukkaa. Riitt\u00e4v\u00e4 nesteen saanti on t\u00e4rke\u00e4\u00e4 virtsateiden ja munuaisten terveyden tukemiseksi. Ominaisuudet:\u2022 90 % kosteutta: tarjoaa erinomaista nesteytyst\u00e4 munuaisten ja virtsateiden terveydelle.\u2022 Vastustamaton keitto: t\u00e4ydellinen nirsoille sy\u00f6jille ja tekee aterioista j\u00e4nnitt\u00e4vi\u00e4.\u2022 Tauriini: tukee syd\u00e4nt\u00e4 ja n\u00e4k\u00f6\u00e4.\u2022 Vehn\u00e4t\u00f6n ja puhdas: ei sis\u00e4ll\u00e4 vehn\u00e4\u00e4 eik\u00e4 keinotekoisia lis\u00e4aineita.\u2022 Rikastettu t\u00e4rkeill\u00e4 vitamiineilla, mineraaleilla ja tauriinilla, jotta aikuiset kissat saavat tasapainoisen ravinnon.\u2022 T\u00e4ydellinen annos: k\u00e4tev\u00e4 30 g pussi sopii yhdelle annokselle, varmistaen, ett\u00e4 jokainen ateria on tuore ja j\u00e4tett\u00e4 syntym\u00e4t\u00f6n. Ainesosat: Tuore kana 43 %, katkaravut 3 %, guarkumi 2 %, maissit\u00e4rkkelys 1 %, maltodekstriini 1 %, tauriini 0,2 %, vesi 49,8 %. Analyyttiset ainesosat: Raakaproteiini \u2013 6,5 % (min), raakrasva \u2013 0,5 % (min), raakakuitu \u2013 1 % (max), raaka-aska \u2013 3 % (max), kosteus \u2013 90 % (max). Ruoan antaminen: Sopii yli 2 kuukauden ik\u00e4isille kissoille. Sy\u00f6t\u00e4 heti avaamisen j\u00e4lkeen kahden tunnin kuluessa.","og_url":"https:\/\/miumjau.ee\/fi\/tuote\/uniq-pets-keitto-tauriinilla-kana-ja-katkaravut-8x30-g\/","og_site_name":"MiuMjau","article_publisher":"https:\/\/www.facebook.com\/miumjaupood\/","article_modified_time":"2026-01-07T20:48:28+00:00","og_image":[{"width":1200,"height":1600,"url":"https:\/\/miumjau.ee\/wp-content\/uploads\/2025\/10\/uniq-pets-supp-kana-krevett-1.jpg","type":"image\/jpeg"}],"twitter_card":"summary_large_image","schema":{"@context":"https:\/\/schema.org","@graph":[{"@type":"WebPage","@id":"https:\/\/miumjau.ee\/fi\/tuote\/uniq-pets-keitto-tauriinilla-kana-ja-katkaravut-8x30-g\/","url":"https:\/\/miumjau.ee\/fi\/tuote\/uniq-pets-keitto-tauriinilla-kana-ja-katkaravut-8x30-g\/","name":"Uniq Pets Keitto tauriinilla, kana ja katkaravut, 8\u00d730 g - MiuMjau","isPartOf":{"@id":"https:\/\/miumjau.ee\/#website"},"primaryImageOfPage":{"@id":"https:\/\/miumjau.ee\/fi\/tuote\/uniq-pets-keitto-tauriinilla-kana-ja-katkaravut-8x30-g\/#primaryimage"},"image":{"@id":"https:\/\/miumjau.ee\/fi\/tuote\/uniq-pets-keitto-tauriinilla-kana-ja-katkaravut-8x30-g\/#primaryimage"},"thumbnailUrl":"https:\/\/miumjau.ee\/wp-content\/uploads\/2025\/10\/uniq-pets-supp-kana-krevett-1.jpg","datePublished":"2025-10-03T11:11:57+00:00","dateModified":"2026-01-07T20:48:28+00:00","breadcrumb":{"@id":"https:\/\/miumjau.ee\/fi\/tuote\/uniq-pets-keitto-tauriinilla-kana-ja-katkaravut-8x30-g\/#breadcrumb"},"inLanguage":"fi","potentialAction":[{"@type":"ReadAction","target":["https:\/\/miumjau.ee\/fi\/tuote\/uniq-pets-keitto-tauriinilla-kana-ja-katkaravut-8x30-g\/"]}]},{"@type":"ImageObject","inLanguage":"fi","@id":"https:\/\/miumjau.ee\/fi\/tuote\/uniq-pets-keitto-tauriinilla-kana-ja-katkaravut-8x30-g\/#primaryimage","url":"https:\/\/miumjau.ee\/wp-content\/uploads\/2025\/10\/uniq-pets-supp-kana-krevett-1.jpg","contentUrl":"https:\/\/miumjau.ee\/wp-content\/uploads\/2025\/10\/uniq-pets-supp-kana-krevett-1.jpg","width":1200,"height":1600,"caption":"Uniq Pets supp tauriiniga, kana ja krevettidega, 8x30g"},{"@type":"BreadcrumbList","@id":"https:\/\/miumjau.ee\/fi\/tuote\/uniq-pets-keitto-tauriinilla-kana-ja-katkaravut-8x30-g\/#breadcrumb","itemListElement":[{"@type":"ListItem","position":1,"name":"Home","item":"https:\/\/miumjau.ee\/fi\/"},{"@type":"ListItem","position":2,"name":"Kauppa","item":"https:\/\/miumjau.ee\/fi\/kauppa\/"},{"@type":"ListItem","position":3,"name":"Uniq Pets Keitto tauriinilla, kana ja katkaravut, 8\u00d730 g"}]},{"@type":"WebSite","@id":"https:\/\/miumjau.ee\/#website","url":"https:\/\/miumjau.ee\/","name":"MiuMjau","description":"Kraapimispuud kassidele","publisher":{"@id":"https:\/\/miumjau.ee\/#organization"},"potentialAction":[{"@type":"SearchAction","target":{"@type":"EntryPoint","urlTemplate":"https:\/\/miumjau.ee\/?s={search_term_string}"},"query-input":{"@type":"PropertyValueSpecification","valueRequired":true,"valueName":"search_term_string"}}],"inLanguage":"fi"},{"@type":"Organization","@id":"https:\/\/miumjau.ee\/#organization","name":"MiuMjau O\u00dc","url":"https:\/\/miumjau.ee\/","logo":{"@type":"ImageObject","inLanguage":"fi","@id":"https:\/\/miumjau.ee\/#\/schema\/logo\/image\/","url":"https:\/\/miumjau.ee\/wp-content\/uploads\/2022\/04\/MiuMjau-logo-kollane.png","contentUrl":"https:\/\/miumjau.ee\/wp-content\/uploads\/2022\/04\/MiuMjau-logo-kollane.png","width":219,"height":100,"caption":"MiuMjau O\u00dc"},"image":{"@id":"https:\/\/miumjau.ee\/#\/schema\/logo\/image\/"},"sameAs":["https:\/\/www.facebook.com\/miumjaupood\/"]}]}},"_links":{"self":[{"href":"https:\/\/miumjau.ee\/fi\/wp-json\/wp\/v2\/product\/42355","targetHints":{"allow":["GET"]}}],"collection":[{"href":"https:\/\/miumjau.ee\/fi\/wp-json\/wp\/v2\/product"}],"about":[{"href":"https:\/\/miumjau.ee\/fi\/wp-json\/wp\/v2\/types\/product"}],"wp:featuredmedia":[{"embeddable":true,"href":"https:\/\/miumjau.ee\/fi\/wp-json\/wp\/v2\/media\/40072"}],"wp:attachment":[{"href":"https:\/\/miumjau.ee\/fi\/wp-json\/wp\/v2\/media?parent=42355"}],"wp:term":[{"taxonomy":"product_brand","embeddable":true,"href":"https:\/\/miumjau.ee\/fi\/wp-json\/wp\/v2\/product_brand?post=42355"},{"taxonomy":"product_cat","embeddable":true,"href":"https:\/\/miumjau.ee\/fi\/wp-json\/wp\/v2\/product_cat?post=42355"},{"taxonomy":"product_tag","embeddable":true,"href":"https:\/\/miumjau.ee\/fi\/wp-json\/wp\/v2\/product_tag?post=42355"}],"curies":[{"name":"wp","href":"https:\/\/api.w.org\/{rel}","templated":true}]}}