{"id":42347,"date":"2025-09-20T14:14:09","date_gmt":"2025-09-20T11:14:09","guid":{"rendered":"https:\/\/miumjau.ee\/toode\/catfest-tonnikala-ja-kana-hyytelossa-12x50-g\/"},"modified":"2026-01-07T22:48:28","modified_gmt":"2026-01-07T20:48:28","slug":"catfest-tonnikala-ja-kana-hyytelossa-12x50-g","status":"publish","type":"product","link":"https:\/\/miumjau.ee\/fi\/tuote\/catfest-tonnikala-ja-kana-hyytelossa-12x50-g\/","title":{"rendered":"CatFest Tonnikala ja Kana hyytel\u00f6ss\u00e4, 12\u00d750 g"},"content":{"rendered":"","protected":false},"excerpt":{"rendered":"<p data-start=\"1127\" data-end=\"1524\">CatFesti-sarjan s\u00e4ilykem\u00e4rk\u00e4ruoka kissoille on valmistettu pehme\u00e4st\u00e4 Tyynenmeren tonnikalasta \u2013 todellinen gourmet-herkku karvaisille ruokailijoille. Tonnikalan tummalla lihalla on hieno rakenne ja voimakkaampi aromi, joka antaa ruoalle intensiivisen merenel\u00e4m\u00e4maun. Tarjotaan pehme\u00e4ss\u00e4 hyytel\u00f6ss\u00e4, joka ei ainoastaan paranna ruoan rakennetta, vaan my\u00f6s edist\u00e4\u00e4 ravinteiden parempaa imeytymist\u00e4.<\/p>\n<p data-start=\"1526\" data-end=\"1808\"><strong data-start=\"1526\" data-end=\"1540\">Ainesosat:<\/strong> Tonnikala 60 %, kana 6 %, hiivaekstrakti, prebiootti FOS, anjovis\u00f6ljy, mineraalit.<br data-start=\"1623\" data-end=\"1626\" \/><strong data-start=\"1626\" data-end=\"1652\">Ravintoaineet (mg\/kg):<\/strong> E-vitamiini \u2013 1 000, tauriini \u2013 1 000<br data-start=\"1690\" data-end=\"1693\" \/><strong data-start=\"1693\" data-end=\"1720\">Analyyttiset ainesosat:<\/strong> Raakaproteiini 10 %, raakrasva 0,5 %, raaka-aska 1,5 %, raakakuitu 1 %, kosteus 88 %.<\/p>\n<p data-start=\"1810\" data-end=\"2167\"><strong data-start=\"1810\" data-end=\"1821\">K\u00e4ytt\u00f6:<\/strong> Sopii t\u00e4ydennykseksi luonnollisena ruokana kaikille aikuisille kotikissoille, my\u00f6s steriloiduille ja kastroiduille kissoille sek\u00e4 kissoille, joilla on allergioita tai ruoansulatusongelmia. Tarjoa huoneenl\u00e4mp\u00f6isen\u00e4. S\u00e4ilyt\u00e4 viile\u00e4ss\u00e4 ja kuivassa paikassa. Enint\u00e4\u00e4n 3 pakettia p\u00e4iv\u00e4ss\u00e4. Varmista, ett\u00e4 kissalla on aina raikasta vett\u00e4 saatavilla.<\/p>\n","protected":false},"featured_media":39908,"template":"","meta":[],"product_brand":[],"product_cat":[264],"product_tag":[],"class_list":{"0":"post-42347","1":"product","2":"type-product","3":"status-publish","4":"has-post-thumbnail","6":"product_cat-marka-ruoka","8":"first","9":"instock","10":"taxable","11":"shipping-taxable","12":"purchasable","13":"product-type-simple"},"yoast_head":"<!-- This site is optimized with the Yoast SEO plugin v27.4 - https:\/\/yoast.com\/product\/yoast-seo-wordpress\/ -->\n<title>CatFest Tonnikala ja Kana hyytel\u00f6ss\u00e4, 12\u00d750 g - MiuMjau<\/title>\n<meta name=\"robots\" content=\"index, follow, max-snippet:-1, max-image-preview:large, max-video-preview:-1\" \/>\n<link rel=\"canonical\" href=\"https:\/\/miumjau.ee\/fi\/tuote\/catfest-tonnikala-ja-kana-hyytelossa-12x50-g\/\" \/>\n<meta property=\"og:locale\" content=\"fi_FI\" \/>\n<meta property=\"og:type\" content=\"article\" \/>\n<meta property=\"og:title\" content=\"CatFest Tonnikala ja Kana hyytel\u00f6ss\u00e4, 12\u00d750 g - MiuMjau\" \/>\n<meta property=\"og:description\" content=\"CatFesti-sarjan s\u00e4ilykem\u00e4rk\u00e4ruoka kissoille on valmistettu pehme\u00e4st\u00e4 Tyynenmeren tonnikalasta \u2013 todellinen gourmet-herkku karvaisille ruokailijoille. Tonnikalan tummalla lihalla on hieno rakenne ja voimakkaampi aromi, joka antaa ruoalle intensiivisen merenel\u00e4m\u00e4maun. Tarjotaan pehme\u00e4ss\u00e4 hyytel\u00f6ss\u00e4, joka ei ainoastaan paranna ruoan rakennetta, vaan my\u00f6s edist\u00e4\u00e4 ravinteiden parempaa imeytymist\u00e4. Ainesosat: Tonnikala 60 %, kana 6 %, hiivaekstrakti, prebiootti FOS, anjovis\u00f6ljy, mineraalit.Ravintoaineet (mg\/kg): E-vitamiini \u2013 1 000, tauriini \u2013 1 000Analyyttiset ainesosat: Raakaproteiini 10 %, raakrasva 0,5 %, raaka-aska 1,5 %, raakakuitu 1 %, kosteus 88 %. K\u00e4ytt\u00f6: Sopii t\u00e4ydennykseksi luonnollisena ruokana kaikille aikuisille kotikissoille, my\u00f6s steriloiduille ja kastroiduille kissoille sek\u00e4 kissoille, joilla on allergioita tai ruoansulatusongelmia. Tarjoa huoneenl\u00e4mp\u00f6isen\u00e4. S\u00e4ilyt\u00e4 viile\u00e4ss\u00e4 ja kuivassa paikassa. Enint\u00e4\u00e4n 3 pakettia p\u00e4iv\u00e4ss\u00e4. Varmista, ett\u00e4 kissalla on aina raikasta vett\u00e4 saatavilla.\" \/>\n<meta property=\"og:url\" content=\"https:\/\/miumjau.ee\/fi\/tuote\/catfest-tonnikala-ja-kana-hyytelossa-12x50-g\/\" \/>\n<meta property=\"og:site_name\" content=\"MiuMjau\" \/>\n<meta property=\"article:publisher\" content=\"https:\/\/www.facebook.com\/miumjaupood\/\" \/>\n<meta property=\"article:modified_time\" content=\"2026-01-07T20:48:28+00:00\" \/>\n<meta property=\"og:image\" content=\"https:\/\/miumjau.ee\/wp-content\/uploads\/2025\/09\/catfest-meal-margtoit-kassile1.jpg\" \/>\n\t<meta property=\"og:image:width\" content=\"1200\" \/>\n\t<meta property=\"og:image:height\" content=\"1600\" \/>\n\t<meta property=\"og:image:type\" content=\"image\/jpeg\" \/>\n<meta name=\"twitter:card\" content=\"summary_large_image\" \/>\n<script type=\"application\/ld+json\" class=\"yoast-schema-graph\">{\"@context\":\"https:\\\/\\\/schema.org\",\"@graph\":[{\"@type\":\"WebPage\",\"@id\":\"https:\\\/\\\/miumjau.ee\\\/fi\\\/tuote\\\/catfest-tonnikala-ja-kana-hyytelossa-12x50-g\\\/\",\"url\":\"https:\\\/\\\/miumjau.ee\\\/fi\\\/tuote\\\/catfest-tonnikala-ja-kana-hyytelossa-12x50-g\\\/\",\"name\":\"CatFest Tonnikala ja Kana hyytel\u00f6ss\u00e4, 12\u00d750 g - MiuMjau\",\"isPartOf\":{\"@id\":\"https:\\\/\\\/miumjau.ee\\\/#website\"},\"primaryImageOfPage\":{\"@id\":\"https:\\\/\\\/miumjau.ee\\\/fi\\\/tuote\\\/catfest-tonnikala-ja-kana-hyytelossa-12x50-g\\\/#primaryimage\"},\"image\":{\"@id\":\"https:\\\/\\\/miumjau.ee\\\/fi\\\/tuote\\\/catfest-tonnikala-ja-kana-hyytelossa-12x50-g\\\/#primaryimage\"},\"thumbnailUrl\":\"https:\\\/\\\/miumjau.ee\\\/wp-content\\\/uploads\\\/2025\\\/09\\\/catfest-meal-margtoit-kassile1.jpg\",\"datePublished\":\"2025-09-20T11:14:09+00:00\",\"dateModified\":\"2026-01-07T20:48:28+00:00\",\"breadcrumb\":{\"@id\":\"https:\\\/\\\/miumjau.ee\\\/fi\\\/tuote\\\/catfest-tonnikala-ja-kana-hyytelossa-12x50-g\\\/#breadcrumb\"},\"inLanguage\":\"fi\",\"potentialAction\":[{\"@type\":\"ReadAction\",\"target\":[\"https:\\\/\\\/miumjau.ee\\\/fi\\\/tuote\\\/catfest-tonnikala-ja-kana-hyytelossa-12x50-g\\\/\"]}]},{\"@type\":\"ImageObject\",\"inLanguage\":\"fi\",\"@id\":\"https:\\\/\\\/miumjau.ee\\\/fi\\\/tuote\\\/catfest-tonnikala-ja-kana-hyytelossa-12x50-g\\\/#primaryimage\",\"url\":\"https:\\\/\\\/miumjau.ee\\\/wp-content\\\/uploads\\\/2025\\\/09\\\/catfest-meal-margtoit-kassile1.jpg\",\"contentUrl\":\"https:\\\/\\\/miumjau.ee\\\/wp-content\\\/uploads\\\/2025\\\/09\\\/catfest-meal-margtoit-kassile1.jpg\",\"width\":1200,\"height\":1600,\"caption\":\"CatFest tuunikala ja kana tarrendis,12x50g\"},{\"@type\":\"BreadcrumbList\",\"@id\":\"https:\\\/\\\/miumjau.ee\\\/fi\\\/tuote\\\/catfest-tonnikala-ja-kana-hyytelossa-12x50-g\\\/#breadcrumb\",\"itemListElement\":[{\"@type\":\"ListItem\",\"position\":1,\"name\":\"Home\",\"item\":\"https:\\\/\\\/miumjau.ee\\\/fi\\\/\"},{\"@type\":\"ListItem\",\"position\":2,\"name\":\"Kauppa\",\"item\":\"https:\\\/\\\/miumjau.ee\\\/fi\\\/kauppa\\\/\"},{\"@type\":\"ListItem\",\"position\":3,\"name\":\"CatFest Tonnikala ja Kana hyytel\u00f6ss\u00e4, 12\u00d750 g\"}]},{\"@type\":\"WebSite\",\"@id\":\"https:\\\/\\\/miumjau.ee\\\/#website\",\"url\":\"https:\\\/\\\/miumjau.ee\\\/\",\"name\":\"MiuMjau\",\"description\":\"Kraapimispuud kassidele\",\"publisher\":{\"@id\":\"https:\\\/\\\/miumjau.ee\\\/#organization\"},\"potentialAction\":[{\"@type\":\"SearchAction\",\"target\":{\"@type\":\"EntryPoint\",\"urlTemplate\":\"https:\\\/\\\/miumjau.ee\\\/?s={search_term_string}\"},\"query-input\":{\"@type\":\"PropertyValueSpecification\",\"valueRequired\":true,\"valueName\":\"search_term_string\"}}],\"inLanguage\":\"fi\"},{\"@type\":\"Organization\",\"@id\":\"https:\\\/\\\/miumjau.ee\\\/#organization\",\"name\":\"MiuMjau O\u00dc\",\"url\":\"https:\\\/\\\/miumjau.ee\\\/\",\"logo\":{\"@type\":\"ImageObject\",\"inLanguage\":\"fi\",\"@id\":\"https:\\\/\\\/miumjau.ee\\\/#\\\/schema\\\/logo\\\/image\\\/\",\"url\":\"https:\\\/\\\/miumjau.ee\\\/wp-content\\\/uploads\\\/2022\\\/04\\\/MiuMjau-logo-kollane.png\",\"contentUrl\":\"https:\\\/\\\/miumjau.ee\\\/wp-content\\\/uploads\\\/2022\\\/04\\\/MiuMjau-logo-kollane.png\",\"width\":219,\"height\":100,\"caption\":\"MiuMjau O\u00dc\"},\"image\":{\"@id\":\"https:\\\/\\\/miumjau.ee\\\/#\\\/schema\\\/logo\\\/image\\\/\"},\"sameAs\":[\"https:\\\/\\\/www.facebook.com\\\/miumjaupood\\\/\"]}]}<\/script>\n<!-- \/ Yoast SEO plugin. -->","yoast_head_json":{"title":"CatFest Tonnikala ja Kana hyytel\u00f6ss\u00e4, 12\u00d750 g - MiuMjau","robots":{"index":"index","follow":"follow","max-snippet":"max-snippet:-1","max-image-preview":"max-image-preview:large","max-video-preview":"max-video-preview:-1"},"canonical":"https:\/\/miumjau.ee\/fi\/tuote\/catfest-tonnikala-ja-kana-hyytelossa-12x50-g\/","og_locale":"fi_FI","og_type":"article","og_title":"CatFest Tonnikala ja Kana hyytel\u00f6ss\u00e4, 12\u00d750 g - MiuMjau","og_description":"CatFesti-sarjan s\u00e4ilykem\u00e4rk\u00e4ruoka kissoille on valmistettu pehme\u00e4st\u00e4 Tyynenmeren tonnikalasta \u2013 todellinen gourmet-herkku karvaisille ruokailijoille. Tonnikalan tummalla lihalla on hieno rakenne ja voimakkaampi aromi, joka antaa ruoalle intensiivisen merenel\u00e4m\u00e4maun. Tarjotaan pehme\u00e4ss\u00e4 hyytel\u00f6ss\u00e4, joka ei ainoastaan paranna ruoan rakennetta, vaan my\u00f6s edist\u00e4\u00e4 ravinteiden parempaa imeytymist\u00e4. Ainesosat: Tonnikala 60 %, kana 6 %, hiivaekstrakti, prebiootti FOS, anjovis\u00f6ljy, mineraalit.Ravintoaineet (mg\/kg): E-vitamiini \u2013 1 000, tauriini \u2013 1 000Analyyttiset ainesosat: Raakaproteiini 10 %, raakrasva 0,5 %, raaka-aska 1,5 %, raakakuitu 1 %, kosteus 88 %. K\u00e4ytt\u00f6: Sopii t\u00e4ydennykseksi luonnollisena ruokana kaikille aikuisille kotikissoille, my\u00f6s steriloiduille ja kastroiduille kissoille sek\u00e4 kissoille, joilla on allergioita tai ruoansulatusongelmia. Tarjoa huoneenl\u00e4mp\u00f6isen\u00e4. S\u00e4ilyt\u00e4 viile\u00e4ss\u00e4 ja kuivassa paikassa. Enint\u00e4\u00e4n 3 pakettia p\u00e4iv\u00e4ss\u00e4. Varmista, ett\u00e4 kissalla on aina raikasta vett\u00e4 saatavilla.","og_url":"https:\/\/miumjau.ee\/fi\/tuote\/catfest-tonnikala-ja-kana-hyytelossa-12x50-g\/","og_site_name":"MiuMjau","article_publisher":"https:\/\/www.facebook.com\/miumjaupood\/","article_modified_time":"2026-01-07T20:48:28+00:00","og_image":[{"width":1200,"height":1600,"url":"https:\/\/miumjau.ee\/wp-content\/uploads\/2025\/09\/catfest-meal-margtoit-kassile1.jpg","type":"image\/jpeg"}],"twitter_card":"summary_large_image","schema":{"@context":"https:\/\/schema.org","@graph":[{"@type":"WebPage","@id":"https:\/\/miumjau.ee\/fi\/tuote\/catfest-tonnikala-ja-kana-hyytelossa-12x50-g\/","url":"https:\/\/miumjau.ee\/fi\/tuote\/catfest-tonnikala-ja-kana-hyytelossa-12x50-g\/","name":"CatFest Tonnikala ja Kana hyytel\u00f6ss\u00e4, 12\u00d750 g - MiuMjau","isPartOf":{"@id":"https:\/\/miumjau.ee\/#website"},"primaryImageOfPage":{"@id":"https:\/\/miumjau.ee\/fi\/tuote\/catfest-tonnikala-ja-kana-hyytelossa-12x50-g\/#primaryimage"},"image":{"@id":"https:\/\/miumjau.ee\/fi\/tuote\/catfest-tonnikala-ja-kana-hyytelossa-12x50-g\/#primaryimage"},"thumbnailUrl":"https:\/\/miumjau.ee\/wp-content\/uploads\/2025\/09\/catfest-meal-margtoit-kassile1.jpg","datePublished":"2025-09-20T11:14:09+00:00","dateModified":"2026-01-07T20:48:28+00:00","breadcrumb":{"@id":"https:\/\/miumjau.ee\/fi\/tuote\/catfest-tonnikala-ja-kana-hyytelossa-12x50-g\/#breadcrumb"},"inLanguage":"fi","potentialAction":[{"@type":"ReadAction","target":["https:\/\/miumjau.ee\/fi\/tuote\/catfest-tonnikala-ja-kana-hyytelossa-12x50-g\/"]}]},{"@type":"ImageObject","inLanguage":"fi","@id":"https:\/\/miumjau.ee\/fi\/tuote\/catfest-tonnikala-ja-kana-hyytelossa-12x50-g\/#primaryimage","url":"https:\/\/miumjau.ee\/wp-content\/uploads\/2025\/09\/catfest-meal-margtoit-kassile1.jpg","contentUrl":"https:\/\/miumjau.ee\/wp-content\/uploads\/2025\/09\/catfest-meal-margtoit-kassile1.jpg","width":1200,"height":1600,"caption":"CatFest tuunikala ja kana tarrendis,12x50g"},{"@type":"BreadcrumbList","@id":"https:\/\/miumjau.ee\/fi\/tuote\/catfest-tonnikala-ja-kana-hyytelossa-12x50-g\/#breadcrumb","itemListElement":[{"@type":"ListItem","position":1,"name":"Home","item":"https:\/\/miumjau.ee\/fi\/"},{"@type":"ListItem","position":2,"name":"Kauppa","item":"https:\/\/miumjau.ee\/fi\/kauppa\/"},{"@type":"ListItem","position":3,"name":"CatFest Tonnikala ja Kana hyytel\u00f6ss\u00e4, 12\u00d750 g"}]},{"@type":"WebSite","@id":"https:\/\/miumjau.ee\/#website","url":"https:\/\/miumjau.ee\/","name":"MiuMjau","description":"Kraapimispuud kassidele","publisher":{"@id":"https:\/\/miumjau.ee\/#organization"},"potentialAction":[{"@type":"SearchAction","target":{"@type":"EntryPoint","urlTemplate":"https:\/\/miumjau.ee\/?s={search_term_string}"},"query-input":{"@type":"PropertyValueSpecification","valueRequired":true,"valueName":"search_term_string"}}],"inLanguage":"fi"},{"@type":"Organization","@id":"https:\/\/miumjau.ee\/#organization","name":"MiuMjau O\u00dc","url":"https:\/\/miumjau.ee\/","logo":{"@type":"ImageObject","inLanguage":"fi","@id":"https:\/\/miumjau.ee\/#\/schema\/logo\/image\/","url":"https:\/\/miumjau.ee\/wp-content\/uploads\/2022\/04\/MiuMjau-logo-kollane.png","contentUrl":"https:\/\/miumjau.ee\/wp-content\/uploads\/2022\/04\/MiuMjau-logo-kollane.png","width":219,"height":100,"caption":"MiuMjau O\u00dc"},"image":{"@id":"https:\/\/miumjau.ee\/#\/schema\/logo\/image\/"},"sameAs":["https:\/\/www.facebook.com\/miumjaupood\/"]}]}},"_links":{"self":[{"href":"https:\/\/miumjau.ee\/fi\/wp-json\/wp\/v2\/product\/42347","targetHints":{"allow":["GET"]}}],"collection":[{"href":"https:\/\/miumjau.ee\/fi\/wp-json\/wp\/v2\/product"}],"about":[{"href":"https:\/\/miumjau.ee\/fi\/wp-json\/wp\/v2\/types\/product"}],"wp:featuredmedia":[{"embeddable":true,"href":"https:\/\/miumjau.ee\/fi\/wp-json\/wp\/v2\/media\/39908"}],"wp:attachment":[{"href":"https:\/\/miumjau.ee\/fi\/wp-json\/wp\/v2\/media?parent=42347"}],"wp:term":[{"taxonomy":"product_brand","embeddable":true,"href":"https:\/\/miumjau.ee\/fi\/wp-json\/wp\/v2\/product_brand?post=42347"},{"taxonomy":"product_cat","embeddable":true,"href":"https:\/\/miumjau.ee\/fi\/wp-json\/wp\/v2\/product_cat?post=42347"},{"taxonomy":"product_tag","embeddable":true,"href":"https:\/\/miumjau.ee\/fi\/wp-json\/wp\/v2\/product_tag?post=42347"}],"curies":[{"name":"wp","href":"https:\/\/api.w.org\/{rel}","templated":true}]}}