{"id":42340,"date":"2025-10-05T14:22:40","date_gmt":"2025-10-05T11:22:40","guid":{"rendered":"https:\/\/miumjau.ee\/toode\/koiranpeti-lagoon-s-enintaan-5-kg-koirille\/"},"modified":"2026-01-07T22:48:35","modified_gmt":"2026-01-07T20:48:35","slug":"koiranpeti-lagoon-s-enintaan-5-kg-koirille","status":"publish","type":"product","link":"https:\/\/miumjau.ee\/fi\/tuote\/koiranpeti-lagoon-s-enintaan-5-kg-koirille\/","title":{"rendered":"Koiranpeti Lagoon S, enint\u00e4\u00e4n 5 kg koirille"},"content":{"rendered":"","protected":false},"excerpt":{"rendered":"<p data-start=\"903\" data-end=\"1414\">\u2022 <strong data-start=\"905\" data-end=\"935\">Helppo puhdistaa ja mukava<\/strong> \u2013 Irrotettava vetoketjullinen p\u00e4\u00e4llinen, helppo konepest\u00e4v\u00e4<br data-start=\"995\" data-end=\"998\" \/>\u2022 <strong data-start=\"1000\" data-end=\"1033\">Eritt\u00e4in pehme\u00e4 ja plyyshinen<\/strong> \u2013 100 % polyesterit\u00e4yte pilvenpehme\u00e4n mukavuuden takaamiseksi<br data-start=\"1095\" data-end=\"1098\" \/>\u2022 <strong data-start=\"1100\" data-end=\"1136\">T\u00e4ydellinen kaikille lemmikeille<\/strong> \u2013 Sopii kissoille ja pienille koirille<br data-start=\"1175\" data-end=\"1178\" \/>\u2022 <strong data-start=\"1180\" data-end=\"1205\">Hygieeninen ja raikas<\/strong> \u2013 Pest\u00e4v\u00e4 muotoilu pit\u00e4\u00e4 pedin puhtaana ja hajuttomana<br data-start=\"1260\" data-end=\"1263\" \/>\u2022 <strong data-start=\"1265\" data-end=\"1283\">Monik\u00e4ytt\u00f6inen<\/strong> \u2013 Erinomainen h\u00e4kkeihin, sohville tai matkalle<br data-start=\"1330\" data-end=\"1333\" \/>\u2022 <strong data-start=\"1335\" data-end=\"1356\" data-is-only-node=\"\">Kodikas ja mukava<\/strong> \u2013 Sopii pienille lemmikeille ja k\u00e4pertyville nukkujille<\/p>\n<p data-start=\"1416\" data-end=\"1570\"><strong data-start=\"1416\" data-end=\"1426\">Paino:<\/strong> 750 g<br data-start=\"1432\" data-end=\"1435\" \/><strong data-start=\"1435\" data-end=\"1449\">Ulkomitat:<\/strong> 50\u00d740\u00d715 cm<br data-start=\"1461\" data-end=\"1464\" \/><strong data-start=\"1464\" data-end=\"1478\">Sis\u00e4mitat:<\/strong> 35\u00d725\u00d710 cm<br data-start=\"1490\" data-end=\"1493\" \/><strong data-start=\"1493\" data-end=\"1520\">Sopivan lemmikin paino:<\/strong> enint\u00e4\u00e4n 5 kg<br data-start=\"1534\" data-end=\"1537\" \/><strong data-start=\"1537\" data-end=\"1552\">Materiaali:<\/strong> 100% polyesteri<\/p>\n","protected":false},"featured_media":40198,"template":"","meta":[],"product_brand":[],"product_cat":[858],"product_tag":[],"class_list":{"0":"post-42340","1":"product","2":"type-product","3":"status-publish","4":"has-post-thumbnail","6":"product_cat-pedot-matot-vuoteet","8":"first","9":"instock","10":"sale","11":"taxable","12":"shipping-taxable","13":"purchasable","14":"product-type-simple"},"yoast_head":"<!-- This site is optimized with the Yoast SEO plugin v27.2 - https:\/\/yoast.com\/product\/yoast-seo-wordpress\/ -->\n<title>Koiranpeti Lagoon S, enint\u00e4\u00e4n 5 kg koirille - MiuMjau<\/title>\n<meta name=\"robots\" content=\"index, follow, max-snippet:-1, max-image-preview:large, max-video-preview:-1\" \/>\n<link rel=\"canonical\" href=\"https:\/\/miumjau.ee\/fi\/tuote\/koiranpeti-lagoon-s-enintaan-5-kg-koirille\/\" \/>\n<meta property=\"og:locale\" content=\"fi_FI\" \/>\n<meta property=\"og:type\" content=\"article\" \/>\n<meta property=\"og:title\" content=\"Koiranpeti Lagoon S, enint\u00e4\u00e4n 5 kg koirille - MiuMjau\" \/>\n<meta property=\"og:description\" content=\"\u2022 Helppo puhdistaa ja mukava \u2013 Irrotettava vetoketjullinen p\u00e4\u00e4llinen, helppo konepest\u00e4v\u00e4\u2022 Eritt\u00e4in pehme\u00e4 ja plyyshinen \u2013 100 % polyesterit\u00e4yte pilvenpehme\u00e4n mukavuuden takaamiseksi\u2022 T\u00e4ydellinen kaikille lemmikeille \u2013 Sopii kissoille ja pienille koirille\u2022 Hygieeninen ja raikas \u2013 Pest\u00e4v\u00e4 muotoilu pit\u00e4\u00e4 pedin puhtaana ja hajuttomana\u2022 Monik\u00e4ytt\u00f6inen \u2013 Erinomainen h\u00e4kkeihin, sohville tai matkalle\u2022 Kodikas ja mukava \u2013 Sopii pienille lemmikeille ja k\u00e4pertyville nukkujille Paino: 750 gUlkomitat: 50\u00d740\u00d715 cmSis\u00e4mitat: 35\u00d725\u00d710 cmSopivan lemmikin paino: enint\u00e4\u00e4n 5 kgMateriaali: 100% polyesteri\" \/>\n<meta property=\"og:url\" content=\"https:\/\/miumjau.ee\/fi\/tuote\/koiranpeti-lagoon-s-enintaan-5-kg-koirille\/\" \/>\n<meta property=\"og:site_name\" content=\"MiuMjau\" \/>\n<meta property=\"article:publisher\" content=\"https:\/\/www.facebook.com\/miumjaupood\/\" \/>\n<meta property=\"article:modified_time\" content=\"2026-01-07T20:48:35+00:00\" \/>\n<meta property=\"og:image\" content=\"https:\/\/miumjau.ee\/wp-content\/uploads\/2025\/10\/pes-KOERALE-lagoon-5.jpg\" \/>\n\t<meta property=\"og:image:width\" content=\"600\" \/>\n\t<meta property=\"og:image:height\" content=\"800\" \/>\n\t<meta property=\"og:image:type\" content=\"image\/jpeg\" \/>\n<meta name=\"twitter:card\" content=\"summary_large_image\" \/>\n<script type=\"application\/ld+json\" class=\"yoast-schema-graph\">{\"@context\":\"https:\/\/schema.org\",\"@graph\":[{\"@type\":\"WebPage\",\"@id\":\"https:\/\/miumjau.ee\/fi\/tuote\/koiranpeti-lagoon-s-enintaan-5-kg-koirille\/\",\"url\":\"https:\/\/miumjau.ee\/fi\/tuote\/koiranpeti-lagoon-s-enintaan-5-kg-koirille\/\",\"name\":\"Koiranpeti Lagoon S, enint\u00e4\u00e4n 5 kg koirille - MiuMjau\",\"isPartOf\":{\"@id\":\"https:\/\/miumjau.ee\/#website\"},\"primaryImageOfPage\":{\"@id\":\"https:\/\/miumjau.ee\/fi\/tuote\/koiranpeti-lagoon-s-enintaan-5-kg-koirille\/#primaryimage\"},\"image\":{\"@id\":\"https:\/\/miumjau.ee\/fi\/tuote\/koiranpeti-lagoon-s-enintaan-5-kg-koirille\/#primaryimage\"},\"thumbnailUrl\":\"https:\/\/miumjau.ee\/wp-content\/uploads\/2025\/10\/pes-KOERALE-lagoon-5.jpg\",\"datePublished\":\"2025-10-05T11:22:40+00:00\",\"dateModified\":\"2026-01-07T20:48:35+00:00\",\"breadcrumb\":{\"@id\":\"https:\/\/miumjau.ee\/fi\/tuote\/koiranpeti-lagoon-s-enintaan-5-kg-koirille\/#breadcrumb\"},\"inLanguage\":\"fi\",\"potentialAction\":[{\"@type\":\"ReadAction\",\"target\":[\"https:\/\/miumjau.ee\/fi\/tuote\/koiranpeti-lagoon-s-enintaan-5-kg-koirille\/\"]}]},{\"@type\":\"ImageObject\",\"inLanguage\":\"fi\",\"@id\":\"https:\/\/miumjau.ee\/fi\/tuote\/koiranpeti-lagoon-s-enintaan-5-kg-koirille\/#primaryimage\",\"url\":\"https:\/\/miumjau.ee\/wp-content\/uploads\/2025\/10\/pes-KOERALE-lagoon-5.jpg\",\"contentUrl\":\"https:\/\/miumjau.ee\/wp-content\/uploads\/2025\/10\/pes-KOERALE-lagoon-5.jpg\",\"width\":600,\"height\":800,\"caption\":\"Pesa koerale Lagoon\"},{\"@type\":\"BreadcrumbList\",\"@id\":\"https:\/\/miumjau.ee\/fi\/tuote\/koiranpeti-lagoon-s-enintaan-5-kg-koirille\/#breadcrumb\",\"itemListElement\":[{\"@type\":\"ListItem\",\"position\":1,\"name\":\"Home\",\"item\":\"https:\/\/miumjau.ee\/fi\/\"},{\"@type\":\"ListItem\",\"position\":2,\"name\":\"Kauppa\",\"item\":\"https:\/\/miumjau.ee\/fi\/kauppa\/\"},{\"@type\":\"ListItem\",\"position\":3,\"name\":\"Koiranpeti Lagoon S, enint\u00e4\u00e4n 5 kg koirille\"}]},{\"@type\":\"WebSite\",\"@id\":\"https:\/\/miumjau.ee\/#website\",\"url\":\"https:\/\/miumjau.ee\/\",\"name\":\"MiuMjau\",\"description\":\"Kraapimispuud kassidele\",\"publisher\":{\"@id\":\"https:\/\/miumjau.ee\/#organization\"},\"potentialAction\":[{\"@type\":\"SearchAction\",\"target\":{\"@type\":\"EntryPoint\",\"urlTemplate\":\"https:\/\/miumjau.ee\/?s={search_term_string}\"},\"query-input\":{\"@type\":\"PropertyValueSpecification\",\"valueRequired\":true,\"valueName\":\"search_term_string\"}}],\"inLanguage\":\"fi\"},{\"@type\":\"Organization\",\"@id\":\"https:\/\/miumjau.ee\/#organization\",\"name\":\"MiuMjau O\u00dc\",\"url\":\"https:\/\/miumjau.ee\/\",\"logo\":{\"@type\":\"ImageObject\",\"inLanguage\":\"fi\",\"@id\":\"https:\/\/miumjau.ee\/#\/schema\/logo\/image\/\",\"url\":\"https:\/\/miumjau.ee\/wp-content\/uploads\/2022\/04\/MiuMjau-logo-kollane.png\",\"contentUrl\":\"https:\/\/miumjau.ee\/wp-content\/uploads\/2022\/04\/MiuMjau-logo-kollane.png\",\"width\":219,\"height\":100,\"caption\":\"MiuMjau O\u00dc\"},\"image\":{\"@id\":\"https:\/\/miumjau.ee\/#\/schema\/logo\/image\/\"},\"sameAs\":[\"https:\/\/www.facebook.com\/miumjaupood\/\"]}]}<\/script>\n<!-- \/ Yoast SEO plugin. -->","yoast_head_json":{"title":"Koiranpeti Lagoon S, enint\u00e4\u00e4n 5 kg koirille - MiuMjau","robots":{"index":"index","follow":"follow","max-snippet":"max-snippet:-1","max-image-preview":"max-image-preview:large","max-video-preview":"max-video-preview:-1"},"canonical":"https:\/\/miumjau.ee\/fi\/tuote\/koiranpeti-lagoon-s-enintaan-5-kg-koirille\/","og_locale":"fi_FI","og_type":"article","og_title":"Koiranpeti Lagoon S, enint\u00e4\u00e4n 5 kg koirille - MiuMjau","og_description":"\u2022 Helppo puhdistaa ja mukava \u2013 Irrotettava vetoketjullinen p\u00e4\u00e4llinen, helppo konepest\u00e4v\u00e4\u2022 Eritt\u00e4in pehme\u00e4 ja plyyshinen \u2013 100 % polyesterit\u00e4yte pilvenpehme\u00e4n mukavuuden takaamiseksi\u2022 T\u00e4ydellinen kaikille lemmikeille \u2013 Sopii kissoille ja pienille koirille\u2022 Hygieeninen ja raikas \u2013 Pest\u00e4v\u00e4 muotoilu pit\u00e4\u00e4 pedin puhtaana ja hajuttomana\u2022 Monik\u00e4ytt\u00f6inen \u2013 Erinomainen h\u00e4kkeihin, sohville tai matkalle\u2022 Kodikas ja mukava \u2013 Sopii pienille lemmikeille ja k\u00e4pertyville nukkujille Paino: 750 gUlkomitat: 50\u00d740\u00d715 cmSis\u00e4mitat: 35\u00d725\u00d710 cmSopivan lemmikin paino: enint\u00e4\u00e4n 5 kgMateriaali: 100% polyesteri","og_url":"https:\/\/miumjau.ee\/fi\/tuote\/koiranpeti-lagoon-s-enintaan-5-kg-koirille\/","og_site_name":"MiuMjau","article_publisher":"https:\/\/www.facebook.com\/miumjaupood\/","article_modified_time":"2026-01-07T20:48:35+00:00","og_image":[{"width":600,"height":800,"url":"https:\/\/miumjau.ee\/wp-content\/uploads\/2025\/10\/pes-KOERALE-lagoon-5.jpg","type":"image\/jpeg"}],"twitter_card":"summary_large_image","schema":{"@context":"https:\/\/schema.org","@graph":[{"@type":"WebPage","@id":"https:\/\/miumjau.ee\/fi\/tuote\/koiranpeti-lagoon-s-enintaan-5-kg-koirille\/","url":"https:\/\/miumjau.ee\/fi\/tuote\/koiranpeti-lagoon-s-enintaan-5-kg-koirille\/","name":"Koiranpeti Lagoon S, enint\u00e4\u00e4n 5 kg koirille - MiuMjau","isPartOf":{"@id":"https:\/\/miumjau.ee\/#website"},"primaryImageOfPage":{"@id":"https:\/\/miumjau.ee\/fi\/tuote\/koiranpeti-lagoon-s-enintaan-5-kg-koirille\/#primaryimage"},"image":{"@id":"https:\/\/miumjau.ee\/fi\/tuote\/koiranpeti-lagoon-s-enintaan-5-kg-koirille\/#primaryimage"},"thumbnailUrl":"https:\/\/miumjau.ee\/wp-content\/uploads\/2025\/10\/pes-KOERALE-lagoon-5.jpg","datePublished":"2025-10-05T11:22:40+00:00","dateModified":"2026-01-07T20:48:35+00:00","breadcrumb":{"@id":"https:\/\/miumjau.ee\/fi\/tuote\/koiranpeti-lagoon-s-enintaan-5-kg-koirille\/#breadcrumb"},"inLanguage":"fi","potentialAction":[{"@type":"ReadAction","target":["https:\/\/miumjau.ee\/fi\/tuote\/koiranpeti-lagoon-s-enintaan-5-kg-koirille\/"]}]},{"@type":"ImageObject","inLanguage":"fi","@id":"https:\/\/miumjau.ee\/fi\/tuote\/koiranpeti-lagoon-s-enintaan-5-kg-koirille\/#primaryimage","url":"https:\/\/miumjau.ee\/wp-content\/uploads\/2025\/10\/pes-KOERALE-lagoon-5.jpg","contentUrl":"https:\/\/miumjau.ee\/wp-content\/uploads\/2025\/10\/pes-KOERALE-lagoon-5.jpg","width":600,"height":800,"caption":"Pesa koerale Lagoon"},{"@type":"BreadcrumbList","@id":"https:\/\/miumjau.ee\/fi\/tuote\/koiranpeti-lagoon-s-enintaan-5-kg-koirille\/#breadcrumb","itemListElement":[{"@type":"ListItem","position":1,"name":"Home","item":"https:\/\/miumjau.ee\/fi\/"},{"@type":"ListItem","position":2,"name":"Kauppa","item":"https:\/\/miumjau.ee\/fi\/kauppa\/"},{"@type":"ListItem","position":3,"name":"Koiranpeti Lagoon S, enint\u00e4\u00e4n 5 kg koirille"}]},{"@type":"WebSite","@id":"https:\/\/miumjau.ee\/#website","url":"https:\/\/miumjau.ee\/","name":"MiuMjau","description":"Kraapimispuud kassidele","publisher":{"@id":"https:\/\/miumjau.ee\/#organization"},"potentialAction":[{"@type":"SearchAction","target":{"@type":"EntryPoint","urlTemplate":"https:\/\/miumjau.ee\/?s={search_term_string}"},"query-input":{"@type":"PropertyValueSpecification","valueRequired":true,"valueName":"search_term_string"}}],"inLanguage":"fi"},{"@type":"Organization","@id":"https:\/\/miumjau.ee\/#organization","name":"MiuMjau O\u00dc","url":"https:\/\/miumjau.ee\/","logo":{"@type":"ImageObject","inLanguage":"fi","@id":"https:\/\/miumjau.ee\/#\/schema\/logo\/image\/","url":"https:\/\/miumjau.ee\/wp-content\/uploads\/2022\/04\/MiuMjau-logo-kollane.png","contentUrl":"https:\/\/miumjau.ee\/wp-content\/uploads\/2022\/04\/MiuMjau-logo-kollane.png","width":219,"height":100,"caption":"MiuMjau O\u00dc"},"image":{"@id":"https:\/\/miumjau.ee\/#\/schema\/logo\/image\/"},"sameAs":["https:\/\/www.facebook.com\/miumjaupood\/"]}]}},"_links":{"self":[{"href":"https:\/\/miumjau.ee\/fi\/wp-json\/wp\/v2\/product\/42340","targetHints":{"allow":["GET"]}}],"collection":[{"href":"https:\/\/miumjau.ee\/fi\/wp-json\/wp\/v2\/product"}],"about":[{"href":"https:\/\/miumjau.ee\/fi\/wp-json\/wp\/v2\/types\/product"}],"wp:featuredmedia":[{"embeddable":true,"href":"https:\/\/miumjau.ee\/fi\/wp-json\/wp\/v2\/media\/40198"}],"wp:attachment":[{"href":"https:\/\/miumjau.ee\/fi\/wp-json\/wp\/v2\/media?parent=42340"}],"wp:term":[{"taxonomy":"product_brand","embeddable":true,"href":"https:\/\/miumjau.ee\/fi\/wp-json\/wp\/v2\/product_brand?post=42340"},{"taxonomy":"product_cat","embeddable":true,"href":"https:\/\/miumjau.ee\/fi\/wp-json\/wp\/v2\/product_cat?post=42340"},{"taxonomy":"product_tag","embeddable":true,"href":"https:\/\/miumjau.ee\/fi\/wp-json\/wp\/v2\/product_tag?post=42340"}],"curies":[{"name":"wp","href":"https:\/\/api.w.org\/{rel}","templated":true}]}}