{"id":42331,"date":"2025-10-05T14:11:58","date_gmt":"2025-10-05T11:11:58","guid":{"rendered":"https:\/\/miumjau.ee\/toode\/tuoksutetut-koiran-jatospussit-8x20-kpl\/"},"modified":"2026-01-07T22:48:35","modified_gmt":"2026-01-07T20:48:35","slug":"tuoksutetut-koiran-jatospussit-8x20-kpl","status":"publish","type":"product","link":"https:\/\/miumjau.ee\/fi\/tuote\/tuoksutetut-koiran-jatospussit-8x20-kpl\/","title":{"rendered":"Tuoksutetut koiran j\u00e4t\u00f6spussit 8\u00d720 kpl"},"content":{"rendered":"","protected":false},"excerpt":{"rendered":"<p data-start=\"890\" data-end=\"1049\">Kakkaaminen ei ole h\u00e4pe\u00e4llist\u00e4, mutta sen j\u00e4tt\u00e4minen kadulle on. N\u00e4m\u00e4 k\u00e4tev\u00e4t rullat mahtuvat helposti taskuun ja pelastavat sinut kiusallisilta tilanteilta.<\/p>\n<p data-start=\"1051\" data-end=\"1506\"><strong data-start=\"1051\" data-end=\"1062\">Tuoksu:<\/strong> Sea Breeze<br data-start=\"1073\" data-end=\"1076\" \/>\u2022 <strong data-start=\"1078\" data-end=\"1095\">Paksuus 11 \u00b5m<\/strong> \u2013 Edulliset ja k\u00e4yt\u00e4nn\u00f6lliset jokap\u00e4iv\u00e4isiin k\u00e4velyihin<br data-start=\"1151\" data-end=\"1154\" \/>\u2022 <strong data-start=\"1156\" data-end=\"1177\">Repe\u00e4misenkest\u00e4v\u00e4<\/strong> \u2013 Ei sotkuja ker\u00e4tt\u00e4ess\u00e4<br data-start=\"1202\" data-end=\"1205\" \/>\u2022 <strong data-start=\"1207\" data-end=\"1228\">Kevyt ja kompakti<\/strong> \u2013 Mahtuu helposti taskuihin, annostelijoihin tai klipsill\u00e4 kiinnitett\u00e4v\u00e4\u00e4n pidikkeeseen<br data-start=\"1316\" data-end=\"1319\" \/>\u2022 <strong data-start=\"1321\" data-end=\"1341\">Kompaktit rullat<\/strong> \u2013 Sopii tavallisiin annostelijoihin<br data-start=\"1377\" data-end=\"1380\" \/>\u2022 <strong data-start=\"1382\" data-end=\"1405\">Yhteens\u00e4 160 pussia<\/strong><br data-start=\"1405\" data-end=\"1408\" \/>\u2022 <strong data-start=\"1410\" data-end=\"1428\">Monik\u00e4ytt\u00f6inen<\/strong> \u2013 Soveltuu my\u00f6s vaipoille, hiekkalaatikoiden siivoamiseen ja matkustamiseen<\/p>\n<p data-start=\"1508\" data-end=\"1571\"><strong data-start=\"1508\" data-end=\"1518\">Paino:<\/strong> 270 g<br data-start=\"1524\" data-end=\"1527\" \/><strong data-start=\"1527\" data-end=\"1537\">Mitat:<\/strong> 33\u00d723 cm<br data-start=\"1546\" data-end=\"1549\" \/><strong data-start=\"1549\" data-end=\"1564\">Materiaali:<\/strong> HDPE<\/p>\n","protected":false},"featured_media":40176,"template":"","meta":[],"product_brand":[],"product_cat":[483],"product_tag":[],"class_list":{"0":"post-42331","1":"product","2":"type-product","3":"status-publish","4":"has-post-thumbnail","6":"product_cat-hoitotuotteet-koirille","8":"first","9":"instock","10":"taxable","11":"shipping-taxable","12":"purchasable","13":"product-type-simple"},"yoast_head":"<!-- This site is optimized with the Yoast SEO plugin v27.2 - https:\/\/yoast.com\/product\/yoast-seo-wordpress\/ -->\n<title>Tuoksutetut koiran j\u00e4t\u00f6spussit 8\u00d720 kpl - MiuMjau<\/title>\n<meta name=\"robots\" content=\"index, follow, max-snippet:-1, max-image-preview:large, max-video-preview:-1\" \/>\n<link rel=\"canonical\" href=\"https:\/\/miumjau.ee\/fi\/tuote\/tuoksutetut-koiran-jatospussit-8x20-kpl\/\" \/>\n<meta property=\"og:locale\" content=\"fi_FI\" \/>\n<meta property=\"og:type\" content=\"article\" \/>\n<meta property=\"og:title\" content=\"Tuoksutetut koiran j\u00e4t\u00f6spussit 8\u00d720 kpl - MiuMjau\" \/>\n<meta property=\"og:description\" content=\"Kakkaaminen ei ole h\u00e4pe\u00e4llist\u00e4, mutta sen j\u00e4tt\u00e4minen kadulle on. N\u00e4m\u00e4 k\u00e4tev\u00e4t rullat mahtuvat helposti taskuun ja pelastavat sinut kiusallisilta tilanteilta. Tuoksu: Sea Breeze\u2022 Paksuus 11 \u00b5m \u2013 Edulliset ja k\u00e4yt\u00e4nn\u00f6lliset jokap\u00e4iv\u00e4isiin k\u00e4velyihin\u2022 Repe\u00e4misenkest\u00e4v\u00e4 \u2013 Ei sotkuja ker\u00e4tt\u00e4ess\u00e4\u2022 Kevyt ja kompakti \u2013 Mahtuu helposti taskuihin, annostelijoihin tai klipsill\u00e4 kiinnitett\u00e4v\u00e4\u00e4n pidikkeeseen\u2022 Kompaktit rullat \u2013 Sopii tavallisiin annostelijoihin\u2022 Yhteens\u00e4 160 pussia\u2022 Monik\u00e4ytt\u00f6inen \u2013 Soveltuu my\u00f6s vaipoille, hiekkalaatikoiden siivoamiseen ja matkustamiseen Paino: 270 gMitat: 33\u00d723 cmMateriaali: HDPE\" \/>\n<meta property=\"og:url\" content=\"https:\/\/miumjau.ee\/fi\/tuote\/tuoksutetut-koiran-jatospussit-8x20-kpl\/\" \/>\n<meta property=\"og:site_name\" content=\"MiuMjau\" \/>\n<meta property=\"article:publisher\" content=\"https:\/\/www.facebook.com\/miumjaupood\/\" \/>\n<meta property=\"article:modified_time\" content=\"2026-01-07T20:48:35+00:00\" \/>\n<meta property=\"og:image\" content=\"https:\/\/miumjau.ee\/wp-content\/uploads\/2025\/10\/kakakotid-lohnastatud.jpg\" \/>\n\t<meta property=\"og:image:width\" content=\"600\" \/>\n\t<meta property=\"og:image:height\" content=\"800\" \/>\n\t<meta property=\"og:image:type\" content=\"image\/jpeg\" \/>\n<meta name=\"twitter:card\" content=\"summary_large_image\" \/>\n<script type=\"application\/ld+json\" class=\"yoast-schema-graph\">{\"@context\":\"https:\/\/schema.org\",\"@graph\":[{\"@type\":\"WebPage\",\"@id\":\"https:\/\/miumjau.ee\/fi\/tuote\/tuoksutetut-koiran-jatospussit-8x20-kpl\/\",\"url\":\"https:\/\/miumjau.ee\/fi\/tuote\/tuoksutetut-koiran-jatospussit-8x20-kpl\/\",\"name\":\"Tuoksutetut koiran j\u00e4t\u00f6spussit 8\u00d720 kpl - MiuMjau\",\"isPartOf\":{\"@id\":\"https:\/\/miumjau.ee\/#website\"},\"primaryImageOfPage\":{\"@id\":\"https:\/\/miumjau.ee\/fi\/tuote\/tuoksutetut-koiran-jatospussit-8x20-kpl\/#primaryimage\"},\"image\":{\"@id\":\"https:\/\/miumjau.ee\/fi\/tuote\/tuoksutetut-koiran-jatospussit-8x20-kpl\/#primaryimage\"},\"thumbnailUrl\":\"https:\/\/miumjau.ee\/wp-content\/uploads\/2025\/10\/kakakotid-lohnastatud.jpg\",\"datePublished\":\"2025-10-05T11:11:58+00:00\",\"dateModified\":\"2026-01-07T20:48:35+00:00\",\"breadcrumb\":{\"@id\":\"https:\/\/miumjau.ee\/fi\/tuote\/tuoksutetut-koiran-jatospussit-8x20-kpl\/#breadcrumb\"},\"inLanguage\":\"fi\",\"potentialAction\":[{\"@type\":\"ReadAction\",\"target\":[\"https:\/\/miumjau.ee\/fi\/tuote\/tuoksutetut-koiran-jatospussit-8x20-kpl\/\"]}]},{\"@type\":\"ImageObject\",\"inLanguage\":\"fi\",\"@id\":\"https:\/\/miumjau.ee\/fi\/tuote\/tuoksutetut-koiran-jatospussit-8x20-kpl\/#primaryimage\",\"url\":\"https:\/\/miumjau.ee\/wp-content\/uploads\/2025\/10\/kakakotid-lohnastatud.jpg\",\"contentUrl\":\"https:\/\/miumjau.ee\/wp-content\/uploads\/2025\/10\/kakakotid-lohnastatud.jpg\",\"width\":600,\"height\":800,\"caption\":\"Kakakotid koertele l\u00f5hnastatud 8x 20tk\"},{\"@type\":\"BreadcrumbList\",\"@id\":\"https:\/\/miumjau.ee\/fi\/tuote\/tuoksutetut-koiran-jatospussit-8x20-kpl\/#breadcrumb\",\"itemListElement\":[{\"@type\":\"ListItem\",\"position\":1,\"name\":\"Home\",\"item\":\"https:\/\/miumjau.ee\/fi\/\"},{\"@type\":\"ListItem\",\"position\":2,\"name\":\"Kauppa\",\"item\":\"https:\/\/miumjau.ee\/fi\/kauppa\/\"},{\"@type\":\"ListItem\",\"position\":3,\"name\":\"Tuoksutetut koiran j\u00e4t\u00f6spussit 8\u00d720 kpl\"}]},{\"@type\":\"WebSite\",\"@id\":\"https:\/\/miumjau.ee\/#website\",\"url\":\"https:\/\/miumjau.ee\/\",\"name\":\"MiuMjau\",\"description\":\"Kraapimispuud kassidele\",\"publisher\":{\"@id\":\"https:\/\/miumjau.ee\/#organization\"},\"potentialAction\":[{\"@type\":\"SearchAction\",\"target\":{\"@type\":\"EntryPoint\",\"urlTemplate\":\"https:\/\/miumjau.ee\/?s={search_term_string}\"},\"query-input\":{\"@type\":\"PropertyValueSpecification\",\"valueRequired\":true,\"valueName\":\"search_term_string\"}}],\"inLanguage\":\"fi\"},{\"@type\":\"Organization\",\"@id\":\"https:\/\/miumjau.ee\/#organization\",\"name\":\"MiuMjau O\u00dc\",\"url\":\"https:\/\/miumjau.ee\/\",\"logo\":{\"@type\":\"ImageObject\",\"inLanguage\":\"fi\",\"@id\":\"https:\/\/miumjau.ee\/#\/schema\/logo\/image\/\",\"url\":\"https:\/\/miumjau.ee\/wp-content\/uploads\/2022\/04\/MiuMjau-logo-kollane.png\",\"contentUrl\":\"https:\/\/miumjau.ee\/wp-content\/uploads\/2022\/04\/MiuMjau-logo-kollane.png\",\"width\":219,\"height\":100,\"caption\":\"MiuMjau O\u00dc\"},\"image\":{\"@id\":\"https:\/\/miumjau.ee\/#\/schema\/logo\/image\/\"},\"sameAs\":[\"https:\/\/www.facebook.com\/miumjaupood\/\"]}]}<\/script>\n<!-- \/ Yoast SEO plugin. -->","yoast_head_json":{"title":"Tuoksutetut koiran j\u00e4t\u00f6spussit 8\u00d720 kpl - MiuMjau","robots":{"index":"index","follow":"follow","max-snippet":"max-snippet:-1","max-image-preview":"max-image-preview:large","max-video-preview":"max-video-preview:-1"},"canonical":"https:\/\/miumjau.ee\/fi\/tuote\/tuoksutetut-koiran-jatospussit-8x20-kpl\/","og_locale":"fi_FI","og_type":"article","og_title":"Tuoksutetut koiran j\u00e4t\u00f6spussit 8\u00d720 kpl - MiuMjau","og_description":"Kakkaaminen ei ole h\u00e4pe\u00e4llist\u00e4, mutta sen j\u00e4tt\u00e4minen kadulle on. N\u00e4m\u00e4 k\u00e4tev\u00e4t rullat mahtuvat helposti taskuun ja pelastavat sinut kiusallisilta tilanteilta. Tuoksu: Sea Breeze\u2022 Paksuus 11 \u00b5m \u2013 Edulliset ja k\u00e4yt\u00e4nn\u00f6lliset jokap\u00e4iv\u00e4isiin k\u00e4velyihin\u2022 Repe\u00e4misenkest\u00e4v\u00e4 \u2013 Ei sotkuja ker\u00e4tt\u00e4ess\u00e4\u2022 Kevyt ja kompakti \u2013 Mahtuu helposti taskuihin, annostelijoihin tai klipsill\u00e4 kiinnitett\u00e4v\u00e4\u00e4n pidikkeeseen\u2022 Kompaktit rullat \u2013 Sopii tavallisiin annostelijoihin\u2022 Yhteens\u00e4 160 pussia\u2022 Monik\u00e4ytt\u00f6inen \u2013 Soveltuu my\u00f6s vaipoille, hiekkalaatikoiden siivoamiseen ja matkustamiseen Paino: 270 gMitat: 33\u00d723 cmMateriaali: HDPE","og_url":"https:\/\/miumjau.ee\/fi\/tuote\/tuoksutetut-koiran-jatospussit-8x20-kpl\/","og_site_name":"MiuMjau","article_publisher":"https:\/\/www.facebook.com\/miumjaupood\/","article_modified_time":"2026-01-07T20:48:35+00:00","og_image":[{"width":600,"height":800,"url":"https:\/\/miumjau.ee\/wp-content\/uploads\/2025\/10\/kakakotid-lohnastatud.jpg","type":"image\/jpeg"}],"twitter_card":"summary_large_image","schema":{"@context":"https:\/\/schema.org","@graph":[{"@type":"WebPage","@id":"https:\/\/miumjau.ee\/fi\/tuote\/tuoksutetut-koiran-jatospussit-8x20-kpl\/","url":"https:\/\/miumjau.ee\/fi\/tuote\/tuoksutetut-koiran-jatospussit-8x20-kpl\/","name":"Tuoksutetut koiran j\u00e4t\u00f6spussit 8\u00d720 kpl - MiuMjau","isPartOf":{"@id":"https:\/\/miumjau.ee\/#website"},"primaryImageOfPage":{"@id":"https:\/\/miumjau.ee\/fi\/tuote\/tuoksutetut-koiran-jatospussit-8x20-kpl\/#primaryimage"},"image":{"@id":"https:\/\/miumjau.ee\/fi\/tuote\/tuoksutetut-koiran-jatospussit-8x20-kpl\/#primaryimage"},"thumbnailUrl":"https:\/\/miumjau.ee\/wp-content\/uploads\/2025\/10\/kakakotid-lohnastatud.jpg","datePublished":"2025-10-05T11:11:58+00:00","dateModified":"2026-01-07T20:48:35+00:00","breadcrumb":{"@id":"https:\/\/miumjau.ee\/fi\/tuote\/tuoksutetut-koiran-jatospussit-8x20-kpl\/#breadcrumb"},"inLanguage":"fi","potentialAction":[{"@type":"ReadAction","target":["https:\/\/miumjau.ee\/fi\/tuote\/tuoksutetut-koiran-jatospussit-8x20-kpl\/"]}]},{"@type":"ImageObject","inLanguage":"fi","@id":"https:\/\/miumjau.ee\/fi\/tuote\/tuoksutetut-koiran-jatospussit-8x20-kpl\/#primaryimage","url":"https:\/\/miumjau.ee\/wp-content\/uploads\/2025\/10\/kakakotid-lohnastatud.jpg","contentUrl":"https:\/\/miumjau.ee\/wp-content\/uploads\/2025\/10\/kakakotid-lohnastatud.jpg","width":600,"height":800,"caption":"Kakakotid koertele l\u00f5hnastatud 8x 20tk"},{"@type":"BreadcrumbList","@id":"https:\/\/miumjau.ee\/fi\/tuote\/tuoksutetut-koiran-jatospussit-8x20-kpl\/#breadcrumb","itemListElement":[{"@type":"ListItem","position":1,"name":"Home","item":"https:\/\/miumjau.ee\/fi\/"},{"@type":"ListItem","position":2,"name":"Kauppa","item":"https:\/\/miumjau.ee\/fi\/kauppa\/"},{"@type":"ListItem","position":3,"name":"Tuoksutetut koiran j\u00e4t\u00f6spussit 8\u00d720 kpl"}]},{"@type":"WebSite","@id":"https:\/\/miumjau.ee\/#website","url":"https:\/\/miumjau.ee\/","name":"MiuMjau","description":"Kraapimispuud kassidele","publisher":{"@id":"https:\/\/miumjau.ee\/#organization"},"potentialAction":[{"@type":"SearchAction","target":{"@type":"EntryPoint","urlTemplate":"https:\/\/miumjau.ee\/?s={search_term_string}"},"query-input":{"@type":"PropertyValueSpecification","valueRequired":true,"valueName":"search_term_string"}}],"inLanguage":"fi"},{"@type":"Organization","@id":"https:\/\/miumjau.ee\/#organization","name":"MiuMjau O\u00dc","url":"https:\/\/miumjau.ee\/","logo":{"@type":"ImageObject","inLanguage":"fi","@id":"https:\/\/miumjau.ee\/#\/schema\/logo\/image\/","url":"https:\/\/miumjau.ee\/wp-content\/uploads\/2022\/04\/MiuMjau-logo-kollane.png","contentUrl":"https:\/\/miumjau.ee\/wp-content\/uploads\/2022\/04\/MiuMjau-logo-kollane.png","width":219,"height":100,"caption":"MiuMjau O\u00dc"},"image":{"@id":"https:\/\/miumjau.ee\/#\/schema\/logo\/image\/"},"sameAs":["https:\/\/www.facebook.com\/miumjaupood\/"]}]}},"_links":{"self":[{"href":"https:\/\/miumjau.ee\/fi\/wp-json\/wp\/v2\/product\/42331","targetHints":{"allow":["GET"]}}],"collection":[{"href":"https:\/\/miumjau.ee\/fi\/wp-json\/wp\/v2\/product"}],"about":[{"href":"https:\/\/miumjau.ee\/fi\/wp-json\/wp\/v2\/types\/product"}],"wp:featuredmedia":[{"embeddable":true,"href":"https:\/\/miumjau.ee\/fi\/wp-json\/wp\/v2\/media\/40176"}],"wp:attachment":[{"href":"https:\/\/miumjau.ee\/fi\/wp-json\/wp\/v2\/media?parent=42331"}],"wp:term":[{"taxonomy":"product_brand","embeddable":true,"href":"https:\/\/miumjau.ee\/fi\/wp-json\/wp\/v2\/product_brand?post=42331"},{"taxonomy":"product_cat","embeddable":true,"href":"https:\/\/miumjau.ee\/fi\/wp-json\/wp\/v2\/product_cat?post=42331"},{"taxonomy":"product_tag","embeddable":true,"href":"https:\/\/miumjau.ee\/fi\/wp-json\/wp\/v2\/product_tag?post=42331"}],"curies":[{"name":"wp","href":"https:\/\/api.w.org\/{rel}","templated":true}]}}