{"id":42324,"date":"2025-10-05T14:53:23","date_gmt":"2025-10-05T11:53:23","guid":{"rendered":"https:\/\/miumjau.ee\/toode\/kuljetushakki-pratiko-2-55x36x36-cm-enintaan-15-kg-2\/"},"modified":"2026-01-07T22:48:35","modified_gmt":"2026-01-07T20:48:35","slug":"kuljetushakki-pratiko-2-55x36x36-cm-enintaan-15-kg-2","status":"publish","type":"product","link":"https:\/\/miumjau.ee\/fi\/tuote\/kuljetushakki-pratiko-2-55x36x36-cm-enintaan-15-kg-2\/","title":{"rendered":"Kuljetush\u00e4kki Pratiko 2 55\u00d736\u00d736 cm, enint\u00e4\u00e4n 15 kg"},"content":{"rendered":"","protected":false},"excerpt":{"rendered":"<p data-start=\"872\" data-end=\"1317\">\u2022 <strong data-start=\"874\" data-end=\"898\">Eritt\u00e4in turvallinen<\/strong> \u2013 Metallinen ovi + kovat muovisein\u00e4t (puremisen- ja karkaamisenkest\u00e4v\u00e4)<br data-start=\"970\" data-end=\"973\" \/>\u2022 <strong data-start=\"975\" data-end=\"1019\">Ihanteellinen enint\u00e4\u00e4n 15 kg lemmikeille<\/strong> \u2013 Sopii kissoille sek\u00e4 pienille ja keskikokoisille koirille<br data-start=\"1079\" data-end=\"1082\" \/>\u2022 <strong data-start=\"1084\" data-end=\"1114\">Hyvin ilmastoitu ja n\u00e4kyv\u00e4<\/strong> \u2013 Verkolliset paneelit takaavat ilmanvaihdon ja lemmikin mukavuuden<br data-start=\"1182\" data-end=\"1185\" \/>\u2022 <strong data-start=\"1187\" data-end=\"1222\">Helposti puhdistettava muotoilu<\/strong> \u2013 Pyyhitt\u00e4v\u00e4 muovinen sis\u00e4pinta<br data-start=\"1254\" data-end=\"1257\" \/>\u2022 <strong data-start=\"1259\" data-end=\"1278\">Valmis matkalle<\/strong> \u2013 Kevyt ja kantokahvoilla varustettu<\/p>\n<p data-start=\"1319\" data-end=\"1416\">Ennen lentomatkaa tarkista lentoyhti\u00f6lt\u00e4 k\u00e4simatkatavaran koon ja istuimen alustan vaatimukset.<\/p>\n<p data-start=\"1418\" data-end=\"1483\"><strong data-start=\"1418\" data-end=\"1428\">Paino:<\/strong> 1400 g<br data-start=\"1435\" data-end=\"1438\" \/><strong data-start=\"1438\" data-end=\"1448\">Mitat:<\/strong> 55\u00d736\u00d736 cm<br data-start=\"1460\" data-end=\"1463\" \/><strong data-start=\"1463\" data-end=\"1478\">Materiaali:<\/strong> PP<\/p>\n","protected":false},"featured_media":40236,"template":"","meta":[],"product_brand":[],"product_cat":[300,482],"product_tag":[],"class_list":{"0":"post-42324","1":"product","2":"type-product","3":"status-publish","4":"has-post-thumbnail","6":"product_cat-kuljetuslaatikot-kantokassit","7":"product_cat-hakit-kantolaukut","9":"first","10":"instock","11":"taxable","12":"shipping-taxable","13":"purchasable","14":"product-type-simple"},"yoast_head":"<!-- This site is optimized with the Yoast SEO plugin v27.2 - https:\/\/yoast.com\/product\/yoast-seo-wordpress\/ -->\n<title>Kuljetush\u00e4kki Pratiko 2 55\u00d736\u00d736 cm, enint\u00e4\u00e4n 15 kg - MiuMjau<\/title>\n<meta name=\"robots\" content=\"index, follow, max-snippet:-1, max-image-preview:large, max-video-preview:-1\" \/>\n<link rel=\"canonical\" href=\"https:\/\/miumjau.ee\/fi\/tuote\/kuljetushakki-pratiko-2-55x36x36-cm-enintaan-15-kg-2\/\" \/>\n<meta property=\"og:locale\" content=\"fi_FI\" \/>\n<meta property=\"og:type\" content=\"article\" \/>\n<meta property=\"og:title\" content=\"Kuljetush\u00e4kki Pratiko 2 55\u00d736\u00d736 cm, enint\u00e4\u00e4n 15 kg - MiuMjau\" \/>\n<meta property=\"og:description\" content=\"\u2022 Eritt\u00e4in turvallinen \u2013 Metallinen ovi + kovat muovisein\u00e4t (puremisen- ja karkaamisenkest\u00e4v\u00e4)\u2022 Ihanteellinen enint\u00e4\u00e4n 15 kg lemmikeille \u2013 Sopii kissoille sek\u00e4 pienille ja keskikokoisille koirille\u2022 Hyvin ilmastoitu ja n\u00e4kyv\u00e4 \u2013 Verkolliset paneelit takaavat ilmanvaihdon ja lemmikin mukavuuden\u2022 Helposti puhdistettava muotoilu \u2013 Pyyhitt\u00e4v\u00e4 muovinen sis\u00e4pinta\u2022 Valmis matkalle \u2013 Kevyt ja kantokahvoilla varustettu Ennen lentomatkaa tarkista lentoyhti\u00f6lt\u00e4 k\u00e4simatkatavaran koon ja istuimen alustan vaatimukset. Paino: 1400 gMitat: 55\u00d736\u00d736 cmMateriaali: PP\" \/>\n<meta property=\"og:url\" content=\"https:\/\/miumjau.ee\/fi\/tuote\/kuljetushakki-pratiko-2-55x36x36-cm-enintaan-15-kg-2\/\" \/>\n<meta property=\"og:site_name\" content=\"MiuMjau\" \/>\n<meta property=\"article:publisher\" content=\"https:\/\/www.facebook.com\/miumjaupood\/\" \/>\n<meta property=\"article:modified_time\" content=\"2026-01-07T20:48:35+00:00\" \/>\n<meta property=\"og:image\" content=\"https:\/\/miumjau.ee\/wp-content\/uploads\/2025\/10\/imagehandler-22.jpg\" \/>\n\t<meta property=\"og:image:width\" content=\"600\" \/>\n\t<meta property=\"og:image:height\" content=\"800\" \/>\n\t<meta property=\"og:image:type\" content=\"image\/jpeg\" \/>\n<meta name=\"twitter:card\" content=\"summary_large_image\" \/>\n<script type=\"application\/ld+json\" class=\"yoast-schema-graph\">{\"@context\":\"https:\/\/schema.org\",\"@graph\":[{\"@type\":\"WebPage\",\"@id\":\"https:\/\/miumjau.ee\/fi\/tuote\/kuljetushakki-pratiko-2-55x36x36-cm-enintaan-15-kg-2\/\",\"url\":\"https:\/\/miumjau.ee\/fi\/tuote\/kuljetushakki-pratiko-2-55x36x36-cm-enintaan-15-kg-2\/\",\"name\":\"Kuljetush\u00e4kki Pratiko 2 55\u00d736\u00d736 cm, enint\u00e4\u00e4n 15 kg - MiuMjau\",\"isPartOf\":{\"@id\":\"https:\/\/miumjau.ee\/#website\"},\"primaryImageOfPage\":{\"@id\":\"https:\/\/miumjau.ee\/fi\/tuote\/kuljetushakki-pratiko-2-55x36x36-cm-enintaan-15-kg-2\/#primaryimage\"},\"image\":{\"@id\":\"https:\/\/miumjau.ee\/fi\/tuote\/kuljetushakki-pratiko-2-55x36x36-cm-enintaan-15-kg-2\/#primaryimage\"},\"thumbnailUrl\":\"https:\/\/miumjau.ee\/wp-content\/uploads\/2025\/10\/imagehandler-22.jpg\",\"datePublished\":\"2025-10-05T11:53:23+00:00\",\"dateModified\":\"2026-01-07T20:48:35+00:00\",\"breadcrumb\":{\"@id\":\"https:\/\/miumjau.ee\/fi\/tuote\/kuljetushakki-pratiko-2-55x36x36-cm-enintaan-15-kg-2\/#breadcrumb\"},\"inLanguage\":\"fi\",\"potentialAction\":[{\"@type\":\"ReadAction\",\"target\":[\"https:\/\/miumjau.ee\/fi\/tuote\/kuljetushakki-pratiko-2-55x36x36-cm-enintaan-15-kg-2\/\"]}]},{\"@type\":\"ImageObject\",\"inLanguage\":\"fi\",\"@id\":\"https:\/\/miumjau.ee\/fi\/tuote\/kuljetushakki-pratiko-2-55x36x36-cm-enintaan-15-kg-2\/#primaryimage\",\"url\":\"https:\/\/miumjau.ee\/wp-content\/uploads\/2025\/10\/imagehandler-22.jpg\",\"contentUrl\":\"https:\/\/miumjau.ee\/wp-content\/uploads\/2025\/10\/imagehandler-22.jpg\",\"width\":600,\"height\":800,\"caption\":\"Transpordipuur Pratiko 2 55x36x36cm kuni 15kg\"},{\"@type\":\"BreadcrumbList\",\"@id\":\"https:\/\/miumjau.ee\/fi\/tuote\/kuljetushakki-pratiko-2-55x36x36-cm-enintaan-15-kg-2\/#breadcrumb\",\"itemListElement\":[{\"@type\":\"ListItem\",\"position\":1,\"name\":\"Home\",\"item\":\"https:\/\/miumjau.ee\/fi\/\"},{\"@type\":\"ListItem\",\"position\":2,\"name\":\"Kauppa\",\"item\":\"https:\/\/miumjau.ee\/fi\/kauppa\/\"},{\"@type\":\"ListItem\",\"position\":3,\"name\":\"Kuljetush\u00e4kki Pratiko 2 55\u00d736\u00d736 cm, enint\u00e4\u00e4n 15 kg\"}]},{\"@type\":\"WebSite\",\"@id\":\"https:\/\/miumjau.ee\/#website\",\"url\":\"https:\/\/miumjau.ee\/\",\"name\":\"MiuMjau\",\"description\":\"Kraapimispuud kassidele\",\"publisher\":{\"@id\":\"https:\/\/miumjau.ee\/#organization\"},\"potentialAction\":[{\"@type\":\"SearchAction\",\"target\":{\"@type\":\"EntryPoint\",\"urlTemplate\":\"https:\/\/miumjau.ee\/?s={search_term_string}\"},\"query-input\":{\"@type\":\"PropertyValueSpecification\",\"valueRequired\":true,\"valueName\":\"search_term_string\"}}],\"inLanguage\":\"fi\"},{\"@type\":\"Organization\",\"@id\":\"https:\/\/miumjau.ee\/#organization\",\"name\":\"MiuMjau O\u00dc\",\"url\":\"https:\/\/miumjau.ee\/\",\"logo\":{\"@type\":\"ImageObject\",\"inLanguage\":\"fi\",\"@id\":\"https:\/\/miumjau.ee\/#\/schema\/logo\/image\/\",\"url\":\"https:\/\/miumjau.ee\/wp-content\/uploads\/2022\/04\/MiuMjau-logo-kollane.png\",\"contentUrl\":\"https:\/\/miumjau.ee\/wp-content\/uploads\/2022\/04\/MiuMjau-logo-kollane.png\",\"width\":219,\"height\":100,\"caption\":\"MiuMjau O\u00dc\"},\"image\":{\"@id\":\"https:\/\/miumjau.ee\/#\/schema\/logo\/image\/\"},\"sameAs\":[\"https:\/\/www.facebook.com\/miumjaupood\/\"]}]}<\/script>\n<!-- \/ Yoast SEO plugin. -->","yoast_head_json":{"title":"Kuljetush\u00e4kki Pratiko 2 55\u00d736\u00d736 cm, enint\u00e4\u00e4n 15 kg - MiuMjau","robots":{"index":"index","follow":"follow","max-snippet":"max-snippet:-1","max-image-preview":"max-image-preview:large","max-video-preview":"max-video-preview:-1"},"canonical":"https:\/\/miumjau.ee\/fi\/tuote\/kuljetushakki-pratiko-2-55x36x36-cm-enintaan-15-kg-2\/","og_locale":"fi_FI","og_type":"article","og_title":"Kuljetush\u00e4kki Pratiko 2 55\u00d736\u00d736 cm, enint\u00e4\u00e4n 15 kg - MiuMjau","og_description":"\u2022 Eritt\u00e4in turvallinen \u2013 Metallinen ovi + kovat muovisein\u00e4t (puremisen- ja karkaamisenkest\u00e4v\u00e4)\u2022 Ihanteellinen enint\u00e4\u00e4n 15 kg lemmikeille \u2013 Sopii kissoille sek\u00e4 pienille ja keskikokoisille koirille\u2022 Hyvin ilmastoitu ja n\u00e4kyv\u00e4 \u2013 Verkolliset paneelit takaavat ilmanvaihdon ja lemmikin mukavuuden\u2022 Helposti puhdistettava muotoilu \u2013 Pyyhitt\u00e4v\u00e4 muovinen sis\u00e4pinta\u2022 Valmis matkalle \u2013 Kevyt ja kantokahvoilla varustettu Ennen lentomatkaa tarkista lentoyhti\u00f6lt\u00e4 k\u00e4simatkatavaran koon ja istuimen alustan vaatimukset. Paino: 1400 gMitat: 55\u00d736\u00d736 cmMateriaali: PP","og_url":"https:\/\/miumjau.ee\/fi\/tuote\/kuljetushakki-pratiko-2-55x36x36-cm-enintaan-15-kg-2\/","og_site_name":"MiuMjau","article_publisher":"https:\/\/www.facebook.com\/miumjaupood\/","article_modified_time":"2026-01-07T20:48:35+00:00","og_image":[{"width":600,"height":800,"url":"https:\/\/miumjau.ee\/wp-content\/uploads\/2025\/10\/imagehandler-22.jpg","type":"image\/jpeg"}],"twitter_card":"summary_large_image","schema":{"@context":"https:\/\/schema.org","@graph":[{"@type":"WebPage","@id":"https:\/\/miumjau.ee\/fi\/tuote\/kuljetushakki-pratiko-2-55x36x36-cm-enintaan-15-kg-2\/","url":"https:\/\/miumjau.ee\/fi\/tuote\/kuljetushakki-pratiko-2-55x36x36-cm-enintaan-15-kg-2\/","name":"Kuljetush\u00e4kki Pratiko 2 55\u00d736\u00d736 cm, enint\u00e4\u00e4n 15 kg - MiuMjau","isPartOf":{"@id":"https:\/\/miumjau.ee\/#website"},"primaryImageOfPage":{"@id":"https:\/\/miumjau.ee\/fi\/tuote\/kuljetushakki-pratiko-2-55x36x36-cm-enintaan-15-kg-2\/#primaryimage"},"image":{"@id":"https:\/\/miumjau.ee\/fi\/tuote\/kuljetushakki-pratiko-2-55x36x36-cm-enintaan-15-kg-2\/#primaryimage"},"thumbnailUrl":"https:\/\/miumjau.ee\/wp-content\/uploads\/2025\/10\/imagehandler-22.jpg","datePublished":"2025-10-05T11:53:23+00:00","dateModified":"2026-01-07T20:48:35+00:00","breadcrumb":{"@id":"https:\/\/miumjau.ee\/fi\/tuote\/kuljetushakki-pratiko-2-55x36x36-cm-enintaan-15-kg-2\/#breadcrumb"},"inLanguage":"fi","potentialAction":[{"@type":"ReadAction","target":["https:\/\/miumjau.ee\/fi\/tuote\/kuljetushakki-pratiko-2-55x36x36-cm-enintaan-15-kg-2\/"]}]},{"@type":"ImageObject","inLanguage":"fi","@id":"https:\/\/miumjau.ee\/fi\/tuote\/kuljetushakki-pratiko-2-55x36x36-cm-enintaan-15-kg-2\/#primaryimage","url":"https:\/\/miumjau.ee\/wp-content\/uploads\/2025\/10\/imagehandler-22.jpg","contentUrl":"https:\/\/miumjau.ee\/wp-content\/uploads\/2025\/10\/imagehandler-22.jpg","width":600,"height":800,"caption":"Transpordipuur Pratiko 2 55x36x36cm kuni 15kg"},{"@type":"BreadcrumbList","@id":"https:\/\/miumjau.ee\/fi\/tuote\/kuljetushakki-pratiko-2-55x36x36-cm-enintaan-15-kg-2\/#breadcrumb","itemListElement":[{"@type":"ListItem","position":1,"name":"Home","item":"https:\/\/miumjau.ee\/fi\/"},{"@type":"ListItem","position":2,"name":"Kauppa","item":"https:\/\/miumjau.ee\/fi\/kauppa\/"},{"@type":"ListItem","position":3,"name":"Kuljetush\u00e4kki Pratiko 2 55\u00d736\u00d736 cm, enint\u00e4\u00e4n 15 kg"}]},{"@type":"WebSite","@id":"https:\/\/miumjau.ee\/#website","url":"https:\/\/miumjau.ee\/","name":"MiuMjau","description":"Kraapimispuud kassidele","publisher":{"@id":"https:\/\/miumjau.ee\/#organization"},"potentialAction":[{"@type":"SearchAction","target":{"@type":"EntryPoint","urlTemplate":"https:\/\/miumjau.ee\/?s={search_term_string}"},"query-input":{"@type":"PropertyValueSpecification","valueRequired":true,"valueName":"search_term_string"}}],"inLanguage":"fi"},{"@type":"Organization","@id":"https:\/\/miumjau.ee\/#organization","name":"MiuMjau O\u00dc","url":"https:\/\/miumjau.ee\/","logo":{"@type":"ImageObject","inLanguage":"fi","@id":"https:\/\/miumjau.ee\/#\/schema\/logo\/image\/","url":"https:\/\/miumjau.ee\/wp-content\/uploads\/2022\/04\/MiuMjau-logo-kollane.png","contentUrl":"https:\/\/miumjau.ee\/wp-content\/uploads\/2022\/04\/MiuMjau-logo-kollane.png","width":219,"height":100,"caption":"MiuMjau O\u00dc"},"image":{"@id":"https:\/\/miumjau.ee\/#\/schema\/logo\/image\/"},"sameAs":["https:\/\/www.facebook.com\/miumjaupood\/"]}]}},"_links":{"self":[{"href":"https:\/\/miumjau.ee\/fi\/wp-json\/wp\/v2\/product\/42324","targetHints":{"allow":["GET"]}}],"collection":[{"href":"https:\/\/miumjau.ee\/fi\/wp-json\/wp\/v2\/product"}],"about":[{"href":"https:\/\/miumjau.ee\/fi\/wp-json\/wp\/v2\/types\/product"}],"wp:featuredmedia":[{"embeddable":true,"href":"https:\/\/miumjau.ee\/fi\/wp-json\/wp\/v2\/media\/40236"}],"wp:attachment":[{"href":"https:\/\/miumjau.ee\/fi\/wp-json\/wp\/v2\/media?parent=42324"}],"wp:term":[{"taxonomy":"product_brand","embeddable":true,"href":"https:\/\/miumjau.ee\/fi\/wp-json\/wp\/v2\/product_brand?post=42324"},{"taxonomy":"product_cat","embeddable":true,"href":"https:\/\/miumjau.ee\/fi\/wp-json\/wp\/v2\/product_cat?post=42324"},{"taxonomy":"product_tag","embeddable":true,"href":"https:\/\/miumjau.ee\/fi\/wp-json\/wp\/v2\/product_tag?post=42324"}],"curies":[{"name":"wp","href":"https:\/\/api.w.org\/{rel}","templated":true}]}}