{"id":42311,"date":"2025-10-05T14:42:46","date_gmt":"2025-10-05T11:42:46","guid":{"rendered":"https:\/\/miumjau.ee\/toode\/kuljetushakki-skudo-2-55x36x35-cm-enintaan-15-kg\/"},"modified":"2026-01-07T22:48:42","modified_gmt":"2026-01-07T20:48:42","slug":"kuljetushakki-skudo-2-55x36x35-cm-enintaan-15-kg","status":"publish","type":"product","link":"https:\/\/miumjau.ee\/fi\/tuote\/kuljetushakki-skudo-2-55x36x35-cm-enintaan-15-kg\/","title":{"rendered":"Kuljetush\u00e4kki SKUDO 2 55\u00d736\u00d735 cm, enint\u00e4\u00e4n 15 kg"},"content":{"rendered":"","protected":false},"excerpt":{"rendered":"<p data-start=\"859\" data-end=\"1388\">\u2022 <strong data-start=\"861\" data-end=\"894\">IATA-lentoyhti\u00f6iden hyv\u00e4ksym\u00e4<\/strong> \u2013 T\u00e4ytt\u00e4\u00e4 tiukat k\u00e4simatkatavaran turvallisuusstandardit<br data-start=\"951\" data-end=\"954\" \/>\u2022 <strong data-start=\"956\" data-end=\"980\">Eritt\u00e4in turvallinen<\/strong> \u2013 Metallinen ovi + kest\u00e4v\u00e4 muovirunko (puremisen ja karkaamisen kest\u00e4v\u00e4)<br data-start=\"1053\" data-end=\"1056\" \/>\u2022 <strong data-start=\"1058\" data-end=\"1074\">Kaksoisp\u00e4\u00e4sy<\/strong> \u2013 Yl\u00e4- ja sivuaukot helpottavat lemmikin k\u00e4sittely\u00e4 ilman stressi\u00e4<br data-start=\"1141\" data-end=\"1144\" \/>\u2022 <strong data-start=\"1146\" data-end=\"1170\">Kantavuus jopa 15 kg<\/strong> \u2013 Tilava kissoille sek\u00e4 pienille ja keskikokoisille koirille<br data-start=\"1231\" data-end=\"1234\" \/>\u2022 <strong data-start=\"1236\" data-end=\"1266\">Hyvin ilmastoitu ja mukava<\/strong> \u2013 Verkolliset paneelit takaavat ilmanvaihdon<br data-start=\"1311\" data-end=\"1314\" \/>\u2022 <strong data-start=\"1316\" data-end=\"1335\">Valmis matkalle<\/strong> \u2013 Kevyt ja ergonomisilla kantokahvoilla varustettu<\/p>\n<p data-start=\"1390\" data-end=\"1455\"><strong data-start=\"1390\" data-end=\"1400\">Paino:<\/strong> 1814 g<br data-start=\"1407\" data-end=\"1410\" \/><strong data-start=\"1410\" data-end=\"1420\">Mitat:<\/strong> 55\u00d736\u00d735 cm<br data-start=\"1432\" data-end=\"1435\" \/><strong data-start=\"1435\" data-end=\"1450\">Materiaali:<\/strong> PP<\/p>\n","protected":false},"featured_media":40213,"template":"","meta":[],"product_brand":[],"product_cat":[300,482],"product_tag":[],"class_list":{"0":"post-42311","1":"product","2":"type-product","3":"status-publish","4":"has-post-thumbnail","6":"product_cat-kuljetuslaatikot-kantokassit","7":"product_cat-hakit-kantolaukut","9":"first","10":"outofstock","11":"taxable","12":"shipping-taxable","13":"purchasable","14":"product-type-simple"},"yoast_head":"<!-- This site is optimized with the Yoast SEO plugin v27.2 - https:\/\/yoast.com\/product\/yoast-seo-wordpress\/ -->\n<title>Kuljetush\u00e4kki SKUDO 2 55\u00d736\u00d735 cm, enint\u00e4\u00e4n 15 kg - MiuMjau<\/title>\n<meta name=\"robots\" content=\"index, follow, max-snippet:-1, max-image-preview:large, max-video-preview:-1\" \/>\n<link rel=\"canonical\" href=\"https:\/\/miumjau.ee\/fi\/tuote\/kuljetushakki-skudo-2-55x36x35-cm-enintaan-15-kg\/\" \/>\n<meta property=\"og:locale\" content=\"fi_FI\" \/>\n<meta property=\"og:type\" content=\"article\" \/>\n<meta property=\"og:title\" content=\"Kuljetush\u00e4kki SKUDO 2 55\u00d736\u00d735 cm, enint\u00e4\u00e4n 15 kg - MiuMjau\" \/>\n<meta property=\"og:description\" content=\"\u2022 IATA-lentoyhti\u00f6iden hyv\u00e4ksym\u00e4 \u2013 T\u00e4ytt\u00e4\u00e4 tiukat k\u00e4simatkatavaran turvallisuusstandardit\u2022 Eritt\u00e4in turvallinen \u2013 Metallinen ovi + kest\u00e4v\u00e4 muovirunko (puremisen ja karkaamisen kest\u00e4v\u00e4)\u2022 Kaksoisp\u00e4\u00e4sy \u2013 Yl\u00e4- ja sivuaukot helpottavat lemmikin k\u00e4sittely\u00e4 ilman stressi\u00e4\u2022 Kantavuus jopa 15 kg \u2013 Tilava kissoille sek\u00e4 pienille ja keskikokoisille koirille\u2022 Hyvin ilmastoitu ja mukava \u2013 Verkolliset paneelit takaavat ilmanvaihdon\u2022 Valmis matkalle \u2013 Kevyt ja ergonomisilla kantokahvoilla varustettu Paino: 1814 gMitat: 55\u00d736\u00d735 cmMateriaali: PP\" \/>\n<meta property=\"og:url\" content=\"https:\/\/miumjau.ee\/fi\/tuote\/kuljetushakki-skudo-2-55x36x35-cm-enintaan-15-kg\/\" \/>\n<meta property=\"og:site_name\" content=\"MiuMjau\" \/>\n<meta property=\"article:publisher\" content=\"https:\/\/www.facebook.com\/miumjaupood\/\" \/>\n<meta property=\"article:modified_time\" content=\"2026-01-07T20:48:42+00:00\" \/>\n<meta property=\"og:image\" content=\"https:\/\/miumjau.ee\/wp-content\/uploads\/2025\/10\/kandepuur-skudo2-pealtavatav.jpg\" \/>\n\t<meta property=\"og:image:width\" content=\"600\" \/>\n\t<meta property=\"og:image:height\" content=\"800\" \/>\n\t<meta property=\"og:image:type\" content=\"image\/jpeg\" \/>\n<meta name=\"twitter:card\" content=\"summary_large_image\" \/>\n<script type=\"application\/ld+json\" class=\"yoast-schema-graph\">{\"@context\":\"https:\/\/schema.org\",\"@graph\":[{\"@type\":\"WebPage\",\"@id\":\"https:\/\/miumjau.ee\/fi\/tuote\/kuljetushakki-skudo-2-55x36x35-cm-enintaan-15-kg\/\",\"url\":\"https:\/\/miumjau.ee\/fi\/tuote\/kuljetushakki-skudo-2-55x36x35-cm-enintaan-15-kg\/\",\"name\":\"Kuljetush\u00e4kki SKUDO 2 55\u00d736\u00d735 cm, enint\u00e4\u00e4n 15 kg - MiuMjau\",\"isPartOf\":{\"@id\":\"https:\/\/miumjau.ee\/#website\"},\"primaryImageOfPage\":{\"@id\":\"https:\/\/miumjau.ee\/fi\/tuote\/kuljetushakki-skudo-2-55x36x35-cm-enintaan-15-kg\/#primaryimage\"},\"image\":{\"@id\":\"https:\/\/miumjau.ee\/fi\/tuote\/kuljetushakki-skudo-2-55x36x35-cm-enintaan-15-kg\/#primaryimage\"},\"thumbnailUrl\":\"https:\/\/miumjau.ee\/wp-content\/uploads\/2025\/10\/kandepuur-skudo2-pealtavatav.jpg\",\"datePublished\":\"2025-10-05T11:42:46+00:00\",\"dateModified\":\"2026-01-07T20:48:42+00:00\",\"breadcrumb\":{\"@id\":\"https:\/\/miumjau.ee\/fi\/tuote\/kuljetushakki-skudo-2-55x36x35-cm-enintaan-15-kg\/#breadcrumb\"},\"inLanguage\":\"fi\",\"potentialAction\":[{\"@type\":\"ReadAction\",\"target\":[\"https:\/\/miumjau.ee\/fi\/tuote\/kuljetushakki-skudo-2-55x36x35-cm-enintaan-15-kg\/\"]}]},{\"@type\":\"ImageObject\",\"inLanguage\":\"fi\",\"@id\":\"https:\/\/miumjau.ee\/fi\/tuote\/kuljetushakki-skudo-2-55x36x35-cm-enintaan-15-kg\/#primaryimage\",\"url\":\"https:\/\/miumjau.ee\/wp-content\/uploads\/2025\/10\/kandepuur-skudo2-pealtavatav.jpg\",\"contentUrl\":\"https:\/\/miumjau.ee\/wp-content\/uploads\/2025\/10\/kandepuur-skudo2-pealtavatav.jpg\",\"width\":600,\"height\":800,\"caption\":\"Transpordipuur SKUDO 2 55x36x35cm, kuni 15kg\"},{\"@type\":\"BreadcrumbList\",\"@id\":\"https:\/\/miumjau.ee\/fi\/tuote\/kuljetushakki-skudo-2-55x36x35-cm-enintaan-15-kg\/#breadcrumb\",\"itemListElement\":[{\"@type\":\"ListItem\",\"position\":1,\"name\":\"Home\",\"item\":\"https:\/\/miumjau.ee\/fi\/\"},{\"@type\":\"ListItem\",\"position\":2,\"name\":\"Kauppa\",\"item\":\"https:\/\/miumjau.ee\/fi\/kauppa\/\"},{\"@type\":\"ListItem\",\"position\":3,\"name\":\"Kuljetush\u00e4kki SKUDO 2 55\u00d736\u00d735 cm, enint\u00e4\u00e4n 15 kg\"}]},{\"@type\":\"WebSite\",\"@id\":\"https:\/\/miumjau.ee\/#website\",\"url\":\"https:\/\/miumjau.ee\/\",\"name\":\"MiuMjau\",\"description\":\"Kraapimispuud kassidele\",\"publisher\":{\"@id\":\"https:\/\/miumjau.ee\/#organization\"},\"potentialAction\":[{\"@type\":\"SearchAction\",\"target\":{\"@type\":\"EntryPoint\",\"urlTemplate\":\"https:\/\/miumjau.ee\/?s={search_term_string}\"},\"query-input\":{\"@type\":\"PropertyValueSpecification\",\"valueRequired\":true,\"valueName\":\"search_term_string\"}}],\"inLanguage\":\"fi\"},{\"@type\":\"Organization\",\"@id\":\"https:\/\/miumjau.ee\/#organization\",\"name\":\"MiuMjau O\u00dc\",\"url\":\"https:\/\/miumjau.ee\/\",\"logo\":{\"@type\":\"ImageObject\",\"inLanguage\":\"fi\",\"@id\":\"https:\/\/miumjau.ee\/#\/schema\/logo\/image\/\",\"url\":\"https:\/\/miumjau.ee\/wp-content\/uploads\/2022\/04\/MiuMjau-logo-kollane.png\",\"contentUrl\":\"https:\/\/miumjau.ee\/wp-content\/uploads\/2022\/04\/MiuMjau-logo-kollane.png\",\"width\":219,\"height\":100,\"caption\":\"MiuMjau O\u00dc\"},\"image\":{\"@id\":\"https:\/\/miumjau.ee\/#\/schema\/logo\/image\/\"},\"sameAs\":[\"https:\/\/www.facebook.com\/miumjaupood\/\"]}]}<\/script>\n<!-- \/ Yoast SEO plugin. -->","yoast_head_json":{"title":"Kuljetush\u00e4kki SKUDO 2 55\u00d736\u00d735 cm, enint\u00e4\u00e4n 15 kg - MiuMjau","robots":{"index":"index","follow":"follow","max-snippet":"max-snippet:-1","max-image-preview":"max-image-preview:large","max-video-preview":"max-video-preview:-1"},"canonical":"https:\/\/miumjau.ee\/fi\/tuote\/kuljetushakki-skudo-2-55x36x35-cm-enintaan-15-kg\/","og_locale":"fi_FI","og_type":"article","og_title":"Kuljetush\u00e4kki SKUDO 2 55\u00d736\u00d735 cm, enint\u00e4\u00e4n 15 kg - MiuMjau","og_description":"\u2022 IATA-lentoyhti\u00f6iden hyv\u00e4ksym\u00e4 \u2013 T\u00e4ytt\u00e4\u00e4 tiukat k\u00e4simatkatavaran turvallisuusstandardit\u2022 Eritt\u00e4in turvallinen \u2013 Metallinen ovi + kest\u00e4v\u00e4 muovirunko (puremisen ja karkaamisen kest\u00e4v\u00e4)\u2022 Kaksoisp\u00e4\u00e4sy \u2013 Yl\u00e4- ja sivuaukot helpottavat lemmikin k\u00e4sittely\u00e4 ilman stressi\u00e4\u2022 Kantavuus jopa 15 kg \u2013 Tilava kissoille sek\u00e4 pienille ja keskikokoisille koirille\u2022 Hyvin ilmastoitu ja mukava \u2013 Verkolliset paneelit takaavat ilmanvaihdon\u2022 Valmis matkalle \u2013 Kevyt ja ergonomisilla kantokahvoilla varustettu Paino: 1814 gMitat: 55\u00d736\u00d735 cmMateriaali: PP","og_url":"https:\/\/miumjau.ee\/fi\/tuote\/kuljetushakki-skudo-2-55x36x35-cm-enintaan-15-kg\/","og_site_name":"MiuMjau","article_publisher":"https:\/\/www.facebook.com\/miumjaupood\/","article_modified_time":"2026-01-07T20:48:42+00:00","og_image":[{"width":600,"height":800,"url":"https:\/\/miumjau.ee\/wp-content\/uploads\/2025\/10\/kandepuur-skudo2-pealtavatav.jpg","type":"image\/jpeg"}],"twitter_card":"summary_large_image","schema":{"@context":"https:\/\/schema.org","@graph":[{"@type":"WebPage","@id":"https:\/\/miumjau.ee\/fi\/tuote\/kuljetushakki-skudo-2-55x36x35-cm-enintaan-15-kg\/","url":"https:\/\/miumjau.ee\/fi\/tuote\/kuljetushakki-skudo-2-55x36x35-cm-enintaan-15-kg\/","name":"Kuljetush\u00e4kki SKUDO 2 55\u00d736\u00d735 cm, enint\u00e4\u00e4n 15 kg - MiuMjau","isPartOf":{"@id":"https:\/\/miumjau.ee\/#website"},"primaryImageOfPage":{"@id":"https:\/\/miumjau.ee\/fi\/tuote\/kuljetushakki-skudo-2-55x36x35-cm-enintaan-15-kg\/#primaryimage"},"image":{"@id":"https:\/\/miumjau.ee\/fi\/tuote\/kuljetushakki-skudo-2-55x36x35-cm-enintaan-15-kg\/#primaryimage"},"thumbnailUrl":"https:\/\/miumjau.ee\/wp-content\/uploads\/2025\/10\/kandepuur-skudo2-pealtavatav.jpg","datePublished":"2025-10-05T11:42:46+00:00","dateModified":"2026-01-07T20:48:42+00:00","breadcrumb":{"@id":"https:\/\/miumjau.ee\/fi\/tuote\/kuljetushakki-skudo-2-55x36x35-cm-enintaan-15-kg\/#breadcrumb"},"inLanguage":"fi","potentialAction":[{"@type":"ReadAction","target":["https:\/\/miumjau.ee\/fi\/tuote\/kuljetushakki-skudo-2-55x36x35-cm-enintaan-15-kg\/"]}]},{"@type":"ImageObject","inLanguage":"fi","@id":"https:\/\/miumjau.ee\/fi\/tuote\/kuljetushakki-skudo-2-55x36x35-cm-enintaan-15-kg\/#primaryimage","url":"https:\/\/miumjau.ee\/wp-content\/uploads\/2025\/10\/kandepuur-skudo2-pealtavatav.jpg","contentUrl":"https:\/\/miumjau.ee\/wp-content\/uploads\/2025\/10\/kandepuur-skudo2-pealtavatav.jpg","width":600,"height":800,"caption":"Transpordipuur SKUDO 2 55x36x35cm, kuni 15kg"},{"@type":"BreadcrumbList","@id":"https:\/\/miumjau.ee\/fi\/tuote\/kuljetushakki-skudo-2-55x36x35-cm-enintaan-15-kg\/#breadcrumb","itemListElement":[{"@type":"ListItem","position":1,"name":"Home","item":"https:\/\/miumjau.ee\/fi\/"},{"@type":"ListItem","position":2,"name":"Kauppa","item":"https:\/\/miumjau.ee\/fi\/kauppa\/"},{"@type":"ListItem","position":3,"name":"Kuljetush\u00e4kki SKUDO 2 55\u00d736\u00d735 cm, enint\u00e4\u00e4n 15 kg"}]},{"@type":"WebSite","@id":"https:\/\/miumjau.ee\/#website","url":"https:\/\/miumjau.ee\/","name":"MiuMjau","description":"Kraapimispuud kassidele","publisher":{"@id":"https:\/\/miumjau.ee\/#organization"},"potentialAction":[{"@type":"SearchAction","target":{"@type":"EntryPoint","urlTemplate":"https:\/\/miumjau.ee\/?s={search_term_string}"},"query-input":{"@type":"PropertyValueSpecification","valueRequired":true,"valueName":"search_term_string"}}],"inLanguage":"fi"},{"@type":"Organization","@id":"https:\/\/miumjau.ee\/#organization","name":"MiuMjau O\u00dc","url":"https:\/\/miumjau.ee\/","logo":{"@type":"ImageObject","inLanguage":"fi","@id":"https:\/\/miumjau.ee\/#\/schema\/logo\/image\/","url":"https:\/\/miumjau.ee\/wp-content\/uploads\/2022\/04\/MiuMjau-logo-kollane.png","contentUrl":"https:\/\/miumjau.ee\/wp-content\/uploads\/2022\/04\/MiuMjau-logo-kollane.png","width":219,"height":100,"caption":"MiuMjau O\u00dc"},"image":{"@id":"https:\/\/miumjau.ee\/#\/schema\/logo\/image\/"},"sameAs":["https:\/\/www.facebook.com\/miumjaupood\/"]}]}},"_links":{"self":[{"href":"https:\/\/miumjau.ee\/fi\/wp-json\/wp\/v2\/product\/42311","targetHints":{"allow":["GET"]}}],"collection":[{"href":"https:\/\/miumjau.ee\/fi\/wp-json\/wp\/v2\/product"}],"about":[{"href":"https:\/\/miumjau.ee\/fi\/wp-json\/wp\/v2\/types\/product"}],"wp:featuredmedia":[{"embeddable":true,"href":"https:\/\/miumjau.ee\/fi\/wp-json\/wp\/v2\/media\/40213"}],"wp:attachment":[{"href":"https:\/\/miumjau.ee\/fi\/wp-json\/wp\/v2\/media?parent=42311"}],"wp:term":[{"taxonomy":"product_brand","embeddable":true,"href":"https:\/\/miumjau.ee\/fi\/wp-json\/wp\/v2\/product_brand?post=42311"},{"taxonomy":"product_cat","embeddable":true,"href":"https:\/\/miumjau.ee\/fi\/wp-json\/wp\/v2\/product_cat?post=42311"},{"taxonomy":"product_tag","embeddable":true,"href":"https:\/\/miumjau.ee\/fi\/wp-json\/wp\/v2\/product_tag?post=42311"}],"curies":[{"name":"wp","href":"https:\/\/api.w.org\/{rel}","templated":true}]}}