{"id":42290,"date":"2025-10-05T14:53:25","date_gmt":"2025-10-05T11:53:25","guid":{"rendered":"https:\/\/miumjau.ee\/toode\/kuljetushakki-pratiko-2-55x36x36-cm-enintaan-15-kg\/"},"modified":"2026-01-07T22:48:42","modified_gmt":"2026-01-07T20:48:42","slug":"kuljetushakki-pratiko-2-55x36x36-cm-enintaan-15-kg","status":"publish","type":"product","link":"https:\/\/miumjau.ee\/fi\/tuote\/kuljetushakki-pratiko-2-55x36x36-cm-enintaan-15-kg\/","title":{"rendered":"Kuljetush\u00e4kki Pratiko 2 55\u00d736\u00d736 cm, enint\u00e4\u00e4n 15 kg"},"content":{"rendered":"","protected":false},"excerpt":{"rendered":"<p data-start=\"888\" data-end=\"1319\">\u2022 <strong data-start=\"890\" data-end=\"914\">Eritt\u00e4in turvallinen<\/strong> \u2013 Metallinen ovi ja kovat muovisein\u00e4t (puremisen- ja karkaamisenkest\u00e4v\u00e4)<br data-start=\"987\" data-end=\"990\" \/>\u2022 <strong data-start=\"992\" data-end=\"1036\">Ihanteellinen enint\u00e4\u00e4n 15 kg lemmikeille<\/strong> \u2013 Sopii kissoille sek\u00e4 pienille ja keskikokoisille koirille<br data-start=\"1096\" data-end=\"1099\" \/>\u2022 <strong data-start=\"1101\" data-end=\"1131\">Hyvin ilmastoitu ja n\u00e4kyv\u00e4<\/strong> \u2013 Verkkopaneelit takaavat ilmanvaihdon ja mukavuuden<br data-start=\"1184\" data-end=\"1187\" \/>\u2022 <strong data-start=\"1189\" data-end=\"1224\">Helposti puhdistettava muotoilu<\/strong> \u2013 Pyyhitt\u00e4v\u00e4 muovinen sis\u00e4pinta<br data-start=\"1256\" data-end=\"1259\" \/>\u2022 <strong data-start=\"1261\" data-end=\"1280\">Valmis matkalle<\/strong> \u2013 Kevyt ja varustettu kantokahvoilla<\/p>\n<p data-start=\"1321\" data-end=\"1421\">Ennen lentomatkaa tarkista lentoyhti\u00f6lt\u00e4 ohjeet matkustamon ja istuimen alustan kokovaatimuksista.<\/p>\n<p data-start=\"1423\" data-end=\"1488\"><strong data-start=\"1423\" data-end=\"1433\">Paino:<\/strong> 1400 g<br data-start=\"1440\" data-end=\"1443\" \/><strong data-start=\"1443\" data-end=\"1453\">Mitat:<\/strong> 55\u00d736\u00d736 cm<br data-start=\"1465\" data-end=\"1468\" \/><strong data-start=\"1468\" data-end=\"1483\">Materiaali:<\/strong> PP<\/p>\n","protected":false},"featured_media":40240,"template":"","meta":[],"product_brand":[],"product_cat":[300,482],"product_tag":[],"class_list":{"0":"post-42290","1":"product","2":"type-product","3":"status-publish","4":"has-post-thumbnail","6":"product_cat-kuljetuslaatikot-kantokassit","7":"product_cat-hakit-kantolaukut","9":"first","10":"instock","11":"taxable","12":"shipping-taxable","13":"purchasable","14":"product-type-simple"},"yoast_head":"<!-- This site is optimized with the Yoast SEO plugin v27.2 - https:\/\/yoast.com\/product\/yoast-seo-wordpress\/ -->\n<title>Kuljetush\u00e4kki Pratiko 2 55\u00d736\u00d736 cm, enint\u00e4\u00e4n 15 kg - MiuMjau<\/title>\n<meta name=\"robots\" content=\"index, follow, max-snippet:-1, max-image-preview:large, max-video-preview:-1\" \/>\n<link rel=\"canonical\" href=\"https:\/\/miumjau.ee\/fi\/tuote\/kuljetushakki-pratiko-2-55x36x36-cm-enintaan-15-kg\/\" \/>\n<meta property=\"og:locale\" content=\"fi_FI\" \/>\n<meta property=\"og:type\" content=\"article\" \/>\n<meta property=\"og:title\" content=\"Kuljetush\u00e4kki Pratiko 2 55\u00d736\u00d736 cm, enint\u00e4\u00e4n 15 kg - MiuMjau\" \/>\n<meta property=\"og:description\" content=\"\u2022 Eritt\u00e4in turvallinen \u2013 Metallinen ovi ja kovat muovisein\u00e4t (puremisen- ja karkaamisenkest\u00e4v\u00e4)\u2022 Ihanteellinen enint\u00e4\u00e4n 15 kg lemmikeille \u2013 Sopii kissoille sek\u00e4 pienille ja keskikokoisille koirille\u2022 Hyvin ilmastoitu ja n\u00e4kyv\u00e4 \u2013 Verkkopaneelit takaavat ilmanvaihdon ja mukavuuden\u2022 Helposti puhdistettava muotoilu \u2013 Pyyhitt\u00e4v\u00e4 muovinen sis\u00e4pinta\u2022 Valmis matkalle \u2013 Kevyt ja varustettu kantokahvoilla Ennen lentomatkaa tarkista lentoyhti\u00f6lt\u00e4 ohjeet matkustamon ja istuimen alustan kokovaatimuksista. Paino: 1400 gMitat: 55\u00d736\u00d736 cmMateriaali: PP\" \/>\n<meta property=\"og:url\" content=\"https:\/\/miumjau.ee\/fi\/tuote\/kuljetushakki-pratiko-2-55x36x36-cm-enintaan-15-kg\/\" \/>\n<meta property=\"og:site_name\" content=\"MiuMjau\" \/>\n<meta property=\"article:publisher\" content=\"https:\/\/www.facebook.com\/miumjaupood\/\" \/>\n<meta property=\"article:modified_time\" content=\"2026-01-07T20:48:42+00:00\" \/>\n<meta property=\"og:image\" content=\"https:\/\/miumjau.ee\/wp-content\/uploads\/2025\/10\/imagehandler-21.jpg\" \/>\n\t<meta property=\"og:image:width\" content=\"600\" \/>\n\t<meta property=\"og:image:height\" content=\"800\" \/>\n\t<meta property=\"og:image:type\" content=\"image\/jpeg\" \/>\n<meta name=\"twitter:card\" content=\"summary_large_image\" \/>\n<script type=\"application\/ld+json\" class=\"yoast-schema-graph\">{\"@context\":\"https:\/\/schema.org\",\"@graph\":[{\"@type\":\"WebPage\",\"@id\":\"https:\/\/miumjau.ee\/fi\/tuote\/kuljetushakki-pratiko-2-55x36x36-cm-enintaan-15-kg\/\",\"url\":\"https:\/\/miumjau.ee\/fi\/tuote\/kuljetushakki-pratiko-2-55x36x36-cm-enintaan-15-kg\/\",\"name\":\"Kuljetush\u00e4kki Pratiko 2 55\u00d736\u00d736 cm, enint\u00e4\u00e4n 15 kg - MiuMjau\",\"isPartOf\":{\"@id\":\"https:\/\/miumjau.ee\/#website\"},\"primaryImageOfPage\":{\"@id\":\"https:\/\/miumjau.ee\/fi\/tuote\/kuljetushakki-pratiko-2-55x36x36-cm-enintaan-15-kg\/#primaryimage\"},\"image\":{\"@id\":\"https:\/\/miumjau.ee\/fi\/tuote\/kuljetushakki-pratiko-2-55x36x36-cm-enintaan-15-kg\/#primaryimage\"},\"thumbnailUrl\":\"https:\/\/miumjau.ee\/wp-content\/uploads\/2025\/10\/imagehandler-21.jpg\",\"datePublished\":\"2025-10-05T11:53:25+00:00\",\"dateModified\":\"2026-01-07T20:48:42+00:00\",\"breadcrumb\":{\"@id\":\"https:\/\/miumjau.ee\/fi\/tuote\/kuljetushakki-pratiko-2-55x36x36-cm-enintaan-15-kg\/#breadcrumb\"},\"inLanguage\":\"fi\",\"potentialAction\":[{\"@type\":\"ReadAction\",\"target\":[\"https:\/\/miumjau.ee\/fi\/tuote\/kuljetushakki-pratiko-2-55x36x36-cm-enintaan-15-kg\/\"]}]},{\"@type\":\"ImageObject\",\"inLanguage\":\"fi\",\"@id\":\"https:\/\/miumjau.ee\/fi\/tuote\/kuljetushakki-pratiko-2-55x36x36-cm-enintaan-15-kg\/#primaryimage\",\"url\":\"https:\/\/miumjau.ee\/wp-content\/uploads\/2025\/10\/imagehandler-21.jpg\",\"contentUrl\":\"https:\/\/miumjau.ee\/wp-content\/uploads\/2025\/10\/imagehandler-21.jpg\",\"width\":600,\"height\":800,\"caption\":\"Transpordipuur Pratiko 2 55x36x36cm kuni 15kg\"},{\"@type\":\"BreadcrumbList\",\"@id\":\"https:\/\/miumjau.ee\/fi\/tuote\/kuljetushakki-pratiko-2-55x36x36-cm-enintaan-15-kg\/#breadcrumb\",\"itemListElement\":[{\"@type\":\"ListItem\",\"position\":1,\"name\":\"Home\",\"item\":\"https:\/\/miumjau.ee\/fi\/\"},{\"@type\":\"ListItem\",\"position\":2,\"name\":\"Kauppa\",\"item\":\"https:\/\/miumjau.ee\/fi\/kauppa\/\"},{\"@type\":\"ListItem\",\"position\":3,\"name\":\"Kuljetush\u00e4kki Pratiko 2 55\u00d736\u00d736 cm, enint\u00e4\u00e4n 15 kg\"}]},{\"@type\":\"WebSite\",\"@id\":\"https:\/\/miumjau.ee\/#website\",\"url\":\"https:\/\/miumjau.ee\/\",\"name\":\"MiuMjau\",\"description\":\"Kraapimispuud kassidele\",\"publisher\":{\"@id\":\"https:\/\/miumjau.ee\/#organization\"},\"potentialAction\":[{\"@type\":\"SearchAction\",\"target\":{\"@type\":\"EntryPoint\",\"urlTemplate\":\"https:\/\/miumjau.ee\/?s={search_term_string}\"},\"query-input\":{\"@type\":\"PropertyValueSpecification\",\"valueRequired\":true,\"valueName\":\"search_term_string\"}}],\"inLanguage\":\"fi\"},{\"@type\":\"Organization\",\"@id\":\"https:\/\/miumjau.ee\/#organization\",\"name\":\"MiuMjau O\u00dc\",\"url\":\"https:\/\/miumjau.ee\/\",\"logo\":{\"@type\":\"ImageObject\",\"inLanguage\":\"fi\",\"@id\":\"https:\/\/miumjau.ee\/#\/schema\/logo\/image\/\",\"url\":\"https:\/\/miumjau.ee\/wp-content\/uploads\/2022\/04\/MiuMjau-logo-kollane.png\",\"contentUrl\":\"https:\/\/miumjau.ee\/wp-content\/uploads\/2022\/04\/MiuMjau-logo-kollane.png\",\"width\":219,\"height\":100,\"caption\":\"MiuMjau O\u00dc\"},\"image\":{\"@id\":\"https:\/\/miumjau.ee\/#\/schema\/logo\/image\/\"},\"sameAs\":[\"https:\/\/www.facebook.com\/miumjaupood\/\"]}]}<\/script>\n<!-- \/ Yoast SEO plugin. -->","yoast_head_json":{"title":"Kuljetush\u00e4kki Pratiko 2 55\u00d736\u00d736 cm, enint\u00e4\u00e4n 15 kg - MiuMjau","robots":{"index":"index","follow":"follow","max-snippet":"max-snippet:-1","max-image-preview":"max-image-preview:large","max-video-preview":"max-video-preview:-1"},"canonical":"https:\/\/miumjau.ee\/fi\/tuote\/kuljetushakki-pratiko-2-55x36x36-cm-enintaan-15-kg\/","og_locale":"fi_FI","og_type":"article","og_title":"Kuljetush\u00e4kki Pratiko 2 55\u00d736\u00d736 cm, enint\u00e4\u00e4n 15 kg - MiuMjau","og_description":"\u2022 Eritt\u00e4in turvallinen \u2013 Metallinen ovi ja kovat muovisein\u00e4t (puremisen- ja karkaamisenkest\u00e4v\u00e4)\u2022 Ihanteellinen enint\u00e4\u00e4n 15 kg lemmikeille \u2013 Sopii kissoille sek\u00e4 pienille ja keskikokoisille koirille\u2022 Hyvin ilmastoitu ja n\u00e4kyv\u00e4 \u2013 Verkkopaneelit takaavat ilmanvaihdon ja mukavuuden\u2022 Helposti puhdistettava muotoilu \u2013 Pyyhitt\u00e4v\u00e4 muovinen sis\u00e4pinta\u2022 Valmis matkalle \u2013 Kevyt ja varustettu kantokahvoilla Ennen lentomatkaa tarkista lentoyhti\u00f6lt\u00e4 ohjeet matkustamon ja istuimen alustan kokovaatimuksista. Paino: 1400 gMitat: 55\u00d736\u00d736 cmMateriaali: PP","og_url":"https:\/\/miumjau.ee\/fi\/tuote\/kuljetushakki-pratiko-2-55x36x36-cm-enintaan-15-kg\/","og_site_name":"MiuMjau","article_publisher":"https:\/\/www.facebook.com\/miumjaupood\/","article_modified_time":"2026-01-07T20:48:42+00:00","og_image":[{"width":600,"height":800,"url":"https:\/\/miumjau.ee\/wp-content\/uploads\/2025\/10\/imagehandler-21.jpg","type":"image\/jpeg"}],"twitter_card":"summary_large_image","schema":{"@context":"https:\/\/schema.org","@graph":[{"@type":"WebPage","@id":"https:\/\/miumjau.ee\/fi\/tuote\/kuljetushakki-pratiko-2-55x36x36-cm-enintaan-15-kg\/","url":"https:\/\/miumjau.ee\/fi\/tuote\/kuljetushakki-pratiko-2-55x36x36-cm-enintaan-15-kg\/","name":"Kuljetush\u00e4kki Pratiko 2 55\u00d736\u00d736 cm, enint\u00e4\u00e4n 15 kg - MiuMjau","isPartOf":{"@id":"https:\/\/miumjau.ee\/#website"},"primaryImageOfPage":{"@id":"https:\/\/miumjau.ee\/fi\/tuote\/kuljetushakki-pratiko-2-55x36x36-cm-enintaan-15-kg\/#primaryimage"},"image":{"@id":"https:\/\/miumjau.ee\/fi\/tuote\/kuljetushakki-pratiko-2-55x36x36-cm-enintaan-15-kg\/#primaryimage"},"thumbnailUrl":"https:\/\/miumjau.ee\/wp-content\/uploads\/2025\/10\/imagehandler-21.jpg","datePublished":"2025-10-05T11:53:25+00:00","dateModified":"2026-01-07T20:48:42+00:00","breadcrumb":{"@id":"https:\/\/miumjau.ee\/fi\/tuote\/kuljetushakki-pratiko-2-55x36x36-cm-enintaan-15-kg\/#breadcrumb"},"inLanguage":"fi","potentialAction":[{"@type":"ReadAction","target":["https:\/\/miumjau.ee\/fi\/tuote\/kuljetushakki-pratiko-2-55x36x36-cm-enintaan-15-kg\/"]}]},{"@type":"ImageObject","inLanguage":"fi","@id":"https:\/\/miumjau.ee\/fi\/tuote\/kuljetushakki-pratiko-2-55x36x36-cm-enintaan-15-kg\/#primaryimage","url":"https:\/\/miumjau.ee\/wp-content\/uploads\/2025\/10\/imagehandler-21.jpg","contentUrl":"https:\/\/miumjau.ee\/wp-content\/uploads\/2025\/10\/imagehandler-21.jpg","width":600,"height":800,"caption":"Transpordipuur Pratiko 2 55x36x36cm kuni 15kg"},{"@type":"BreadcrumbList","@id":"https:\/\/miumjau.ee\/fi\/tuote\/kuljetushakki-pratiko-2-55x36x36-cm-enintaan-15-kg\/#breadcrumb","itemListElement":[{"@type":"ListItem","position":1,"name":"Home","item":"https:\/\/miumjau.ee\/fi\/"},{"@type":"ListItem","position":2,"name":"Kauppa","item":"https:\/\/miumjau.ee\/fi\/kauppa\/"},{"@type":"ListItem","position":3,"name":"Kuljetush\u00e4kki Pratiko 2 55\u00d736\u00d736 cm, enint\u00e4\u00e4n 15 kg"}]},{"@type":"WebSite","@id":"https:\/\/miumjau.ee\/#website","url":"https:\/\/miumjau.ee\/","name":"MiuMjau","description":"Kraapimispuud kassidele","publisher":{"@id":"https:\/\/miumjau.ee\/#organization"},"potentialAction":[{"@type":"SearchAction","target":{"@type":"EntryPoint","urlTemplate":"https:\/\/miumjau.ee\/?s={search_term_string}"},"query-input":{"@type":"PropertyValueSpecification","valueRequired":true,"valueName":"search_term_string"}}],"inLanguage":"fi"},{"@type":"Organization","@id":"https:\/\/miumjau.ee\/#organization","name":"MiuMjau O\u00dc","url":"https:\/\/miumjau.ee\/","logo":{"@type":"ImageObject","inLanguage":"fi","@id":"https:\/\/miumjau.ee\/#\/schema\/logo\/image\/","url":"https:\/\/miumjau.ee\/wp-content\/uploads\/2022\/04\/MiuMjau-logo-kollane.png","contentUrl":"https:\/\/miumjau.ee\/wp-content\/uploads\/2022\/04\/MiuMjau-logo-kollane.png","width":219,"height":100,"caption":"MiuMjau O\u00dc"},"image":{"@id":"https:\/\/miumjau.ee\/#\/schema\/logo\/image\/"},"sameAs":["https:\/\/www.facebook.com\/miumjaupood\/"]}]}},"_links":{"self":[{"href":"https:\/\/miumjau.ee\/fi\/wp-json\/wp\/v2\/product\/42290","targetHints":{"allow":["GET"]}}],"collection":[{"href":"https:\/\/miumjau.ee\/fi\/wp-json\/wp\/v2\/product"}],"about":[{"href":"https:\/\/miumjau.ee\/fi\/wp-json\/wp\/v2\/types\/product"}],"wp:featuredmedia":[{"embeddable":true,"href":"https:\/\/miumjau.ee\/fi\/wp-json\/wp\/v2\/media\/40240"}],"wp:attachment":[{"href":"https:\/\/miumjau.ee\/fi\/wp-json\/wp\/v2\/media?parent=42290"}],"wp:term":[{"taxonomy":"product_brand","embeddable":true,"href":"https:\/\/miumjau.ee\/fi\/wp-json\/wp\/v2\/product_brand?post=42290"},{"taxonomy":"product_cat","embeddable":true,"href":"https:\/\/miumjau.ee\/fi\/wp-json\/wp\/v2\/product_cat?post=42290"},{"taxonomy":"product_tag","embeddable":true,"href":"https:\/\/miumjau.ee\/fi\/wp-json\/wp\/v2\/product_tag?post=42290"}],"curies":[{"name":"wp","href":"https:\/\/api.w.org\/{rel}","templated":true}]}}