{"id":40573,"date":"2025-10-13T16:07:55","date_gmt":"2025-10-13T13:07:55","guid":{"rendered":"https:\/\/miumjau.ee\/toode\/tofu-kissanhiekka-murrfect-bambuhiilella-25-kg\/"},"modified":"2026-01-07T22:48:56","modified_gmt":"2026-01-07T20:48:56","slug":"tofu-kissanhiekka-murrfect-bambuhiilella-25-kg","status":"publish","type":"product","link":"https:\/\/miumjau.ee\/fi\/tuote\/tofu-kissanhiekka-murrfect-bambuhiilella-25-kg\/","title":{"rendered":"Tofu-kissanhiekka Murrfect, bambuhiilell\u00e4, 2,5 kg"},"content":{"rendered":"","protected":false},"excerpt":{"rendered":"<h3 data-start=\"57\" data-end=\"96\"><strong data-start=\"61\" data-end=\"96\">Miksi valita tofu-kissanhiekka?<\/strong><\/h3>\n<p data-start=\"98\" data-end=\"302\"><strong data-start=\"98\" data-end=\"124\">Luonnolliset ainesosat<\/strong> \u2013 valmistettu sy\u00f6t\u00e4v\u00e4st\u00e4 tofusta (sojakuidusta), joten se on t\u00e4ysin turvallinen kissoille, kissanpennuille ja ihmisille. Ei sis\u00e4ll\u00e4 kemikaaleja eik\u00e4 keinotekoisia lis\u00e4aineita.<\/p>\n<p data-start=\"304\" data-end=\"429\"><strong data-start=\"304\" data-end=\"349\">Ymp\u00e4rist\u00f6yst\u00e4v\u00e4llinen ja 100 % biohajoava<\/strong> \u2013 voidaan huuhtoa wc:hen tai kompostoida. Ei huolta ylim\u00e4\u00e4r\u00e4isist\u00e4 j\u00e4tteist\u00e4.<\/p>\n<p data-start=\"431\" data-end=\"599\"><strong data-start=\"431\" data-end=\"459\">Erinomainen hajunsidonta<\/strong> \u2013 tofu-rakeet imev\u00e4t kosteuden tehokkaasti ja muodostavat nopeasti kiinteit\u00e4 paakkuja, jotka est\u00e4v\u00e4t ep\u00e4miellytt\u00e4vien hajujen levi\u00e4misen.<\/p>\n<p data-start=\"601\" data-end=\"728\"><strong data-start=\"601\" data-end=\"630\">Pehme\u00e4 ja hell\u00e4 tassuille<\/strong> \u2013 pienet ja kevyet rakeet tuntuvat miellytt\u00e4vilt\u00e4 jopa kaikkein nirsoimpien kissojen tassuissa.<\/p>\n<p data-start=\"730\" data-end=\"804\"><strong data-start=\"730\" data-end=\"750\">Helppo yll\u00e4pit\u00e4\u00e4<\/strong> \u2013 ei murene, ei p\u00f6ly\u00e4, helppo puhdistaa ja vaihtaa.<\/p>\n<p data-start=\"806\" data-end=\"909\"><strong data-start=\"806\" data-end=\"844\">P\u00f6lyt\u00f6n \u2013 sopii allergiaperheisiin<\/strong> \u2013 pit\u00e4\u00e4 hengitystiet tervein\u00e4 sek\u00e4 el\u00e4imill\u00e4 ett\u00e4 omistajilla.<\/p>\n<p data-start=\"911\" data-end=\"1323\"><strong data-start=\"911\" data-end=\"970\">Saatavilla eri tuoksuissa \u2013 viel\u00e4 enemm\u00e4n vaihtoehtoja:<\/strong><br data-start=\"970\" data-end=\"973\" \/>\ud83c\udf31 <strong data-start=\"976\" data-end=\"1008\">Vihre\u00e4n teen tuoksuinen tofu<\/strong> \u2013 luonnollinen raikkaus, joka auttaa pit\u00e4m\u00e4\u00e4n kodin miellytt\u00e4v\u00e4n tuoksuisena.<br data-start=\"1086\" data-end=\"1089\" \/>\ud83c\udf11 <strong data-start=\"1092\" data-end=\"1122\">Bambuhiilt\u00e4 sis\u00e4lt\u00e4v\u00e4 tofu<\/strong> \u2013 entist\u00e4 tehokkaampi hajunpoisto, erinomainen valinta herkkiin tai monikissatalouksiin.<br data-start=\"1211\" data-end=\"1214\" \/>\ud83e\udd0d <strong data-start=\"1217\" data-end=\"1235\">Neutraali tofu<\/strong> \u2013 hajusteeton vaihtoehto, t\u00e4ydellinen allergisille kissoille ja herkille omistajille.<\/p>\n","protected":false},"featured_media":40504,"template":"","meta":[],"product_brand":[],"product_cat":[286],"product_tag":[],"class_list":{"0":"post-40573","1":"product","2":"type-product","3":"status-publish","4":"has-post-thumbnail","6":"product_cat-kissanhiekka-fi","8":"first","9":"instock","10":"taxable","11":"shipping-taxable","12":"purchasable","13":"product-type-simple"},"yoast_head":"<!-- This site is optimized with the Yoast SEO plugin v27.2 - https:\/\/yoast.com\/product\/yoast-seo-wordpress\/ -->\n<title>Tofu-kissanhiekka Murrfect, bambuhiilell\u00e4, 2,5 kg - MiuMjau<\/title>\n<meta name=\"robots\" content=\"index, follow, max-snippet:-1, max-image-preview:large, max-video-preview:-1\" \/>\n<link rel=\"canonical\" href=\"https:\/\/miumjau.ee\/fi\/tuote\/tofu-kissanhiekka-murrfect-bambuhiilella-25-kg\/\" \/>\n<meta property=\"og:locale\" content=\"fi_FI\" \/>\n<meta property=\"og:type\" content=\"article\" \/>\n<meta property=\"og:title\" content=\"Tofu-kissanhiekka Murrfect, bambuhiilell\u00e4, 2,5 kg - MiuMjau\" \/>\n<meta property=\"og:description\" content=\"Miksi valita tofu-kissanhiekka? Luonnolliset ainesosat \u2013 valmistettu sy\u00f6t\u00e4v\u00e4st\u00e4 tofusta (sojakuidusta), joten se on t\u00e4ysin turvallinen kissoille, kissanpennuille ja ihmisille. Ei sis\u00e4ll\u00e4 kemikaaleja eik\u00e4 keinotekoisia lis\u00e4aineita. Ymp\u00e4rist\u00f6yst\u00e4v\u00e4llinen ja 100 % biohajoava \u2013 voidaan huuhtoa wc:hen tai kompostoida. Ei huolta ylim\u00e4\u00e4r\u00e4isist\u00e4 j\u00e4tteist\u00e4. Erinomainen hajunsidonta \u2013 tofu-rakeet imev\u00e4t kosteuden tehokkaasti ja muodostavat nopeasti kiinteit\u00e4 paakkuja, jotka est\u00e4v\u00e4t ep\u00e4miellytt\u00e4vien hajujen levi\u00e4misen. Pehme\u00e4 ja hell\u00e4 tassuille \u2013 pienet ja kevyet rakeet tuntuvat miellytt\u00e4vilt\u00e4 jopa kaikkein nirsoimpien kissojen tassuissa. Helppo yll\u00e4pit\u00e4\u00e4 \u2013 ei murene, ei p\u00f6ly\u00e4, helppo puhdistaa ja vaihtaa. P\u00f6lyt\u00f6n \u2013 sopii allergiaperheisiin \u2013 pit\u00e4\u00e4 hengitystiet tervein\u00e4 sek\u00e4 el\u00e4imill\u00e4 ett\u00e4 omistajilla. Saatavilla eri tuoksuissa \u2013 viel\u00e4 enemm\u00e4n vaihtoehtoja:\ud83c\udf31 Vihre\u00e4n teen tuoksuinen tofu \u2013 luonnollinen raikkaus, joka auttaa pit\u00e4m\u00e4\u00e4n kodin miellytt\u00e4v\u00e4n tuoksuisena.\ud83c\udf11 Bambuhiilt\u00e4 sis\u00e4lt\u00e4v\u00e4 tofu \u2013 entist\u00e4 tehokkaampi hajunpoisto, erinomainen valinta herkkiin tai monikissatalouksiin.\ud83e\udd0d Neutraali tofu \u2013 hajusteeton vaihtoehto, t\u00e4ydellinen allergisille kissoille ja herkille omistajille.\" \/>\n<meta property=\"og:url\" content=\"https:\/\/miumjau.ee\/fi\/tuote\/tofu-kissanhiekka-murrfect-bambuhiilella-25-kg\/\" \/>\n<meta property=\"og:site_name\" content=\"MiuMjau\" \/>\n<meta property=\"article:publisher\" content=\"https:\/\/www.facebook.com\/miumjaupood\/\" \/>\n<meta property=\"article:modified_time\" content=\"2026-01-07T20:48:56+00:00\" \/>\n<meta property=\"og:image\" content=\"https:\/\/miumjau.ee\/wp-content\/uploads\/2025\/10\/murrfect-tofu-kassiliiv9.jpg\" \/>\n\t<meta property=\"og:image:width\" content=\"600\" \/>\n\t<meta property=\"og:image:height\" content=\"800\" \/>\n\t<meta property=\"og:image:type\" content=\"image\/jpeg\" \/>\n<meta name=\"twitter:card\" content=\"summary_large_image\" \/>\n<script type=\"application\/ld+json\" class=\"yoast-schema-graph\">{\"@context\":\"https:\/\/schema.org\",\"@graph\":[{\"@type\":\"WebPage\",\"@id\":\"https:\/\/miumjau.ee\/fi\/tuote\/tofu-kissanhiekka-murrfect-bambuhiilella-25-kg\/\",\"url\":\"https:\/\/miumjau.ee\/fi\/tuote\/tofu-kissanhiekka-murrfect-bambuhiilella-25-kg\/\",\"name\":\"Tofu-kissanhiekka Murrfect, bambuhiilell\u00e4, 2,5 kg - MiuMjau\",\"isPartOf\":{\"@id\":\"https:\/\/miumjau.ee\/#website\"},\"primaryImageOfPage\":{\"@id\":\"https:\/\/miumjau.ee\/fi\/tuote\/tofu-kissanhiekka-murrfect-bambuhiilella-25-kg\/#primaryimage\"},\"image\":{\"@id\":\"https:\/\/miumjau.ee\/fi\/tuote\/tofu-kissanhiekka-murrfect-bambuhiilella-25-kg\/#primaryimage\"},\"thumbnailUrl\":\"https:\/\/miumjau.ee\/wp-content\/uploads\/2025\/10\/murrfect-tofu-kassiliiv9.jpg\",\"datePublished\":\"2025-10-13T13:07:55+00:00\",\"dateModified\":\"2026-01-07T20:48:56+00:00\",\"breadcrumb\":{\"@id\":\"https:\/\/miumjau.ee\/fi\/tuote\/tofu-kissanhiekka-murrfect-bambuhiilella-25-kg\/#breadcrumb\"},\"inLanguage\":\"fi\",\"potentialAction\":[{\"@type\":\"ReadAction\",\"target\":[\"https:\/\/miumjau.ee\/fi\/tuote\/tofu-kissanhiekka-murrfect-bambuhiilella-25-kg\/\"]}]},{\"@type\":\"ImageObject\",\"inLanguage\":\"fi\",\"@id\":\"https:\/\/miumjau.ee\/fi\/tuote\/tofu-kissanhiekka-murrfect-bambuhiilella-25-kg\/#primaryimage\",\"url\":\"https:\/\/miumjau.ee\/wp-content\/uploads\/2025\/10\/murrfect-tofu-kassiliiv9.jpg\",\"contentUrl\":\"https:\/\/miumjau.ee\/wp-content\/uploads\/2025\/10\/murrfect-tofu-kassiliiv9.jpg\",\"width\":600,\"height\":800,\"caption\":\"Tofu kassiliiv Murrfect, lavendel 2,5kg\"},{\"@type\":\"BreadcrumbList\",\"@id\":\"https:\/\/miumjau.ee\/fi\/tuote\/tofu-kissanhiekka-murrfect-bambuhiilella-25-kg\/#breadcrumb\",\"itemListElement\":[{\"@type\":\"ListItem\",\"position\":1,\"name\":\"Home\",\"item\":\"https:\/\/miumjau.ee\/fi\/\"},{\"@type\":\"ListItem\",\"position\":2,\"name\":\"Kauppa\",\"item\":\"https:\/\/miumjau.ee\/fi\/kauppa\/\"},{\"@type\":\"ListItem\",\"position\":3,\"name\":\"Tofu-kissanhiekka Murrfect, bambuhiilell\u00e4, 2,5 kg\"}]},{\"@type\":\"WebSite\",\"@id\":\"https:\/\/miumjau.ee\/#website\",\"url\":\"https:\/\/miumjau.ee\/\",\"name\":\"MiuMjau\",\"description\":\"Kraapimispuud kassidele\",\"publisher\":{\"@id\":\"https:\/\/miumjau.ee\/#organization\"},\"potentialAction\":[{\"@type\":\"SearchAction\",\"target\":{\"@type\":\"EntryPoint\",\"urlTemplate\":\"https:\/\/miumjau.ee\/?s={search_term_string}\"},\"query-input\":{\"@type\":\"PropertyValueSpecification\",\"valueRequired\":true,\"valueName\":\"search_term_string\"}}],\"inLanguage\":\"fi\"},{\"@type\":\"Organization\",\"@id\":\"https:\/\/miumjau.ee\/#organization\",\"name\":\"MiuMjau O\u00dc\",\"url\":\"https:\/\/miumjau.ee\/\",\"logo\":{\"@type\":\"ImageObject\",\"inLanguage\":\"fi\",\"@id\":\"https:\/\/miumjau.ee\/#\/schema\/logo\/image\/\",\"url\":\"https:\/\/miumjau.ee\/wp-content\/uploads\/2022\/04\/MiuMjau-logo-kollane.png\",\"contentUrl\":\"https:\/\/miumjau.ee\/wp-content\/uploads\/2022\/04\/MiuMjau-logo-kollane.png\",\"width\":219,\"height\":100,\"caption\":\"MiuMjau O\u00dc\"},\"image\":{\"@id\":\"https:\/\/miumjau.ee\/#\/schema\/logo\/image\/\"},\"sameAs\":[\"https:\/\/www.facebook.com\/miumjaupood\/\"]}]}<\/script>\n<!-- \/ Yoast SEO plugin. -->","yoast_head_json":{"title":"Tofu-kissanhiekka Murrfect, bambuhiilell\u00e4, 2,5 kg - MiuMjau","robots":{"index":"index","follow":"follow","max-snippet":"max-snippet:-1","max-image-preview":"max-image-preview:large","max-video-preview":"max-video-preview:-1"},"canonical":"https:\/\/miumjau.ee\/fi\/tuote\/tofu-kissanhiekka-murrfect-bambuhiilella-25-kg\/","og_locale":"fi_FI","og_type":"article","og_title":"Tofu-kissanhiekka Murrfect, bambuhiilell\u00e4, 2,5 kg - MiuMjau","og_description":"Miksi valita tofu-kissanhiekka? Luonnolliset ainesosat \u2013 valmistettu sy\u00f6t\u00e4v\u00e4st\u00e4 tofusta (sojakuidusta), joten se on t\u00e4ysin turvallinen kissoille, kissanpennuille ja ihmisille. Ei sis\u00e4ll\u00e4 kemikaaleja eik\u00e4 keinotekoisia lis\u00e4aineita. Ymp\u00e4rist\u00f6yst\u00e4v\u00e4llinen ja 100 % biohajoava \u2013 voidaan huuhtoa wc:hen tai kompostoida. Ei huolta ylim\u00e4\u00e4r\u00e4isist\u00e4 j\u00e4tteist\u00e4. Erinomainen hajunsidonta \u2013 tofu-rakeet imev\u00e4t kosteuden tehokkaasti ja muodostavat nopeasti kiinteit\u00e4 paakkuja, jotka est\u00e4v\u00e4t ep\u00e4miellytt\u00e4vien hajujen levi\u00e4misen. Pehme\u00e4 ja hell\u00e4 tassuille \u2013 pienet ja kevyet rakeet tuntuvat miellytt\u00e4vilt\u00e4 jopa kaikkein nirsoimpien kissojen tassuissa. Helppo yll\u00e4pit\u00e4\u00e4 \u2013 ei murene, ei p\u00f6ly\u00e4, helppo puhdistaa ja vaihtaa. P\u00f6lyt\u00f6n \u2013 sopii allergiaperheisiin \u2013 pit\u00e4\u00e4 hengitystiet tervein\u00e4 sek\u00e4 el\u00e4imill\u00e4 ett\u00e4 omistajilla. Saatavilla eri tuoksuissa \u2013 viel\u00e4 enemm\u00e4n vaihtoehtoja:\ud83c\udf31 Vihre\u00e4n teen tuoksuinen tofu \u2013 luonnollinen raikkaus, joka auttaa pit\u00e4m\u00e4\u00e4n kodin miellytt\u00e4v\u00e4n tuoksuisena.\ud83c\udf11 Bambuhiilt\u00e4 sis\u00e4lt\u00e4v\u00e4 tofu \u2013 entist\u00e4 tehokkaampi hajunpoisto, erinomainen valinta herkkiin tai monikissatalouksiin.\ud83e\udd0d Neutraali tofu \u2013 hajusteeton vaihtoehto, t\u00e4ydellinen allergisille kissoille ja herkille omistajille.","og_url":"https:\/\/miumjau.ee\/fi\/tuote\/tofu-kissanhiekka-murrfect-bambuhiilella-25-kg\/","og_site_name":"MiuMjau","article_publisher":"https:\/\/www.facebook.com\/miumjaupood\/","article_modified_time":"2026-01-07T20:48:56+00:00","og_image":[{"width":600,"height":800,"url":"https:\/\/miumjau.ee\/wp-content\/uploads\/2025\/10\/murrfect-tofu-kassiliiv9.jpg","type":"image\/jpeg"}],"twitter_card":"summary_large_image","schema":{"@context":"https:\/\/schema.org","@graph":[{"@type":"WebPage","@id":"https:\/\/miumjau.ee\/fi\/tuote\/tofu-kissanhiekka-murrfect-bambuhiilella-25-kg\/","url":"https:\/\/miumjau.ee\/fi\/tuote\/tofu-kissanhiekka-murrfect-bambuhiilella-25-kg\/","name":"Tofu-kissanhiekka Murrfect, bambuhiilell\u00e4, 2,5 kg - MiuMjau","isPartOf":{"@id":"https:\/\/miumjau.ee\/#website"},"primaryImageOfPage":{"@id":"https:\/\/miumjau.ee\/fi\/tuote\/tofu-kissanhiekka-murrfect-bambuhiilella-25-kg\/#primaryimage"},"image":{"@id":"https:\/\/miumjau.ee\/fi\/tuote\/tofu-kissanhiekka-murrfect-bambuhiilella-25-kg\/#primaryimage"},"thumbnailUrl":"https:\/\/miumjau.ee\/wp-content\/uploads\/2025\/10\/murrfect-tofu-kassiliiv9.jpg","datePublished":"2025-10-13T13:07:55+00:00","dateModified":"2026-01-07T20:48:56+00:00","breadcrumb":{"@id":"https:\/\/miumjau.ee\/fi\/tuote\/tofu-kissanhiekka-murrfect-bambuhiilella-25-kg\/#breadcrumb"},"inLanguage":"fi","potentialAction":[{"@type":"ReadAction","target":["https:\/\/miumjau.ee\/fi\/tuote\/tofu-kissanhiekka-murrfect-bambuhiilella-25-kg\/"]}]},{"@type":"ImageObject","inLanguage":"fi","@id":"https:\/\/miumjau.ee\/fi\/tuote\/tofu-kissanhiekka-murrfect-bambuhiilella-25-kg\/#primaryimage","url":"https:\/\/miumjau.ee\/wp-content\/uploads\/2025\/10\/murrfect-tofu-kassiliiv9.jpg","contentUrl":"https:\/\/miumjau.ee\/wp-content\/uploads\/2025\/10\/murrfect-tofu-kassiliiv9.jpg","width":600,"height":800,"caption":"Tofu kassiliiv Murrfect, lavendel 2,5kg"},{"@type":"BreadcrumbList","@id":"https:\/\/miumjau.ee\/fi\/tuote\/tofu-kissanhiekka-murrfect-bambuhiilella-25-kg\/#breadcrumb","itemListElement":[{"@type":"ListItem","position":1,"name":"Home","item":"https:\/\/miumjau.ee\/fi\/"},{"@type":"ListItem","position":2,"name":"Kauppa","item":"https:\/\/miumjau.ee\/fi\/kauppa\/"},{"@type":"ListItem","position":3,"name":"Tofu-kissanhiekka Murrfect, bambuhiilell\u00e4, 2,5 kg"}]},{"@type":"WebSite","@id":"https:\/\/miumjau.ee\/#website","url":"https:\/\/miumjau.ee\/","name":"MiuMjau","description":"Kraapimispuud kassidele","publisher":{"@id":"https:\/\/miumjau.ee\/#organization"},"potentialAction":[{"@type":"SearchAction","target":{"@type":"EntryPoint","urlTemplate":"https:\/\/miumjau.ee\/?s={search_term_string}"},"query-input":{"@type":"PropertyValueSpecification","valueRequired":true,"valueName":"search_term_string"}}],"inLanguage":"fi"},{"@type":"Organization","@id":"https:\/\/miumjau.ee\/#organization","name":"MiuMjau O\u00dc","url":"https:\/\/miumjau.ee\/","logo":{"@type":"ImageObject","inLanguage":"fi","@id":"https:\/\/miumjau.ee\/#\/schema\/logo\/image\/","url":"https:\/\/miumjau.ee\/wp-content\/uploads\/2022\/04\/MiuMjau-logo-kollane.png","contentUrl":"https:\/\/miumjau.ee\/wp-content\/uploads\/2022\/04\/MiuMjau-logo-kollane.png","width":219,"height":100,"caption":"MiuMjau O\u00dc"},"image":{"@id":"https:\/\/miumjau.ee\/#\/schema\/logo\/image\/"},"sameAs":["https:\/\/www.facebook.com\/miumjaupood\/"]}]}},"_links":{"self":[{"href":"https:\/\/miumjau.ee\/fi\/wp-json\/wp\/v2\/product\/40573","targetHints":{"allow":["GET"]}}],"collection":[{"href":"https:\/\/miumjau.ee\/fi\/wp-json\/wp\/v2\/product"}],"about":[{"href":"https:\/\/miumjau.ee\/fi\/wp-json\/wp\/v2\/types\/product"}],"wp:featuredmedia":[{"embeddable":true,"href":"https:\/\/miumjau.ee\/fi\/wp-json\/wp\/v2\/media\/40504"}],"wp:attachment":[{"href":"https:\/\/miumjau.ee\/fi\/wp-json\/wp\/v2\/media?parent=40573"}],"wp:term":[{"taxonomy":"product_brand","embeddable":true,"href":"https:\/\/miumjau.ee\/fi\/wp-json\/wp\/v2\/product_brand?post=40573"},{"taxonomy":"product_cat","embeddable":true,"href":"https:\/\/miumjau.ee\/fi\/wp-json\/wp\/v2\/product_cat?post=40573"},{"taxonomy":"product_tag","embeddable":true,"href":"https:\/\/miumjau.ee\/fi\/wp-json\/wp\/v2\/product_tag?post=40573"}],"curies":[{"name":"wp","href":"https:\/\/api.w.org\/{rel}","templated":true}]}}