{"id":40119,"date":"2025-10-04T18:52:22","date_gmt":"2025-10-04T15:52:22","guid":{"rendered":"https:\/\/miumjau.ee\/?post_type=product&#038;p=40119"},"modified":"2026-01-07T22:29:13","modified_gmt":"2026-01-07T20:29:13","slug":"tofu-kissanhiekka-uniq-pets-persikan-2500g","status":"publish","type":"product","link":"https:\/\/miumjau.ee\/fi\/tuote\/tofu-kissanhiekka-uniq-pets-persikan-2500g\/","title":{"rendered":"Tofu-kissanhiekka Uniq Pets, persikan tuoksuinen, 2.5 kg"},"content":{"rendered":"","protected":false},"excerpt":{"rendered":"<p>Biohajoava ja ymp\u00e4rist\u00f6yst\u00e4v\u00e4llinen, kevyt ja eritt\u00e4in imukykyinen, turvallinen kissoille ja hell\u00e4 tassuille, ilman hajusteita ja kemiallisia lis\u00e4aineita.<\/p>\n<p>Paino: 2,5 kg \/ 6 l<\/p>\n<p>Koostumus: hernekuitu 45 %, maissit\u00e4rkkelys 40 %, antibakteeriset probiootit 13 %, guarkumi 2 %.<\/p>\n<p>PS: MiuMjau vahvistaa, ett\u00e4 t\u00e4m\u00e4 on yksi parhaista tofu-hiekoista t\u00e4ss\u00e4 hintaluokassa. Kest\u00e4\u00e4 pitk\u00e4\u00e4n ja on todella luotettava!<\/p>\n","protected":false},"featured_media":40151,"template":"","meta":[],"product_brand":[],"product_cat":[286],"product_tag":[],"class_list":{"0":"post-40119","1":"product","2":"type-product","3":"status-publish","4":"has-post-thumbnail","6":"product_cat-kissanhiekka-fi","8":"first","9":"instock","10":"taxable","11":"shipping-taxable","12":"purchasable","13":"product-type-simple"},"yoast_head":"<!-- This site is optimized with the Yoast SEO plugin v27.2 - https:\/\/yoast.com\/product\/yoast-seo-wordpress\/ -->\n<title>Tofu-kissanhiekka Uniq Pets, persikan tuoksuinen, 2.5 kg - MiuMjau<\/title>\n<meta name=\"description\" content=\"Uniq Pets tofu kissanhiekka paakkuuntuu eritt\u00e4in hyvin, ehk\u00e4isee ep\u00e4miellytt\u00e4vi\u00e4 hajuja ja on hintaluokassaan eritt\u00e4in hyv\u00e4.\" \/>\n<meta name=\"robots\" content=\"index, follow, max-snippet:-1, max-image-preview:large, max-video-preview:-1\" \/>\n<link rel=\"canonical\" href=\"https:\/\/miumjau.ee\/fi\/tuote\/tofu-kissanhiekka-uniq-pets-persikan-2500g\/\" \/>\n<meta property=\"og:locale\" content=\"fi_FI\" \/>\n<meta property=\"og:type\" content=\"article\" \/>\n<meta property=\"og:title\" content=\"Tofu-kissanhiekka Uniq Pets, persikan tuoksuinen, 2.5 kg - MiuMjau\" \/>\n<meta property=\"og:description\" content=\"Uniq Pets tofu kissanhiekka paakkuuntuu eritt\u00e4in hyvin, ehk\u00e4isee ep\u00e4miellytt\u00e4vi\u00e4 hajuja ja on hintaluokassaan eritt\u00e4in hyv\u00e4.\" \/>\n<meta property=\"og:url\" content=\"https:\/\/miumjau.ee\/fi\/tuote\/tofu-kissanhiekka-uniq-pets-persikan-2500g\/\" \/>\n<meta property=\"og:site_name\" content=\"MiuMjau\" \/>\n<meta property=\"article:publisher\" content=\"https:\/\/www.facebook.com\/miumjaupood\/\" \/>\n<meta property=\"article:modified_time\" content=\"2026-01-07T20:29:13+00:00\" \/>\n<meta property=\"og:image\" content=\"https:\/\/miumjau.ee\/wp-content\/uploads\/2025\/10\/uniq-pets-tofu-kassiliiv9.jpg\" \/>\n\t<meta property=\"og:image:width\" content=\"600\" \/>\n\t<meta property=\"og:image:height\" content=\"800\" \/>\n\t<meta property=\"og:image:type\" content=\"image\/jpeg\" \/>\n<meta name=\"twitter:card\" content=\"summary_large_image\" \/>\n<meta name=\"twitter:label1\" content=\"Arvioitu lukuaika\" \/>\n\t<meta name=\"twitter:data1\" content=\"1 minuutti\" \/>\n<script type=\"application\/ld+json\" class=\"yoast-schema-graph\">{\"@context\":\"https:\/\/schema.org\",\"@graph\":[{\"@type\":\"WebPage\",\"@id\":\"https:\/\/miumjau.ee\/fi\/tuote\/tofu-kissanhiekka-uniq-pets-persikan-2500g\/\",\"url\":\"https:\/\/miumjau.ee\/fi\/tuote\/tofu-kissanhiekka-uniq-pets-persikan-2500g\/\",\"name\":\"Tofu-kissanhiekka Uniq Pets, persikan tuoksuinen, 2.5 kg - MiuMjau\",\"isPartOf\":{\"@id\":\"https:\/\/miumjau.ee\/#website\"},\"primaryImageOfPage\":{\"@id\":\"https:\/\/miumjau.ee\/fi\/tuote\/tofu-kissanhiekka-uniq-pets-persikan-2500g\/#primaryimage\"},\"image\":{\"@id\":\"https:\/\/miumjau.ee\/fi\/tuote\/tofu-kissanhiekka-uniq-pets-persikan-2500g\/#primaryimage\"},\"thumbnailUrl\":\"https:\/\/miumjau.ee\/wp-content\/uploads\/2025\/10\/uniq-pets-tofu-kassiliiv9.jpg\",\"datePublished\":\"2025-10-04T15:52:22+00:00\",\"dateModified\":\"2026-01-07T20:29:13+00:00\",\"description\":\"Uniq Pets tofu kissanhiekka paakkuuntuu eritt\u00e4in hyvin, ehk\u00e4isee ep\u00e4miellytt\u00e4vi\u00e4 hajuja ja on hintaluokassaan eritt\u00e4in hyv\u00e4.\",\"breadcrumb\":{\"@id\":\"https:\/\/miumjau.ee\/fi\/tuote\/tofu-kissanhiekka-uniq-pets-persikan-2500g\/#breadcrumb\"},\"inLanguage\":\"fi\",\"potentialAction\":[{\"@type\":\"ReadAction\",\"target\":[\"https:\/\/miumjau.ee\/fi\/tuote\/tofu-kissanhiekka-uniq-pets-persikan-2500g\/\"]}]},{\"@type\":\"ImageObject\",\"inLanguage\":\"fi\",\"@id\":\"https:\/\/miumjau.ee\/fi\/tuote\/tofu-kissanhiekka-uniq-pets-persikan-2500g\/#primaryimage\",\"url\":\"https:\/\/miumjau.ee\/wp-content\/uploads\/2025\/10\/uniq-pets-tofu-kassiliiv9.jpg\",\"contentUrl\":\"https:\/\/miumjau.ee\/wp-content\/uploads\/2025\/10\/uniq-pets-tofu-kassiliiv9.jpg\",\"width\":600,\"height\":800,\"caption\":\"Tofu kassiliiv Uniq Pets virsiku l\u00f5hnaga 2.5kg\"},{\"@type\":\"BreadcrumbList\",\"@id\":\"https:\/\/miumjau.ee\/fi\/tuote\/tofu-kissanhiekka-uniq-pets-persikan-2500g\/#breadcrumb\",\"itemListElement\":[{\"@type\":\"ListItem\",\"position\":1,\"name\":\"Home\",\"item\":\"https:\/\/miumjau.ee\/fi\/\"},{\"@type\":\"ListItem\",\"position\":2,\"name\":\"Kauppa\",\"item\":\"https:\/\/miumjau.ee\/fi\/kauppa\/\"},{\"@type\":\"ListItem\",\"position\":3,\"name\":\"Tofu-kissanhiekka Uniq Pets, persikan tuoksuinen, 2.5 kg\"}]},{\"@type\":\"WebSite\",\"@id\":\"https:\/\/miumjau.ee\/#website\",\"url\":\"https:\/\/miumjau.ee\/\",\"name\":\"MiuMjau\",\"description\":\"Kraapimispuud kassidele\",\"publisher\":{\"@id\":\"https:\/\/miumjau.ee\/#organization\"},\"potentialAction\":[{\"@type\":\"SearchAction\",\"target\":{\"@type\":\"EntryPoint\",\"urlTemplate\":\"https:\/\/miumjau.ee\/?s={search_term_string}\"},\"query-input\":{\"@type\":\"PropertyValueSpecification\",\"valueRequired\":true,\"valueName\":\"search_term_string\"}}],\"inLanguage\":\"fi\"},{\"@type\":\"Organization\",\"@id\":\"https:\/\/miumjau.ee\/#organization\",\"name\":\"MiuMjau O\u00dc\",\"url\":\"https:\/\/miumjau.ee\/\",\"logo\":{\"@type\":\"ImageObject\",\"inLanguage\":\"fi\",\"@id\":\"https:\/\/miumjau.ee\/#\/schema\/logo\/image\/\",\"url\":\"https:\/\/miumjau.ee\/wp-content\/uploads\/2022\/04\/MiuMjau-logo-kollane.png\",\"contentUrl\":\"https:\/\/miumjau.ee\/wp-content\/uploads\/2022\/04\/MiuMjau-logo-kollane.png\",\"width\":219,\"height\":100,\"caption\":\"MiuMjau O\u00dc\"},\"image\":{\"@id\":\"https:\/\/miumjau.ee\/#\/schema\/logo\/image\/\"},\"sameAs\":[\"https:\/\/www.facebook.com\/miumjaupood\/\"]}]}<\/script>\n<!-- \/ Yoast SEO plugin. -->","yoast_head_json":{"title":"Tofu-kissanhiekka Uniq Pets, persikan tuoksuinen, 2.5 kg - MiuMjau","description":"Uniq Pets tofu kissanhiekka paakkuuntuu eritt\u00e4in hyvin, ehk\u00e4isee ep\u00e4miellytt\u00e4vi\u00e4 hajuja ja on hintaluokassaan eritt\u00e4in hyv\u00e4.","robots":{"index":"index","follow":"follow","max-snippet":"max-snippet:-1","max-image-preview":"max-image-preview:large","max-video-preview":"max-video-preview:-1"},"canonical":"https:\/\/miumjau.ee\/fi\/tuote\/tofu-kissanhiekka-uniq-pets-persikan-2500g\/","og_locale":"fi_FI","og_type":"article","og_title":"Tofu-kissanhiekka Uniq Pets, persikan tuoksuinen, 2.5 kg - MiuMjau","og_description":"Uniq Pets tofu kissanhiekka paakkuuntuu eritt\u00e4in hyvin, ehk\u00e4isee ep\u00e4miellytt\u00e4vi\u00e4 hajuja ja on hintaluokassaan eritt\u00e4in hyv\u00e4.","og_url":"https:\/\/miumjau.ee\/fi\/tuote\/tofu-kissanhiekka-uniq-pets-persikan-2500g\/","og_site_name":"MiuMjau","article_publisher":"https:\/\/www.facebook.com\/miumjaupood\/","article_modified_time":"2026-01-07T20:29:13+00:00","og_image":[{"width":600,"height":800,"url":"https:\/\/miumjau.ee\/wp-content\/uploads\/2025\/10\/uniq-pets-tofu-kassiliiv9.jpg","type":"image\/jpeg"}],"twitter_card":"summary_large_image","twitter_misc":{"Arvioitu lukuaika":"1 minuutti"},"schema":{"@context":"https:\/\/schema.org","@graph":[{"@type":"WebPage","@id":"https:\/\/miumjau.ee\/fi\/tuote\/tofu-kissanhiekka-uniq-pets-persikan-2500g\/","url":"https:\/\/miumjau.ee\/fi\/tuote\/tofu-kissanhiekka-uniq-pets-persikan-2500g\/","name":"Tofu-kissanhiekka Uniq Pets, persikan tuoksuinen, 2.5 kg - MiuMjau","isPartOf":{"@id":"https:\/\/miumjau.ee\/#website"},"primaryImageOfPage":{"@id":"https:\/\/miumjau.ee\/fi\/tuote\/tofu-kissanhiekka-uniq-pets-persikan-2500g\/#primaryimage"},"image":{"@id":"https:\/\/miumjau.ee\/fi\/tuote\/tofu-kissanhiekka-uniq-pets-persikan-2500g\/#primaryimage"},"thumbnailUrl":"https:\/\/miumjau.ee\/wp-content\/uploads\/2025\/10\/uniq-pets-tofu-kassiliiv9.jpg","datePublished":"2025-10-04T15:52:22+00:00","dateModified":"2026-01-07T20:29:13+00:00","description":"Uniq Pets tofu kissanhiekka paakkuuntuu eritt\u00e4in hyvin, ehk\u00e4isee ep\u00e4miellytt\u00e4vi\u00e4 hajuja ja on hintaluokassaan eritt\u00e4in hyv\u00e4.","breadcrumb":{"@id":"https:\/\/miumjau.ee\/fi\/tuote\/tofu-kissanhiekka-uniq-pets-persikan-2500g\/#breadcrumb"},"inLanguage":"fi","potentialAction":[{"@type":"ReadAction","target":["https:\/\/miumjau.ee\/fi\/tuote\/tofu-kissanhiekka-uniq-pets-persikan-2500g\/"]}]},{"@type":"ImageObject","inLanguage":"fi","@id":"https:\/\/miumjau.ee\/fi\/tuote\/tofu-kissanhiekka-uniq-pets-persikan-2500g\/#primaryimage","url":"https:\/\/miumjau.ee\/wp-content\/uploads\/2025\/10\/uniq-pets-tofu-kassiliiv9.jpg","contentUrl":"https:\/\/miumjau.ee\/wp-content\/uploads\/2025\/10\/uniq-pets-tofu-kassiliiv9.jpg","width":600,"height":800,"caption":"Tofu kassiliiv Uniq Pets virsiku l\u00f5hnaga 2.5kg"},{"@type":"BreadcrumbList","@id":"https:\/\/miumjau.ee\/fi\/tuote\/tofu-kissanhiekka-uniq-pets-persikan-2500g\/#breadcrumb","itemListElement":[{"@type":"ListItem","position":1,"name":"Home","item":"https:\/\/miumjau.ee\/fi\/"},{"@type":"ListItem","position":2,"name":"Kauppa","item":"https:\/\/miumjau.ee\/fi\/kauppa\/"},{"@type":"ListItem","position":3,"name":"Tofu-kissanhiekka Uniq Pets, persikan tuoksuinen, 2.5 kg"}]},{"@type":"WebSite","@id":"https:\/\/miumjau.ee\/#website","url":"https:\/\/miumjau.ee\/","name":"MiuMjau","description":"Kraapimispuud kassidele","publisher":{"@id":"https:\/\/miumjau.ee\/#organization"},"potentialAction":[{"@type":"SearchAction","target":{"@type":"EntryPoint","urlTemplate":"https:\/\/miumjau.ee\/?s={search_term_string}"},"query-input":{"@type":"PropertyValueSpecification","valueRequired":true,"valueName":"search_term_string"}}],"inLanguage":"fi"},{"@type":"Organization","@id":"https:\/\/miumjau.ee\/#organization","name":"MiuMjau O\u00dc","url":"https:\/\/miumjau.ee\/","logo":{"@type":"ImageObject","inLanguage":"fi","@id":"https:\/\/miumjau.ee\/#\/schema\/logo\/image\/","url":"https:\/\/miumjau.ee\/wp-content\/uploads\/2022\/04\/MiuMjau-logo-kollane.png","contentUrl":"https:\/\/miumjau.ee\/wp-content\/uploads\/2022\/04\/MiuMjau-logo-kollane.png","width":219,"height":100,"caption":"MiuMjau O\u00dc"},"image":{"@id":"https:\/\/miumjau.ee\/#\/schema\/logo\/image\/"},"sameAs":["https:\/\/www.facebook.com\/miumjaupood\/"]}]}},"_links":{"self":[{"href":"https:\/\/miumjau.ee\/fi\/wp-json\/wp\/v2\/product\/40119","targetHints":{"allow":["GET"]}}],"collection":[{"href":"https:\/\/miumjau.ee\/fi\/wp-json\/wp\/v2\/product"}],"about":[{"href":"https:\/\/miumjau.ee\/fi\/wp-json\/wp\/v2\/types\/product"}],"wp:featuredmedia":[{"embeddable":true,"href":"https:\/\/miumjau.ee\/fi\/wp-json\/wp\/v2\/media\/40151"}],"wp:attachment":[{"href":"https:\/\/miumjau.ee\/fi\/wp-json\/wp\/v2\/media?parent=40119"}],"wp:term":[{"taxonomy":"product_brand","embeddable":true,"href":"https:\/\/miumjau.ee\/fi\/wp-json\/wp\/v2\/product_brand?post=40119"},{"taxonomy":"product_cat","embeddable":true,"href":"https:\/\/miumjau.ee\/fi\/wp-json\/wp\/v2\/product_cat?post=40119"},{"taxonomy":"product_tag","embeddable":true,"href":"https:\/\/miumjau.ee\/fi\/wp-json\/wp\/v2\/product_tag?post=40119"}],"curies":[{"name":"wp","href":"https:\/\/api.w.org\/{rel}","templated":true}]}}