{"id":39190,"date":"2025-09-03T10:53:46","date_gmt":"2025-09-03T07:53:46","guid":{"rendered":"https:\/\/miumjau.ee\/toode\/automaattisen-petrebels-kissan-juomakulhon-suodatin-ennakkotilaus\/"},"modified":"2025-12-11T19:41:59","modified_gmt":"2025-12-11T17:41:59","slug":"automaattisen-petrebels-kissan-juomakulhon-suodatin","status":"publish","type":"product","link":"https:\/\/miumjau.ee\/fi\/tuote\/automaattisen-petrebels-kissan-juomakulhon-suodatin\/","title":{"rendered":"Automaattisen Petrebels-kissan juomakulhon suodatin"},"content":{"rendered":"","protected":false},"excerpt":{"rendered":"<p data-start=\"362\" data-end=\"407\"><strong data-start=\"362\" data-end=\"405\">Juomavesifontaanin suodatinsetti, 3 kpl<\/strong><\/p>\n<p data-start=\"409\" data-end=\"507\">T\u00e4m\u00e4 suodatinsetti sis\u00e4lt\u00e4\u00e4 3 suodatinta ja 3 sient\u00e4 JET 19 &amp; Spring 20 -juomavesifonttaaneihin.<\/p>\n<p data-start=\"509\" data-end=\"640\">Vesisuodatin on helppo vaihtaa, ja raikkaan ja puhtaan veden varmistamiseksi suodatin on suositeltavaa vaihtaa 2\u20134 viikon v\u00e4lein.<\/p>\n<p data-start=\"642\" data-end=\"830\">Suodattimessa on monikerroksinen j\u00e4rjestelm\u00e4, joka takaa lemmikillesi aina puhtaan juomaveden. Suodattimet koostuvat kolmesta osastosta ja erityisest\u00e4 PP-kuitukerroksesta. Osastoissa on:<\/p>\n<ul data-start=\"831\" data-end=\"1274\">\n<li data-start=\"831\" data-end=\"1009\">\n<p data-start=\"833\" data-end=\"1009\"><strong data-start=\"833\" data-end=\"849\">KDF-suodatin<\/strong> \u2013 v\u00e4hent\u00e4\u00e4 tai poistaa hanavedest\u00e4 klooria, rautaa, rikkivety\u00e4, lyijy\u00e4, elohopeaa ja muita raskasmetalleja. Est\u00e4\u00e4 my\u00f6s bakteerien, levien ja homeiden kasvua.<\/p>\n<\/li>\n<li data-start=\"1010\" data-end=\"1192\">\n<p data-start=\"1012\" data-end=\"1192\"><strong data-start=\"1012\" data-end=\"1031\">Aktivoitu hiili<\/strong> \u2013 poistaa kloorin, kemikaalit sek\u00e4 ep\u00e4miellytt\u00e4v\u00e4t maut ja hajut, tarjoten yksinkertaisen mutta tehokkaan ratkaisun puhtaampaan ja parempaan makuiseen veteen.<\/p>\n<\/li>\n<li data-start=\"1193\" data-end=\"1274\">\n<p data-start=\"1195\" data-end=\"1274\"><strong data-start=\"1195\" data-end=\"1224\">Ioninvaihtohartsisuodatin<\/strong> \u2013 poistaa hanavedest\u00e4 kalsiumia ja magnesiumia.<\/p>\n<\/li>\n<\/ul>\n<p data-start=\"1276\" data-end=\"1414\">Settiin kuuluu my\u00f6s 3 erillist\u00e4 sient\u00e4 suodatinpumpulle. Sienet suojaavat pumpun roottoria, ja ne tulisi my\u00f6s vaihtaa 2\u20134 viikon v\u00e4lein.<\/p>\n","protected":false},"featured_media":39161,"template":"","meta":[],"product_brand":[],"product_cat":[275,139],"product_tag":[],"class_list":{"0":"post-39190","1":"product","2":"type-product","3":"status-publish","4":"has-post-thumbnail","6":"product_cat-ruokakupit","7":"product_cat-kaup24-fi","9":"first","10":"instock","11":"taxable","12":"shipping-taxable","13":"purchasable","14":"product-type-simple"},"yoast_head":"<!-- This site is optimized with the Yoast SEO plugin v27.2 - https:\/\/yoast.com\/product\/yoast-seo-wordpress\/ -->\n<title>Automaattisen Petrebels-kissan juomakulhon suodatin - MiuMjau<\/title>\n<meta name=\"robots\" content=\"index, follow, max-snippet:-1, max-image-preview:large, max-video-preview:-1\" \/>\n<link rel=\"canonical\" href=\"https:\/\/miumjau.ee\/fi\/tuote\/automaattisen-petrebels-kissan-juomakulhon-suodatin\/\" \/>\n<meta property=\"og:locale\" content=\"fi_FI\" \/>\n<meta property=\"og:type\" content=\"article\" \/>\n<meta property=\"og:title\" content=\"Automaattisen Petrebels-kissan juomakulhon suodatin - MiuMjau\" \/>\n<meta property=\"og:description\" content=\"Juomavesifontaanin suodatinsetti, 3 kpl T\u00e4m\u00e4 suodatinsetti sis\u00e4lt\u00e4\u00e4 3 suodatinta ja 3 sient\u00e4 JET 19 &amp; Spring 20 -juomavesifonttaaneihin. Vesisuodatin on helppo vaihtaa, ja raikkaan ja puhtaan veden varmistamiseksi suodatin on suositeltavaa vaihtaa 2\u20134 viikon v\u00e4lein. Suodattimessa on monikerroksinen j\u00e4rjestelm\u00e4, joka takaa lemmikillesi aina puhtaan juomaveden. Suodattimet koostuvat kolmesta osastosta ja erityisest\u00e4 PP-kuitukerroksesta. Osastoissa on:     KDF-suodatin \u2013 v\u00e4hent\u00e4\u00e4 tai poistaa hanavedest\u00e4 klooria, rautaa, rikkivety\u00e4, lyijy\u00e4, elohopeaa ja muita raskasmetalleja. Est\u00e4\u00e4 my\u00f6s bakteerien, levien ja homeiden kasvua.    Aktivoitu hiili \u2013 poistaa kloorin, kemikaalit sek\u00e4 ep\u00e4miellytt\u00e4v\u00e4t maut ja hajut, tarjoten yksinkertaisen mutta tehokkaan ratkaisun puhtaampaan ja parempaan makuiseen veteen.    Ioninvaihtohartsisuodatin \u2013 poistaa hanavedest\u00e4 kalsiumia ja magnesiumia.   Settiin kuuluu my\u00f6s 3 erillist\u00e4 sient\u00e4 suodatinpumpulle. Sienet suojaavat pumpun roottoria, ja ne tulisi my\u00f6s vaihtaa 2\u20134 viikon v\u00e4lein.\" \/>\n<meta property=\"og:url\" content=\"https:\/\/miumjau.ee\/fi\/tuote\/automaattisen-petrebels-kissan-juomakulhon-suodatin\/\" \/>\n<meta property=\"og:site_name\" content=\"MiuMjau\" \/>\n<meta property=\"article:publisher\" content=\"https:\/\/www.facebook.com\/miumjaupood\/\" \/>\n<meta property=\"article:modified_time\" content=\"2025-12-11T17:41:59+00:00\" \/>\n<meta property=\"og:image\" content=\"https:\/\/miumjau.ee\/wp-content\/uploads\/2025\/09\/kassi-automaatse-veenou-filter2.jpg\" \/>\n\t<meta property=\"og:image:width\" content=\"600\" \/>\n\t<meta property=\"og:image:height\" content=\"800\" \/>\n\t<meta property=\"og:image:type\" content=\"image\/jpeg\" \/>\n<meta name=\"twitter:card\" content=\"summary_large_image\" \/>\n<meta name=\"twitter:label1\" content=\"Arvioitu lukuaika\" \/>\n\t<meta name=\"twitter:data1\" content=\"1 minuutti\" \/>\n<script type=\"application\/ld+json\" class=\"yoast-schema-graph\">{\"@context\":\"https:\/\/schema.org\",\"@graph\":[{\"@type\":\"WebPage\",\"@id\":\"https:\/\/miumjau.ee\/fi\/tuote\/automaattisen-petrebels-kissan-juomakulhon-suodatin\/\",\"url\":\"https:\/\/miumjau.ee\/fi\/tuote\/automaattisen-petrebels-kissan-juomakulhon-suodatin\/\",\"name\":\"Automaattisen Petrebels-kissan juomakulhon suodatin - MiuMjau\",\"isPartOf\":{\"@id\":\"https:\/\/miumjau.ee\/#website\"},\"primaryImageOfPage\":{\"@id\":\"https:\/\/miumjau.ee\/fi\/tuote\/automaattisen-petrebels-kissan-juomakulhon-suodatin\/#primaryimage\"},\"image\":{\"@id\":\"https:\/\/miumjau.ee\/fi\/tuote\/automaattisen-petrebels-kissan-juomakulhon-suodatin\/#primaryimage\"},\"thumbnailUrl\":\"https:\/\/miumjau.ee\/wp-content\/uploads\/2025\/09\/kassi-automaatse-veenou-filter2.jpg\",\"datePublished\":\"2025-09-03T07:53:46+00:00\",\"dateModified\":\"2025-12-11T17:41:59+00:00\",\"breadcrumb\":{\"@id\":\"https:\/\/miumjau.ee\/fi\/tuote\/automaattisen-petrebels-kissan-juomakulhon-suodatin\/#breadcrumb\"},\"inLanguage\":\"fi\",\"potentialAction\":[{\"@type\":\"ReadAction\",\"target\":[\"https:\/\/miumjau.ee\/fi\/tuote\/automaattisen-petrebels-kissan-juomakulhon-suodatin\/\"]}]},{\"@type\":\"ImageObject\",\"inLanguage\":\"fi\",\"@id\":\"https:\/\/miumjau.ee\/fi\/tuote\/automaattisen-petrebels-kissan-juomakulhon-suodatin\/#primaryimage\",\"url\":\"https:\/\/miumjau.ee\/wp-content\/uploads\/2025\/09\/kassi-automaatse-veenou-filter2.jpg\",\"contentUrl\":\"https:\/\/miumjau.ee\/wp-content\/uploads\/2025\/09\/kassi-automaatse-veenou-filter2.jpg\",\"width\":600,\"height\":800,\"caption\":\"Kasside joogi purskkaev Petrebels fountain jet 19, valge\"},{\"@type\":\"BreadcrumbList\",\"@id\":\"https:\/\/miumjau.ee\/fi\/tuote\/automaattisen-petrebels-kissan-juomakulhon-suodatin\/#breadcrumb\",\"itemListElement\":[{\"@type\":\"ListItem\",\"position\":1,\"name\":\"Home\",\"item\":\"https:\/\/miumjau.ee\/fi\/\"},{\"@type\":\"ListItem\",\"position\":2,\"name\":\"Kauppa\",\"item\":\"https:\/\/miumjau.ee\/fi\/kauppa\/\"},{\"@type\":\"ListItem\",\"position\":3,\"name\":\"Automaattisen Petrebels-kissan juomakulhon suodatin\"}]},{\"@type\":\"WebSite\",\"@id\":\"https:\/\/miumjau.ee\/#website\",\"url\":\"https:\/\/miumjau.ee\/\",\"name\":\"MiuMjau\",\"description\":\"Kraapimispuud kassidele\",\"publisher\":{\"@id\":\"https:\/\/miumjau.ee\/#organization\"},\"potentialAction\":[{\"@type\":\"SearchAction\",\"target\":{\"@type\":\"EntryPoint\",\"urlTemplate\":\"https:\/\/miumjau.ee\/?s={search_term_string}\"},\"query-input\":{\"@type\":\"PropertyValueSpecification\",\"valueRequired\":true,\"valueName\":\"search_term_string\"}}],\"inLanguage\":\"fi\"},{\"@type\":\"Organization\",\"@id\":\"https:\/\/miumjau.ee\/#organization\",\"name\":\"MiuMjau O\u00dc\",\"url\":\"https:\/\/miumjau.ee\/\",\"logo\":{\"@type\":\"ImageObject\",\"inLanguage\":\"fi\",\"@id\":\"https:\/\/miumjau.ee\/#\/schema\/logo\/image\/\",\"url\":\"https:\/\/miumjau.ee\/wp-content\/uploads\/2022\/04\/MiuMjau-logo-kollane.png\",\"contentUrl\":\"https:\/\/miumjau.ee\/wp-content\/uploads\/2022\/04\/MiuMjau-logo-kollane.png\",\"width\":219,\"height\":100,\"caption\":\"MiuMjau O\u00dc\"},\"image\":{\"@id\":\"https:\/\/miumjau.ee\/#\/schema\/logo\/image\/\"},\"sameAs\":[\"https:\/\/www.facebook.com\/miumjaupood\/\"]}]}<\/script>\n<!-- \/ Yoast SEO plugin. -->","yoast_head_json":{"title":"Automaattisen Petrebels-kissan juomakulhon suodatin - MiuMjau","robots":{"index":"index","follow":"follow","max-snippet":"max-snippet:-1","max-image-preview":"max-image-preview:large","max-video-preview":"max-video-preview:-1"},"canonical":"https:\/\/miumjau.ee\/fi\/tuote\/automaattisen-petrebels-kissan-juomakulhon-suodatin\/","og_locale":"fi_FI","og_type":"article","og_title":"Automaattisen Petrebels-kissan juomakulhon suodatin - MiuMjau","og_description":"Juomavesifontaanin suodatinsetti, 3 kpl T\u00e4m\u00e4 suodatinsetti sis\u00e4lt\u00e4\u00e4 3 suodatinta ja 3 sient\u00e4 JET 19 &amp; Spring 20 -juomavesifonttaaneihin. Vesisuodatin on helppo vaihtaa, ja raikkaan ja puhtaan veden varmistamiseksi suodatin on suositeltavaa vaihtaa 2\u20134 viikon v\u00e4lein. Suodattimessa on monikerroksinen j\u00e4rjestelm\u00e4, joka takaa lemmikillesi aina puhtaan juomaveden. Suodattimet koostuvat kolmesta osastosta ja erityisest\u00e4 PP-kuitukerroksesta. Osastoissa on:     KDF-suodatin \u2013 v\u00e4hent\u00e4\u00e4 tai poistaa hanavedest\u00e4 klooria, rautaa, rikkivety\u00e4, lyijy\u00e4, elohopeaa ja muita raskasmetalleja. Est\u00e4\u00e4 my\u00f6s bakteerien, levien ja homeiden kasvua.    Aktivoitu hiili \u2013 poistaa kloorin, kemikaalit sek\u00e4 ep\u00e4miellytt\u00e4v\u00e4t maut ja hajut, tarjoten yksinkertaisen mutta tehokkaan ratkaisun puhtaampaan ja parempaan makuiseen veteen.    Ioninvaihtohartsisuodatin \u2013 poistaa hanavedest\u00e4 kalsiumia ja magnesiumia.   Settiin kuuluu my\u00f6s 3 erillist\u00e4 sient\u00e4 suodatinpumpulle. Sienet suojaavat pumpun roottoria, ja ne tulisi my\u00f6s vaihtaa 2\u20134 viikon v\u00e4lein.","og_url":"https:\/\/miumjau.ee\/fi\/tuote\/automaattisen-petrebels-kissan-juomakulhon-suodatin\/","og_site_name":"MiuMjau","article_publisher":"https:\/\/www.facebook.com\/miumjaupood\/","article_modified_time":"2025-12-11T17:41:59+00:00","og_image":[{"width":600,"height":800,"url":"https:\/\/miumjau.ee\/wp-content\/uploads\/2025\/09\/kassi-automaatse-veenou-filter2.jpg","type":"image\/jpeg"}],"twitter_card":"summary_large_image","twitter_misc":{"Arvioitu lukuaika":"1 minuutti"},"schema":{"@context":"https:\/\/schema.org","@graph":[{"@type":"WebPage","@id":"https:\/\/miumjau.ee\/fi\/tuote\/automaattisen-petrebels-kissan-juomakulhon-suodatin\/","url":"https:\/\/miumjau.ee\/fi\/tuote\/automaattisen-petrebels-kissan-juomakulhon-suodatin\/","name":"Automaattisen Petrebels-kissan juomakulhon suodatin - MiuMjau","isPartOf":{"@id":"https:\/\/miumjau.ee\/#website"},"primaryImageOfPage":{"@id":"https:\/\/miumjau.ee\/fi\/tuote\/automaattisen-petrebels-kissan-juomakulhon-suodatin\/#primaryimage"},"image":{"@id":"https:\/\/miumjau.ee\/fi\/tuote\/automaattisen-petrebels-kissan-juomakulhon-suodatin\/#primaryimage"},"thumbnailUrl":"https:\/\/miumjau.ee\/wp-content\/uploads\/2025\/09\/kassi-automaatse-veenou-filter2.jpg","datePublished":"2025-09-03T07:53:46+00:00","dateModified":"2025-12-11T17:41:59+00:00","breadcrumb":{"@id":"https:\/\/miumjau.ee\/fi\/tuote\/automaattisen-petrebels-kissan-juomakulhon-suodatin\/#breadcrumb"},"inLanguage":"fi","potentialAction":[{"@type":"ReadAction","target":["https:\/\/miumjau.ee\/fi\/tuote\/automaattisen-petrebels-kissan-juomakulhon-suodatin\/"]}]},{"@type":"ImageObject","inLanguage":"fi","@id":"https:\/\/miumjau.ee\/fi\/tuote\/automaattisen-petrebels-kissan-juomakulhon-suodatin\/#primaryimage","url":"https:\/\/miumjau.ee\/wp-content\/uploads\/2025\/09\/kassi-automaatse-veenou-filter2.jpg","contentUrl":"https:\/\/miumjau.ee\/wp-content\/uploads\/2025\/09\/kassi-automaatse-veenou-filter2.jpg","width":600,"height":800,"caption":"Kasside joogi purskkaev Petrebels fountain jet 19, valge"},{"@type":"BreadcrumbList","@id":"https:\/\/miumjau.ee\/fi\/tuote\/automaattisen-petrebels-kissan-juomakulhon-suodatin\/#breadcrumb","itemListElement":[{"@type":"ListItem","position":1,"name":"Home","item":"https:\/\/miumjau.ee\/fi\/"},{"@type":"ListItem","position":2,"name":"Kauppa","item":"https:\/\/miumjau.ee\/fi\/kauppa\/"},{"@type":"ListItem","position":3,"name":"Automaattisen Petrebels-kissan juomakulhon suodatin"}]},{"@type":"WebSite","@id":"https:\/\/miumjau.ee\/#website","url":"https:\/\/miumjau.ee\/","name":"MiuMjau","description":"Kraapimispuud kassidele","publisher":{"@id":"https:\/\/miumjau.ee\/#organization"},"potentialAction":[{"@type":"SearchAction","target":{"@type":"EntryPoint","urlTemplate":"https:\/\/miumjau.ee\/?s={search_term_string}"},"query-input":{"@type":"PropertyValueSpecification","valueRequired":true,"valueName":"search_term_string"}}],"inLanguage":"fi"},{"@type":"Organization","@id":"https:\/\/miumjau.ee\/#organization","name":"MiuMjau O\u00dc","url":"https:\/\/miumjau.ee\/","logo":{"@type":"ImageObject","inLanguage":"fi","@id":"https:\/\/miumjau.ee\/#\/schema\/logo\/image\/","url":"https:\/\/miumjau.ee\/wp-content\/uploads\/2022\/04\/MiuMjau-logo-kollane.png","contentUrl":"https:\/\/miumjau.ee\/wp-content\/uploads\/2022\/04\/MiuMjau-logo-kollane.png","width":219,"height":100,"caption":"MiuMjau O\u00dc"},"image":{"@id":"https:\/\/miumjau.ee\/#\/schema\/logo\/image\/"},"sameAs":["https:\/\/www.facebook.com\/miumjaupood\/"]}]}},"_links":{"self":[{"href":"https:\/\/miumjau.ee\/fi\/wp-json\/wp\/v2\/product\/39190","targetHints":{"allow":["GET"]}}],"collection":[{"href":"https:\/\/miumjau.ee\/fi\/wp-json\/wp\/v2\/product"}],"about":[{"href":"https:\/\/miumjau.ee\/fi\/wp-json\/wp\/v2\/types\/product"}],"wp:featuredmedia":[{"embeddable":true,"href":"https:\/\/miumjau.ee\/fi\/wp-json\/wp\/v2\/media\/39161"}],"wp:attachment":[{"href":"https:\/\/miumjau.ee\/fi\/wp-json\/wp\/v2\/media?parent=39190"}],"wp:term":[{"taxonomy":"product_brand","embeddable":true,"href":"https:\/\/miumjau.ee\/fi\/wp-json\/wp\/v2\/product_brand?post=39190"},{"taxonomy":"product_cat","embeddable":true,"href":"https:\/\/miumjau.ee\/fi\/wp-json\/wp\/v2\/product_cat?post=39190"},{"taxonomy":"product_tag","embeddable":true,"href":"https:\/\/miumjau.ee\/fi\/wp-json\/wp\/v2\/product_tag?post=39190"}],"curies":[{"name":"wp","href":"https:\/\/api.w.org\/{rel}","templated":true}]}}