{"id":39186,"date":"2025-09-03T11:00:28","date_gmt":"2025-09-03T08:00:28","guid":{"rendered":"https:\/\/miumjau.ee\/toode\/kissien-juomavesifontaani-petrebels-fountain-jet-19-musta-ennakkotilauksessa\/"},"modified":"2026-01-07T22:49:10","modified_gmt":"2026-01-07T20:49:10","slug":"kissien-juomavesifontaani-petrebels-fountain-jet-19-musta-ennakkotilauksessa","status":"publish","type":"product","link":"https:\/\/miumjau.ee\/fi\/tuote\/kissien-juomavesifontaani-petrebels-fountain-jet-19-musta-ennakkotilauksessa\/","title":{"rendered":"Kissien juomavesifontaani Petrebels Fountain Jet 19, musta"},"content":{"rendered":"","protected":false},"excerpt":{"rendered":"<p data-start=\"2891\" data-end=\"3103\"><strong data-start=\"2891\" data-end=\"2900\">HUOM!<\/strong> Huomioithan, ett\u00e4 kyseess\u00e4 ovat t\u00e4ysin uudet mallit, jotka saapuvat varastollemme viimeist\u00e4\u00e4n 15. lokakuuta. Jos haluat hy\u00f6dynt\u00e4\u00e4 alennushinnat ja uusimmat mallit, t\u00e4ss\u00e4 on tilaisuutesi ennakkotilata!<\/p>\n<p data-start=\"3105\" data-end=\"3154\"><strong data-start=\"3105\" data-end=\"3152\">Hiljainen, \u00e4lyk\u00e4s ja langaton juomiskokemus<\/strong><\/p>\n<p data-start=\"3156\" data-end=\"3725\">Kissat eiv\u00e4t usein juo tarpeeksi. Siksi olemme luoneet \u00e4lykk\u00e4\u00e4n ja tyylikk\u00e4\u00e4n ratkaisun, joka pit\u00e4\u00e4 kissasi hydratoituna ja terveen\u00e4 ymp\u00e4ri vuoden: Jet 19 \u2013 kauniisti suunniteltu kissien juomavesifontaani, joka toimii sek\u00e4 johdolla ett\u00e4 langattomasti. Valitse jatkuva vesivirtaus tai kytke infrapunasensori, jolloin vesi virtaa vain, kun kissa on l\u00e4hell\u00e4. K\u00e4tev\u00e4 ominaisuus: l\u00e4pin\u00e4kyv\u00e4 ikkuna n\u00e4ytt\u00e4\u00e4 vesitason ja \u00e4lyk\u00e4s suodatusj\u00e4rjestelm\u00e4 pit\u00e4\u00e4 veden aina puhtaana ja raikkaana. Fontaani ilmoittaa my\u00f6s, kun suodatin on vaihdettava tai veden taso on liian alhainen.<\/p>\n<p data-start=\"3727\" data-end=\"3745\"><strong data-start=\"3727\" data-end=\"3743\">Tuotetiedot:<\/strong><\/p>\n<ul data-start=\"3746\" data-end=\"4122\">\n<li data-start=\"3746\" data-end=\"3781\">\n<p data-start=\"3748\" data-end=\"3781\">Mitat: \u00d8 19,5 cm, korkeus 15 cm<\/p>\n<\/li>\n<li data-start=\"3782\" data-end=\"3821\">\n<p data-start=\"3784\" data-end=\"3821\">Astianpesukoneen kest\u00e4v\u00e4 jopa 60 \u00b0C<\/p>\n<\/li>\n<li data-start=\"3822\" data-end=\"3890\">\n<p data-start=\"3824\" data-end=\"3890\">Toimii johdolla ja langattomasti (USB-laturi ja adapteri mukana)<\/p>\n<\/li>\n<li data-start=\"3891\" data-end=\"3962\">\n<p data-start=\"3893\" data-end=\"3962\">Tilavuus: 2 litraa, valmistettu elintarvikekelpoisesta ABS-muovista<\/p>\n<\/li>\n<li data-start=\"3963\" data-end=\"4048\">\n<p data-start=\"3965\" data-end=\"4048\">\u00c4lyk\u00e4s anturi, eritt\u00e4in hiljainen pumppu (&lt; 23 dB) ja moderni suodatusj\u00e4rjestelm\u00e4<\/p>\n<\/li>\n<li data-start=\"4049\" data-end=\"4086\">\n<p data-start=\"4051\" data-end=\"4086\">Havaitsetuset\u00e4isyys jopa 2 metri\u00e4<\/p>\n<\/li>\n<li data-start=\"4087\" data-end=\"4122\">\n<p data-start=\"4089\" data-end=\"4122\">Suodattimet saatavilla erikseen<\/p>\n<\/li>\n<\/ul>\n","protected":false},"featured_media":39169,"template":"","meta":[],"product_brand":[],"product_cat":[139,275],"product_tag":[],"class_list":{"0":"post-39186","1":"product","2":"type-product","3":"status-publish","4":"has-post-thumbnail","6":"product_cat-kaup24-fi","7":"product_cat-ruokakupit","9":"first","10":"instock","11":"taxable","12":"shipping-taxable","13":"purchasable","14":"product-type-simple"},"yoast_head":"<!-- This site is optimized with the Yoast SEO plugin v27.4 - https:\/\/yoast.com\/product\/yoast-seo-wordpress\/ -->\n<title>Kissien juomavesifontaani Petrebels Fountain Jet 19, musta - MiuMjau<\/title>\n<meta name=\"robots\" content=\"index, follow, max-snippet:-1, max-image-preview:large, max-video-preview:-1\" \/>\n<link rel=\"canonical\" href=\"https:\/\/miumjau.ee\/fi\/tuote\/kissien-juomavesifontaani-petrebels-fountain-jet-19-musta-ennakkotilauksessa\/\" \/>\n<meta property=\"og:locale\" content=\"fi_FI\" \/>\n<meta property=\"og:type\" content=\"article\" \/>\n<meta property=\"og:title\" content=\"Kissien juomavesifontaani Petrebels Fountain Jet 19, musta - MiuMjau\" \/>\n<meta property=\"og:description\" content=\"HUOM! Huomioithan, ett\u00e4 kyseess\u00e4 ovat t\u00e4ysin uudet mallit, jotka saapuvat varastollemme viimeist\u00e4\u00e4n 15. lokakuuta. Jos haluat hy\u00f6dynt\u00e4\u00e4 alennushinnat ja uusimmat mallit, t\u00e4ss\u00e4 on tilaisuutesi ennakkotilata! Hiljainen, \u00e4lyk\u00e4s ja langaton juomiskokemus Kissat eiv\u00e4t usein juo tarpeeksi. Siksi olemme luoneet \u00e4lykk\u00e4\u00e4n ja tyylikk\u00e4\u00e4n ratkaisun, joka pit\u00e4\u00e4 kissasi hydratoituna ja terveen\u00e4 ymp\u00e4ri vuoden: Jet 19 \u2013 kauniisti suunniteltu kissien juomavesifontaani, joka toimii sek\u00e4 johdolla ett\u00e4 langattomasti. Valitse jatkuva vesivirtaus tai kytke infrapunasensori, jolloin vesi virtaa vain, kun kissa on l\u00e4hell\u00e4. K\u00e4tev\u00e4 ominaisuus: l\u00e4pin\u00e4kyv\u00e4 ikkuna n\u00e4ytt\u00e4\u00e4 vesitason ja \u00e4lyk\u00e4s suodatusj\u00e4rjestelm\u00e4 pit\u00e4\u00e4 veden aina puhtaana ja raikkaana. Fontaani ilmoittaa my\u00f6s, kun suodatin on vaihdettava tai veden taso on liian alhainen. Tuotetiedot:     Mitat: \u00d8 19,5 cm, korkeus 15 cm    Astianpesukoneen kest\u00e4v\u00e4 jopa 60 \u00b0C    Toimii johdolla ja langattomasti (USB-laturi ja adapteri mukana)    Tilavuus: 2 litraa, valmistettu elintarvikekelpoisesta ABS-muovista    \u00c4lyk\u00e4s anturi, eritt\u00e4in hiljainen pumppu (&lt; 23 dB) ja moderni suodatusj\u00e4rjestelm\u00e4    Havaitsetuset\u00e4isyys jopa 2 metri\u00e4    Suodattimet saatavilla erikseen\" \/>\n<meta property=\"og:url\" content=\"https:\/\/miumjau.ee\/fi\/tuote\/kissien-juomavesifontaani-petrebels-fountain-jet-19-musta-ennakkotilauksessa\/\" \/>\n<meta property=\"og:site_name\" content=\"MiuMjau\" \/>\n<meta property=\"article:publisher\" content=\"https:\/\/www.facebook.com\/miumjaupood\/\" \/>\n<meta property=\"article:modified_time\" content=\"2026-01-07T20:49:10+00:00\" \/>\n<meta property=\"og:image\" content=\"https:\/\/miumjau.ee\/wp-content\/uploads\/2025\/09\/kasside-joogi-purskkaev-jet192.jpg\" \/>\n\t<meta property=\"og:image:width\" content=\"600\" \/>\n\t<meta property=\"og:image:height\" content=\"800\" \/>\n\t<meta property=\"og:image:type\" content=\"image\/jpeg\" \/>\n<meta name=\"twitter:card\" content=\"summary_large_image\" \/>\n<script type=\"application\/ld+json\" class=\"yoast-schema-graph\">{\"@context\":\"https:\\\/\\\/schema.org\",\"@graph\":[{\"@type\":\"WebPage\",\"@id\":\"https:\\\/\\\/miumjau.ee\\\/fi\\\/tuote\\\/kissien-juomavesifontaani-petrebels-fountain-jet-19-musta-ennakkotilauksessa\\\/\",\"url\":\"https:\\\/\\\/miumjau.ee\\\/fi\\\/tuote\\\/kissien-juomavesifontaani-petrebels-fountain-jet-19-musta-ennakkotilauksessa\\\/\",\"name\":\"Kissien juomavesifontaani Petrebels Fountain Jet 19, musta - MiuMjau\",\"isPartOf\":{\"@id\":\"https:\\\/\\\/miumjau.ee\\\/#website\"},\"primaryImageOfPage\":{\"@id\":\"https:\\\/\\\/miumjau.ee\\\/fi\\\/tuote\\\/kissien-juomavesifontaani-petrebels-fountain-jet-19-musta-ennakkotilauksessa\\\/#primaryimage\"},\"image\":{\"@id\":\"https:\\\/\\\/miumjau.ee\\\/fi\\\/tuote\\\/kissien-juomavesifontaani-petrebels-fountain-jet-19-musta-ennakkotilauksessa\\\/#primaryimage\"},\"thumbnailUrl\":\"https:\\\/\\\/miumjau.ee\\\/wp-content\\\/uploads\\\/2025\\\/09\\\/kasside-joogi-purskkaev-jet192.jpg\",\"datePublished\":\"2025-09-03T08:00:28+00:00\",\"dateModified\":\"2026-01-07T20:49:10+00:00\",\"breadcrumb\":{\"@id\":\"https:\\\/\\\/miumjau.ee\\\/fi\\\/tuote\\\/kissien-juomavesifontaani-petrebels-fountain-jet-19-musta-ennakkotilauksessa\\\/#breadcrumb\"},\"inLanguage\":\"fi\",\"potentialAction\":[{\"@type\":\"ReadAction\",\"target\":[\"https:\\\/\\\/miumjau.ee\\\/fi\\\/tuote\\\/kissien-juomavesifontaani-petrebels-fountain-jet-19-musta-ennakkotilauksessa\\\/\"]}]},{\"@type\":\"ImageObject\",\"inLanguage\":\"fi\",\"@id\":\"https:\\\/\\\/miumjau.ee\\\/fi\\\/tuote\\\/kissien-juomavesifontaani-petrebels-fountain-jet-19-musta-ennakkotilauksessa\\\/#primaryimage\",\"url\":\"https:\\\/\\\/miumjau.ee\\\/wp-content\\\/uploads\\\/2025\\\/09\\\/kasside-joogi-purskkaev-jet192.jpg\",\"contentUrl\":\"https:\\\/\\\/miumjau.ee\\\/wp-content\\\/uploads\\\/2025\\\/09\\\/kasside-joogi-purskkaev-jet192.jpg\",\"width\":600,\"height\":800,\"caption\":\"Kasside joogi purskkaev Petrebels fountain jet 19, valge\"},{\"@type\":\"BreadcrumbList\",\"@id\":\"https:\\\/\\\/miumjau.ee\\\/fi\\\/tuote\\\/kissien-juomavesifontaani-petrebels-fountain-jet-19-musta-ennakkotilauksessa\\\/#breadcrumb\",\"itemListElement\":[{\"@type\":\"ListItem\",\"position\":1,\"name\":\"Home\",\"item\":\"https:\\\/\\\/miumjau.ee\\\/fi\\\/\"},{\"@type\":\"ListItem\",\"position\":2,\"name\":\"Kauppa\",\"item\":\"https:\\\/\\\/miumjau.ee\\\/fi\\\/kauppa\\\/\"},{\"@type\":\"ListItem\",\"position\":3,\"name\":\"Kissien juomavesifontaani Petrebels Fountain Jet 19, musta\"}]},{\"@type\":\"WebSite\",\"@id\":\"https:\\\/\\\/miumjau.ee\\\/#website\",\"url\":\"https:\\\/\\\/miumjau.ee\\\/\",\"name\":\"MiuMjau\",\"description\":\"Kraapimispuud kassidele\",\"publisher\":{\"@id\":\"https:\\\/\\\/miumjau.ee\\\/#organization\"},\"potentialAction\":[{\"@type\":\"SearchAction\",\"target\":{\"@type\":\"EntryPoint\",\"urlTemplate\":\"https:\\\/\\\/miumjau.ee\\\/?s={search_term_string}\"},\"query-input\":{\"@type\":\"PropertyValueSpecification\",\"valueRequired\":true,\"valueName\":\"search_term_string\"}}],\"inLanguage\":\"fi\"},{\"@type\":\"Organization\",\"@id\":\"https:\\\/\\\/miumjau.ee\\\/#organization\",\"name\":\"MiuMjau O\u00dc\",\"url\":\"https:\\\/\\\/miumjau.ee\\\/\",\"logo\":{\"@type\":\"ImageObject\",\"inLanguage\":\"fi\",\"@id\":\"https:\\\/\\\/miumjau.ee\\\/#\\\/schema\\\/logo\\\/image\\\/\",\"url\":\"https:\\\/\\\/miumjau.ee\\\/wp-content\\\/uploads\\\/2022\\\/04\\\/MiuMjau-logo-kollane.png\",\"contentUrl\":\"https:\\\/\\\/miumjau.ee\\\/wp-content\\\/uploads\\\/2022\\\/04\\\/MiuMjau-logo-kollane.png\",\"width\":219,\"height\":100,\"caption\":\"MiuMjau O\u00dc\"},\"image\":{\"@id\":\"https:\\\/\\\/miumjau.ee\\\/#\\\/schema\\\/logo\\\/image\\\/\"},\"sameAs\":[\"https:\\\/\\\/www.facebook.com\\\/miumjaupood\\\/\"]}]}<\/script>\n<!-- \/ Yoast SEO plugin. -->","yoast_head_json":{"title":"Kissien juomavesifontaani Petrebels Fountain Jet 19, musta - MiuMjau","robots":{"index":"index","follow":"follow","max-snippet":"max-snippet:-1","max-image-preview":"max-image-preview:large","max-video-preview":"max-video-preview:-1"},"canonical":"https:\/\/miumjau.ee\/fi\/tuote\/kissien-juomavesifontaani-petrebels-fountain-jet-19-musta-ennakkotilauksessa\/","og_locale":"fi_FI","og_type":"article","og_title":"Kissien juomavesifontaani Petrebels Fountain Jet 19, musta - MiuMjau","og_description":"HUOM! Huomioithan, ett\u00e4 kyseess\u00e4 ovat t\u00e4ysin uudet mallit, jotka saapuvat varastollemme viimeist\u00e4\u00e4n 15. lokakuuta. Jos haluat hy\u00f6dynt\u00e4\u00e4 alennushinnat ja uusimmat mallit, t\u00e4ss\u00e4 on tilaisuutesi ennakkotilata! Hiljainen, \u00e4lyk\u00e4s ja langaton juomiskokemus Kissat eiv\u00e4t usein juo tarpeeksi. Siksi olemme luoneet \u00e4lykk\u00e4\u00e4n ja tyylikk\u00e4\u00e4n ratkaisun, joka pit\u00e4\u00e4 kissasi hydratoituna ja terveen\u00e4 ymp\u00e4ri vuoden: Jet 19 \u2013 kauniisti suunniteltu kissien juomavesifontaani, joka toimii sek\u00e4 johdolla ett\u00e4 langattomasti. Valitse jatkuva vesivirtaus tai kytke infrapunasensori, jolloin vesi virtaa vain, kun kissa on l\u00e4hell\u00e4. K\u00e4tev\u00e4 ominaisuus: l\u00e4pin\u00e4kyv\u00e4 ikkuna n\u00e4ytt\u00e4\u00e4 vesitason ja \u00e4lyk\u00e4s suodatusj\u00e4rjestelm\u00e4 pit\u00e4\u00e4 veden aina puhtaana ja raikkaana. Fontaani ilmoittaa my\u00f6s, kun suodatin on vaihdettava tai veden taso on liian alhainen. Tuotetiedot:     Mitat: \u00d8 19,5 cm, korkeus 15 cm    Astianpesukoneen kest\u00e4v\u00e4 jopa 60 \u00b0C    Toimii johdolla ja langattomasti (USB-laturi ja adapteri mukana)    Tilavuus: 2 litraa, valmistettu elintarvikekelpoisesta ABS-muovista    \u00c4lyk\u00e4s anturi, eritt\u00e4in hiljainen pumppu (&lt; 23 dB) ja moderni suodatusj\u00e4rjestelm\u00e4    Havaitsetuset\u00e4isyys jopa 2 metri\u00e4    Suodattimet saatavilla erikseen","og_url":"https:\/\/miumjau.ee\/fi\/tuote\/kissien-juomavesifontaani-petrebels-fountain-jet-19-musta-ennakkotilauksessa\/","og_site_name":"MiuMjau","article_publisher":"https:\/\/www.facebook.com\/miumjaupood\/","article_modified_time":"2026-01-07T20:49:10+00:00","og_image":[{"width":600,"height":800,"url":"https:\/\/miumjau.ee\/wp-content\/uploads\/2025\/09\/kasside-joogi-purskkaev-jet192.jpg","type":"image\/jpeg"}],"twitter_card":"summary_large_image","schema":{"@context":"https:\/\/schema.org","@graph":[{"@type":"WebPage","@id":"https:\/\/miumjau.ee\/fi\/tuote\/kissien-juomavesifontaani-petrebels-fountain-jet-19-musta-ennakkotilauksessa\/","url":"https:\/\/miumjau.ee\/fi\/tuote\/kissien-juomavesifontaani-petrebels-fountain-jet-19-musta-ennakkotilauksessa\/","name":"Kissien juomavesifontaani Petrebels Fountain Jet 19, musta - MiuMjau","isPartOf":{"@id":"https:\/\/miumjau.ee\/#website"},"primaryImageOfPage":{"@id":"https:\/\/miumjau.ee\/fi\/tuote\/kissien-juomavesifontaani-petrebels-fountain-jet-19-musta-ennakkotilauksessa\/#primaryimage"},"image":{"@id":"https:\/\/miumjau.ee\/fi\/tuote\/kissien-juomavesifontaani-petrebels-fountain-jet-19-musta-ennakkotilauksessa\/#primaryimage"},"thumbnailUrl":"https:\/\/miumjau.ee\/wp-content\/uploads\/2025\/09\/kasside-joogi-purskkaev-jet192.jpg","datePublished":"2025-09-03T08:00:28+00:00","dateModified":"2026-01-07T20:49:10+00:00","breadcrumb":{"@id":"https:\/\/miumjau.ee\/fi\/tuote\/kissien-juomavesifontaani-petrebels-fountain-jet-19-musta-ennakkotilauksessa\/#breadcrumb"},"inLanguage":"fi","potentialAction":[{"@type":"ReadAction","target":["https:\/\/miumjau.ee\/fi\/tuote\/kissien-juomavesifontaani-petrebels-fountain-jet-19-musta-ennakkotilauksessa\/"]}]},{"@type":"ImageObject","inLanguage":"fi","@id":"https:\/\/miumjau.ee\/fi\/tuote\/kissien-juomavesifontaani-petrebels-fountain-jet-19-musta-ennakkotilauksessa\/#primaryimage","url":"https:\/\/miumjau.ee\/wp-content\/uploads\/2025\/09\/kasside-joogi-purskkaev-jet192.jpg","contentUrl":"https:\/\/miumjau.ee\/wp-content\/uploads\/2025\/09\/kasside-joogi-purskkaev-jet192.jpg","width":600,"height":800,"caption":"Kasside joogi purskkaev Petrebels fountain jet 19, valge"},{"@type":"BreadcrumbList","@id":"https:\/\/miumjau.ee\/fi\/tuote\/kissien-juomavesifontaani-petrebels-fountain-jet-19-musta-ennakkotilauksessa\/#breadcrumb","itemListElement":[{"@type":"ListItem","position":1,"name":"Home","item":"https:\/\/miumjau.ee\/fi\/"},{"@type":"ListItem","position":2,"name":"Kauppa","item":"https:\/\/miumjau.ee\/fi\/kauppa\/"},{"@type":"ListItem","position":3,"name":"Kissien juomavesifontaani Petrebels Fountain Jet 19, musta"}]},{"@type":"WebSite","@id":"https:\/\/miumjau.ee\/#website","url":"https:\/\/miumjau.ee\/","name":"MiuMjau","description":"Kraapimispuud kassidele","publisher":{"@id":"https:\/\/miumjau.ee\/#organization"},"potentialAction":[{"@type":"SearchAction","target":{"@type":"EntryPoint","urlTemplate":"https:\/\/miumjau.ee\/?s={search_term_string}"},"query-input":{"@type":"PropertyValueSpecification","valueRequired":true,"valueName":"search_term_string"}}],"inLanguage":"fi"},{"@type":"Organization","@id":"https:\/\/miumjau.ee\/#organization","name":"MiuMjau O\u00dc","url":"https:\/\/miumjau.ee\/","logo":{"@type":"ImageObject","inLanguage":"fi","@id":"https:\/\/miumjau.ee\/#\/schema\/logo\/image\/","url":"https:\/\/miumjau.ee\/wp-content\/uploads\/2022\/04\/MiuMjau-logo-kollane.png","contentUrl":"https:\/\/miumjau.ee\/wp-content\/uploads\/2022\/04\/MiuMjau-logo-kollane.png","width":219,"height":100,"caption":"MiuMjau O\u00dc"},"image":{"@id":"https:\/\/miumjau.ee\/#\/schema\/logo\/image\/"},"sameAs":["https:\/\/www.facebook.com\/miumjaupood\/"]}]}},"_links":{"self":[{"href":"https:\/\/miumjau.ee\/fi\/wp-json\/wp\/v2\/product\/39186","targetHints":{"allow":["GET"]}}],"collection":[{"href":"https:\/\/miumjau.ee\/fi\/wp-json\/wp\/v2\/product"}],"about":[{"href":"https:\/\/miumjau.ee\/fi\/wp-json\/wp\/v2\/types\/product"}],"wp:featuredmedia":[{"embeddable":true,"href":"https:\/\/miumjau.ee\/fi\/wp-json\/wp\/v2\/media\/39169"}],"wp:attachment":[{"href":"https:\/\/miumjau.ee\/fi\/wp-json\/wp\/v2\/media?parent=39186"}],"wp:term":[{"taxonomy":"product_brand","embeddable":true,"href":"https:\/\/miumjau.ee\/fi\/wp-json\/wp\/v2\/product_brand?post=39186"},{"taxonomy":"product_cat","embeddable":true,"href":"https:\/\/miumjau.ee\/fi\/wp-json\/wp\/v2\/product_cat?post=39186"},{"taxonomy":"product_tag","embeddable":true,"href":"https:\/\/miumjau.ee\/fi\/wp-json\/wp\/v2\/product_tag?post=39186"}],"curies":[{"name":"wp","href":"https:\/\/api.w.org\/{rel}","templated":true}]}}