{"id":39153,"date":"2025-09-03T10:31:02","date_gmt":"2025-09-03T07:31:02","guid":{"rendered":"https:\/\/miumjau.ee\/toode\/raapimapuu-petrebels-panorama-185-pepper-ennakkotilauksessa\/"},"modified":"2025-10-27T15:08:10","modified_gmt":"2025-10-27T13:08:10","slug":"raapimapuu-petrebels-panorama-185-pepper","status":"publish","type":"product","link":"https:\/\/miumjau.ee\/fi\/tuote\/raapimapuu-petrebels-panorama-185-pepper\/","title":{"rendered":"Raapimapuu Petrebels Panorama 185, pepper"},"content":{"rendered":"","protected":false},"excerpt":{"rendered":"<p data-start=\"2835\" data-end=\"2897\"><strong data-start=\"2835\" data-end=\"2895\">Kissatorni korkealla nukkujille ja kiipeilyn mestareille<\/strong><\/p>\n<p data-start=\"2899\" data-end=\"3310\">Panorama 185 ei ole mik\u00e4 tahansa raapimapuu \u2013 se on todellinen katseenvangitsija. Korkea, tukeva ja viimeistelty t\u00e4ydellisyyteen. T\u00e4m\u00e4 kissatorni on suunniteltu erottumaan edukseen \u2013 eik\u00e4 ihme, sill\u00e4 se tarjoaa kauniin muotoilun, vaikuttavan korkeuden ja loputtomasti mahdollisuuksia! Raapimisesta ja kiipeilyst\u00e4 rentoutumiseen ja piiloleikkeihin tunnelissa \u2013 t\u00e4ss\u00e4 tornissa on kaikkea, mit\u00e4 kissa voi toivoa.<\/p>\n<p data-start=\"3312\" data-end=\"3577\">Se sopii erinomaisesti suurille kissaroduille, kuten Maine Coon tai Norjan mets\u00e4kissa, mutta yht\u00e4 hyvin my\u00f6s pienemmille kissoille tai senioreille, jotka arvostavat rauhallisuutta. K\u00e4tev\u00e4 lis\u00e4: tyynyt ja riippumatot voi pest\u00e4 koneessa \u2013 helppoa ja k\u00e4yt\u00e4nn\u00f6llist\u00e4!<\/p>\n<p data-start=\"3579\" data-end=\"3597\"><strong data-start=\"3579\" data-end=\"3595\">Tuotetiedot:<\/strong><\/p>\n<ul data-start=\"3598\" data-end=\"3876\">\n<li data-start=\"3598\" data-end=\"3651\">\n<p data-start=\"3600\" data-end=\"3651\">Mitat: pituus 78 cm, leveys 58 cm, korkeus 185 cm<\/p>\n<\/li>\n<li data-start=\"3652\" data-end=\"3706\">\n<p data-start=\"3654\" data-end=\"3706\">P\u00e4\u00e4llystetty kauttaaltaan superpehme\u00e4ll\u00e4 plyysill\u00e4<\/p>\n<\/li>\n<li data-start=\"3707\" data-end=\"3754\">\n<p data-start=\"3709\" data-end=\"3754\">Sopii my\u00f6s suurille ja painaville kissoille<\/p>\n<\/li>\n<li data-start=\"3755\" data-end=\"3824\">\n<p data-start=\"3757\" data-end=\"3824\">Mukana 3 riippumattoa, leikkitunneli ja viihtyis\u00e4 XXL lep\u00e4ilykori<\/p>\n<\/li>\n<li data-start=\"3825\" data-end=\"3876\">\n<p data-start=\"3827\" data-end=\"3876\">Toimitetaan 4 laatikossa, kokonaispaino 60,9 kg<\/p>\n<\/li>\n<\/ul>\n","protected":false},"featured_media":39105,"template":"","meta":[],"product_brand":[],"product_cat":[267,116,139],"product_tag":[],"class_list":{"0":"post-39153","1":"product","2":"type-product","3":"status-publish","4":"has-post-thumbnail","6":"product_cat-isoja-raapimispuut","7":"product_cat-isoille-kissoille-petrebels","8":"product_cat-kaup24-fi","9":"product_shipping_class-pakiautomaati-sobimatu-fi","11":"first","12":"instock","13":"sale","14":"taxable","15":"shipping-taxable","16":"purchasable","17":"product-type-simple"},"yoast_head":"<!-- This site is optimized with the Yoast SEO plugin v27.2 - https:\/\/yoast.com\/product\/yoast-seo-wordpress\/ -->\n<title>Raapimapuu Petrebels Panorama 185, pepper - MiuMjau<\/title>\n<meta name=\"robots\" content=\"index, follow, max-snippet:-1, max-image-preview:large, max-video-preview:-1\" \/>\n<link rel=\"canonical\" href=\"https:\/\/miumjau.ee\/fi\/tuote\/raapimapuu-petrebels-panorama-185-pepper\/\" \/>\n<meta property=\"og:locale\" content=\"fi_FI\" \/>\n<meta property=\"og:type\" content=\"article\" \/>\n<meta property=\"og:title\" content=\"Raapimapuu Petrebels Panorama 185, pepper - MiuMjau\" \/>\n<meta property=\"og:description\" content=\"Kissatorni korkealla nukkujille ja kiipeilyn mestareille Panorama 185 ei ole mik\u00e4 tahansa raapimapuu \u2013 se on todellinen katseenvangitsija. Korkea, tukeva ja viimeistelty t\u00e4ydellisyyteen. T\u00e4m\u00e4 kissatorni on suunniteltu erottumaan edukseen \u2013 eik\u00e4 ihme, sill\u00e4 se tarjoaa kauniin muotoilun, vaikuttavan korkeuden ja loputtomasti mahdollisuuksia! Raapimisesta ja kiipeilyst\u00e4 rentoutumiseen ja piiloleikkeihin tunnelissa \u2013 t\u00e4ss\u00e4 tornissa on kaikkea, mit\u00e4 kissa voi toivoa. Se sopii erinomaisesti suurille kissaroduille, kuten Maine Coon tai Norjan mets\u00e4kissa, mutta yht\u00e4 hyvin my\u00f6s pienemmille kissoille tai senioreille, jotka arvostavat rauhallisuutta. K\u00e4tev\u00e4 lis\u00e4: tyynyt ja riippumatot voi pest\u00e4 koneessa \u2013 helppoa ja k\u00e4yt\u00e4nn\u00f6llist\u00e4! Tuotetiedot:     Mitat: pituus 78 cm, leveys 58 cm, korkeus 185 cm    P\u00e4\u00e4llystetty kauttaaltaan superpehme\u00e4ll\u00e4 plyysill\u00e4    Sopii my\u00f6s suurille ja painaville kissoille    Mukana 3 riippumattoa, leikkitunneli ja viihtyis\u00e4 XXL lep\u00e4ilykori    Toimitetaan 4 laatikossa, kokonaispaino 60,9 kg\" \/>\n<meta property=\"og:url\" content=\"https:\/\/miumjau.ee\/fi\/tuote\/raapimapuu-petrebels-panorama-185-pepper\/\" \/>\n<meta property=\"og:site_name\" content=\"MiuMjau\" \/>\n<meta property=\"article:publisher\" content=\"https:\/\/www.facebook.com\/miumjaupood\/\" \/>\n<meta property=\"article:modified_time\" content=\"2025-10-27T13:08:10+00:00\" \/>\n<meta property=\"og:image\" content=\"https:\/\/miumjau.ee\/wp-content\/uploads\/2025\/09\/ronimispuu-petrebels-panorama8.jpg\" \/>\n\t<meta property=\"og:image:width\" content=\"600\" \/>\n\t<meta property=\"og:image:height\" content=\"800\" \/>\n\t<meta property=\"og:image:type\" content=\"image\/jpeg\" \/>\n<meta name=\"twitter:card\" content=\"summary_large_image\" \/>\n<meta name=\"twitter:label1\" content=\"Arvioitu lukuaika\" \/>\n\t<meta name=\"twitter:data1\" content=\"1 minuutti\" \/>\n<script type=\"application\/ld+json\" class=\"yoast-schema-graph\">{\"@context\":\"https:\/\/schema.org\",\"@graph\":[{\"@type\":\"WebPage\",\"@id\":\"https:\/\/miumjau.ee\/fi\/tuote\/raapimapuu-petrebels-panorama-185-pepper\/\",\"url\":\"https:\/\/miumjau.ee\/fi\/tuote\/raapimapuu-petrebels-panorama-185-pepper\/\",\"name\":\"Raapimapuu Petrebels Panorama 185, pepper - MiuMjau\",\"isPartOf\":{\"@id\":\"https:\/\/miumjau.ee\/#website\"},\"primaryImageOfPage\":{\"@id\":\"https:\/\/miumjau.ee\/fi\/tuote\/raapimapuu-petrebels-panorama-185-pepper\/#primaryimage\"},\"image\":{\"@id\":\"https:\/\/miumjau.ee\/fi\/tuote\/raapimapuu-petrebels-panorama-185-pepper\/#primaryimage\"},\"thumbnailUrl\":\"https:\/\/miumjau.ee\/wp-content\/uploads\/2025\/09\/ronimispuu-petrebels-panorama8.jpg\",\"datePublished\":\"2025-09-03T07:31:02+00:00\",\"dateModified\":\"2025-10-27T13:08:10+00:00\",\"breadcrumb\":{\"@id\":\"https:\/\/miumjau.ee\/fi\/tuote\/raapimapuu-petrebels-panorama-185-pepper\/#breadcrumb\"},\"inLanguage\":\"fi\",\"potentialAction\":[{\"@type\":\"ReadAction\",\"target\":[\"https:\/\/miumjau.ee\/fi\/tuote\/raapimapuu-petrebels-panorama-185-pepper\/\"]}]},{\"@type\":\"ImageObject\",\"inLanguage\":\"fi\",\"@id\":\"https:\/\/miumjau.ee\/fi\/tuote\/raapimapuu-petrebels-panorama-185-pepper\/#primaryimage\",\"url\":\"https:\/\/miumjau.ee\/wp-content\/uploads\/2025\/09\/ronimispuu-petrebels-panorama8.jpg\",\"contentUrl\":\"https:\/\/miumjau.ee\/wp-content\/uploads\/2025\/09\/ronimispuu-petrebels-panorama8.jpg\",\"width\":600,\"height\":800,\"caption\":\"Ronimispuu Petrebels Panorama 185, pepper, EELTELLIMISEGA\"},{\"@type\":\"BreadcrumbList\",\"@id\":\"https:\/\/miumjau.ee\/fi\/tuote\/raapimapuu-petrebels-panorama-185-pepper\/#breadcrumb\",\"itemListElement\":[{\"@type\":\"ListItem\",\"position\":1,\"name\":\"Home\",\"item\":\"https:\/\/miumjau.ee\/fi\/\"},{\"@type\":\"ListItem\",\"position\":2,\"name\":\"Kauppa\",\"item\":\"https:\/\/miumjau.ee\/fi\/kauppa\/\"},{\"@type\":\"ListItem\",\"position\":3,\"name\":\"Raapimapuu Petrebels Panorama 185, pepper\"}]},{\"@type\":\"WebSite\",\"@id\":\"https:\/\/miumjau.ee\/#website\",\"url\":\"https:\/\/miumjau.ee\/\",\"name\":\"MiuMjau\",\"description\":\"Kraapimispuud kassidele\",\"publisher\":{\"@id\":\"https:\/\/miumjau.ee\/#organization\"},\"potentialAction\":[{\"@type\":\"SearchAction\",\"target\":{\"@type\":\"EntryPoint\",\"urlTemplate\":\"https:\/\/miumjau.ee\/?s={search_term_string}\"},\"query-input\":{\"@type\":\"PropertyValueSpecification\",\"valueRequired\":true,\"valueName\":\"search_term_string\"}}],\"inLanguage\":\"fi\"},{\"@type\":\"Organization\",\"@id\":\"https:\/\/miumjau.ee\/#organization\",\"name\":\"MiuMjau O\u00dc\",\"url\":\"https:\/\/miumjau.ee\/\",\"logo\":{\"@type\":\"ImageObject\",\"inLanguage\":\"fi\",\"@id\":\"https:\/\/miumjau.ee\/#\/schema\/logo\/image\/\",\"url\":\"https:\/\/miumjau.ee\/wp-content\/uploads\/2022\/04\/MiuMjau-logo-kollane.png\",\"contentUrl\":\"https:\/\/miumjau.ee\/wp-content\/uploads\/2022\/04\/MiuMjau-logo-kollane.png\",\"width\":219,\"height\":100,\"caption\":\"MiuMjau O\u00dc\"},\"image\":{\"@id\":\"https:\/\/miumjau.ee\/#\/schema\/logo\/image\/\"},\"sameAs\":[\"https:\/\/www.facebook.com\/miumjaupood\/\"]}]}<\/script>\n<!-- \/ Yoast SEO plugin. -->","yoast_head_json":{"title":"Raapimapuu Petrebels Panorama 185, pepper - MiuMjau","robots":{"index":"index","follow":"follow","max-snippet":"max-snippet:-1","max-image-preview":"max-image-preview:large","max-video-preview":"max-video-preview:-1"},"canonical":"https:\/\/miumjau.ee\/fi\/tuote\/raapimapuu-petrebels-panorama-185-pepper\/","og_locale":"fi_FI","og_type":"article","og_title":"Raapimapuu Petrebels Panorama 185, pepper - MiuMjau","og_description":"Kissatorni korkealla nukkujille ja kiipeilyn mestareille Panorama 185 ei ole mik\u00e4 tahansa raapimapuu \u2013 se on todellinen katseenvangitsija. Korkea, tukeva ja viimeistelty t\u00e4ydellisyyteen. T\u00e4m\u00e4 kissatorni on suunniteltu erottumaan edukseen \u2013 eik\u00e4 ihme, sill\u00e4 se tarjoaa kauniin muotoilun, vaikuttavan korkeuden ja loputtomasti mahdollisuuksia! Raapimisesta ja kiipeilyst\u00e4 rentoutumiseen ja piiloleikkeihin tunnelissa \u2013 t\u00e4ss\u00e4 tornissa on kaikkea, mit\u00e4 kissa voi toivoa. Se sopii erinomaisesti suurille kissaroduille, kuten Maine Coon tai Norjan mets\u00e4kissa, mutta yht\u00e4 hyvin my\u00f6s pienemmille kissoille tai senioreille, jotka arvostavat rauhallisuutta. K\u00e4tev\u00e4 lis\u00e4: tyynyt ja riippumatot voi pest\u00e4 koneessa \u2013 helppoa ja k\u00e4yt\u00e4nn\u00f6llist\u00e4! Tuotetiedot:     Mitat: pituus 78 cm, leveys 58 cm, korkeus 185 cm    P\u00e4\u00e4llystetty kauttaaltaan superpehme\u00e4ll\u00e4 plyysill\u00e4    Sopii my\u00f6s suurille ja painaville kissoille    Mukana 3 riippumattoa, leikkitunneli ja viihtyis\u00e4 XXL lep\u00e4ilykori    Toimitetaan 4 laatikossa, kokonaispaino 60,9 kg","og_url":"https:\/\/miumjau.ee\/fi\/tuote\/raapimapuu-petrebels-panorama-185-pepper\/","og_site_name":"MiuMjau","article_publisher":"https:\/\/www.facebook.com\/miumjaupood\/","article_modified_time":"2025-10-27T13:08:10+00:00","og_image":[{"width":600,"height":800,"url":"https:\/\/miumjau.ee\/wp-content\/uploads\/2025\/09\/ronimispuu-petrebels-panorama8.jpg","type":"image\/jpeg"}],"twitter_card":"summary_large_image","twitter_misc":{"Arvioitu lukuaika":"1 minuutti"},"schema":{"@context":"https:\/\/schema.org","@graph":[{"@type":"WebPage","@id":"https:\/\/miumjau.ee\/fi\/tuote\/raapimapuu-petrebels-panorama-185-pepper\/","url":"https:\/\/miumjau.ee\/fi\/tuote\/raapimapuu-petrebels-panorama-185-pepper\/","name":"Raapimapuu Petrebels Panorama 185, pepper - MiuMjau","isPartOf":{"@id":"https:\/\/miumjau.ee\/#website"},"primaryImageOfPage":{"@id":"https:\/\/miumjau.ee\/fi\/tuote\/raapimapuu-petrebels-panorama-185-pepper\/#primaryimage"},"image":{"@id":"https:\/\/miumjau.ee\/fi\/tuote\/raapimapuu-petrebels-panorama-185-pepper\/#primaryimage"},"thumbnailUrl":"https:\/\/miumjau.ee\/wp-content\/uploads\/2025\/09\/ronimispuu-petrebels-panorama8.jpg","datePublished":"2025-09-03T07:31:02+00:00","dateModified":"2025-10-27T13:08:10+00:00","breadcrumb":{"@id":"https:\/\/miumjau.ee\/fi\/tuote\/raapimapuu-petrebels-panorama-185-pepper\/#breadcrumb"},"inLanguage":"fi","potentialAction":[{"@type":"ReadAction","target":["https:\/\/miumjau.ee\/fi\/tuote\/raapimapuu-petrebels-panorama-185-pepper\/"]}]},{"@type":"ImageObject","inLanguage":"fi","@id":"https:\/\/miumjau.ee\/fi\/tuote\/raapimapuu-petrebels-panorama-185-pepper\/#primaryimage","url":"https:\/\/miumjau.ee\/wp-content\/uploads\/2025\/09\/ronimispuu-petrebels-panorama8.jpg","contentUrl":"https:\/\/miumjau.ee\/wp-content\/uploads\/2025\/09\/ronimispuu-petrebels-panorama8.jpg","width":600,"height":800,"caption":"Ronimispuu Petrebels Panorama 185, pepper, EELTELLIMISEGA"},{"@type":"BreadcrumbList","@id":"https:\/\/miumjau.ee\/fi\/tuote\/raapimapuu-petrebels-panorama-185-pepper\/#breadcrumb","itemListElement":[{"@type":"ListItem","position":1,"name":"Home","item":"https:\/\/miumjau.ee\/fi\/"},{"@type":"ListItem","position":2,"name":"Kauppa","item":"https:\/\/miumjau.ee\/fi\/kauppa\/"},{"@type":"ListItem","position":3,"name":"Raapimapuu Petrebels Panorama 185, pepper"}]},{"@type":"WebSite","@id":"https:\/\/miumjau.ee\/#website","url":"https:\/\/miumjau.ee\/","name":"MiuMjau","description":"Kraapimispuud kassidele","publisher":{"@id":"https:\/\/miumjau.ee\/#organization"},"potentialAction":[{"@type":"SearchAction","target":{"@type":"EntryPoint","urlTemplate":"https:\/\/miumjau.ee\/?s={search_term_string}"},"query-input":{"@type":"PropertyValueSpecification","valueRequired":true,"valueName":"search_term_string"}}],"inLanguage":"fi"},{"@type":"Organization","@id":"https:\/\/miumjau.ee\/#organization","name":"MiuMjau O\u00dc","url":"https:\/\/miumjau.ee\/","logo":{"@type":"ImageObject","inLanguage":"fi","@id":"https:\/\/miumjau.ee\/#\/schema\/logo\/image\/","url":"https:\/\/miumjau.ee\/wp-content\/uploads\/2022\/04\/MiuMjau-logo-kollane.png","contentUrl":"https:\/\/miumjau.ee\/wp-content\/uploads\/2022\/04\/MiuMjau-logo-kollane.png","width":219,"height":100,"caption":"MiuMjau O\u00dc"},"image":{"@id":"https:\/\/miumjau.ee\/#\/schema\/logo\/image\/"},"sameAs":["https:\/\/www.facebook.com\/miumjaupood\/"]}]}},"_links":{"self":[{"href":"https:\/\/miumjau.ee\/fi\/wp-json\/wp\/v2\/product\/39153","targetHints":{"allow":["GET"]}}],"collection":[{"href":"https:\/\/miumjau.ee\/fi\/wp-json\/wp\/v2\/product"}],"about":[{"href":"https:\/\/miumjau.ee\/fi\/wp-json\/wp\/v2\/types\/product"}],"wp:featuredmedia":[{"embeddable":true,"href":"https:\/\/miumjau.ee\/fi\/wp-json\/wp\/v2\/media\/39105"}],"wp:attachment":[{"href":"https:\/\/miumjau.ee\/fi\/wp-json\/wp\/v2\/media?parent=39153"}],"wp:term":[{"taxonomy":"product_brand","embeddable":true,"href":"https:\/\/miumjau.ee\/fi\/wp-json\/wp\/v2\/product_brand?post=39153"},{"taxonomy":"product_cat","embeddable":true,"href":"https:\/\/miumjau.ee\/fi\/wp-json\/wp\/v2\/product_cat?post=39153"},{"taxonomy":"product_tag","embeddable":true,"href":"https:\/\/miumjau.ee\/fi\/wp-json\/wp\/v2\/product_tag?post=39153"}],"curies":[{"name":"wp","href":"https:\/\/api.w.org\/{rel}","templated":true}]}}