{"id":39096,"date":"2025-09-03T09:46:05","date_gmt":"2025-09-03T06:46:05","guid":{"rendered":"https:\/\/miumjau.ee\/toode\/raapimapuu-maine-90-deluxe-off-white-tilauksesta\/"},"modified":"2025-12-11T19:46:40","modified_gmt":"2025-12-11T17:46:40","slug":"raapimapuu-maine-90-deluxe-off-white","status":"publish","type":"product","link":"https:\/\/miumjau.ee\/fi\/tuote\/raapimapuu-maine-90-deluxe-off-white\/","title":{"rendered":"Raapimapuu Maine 90 Deluxe, off white"},"content":{"rendered":"","protected":false},"excerpt":{"rendered":"<p data-start=\"3164\" data-end=\"3469\">Maine Deluxe on vakaa, tyylik\u00e4s ja erinomainen raapimapuu \u2013 askel ylellisempi kuin edelt\u00e4j\u00e4ns\u00e4. Se on saatavilla kahdessa trendikk\u00e4\u00e4ss\u00e4 v\u00e4riss\u00e4 ja tarjoaa raapimisen lis\u00e4ksi my\u00f6s leikkihetki\u00e4. Mukana tulee ainutlaatuinen lelu <em data-start=\"3390\" data-end=\"3403\">Funky Rebel<\/em>: pehme\u00e4 plyysipallo, jossa on kaksi h\u00f6yhent\u00e4 ja kilisev\u00e4 kello.<\/p>\n<p data-start=\"3471\" data-end=\"3791\">Se on valmistettu kest\u00e4vist\u00e4 materiaaleista, jotka kest\u00e4v\u00e4t hyvin my\u00f6s aktiivista k\u00e4ytt\u00f6\u00e4. Klassinen muotoilu sopii mihin tahansa sisustukseen ja kompakti koko tekee siit\u00e4 t\u00e4ydellisen valinnan jokaiseen huoneeseen. Sopii kaikille kissoille, i\u00e4st\u00e4 tai rodusta riippumatta, ja t\u00e4ydent\u00e4\u00e4 mainiosti suurempaa raapimapuuta.<\/p>\n<p data-start=\"3793\" data-end=\"3811\"><strong data-start=\"3793\" data-end=\"3809\">Tuotetiedot:<\/strong><\/p>\n<ul data-start=\"3812\" data-end=\"3991\">\n<li data-start=\"3812\" data-end=\"3864\">\n<p data-start=\"3814\" data-end=\"3864\">Mitat: pituus 40 cm, leveys 40 cm, korkeus 90 cm<\/p>\n<\/li>\n<li data-start=\"3865\" data-end=\"3910\">\n<p data-start=\"3867\" data-end=\"3910\">Sopii kaikille kissoille, kaikenik\u00e4isille<\/p>\n<\/li>\n<li data-start=\"3911\" data-end=\"3937\">\n<p data-start=\"3913\" data-end=\"3937\">Kompakti mutta kest\u00e4v\u00e4<\/p>\n<\/li>\n<li data-start=\"3938\" data-end=\"3991\">\n<p data-start=\"3940\" data-end=\"3991\">Kaunis ja ylellinen design trendikk\u00e4iss\u00e4 v\u00e4reiss\u00e4<\/p>\n<\/li>\n<\/ul>\n","protected":false},"featured_media":39085,"template":"","meta":[],"product_brand":[],"product_cat":[114],"product_tag":[],"class_list":{"0":"post-39096","1":"product","2":"type-product","3":"status-publish","4":"has-post-thumbnail","6":"product_cat-pienet-raapimispuut-petrebels","7":"product_shipping_class-pakiautomaati-sobimatu-fi","9":"first","10":"instock","11":"sale","12":"taxable","13":"shipping-taxable","14":"purchasable","15":"product-type-simple"},"yoast_head":"<!-- This site is optimized with the Yoast SEO plugin v27.2 - https:\/\/yoast.com\/product\/yoast-seo-wordpress\/ -->\n<title>Raapimapuu Maine 90 Deluxe, off white - MiuMjau<\/title>\n<meta name=\"robots\" content=\"index, follow, max-snippet:-1, max-image-preview:large, max-video-preview:-1\" \/>\n<link rel=\"canonical\" href=\"https:\/\/miumjau.ee\/fi\/tuote\/raapimapuu-maine-90-deluxe-off-white\/\" \/>\n<meta property=\"og:locale\" content=\"fi_FI\" \/>\n<meta property=\"og:type\" content=\"article\" \/>\n<meta property=\"og:title\" content=\"Raapimapuu Maine 90 Deluxe, off white - MiuMjau\" \/>\n<meta property=\"og:description\" content=\"Maine Deluxe on vakaa, tyylik\u00e4s ja erinomainen raapimapuu \u2013 askel ylellisempi kuin edelt\u00e4j\u00e4ns\u00e4. Se on saatavilla kahdessa trendikk\u00e4\u00e4ss\u00e4 v\u00e4riss\u00e4 ja tarjoaa raapimisen lis\u00e4ksi my\u00f6s leikkihetki\u00e4. Mukana tulee ainutlaatuinen lelu Funky Rebel: pehme\u00e4 plyysipallo, jossa on kaksi h\u00f6yhent\u00e4 ja kilisev\u00e4 kello. Se on valmistettu kest\u00e4vist\u00e4 materiaaleista, jotka kest\u00e4v\u00e4t hyvin my\u00f6s aktiivista k\u00e4ytt\u00f6\u00e4. Klassinen muotoilu sopii mihin tahansa sisustukseen ja kompakti koko tekee siit\u00e4 t\u00e4ydellisen valinnan jokaiseen huoneeseen. Sopii kaikille kissoille, i\u00e4st\u00e4 tai rodusta riippumatta, ja t\u00e4ydent\u00e4\u00e4 mainiosti suurempaa raapimapuuta. Tuotetiedot:     Mitat: pituus 40 cm, leveys 40 cm, korkeus 90 cm    Sopii kaikille kissoille, kaikenik\u00e4isille    Kompakti mutta kest\u00e4v\u00e4    Kaunis ja ylellinen design trendikk\u00e4iss\u00e4 v\u00e4reiss\u00e4\" \/>\n<meta property=\"og:url\" content=\"https:\/\/miumjau.ee\/fi\/tuote\/raapimapuu-maine-90-deluxe-off-white\/\" \/>\n<meta property=\"og:site_name\" content=\"MiuMjau\" \/>\n<meta property=\"article:publisher\" content=\"https:\/\/www.facebook.com\/miumjaupood\/\" \/>\n<meta property=\"article:modified_time\" content=\"2025-12-11T17:46:40+00:00\" \/>\n<meta property=\"og:image\" content=\"https:\/\/miumjau.ee\/wp-content\/uploads\/2025\/09\/kraapimispost-maine90-deluxe2.jpg\" \/>\n\t<meta property=\"og:image:width\" content=\"600\" \/>\n\t<meta property=\"og:image:height\" content=\"800\" \/>\n\t<meta property=\"og:image:type\" content=\"image\/jpeg\" \/>\n<meta name=\"twitter:card\" content=\"summary_large_image\" \/>\n<meta name=\"twitter:label1\" content=\"Arvioitu lukuaika\" \/>\n\t<meta name=\"twitter:data1\" content=\"1 minuutti\" \/>\n<script type=\"application\/ld+json\" class=\"yoast-schema-graph\">{\"@context\":\"https:\/\/schema.org\",\"@graph\":[{\"@type\":\"WebPage\",\"@id\":\"https:\/\/miumjau.ee\/fi\/tuote\/raapimapuu-maine-90-deluxe-off-white\/\",\"url\":\"https:\/\/miumjau.ee\/fi\/tuote\/raapimapuu-maine-90-deluxe-off-white\/\",\"name\":\"Raapimapuu Maine 90 Deluxe, off white - MiuMjau\",\"isPartOf\":{\"@id\":\"https:\/\/miumjau.ee\/#website\"},\"primaryImageOfPage\":{\"@id\":\"https:\/\/miumjau.ee\/fi\/tuote\/raapimapuu-maine-90-deluxe-off-white\/#primaryimage\"},\"image\":{\"@id\":\"https:\/\/miumjau.ee\/fi\/tuote\/raapimapuu-maine-90-deluxe-off-white\/#primaryimage\"},\"thumbnailUrl\":\"https:\/\/miumjau.ee\/wp-content\/uploads\/2025\/09\/kraapimispost-maine90-deluxe2.jpg\",\"datePublished\":\"2025-09-03T06:46:05+00:00\",\"dateModified\":\"2025-12-11T17:46:40+00:00\",\"breadcrumb\":{\"@id\":\"https:\/\/miumjau.ee\/fi\/tuote\/raapimapuu-maine-90-deluxe-off-white\/#breadcrumb\"},\"inLanguage\":\"fi\",\"potentialAction\":[{\"@type\":\"ReadAction\",\"target\":[\"https:\/\/miumjau.ee\/fi\/tuote\/raapimapuu-maine-90-deluxe-off-white\/\"]}]},{\"@type\":\"ImageObject\",\"inLanguage\":\"fi\",\"@id\":\"https:\/\/miumjau.ee\/fi\/tuote\/raapimapuu-maine-90-deluxe-off-white\/#primaryimage\",\"url\":\"https:\/\/miumjau.ee\/wp-content\/uploads\/2025\/09\/kraapimispost-maine90-deluxe2.jpg\",\"contentUrl\":\"https:\/\/miumjau.ee\/wp-content\/uploads\/2025\/09\/kraapimispost-maine90-deluxe2.jpg\",\"width\":600,\"height\":800,\"caption\":\"Kraapimispost Maine 90 Deluxe, off white\"},{\"@type\":\"BreadcrumbList\",\"@id\":\"https:\/\/miumjau.ee\/fi\/tuote\/raapimapuu-maine-90-deluxe-off-white\/#breadcrumb\",\"itemListElement\":[{\"@type\":\"ListItem\",\"position\":1,\"name\":\"Home\",\"item\":\"https:\/\/miumjau.ee\/fi\/\"},{\"@type\":\"ListItem\",\"position\":2,\"name\":\"Kauppa\",\"item\":\"https:\/\/miumjau.ee\/fi\/kauppa\/\"},{\"@type\":\"ListItem\",\"position\":3,\"name\":\"Raapimapuu Maine 90 Deluxe, off white\"}]},{\"@type\":\"WebSite\",\"@id\":\"https:\/\/miumjau.ee\/#website\",\"url\":\"https:\/\/miumjau.ee\/\",\"name\":\"MiuMjau\",\"description\":\"Kraapimispuud kassidele\",\"publisher\":{\"@id\":\"https:\/\/miumjau.ee\/#organization\"},\"potentialAction\":[{\"@type\":\"SearchAction\",\"target\":{\"@type\":\"EntryPoint\",\"urlTemplate\":\"https:\/\/miumjau.ee\/?s={search_term_string}\"},\"query-input\":{\"@type\":\"PropertyValueSpecification\",\"valueRequired\":true,\"valueName\":\"search_term_string\"}}],\"inLanguage\":\"fi\"},{\"@type\":\"Organization\",\"@id\":\"https:\/\/miumjau.ee\/#organization\",\"name\":\"MiuMjau O\u00dc\",\"url\":\"https:\/\/miumjau.ee\/\",\"logo\":{\"@type\":\"ImageObject\",\"inLanguage\":\"fi\",\"@id\":\"https:\/\/miumjau.ee\/#\/schema\/logo\/image\/\",\"url\":\"https:\/\/miumjau.ee\/wp-content\/uploads\/2022\/04\/MiuMjau-logo-kollane.png\",\"contentUrl\":\"https:\/\/miumjau.ee\/wp-content\/uploads\/2022\/04\/MiuMjau-logo-kollane.png\",\"width\":219,\"height\":100,\"caption\":\"MiuMjau O\u00dc\"},\"image\":{\"@id\":\"https:\/\/miumjau.ee\/#\/schema\/logo\/image\/\"},\"sameAs\":[\"https:\/\/www.facebook.com\/miumjaupood\/\"]}]}<\/script>\n<!-- \/ Yoast SEO plugin. -->","yoast_head_json":{"title":"Raapimapuu Maine 90 Deluxe, off white - MiuMjau","robots":{"index":"index","follow":"follow","max-snippet":"max-snippet:-1","max-image-preview":"max-image-preview:large","max-video-preview":"max-video-preview:-1"},"canonical":"https:\/\/miumjau.ee\/fi\/tuote\/raapimapuu-maine-90-deluxe-off-white\/","og_locale":"fi_FI","og_type":"article","og_title":"Raapimapuu Maine 90 Deluxe, off white - MiuMjau","og_description":"Maine Deluxe on vakaa, tyylik\u00e4s ja erinomainen raapimapuu \u2013 askel ylellisempi kuin edelt\u00e4j\u00e4ns\u00e4. Se on saatavilla kahdessa trendikk\u00e4\u00e4ss\u00e4 v\u00e4riss\u00e4 ja tarjoaa raapimisen lis\u00e4ksi my\u00f6s leikkihetki\u00e4. Mukana tulee ainutlaatuinen lelu Funky Rebel: pehme\u00e4 plyysipallo, jossa on kaksi h\u00f6yhent\u00e4 ja kilisev\u00e4 kello. Se on valmistettu kest\u00e4vist\u00e4 materiaaleista, jotka kest\u00e4v\u00e4t hyvin my\u00f6s aktiivista k\u00e4ytt\u00f6\u00e4. Klassinen muotoilu sopii mihin tahansa sisustukseen ja kompakti koko tekee siit\u00e4 t\u00e4ydellisen valinnan jokaiseen huoneeseen. Sopii kaikille kissoille, i\u00e4st\u00e4 tai rodusta riippumatta, ja t\u00e4ydent\u00e4\u00e4 mainiosti suurempaa raapimapuuta. Tuotetiedot:     Mitat: pituus 40 cm, leveys 40 cm, korkeus 90 cm    Sopii kaikille kissoille, kaikenik\u00e4isille    Kompakti mutta kest\u00e4v\u00e4    Kaunis ja ylellinen design trendikk\u00e4iss\u00e4 v\u00e4reiss\u00e4","og_url":"https:\/\/miumjau.ee\/fi\/tuote\/raapimapuu-maine-90-deluxe-off-white\/","og_site_name":"MiuMjau","article_publisher":"https:\/\/www.facebook.com\/miumjaupood\/","article_modified_time":"2025-12-11T17:46:40+00:00","og_image":[{"width":600,"height":800,"url":"https:\/\/miumjau.ee\/wp-content\/uploads\/2025\/09\/kraapimispost-maine90-deluxe2.jpg","type":"image\/jpeg"}],"twitter_card":"summary_large_image","twitter_misc":{"Arvioitu lukuaika":"1 minuutti"},"schema":{"@context":"https:\/\/schema.org","@graph":[{"@type":"WebPage","@id":"https:\/\/miumjau.ee\/fi\/tuote\/raapimapuu-maine-90-deluxe-off-white\/","url":"https:\/\/miumjau.ee\/fi\/tuote\/raapimapuu-maine-90-deluxe-off-white\/","name":"Raapimapuu Maine 90 Deluxe, off white - MiuMjau","isPartOf":{"@id":"https:\/\/miumjau.ee\/#website"},"primaryImageOfPage":{"@id":"https:\/\/miumjau.ee\/fi\/tuote\/raapimapuu-maine-90-deluxe-off-white\/#primaryimage"},"image":{"@id":"https:\/\/miumjau.ee\/fi\/tuote\/raapimapuu-maine-90-deluxe-off-white\/#primaryimage"},"thumbnailUrl":"https:\/\/miumjau.ee\/wp-content\/uploads\/2025\/09\/kraapimispost-maine90-deluxe2.jpg","datePublished":"2025-09-03T06:46:05+00:00","dateModified":"2025-12-11T17:46:40+00:00","breadcrumb":{"@id":"https:\/\/miumjau.ee\/fi\/tuote\/raapimapuu-maine-90-deluxe-off-white\/#breadcrumb"},"inLanguage":"fi","potentialAction":[{"@type":"ReadAction","target":["https:\/\/miumjau.ee\/fi\/tuote\/raapimapuu-maine-90-deluxe-off-white\/"]}]},{"@type":"ImageObject","inLanguage":"fi","@id":"https:\/\/miumjau.ee\/fi\/tuote\/raapimapuu-maine-90-deluxe-off-white\/#primaryimage","url":"https:\/\/miumjau.ee\/wp-content\/uploads\/2025\/09\/kraapimispost-maine90-deluxe2.jpg","contentUrl":"https:\/\/miumjau.ee\/wp-content\/uploads\/2025\/09\/kraapimispost-maine90-deluxe2.jpg","width":600,"height":800,"caption":"Kraapimispost Maine 90 Deluxe, off white"},{"@type":"BreadcrumbList","@id":"https:\/\/miumjau.ee\/fi\/tuote\/raapimapuu-maine-90-deluxe-off-white\/#breadcrumb","itemListElement":[{"@type":"ListItem","position":1,"name":"Home","item":"https:\/\/miumjau.ee\/fi\/"},{"@type":"ListItem","position":2,"name":"Kauppa","item":"https:\/\/miumjau.ee\/fi\/kauppa\/"},{"@type":"ListItem","position":3,"name":"Raapimapuu Maine 90 Deluxe, off white"}]},{"@type":"WebSite","@id":"https:\/\/miumjau.ee\/#website","url":"https:\/\/miumjau.ee\/","name":"MiuMjau","description":"Kraapimispuud kassidele","publisher":{"@id":"https:\/\/miumjau.ee\/#organization"},"potentialAction":[{"@type":"SearchAction","target":{"@type":"EntryPoint","urlTemplate":"https:\/\/miumjau.ee\/?s={search_term_string}"},"query-input":{"@type":"PropertyValueSpecification","valueRequired":true,"valueName":"search_term_string"}}],"inLanguage":"fi"},{"@type":"Organization","@id":"https:\/\/miumjau.ee\/#organization","name":"MiuMjau O\u00dc","url":"https:\/\/miumjau.ee\/","logo":{"@type":"ImageObject","inLanguage":"fi","@id":"https:\/\/miumjau.ee\/#\/schema\/logo\/image\/","url":"https:\/\/miumjau.ee\/wp-content\/uploads\/2022\/04\/MiuMjau-logo-kollane.png","contentUrl":"https:\/\/miumjau.ee\/wp-content\/uploads\/2022\/04\/MiuMjau-logo-kollane.png","width":219,"height":100,"caption":"MiuMjau O\u00dc"},"image":{"@id":"https:\/\/miumjau.ee\/#\/schema\/logo\/image\/"},"sameAs":["https:\/\/www.facebook.com\/miumjaupood\/"]}]}},"_links":{"self":[{"href":"https:\/\/miumjau.ee\/fi\/wp-json\/wp\/v2\/product\/39096","targetHints":{"allow":["GET"]}}],"collection":[{"href":"https:\/\/miumjau.ee\/fi\/wp-json\/wp\/v2\/product"}],"about":[{"href":"https:\/\/miumjau.ee\/fi\/wp-json\/wp\/v2\/types\/product"}],"wp:featuredmedia":[{"embeddable":true,"href":"https:\/\/miumjau.ee\/fi\/wp-json\/wp\/v2\/media\/39085"}],"wp:attachment":[{"href":"https:\/\/miumjau.ee\/fi\/wp-json\/wp\/v2\/media?parent=39096"}],"wp:term":[{"taxonomy":"product_brand","embeddable":true,"href":"https:\/\/miumjau.ee\/fi\/wp-json\/wp\/v2\/product_brand?post=39096"},{"taxonomy":"product_cat","embeddable":true,"href":"https:\/\/miumjau.ee\/fi\/wp-json\/wp\/v2\/product_cat?post=39096"},{"taxonomy":"product_tag","embeddable":true,"href":"https:\/\/miumjau.ee\/fi\/wp-json\/wp\/v2\/product_tag?post=39096"}],"curies":[{"name":"wp","href":"https:\/\/api.w.org\/{rel}","templated":true}]}}