{"id":39001,"date":"2025-08-30T18:46:07","date_gmt":"2025-08-30T15:46:07","guid":{"rendered":"https:\/\/miumjau.ee\/?post_type=product&#038;p=39001"},"modified":"2026-01-07T22:49:17","modified_gmt":"2026-01-07T20:49:17","slug":"kissan-valjaat-ja-talutushihna-vaaleanpunainen-s-kopeeri","status":"publish","type":"product","link":"https:\/\/miumjau.ee\/fi\/tuote\/kissan-valjaat-ja-talutushihna-vaaleanpunainen-s-kopeeri\/","title":{"rendered":"Kissan valjaat ja talutushihna, vaaleanpunainen XS"},"content":{"rendered":"","protected":false},"excerpt":{"rendered":"<p data-start=\"1756\" data-end=\"2139\"><strong data-start=\"1756\" data-end=\"1818\">Kissanvaljaat hihnalla, sopivat keskikokoisille kissoille:<\/strong><br data-start=\"1818\" data-end=\"1821\" \/>Koko-opas: Kaulan ymp\u00e4rys: 21,6\u201327,9 cm; rinnan ymp\u00e4rys: 34,3\u201340,6 cm. Mittaa kissasi huolellisesti ja tarkista kokotaulukko ennen tilaamista.<br data-start=\"1963\" data-end=\"1966\" \/>(Vinkki: Kissasi p\u00e4\u00e4n ymp\u00e4ryksen tulisi olla v\u00e4hint\u00e4\u00e4n 25 cm, muuten se voi livahtaa valjaista.)<br data-start=\"2062\" data-end=\"2065\" \/>Pakkaus sis\u00e4lt\u00e4\u00e4: 1\u00d7 pieni kissanvaljasliivi ja 1\u00d7 nailonhihna (150 cm).<\/p>\n<p data-start=\"2141\" data-end=\"2454\"><strong data-start=\"2141\" data-end=\"2165\">Mukavat ulkovaljaat:<\/strong><br data-start=\"2165\" data-end=\"2168\" \/>Hengitt\u00e4v\u00e4st\u00e4 verkkokankaasta valmistetut valjaat istuvat tiiviisti kissan vartalolle pit\u00e4en sen samalla viile\u00e4n\u00e4. Pehme\u00e4t ja kevyet (noin 100 g), sopivat p\u00e4ivitt\u00e4isille k\u00e4velyille, juoksuun, harjoitteluun ja muihin ulkoiluun. Erinomainen my\u00f6s el\u00e4inl\u00e4\u00e4k\u00e4rik\u00e4ynneille tai trimmaajalle.<\/p>\n<p data-start=\"2456\" data-end=\"2828\"><strong data-start=\"2456\" data-end=\"2479\">Pakovarmat valjaat:<\/strong><br data-start=\"2479\" data-end=\"2482\" \/>Valjaissa on 4 s\u00e4\u00e4dett\u00e4v\u00e4\u00e4 hihnaa, joiden avulla saat t\u00e4ydellisen istuvuuden my\u00f6s notkealle kissalle. Molemmilla puolilla on kest\u00e4v\u00e4t turvasoljet, jotka takaavat varman kiinnityksen \u2013 ei huolta, ett\u00e4 kissa karkaa ulkoilun aikana.<br data-start=\"2711\" data-end=\"2714\" \/>(Vinkki: Valjaiden tulisi olla sen verran tiukat, ett\u00e4 niiden ja kissan vartalon v\u00e4liin mahtuu vain yksi sormi.)<\/p>\n<p data-start=\"2830\" data-end=\"3246\"><strong data-start=\"2830\" data-end=\"2857\">Turvalliset ja mukavat:<\/strong><br data-start=\"2857\" data-end=\"2860\" \/>Pitk\u00e4 ja kest\u00e4v\u00e4 nailonhihna kiinnitet\u00e4\u00e4n valjaiden metalliseen kiinnitysrenkaaseen, jolloin kissa voi tutkia ymp\u00e4rist\u00f6\u00e4\u00e4n turvallisesti. Liivim\u00e4inen muotoilu jakaa paineen tasaisesti rinnan ja hartioiden alueelle, est\u00e4en tukehtumista ja niskan rasitusta \u2013 paljon turvallisempi ja mukavampi kuin tavalliset tai H-malliset valjaat. Heijastavat raidat pit\u00e4v\u00e4t kissasi n\u00e4kyv\u00e4n\u00e4 pime\u00e4ss\u00e4.<\/p>\n<p data-start=\"3248\" data-end=\"3483\"><strong data-start=\"3248\" data-end=\"3275\">Helppo pukea ja riisua:<\/strong><br data-start=\"3275\" data-end=\"3278\" \/>Valjaat on helppo pukea ja riisua kahden sivusoljen ja nelj\u00e4n s\u00e4\u00e4dett\u00e4v\u00e4n hihnan ansiosta.<br data-start=\"3368\" data-end=\"3371\" \/>(Vinkki: Auta herkk\u00e4\u00e4 kissaasi tottumaan valjaisiin pit\u00e4m\u00e4ll\u00e4 ne sen l\u00e4hell\u00e4 nukkumisen tai ruokailun aikana.)<\/p>\n","protected":false},"featured_media":25481,"template":"","meta":[],"product_brand":[],"product_cat":[297],"product_tag":[],"class_list":{"0":"post-39001","1":"product","2":"type-product","3":"status-publish","4":"has-post-thumbnail","6":"product_cat-kissan-valjaat","8":"first","9":"instock","10":"taxable","11":"shipping-taxable","12":"purchasable","13":"product-type-simple"},"yoast_head":"<!-- This site is optimized with the Yoast SEO plugin v27.2 - https:\/\/yoast.com\/product\/yoast-seo-wordpress\/ -->\n<title>Kissan valjaat ja talutushihna, vaaleanpunainen XS - MiuMjau<\/title>\n<meta name=\"description\" content=\"Valjaat kissalle, jotka ovat turvalliset ja mukavat \u2013 eiv\u00e4t purista eiv\u00e4tk\u00e4 \u00e4rsyt\u00e4. Lis\u00e4ksi ne n\u00e4ytt\u00e4v\u00e4t upeilta ja v\u00e4rikk\u00e4ilt\u00e4! Mik\u00e4 on sinun suosikkisi?\" \/>\n<meta name=\"robots\" content=\"index, follow, max-snippet:-1, max-image-preview:large, max-video-preview:-1\" \/>\n<link rel=\"canonical\" href=\"https:\/\/miumjau.ee\/fi\/tuote\/kissan-valjaat-ja-talutushihna-vaaleanpunainen-s-kopeeri\/\" \/>\n<meta property=\"og:locale\" content=\"fi_FI\" \/>\n<meta property=\"og:type\" content=\"article\" \/>\n<meta property=\"og:title\" content=\"Kissan valjaat ja talutushihna, vaaleanpunainen XS - MiuMjau\" \/>\n<meta property=\"og:description\" content=\"Valjaat kissalle, jotka ovat turvalliset ja mukavat \u2013 eiv\u00e4t purista eiv\u00e4tk\u00e4 \u00e4rsyt\u00e4. Lis\u00e4ksi ne n\u00e4ytt\u00e4v\u00e4t upeilta ja v\u00e4rikk\u00e4ilt\u00e4! Mik\u00e4 on sinun suosikkisi?\" \/>\n<meta property=\"og:url\" content=\"https:\/\/miumjau.ee\/fi\/tuote\/kissan-valjaat-ja-talutushihna-vaaleanpunainen-s-kopeeri\/\" \/>\n<meta property=\"og:site_name\" content=\"MiuMjau\" \/>\n<meta property=\"article:publisher\" content=\"https:\/\/www.facebook.com\/miumjaupood\/\" \/>\n<meta property=\"article:modified_time\" content=\"2026-01-07T20:49:17+00:00\" \/>\n<meta property=\"og:image\" content=\"https:\/\/miumjau.ee\/wp-content\/uploads\/2024\/12\/traksid-pink-s-Photoroom.jpg\" \/>\n\t<meta property=\"og:image:width\" content=\"600\" \/>\n\t<meta property=\"og:image:height\" content=\"800\" \/>\n\t<meta property=\"og:image:type\" content=\"image\/jpeg\" \/>\n<meta name=\"twitter:card\" content=\"summary_large_image\" \/>\n<script type=\"application\/ld+json\" class=\"yoast-schema-graph\">{\"@context\":\"https:\/\/schema.org\",\"@graph\":[{\"@type\":\"WebPage\",\"@id\":\"https:\/\/miumjau.ee\/fi\/tuote\/kissan-valjaat-ja-talutushihna-vaaleanpunainen-s-kopeeri\/\",\"url\":\"https:\/\/miumjau.ee\/fi\/tuote\/kissan-valjaat-ja-talutushihna-vaaleanpunainen-s-kopeeri\/\",\"name\":\"Kissan valjaat ja talutushihna, vaaleanpunainen XS - MiuMjau\",\"isPartOf\":{\"@id\":\"https:\/\/miumjau.ee\/#website\"},\"primaryImageOfPage\":{\"@id\":\"https:\/\/miumjau.ee\/fi\/tuote\/kissan-valjaat-ja-talutushihna-vaaleanpunainen-s-kopeeri\/#primaryimage\"},\"image\":{\"@id\":\"https:\/\/miumjau.ee\/fi\/tuote\/kissan-valjaat-ja-talutushihna-vaaleanpunainen-s-kopeeri\/#primaryimage\"},\"thumbnailUrl\":\"https:\/\/miumjau.ee\/wp-content\/uploads\/2024\/12\/traksid-pink-s-Photoroom.jpg\",\"datePublished\":\"2025-08-30T15:46:07+00:00\",\"dateModified\":\"2026-01-07T20:49:17+00:00\",\"description\":\"Valjaat kissalle, jotka ovat turvalliset ja mukavat \u2013 eiv\u00e4t purista eiv\u00e4tk\u00e4 \u00e4rsyt\u00e4. Lis\u00e4ksi ne n\u00e4ytt\u00e4v\u00e4t upeilta ja v\u00e4rikk\u00e4ilt\u00e4! Mik\u00e4 on sinun suosikkisi?\",\"breadcrumb\":{\"@id\":\"https:\/\/miumjau.ee\/fi\/tuote\/kissan-valjaat-ja-talutushihna-vaaleanpunainen-s-kopeeri\/#breadcrumb\"},\"inLanguage\":\"fi\",\"potentialAction\":[{\"@type\":\"ReadAction\",\"target\":[\"https:\/\/miumjau.ee\/fi\/tuote\/kissan-valjaat-ja-talutushihna-vaaleanpunainen-s-kopeeri\/\"]}]},{\"@type\":\"ImageObject\",\"inLanguage\":\"fi\",\"@id\":\"https:\/\/miumjau.ee\/fi\/tuote\/kissan-valjaat-ja-talutushihna-vaaleanpunainen-s-kopeeri\/#primaryimage\",\"url\":\"https:\/\/miumjau.ee\/wp-content\/uploads\/2024\/12\/traksid-pink-s-Photoroom.jpg\",\"contentUrl\":\"https:\/\/miumjau.ee\/wp-content\/uploads\/2024\/12\/traksid-pink-s-Photoroom.jpg\",\"width\":600,\"height\":800,\"caption\":\"Kassi traksid ja jalutusrihm pink S\"},{\"@type\":\"BreadcrumbList\",\"@id\":\"https:\/\/miumjau.ee\/fi\/tuote\/kissan-valjaat-ja-talutushihna-vaaleanpunainen-s-kopeeri\/#breadcrumb\",\"itemListElement\":[{\"@type\":\"ListItem\",\"position\":1,\"name\":\"Home\",\"item\":\"https:\/\/miumjau.ee\/fi\/\"},{\"@type\":\"ListItem\",\"position\":2,\"name\":\"Kauppa\",\"item\":\"https:\/\/miumjau.ee\/fi\/kauppa\/\"},{\"@type\":\"ListItem\",\"position\":3,\"name\":\"Kissan valjaat ja talutushihna, vaaleanpunainen XS\"}]},{\"@type\":\"WebSite\",\"@id\":\"https:\/\/miumjau.ee\/#website\",\"url\":\"https:\/\/miumjau.ee\/\",\"name\":\"MiuMjau\",\"description\":\"Kraapimispuud kassidele\",\"publisher\":{\"@id\":\"https:\/\/miumjau.ee\/#organization\"},\"potentialAction\":[{\"@type\":\"SearchAction\",\"target\":{\"@type\":\"EntryPoint\",\"urlTemplate\":\"https:\/\/miumjau.ee\/?s={search_term_string}\"},\"query-input\":{\"@type\":\"PropertyValueSpecification\",\"valueRequired\":true,\"valueName\":\"search_term_string\"}}],\"inLanguage\":\"fi\"},{\"@type\":\"Organization\",\"@id\":\"https:\/\/miumjau.ee\/#organization\",\"name\":\"MiuMjau O\u00dc\",\"url\":\"https:\/\/miumjau.ee\/\",\"logo\":{\"@type\":\"ImageObject\",\"inLanguage\":\"fi\",\"@id\":\"https:\/\/miumjau.ee\/#\/schema\/logo\/image\/\",\"url\":\"https:\/\/miumjau.ee\/wp-content\/uploads\/2022\/04\/MiuMjau-logo-kollane.png\",\"contentUrl\":\"https:\/\/miumjau.ee\/wp-content\/uploads\/2022\/04\/MiuMjau-logo-kollane.png\",\"width\":219,\"height\":100,\"caption\":\"MiuMjau O\u00dc\"},\"image\":{\"@id\":\"https:\/\/miumjau.ee\/#\/schema\/logo\/image\/\"},\"sameAs\":[\"https:\/\/www.facebook.com\/miumjaupood\/\"]}]}<\/script>\n<!-- \/ Yoast SEO plugin. -->","yoast_head_json":{"title":"Kissan valjaat ja talutushihna, vaaleanpunainen XS - MiuMjau","description":"Valjaat kissalle, jotka ovat turvalliset ja mukavat \u2013 eiv\u00e4t purista eiv\u00e4tk\u00e4 \u00e4rsyt\u00e4. Lis\u00e4ksi ne n\u00e4ytt\u00e4v\u00e4t upeilta ja v\u00e4rikk\u00e4ilt\u00e4! Mik\u00e4 on sinun suosikkisi?","robots":{"index":"index","follow":"follow","max-snippet":"max-snippet:-1","max-image-preview":"max-image-preview:large","max-video-preview":"max-video-preview:-1"},"canonical":"https:\/\/miumjau.ee\/fi\/tuote\/kissan-valjaat-ja-talutushihna-vaaleanpunainen-s-kopeeri\/","og_locale":"fi_FI","og_type":"article","og_title":"Kissan valjaat ja talutushihna, vaaleanpunainen XS - MiuMjau","og_description":"Valjaat kissalle, jotka ovat turvalliset ja mukavat \u2013 eiv\u00e4t purista eiv\u00e4tk\u00e4 \u00e4rsyt\u00e4. Lis\u00e4ksi ne n\u00e4ytt\u00e4v\u00e4t upeilta ja v\u00e4rikk\u00e4ilt\u00e4! Mik\u00e4 on sinun suosikkisi?","og_url":"https:\/\/miumjau.ee\/fi\/tuote\/kissan-valjaat-ja-talutushihna-vaaleanpunainen-s-kopeeri\/","og_site_name":"MiuMjau","article_publisher":"https:\/\/www.facebook.com\/miumjaupood\/","article_modified_time":"2026-01-07T20:49:17+00:00","og_image":[{"width":600,"height":800,"url":"https:\/\/miumjau.ee\/wp-content\/uploads\/2024\/12\/traksid-pink-s-Photoroom.jpg","type":"image\/jpeg"}],"twitter_card":"summary_large_image","schema":{"@context":"https:\/\/schema.org","@graph":[{"@type":"WebPage","@id":"https:\/\/miumjau.ee\/fi\/tuote\/kissan-valjaat-ja-talutushihna-vaaleanpunainen-s-kopeeri\/","url":"https:\/\/miumjau.ee\/fi\/tuote\/kissan-valjaat-ja-talutushihna-vaaleanpunainen-s-kopeeri\/","name":"Kissan valjaat ja talutushihna, vaaleanpunainen XS - MiuMjau","isPartOf":{"@id":"https:\/\/miumjau.ee\/#website"},"primaryImageOfPage":{"@id":"https:\/\/miumjau.ee\/fi\/tuote\/kissan-valjaat-ja-talutushihna-vaaleanpunainen-s-kopeeri\/#primaryimage"},"image":{"@id":"https:\/\/miumjau.ee\/fi\/tuote\/kissan-valjaat-ja-talutushihna-vaaleanpunainen-s-kopeeri\/#primaryimage"},"thumbnailUrl":"https:\/\/miumjau.ee\/wp-content\/uploads\/2024\/12\/traksid-pink-s-Photoroom.jpg","datePublished":"2025-08-30T15:46:07+00:00","dateModified":"2026-01-07T20:49:17+00:00","description":"Valjaat kissalle, jotka ovat turvalliset ja mukavat \u2013 eiv\u00e4t purista eiv\u00e4tk\u00e4 \u00e4rsyt\u00e4. Lis\u00e4ksi ne n\u00e4ytt\u00e4v\u00e4t upeilta ja v\u00e4rikk\u00e4ilt\u00e4! Mik\u00e4 on sinun suosikkisi?","breadcrumb":{"@id":"https:\/\/miumjau.ee\/fi\/tuote\/kissan-valjaat-ja-talutushihna-vaaleanpunainen-s-kopeeri\/#breadcrumb"},"inLanguage":"fi","potentialAction":[{"@type":"ReadAction","target":["https:\/\/miumjau.ee\/fi\/tuote\/kissan-valjaat-ja-talutushihna-vaaleanpunainen-s-kopeeri\/"]}]},{"@type":"ImageObject","inLanguage":"fi","@id":"https:\/\/miumjau.ee\/fi\/tuote\/kissan-valjaat-ja-talutushihna-vaaleanpunainen-s-kopeeri\/#primaryimage","url":"https:\/\/miumjau.ee\/wp-content\/uploads\/2024\/12\/traksid-pink-s-Photoroom.jpg","contentUrl":"https:\/\/miumjau.ee\/wp-content\/uploads\/2024\/12\/traksid-pink-s-Photoroom.jpg","width":600,"height":800,"caption":"Kassi traksid ja jalutusrihm pink S"},{"@type":"BreadcrumbList","@id":"https:\/\/miumjau.ee\/fi\/tuote\/kissan-valjaat-ja-talutushihna-vaaleanpunainen-s-kopeeri\/#breadcrumb","itemListElement":[{"@type":"ListItem","position":1,"name":"Home","item":"https:\/\/miumjau.ee\/fi\/"},{"@type":"ListItem","position":2,"name":"Kauppa","item":"https:\/\/miumjau.ee\/fi\/kauppa\/"},{"@type":"ListItem","position":3,"name":"Kissan valjaat ja talutushihna, vaaleanpunainen XS"}]},{"@type":"WebSite","@id":"https:\/\/miumjau.ee\/#website","url":"https:\/\/miumjau.ee\/","name":"MiuMjau","description":"Kraapimispuud kassidele","publisher":{"@id":"https:\/\/miumjau.ee\/#organization"},"potentialAction":[{"@type":"SearchAction","target":{"@type":"EntryPoint","urlTemplate":"https:\/\/miumjau.ee\/?s={search_term_string}"},"query-input":{"@type":"PropertyValueSpecification","valueRequired":true,"valueName":"search_term_string"}}],"inLanguage":"fi"},{"@type":"Organization","@id":"https:\/\/miumjau.ee\/#organization","name":"MiuMjau O\u00dc","url":"https:\/\/miumjau.ee\/","logo":{"@type":"ImageObject","inLanguage":"fi","@id":"https:\/\/miumjau.ee\/#\/schema\/logo\/image\/","url":"https:\/\/miumjau.ee\/wp-content\/uploads\/2022\/04\/MiuMjau-logo-kollane.png","contentUrl":"https:\/\/miumjau.ee\/wp-content\/uploads\/2022\/04\/MiuMjau-logo-kollane.png","width":219,"height":100,"caption":"MiuMjau O\u00dc"},"image":{"@id":"https:\/\/miumjau.ee\/#\/schema\/logo\/image\/"},"sameAs":["https:\/\/www.facebook.com\/miumjaupood\/"]}]}},"_links":{"self":[{"href":"https:\/\/miumjau.ee\/fi\/wp-json\/wp\/v2\/product\/39001","targetHints":{"allow":["GET"]}}],"collection":[{"href":"https:\/\/miumjau.ee\/fi\/wp-json\/wp\/v2\/product"}],"about":[{"href":"https:\/\/miumjau.ee\/fi\/wp-json\/wp\/v2\/types\/product"}],"wp:featuredmedia":[{"embeddable":true,"href":"https:\/\/miumjau.ee\/fi\/wp-json\/wp\/v2\/media\/25481"}],"wp:attachment":[{"href":"https:\/\/miumjau.ee\/fi\/wp-json\/wp\/v2\/media?parent=39001"}],"wp:term":[{"taxonomy":"product_brand","embeddable":true,"href":"https:\/\/miumjau.ee\/fi\/wp-json\/wp\/v2\/product_brand?post=39001"},{"taxonomy":"product_cat","embeddable":true,"href":"https:\/\/miumjau.ee\/fi\/wp-json\/wp\/v2\/product_cat?post=39001"},{"taxonomy":"product_tag","embeddable":true,"href":"https:\/\/miumjau.ee\/fi\/wp-json\/wp\/v2\/product_tag?post=39001"}],"curies":[{"name":"wp","href":"https:\/\/api.w.org\/{rel}","templated":true}]}}