{"id":38959,"date":"2025-07-23T00:19:31","date_gmt":"2025-07-22T21:19:31","guid":{"rendered":"https:\/\/miumjau.ee\/toode\/ibero-kylmapuristettu-ruoka-pienille-roduille-naudanlihalla-3kg\/"},"modified":"2026-01-07T22:49:31","modified_gmt":"2026-01-07T20:49:31","slug":"ibero-kylmapuristettu-ruoka-pienille-roduille-naudanlihalla-3kg","status":"publish","type":"product","link":"https:\/\/miumjau.ee\/fi\/tuote\/ibero-kylmapuristettu-ruoka-pienille-roduille-naudanlihalla-3kg\/","title":{"rendered":"Ibero Kylm\u00e4puristettu ruoka pienille roduille, naudanlihalla 3kg"},"content":{"rendered":"","protected":false},"excerpt":{"rendered":"<p data-start=\"109\" data-end=\"211\">Kylm\u00e4puristettu t\u00e4ysravinto, joka sis\u00e4lt\u00e4\u00e4 kaikki ravintoaineet aikuisille pienikokoisille koirille.<\/p>\n<p data-start=\"213\" data-end=\"541\"><strong data-start=\"213\" data-end=\"227\">Koostumus:<\/strong> Kuivattu naudanliha (34 %), kuivattu bataatti, kuivattu peruna, naudanrasva (14 %), kaurahiutaleet (8 %), lampaanmaksa (5 %), kuivattu kurpitsa (2 %), kuivattu sianmaksa (2 %), maissihiutaleet, kuivattu porkkana (1,2 %), pellavansiemenet, sikuriuute, kuivatut yrtit, beetaglukaanit, vitamiini- ja mineraaliseos.<\/p>\n<p data-start=\"543\" data-end=\"708\"><strong data-start=\"543\" data-end=\"567\">Analyyttiset aineet:<\/strong> Raakaproteiini 25 %, raakarasva 14 %, raakakuitu 3,4 %, raakatuhka 7,3 %, kalsium 1,1 %, fosfori 0,85 %, natrium 0,15 %, kosteus max 10 %.<\/p>\n<p data-start=\"710\" data-end=\"1173\"><strong data-start=\"710\" data-end=\"734\">Lis\u00e4aineet (per kg):<\/strong> A-vitamiini 16 988 IU, D3-vitamiini 1 698 IU, E-vitamiini 170 mg, B1-vitamiini 4,98 mg, B2-vitamiini 8,83 mg, B6-vitamiini 6,78 mg, B12-vitamiini 0,07 mg, C-vitamiini 118 mg, Niasiini 42,25 mg, Pantoteenihappo 17,47 mg, Foolihappo 0,68 mg, Biotiini 0,42 mg, Jodi 4,07 mg, Seleeni 0,37 mg, Rauta 99 mg, Kupari 11,88 mg, Sinkki 125,7 mg, Mangaani 11,88 mg, Koliinikloridi 1 835 mg, Glukosamiini 404 mg\/kg, Kondroitiinisulfaatti 353 mg\/kg.<\/p>\n<p data-start=\"1175\" data-end=\"1276\"><strong data-start=\"1175\" data-end=\"1203\">Teknologiset lis\u00e4aineet:<\/strong> Luonnolliset antioksidantit (tokoferolipitoiset kasvi\u00f6ljyjen uutteet).<\/p>\n<p data-start=\"1278\" data-end=\"1318\" data-is-last-node=\"\" data-is-only-node=\"\"><strong data-start=\"1278\" data-end=\"1304\">Metabolisoitu energia:<\/strong> 3 850 kcal\/kg<\/p>\n","protected":false},"featured_media":37993,"template":"","meta":[],"product_brand":[],"product_cat":[139,478],"product_tag":[],"class_list":{"0":"post-38959","1":"product","2":"type-product","3":"status-publish","4":"has-post-thumbnail","6":"product_cat-kaup24-fi","7":"product_cat-kuivaruoka-koirille","9":"first","10":"instock","11":"sale","12":"taxable","13":"shipping-taxable","14":"purchasable","15":"product-type-simple"},"yoast_head":"<!-- This site is optimized with the Yoast SEO plugin v27.4 - https:\/\/yoast.com\/product\/yoast-seo-wordpress\/ -->\n<title>Ibero Kylm\u00e4puristettu ruoka pienille roduille, naudanlihalla 3kg - MiuMjau<\/title>\n<meta name=\"robots\" content=\"index, follow, max-snippet:-1, max-image-preview:large, max-video-preview:-1\" \/>\n<link rel=\"canonical\" href=\"https:\/\/miumjau.ee\/fi\/tuote\/ibero-kylmapuristettu-ruoka-pienille-roduille-naudanlihalla-3kg\/\" \/>\n<meta property=\"og:locale\" content=\"fi_FI\" \/>\n<meta property=\"og:type\" content=\"article\" \/>\n<meta property=\"og:title\" content=\"Ibero Kylm\u00e4puristettu ruoka pienille roduille, naudanlihalla 3kg - MiuMjau\" \/>\n<meta property=\"og:description\" content=\"Kylm\u00e4puristettu t\u00e4ysravinto, joka sis\u00e4lt\u00e4\u00e4 kaikki ravintoaineet aikuisille pienikokoisille koirille. Koostumus: Kuivattu naudanliha (34 %), kuivattu bataatti, kuivattu peruna, naudanrasva (14 %), kaurahiutaleet (8 %), lampaanmaksa (5 %), kuivattu kurpitsa (2 %), kuivattu sianmaksa (2 %), maissihiutaleet, kuivattu porkkana (1,2 %), pellavansiemenet, sikuriuute, kuivatut yrtit, beetaglukaanit, vitamiini- ja mineraaliseos. Analyyttiset aineet: Raakaproteiini 25 %, raakarasva 14 %, raakakuitu 3,4 %, raakatuhka 7,3 %, kalsium 1,1 %, fosfori 0,85 %, natrium 0,15 %, kosteus max 10 %. Lis\u00e4aineet (per kg): A-vitamiini 16 988 IU, D3-vitamiini 1 698 IU, E-vitamiini 170 mg, B1-vitamiini 4,98 mg, B2-vitamiini 8,83 mg, B6-vitamiini 6,78 mg, B12-vitamiini 0,07 mg, C-vitamiini 118 mg, Niasiini 42,25 mg, Pantoteenihappo 17,47 mg, Foolihappo 0,68 mg, Biotiini 0,42 mg, Jodi 4,07 mg, Seleeni 0,37 mg, Rauta 99 mg, Kupari 11,88 mg, Sinkki 125,7 mg, Mangaani 11,88 mg, Koliinikloridi 1 835 mg, Glukosamiini 404 mg\/kg, Kondroitiinisulfaatti 353 mg\/kg. Teknologiset lis\u00e4aineet: Luonnolliset antioksidantit (tokoferolipitoiset kasvi\u00f6ljyjen uutteet). Metabolisoitu energia: 3 850 kcal\/kg\" \/>\n<meta property=\"og:url\" content=\"https:\/\/miumjau.ee\/fi\/tuote\/ibero-kylmapuristettu-ruoka-pienille-roduille-naudanlihalla-3kg\/\" \/>\n<meta property=\"og:site_name\" content=\"MiuMjau\" \/>\n<meta property=\"article:publisher\" content=\"https:\/\/www.facebook.com\/miumjaupood\/\" \/>\n<meta property=\"article:modified_time\" content=\"2026-01-07T20:49:31+00:00\" \/>\n<meta property=\"og:image\" content=\"https:\/\/miumjau.ee\/wp-content\/uploads\/2025\/07\/ibero-koer-kulmpressitud-mini-veis-3kg-1.jpg\" \/>\n\t<meta property=\"og:image:width\" content=\"600\" \/>\n\t<meta property=\"og:image:height\" content=\"800\" \/>\n\t<meta property=\"og:image:type\" content=\"image\/jpeg\" \/>\n<meta name=\"twitter:card\" content=\"summary_large_image\" \/>\n<script type=\"application\/ld+json\" class=\"yoast-schema-graph\">{\"@context\":\"https:\\\/\\\/schema.org\",\"@graph\":[{\"@type\":\"WebPage\",\"@id\":\"https:\\\/\\\/miumjau.ee\\\/fi\\\/tuote\\\/ibero-kylmapuristettu-ruoka-pienille-roduille-naudanlihalla-3kg\\\/\",\"url\":\"https:\\\/\\\/miumjau.ee\\\/fi\\\/tuote\\\/ibero-kylmapuristettu-ruoka-pienille-roduille-naudanlihalla-3kg\\\/\",\"name\":\"Ibero Kylm\u00e4puristettu ruoka pienille roduille, naudanlihalla 3kg - MiuMjau\",\"isPartOf\":{\"@id\":\"https:\\\/\\\/miumjau.ee\\\/#website\"},\"primaryImageOfPage\":{\"@id\":\"https:\\\/\\\/miumjau.ee\\\/fi\\\/tuote\\\/ibero-kylmapuristettu-ruoka-pienille-roduille-naudanlihalla-3kg\\\/#primaryimage\"},\"image\":{\"@id\":\"https:\\\/\\\/miumjau.ee\\\/fi\\\/tuote\\\/ibero-kylmapuristettu-ruoka-pienille-roduille-naudanlihalla-3kg\\\/#primaryimage\"},\"thumbnailUrl\":\"https:\\\/\\\/miumjau.ee\\\/wp-content\\\/uploads\\\/2025\\\/07\\\/ibero-koer-kulmpressitud-mini-veis-3kg-1.jpg\",\"datePublished\":\"2025-07-22T21:19:31+00:00\",\"dateModified\":\"2026-01-07T20:49:31+00:00\",\"breadcrumb\":{\"@id\":\"https:\\\/\\\/miumjau.ee\\\/fi\\\/tuote\\\/ibero-kylmapuristettu-ruoka-pienille-roduille-naudanlihalla-3kg\\\/#breadcrumb\"},\"inLanguage\":\"fi\",\"potentialAction\":[{\"@type\":\"ReadAction\",\"target\":[\"https:\\\/\\\/miumjau.ee\\\/fi\\\/tuote\\\/ibero-kylmapuristettu-ruoka-pienille-roduille-naudanlihalla-3kg\\\/\"]}]},{\"@type\":\"ImageObject\",\"inLanguage\":\"fi\",\"@id\":\"https:\\\/\\\/miumjau.ee\\\/fi\\\/tuote\\\/ibero-kylmapuristettu-ruoka-pienille-roduille-naudanlihalla-3kg\\\/#primaryimage\",\"url\":\"https:\\\/\\\/miumjau.ee\\\/wp-content\\\/uploads\\\/2025\\\/07\\\/ibero-koer-kulmpressitud-mini-veis-3kg-1.jpg\",\"contentUrl\":\"https:\\\/\\\/miumjau.ee\\\/wp-content\\\/uploads\\\/2025\\\/07\\\/ibero-koer-kulmpressitud-mini-veis-3kg-1.jpg\",\"width\":600,\"height\":800,\"caption\":\"K\u00fclmpressitud toit Ibero v\u00e4ikestele t\u00f5ugudele veisega 3kg\"},{\"@type\":\"BreadcrumbList\",\"@id\":\"https:\\\/\\\/miumjau.ee\\\/fi\\\/tuote\\\/ibero-kylmapuristettu-ruoka-pienille-roduille-naudanlihalla-3kg\\\/#breadcrumb\",\"itemListElement\":[{\"@type\":\"ListItem\",\"position\":1,\"name\":\"Home\",\"item\":\"https:\\\/\\\/miumjau.ee\\\/fi\\\/\"},{\"@type\":\"ListItem\",\"position\":2,\"name\":\"Kauppa\",\"item\":\"https:\\\/\\\/miumjau.ee\\\/fi\\\/kauppa\\\/\"},{\"@type\":\"ListItem\",\"position\":3,\"name\":\"Ibero Kylm\u00e4puristettu ruoka pienille roduille, naudanlihalla 3kg\"}]},{\"@type\":\"WebSite\",\"@id\":\"https:\\\/\\\/miumjau.ee\\\/#website\",\"url\":\"https:\\\/\\\/miumjau.ee\\\/\",\"name\":\"MiuMjau\",\"description\":\"Kraapimispuud kassidele\",\"publisher\":{\"@id\":\"https:\\\/\\\/miumjau.ee\\\/#organization\"},\"potentialAction\":[{\"@type\":\"SearchAction\",\"target\":{\"@type\":\"EntryPoint\",\"urlTemplate\":\"https:\\\/\\\/miumjau.ee\\\/?s={search_term_string}\"},\"query-input\":{\"@type\":\"PropertyValueSpecification\",\"valueRequired\":true,\"valueName\":\"search_term_string\"}}],\"inLanguage\":\"fi\"},{\"@type\":\"Organization\",\"@id\":\"https:\\\/\\\/miumjau.ee\\\/#organization\",\"name\":\"MiuMjau O\u00dc\",\"url\":\"https:\\\/\\\/miumjau.ee\\\/\",\"logo\":{\"@type\":\"ImageObject\",\"inLanguage\":\"fi\",\"@id\":\"https:\\\/\\\/miumjau.ee\\\/#\\\/schema\\\/logo\\\/image\\\/\",\"url\":\"https:\\\/\\\/miumjau.ee\\\/wp-content\\\/uploads\\\/2022\\\/04\\\/MiuMjau-logo-kollane.png\",\"contentUrl\":\"https:\\\/\\\/miumjau.ee\\\/wp-content\\\/uploads\\\/2022\\\/04\\\/MiuMjau-logo-kollane.png\",\"width\":219,\"height\":100,\"caption\":\"MiuMjau O\u00dc\"},\"image\":{\"@id\":\"https:\\\/\\\/miumjau.ee\\\/#\\\/schema\\\/logo\\\/image\\\/\"},\"sameAs\":[\"https:\\\/\\\/www.facebook.com\\\/miumjaupood\\\/\"]}]}<\/script>\n<!-- \/ Yoast SEO plugin. -->","yoast_head_json":{"title":"Ibero Kylm\u00e4puristettu ruoka pienille roduille, naudanlihalla 3kg - MiuMjau","robots":{"index":"index","follow":"follow","max-snippet":"max-snippet:-1","max-image-preview":"max-image-preview:large","max-video-preview":"max-video-preview:-1"},"canonical":"https:\/\/miumjau.ee\/fi\/tuote\/ibero-kylmapuristettu-ruoka-pienille-roduille-naudanlihalla-3kg\/","og_locale":"fi_FI","og_type":"article","og_title":"Ibero Kylm\u00e4puristettu ruoka pienille roduille, naudanlihalla 3kg - MiuMjau","og_description":"Kylm\u00e4puristettu t\u00e4ysravinto, joka sis\u00e4lt\u00e4\u00e4 kaikki ravintoaineet aikuisille pienikokoisille koirille. Koostumus: Kuivattu naudanliha (34 %), kuivattu bataatti, kuivattu peruna, naudanrasva (14 %), kaurahiutaleet (8 %), lampaanmaksa (5 %), kuivattu kurpitsa (2 %), kuivattu sianmaksa (2 %), maissihiutaleet, kuivattu porkkana (1,2 %), pellavansiemenet, sikuriuute, kuivatut yrtit, beetaglukaanit, vitamiini- ja mineraaliseos. Analyyttiset aineet: Raakaproteiini 25 %, raakarasva 14 %, raakakuitu 3,4 %, raakatuhka 7,3 %, kalsium 1,1 %, fosfori 0,85 %, natrium 0,15 %, kosteus max 10 %. Lis\u00e4aineet (per kg): A-vitamiini 16 988 IU, D3-vitamiini 1 698 IU, E-vitamiini 170 mg, B1-vitamiini 4,98 mg, B2-vitamiini 8,83 mg, B6-vitamiini 6,78 mg, B12-vitamiini 0,07 mg, C-vitamiini 118 mg, Niasiini 42,25 mg, Pantoteenihappo 17,47 mg, Foolihappo 0,68 mg, Biotiini 0,42 mg, Jodi 4,07 mg, Seleeni 0,37 mg, Rauta 99 mg, Kupari 11,88 mg, Sinkki 125,7 mg, Mangaani 11,88 mg, Koliinikloridi 1 835 mg, Glukosamiini 404 mg\/kg, Kondroitiinisulfaatti 353 mg\/kg. Teknologiset lis\u00e4aineet: Luonnolliset antioksidantit (tokoferolipitoiset kasvi\u00f6ljyjen uutteet). Metabolisoitu energia: 3 850 kcal\/kg","og_url":"https:\/\/miumjau.ee\/fi\/tuote\/ibero-kylmapuristettu-ruoka-pienille-roduille-naudanlihalla-3kg\/","og_site_name":"MiuMjau","article_publisher":"https:\/\/www.facebook.com\/miumjaupood\/","article_modified_time":"2026-01-07T20:49:31+00:00","og_image":[{"width":600,"height":800,"url":"https:\/\/miumjau.ee\/wp-content\/uploads\/2025\/07\/ibero-koer-kulmpressitud-mini-veis-3kg-1.jpg","type":"image\/jpeg"}],"twitter_card":"summary_large_image","schema":{"@context":"https:\/\/schema.org","@graph":[{"@type":"WebPage","@id":"https:\/\/miumjau.ee\/fi\/tuote\/ibero-kylmapuristettu-ruoka-pienille-roduille-naudanlihalla-3kg\/","url":"https:\/\/miumjau.ee\/fi\/tuote\/ibero-kylmapuristettu-ruoka-pienille-roduille-naudanlihalla-3kg\/","name":"Ibero Kylm\u00e4puristettu ruoka pienille roduille, naudanlihalla 3kg - MiuMjau","isPartOf":{"@id":"https:\/\/miumjau.ee\/#website"},"primaryImageOfPage":{"@id":"https:\/\/miumjau.ee\/fi\/tuote\/ibero-kylmapuristettu-ruoka-pienille-roduille-naudanlihalla-3kg\/#primaryimage"},"image":{"@id":"https:\/\/miumjau.ee\/fi\/tuote\/ibero-kylmapuristettu-ruoka-pienille-roduille-naudanlihalla-3kg\/#primaryimage"},"thumbnailUrl":"https:\/\/miumjau.ee\/wp-content\/uploads\/2025\/07\/ibero-koer-kulmpressitud-mini-veis-3kg-1.jpg","datePublished":"2025-07-22T21:19:31+00:00","dateModified":"2026-01-07T20:49:31+00:00","breadcrumb":{"@id":"https:\/\/miumjau.ee\/fi\/tuote\/ibero-kylmapuristettu-ruoka-pienille-roduille-naudanlihalla-3kg\/#breadcrumb"},"inLanguage":"fi","potentialAction":[{"@type":"ReadAction","target":["https:\/\/miumjau.ee\/fi\/tuote\/ibero-kylmapuristettu-ruoka-pienille-roduille-naudanlihalla-3kg\/"]}]},{"@type":"ImageObject","inLanguage":"fi","@id":"https:\/\/miumjau.ee\/fi\/tuote\/ibero-kylmapuristettu-ruoka-pienille-roduille-naudanlihalla-3kg\/#primaryimage","url":"https:\/\/miumjau.ee\/wp-content\/uploads\/2025\/07\/ibero-koer-kulmpressitud-mini-veis-3kg-1.jpg","contentUrl":"https:\/\/miumjau.ee\/wp-content\/uploads\/2025\/07\/ibero-koer-kulmpressitud-mini-veis-3kg-1.jpg","width":600,"height":800,"caption":"K\u00fclmpressitud toit Ibero v\u00e4ikestele t\u00f5ugudele veisega 3kg"},{"@type":"BreadcrumbList","@id":"https:\/\/miumjau.ee\/fi\/tuote\/ibero-kylmapuristettu-ruoka-pienille-roduille-naudanlihalla-3kg\/#breadcrumb","itemListElement":[{"@type":"ListItem","position":1,"name":"Home","item":"https:\/\/miumjau.ee\/fi\/"},{"@type":"ListItem","position":2,"name":"Kauppa","item":"https:\/\/miumjau.ee\/fi\/kauppa\/"},{"@type":"ListItem","position":3,"name":"Ibero Kylm\u00e4puristettu ruoka pienille roduille, naudanlihalla 3kg"}]},{"@type":"WebSite","@id":"https:\/\/miumjau.ee\/#website","url":"https:\/\/miumjau.ee\/","name":"MiuMjau","description":"Kraapimispuud kassidele","publisher":{"@id":"https:\/\/miumjau.ee\/#organization"},"potentialAction":[{"@type":"SearchAction","target":{"@type":"EntryPoint","urlTemplate":"https:\/\/miumjau.ee\/?s={search_term_string}"},"query-input":{"@type":"PropertyValueSpecification","valueRequired":true,"valueName":"search_term_string"}}],"inLanguage":"fi"},{"@type":"Organization","@id":"https:\/\/miumjau.ee\/#organization","name":"MiuMjau O\u00dc","url":"https:\/\/miumjau.ee\/","logo":{"@type":"ImageObject","inLanguage":"fi","@id":"https:\/\/miumjau.ee\/#\/schema\/logo\/image\/","url":"https:\/\/miumjau.ee\/wp-content\/uploads\/2022\/04\/MiuMjau-logo-kollane.png","contentUrl":"https:\/\/miumjau.ee\/wp-content\/uploads\/2022\/04\/MiuMjau-logo-kollane.png","width":219,"height":100,"caption":"MiuMjau O\u00dc"},"image":{"@id":"https:\/\/miumjau.ee\/#\/schema\/logo\/image\/"},"sameAs":["https:\/\/www.facebook.com\/miumjaupood\/"]}]}},"_links":{"self":[{"href":"https:\/\/miumjau.ee\/fi\/wp-json\/wp\/v2\/product\/38959","targetHints":{"allow":["GET"]}}],"collection":[{"href":"https:\/\/miumjau.ee\/fi\/wp-json\/wp\/v2\/product"}],"about":[{"href":"https:\/\/miumjau.ee\/fi\/wp-json\/wp\/v2\/types\/product"}],"wp:featuredmedia":[{"embeddable":true,"href":"https:\/\/miumjau.ee\/fi\/wp-json\/wp\/v2\/media\/37993"}],"wp:attachment":[{"href":"https:\/\/miumjau.ee\/fi\/wp-json\/wp\/v2\/media?parent=38959"}],"wp:term":[{"taxonomy":"product_brand","embeddable":true,"href":"https:\/\/miumjau.ee\/fi\/wp-json\/wp\/v2\/product_brand?post=38959"},{"taxonomy":"product_cat","embeddable":true,"href":"https:\/\/miumjau.ee\/fi\/wp-json\/wp\/v2\/product_cat?post=38959"},{"taxonomy":"product_tag","embeddable":true,"href":"https:\/\/miumjau.ee\/fi\/wp-json\/wp\/v2\/product_tag?post=38959"}],"curies":[{"name":"wp","href":"https:\/\/api.w.org\/{rel}","templated":true}]}}