{"id":38952,"date":"2025-07-23T00:39:15","date_gmt":"2025-07-22T21:39:15","guid":{"rendered":"https:\/\/miumjau.ee\/toode\/ibero-kylmapuristettu-ruoka-keskikokoisille-ja-suurille-roduille-iberico-12kg\/"},"modified":"2026-01-07T22:49:31","modified_gmt":"2026-01-07T20:49:31","slug":"ibero-kylmapuristettu-ruoka-keskikokoisille-ja-suurille-roduille-iberico-12kg","status":"publish","type":"product","link":"https:\/\/miumjau.ee\/fi\/tuote\/ibero-kylmapuristettu-ruoka-keskikokoisille-ja-suurille-roduille-iberico-12kg\/","title":{"rendered":"Ibero Kylm\u00e4puristettu ruoka keskikokoisille ja suurille roduille, Iberico 12kg"},"content":{"rendered":"","protected":false},"excerpt":{"rendered":"<p data-start=\"121\" data-end=\"287\">Ibero Cold Press Iberico on t\u00e4ysravinto kuivaruoassa. Se on t\u00e4ydellinen ateria, joka sis\u00e4lt\u00e4\u00e4 kaikki ravintoaineet aikuiselle keskikokoiselle tai suurelle koiralle.<\/p>\n<p data-start=\"289\" data-end=\"667\"><strong data-start=\"289\" data-end=\"303\">Koostumus:<\/strong> Kuivattu iberialainen sianliha (20 %), kuivattu kalkkunanliha (14 %), kuivattu bataatti, kuivattu peruna, naudanrasva (13 %), kaurahiutaleet (8 %), sianmaksa (5 %), kuivattu kurpitsa (2 %), kuivattu sianmaksa (2 %), maissihiutaleet, kuivattu porkkana (1,2 %), pellavansiemenet, sikuriuute, kuivatut yrtit, beetaglukaanit, rustouute, vitamiini- ja mineraaliseos.<\/p>\n<p data-start=\"669\" data-end=\"834\"><strong data-start=\"669\" data-end=\"693\">Analyyttiset aineet:<\/strong> Raakaproteiini 24 %, raakarasva 14 %, raakakuitu 3,4 %, raakatuhka 7,3 %, kalsium 1,1 %, fosfori 0,85 %, natrium 0,15 %, kosteus max 10 %.<\/p>\n<p data-start=\"836\" data-end=\"1352\"><strong data-start=\"836\" data-end=\"860\">Lis\u00e4aineet (per kg):<\/strong> A-vitamiini 17 331 IU, D3-vitamiini 1 733 IU, E-vitamiini 173 mg, B1-vitamiini 5,09 mg, B2-vitamiini 9 mg, B6-vitamiini 6,9 mg, B12-vitamiini 0,07 mg, C-vitamiini 121 mg, Niasiini 43,1 mg, Pantoteenihappo 17,8 mg, Foolihappo 0,69 mg, Biotiini 0,43 mg, Jodi 4,6 mg, Seleeni 0,38 mg, Rauta 101 mg, Kupari 12,1 mg, Sinkki 129 mg, Mangaani 12,1 mg, Koliinikloridi 1 872 mg, Glukosamiini 404 mg\/kg, Kondroitiinisulfaatti 353 mg\/kg. Antioksidantit: kasvi\u00f6ljyist\u00e4 rikastetut tokoferoliekstraktit.<\/p>\n<p data-start=\"1354\" data-end=\"1394\" data-is-last-node=\"\" data-is-only-node=\"\"><strong data-start=\"1354\" data-end=\"1380\">Metabolisoitu energia:<\/strong> 3 880 kcal\/kg<\/p>\n","protected":false},"featured_media":38128,"template":"","meta":[],"product_brand":[],"product_cat":[478,139],"product_tag":[],"class_list":{"0":"post-38952","1":"product","2":"type-product","3":"status-publish","4":"has-post-thumbnail","6":"product_cat-kuivaruoka-koirille","7":"product_cat-kaup24-fi","9":"first","10":"instock","11":"sale","12":"taxable","13":"shipping-taxable","14":"purchasable","15":"product-type-simple"},"yoast_head":"<!-- This site is optimized with the Yoast SEO plugin v27.2 - https:\/\/yoast.com\/product\/yoast-seo-wordpress\/ -->\n<title>Ibero Kylm\u00e4puristettu ruoka keskikokoisille ja suurille roduille, Iberico 12kg - MiuMjau<\/title>\n<meta name=\"robots\" content=\"index, follow, max-snippet:-1, max-image-preview:large, max-video-preview:-1\" \/>\n<link rel=\"canonical\" href=\"https:\/\/miumjau.ee\/fi\/tuote\/ibero-kylmapuristettu-ruoka-keskikokoisille-ja-suurille-roduille-iberico-12kg\/\" \/>\n<meta property=\"og:locale\" content=\"fi_FI\" \/>\n<meta property=\"og:type\" content=\"article\" \/>\n<meta property=\"og:title\" content=\"Ibero Kylm\u00e4puristettu ruoka keskikokoisille ja suurille roduille, Iberico 12kg - MiuMjau\" \/>\n<meta property=\"og:description\" content=\"Ibero Cold Press Iberico on t\u00e4ysravinto kuivaruoassa. Se on t\u00e4ydellinen ateria, joka sis\u00e4lt\u00e4\u00e4 kaikki ravintoaineet aikuiselle keskikokoiselle tai suurelle koiralle. Koostumus: Kuivattu iberialainen sianliha (20 %), kuivattu kalkkunanliha (14 %), kuivattu bataatti, kuivattu peruna, naudanrasva (13 %), kaurahiutaleet (8 %), sianmaksa (5 %), kuivattu kurpitsa (2 %), kuivattu sianmaksa (2 %), maissihiutaleet, kuivattu porkkana (1,2 %), pellavansiemenet, sikuriuute, kuivatut yrtit, beetaglukaanit, rustouute, vitamiini- ja mineraaliseos. Analyyttiset aineet: Raakaproteiini 24 %, raakarasva 14 %, raakakuitu 3,4 %, raakatuhka 7,3 %, kalsium 1,1 %, fosfori 0,85 %, natrium 0,15 %, kosteus max 10 %. Lis\u00e4aineet (per kg): A-vitamiini 17 331 IU, D3-vitamiini 1 733 IU, E-vitamiini 173 mg, B1-vitamiini 5,09 mg, B2-vitamiini 9 mg, B6-vitamiini 6,9 mg, B12-vitamiini 0,07 mg, C-vitamiini 121 mg, Niasiini 43,1 mg, Pantoteenihappo 17,8 mg, Foolihappo 0,69 mg, Biotiini 0,43 mg, Jodi 4,6 mg, Seleeni 0,38 mg, Rauta 101 mg, Kupari 12,1 mg, Sinkki 129 mg, Mangaani 12,1 mg, Koliinikloridi 1 872 mg, Glukosamiini 404 mg\/kg, Kondroitiinisulfaatti 353 mg\/kg. Antioksidantit: kasvi\u00f6ljyist\u00e4 rikastetut tokoferoliekstraktit. Metabolisoitu energia: 3 880 kcal\/kg\" \/>\n<meta property=\"og:url\" content=\"https:\/\/miumjau.ee\/fi\/tuote\/ibero-kylmapuristettu-ruoka-keskikokoisille-ja-suurille-roduille-iberico-12kg\/\" \/>\n<meta property=\"og:site_name\" content=\"MiuMjau\" \/>\n<meta property=\"article:publisher\" content=\"https:\/\/www.facebook.com\/miumjaupood\/\" \/>\n<meta property=\"article:modified_time\" content=\"2026-01-07T20:49:31+00:00\" \/>\n<meta property=\"og:image\" content=\"https:\/\/miumjau.ee\/wp-content\/uploads\/2025\/07\/Ibero_3D_adult_IBERICO_12kg-kopie-Photoroom.jpg\" \/>\n\t<meta property=\"og:image:width\" content=\"600\" \/>\n\t<meta property=\"og:image:height\" content=\"800\" \/>\n\t<meta property=\"og:image:type\" content=\"image\/jpeg\" \/>\n<meta name=\"twitter:card\" content=\"summary_large_image\" \/>\n<script type=\"application\/ld+json\" class=\"yoast-schema-graph\">{\"@context\":\"https:\/\/schema.org\",\"@graph\":[{\"@type\":\"WebPage\",\"@id\":\"https:\/\/miumjau.ee\/fi\/tuote\/ibero-kylmapuristettu-ruoka-keskikokoisille-ja-suurille-roduille-iberico-12kg\/\",\"url\":\"https:\/\/miumjau.ee\/fi\/tuote\/ibero-kylmapuristettu-ruoka-keskikokoisille-ja-suurille-roduille-iberico-12kg\/\",\"name\":\"Ibero Kylm\u00e4puristettu ruoka keskikokoisille ja suurille roduille, Iberico 12kg - MiuMjau\",\"isPartOf\":{\"@id\":\"https:\/\/miumjau.ee\/#website\"},\"primaryImageOfPage\":{\"@id\":\"https:\/\/miumjau.ee\/fi\/tuote\/ibero-kylmapuristettu-ruoka-keskikokoisille-ja-suurille-roduille-iberico-12kg\/#primaryimage\"},\"image\":{\"@id\":\"https:\/\/miumjau.ee\/fi\/tuote\/ibero-kylmapuristettu-ruoka-keskikokoisille-ja-suurille-roduille-iberico-12kg\/#primaryimage\"},\"thumbnailUrl\":\"https:\/\/miumjau.ee\/wp-content\/uploads\/2025\/07\/Ibero_3D_adult_IBERICO_12kg-kopie-Photoroom.jpg\",\"datePublished\":\"2025-07-22T21:39:15+00:00\",\"dateModified\":\"2026-01-07T20:49:31+00:00\",\"breadcrumb\":{\"@id\":\"https:\/\/miumjau.ee\/fi\/tuote\/ibero-kylmapuristettu-ruoka-keskikokoisille-ja-suurille-roduille-iberico-12kg\/#breadcrumb\"},\"inLanguage\":\"fi\",\"potentialAction\":[{\"@type\":\"ReadAction\",\"target\":[\"https:\/\/miumjau.ee\/fi\/tuote\/ibero-kylmapuristettu-ruoka-keskikokoisille-ja-suurille-roduille-iberico-12kg\/\"]}]},{\"@type\":\"ImageObject\",\"inLanguage\":\"fi\",\"@id\":\"https:\/\/miumjau.ee\/fi\/tuote\/ibero-kylmapuristettu-ruoka-keskikokoisille-ja-suurille-roduille-iberico-12kg\/#primaryimage\",\"url\":\"https:\/\/miumjau.ee\/wp-content\/uploads\/2025\/07\/Ibero_3D_adult_IBERICO_12kg-kopie-Photoroom.jpg\",\"contentUrl\":\"https:\/\/miumjau.ee\/wp-content\/uploads\/2025\/07\/Ibero_3D_adult_IBERICO_12kg-kopie-Photoroom.jpg\",\"width\":600,\"height\":800,\"caption\":\"Ibero k\u00fclmpressitud toit keskmistele ja suurtele t\u00f5ugudele, Iberico 12kg\"},{\"@type\":\"BreadcrumbList\",\"@id\":\"https:\/\/miumjau.ee\/fi\/tuote\/ibero-kylmapuristettu-ruoka-keskikokoisille-ja-suurille-roduille-iberico-12kg\/#breadcrumb\",\"itemListElement\":[{\"@type\":\"ListItem\",\"position\":1,\"name\":\"Home\",\"item\":\"https:\/\/miumjau.ee\/fi\/\"},{\"@type\":\"ListItem\",\"position\":2,\"name\":\"Kauppa\",\"item\":\"https:\/\/miumjau.ee\/fi\/kauppa\/\"},{\"@type\":\"ListItem\",\"position\":3,\"name\":\"Ibero Kylm\u00e4puristettu ruoka keskikokoisille ja suurille roduille, Iberico 12kg\"}]},{\"@type\":\"WebSite\",\"@id\":\"https:\/\/miumjau.ee\/#website\",\"url\":\"https:\/\/miumjau.ee\/\",\"name\":\"MiuMjau\",\"description\":\"Kraapimispuud kassidele\",\"publisher\":{\"@id\":\"https:\/\/miumjau.ee\/#organization\"},\"potentialAction\":[{\"@type\":\"SearchAction\",\"target\":{\"@type\":\"EntryPoint\",\"urlTemplate\":\"https:\/\/miumjau.ee\/?s={search_term_string}\"},\"query-input\":{\"@type\":\"PropertyValueSpecification\",\"valueRequired\":true,\"valueName\":\"search_term_string\"}}],\"inLanguage\":\"fi\"},{\"@type\":\"Organization\",\"@id\":\"https:\/\/miumjau.ee\/#organization\",\"name\":\"MiuMjau O\u00dc\",\"url\":\"https:\/\/miumjau.ee\/\",\"logo\":{\"@type\":\"ImageObject\",\"inLanguage\":\"fi\",\"@id\":\"https:\/\/miumjau.ee\/#\/schema\/logo\/image\/\",\"url\":\"https:\/\/miumjau.ee\/wp-content\/uploads\/2022\/04\/MiuMjau-logo-kollane.png\",\"contentUrl\":\"https:\/\/miumjau.ee\/wp-content\/uploads\/2022\/04\/MiuMjau-logo-kollane.png\",\"width\":219,\"height\":100,\"caption\":\"MiuMjau O\u00dc\"},\"image\":{\"@id\":\"https:\/\/miumjau.ee\/#\/schema\/logo\/image\/\"},\"sameAs\":[\"https:\/\/www.facebook.com\/miumjaupood\/\"]}]}<\/script>\n<!-- \/ Yoast SEO plugin. -->","yoast_head_json":{"title":"Ibero Kylm\u00e4puristettu ruoka keskikokoisille ja suurille roduille, Iberico 12kg - MiuMjau","robots":{"index":"index","follow":"follow","max-snippet":"max-snippet:-1","max-image-preview":"max-image-preview:large","max-video-preview":"max-video-preview:-1"},"canonical":"https:\/\/miumjau.ee\/fi\/tuote\/ibero-kylmapuristettu-ruoka-keskikokoisille-ja-suurille-roduille-iberico-12kg\/","og_locale":"fi_FI","og_type":"article","og_title":"Ibero Kylm\u00e4puristettu ruoka keskikokoisille ja suurille roduille, Iberico 12kg - MiuMjau","og_description":"Ibero Cold Press Iberico on t\u00e4ysravinto kuivaruoassa. Se on t\u00e4ydellinen ateria, joka sis\u00e4lt\u00e4\u00e4 kaikki ravintoaineet aikuiselle keskikokoiselle tai suurelle koiralle. Koostumus: Kuivattu iberialainen sianliha (20 %), kuivattu kalkkunanliha (14 %), kuivattu bataatti, kuivattu peruna, naudanrasva (13 %), kaurahiutaleet (8 %), sianmaksa (5 %), kuivattu kurpitsa (2 %), kuivattu sianmaksa (2 %), maissihiutaleet, kuivattu porkkana (1,2 %), pellavansiemenet, sikuriuute, kuivatut yrtit, beetaglukaanit, rustouute, vitamiini- ja mineraaliseos. Analyyttiset aineet: Raakaproteiini 24 %, raakarasva 14 %, raakakuitu 3,4 %, raakatuhka 7,3 %, kalsium 1,1 %, fosfori 0,85 %, natrium 0,15 %, kosteus max 10 %. Lis\u00e4aineet (per kg): A-vitamiini 17 331 IU, D3-vitamiini 1 733 IU, E-vitamiini 173 mg, B1-vitamiini 5,09 mg, B2-vitamiini 9 mg, B6-vitamiini 6,9 mg, B12-vitamiini 0,07 mg, C-vitamiini 121 mg, Niasiini 43,1 mg, Pantoteenihappo 17,8 mg, Foolihappo 0,69 mg, Biotiini 0,43 mg, Jodi 4,6 mg, Seleeni 0,38 mg, Rauta 101 mg, Kupari 12,1 mg, Sinkki 129 mg, Mangaani 12,1 mg, Koliinikloridi 1 872 mg, Glukosamiini 404 mg\/kg, Kondroitiinisulfaatti 353 mg\/kg. Antioksidantit: kasvi\u00f6ljyist\u00e4 rikastetut tokoferoliekstraktit. Metabolisoitu energia: 3 880 kcal\/kg","og_url":"https:\/\/miumjau.ee\/fi\/tuote\/ibero-kylmapuristettu-ruoka-keskikokoisille-ja-suurille-roduille-iberico-12kg\/","og_site_name":"MiuMjau","article_publisher":"https:\/\/www.facebook.com\/miumjaupood\/","article_modified_time":"2026-01-07T20:49:31+00:00","og_image":[{"width":600,"height":800,"url":"https:\/\/miumjau.ee\/wp-content\/uploads\/2025\/07\/Ibero_3D_adult_IBERICO_12kg-kopie-Photoroom.jpg","type":"image\/jpeg"}],"twitter_card":"summary_large_image","schema":{"@context":"https:\/\/schema.org","@graph":[{"@type":"WebPage","@id":"https:\/\/miumjau.ee\/fi\/tuote\/ibero-kylmapuristettu-ruoka-keskikokoisille-ja-suurille-roduille-iberico-12kg\/","url":"https:\/\/miumjau.ee\/fi\/tuote\/ibero-kylmapuristettu-ruoka-keskikokoisille-ja-suurille-roduille-iberico-12kg\/","name":"Ibero Kylm\u00e4puristettu ruoka keskikokoisille ja suurille roduille, Iberico 12kg - MiuMjau","isPartOf":{"@id":"https:\/\/miumjau.ee\/#website"},"primaryImageOfPage":{"@id":"https:\/\/miumjau.ee\/fi\/tuote\/ibero-kylmapuristettu-ruoka-keskikokoisille-ja-suurille-roduille-iberico-12kg\/#primaryimage"},"image":{"@id":"https:\/\/miumjau.ee\/fi\/tuote\/ibero-kylmapuristettu-ruoka-keskikokoisille-ja-suurille-roduille-iberico-12kg\/#primaryimage"},"thumbnailUrl":"https:\/\/miumjau.ee\/wp-content\/uploads\/2025\/07\/Ibero_3D_adult_IBERICO_12kg-kopie-Photoroom.jpg","datePublished":"2025-07-22T21:39:15+00:00","dateModified":"2026-01-07T20:49:31+00:00","breadcrumb":{"@id":"https:\/\/miumjau.ee\/fi\/tuote\/ibero-kylmapuristettu-ruoka-keskikokoisille-ja-suurille-roduille-iberico-12kg\/#breadcrumb"},"inLanguage":"fi","potentialAction":[{"@type":"ReadAction","target":["https:\/\/miumjau.ee\/fi\/tuote\/ibero-kylmapuristettu-ruoka-keskikokoisille-ja-suurille-roduille-iberico-12kg\/"]}]},{"@type":"ImageObject","inLanguage":"fi","@id":"https:\/\/miumjau.ee\/fi\/tuote\/ibero-kylmapuristettu-ruoka-keskikokoisille-ja-suurille-roduille-iberico-12kg\/#primaryimage","url":"https:\/\/miumjau.ee\/wp-content\/uploads\/2025\/07\/Ibero_3D_adult_IBERICO_12kg-kopie-Photoroom.jpg","contentUrl":"https:\/\/miumjau.ee\/wp-content\/uploads\/2025\/07\/Ibero_3D_adult_IBERICO_12kg-kopie-Photoroom.jpg","width":600,"height":800,"caption":"Ibero k\u00fclmpressitud toit keskmistele ja suurtele t\u00f5ugudele, Iberico 12kg"},{"@type":"BreadcrumbList","@id":"https:\/\/miumjau.ee\/fi\/tuote\/ibero-kylmapuristettu-ruoka-keskikokoisille-ja-suurille-roduille-iberico-12kg\/#breadcrumb","itemListElement":[{"@type":"ListItem","position":1,"name":"Home","item":"https:\/\/miumjau.ee\/fi\/"},{"@type":"ListItem","position":2,"name":"Kauppa","item":"https:\/\/miumjau.ee\/fi\/kauppa\/"},{"@type":"ListItem","position":3,"name":"Ibero Kylm\u00e4puristettu ruoka keskikokoisille ja suurille roduille, Iberico 12kg"}]},{"@type":"WebSite","@id":"https:\/\/miumjau.ee\/#website","url":"https:\/\/miumjau.ee\/","name":"MiuMjau","description":"Kraapimispuud kassidele","publisher":{"@id":"https:\/\/miumjau.ee\/#organization"},"potentialAction":[{"@type":"SearchAction","target":{"@type":"EntryPoint","urlTemplate":"https:\/\/miumjau.ee\/?s={search_term_string}"},"query-input":{"@type":"PropertyValueSpecification","valueRequired":true,"valueName":"search_term_string"}}],"inLanguage":"fi"},{"@type":"Organization","@id":"https:\/\/miumjau.ee\/#organization","name":"MiuMjau O\u00dc","url":"https:\/\/miumjau.ee\/","logo":{"@type":"ImageObject","inLanguage":"fi","@id":"https:\/\/miumjau.ee\/#\/schema\/logo\/image\/","url":"https:\/\/miumjau.ee\/wp-content\/uploads\/2022\/04\/MiuMjau-logo-kollane.png","contentUrl":"https:\/\/miumjau.ee\/wp-content\/uploads\/2022\/04\/MiuMjau-logo-kollane.png","width":219,"height":100,"caption":"MiuMjau O\u00dc"},"image":{"@id":"https:\/\/miumjau.ee\/#\/schema\/logo\/image\/"},"sameAs":["https:\/\/www.facebook.com\/miumjaupood\/"]}]}},"_links":{"self":[{"href":"https:\/\/miumjau.ee\/fi\/wp-json\/wp\/v2\/product\/38952","targetHints":{"allow":["GET"]}}],"collection":[{"href":"https:\/\/miumjau.ee\/fi\/wp-json\/wp\/v2\/product"}],"about":[{"href":"https:\/\/miumjau.ee\/fi\/wp-json\/wp\/v2\/types\/product"}],"wp:featuredmedia":[{"embeddable":true,"href":"https:\/\/miumjau.ee\/fi\/wp-json\/wp\/v2\/media\/38128"}],"wp:attachment":[{"href":"https:\/\/miumjau.ee\/fi\/wp-json\/wp\/v2\/media?parent=38952"}],"wp:term":[{"taxonomy":"product_brand","embeddable":true,"href":"https:\/\/miumjau.ee\/fi\/wp-json\/wp\/v2\/product_brand?post=38952"},{"taxonomy":"product_cat","embeddable":true,"href":"https:\/\/miumjau.ee\/fi\/wp-json\/wp\/v2\/product_cat?post=38952"},{"taxonomy":"product_tag","embeddable":true,"href":"https:\/\/miumjau.ee\/fi\/wp-json\/wp\/v2\/product_tag?post=38952"}],"curies":[{"name":"wp","href":"https:\/\/api.w.org\/{rel}","templated":true}]}}