{"id":38944,"date":"2025-07-23T09:15:11","date_gmt":"2025-07-23T06:15:11","guid":{"rendered":"https:\/\/miumjau.ee\/toode\/ibero-kylmapuristettu-keskikokoisille-ja-suurille-touroille-naudanliha-3kg-2\/"},"modified":"2026-01-07T22:49:38","modified_gmt":"2026-01-07T20:49:38","slug":"ibero-kylmapuristettu-keskikokoisille-ja-suurille-touroille-naudanliha-3kg-2","status":"publish","type":"product","link":"https:\/\/miumjau.ee\/fi\/tuote\/ibero-kylmapuristettu-keskikokoisille-ja-suurille-touroille-naudanliha-3kg-2\/","title":{"rendered":"Ibero Kylm\u00e4puristettu Keskikokoisille ja Suurille Touroille, Naudanliha 3kg"},"content":{"rendered":"","protected":false},"excerpt":{"rendered":"<p data-start=\"119\" data-end=\"242\">T\u00e4ysravinto kylm\u00e4puristettuna, sis\u00e4lt\u00e4en kaikki ravintoaineet, joita aikuiset keskikokoiset ja suuret koirat tarvitsevat.<\/p>\n<p data-start=\"244\" data-end=\"270\">Huomioi erityispiirteet:<\/p>\n<ul data-start=\"272\" data-end=\"784\">\n<li data-start=\"272\" data-end=\"397\">\n<p data-start=\"274\" data-end=\"397\">Eritt\u00e4in tiivistetty \u2013 koira saa pienen m\u00e4\u00e4r\u00e4n helposti sulavaa ruokaa, mik\u00e4 v\u00e4hent\u00e4\u00e4 merkitt\u00e4v\u00e4sti vatsavaivojen riski\u00e4.<\/p>\n<\/li>\n<li data-start=\"398\" data-end=\"485\">\n<p data-start=\"400\" data-end=\"485\">Maukasta \u2013 luonnollisten ravinteiden ja aromien s\u00e4ilyminen lis\u00e4\u00e4 koiran ruokahalua.<\/p>\n<\/li>\n<li data-start=\"486\" data-end=\"556\">\n<p data-start=\"488\" data-end=\"556\">Glukosamiini ja kondroitiini \u2013 nivelten terveyden yll\u00e4pit\u00e4miseksi.<\/p>\n<\/li>\n<li data-start=\"557\" data-end=\"621\">\n<p data-start=\"559\" data-end=\"621\">Beetaglukaanit \u2013 immuunij\u00e4rjestelm\u00e4n tasapainon tukemiseksi.<\/p>\n<\/li>\n<li data-start=\"622\" data-end=\"719\">\n<p data-start=\"624\" data-end=\"719\">Tyydyttym\u00e4tt\u00f6m\u00e4t rasvahapot \u2013 tulehdusten ehk\u00e4isyyn ja normaalin aineenvaihdunnan tukemiseen.<\/p>\n<\/li>\n<li data-start=\"720\" data-end=\"784\">\n<p data-start=\"722\" data-end=\"784\">Biotiini ja sinkki \u2013 terveen ihon ja turkin yll\u00e4pit\u00e4miseksi.<\/p>\n<\/li>\n<\/ul>\n<p data-start=\"786\" data-end=\"898\">Valmistusteknologian ansiosta erityisen arvokas aktiivisille koirille sek\u00e4 tiineille ja imett\u00e4ville nartuille.<\/p>\n<p data-start=\"900\" data-end=\"1230\"><strong data-start=\"900\" data-end=\"914\">Koostumus:<\/strong> Kuivattu naudanliha (31 %), rasva (13 %), kuivattu bataatti, kuivattu peruna, kaurahiutaleet (8 %), sianmaksa (5 %), kuivattu kurpitsa (2 %), kuivattu sianmaksa (2 %), maissihiutaleet, kuivattu porkkana (1,2 %), pellavansiemenet, sikuriuute, kuivatut yrtit, beetaglukaanit, rustouute, vitamiini- ja mineraaliseos.<\/p>\n<p data-start=\"1232\" data-end=\"1397\"><strong data-start=\"1232\" data-end=\"1256\">Analyyttiset aineet:<\/strong> Raakaproteiini 24 %, raakarasva 14 %, raakakuitu 3,4 %, raakatuhka 7,3 %, kalsium 1,1 %, fosfori 0,85 %, natrium 0,15 %, kosteus max 10 %.<\/p>\n<p data-start=\"1399\" data-end=\"1852\"><strong data-start=\"1399\" data-end=\"1423\">Lis\u00e4aineet (per kg):<\/strong> A-vitamiini 17 331 IU, D3-vitamiini 1 733 IU, E-vitamiini 173 mg, B1-vitamiini 5,09 mg, B2-vitamiini 9 mg, B6-vitamiini 6,9 mg, B12-vitamiini 0,07 mg, C-vitamiini 121 mg, Niasiini 43,1 mg, Pantoteenihappo 17,8 mg, Foolihappo 0,69 mg, Biotiini 0,43 mg, Jodi 4,6 mg, Seleeni 0,38 mg, Rauta 101 mg, Kupari 12,1 mg, Sinkki 129 mg, Mangaani 12,1 mg, Koliinikloridi 1 872 mg, Glukosamiini 404 mg\/kg, Kondroitiinisulfaatti 353 mg\/kg.<\/p>\n<p data-start=\"1854\" data-end=\"2450\"><strong data-start=\"1854\" data-end=\"1890\">Suositeltu ruokinta ja s\u00e4ilytys:<\/strong> Anna kuivaruokaa koiran fyysisen kunnon mukaan, varmista raikkaan veden saatavuus. \u00c4l\u00e4 k\u00e4yt\u00e4 mittakannua, kylm\u00e4puristettu ruoka on tihe\u00e4mp\u00e4\u00e4 kuin extrudoitu; k\u00e4yt\u00e4 punnitusta (ks. alla oleva taulukko). Jos vaihdat puristettua ruokaa extrudoituun, suositellaan asteittaista siirtymist\u00e4 (7\u201310 p\u00e4iv\u00e4\u00e4), koska ruoat sulavat eri tavalla \u2013 kylm\u00e4puristettu ruoka hajoaa mahassa, extrudoitu laajenee. \u00c4killinen vaihtaminen voi aiheuttaa ruoansulatusongelmia. Parasta ennen -p\u00e4iv\u00e4m\u00e4\u00e4r\u00e4 on pakkauksessa. S\u00e4ilyt\u00e4 viile\u00e4ss\u00e4 ja kuivassa, poissa suorasta auringonvalosta.<\/p>\n<p data-start=\"2452\" data-end=\"2630\"><strong data-start=\"2452\" data-end=\"2486\">Suositeltu p\u00e4ivitt\u00e4inen annos:<\/strong><br data-start=\"2486\" data-end=\"2489\" \/>10 kg koira \u2013 125 g; 12 kg \u2013 145 g; 15 kg \u2013 165 g; 20 kg \u2013 220 g; 25 kg \u2013 250 g; 30 kg \u2013 270 g; 35 kg \u2013 300 g; 40 kg \u2013 350 g; 50 kg \u2013 410 g<\/p>\n","protected":false},"featured_media":38001,"template":"","meta":[],"product_brand":[],"product_cat":[478,139],"product_tag":[],"class_list":{"0":"post-38944","1":"product","2":"type-product","3":"status-publish","4":"has-post-thumbnail","6":"product_cat-kuivaruoka-koirille","7":"product_cat-kaup24-fi","9":"first","10":"instock","11":"sale","12":"taxable","13":"shipping-taxable","14":"purchasable","15":"product-type-simple"},"yoast_head":"<!-- This site is optimized with the Yoast SEO plugin v27.2 - https:\/\/yoast.com\/product\/yoast-seo-wordpress\/ -->\n<title>Ibero Kylm\u00e4puristettu Keskikokoisille ja Suurille Touroille, Naudanliha 3kg - MiuMjau<\/title>\n<meta name=\"robots\" content=\"index, follow, max-snippet:-1, max-image-preview:large, max-video-preview:-1\" \/>\n<link rel=\"canonical\" href=\"https:\/\/miumjau.ee\/fi\/tuote\/ibero-kylmapuristettu-keskikokoisille-ja-suurille-touroille-naudanliha-3kg-2\/\" \/>\n<meta property=\"og:locale\" content=\"fi_FI\" \/>\n<meta property=\"og:type\" content=\"article\" \/>\n<meta property=\"og:title\" content=\"Ibero Kylm\u00e4puristettu Keskikokoisille ja Suurille Touroille, Naudanliha 3kg - MiuMjau\" \/>\n<meta property=\"og:description\" content=\"T\u00e4ysravinto kylm\u00e4puristettuna, sis\u00e4lt\u00e4en kaikki ravintoaineet, joita aikuiset keskikokoiset ja suuret koirat tarvitsevat. Huomioi erityispiirteet:     Eritt\u00e4in tiivistetty \u2013 koira saa pienen m\u00e4\u00e4r\u00e4n helposti sulavaa ruokaa, mik\u00e4 v\u00e4hent\u00e4\u00e4 merkitt\u00e4v\u00e4sti vatsavaivojen riski\u00e4.    Maukasta \u2013 luonnollisten ravinteiden ja aromien s\u00e4ilyminen lis\u00e4\u00e4 koiran ruokahalua.    Glukosamiini ja kondroitiini \u2013 nivelten terveyden yll\u00e4pit\u00e4miseksi.    Beetaglukaanit \u2013 immuunij\u00e4rjestelm\u00e4n tasapainon tukemiseksi.    Tyydyttym\u00e4tt\u00f6m\u00e4t rasvahapot \u2013 tulehdusten ehk\u00e4isyyn ja normaalin aineenvaihdunnan tukemiseen.    Biotiini ja sinkki \u2013 terveen ihon ja turkin yll\u00e4pit\u00e4miseksi.   Valmistusteknologian ansiosta erityisen arvokas aktiivisille koirille sek\u00e4 tiineille ja imett\u00e4ville nartuille. Koostumus: Kuivattu naudanliha (31 %), rasva (13 %), kuivattu bataatti, kuivattu peruna, kaurahiutaleet (8 %), sianmaksa (5 %), kuivattu kurpitsa (2 %), kuivattu sianmaksa (2 %), maissihiutaleet, kuivattu porkkana (1,2 %), pellavansiemenet, sikuriuute, kuivatut yrtit, beetaglukaanit, rustouute, vitamiini- ja mineraaliseos. Analyyttiset aineet: Raakaproteiini 24 %, raakarasva 14 %, raakakuitu 3,4 %, raakatuhka 7,3 %, kalsium 1,1 %, fosfori 0,85 %, natrium 0,15 %, kosteus max 10 %. Lis\u00e4aineet (per kg): A-vitamiini 17 331 IU, D3-vitamiini 1 733 IU, E-vitamiini 173 mg, B1-vitamiini 5,09 mg, B2-vitamiini 9 mg, B6-vitamiini 6,9 mg, B12-vitamiini 0,07 mg, C-vitamiini 121 mg, Niasiini 43,1 mg, Pantoteenihappo 17,8 mg, Foolihappo 0,69 mg, Biotiini 0,43 mg, Jodi 4,6 mg, Seleeni 0,38 mg, Rauta 101 mg, Kupari 12,1 mg, Sinkki 129 mg, Mangaani 12,1 mg, Koliinikloridi 1 872 mg, Glukosamiini 404 mg\/kg, Kondroitiinisulfaatti 353 mg\/kg. Suositeltu ruokinta ja s\u00e4ilytys: Anna kuivaruokaa koiran fyysisen kunnon mukaan, varmista raikkaan veden saatavuus. \u00c4l\u00e4 k\u00e4yt\u00e4 mittakannua, kylm\u00e4puristettu ruoka on tihe\u00e4mp\u00e4\u00e4 kuin extrudoitu; k\u00e4yt\u00e4 punnitusta (ks. alla oleva taulukko). Jos vaihdat puristettua ruokaa extrudoituun, suositellaan asteittaista siirtymist\u00e4 (7\u201310 p\u00e4iv\u00e4\u00e4), koska ruoat sulavat eri tavalla \u2013 kylm\u00e4puristettu ruoka hajoaa mahassa, extrudoitu laajenee. \u00c4killinen vaihtaminen voi aiheuttaa ruoansulatusongelmia. Parasta ennen -p\u00e4iv\u00e4m\u00e4\u00e4r\u00e4 on pakkauksessa. S\u00e4ilyt\u00e4 viile\u00e4ss\u00e4 ja kuivassa, poissa suorasta auringonvalosta. Suositeltu p\u00e4ivitt\u00e4inen annos:10 kg koira \u2013 125 g; 12 kg \u2013 145 g; 15 kg \u2013 165 g; 20 kg \u2013 220 g; 25 kg \u2013 250 g; 30 kg \u2013 270 g; 35 kg \u2013 300 g; 40 kg \u2013 350 g; 50 kg \u2013 410 g\" \/>\n<meta property=\"og:url\" content=\"https:\/\/miumjau.ee\/fi\/tuote\/ibero-kylmapuristettu-keskikokoisille-ja-suurille-touroille-naudanliha-3kg-2\/\" \/>\n<meta property=\"og:site_name\" content=\"MiuMjau\" \/>\n<meta property=\"article:publisher\" content=\"https:\/\/www.facebook.com\/miumjaupood\/\" \/>\n<meta property=\"article:modified_time\" content=\"2026-01-07T20:49:38+00:00\" \/>\n<meta property=\"og:image\" content=\"https:\/\/miumjau.ee\/wp-content\/uploads\/2025\/07\/ibero-koer-kulmpressitud-ML-veis-12kg.jpg\" \/>\n\t<meta property=\"og:image:width\" content=\"600\" \/>\n\t<meta property=\"og:image:height\" content=\"800\" \/>\n\t<meta property=\"og:image:type\" content=\"image\/jpeg\" \/>\n<meta name=\"twitter:card\" content=\"summary_large_image\" \/>\n<script type=\"application\/ld+json\" class=\"yoast-schema-graph\">{\"@context\":\"https:\/\/schema.org\",\"@graph\":[{\"@type\":\"WebPage\",\"@id\":\"https:\/\/miumjau.ee\/fi\/tuote\/ibero-kylmapuristettu-keskikokoisille-ja-suurille-touroille-naudanliha-3kg-2\/\",\"url\":\"https:\/\/miumjau.ee\/fi\/tuote\/ibero-kylmapuristettu-keskikokoisille-ja-suurille-touroille-naudanliha-3kg-2\/\",\"name\":\"Ibero Kylm\u00e4puristettu Keskikokoisille ja Suurille Touroille, Naudanliha 3kg - MiuMjau\",\"isPartOf\":{\"@id\":\"https:\/\/miumjau.ee\/#website\"},\"primaryImageOfPage\":{\"@id\":\"https:\/\/miumjau.ee\/fi\/tuote\/ibero-kylmapuristettu-keskikokoisille-ja-suurille-touroille-naudanliha-3kg-2\/#primaryimage\"},\"image\":{\"@id\":\"https:\/\/miumjau.ee\/fi\/tuote\/ibero-kylmapuristettu-keskikokoisille-ja-suurille-touroille-naudanliha-3kg-2\/#primaryimage\"},\"thumbnailUrl\":\"https:\/\/miumjau.ee\/wp-content\/uploads\/2025\/07\/ibero-koer-kulmpressitud-ML-veis-12kg.jpg\",\"datePublished\":\"2025-07-23T06:15:11+00:00\",\"dateModified\":\"2026-01-07T20:49:38+00:00\",\"breadcrumb\":{\"@id\":\"https:\/\/miumjau.ee\/fi\/tuote\/ibero-kylmapuristettu-keskikokoisille-ja-suurille-touroille-naudanliha-3kg-2\/#breadcrumb\"},\"inLanguage\":\"fi\",\"potentialAction\":[{\"@type\":\"ReadAction\",\"target\":[\"https:\/\/miumjau.ee\/fi\/tuote\/ibero-kylmapuristettu-keskikokoisille-ja-suurille-touroille-naudanliha-3kg-2\/\"]}]},{\"@type\":\"ImageObject\",\"inLanguage\":\"fi\",\"@id\":\"https:\/\/miumjau.ee\/fi\/tuote\/ibero-kylmapuristettu-keskikokoisille-ja-suurille-touroille-naudanliha-3kg-2\/#primaryimage\",\"url\":\"https:\/\/miumjau.ee\/wp-content\/uploads\/2025\/07\/ibero-koer-kulmpressitud-ML-veis-12kg.jpg\",\"contentUrl\":\"https:\/\/miumjau.ee\/wp-content\/uploads\/2025\/07\/ibero-koer-kulmpressitud-ML-veis-12kg.jpg\",\"width\":600,\"height\":800,\"caption\":\"K\u00fclmpressitud toit Ibero keskmistele ja suurtele t\u00f5ugudele, veis 12kg\"},{\"@type\":\"BreadcrumbList\",\"@id\":\"https:\/\/miumjau.ee\/fi\/tuote\/ibero-kylmapuristettu-keskikokoisille-ja-suurille-touroille-naudanliha-3kg-2\/#breadcrumb\",\"itemListElement\":[{\"@type\":\"ListItem\",\"position\":1,\"name\":\"Home\",\"item\":\"https:\/\/miumjau.ee\/fi\/\"},{\"@type\":\"ListItem\",\"position\":2,\"name\":\"Kauppa\",\"item\":\"https:\/\/miumjau.ee\/fi\/kauppa\/\"},{\"@type\":\"ListItem\",\"position\":3,\"name\":\"Ibero Kylm\u00e4puristettu Keskikokoisille ja Suurille Touroille, Naudanliha 3kg\"}]},{\"@type\":\"WebSite\",\"@id\":\"https:\/\/miumjau.ee\/#website\",\"url\":\"https:\/\/miumjau.ee\/\",\"name\":\"MiuMjau\",\"description\":\"Kraapimispuud kassidele\",\"publisher\":{\"@id\":\"https:\/\/miumjau.ee\/#organization\"},\"potentialAction\":[{\"@type\":\"SearchAction\",\"target\":{\"@type\":\"EntryPoint\",\"urlTemplate\":\"https:\/\/miumjau.ee\/?s={search_term_string}\"},\"query-input\":{\"@type\":\"PropertyValueSpecification\",\"valueRequired\":true,\"valueName\":\"search_term_string\"}}],\"inLanguage\":\"fi\"},{\"@type\":\"Organization\",\"@id\":\"https:\/\/miumjau.ee\/#organization\",\"name\":\"MiuMjau O\u00dc\",\"url\":\"https:\/\/miumjau.ee\/\",\"logo\":{\"@type\":\"ImageObject\",\"inLanguage\":\"fi\",\"@id\":\"https:\/\/miumjau.ee\/#\/schema\/logo\/image\/\",\"url\":\"https:\/\/miumjau.ee\/wp-content\/uploads\/2022\/04\/MiuMjau-logo-kollane.png\",\"contentUrl\":\"https:\/\/miumjau.ee\/wp-content\/uploads\/2022\/04\/MiuMjau-logo-kollane.png\",\"width\":219,\"height\":100,\"caption\":\"MiuMjau O\u00dc\"},\"image\":{\"@id\":\"https:\/\/miumjau.ee\/#\/schema\/logo\/image\/\"},\"sameAs\":[\"https:\/\/www.facebook.com\/miumjaupood\/\"]}]}<\/script>\n<!-- \/ Yoast SEO plugin. -->","yoast_head_json":{"title":"Ibero Kylm\u00e4puristettu Keskikokoisille ja Suurille Touroille, Naudanliha 3kg - MiuMjau","robots":{"index":"index","follow":"follow","max-snippet":"max-snippet:-1","max-image-preview":"max-image-preview:large","max-video-preview":"max-video-preview:-1"},"canonical":"https:\/\/miumjau.ee\/fi\/tuote\/ibero-kylmapuristettu-keskikokoisille-ja-suurille-touroille-naudanliha-3kg-2\/","og_locale":"fi_FI","og_type":"article","og_title":"Ibero Kylm\u00e4puristettu Keskikokoisille ja Suurille Touroille, Naudanliha 3kg - MiuMjau","og_description":"T\u00e4ysravinto kylm\u00e4puristettuna, sis\u00e4lt\u00e4en kaikki ravintoaineet, joita aikuiset keskikokoiset ja suuret koirat tarvitsevat. Huomioi erityispiirteet:     Eritt\u00e4in tiivistetty \u2013 koira saa pienen m\u00e4\u00e4r\u00e4n helposti sulavaa ruokaa, mik\u00e4 v\u00e4hent\u00e4\u00e4 merkitt\u00e4v\u00e4sti vatsavaivojen riski\u00e4.    Maukasta \u2013 luonnollisten ravinteiden ja aromien s\u00e4ilyminen lis\u00e4\u00e4 koiran ruokahalua.    Glukosamiini ja kondroitiini \u2013 nivelten terveyden yll\u00e4pit\u00e4miseksi.    Beetaglukaanit \u2013 immuunij\u00e4rjestelm\u00e4n tasapainon tukemiseksi.    Tyydyttym\u00e4tt\u00f6m\u00e4t rasvahapot \u2013 tulehdusten ehk\u00e4isyyn ja normaalin aineenvaihdunnan tukemiseen.    Biotiini ja sinkki \u2013 terveen ihon ja turkin yll\u00e4pit\u00e4miseksi.   Valmistusteknologian ansiosta erityisen arvokas aktiivisille koirille sek\u00e4 tiineille ja imett\u00e4ville nartuille. Koostumus: Kuivattu naudanliha (31 %), rasva (13 %), kuivattu bataatti, kuivattu peruna, kaurahiutaleet (8 %), sianmaksa (5 %), kuivattu kurpitsa (2 %), kuivattu sianmaksa (2 %), maissihiutaleet, kuivattu porkkana (1,2 %), pellavansiemenet, sikuriuute, kuivatut yrtit, beetaglukaanit, rustouute, vitamiini- ja mineraaliseos. Analyyttiset aineet: Raakaproteiini 24 %, raakarasva 14 %, raakakuitu 3,4 %, raakatuhka 7,3 %, kalsium 1,1 %, fosfori 0,85 %, natrium 0,15 %, kosteus max 10 %. Lis\u00e4aineet (per kg): A-vitamiini 17 331 IU, D3-vitamiini 1 733 IU, E-vitamiini 173 mg, B1-vitamiini 5,09 mg, B2-vitamiini 9 mg, B6-vitamiini 6,9 mg, B12-vitamiini 0,07 mg, C-vitamiini 121 mg, Niasiini 43,1 mg, Pantoteenihappo 17,8 mg, Foolihappo 0,69 mg, Biotiini 0,43 mg, Jodi 4,6 mg, Seleeni 0,38 mg, Rauta 101 mg, Kupari 12,1 mg, Sinkki 129 mg, Mangaani 12,1 mg, Koliinikloridi 1 872 mg, Glukosamiini 404 mg\/kg, Kondroitiinisulfaatti 353 mg\/kg. Suositeltu ruokinta ja s\u00e4ilytys: Anna kuivaruokaa koiran fyysisen kunnon mukaan, varmista raikkaan veden saatavuus. \u00c4l\u00e4 k\u00e4yt\u00e4 mittakannua, kylm\u00e4puristettu ruoka on tihe\u00e4mp\u00e4\u00e4 kuin extrudoitu; k\u00e4yt\u00e4 punnitusta (ks. alla oleva taulukko). Jos vaihdat puristettua ruokaa extrudoituun, suositellaan asteittaista siirtymist\u00e4 (7\u201310 p\u00e4iv\u00e4\u00e4), koska ruoat sulavat eri tavalla \u2013 kylm\u00e4puristettu ruoka hajoaa mahassa, extrudoitu laajenee. \u00c4killinen vaihtaminen voi aiheuttaa ruoansulatusongelmia. Parasta ennen -p\u00e4iv\u00e4m\u00e4\u00e4r\u00e4 on pakkauksessa. S\u00e4ilyt\u00e4 viile\u00e4ss\u00e4 ja kuivassa, poissa suorasta auringonvalosta. Suositeltu p\u00e4ivitt\u00e4inen annos:10 kg koira \u2013 125 g; 12 kg \u2013 145 g; 15 kg \u2013 165 g; 20 kg \u2013 220 g; 25 kg \u2013 250 g; 30 kg \u2013 270 g; 35 kg \u2013 300 g; 40 kg \u2013 350 g; 50 kg \u2013 410 g","og_url":"https:\/\/miumjau.ee\/fi\/tuote\/ibero-kylmapuristettu-keskikokoisille-ja-suurille-touroille-naudanliha-3kg-2\/","og_site_name":"MiuMjau","article_publisher":"https:\/\/www.facebook.com\/miumjaupood\/","article_modified_time":"2026-01-07T20:49:38+00:00","og_image":[{"width":600,"height":800,"url":"https:\/\/miumjau.ee\/wp-content\/uploads\/2025\/07\/ibero-koer-kulmpressitud-ML-veis-12kg.jpg","type":"image\/jpeg"}],"twitter_card":"summary_large_image","schema":{"@context":"https:\/\/schema.org","@graph":[{"@type":"WebPage","@id":"https:\/\/miumjau.ee\/fi\/tuote\/ibero-kylmapuristettu-keskikokoisille-ja-suurille-touroille-naudanliha-3kg-2\/","url":"https:\/\/miumjau.ee\/fi\/tuote\/ibero-kylmapuristettu-keskikokoisille-ja-suurille-touroille-naudanliha-3kg-2\/","name":"Ibero Kylm\u00e4puristettu Keskikokoisille ja Suurille Touroille, Naudanliha 3kg - MiuMjau","isPartOf":{"@id":"https:\/\/miumjau.ee\/#website"},"primaryImageOfPage":{"@id":"https:\/\/miumjau.ee\/fi\/tuote\/ibero-kylmapuristettu-keskikokoisille-ja-suurille-touroille-naudanliha-3kg-2\/#primaryimage"},"image":{"@id":"https:\/\/miumjau.ee\/fi\/tuote\/ibero-kylmapuristettu-keskikokoisille-ja-suurille-touroille-naudanliha-3kg-2\/#primaryimage"},"thumbnailUrl":"https:\/\/miumjau.ee\/wp-content\/uploads\/2025\/07\/ibero-koer-kulmpressitud-ML-veis-12kg.jpg","datePublished":"2025-07-23T06:15:11+00:00","dateModified":"2026-01-07T20:49:38+00:00","breadcrumb":{"@id":"https:\/\/miumjau.ee\/fi\/tuote\/ibero-kylmapuristettu-keskikokoisille-ja-suurille-touroille-naudanliha-3kg-2\/#breadcrumb"},"inLanguage":"fi","potentialAction":[{"@type":"ReadAction","target":["https:\/\/miumjau.ee\/fi\/tuote\/ibero-kylmapuristettu-keskikokoisille-ja-suurille-touroille-naudanliha-3kg-2\/"]}]},{"@type":"ImageObject","inLanguage":"fi","@id":"https:\/\/miumjau.ee\/fi\/tuote\/ibero-kylmapuristettu-keskikokoisille-ja-suurille-touroille-naudanliha-3kg-2\/#primaryimage","url":"https:\/\/miumjau.ee\/wp-content\/uploads\/2025\/07\/ibero-koer-kulmpressitud-ML-veis-12kg.jpg","contentUrl":"https:\/\/miumjau.ee\/wp-content\/uploads\/2025\/07\/ibero-koer-kulmpressitud-ML-veis-12kg.jpg","width":600,"height":800,"caption":"K\u00fclmpressitud toit Ibero keskmistele ja suurtele t\u00f5ugudele, veis 12kg"},{"@type":"BreadcrumbList","@id":"https:\/\/miumjau.ee\/fi\/tuote\/ibero-kylmapuristettu-keskikokoisille-ja-suurille-touroille-naudanliha-3kg-2\/#breadcrumb","itemListElement":[{"@type":"ListItem","position":1,"name":"Home","item":"https:\/\/miumjau.ee\/fi\/"},{"@type":"ListItem","position":2,"name":"Kauppa","item":"https:\/\/miumjau.ee\/fi\/kauppa\/"},{"@type":"ListItem","position":3,"name":"Ibero Kylm\u00e4puristettu Keskikokoisille ja Suurille Touroille, Naudanliha 3kg"}]},{"@type":"WebSite","@id":"https:\/\/miumjau.ee\/#website","url":"https:\/\/miumjau.ee\/","name":"MiuMjau","description":"Kraapimispuud kassidele","publisher":{"@id":"https:\/\/miumjau.ee\/#organization"},"potentialAction":[{"@type":"SearchAction","target":{"@type":"EntryPoint","urlTemplate":"https:\/\/miumjau.ee\/?s={search_term_string}"},"query-input":{"@type":"PropertyValueSpecification","valueRequired":true,"valueName":"search_term_string"}}],"inLanguage":"fi"},{"@type":"Organization","@id":"https:\/\/miumjau.ee\/#organization","name":"MiuMjau O\u00dc","url":"https:\/\/miumjau.ee\/","logo":{"@type":"ImageObject","inLanguage":"fi","@id":"https:\/\/miumjau.ee\/#\/schema\/logo\/image\/","url":"https:\/\/miumjau.ee\/wp-content\/uploads\/2022\/04\/MiuMjau-logo-kollane.png","contentUrl":"https:\/\/miumjau.ee\/wp-content\/uploads\/2022\/04\/MiuMjau-logo-kollane.png","width":219,"height":100,"caption":"MiuMjau O\u00dc"},"image":{"@id":"https:\/\/miumjau.ee\/#\/schema\/logo\/image\/"},"sameAs":["https:\/\/www.facebook.com\/miumjaupood\/"]}]}},"_links":{"self":[{"href":"https:\/\/miumjau.ee\/fi\/wp-json\/wp\/v2\/product\/38944","targetHints":{"allow":["GET"]}}],"collection":[{"href":"https:\/\/miumjau.ee\/fi\/wp-json\/wp\/v2\/product"}],"about":[{"href":"https:\/\/miumjau.ee\/fi\/wp-json\/wp\/v2\/types\/product"}],"wp:featuredmedia":[{"embeddable":true,"href":"https:\/\/miumjau.ee\/fi\/wp-json\/wp\/v2\/media\/38001"}],"wp:attachment":[{"href":"https:\/\/miumjau.ee\/fi\/wp-json\/wp\/v2\/media?parent=38944"}],"wp:term":[{"taxonomy":"product_brand","embeddable":true,"href":"https:\/\/miumjau.ee\/fi\/wp-json\/wp\/v2\/product_brand?post=38944"},{"taxonomy":"product_cat","embeddable":true,"href":"https:\/\/miumjau.ee\/fi\/wp-json\/wp\/v2\/product_cat?post=38944"},{"taxonomy":"product_tag","embeddable":true,"href":"https:\/\/miumjau.ee\/fi\/wp-json\/wp\/v2\/product_tag?post=38944"}],"curies":[{"name":"wp","href":"https:\/\/api.w.org\/{rel}","templated":true}]}}