{"id":38940,"date":"2025-07-22T23:55:21","date_gmt":"2025-07-22T20:55:21","guid":{"rendered":"https:\/\/miumjau.ee\/toode\/ibero-starter-kylmapuristettu-pennunruoka-ankka-kalkkuna-3kg\/"},"modified":"2026-01-07T22:49:38","modified_gmt":"2026-01-07T20:49:38","slug":"ibero-starter-kylmapuristettu-pennunruoka-ankka-kalkkuna-3kg","status":"publish","type":"product","link":"https:\/\/miumjau.ee\/fi\/tuote\/ibero-starter-kylmapuristettu-pennunruoka-ankka-kalkkuna-3kg\/","title":{"rendered":"Ibero Starter Kylm\u00e4puristettu Pennunruoka, Ankka &#038; Kalkkuna 3kg"},"content":{"rendered":"","protected":false},"excerpt":{"rendered":"<p data-start=\"1455\" data-end=\"1649\">T\u00e4ysravinto kaikille koirapennuille 5 viikon \u2013 4 kuukauden i\u00e4ss\u00e4.<br data-start=\"1520\" data-end=\"1523\" \/>STARTER\/PUPPY FORMULA on t\u00e4ysravinto, joka sis\u00e4lt\u00e4\u00e4 kaikki tarvittavat ravintoaineet pennuille 5 viikon \u2013 4 kuukauden i\u00e4ss\u00e4.<\/p>\n<p data-start=\"1651\" data-end=\"1999\"><strong data-start=\"1651\" data-end=\"1665\">Ainesosat:<\/strong> Kuivattu kalkkuna- ja ankanliha (39 %), kuivatut bataatit, kuivatut perunat, kalkkunarasva (14 %), eritt\u00e4in puhdistettu kalkkunaproteiini (13 %), kaurahiutaleet (8 %), kuivattu kurpitsa (2 %), jauhetut kananmunat, kuivattu porkkana (1,2 %), pellavansiemenet, sikuriuute, kuivatut yrtit, beetaglukaanit, vitamiini- ja mineraaliseos.<\/p>\n<p data-start=\"2001\" data-end=\"2166\"><strong data-start=\"2001\" data-end=\"2025\">Analyyttiset aineet:<\/strong> Raakaproteiini 28 %, raakarasva 18 %, raakakuitu 3,4 %, raakatuhka 5,4 %, kalsium 1,1 %, fosfori 0,85 %, natrium 0,15 %, kosteus max 10 %.<\/p>\n<p data-start=\"2168\" data-end=\"2611\"><strong data-start=\"2168\" data-end=\"2192\">Lis\u00e4aineet (per kg):<\/strong> A-vitamiini 18 000 IU, D3-vitamiini 1 800 IU, E-vitamiini 180 mg, B1-vitamiini 5,3 mg, B2-vitamiini 8,5 mg, B6-vitamiini 7,2 mg, B12-vitamiini 0,07 mg, C-vitamiini 180 mg, Niasiini 45 mg, Pantoteenihappo 17 mg, Foolihappo 0,7 mg, Biotiini 0,42 mg, Jodi 4 mg, Seleeni 0,35 mg, Rauta 110 mg, Kupari 13 mg, Sinkki 130 mg, Mangaani 12 mg, Koliinikloridi 1 900 mg, Glukosamiini 400 mg\/kg, Kondroitiinisulfaatti 350 mg\/kg.<\/p>\n<p data-start=\"2613\" data-end=\"2712\"><strong data-start=\"2613\" data-end=\"2632\">Antioksidantit:<\/strong> Tokoferolirikkaat kasvi\u00f6ljyuutteet<br data-start=\"2667\" data-end=\"2670\" \/><strong data-start=\"2670\" data-end=\"2696\">Metaboloituva energia:<\/strong> 3 840 kcal\/kg<\/p>\n","protected":false},"featured_media":37981,"template":"","meta":[],"product_brand":[],"product_cat":[478,139],"product_tag":[],"class_list":{"0":"post-38940","1":"product","2":"type-product","3":"status-publish","4":"has-post-thumbnail","6":"product_cat-kuivaruoka-koirille","7":"product_cat-kaup24-fi","9":"first","10":"instock","11":"sale","12":"taxable","13":"shipping-taxable","14":"purchasable","15":"product-type-simple"},"yoast_head":"<!-- This site is optimized with the Yoast SEO plugin v27.2 - https:\/\/yoast.com\/product\/yoast-seo-wordpress\/ -->\n<title>Ibero Starter Kylm\u00e4puristettu Pennunruoka, Ankka &amp; Kalkkuna 3kg - MiuMjau<\/title>\n<meta name=\"robots\" content=\"index, follow, max-snippet:-1, max-image-preview:large, max-video-preview:-1\" \/>\n<link rel=\"canonical\" href=\"https:\/\/miumjau.ee\/fi\/tuote\/ibero-starter-kylmapuristettu-pennunruoka-ankka-kalkkuna-3kg\/\" \/>\n<meta property=\"og:locale\" content=\"fi_FI\" \/>\n<meta property=\"og:type\" content=\"article\" \/>\n<meta property=\"og:title\" content=\"Ibero Starter Kylm\u00e4puristettu Pennunruoka, Ankka &amp; Kalkkuna 3kg - MiuMjau\" \/>\n<meta property=\"og:description\" content=\"T\u00e4ysravinto kaikille koirapennuille 5 viikon \u2013 4 kuukauden i\u00e4ss\u00e4.STARTER\/PUPPY FORMULA on t\u00e4ysravinto, joka sis\u00e4lt\u00e4\u00e4 kaikki tarvittavat ravintoaineet pennuille 5 viikon \u2013 4 kuukauden i\u00e4ss\u00e4. Ainesosat: Kuivattu kalkkuna- ja ankanliha (39 %), kuivatut bataatit, kuivatut perunat, kalkkunarasva (14 %), eritt\u00e4in puhdistettu kalkkunaproteiini (13 %), kaurahiutaleet (8 %), kuivattu kurpitsa (2 %), jauhetut kananmunat, kuivattu porkkana (1,2 %), pellavansiemenet, sikuriuute, kuivatut yrtit, beetaglukaanit, vitamiini- ja mineraaliseos. Analyyttiset aineet: Raakaproteiini 28 %, raakarasva 18 %, raakakuitu 3,4 %, raakatuhka 5,4 %, kalsium 1,1 %, fosfori 0,85 %, natrium 0,15 %, kosteus max 10 %. Lis\u00e4aineet (per kg): A-vitamiini 18 000 IU, D3-vitamiini 1 800 IU, E-vitamiini 180 mg, B1-vitamiini 5,3 mg, B2-vitamiini 8,5 mg, B6-vitamiini 7,2 mg, B12-vitamiini 0,07 mg, C-vitamiini 180 mg, Niasiini 45 mg, Pantoteenihappo 17 mg, Foolihappo 0,7 mg, Biotiini 0,42 mg, Jodi 4 mg, Seleeni 0,35 mg, Rauta 110 mg, Kupari 13 mg, Sinkki 130 mg, Mangaani 12 mg, Koliinikloridi 1 900 mg, Glukosamiini 400 mg\/kg, Kondroitiinisulfaatti 350 mg\/kg. Antioksidantit: Tokoferolirikkaat kasvi\u00f6ljyuutteetMetaboloituva energia: 3 840 kcal\/kg\" \/>\n<meta property=\"og:url\" content=\"https:\/\/miumjau.ee\/fi\/tuote\/ibero-starter-kylmapuristettu-pennunruoka-ankka-kalkkuna-3kg\/\" \/>\n<meta property=\"og:site_name\" content=\"MiuMjau\" \/>\n<meta property=\"article:publisher\" content=\"https:\/\/www.facebook.com\/miumjaupood\/\" \/>\n<meta property=\"article:modified_time\" content=\"2026-01-07T20:49:38+00:00\" \/>\n<meta property=\"og:image\" content=\"https:\/\/miumjau.ee\/wp-content\/uploads\/2025\/07\/ibero-koer-kulmpressitud-starter-3kg.jpg\" \/>\n\t<meta property=\"og:image:width\" content=\"600\" \/>\n\t<meta property=\"og:image:height\" content=\"800\" \/>\n\t<meta property=\"og:image:type\" content=\"image\/jpeg\" \/>\n<meta name=\"twitter:card\" content=\"summary_large_image\" \/>\n<script type=\"application\/ld+json\" class=\"yoast-schema-graph\">{\"@context\":\"https:\/\/schema.org\",\"@graph\":[{\"@type\":\"WebPage\",\"@id\":\"https:\/\/miumjau.ee\/fi\/tuote\/ibero-starter-kylmapuristettu-pennunruoka-ankka-kalkkuna-3kg\/\",\"url\":\"https:\/\/miumjau.ee\/fi\/tuote\/ibero-starter-kylmapuristettu-pennunruoka-ankka-kalkkuna-3kg\/\",\"name\":\"Ibero Starter Kylm\u00e4puristettu Pennunruoka, Ankka & Kalkkuna 3kg - MiuMjau\",\"isPartOf\":{\"@id\":\"https:\/\/miumjau.ee\/#website\"},\"primaryImageOfPage\":{\"@id\":\"https:\/\/miumjau.ee\/fi\/tuote\/ibero-starter-kylmapuristettu-pennunruoka-ankka-kalkkuna-3kg\/#primaryimage\"},\"image\":{\"@id\":\"https:\/\/miumjau.ee\/fi\/tuote\/ibero-starter-kylmapuristettu-pennunruoka-ankka-kalkkuna-3kg\/#primaryimage\"},\"thumbnailUrl\":\"https:\/\/miumjau.ee\/wp-content\/uploads\/2025\/07\/ibero-koer-kulmpressitud-starter-3kg.jpg\",\"datePublished\":\"2025-07-22T20:55:21+00:00\",\"dateModified\":\"2026-01-07T20:49:38+00:00\",\"breadcrumb\":{\"@id\":\"https:\/\/miumjau.ee\/fi\/tuote\/ibero-starter-kylmapuristettu-pennunruoka-ankka-kalkkuna-3kg\/#breadcrumb\"},\"inLanguage\":\"fi\",\"potentialAction\":[{\"@type\":\"ReadAction\",\"target\":[\"https:\/\/miumjau.ee\/fi\/tuote\/ibero-starter-kylmapuristettu-pennunruoka-ankka-kalkkuna-3kg\/\"]}]},{\"@type\":\"ImageObject\",\"inLanguage\":\"fi\",\"@id\":\"https:\/\/miumjau.ee\/fi\/tuote\/ibero-starter-kylmapuristettu-pennunruoka-ankka-kalkkuna-3kg\/#primaryimage\",\"url\":\"https:\/\/miumjau.ee\/wp-content\/uploads\/2025\/07\/ibero-koer-kulmpressitud-starter-3kg.jpg\",\"contentUrl\":\"https:\/\/miumjau.ee\/wp-content\/uploads\/2025\/07\/ibero-koer-kulmpressitud-starter-3kg.jpg\",\"width\":600,\"height\":800,\"caption\":\"K\u00fclmpressitud toit kutsikatele Ibero Starter, part ja kalkun 3kg\"},{\"@type\":\"BreadcrumbList\",\"@id\":\"https:\/\/miumjau.ee\/fi\/tuote\/ibero-starter-kylmapuristettu-pennunruoka-ankka-kalkkuna-3kg\/#breadcrumb\",\"itemListElement\":[{\"@type\":\"ListItem\",\"position\":1,\"name\":\"Home\",\"item\":\"https:\/\/miumjau.ee\/fi\/\"},{\"@type\":\"ListItem\",\"position\":2,\"name\":\"Kauppa\",\"item\":\"https:\/\/miumjau.ee\/fi\/kauppa\/\"},{\"@type\":\"ListItem\",\"position\":3,\"name\":\"Ibero Starter Kylm\u00e4puristettu Pennunruoka, Ankka &#038; Kalkkuna 3kg\"}]},{\"@type\":\"WebSite\",\"@id\":\"https:\/\/miumjau.ee\/#website\",\"url\":\"https:\/\/miumjau.ee\/\",\"name\":\"MiuMjau\",\"description\":\"Kraapimispuud kassidele\",\"publisher\":{\"@id\":\"https:\/\/miumjau.ee\/#organization\"},\"potentialAction\":[{\"@type\":\"SearchAction\",\"target\":{\"@type\":\"EntryPoint\",\"urlTemplate\":\"https:\/\/miumjau.ee\/?s={search_term_string}\"},\"query-input\":{\"@type\":\"PropertyValueSpecification\",\"valueRequired\":true,\"valueName\":\"search_term_string\"}}],\"inLanguage\":\"fi\"},{\"@type\":\"Organization\",\"@id\":\"https:\/\/miumjau.ee\/#organization\",\"name\":\"MiuMjau O\u00dc\",\"url\":\"https:\/\/miumjau.ee\/\",\"logo\":{\"@type\":\"ImageObject\",\"inLanguage\":\"fi\",\"@id\":\"https:\/\/miumjau.ee\/#\/schema\/logo\/image\/\",\"url\":\"https:\/\/miumjau.ee\/wp-content\/uploads\/2022\/04\/MiuMjau-logo-kollane.png\",\"contentUrl\":\"https:\/\/miumjau.ee\/wp-content\/uploads\/2022\/04\/MiuMjau-logo-kollane.png\",\"width\":219,\"height\":100,\"caption\":\"MiuMjau O\u00dc\"},\"image\":{\"@id\":\"https:\/\/miumjau.ee\/#\/schema\/logo\/image\/\"},\"sameAs\":[\"https:\/\/www.facebook.com\/miumjaupood\/\"]}]}<\/script>\n<!-- \/ Yoast SEO plugin. -->","yoast_head_json":{"title":"Ibero Starter Kylm\u00e4puristettu Pennunruoka, Ankka & Kalkkuna 3kg - MiuMjau","robots":{"index":"index","follow":"follow","max-snippet":"max-snippet:-1","max-image-preview":"max-image-preview:large","max-video-preview":"max-video-preview:-1"},"canonical":"https:\/\/miumjau.ee\/fi\/tuote\/ibero-starter-kylmapuristettu-pennunruoka-ankka-kalkkuna-3kg\/","og_locale":"fi_FI","og_type":"article","og_title":"Ibero Starter Kylm\u00e4puristettu Pennunruoka, Ankka & Kalkkuna 3kg - MiuMjau","og_description":"T\u00e4ysravinto kaikille koirapennuille 5 viikon \u2013 4 kuukauden i\u00e4ss\u00e4.STARTER\/PUPPY FORMULA on t\u00e4ysravinto, joka sis\u00e4lt\u00e4\u00e4 kaikki tarvittavat ravintoaineet pennuille 5 viikon \u2013 4 kuukauden i\u00e4ss\u00e4. Ainesosat: Kuivattu kalkkuna- ja ankanliha (39 %), kuivatut bataatit, kuivatut perunat, kalkkunarasva (14 %), eritt\u00e4in puhdistettu kalkkunaproteiini (13 %), kaurahiutaleet (8 %), kuivattu kurpitsa (2 %), jauhetut kananmunat, kuivattu porkkana (1,2 %), pellavansiemenet, sikuriuute, kuivatut yrtit, beetaglukaanit, vitamiini- ja mineraaliseos. Analyyttiset aineet: Raakaproteiini 28 %, raakarasva 18 %, raakakuitu 3,4 %, raakatuhka 5,4 %, kalsium 1,1 %, fosfori 0,85 %, natrium 0,15 %, kosteus max 10 %. Lis\u00e4aineet (per kg): A-vitamiini 18 000 IU, D3-vitamiini 1 800 IU, E-vitamiini 180 mg, B1-vitamiini 5,3 mg, B2-vitamiini 8,5 mg, B6-vitamiini 7,2 mg, B12-vitamiini 0,07 mg, C-vitamiini 180 mg, Niasiini 45 mg, Pantoteenihappo 17 mg, Foolihappo 0,7 mg, Biotiini 0,42 mg, Jodi 4 mg, Seleeni 0,35 mg, Rauta 110 mg, Kupari 13 mg, Sinkki 130 mg, Mangaani 12 mg, Koliinikloridi 1 900 mg, Glukosamiini 400 mg\/kg, Kondroitiinisulfaatti 350 mg\/kg. Antioksidantit: Tokoferolirikkaat kasvi\u00f6ljyuutteetMetaboloituva energia: 3 840 kcal\/kg","og_url":"https:\/\/miumjau.ee\/fi\/tuote\/ibero-starter-kylmapuristettu-pennunruoka-ankka-kalkkuna-3kg\/","og_site_name":"MiuMjau","article_publisher":"https:\/\/www.facebook.com\/miumjaupood\/","article_modified_time":"2026-01-07T20:49:38+00:00","og_image":[{"width":600,"height":800,"url":"https:\/\/miumjau.ee\/wp-content\/uploads\/2025\/07\/ibero-koer-kulmpressitud-starter-3kg.jpg","type":"image\/jpeg"}],"twitter_card":"summary_large_image","schema":{"@context":"https:\/\/schema.org","@graph":[{"@type":"WebPage","@id":"https:\/\/miumjau.ee\/fi\/tuote\/ibero-starter-kylmapuristettu-pennunruoka-ankka-kalkkuna-3kg\/","url":"https:\/\/miumjau.ee\/fi\/tuote\/ibero-starter-kylmapuristettu-pennunruoka-ankka-kalkkuna-3kg\/","name":"Ibero Starter Kylm\u00e4puristettu Pennunruoka, Ankka & Kalkkuna 3kg - MiuMjau","isPartOf":{"@id":"https:\/\/miumjau.ee\/#website"},"primaryImageOfPage":{"@id":"https:\/\/miumjau.ee\/fi\/tuote\/ibero-starter-kylmapuristettu-pennunruoka-ankka-kalkkuna-3kg\/#primaryimage"},"image":{"@id":"https:\/\/miumjau.ee\/fi\/tuote\/ibero-starter-kylmapuristettu-pennunruoka-ankka-kalkkuna-3kg\/#primaryimage"},"thumbnailUrl":"https:\/\/miumjau.ee\/wp-content\/uploads\/2025\/07\/ibero-koer-kulmpressitud-starter-3kg.jpg","datePublished":"2025-07-22T20:55:21+00:00","dateModified":"2026-01-07T20:49:38+00:00","breadcrumb":{"@id":"https:\/\/miumjau.ee\/fi\/tuote\/ibero-starter-kylmapuristettu-pennunruoka-ankka-kalkkuna-3kg\/#breadcrumb"},"inLanguage":"fi","potentialAction":[{"@type":"ReadAction","target":["https:\/\/miumjau.ee\/fi\/tuote\/ibero-starter-kylmapuristettu-pennunruoka-ankka-kalkkuna-3kg\/"]}]},{"@type":"ImageObject","inLanguage":"fi","@id":"https:\/\/miumjau.ee\/fi\/tuote\/ibero-starter-kylmapuristettu-pennunruoka-ankka-kalkkuna-3kg\/#primaryimage","url":"https:\/\/miumjau.ee\/wp-content\/uploads\/2025\/07\/ibero-koer-kulmpressitud-starter-3kg.jpg","contentUrl":"https:\/\/miumjau.ee\/wp-content\/uploads\/2025\/07\/ibero-koer-kulmpressitud-starter-3kg.jpg","width":600,"height":800,"caption":"K\u00fclmpressitud toit kutsikatele Ibero Starter, part ja kalkun 3kg"},{"@type":"BreadcrumbList","@id":"https:\/\/miumjau.ee\/fi\/tuote\/ibero-starter-kylmapuristettu-pennunruoka-ankka-kalkkuna-3kg\/#breadcrumb","itemListElement":[{"@type":"ListItem","position":1,"name":"Home","item":"https:\/\/miumjau.ee\/fi\/"},{"@type":"ListItem","position":2,"name":"Kauppa","item":"https:\/\/miumjau.ee\/fi\/kauppa\/"},{"@type":"ListItem","position":3,"name":"Ibero Starter Kylm\u00e4puristettu Pennunruoka, Ankka &#038; Kalkkuna 3kg"}]},{"@type":"WebSite","@id":"https:\/\/miumjau.ee\/#website","url":"https:\/\/miumjau.ee\/","name":"MiuMjau","description":"Kraapimispuud kassidele","publisher":{"@id":"https:\/\/miumjau.ee\/#organization"},"potentialAction":[{"@type":"SearchAction","target":{"@type":"EntryPoint","urlTemplate":"https:\/\/miumjau.ee\/?s={search_term_string}"},"query-input":{"@type":"PropertyValueSpecification","valueRequired":true,"valueName":"search_term_string"}}],"inLanguage":"fi"},{"@type":"Organization","@id":"https:\/\/miumjau.ee\/#organization","name":"MiuMjau O\u00dc","url":"https:\/\/miumjau.ee\/","logo":{"@type":"ImageObject","inLanguage":"fi","@id":"https:\/\/miumjau.ee\/#\/schema\/logo\/image\/","url":"https:\/\/miumjau.ee\/wp-content\/uploads\/2022\/04\/MiuMjau-logo-kollane.png","contentUrl":"https:\/\/miumjau.ee\/wp-content\/uploads\/2022\/04\/MiuMjau-logo-kollane.png","width":219,"height":100,"caption":"MiuMjau O\u00dc"},"image":{"@id":"https:\/\/miumjau.ee\/#\/schema\/logo\/image\/"},"sameAs":["https:\/\/www.facebook.com\/miumjaupood\/"]}]}},"_links":{"self":[{"href":"https:\/\/miumjau.ee\/fi\/wp-json\/wp\/v2\/product\/38940","targetHints":{"allow":["GET"]}}],"collection":[{"href":"https:\/\/miumjau.ee\/fi\/wp-json\/wp\/v2\/product"}],"about":[{"href":"https:\/\/miumjau.ee\/fi\/wp-json\/wp\/v2\/types\/product"}],"wp:featuredmedia":[{"embeddable":true,"href":"https:\/\/miumjau.ee\/fi\/wp-json\/wp\/v2\/media\/37981"}],"wp:attachment":[{"href":"https:\/\/miumjau.ee\/fi\/wp-json\/wp\/v2\/media?parent=38940"}],"wp:term":[{"taxonomy":"product_brand","embeddable":true,"href":"https:\/\/miumjau.ee\/fi\/wp-json\/wp\/v2\/product_brand?post=38940"},{"taxonomy":"product_cat","embeddable":true,"href":"https:\/\/miumjau.ee\/fi\/wp-json\/wp\/v2\/product_cat?post=38940"},{"taxonomy":"product_tag","embeddable":true,"href":"https:\/\/miumjau.ee\/fi\/wp-json\/wp\/v2\/product_tag?post=38940"}],"curies":[{"name":"wp","href":"https:\/\/api.w.org\/{rel}","templated":true}]}}