{"id":38930,"date":"2025-07-22T23:10:07","date_gmt":"2025-07-22T20:10:07","guid":{"rendered":"https:\/\/miumjau.ee\/toode\/ibero-natural-viljaton-all-breed-adult-hirvella-12kg\/"},"modified":"2026-01-07T22:49:38","modified_gmt":"2026-01-07T20:49:38","slug":"ibero-natural-viljaton-all-breed-adult-hirvella-12kg","status":"publish","type":"product","link":"https:\/\/miumjau.ee\/fi\/tuote\/ibero-natural-viljaton-all-breed-adult-hirvella-12kg\/","title":{"rendered":"Ibero Natural Viljaton All Breed Adult Hirvell\u00e4 12kg"},"content":{"rendered":"","protected":false},"excerpt":{"rendered":"<p data-start=\"2449\" data-end=\"2689\">T\u00e4ysravinto aikuisille koirille kaikista roduista ja kooista, joka erottuu viljattomalla koostumuksellaan. T\u00e4m\u00e4 ruokavalio on ihanteellinen koirille, joilla on herkk\u00e4 ruoansulatus tai vilja-allergia, tarjoten helposti sulavan vaihtoehdon.<\/p>\n<p data-start=\"2691\" data-end=\"2928\">P\u00e4\u00e4ainesosa on kuivattu hirvenliha, joka tarjoaa korkealaatuista proteiinia lihasmassan kasvuun ja yleiseen elinvoimaan. Bataatti ja kuivattu peruna antavat helposti omaksuttavaa energiaa, ja naudanrasva parantaa makua ja ravintoarvoa.<\/p>\n<p data-start=\"2930\" data-end=\"3260\">Ruoansulatuskanavan terveyden ja turkin laadun tukemiseksi ruokaan on lis\u00e4tty kurpitsaa, porkkanaa ja pellavansiemeni\u00e4, jotka ovat kuidun ja omega-3-rasvahappojen l\u00e4hteit\u00e4. Lis\u00e4aineet kuten sikuriuute, beetaglukaanit, glukosamiini ja kondroitiinisulfaatti tukevat nivelten terveytt\u00e4, immuunij\u00e4rjestelm\u00e4\u00e4 ja yleist\u00e4 hyvinvointia.<\/p>\n<p data-start=\"3262\" data-end=\"3408\">Tasapainoinen vitamiinien (A, D3, E, B-ryhm\u00e4) ja mineraalien (sinkki, rauta, seleeni) yhdistelm\u00e4 takaa pitk\u00e4n aikav\u00e4lin terveyden ja elinvoiman.<\/p>\n<p data-start=\"3410\" data-end=\"3451\"><strong data-start=\"3410\" data-end=\"3436\">Metaboloituva energia:<\/strong> 3790 kcal\/kg<\/p>\n<p data-start=\"3453\" data-end=\"3715\"><strong data-start=\"3453\" data-end=\"3467\">Ainesosat:<\/strong> Kuivattu hirveliha 35 %, bataatti, kuivattu peruna, naudanrasva 15 %, kuivattu kurpitsa 2 %, kuivattu porkkana 1,2 %, pellavansiemenet, sikuriuute, yucca, beetaglukaanit, glukosamiini, kondroitiinisulfaatti, vitamiini- ja kivenn\u00e4isaineiden seos.<\/p>\n<p data-start=\"3717\" data-end=\"3885\"><strong data-start=\"3717\" data-end=\"3740\">Analysoidut aineet:<\/strong> Raakaproteiini 25,0 %, raakarasva 14,0 %, raakakuitu 3,2 %, raakatuhka 7,9 %, kalsium 1,1 %, fosfori 0,85 %, natrium 0,15 %, kosteus max 10 %.<\/p>\n<p data-start=\"3887\" data-end=\"4338\"><strong data-start=\"3887\" data-end=\"3910\">Lis\u00e4aineet (mg\/kg):<\/strong><br data-start=\"3910\" data-end=\"3913\" \/>Vitamiinit: A 16 300 IU, D3 1 620 IU, E 160 mg, B1 4,8 mg, B2 8 mg, B6 6,4 mg, B12 0,07 mg, Niasiini 40 mg, Pantoteenihappo 16 mg, Foolihappo 0,64 mg, Biotiini 0,4 mg, C 160 mg<br data-start=\"4089\" data-end=\"4092\" \/>Mineraalit: Jodi 4 mg, Seleeni 0,35 mg, Rauta 96 mg, Kupari 12 mg, Sinkki 120 mg, Mangaani 12 mg<br data-start=\"4188\" data-end=\"4191\" \/>Muut: Koliinikloridi 1 728 mg, Glukosamiini 400 mg\/kg, Kondroitiinisulfaatti 350 mg\/kg<br data-start=\"4277\" data-end=\"4280\" \/>Antioksidantit: Kasvi\u00f6ljyuutteet, runsaasti tokoferoleja<\/p>\n<p data-start=\"4340\" data-end=\"4780\"><strong data-start=\"4340\" data-end=\"4363\">Ruokintaohje (24h):<\/strong> 3 kg \u2013 60 g, 5 kg \u2013 80 g, 7 kg \u2013 110 g, 10 kg \u2013 140 g, 15 kg \u2013 180 g, 20 kg \u2013 230 g, 25 kg \u2013 270 g, 30 kg \u2013 320 g, 35 kg \u2013 360 g, 40 kg \u2013 390 g, 45 kg \u2013 440 g, 50 kg \u2013 480 g, 60 kg \u2013 570 g. Tarjoile kuivana. Sopeutumisen j\u00e4lkeen anna p\u00e4iv\u00e4annos koiran painon mukaan. Suuntaa-antavia m\u00e4\u00e4ri\u00e4. V\u00e4henn\u00e4 10 % ylipainoiselle, lis\u00e4\u00e4 10 % alipainoiselle. Tarjoa aina raikasta vett\u00e4. S\u00e4ilyt\u00e4 viile\u00e4ss\u00e4 ja pime\u00e4ss\u00e4 paikassa.<\/p>\n","protected":false},"featured_media":37940,"template":"","meta":[],"product_brand":[],"product_cat":[139,478],"product_tag":[],"class_list":{"0":"post-38930","1":"product","2":"type-product","3":"status-publish","4":"has-post-thumbnail","6":"product_cat-kaup24-fi","7":"product_cat-kuivaruoka-koirille","9":"first","10":"instock","11":"sale","12":"taxable","13":"shipping-taxable","14":"purchasable","15":"product-type-simple"},"yoast_head":"<!-- This site is optimized with the Yoast SEO plugin v27.4 - https:\/\/yoast.com\/product\/yoast-seo-wordpress\/ -->\n<title>Ibero Natural Viljaton All Breed Adult Hirvell\u00e4 12kg - MiuMjau<\/title>\n<meta name=\"robots\" content=\"index, follow, max-snippet:-1, max-image-preview:large, max-video-preview:-1\" \/>\n<link rel=\"canonical\" href=\"https:\/\/miumjau.ee\/fi\/tuote\/ibero-natural-viljaton-all-breed-adult-hirvella-12kg\/\" \/>\n<meta property=\"og:locale\" content=\"fi_FI\" \/>\n<meta property=\"og:type\" content=\"article\" \/>\n<meta property=\"og:title\" content=\"Ibero Natural Viljaton All Breed Adult Hirvell\u00e4 12kg - MiuMjau\" \/>\n<meta property=\"og:description\" content=\"T\u00e4ysravinto aikuisille koirille kaikista roduista ja kooista, joka erottuu viljattomalla koostumuksellaan. T\u00e4m\u00e4 ruokavalio on ihanteellinen koirille, joilla on herkk\u00e4 ruoansulatus tai vilja-allergia, tarjoten helposti sulavan vaihtoehdon. P\u00e4\u00e4ainesosa on kuivattu hirvenliha, joka tarjoaa korkealaatuista proteiinia lihasmassan kasvuun ja yleiseen elinvoimaan. Bataatti ja kuivattu peruna antavat helposti omaksuttavaa energiaa, ja naudanrasva parantaa makua ja ravintoarvoa. Ruoansulatuskanavan terveyden ja turkin laadun tukemiseksi ruokaan on lis\u00e4tty kurpitsaa, porkkanaa ja pellavansiemeni\u00e4, jotka ovat kuidun ja omega-3-rasvahappojen l\u00e4hteit\u00e4. Lis\u00e4aineet kuten sikuriuute, beetaglukaanit, glukosamiini ja kondroitiinisulfaatti tukevat nivelten terveytt\u00e4, immuunij\u00e4rjestelm\u00e4\u00e4 ja yleist\u00e4 hyvinvointia. Tasapainoinen vitamiinien (A, D3, E, B-ryhm\u00e4) ja mineraalien (sinkki, rauta, seleeni) yhdistelm\u00e4 takaa pitk\u00e4n aikav\u00e4lin terveyden ja elinvoiman. Metaboloituva energia: 3790 kcal\/kg Ainesosat: Kuivattu hirveliha 35 %, bataatti, kuivattu peruna, naudanrasva 15 %, kuivattu kurpitsa 2 %, kuivattu porkkana 1,2 %, pellavansiemenet, sikuriuute, yucca, beetaglukaanit, glukosamiini, kondroitiinisulfaatti, vitamiini- ja kivenn\u00e4isaineiden seos. Analysoidut aineet: Raakaproteiini 25,0 %, raakarasva 14,0 %, raakakuitu 3,2 %, raakatuhka 7,9 %, kalsium 1,1 %, fosfori 0,85 %, natrium 0,15 %, kosteus max 10 %. Lis\u00e4aineet (mg\/kg):Vitamiinit: A 16 300 IU, D3 1 620 IU, E 160 mg, B1 4,8 mg, B2 8 mg, B6 6,4 mg, B12 0,07 mg, Niasiini 40 mg, Pantoteenihappo 16 mg, Foolihappo 0,64 mg, Biotiini 0,4 mg, C 160 mgMineraalit: Jodi 4 mg, Seleeni 0,35 mg, Rauta 96 mg, Kupari 12 mg, Sinkki 120 mg, Mangaani 12 mgMuut: Koliinikloridi 1 728 mg, Glukosamiini 400 mg\/kg, Kondroitiinisulfaatti 350 mg\/kgAntioksidantit: Kasvi\u00f6ljyuutteet, runsaasti tokoferoleja Ruokintaohje (24h): 3 kg \u2013 60 g, 5 kg \u2013 80 g, 7 kg \u2013 110 g, 10 kg \u2013 140 g, 15 kg \u2013 180 g, 20 kg \u2013 230 g, 25 kg \u2013 270 g, 30 kg \u2013 320 g, 35 kg \u2013 360 g, 40 kg \u2013 390 g, 45 kg \u2013 440 g, 50 kg \u2013 480 g, 60 kg \u2013 570 g. Tarjoile kuivana. Sopeutumisen j\u00e4lkeen anna p\u00e4iv\u00e4annos koiran painon mukaan. Suuntaa-antavia m\u00e4\u00e4ri\u00e4. V\u00e4henn\u00e4 10 % ylipainoiselle, lis\u00e4\u00e4 10 % alipainoiselle. Tarjoa aina raikasta vett\u00e4. S\u00e4ilyt\u00e4 viile\u00e4ss\u00e4 ja pime\u00e4ss\u00e4 paikassa.\" \/>\n<meta property=\"og:url\" content=\"https:\/\/miumjau.ee\/fi\/tuote\/ibero-natural-viljaton-all-breed-adult-hirvella-12kg\/\" \/>\n<meta property=\"og:site_name\" content=\"MiuMjau\" \/>\n<meta property=\"article:publisher\" content=\"https:\/\/www.facebook.com\/miumjaupood\/\" \/>\n<meta property=\"article:modified_time\" content=\"2026-01-07T20:49:38+00:00\" \/>\n<meta property=\"og:image\" content=\"https:\/\/miumjau.ee\/wp-content\/uploads\/2025\/07\/ibero-teraviljavaba-allbreed-adult-hirv.jpg\" \/>\n\t<meta property=\"og:image:width\" content=\"600\" \/>\n\t<meta property=\"og:image:height\" content=\"800\" \/>\n\t<meta property=\"og:image:type\" content=\"image\/jpeg\" \/>\n<meta name=\"twitter:card\" content=\"summary_large_image\" \/>\n<script type=\"application\/ld+json\" class=\"yoast-schema-graph\">{\"@context\":\"https:\\\/\\\/schema.org\",\"@graph\":[{\"@type\":\"WebPage\",\"@id\":\"https:\\\/\\\/miumjau.ee\\\/fi\\\/tuote\\\/ibero-natural-viljaton-all-breed-adult-hirvella-12kg\\\/\",\"url\":\"https:\\\/\\\/miumjau.ee\\\/fi\\\/tuote\\\/ibero-natural-viljaton-all-breed-adult-hirvella-12kg\\\/\",\"name\":\"Ibero Natural Viljaton All Breed Adult Hirvell\u00e4 12kg - MiuMjau\",\"isPartOf\":{\"@id\":\"https:\\\/\\\/miumjau.ee\\\/#website\"},\"primaryImageOfPage\":{\"@id\":\"https:\\\/\\\/miumjau.ee\\\/fi\\\/tuote\\\/ibero-natural-viljaton-all-breed-adult-hirvella-12kg\\\/#primaryimage\"},\"image\":{\"@id\":\"https:\\\/\\\/miumjau.ee\\\/fi\\\/tuote\\\/ibero-natural-viljaton-all-breed-adult-hirvella-12kg\\\/#primaryimage\"},\"thumbnailUrl\":\"https:\\\/\\\/miumjau.ee\\\/wp-content\\\/uploads\\\/2025\\\/07\\\/ibero-teraviljavaba-allbreed-adult-hirv.jpg\",\"datePublished\":\"2025-07-22T20:10:07+00:00\",\"dateModified\":\"2026-01-07T20:49:38+00:00\",\"breadcrumb\":{\"@id\":\"https:\\\/\\\/miumjau.ee\\\/fi\\\/tuote\\\/ibero-natural-viljaton-all-breed-adult-hirvella-12kg\\\/#breadcrumb\"},\"inLanguage\":\"fi\",\"potentialAction\":[{\"@type\":\"ReadAction\",\"target\":[\"https:\\\/\\\/miumjau.ee\\\/fi\\\/tuote\\\/ibero-natural-viljaton-all-breed-adult-hirvella-12kg\\\/\"]}]},{\"@type\":\"ImageObject\",\"inLanguage\":\"fi\",\"@id\":\"https:\\\/\\\/miumjau.ee\\\/fi\\\/tuote\\\/ibero-natural-viljaton-all-breed-adult-hirvella-12kg\\\/#primaryimage\",\"url\":\"https:\\\/\\\/miumjau.ee\\\/wp-content\\\/uploads\\\/2025\\\/07\\\/ibero-teraviljavaba-allbreed-adult-hirv.jpg\",\"contentUrl\":\"https:\\\/\\\/miumjau.ee\\\/wp-content\\\/uploads\\\/2025\\\/07\\\/ibero-teraviljavaba-allbreed-adult-hirv.jpg\",\"width\":600,\"height\":800,\"caption\":\"Ibero Natural teraviljavaba, All Breed Adult hirvega 12kg\"},{\"@type\":\"BreadcrumbList\",\"@id\":\"https:\\\/\\\/miumjau.ee\\\/fi\\\/tuote\\\/ibero-natural-viljaton-all-breed-adult-hirvella-12kg\\\/#breadcrumb\",\"itemListElement\":[{\"@type\":\"ListItem\",\"position\":1,\"name\":\"Home\",\"item\":\"https:\\\/\\\/miumjau.ee\\\/fi\\\/\"},{\"@type\":\"ListItem\",\"position\":2,\"name\":\"Kauppa\",\"item\":\"https:\\\/\\\/miumjau.ee\\\/fi\\\/kauppa\\\/\"},{\"@type\":\"ListItem\",\"position\":3,\"name\":\"Ibero Natural Viljaton All Breed Adult Hirvell\u00e4 12kg\"}]},{\"@type\":\"WebSite\",\"@id\":\"https:\\\/\\\/miumjau.ee\\\/#website\",\"url\":\"https:\\\/\\\/miumjau.ee\\\/\",\"name\":\"MiuMjau\",\"description\":\"Kraapimispuud kassidele\",\"publisher\":{\"@id\":\"https:\\\/\\\/miumjau.ee\\\/#organization\"},\"potentialAction\":[{\"@type\":\"SearchAction\",\"target\":{\"@type\":\"EntryPoint\",\"urlTemplate\":\"https:\\\/\\\/miumjau.ee\\\/?s={search_term_string}\"},\"query-input\":{\"@type\":\"PropertyValueSpecification\",\"valueRequired\":true,\"valueName\":\"search_term_string\"}}],\"inLanguage\":\"fi\"},{\"@type\":\"Organization\",\"@id\":\"https:\\\/\\\/miumjau.ee\\\/#organization\",\"name\":\"MiuMjau O\u00dc\",\"url\":\"https:\\\/\\\/miumjau.ee\\\/\",\"logo\":{\"@type\":\"ImageObject\",\"inLanguage\":\"fi\",\"@id\":\"https:\\\/\\\/miumjau.ee\\\/#\\\/schema\\\/logo\\\/image\\\/\",\"url\":\"https:\\\/\\\/miumjau.ee\\\/wp-content\\\/uploads\\\/2022\\\/04\\\/MiuMjau-logo-kollane.png\",\"contentUrl\":\"https:\\\/\\\/miumjau.ee\\\/wp-content\\\/uploads\\\/2022\\\/04\\\/MiuMjau-logo-kollane.png\",\"width\":219,\"height\":100,\"caption\":\"MiuMjau O\u00dc\"},\"image\":{\"@id\":\"https:\\\/\\\/miumjau.ee\\\/#\\\/schema\\\/logo\\\/image\\\/\"},\"sameAs\":[\"https:\\\/\\\/www.facebook.com\\\/miumjaupood\\\/\"]}]}<\/script>\n<!-- \/ Yoast SEO plugin. -->","yoast_head_json":{"title":"Ibero Natural Viljaton All Breed Adult Hirvell\u00e4 12kg - MiuMjau","robots":{"index":"index","follow":"follow","max-snippet":"max-snippet:-1","max-image-preview":"max-image-preview:large","max-video-preview":"max-video-preview:-1"},"canonical":"https:\/\/miumjau.ee\/fi\/tuote\/ibero-natural-viljaton-all-breed-adult-hirvella-12kg\/","og_locale":"fi_FI","og_type":"article","og_title":"Ibero Natural Viljaton All Breed Adult Hirvell\u00e4 12kg - MiuMjau","og_description":"T\u00e4ysravinto aikuisille koirille kaikista roduista ja kooista, joka erottuu viljattomalla koostumuksellaan. T\u00e4m\u00e4 ruokavalio on ihanteellinen koirille, joilla on herkk\u00e4 ruoansulatus tai vilja-allergia, tarjoten helposti sulavan vaihtoehdon. P\u00e4\u00e4ainesosa on kuivattu hirvenliha, joka tarjoaa korkealaatuista proteiinia lihasmassan kasvuun ja yleiseen elinvoimaan. Bataatti ja kuivattu peruna antavat helposti omaksuttavaa energiaa, ja naudanrasva parantaa makua ja ravintoarvoa. Ruoansulatuskanavan terveyden ja turkin laadun tukemiseksi ruokaan on lis\u00e4tty kurpitsaa, porkkanaa ja pellavansiemeni\u00e4, jotka ovat kuidun ja omega-3-rasvahappojen l\u00e4hteit\u00e4. Lis\u00e4aineet kuten sikuriuute, beetaglukaanit, glukosamiini ja kondroitiinisulfaatti tukevat nivelten terveytt\u00e4, immuunij\u00e4rjestelm\u00e4\u00e4 ja yleist\u00e4 hyvinvointia. Tasapainoinen vitamiinien (A, D3, E, B-ryhm\u00e4) ja mineraalien (sinkki, rauta, seleeni) yhdistelm\u00e4 takaa pitk\u00e4n aikav\u00e4lin terveyden ja elinvoiman. Metaboloituva energia: 3790 kcal\/kg Ainesosat: Kuivattu hirveliha 35 %, bataatti, kuivattu peruna, naudanrasva 15 %, kuivattu kurpitsa 2 %, kuivattu porkkana 1,2 %, pellavansiemenet, sikuriuute, yucca, beetaglukaanit, glukosamiini, kondroitiinisulfaatti, vitamiini- ja kivenn\u00e4isaineiden seos. Analysoidut aineet: Raakaproteiini 25,0 %, raakarasva 14,0 %, raakakuitu 3,2 %, raakatuhka 7,9 %, kalsium 1,1 %, fosfori 0,85 %, natrium 0,15 %, kosteus max 10 %. Lis\u00e4aineet (mg\/kg):Vitamiinit: A 16 300 IU, D3 1 620 IU, E 160 mg, B1 4,8 mg, B2 8 mg, B6 6,4 mg, B12 0,07 mg, Niasiini 40 mg, Pantoteenihappo 16 mg, Foolihappo 0,64 mg, Biotiini 0,4 mg, C 160 mgMineraalit: Jodi 4 mg, Seleeni 0,35 mg, Rauta 96 mg, Kupari 12 mg, Sinkki 120 mg, Mangaani 12 mgMuut: Koliinikloridi 1 728 mg, Glukosamiini 400 mg\/kg, Kondroitiinisulfaatti 350 mg\/kgAntioksidantit: Kasvi\u00f6ljyuutteet, runsaasti tokoferoleja Ruokintaohje (24h): 3 kg \u2013 60 g, 5 kg \u2013 80 g, 7 kg \u2013 110 g, 10 kg \u2013 140 g, 15 kg \u2013 180 g, 20 kg \u2013 230 g, 25 kg \u2013 270 g, 30 kg \u2013 320 g, 35 kg \u2013 360 g, 40 kg \u2013 390 g, 45 kg \u2013 440 g, 50 kg \u2013 480 g, 60 kg \u2013 570 g. Tarjoile kuivana. Sopeutumisen j\u00e4lkeen anna p\u00e4iv\u00e4annos koiran painon mukaan. Suuntaa-antavia m\u00e4\u00e4ri\u00e4. V\u00e4henn\u00e4 10 % ylipainoiselle, lis\u00e4\u00e4 10 % alipainoiselle. Tarjoa aina raikasta vett\u00e4. S\u00e4ilyt\u00e4 viile\u00e4ss\u00e4 ja pime\u00e4ss\u00e4 paikassa.","og_url":"https:\/\/miumjau.ee\/fi\/tuote\/ibero-natural-viljaton-all-breed-adult-hirvella-12kg\/","og_site_name":"MiuMjau","article_publisher":"https:\/\/www.facebook.com\/miumjaupood\/","article_modified_time":"2026-01-07T20:49:38+00:00","og_image":[{"width":600,"height":800,"url":"https:\/\/miumjau.ee\/wp-content\/uploads\/2025\/07\/ibero-teraviljavaba-allbreed-adult-hirv.jpg","type":"image\/jpeg"}],"twitter_card":"summary_large_image","schema":{"@context":"https:\/\/schema.org","@graph":[{"@type":"WebPage","@id":"https:\/\/miumjau.ee\/fi\/tuote\/ibero-natural-viljaton-all-breed-adult-hirvella-12kg\/","url":"https:\/\/miumjau.ee\/fi\/tuote\/ibero-natural-viljaton-all-breed-adult-hirvella-12kg\/","name":"Ibero Natural Viljaton All Breed Adult Hirvell\u00e4 12kg - MiuMjau","isPartOf":{"@id":"https:\/\/miumjau.ee\/#website"},"primaryImageOfPage":{"@id":"https:\/\/miumjau.ee\/fi\/tuote\/ibero-natural-viljaton-all-breed-adult-hirvella-12kg\/#primaryimage"},"image":{"@id":"https:\/\/miumjau.ee\/fi\/tuote\/ibero-natural-viljaton-all-breed-adult-hirvella-12kg\/#primaryimage"},"thumbnailUrl":"https:\/\/miumjau.ee\/wp-content\/uploads\/2025\/07\/ibero-teraviljavaba-allbreed-adult-hirv.jpg","datePublished":"2025-07-22T20:10:07+00:00","dateModified":"2026-01-07T20:49:38+00:00","breadcrumb":{"@id":"https:\/\/miumjau.ee\/fi\/tuote\/ibero-natural-viljaton-all-breed-adult-hirvella-12kg\/#breadcrumb"},"inLanguage":"fi","potentialAction":[{"@type":"ReadAction","target":["https:\/\/miumjau.ee\/fi\/tuote\/ibero-natural-viljaton-all-breed-adult-hirvella-12kg\/"]}]},{"@type":"ImageObject","inLanguage":"fi","@id":"https:\/\/miumjau.ee\/fi\/tuote\/ibero-natural-viljaton-all-breed-adult-hirvella-12kg\/#primaryimage","url":"https:\/\/miumjau.ee\/wp-content\/uploads\/2025\/07\/ibero-teraviljavaba-allbreed-adult-hirv.jpg","contentUrl":"https:\/\/miumjau.ee\/wp-content\/uploads\/2025\/07\/ibero-teraviljavaba-allbreed-adult-hirv.jpg","width":600,"height":800,"caption":"Ibero Natural teraviljavaba, All Breed Adult hirvega 12kg"},{"@type":"BreadcrumbList","@id":"https:\/\/miumjau.ee\/fi\/tuote\/ibero-natural-viljaton-all-breed-adult-hirvella-12kg\/#breadcrumb","itemListElement":[{"@type":"ListItem","position":1,"name":"Home","item":"https:\/\/miumjau.ee\/fi\/"},{"@type":"ListItem","position":2,"name":"Kauppa","item":"https:\/\/miumjau.ee\/fi\/kauppa\/"},{"@type":"ListItem","position":3,"name":"Ibero Natural Viljaton All Breed Adult Hirvell\u00e4 12kg"}]},{"@type":"WebSite","@id":"https:\/\/miumjau.ee\/#website","url":"https:\/\/miumjau.ee\/","name":"MiuMjau","description":"Kraapimispuud kassidele","publisher":{"@id":"https:\/\/miumjau.ee\/#organization"},"potentialAction":[{"@type":"SearchAction","target":{"@type":"EntryPoint","urlTemplate":"https:\/\/miumjau.ee\/?s={search_term_string}"},"query-input":{"@type":"PropertyValueSpecification","valueRequired":true,"valueName":"search_term_string"}}],"inLanguage":"fi"},{"@type":"Organization","@id":"https:\/\/miumjau.ee\/#organization","name":"MiuMjau O\u00dc","url":"https:\/\/miumjau.ee\/","logo":{"@type":"ImageObject","inLanguage":"fi","@id":"https:\/\/miumjau.ee\/#\/schema\/logo\/image\/","url":"https:\/\/miumjau.ee\/wp-content\/uploads\/2022\/04\/MiuMjau-logo-kollane.png","contentUrl":"https:\/\/miumjau.ee\/wp-content\/uploads\/2022\/04\/MiuMjau-logo-kollane.png","width":219,"height":100,"caption":"MiuMjau O\u00dc"},"image":{"@id":"https:\/\/miumjau.ee\/#\/schema\/logo\/image\/"},"sameAs":["https:\/\/www.facebook.com\/miumjaupood\/"]}]}},"_links":{"self":[{"href":"https:\/\/miumjau.ee\/fi\/wp-json\/wp\/v2\/product\/38930","targetHints":{"allow":["GET"]}}],"collection":[{"href":"https:\/\/miumjau.ee\/fi\/wp-json\/wp\/v2\/product"}],"about":[{"href":"https:\/\/miumjau.ee\/fi\/wp-json\/wp\/v2\/types\/product"}],"wp:featuredmedia":[{"embeddable":true,"href":"https:\/\/miumjau.ee\/fi\/wp-json\/wp\/v2\/media\/37940"}],"wp:attachment":[{"href":"https:\/\/miumjau.ee\/fi\/wp-json\/wp\/v2\/media?parent=38930"}],"wp:term":[{"taxonomy":"product_brand","embeddable":true,"href":"https:\/\/miumjau.ee\/fi\/wp-json\/wp\/v2\/product_brand?post=38930"},{"taxonomy":"product_cat","embeddable":true,"href":"https:\/\/miumjau.ee\/fi\/wp-json\/wp\/v2\/product_cat?post=38930"},{"taxonomy":"product_tag","embeddable":true,"href":"https:\/\/miumjau.ee\/fi\/wp-json\/wp\/v2\/product_tag?post=38930"}],"curies":[{"name":"wp","href":"https:\/\/api.w.org\/{rel}","templated":true}]}}