{"id":38896,"date":"2025-07-22T20:27:26","date_gmt":"2025-07-22T17:27:26","guid":{"rendered":"https:\/\/miumjau.ee\/toode\/ibero-lohioljy-pumpulla-300-ml\/"},"modified":"2026-01-07T22:49:52","modified_gmt":"2026-01-07T20:49:52","slug":"ibero-lohioljy-pumpulla-300-ml","status":"publish","type":"product","link":"https:\/\/miumjau.ee\/fi\/tuote\/ibero-lohioljy-pumpulla-300-ml\/","title":{"rendered":"Ibero lohi\u00f6ljy pumpulla 300 ml"},"content":{"rendered":"","protected":false},"excerpt":{"rendered":"<p data-start=\"203\" data-end=\"371\">Ibero Natural Salmon Oil on hienolaatuinen \u00f6ljy, joka on valmistettu kylm\u00e4puristetusta, tuoreesta lohesta. Runsas Omega-3-rasvahappojen l\u00e4hde. Lohi\u00f6ljy\u00e4 suositellaan:<\/p>\n<ul data-start=\"372\" data-end=\"610\">\n<li data-start=\"372\" data-end=\"458\">\n<p data-start=\"374\" data-end=\"458\">Karvan ja ihon hyvinvointiin (ihottumat, kiilloton turkki, liiallinen karvanl\u00e4ht\u00f6)<\/p>\n<\/li>\n<li data-start=\"459\" data-end=\"518\">\n<p data-start=\"461\" data-end=\"518\">Syd\u00e4n- ja verenkiertoelimist\u00f6n optimaaliseen toimintaan<\/p>\n<\/li>\n<li data-start=\"519\" data-end=\"582\">\n<p data-start=\"521\" data-end=\"582\">Nivelongelmiin sen tulehdusta ehk\u00e4isev\u00e4n vaikutuksen vuoksi<\/p>\n<\/li>\n<li data-start=\"583\" data-end=\"610\">\n<p data-start=\"585\" data-end=\"610\">Ravintolis\u00e4ksi koirille<\/p>\n<\/li>\n<\/ul>\n<p data-start=\"612\" data-end=\"643\"><strong data-start=\"612\" data-end=\"626\">Koostumus:<\/strong> 100 % lohi\u00f6ljy<\/p>\n<p data-start=\"645\" data-end=\"859\"><strong data-start=\"645\" data-end=\"671\">Suositeltu p\u00e4iv\u00e4annos:<\/strong> Lohi\u00f6ljy\u00e4 voidaan antaa sellaisenaan tai sekoitettuna lemmikin p\u00e4ivitt\u00e4iseen ruokaan.<br data-start=\"757\" data-end=\"760\" \/>Annos pumpulla: 1 pumppaus = 1,5 ml.<br data-start=\"796\" data-end=\"799\" \/>Koirat \u2013 jokaista 3 painokiloa kohden 1,5 ml (1 pumppaus).<\/p>\n<p data-start=\"861\" data-end=\"1023\"><strong data-start=\"861\" data-end=\"874\">S\u00e4ilytys:<\/strong> S\u00e4ilyt\u00e4 avattuna j\u00e4\u00e4kaapissa tai huoneenl\u00e4mm\u00f6ss\u00e4 kuivassa paikassa. \u00c4l\u00e4 altista auringonvalolle. Pid\u00e4 poissa lasten ulottuvilta. Vain lemmikeille.<\/p>\n<p data-start=\"1025\" data-end=\"1099\"><strong data-start=\"1025\" data-end=\"1055\">Parasta ennen \/ er\u00e4numero:<\/strong> pakkausmerkinn\u00e4ss\u00e4.<br data-start=\"1075\" data-end=\"1078\" \/>Valmistettu EU:ssa.<\/p>\n","protected":false},"featured_media":37976,"template":"","meta":[],"product_brand":[],"product_cat":[869,139],"product_tag":[],"class_list":{"0":"post-38896","1":"product","2":"type-product","3":"status-publish","4":"has-post-thumbnail","6":"product_cat-ravintolisat-koirille","7":"product_cat-kaup24-fi","9":"first","10":"instock","11":"sale","12":"taxable","13":"shipping-taxable","14":"purchasable","15":"product-type-simple"},"yoast_head":"<!-- This site is optimized with the Yoast SEO plugin v27.2 - https:\/\/yoast.com\/product\/yoast-seo-wordpress\/ -->\n<title>Ibero lohi\u00f6ljy pumpulla 300 ml - MiuMjau<\/title>\n<meta name=\"robots\" content=\"index, follow, max-snippet:-1, max-image-preview:large, max-video-preview:-1\" \/>\n<link rel=\"canonical\" href=\"https:\/\/miumjau.ee\/fi\/tuote\/ibero-lohioljy-pumpulla-300-ml\/\" \/>\n<meta property=\"og:locale\" content=\"fi_FI\" \/>\n<meta property=\"og:type\" content=\"article\" \/>\n<meta property=\"og:title\" content=\"Ibero lohi\u00f6ljy pumpulla 300 ml - MiuMjau\" \/>\n<meta property=\"og:description\" content=\"Ibero Natural Salmon Oil on hienolaatuinen \u00f6ljy, joka on valmistettu kylm\u00e4puristetusta, tuoreesta lohesta. Runsas Omega-3-rasvahappojen l\u00e4hde. Lohi\u00f6ljy\u00e4 suositellaan:     Karvan ja ihon hyvinvointiin (ihottumat, kiilloton turkki, liiallinen karvanl\u00e4ht\u00f6)    Syd\u00e4n- ja verenkiertoelimist\u00f6n optimaaliseen toimintaan    Nivelongelmiin sen tulehdusta ehk\u00e4isev\u00e4n vaikutuksen vuoksi    Ravintolis\u00e4ksi koirille   Koostumus: 100 % lohi\u00f6ljy Suositeltu p\u00e4iv\u00e4annos: Lohi\u00f6ljy\u00e4 voidaan antaa sellaisenaan tai sekoitettuna lemmikin p\u00e4ivitt\u00e4iseen ruokaan.Annos pumpulla: 1 pumppaus = 1,5 ml.Koirat \u2013 jokaista 3 painokiloa kohden 1,5 ml (1 pumppaus). S\u00e4ilytys: S\u00e4ilyt\u00e4 avattuna j\u00e4\u00e4kaapissa tai huoneenl\u00e4mm\u00f6ss\u00e4 kuivassa paikassa. \u00c4l\u00e4 altista auringonvalolle. Pid\u00e4 poissa lasten ulottuvilta. Vain lemmikeille. Parasta ennen \/ er\u00e4numero: pakkausmerkinn\u00e4ss\u00e4.Valmistettu EU:ssa.\" \/>\n<meta property=\"og:url\" content=\"https:\/\/miumjau.ee\/fi\/tuote\/ibero-lohioljy-pumpulla-300-ml\/\" \/>\n<meta property=\"og:site_name\" content=\"MiuMjau\" \/>\n<meta property=\"article:publisher\" content=\"https:\/\/www.facebook.com\/miumjaupood\/\" \/>\n<meta property=\"article:modified_time\" content=\"2026-01-07T20:49:52+00:00\" \/>\n<meta property=\"og:image\" content=\"https:\/\/miumjau.ee\/wp-content\/uploads\/2025\/07\/ibero-loheoli.jpg\" \/>\n\t<meta property=\"og:image:width\" content=\"600\" \/>\n\t<meta property=\"og:image:height\" content=\"800\" \/>\n\t<meta property=\"og:image:type\" content=\"image\/jpeg\" \/>\n<meta name=\"twitter:card\" content=\"summary_large_image\" \/>\n<script type=\"application\/ld+json\" class=\"yoast-schema-graph\">{\"@context\":\"https:\/\/schema.org\",\"@graph\":[{\"@type\":\"WebPage\",\"@id\":\"https:\/\/miumjau.ee\/fi\/tuote\/ibero-lohioljy-pumpulla-300-ml\/\",\"url\":\"https:\/\/miumjau.ee\/fi\/tuote\/ibero-lohioljy-pumpulla-300-ml\/\",\"name\":\"Ibero lohi\u00f6ljy pumpulla 300 ml - MiuMjau\",\"isPartOf\":{\"@id\":\"https:\/\/miumjau.ee\/#website\"},\"primaryImageOfPage\":{\"@id\":\"https:\/\/miumjau.ee\/fi\/tuote\/ibero-lohioljy-pumpulla-300-ml\/#primaryimage\"},\"image\":{\"@id\":\"https:\/\/miumjau.ee\/fi\/tuote\/ibero-lohioljy-pumpulla-300-ml\/#primaryimage\"},\"thumbnailUrl\":\"https:\/\/miumjau.ee\/wp-content\/uploads\/2025\/07\/ibero-loheoli.jpg\",\"datePublished\":\"2025-07-22T17:27:26+00:00\",\"dateModified\":\"2026-01-07T20:49:52+00:00\",\"breadcrumb\":{\"@id\":\"https:\/\/miumjau.ee\/fi\/tuote\/ibero-lohioljy-pumpulla-300-ml\/#breadcrumb\"},\"inLanguage\":\"fi\",\"potentialAction\":[{\"@type\":\"ReadAction\",\"target\":[\"https:\/\/miumjau.ee\/fi\/tuote\/ibero-lohioljy-pumpulla-300-ml\/\"]}]},{\"@type\":\"ImageObject\",\"inLanguage\":\"fi\",\"@id\":\"https:\/\/miumjau.ee\/fi\/tuote\/ibero-lohioljy-pumpulla-300-ml\/#primaryimage\",\"url\":\"https:\/\/miumjau.ee\/wp-content\/uploads\/2025\/07\/ibero-loheoli.jpg\",\"contentUrl\":\"https:\/\/miumjau.ee\/wp-content\/uploads\/2025\/07\/ibero-loheoli.jpg\",\"width\":600,\"height\":800,\"caption\":\"Ibero l\u00f5he\u00f5li koos pumbaga 300ml\"},{\"@type\":\"BreadcrumbList\",\"@id\":\"https:\/\/miumjau.ee\/fi\/tuote\/ibero-lohioljy-pumpulla-300-ml\/#breadcrumb\",\"itemListElement\":[{\"@type\":\"ListItem\",\"position\":1,\"name\":\"Home\",\"item\":\"https:\/\/miumjau.ee\/fi\/\"},{\"@type\":\"ListItem\",\"position\":2,\"name\":\"Kauppa\",\"item\":\"https:\/\/miumjau.ee\/fi\/kauppa\/\"},{\"@type\":\"ListItem\",\"position\":3,\"name\":\"Ibero lohi\u00f6ljy pumpulla 300 ml\"}]},{\"@type\":\"WebSite\",\"@id\":\"https:\/\/miumjau.ee\/#website\",\"url\":\"https:\/\/miumjau.ee\/\",\"name\":\"MiuMjau\",\"description\":\"Kraapimispuud kassidele\",\"publisher\":{\"@id\":\"https:\/\/miumjau.ee\/#organization\"},\"potentialAction\":[{\"@type\":\"SearchAction\",\"target\":{\"@type\":\"EntryPoint\",\"urlTemplate\":\"https:\/\/miumjau.ee\/?s={search_term_string}\"},\"query-input\":{\"@type\":\"PropertyValueSpecification\",\"valueRequired\":true,\"valueName\":\"search_term_string\"}}],\"inLanguage\":\"fi\"},{\"@type\":\"Organization\",\"@id\":\"https:\/\/miumjau.ee\/#organization\",\"name\":\"MiuMjau O\u00dc\",\"url\":\"https:\/\/miumjau.ee\/\",\"logo\":{\"@type\":\"ImageObject\",\"inLanguage\":\"fi\",\"@id\":\"https:\/\/miumjau.ee\/#\/schema\/logo\/image\/\",\"url\":\"https:\/\/miumjau.ee\/wp-content\/uploads\/2022\/04\/MiuMjau-logo-kollane.png\",\"contentUrl\":\"https:\/\/miumjau.ee\/wp-content\/uploads\/2022\/04\/MiuMjau-logo-kollane.png\",\"width\":219,\"height\":100,\"caption\":\"MiuMjau O\u00dc\"},\"image\":{\"@id\":\"https:\/\/miumjau.ee\/#\/schema\/logo\/image\/\"},\"sameAs\":[\"https:\/\/www.facebook.com\/miumjaupood\/\"]}]}<\/script>\n<!-- \/ Yoast SEO plugin. -->","yoast_head_json":{"title":"Ibero lohi\u00f6ljy pumpulla 300 ml - MiuMjau","robots":{"index":"index","follow":"follow","max-snippet":"max-snippet:-1","max-image-preview":"max-image-preview:large","max-video-preview":"max-video-preview:-1"},"canonical":"https:\/\/miumjau.ee\/fi\/tuote\/ibero-lohioljy-pumpulla-300-ml\/","og_locale":"fi_FI","og_type":"article","og_title":"Ibero lohi\u00f6ljy pumpulla 300 ml - MiuMjau","og_description":"Ibero Natural Salmon Oil on hienolaatuinen \u00f6ljy, joka on valmistettu kylm\u00e4puristetusta, tuoreesta lohesta. Runsas Omega-3-rasvahappojen l\u00e4hde. Lohi\u00f6ljy\u00e4 suositellaan:     Karvan ja ihon hyvinvointiin (ihottumat, kiilloton turkki, liiallinen karvanl\u00e4ht\u00f6)    Syd\u00e4n- ja verenkiertoelimist\u00f6n optimaaliseen toimintaan    Nivelongelmiin sen tulehdusta ehk\u00e4isev\u00e4n vaikutuksen vuoksi    Ravintolis\u00e4ksi koirille   Koostumus: 100 % lohi\u00f6ljy Suositeltu p\u00e4iv\u00e4annos: Lohi\u00f6ljy\u00e4 voidaan antaa sellaisenaan tai sekoitettuna lemmikin p\u00e4ivitt\u00e4iseen ruokaan.Annos pumpulla: 1 pumppaus = 1,5 ml.Koirat \u2013 jokaista 3 painokiloa kohden 1,5 ml (1 pumppaus). S\u00e4ilytys: S\u00e4ilyt\u00e4 avattuna j\u00e4\u00e4kaapissa tai huoneenl\u00e4mm\u00f6ss\u00e4 kuivassa paikassa. \u00c4l\u00e4 altista auringonvalolle. Pid\u00e4 poissa lasten ulottuvilta. Vain lemmikeille. Parasta ennen \/ er\u00e4numero: pakkausmerkinn\u00e4ss\u00e4.Valmistettu EU:ssa.","og_url":"https:\/\/miumjau.ee\/fi\/tuote\/ibero-lohioljy-pumpulla-300-ml\/","og_site_name":"MiuMjau","article_publisher":"https:\/\/www.facebook.com\/miumjaupood\/","article_modified_time":"2026-01-07T20:49:52+00:00","og_image":[{"width":600,"height":800,"url":"https:\/\/miumjau.ee\/wp-content\/uploads\/2025\/07\/ibero-loheoli.jpg","type":"image\/jpeg"}],"twitter_card":"summary_large_image","schema":{"@context":"https:\/\/schema.org","@graph":[{"@type":"WebPage","@id":"https:\/\/miumjau.ee\/fi\/tuote\/ibero-lohioljy-pumpulla-300-ml\/","url":"https:\/\/miumjau.ee\/fi\/tuote\/ibero-lohioljy-pumpulla-300-ml\/","name":"Ibero lohi\u00f6ljy pumpulla 300 ml - MiuMjau","isPartOf":{"@id":"https:\/\/miumjau.ee\/#website"},"primaryImageOfPage":{"@id":"https:\/\/miumjau.ee\/fi\/tuote\/ibero-lohioljy-pumpulla-300-ml\/#primaryimage"},"image":{"@id":"https:\/\/miumjau.ee\/fi\/tuote\/ibero-lohioljy-pumpulla-300-ml\/#primaryimage"},"thumbnailUrl":"https:\/\/miumjau.ee\/wp-content\/uploads\/2025\/07\/ibero-loheoli.jpg","datePublished":"2025-07-22T17:27:26+00:00","dateModified":"2026-01-07T20:49:52+00:00","breadcrumb":{"@id":"https:\/\/miumjau.ee\/fi\/tuote\/ibero-lohioljy-pumpulla-300-ml\/#breadcrumb"},"inLanguage":"fi","potentialAction":[{"@type":"ReadAction","target":["https:\/\/miumjau.ee\/fi\/tuote\/ibero-lohioljy-pumpulla-300-ml\/"]}]},{"@type":"ImageObject","inLanguage":"fi","@id":"https:\/\/miumjau.ee\/fi\/tuote\/ibero-lohioljy-pumpulla-300-ml\/#primaryimage","url":"https:\/\/miumjau.ee\/wp-content\/uploads\/2025\/07\/ibero-loheoli.jpg","contentUrl":"https:\/\/miumjau.ee\/wp-content\/uploads\/2025\/07\/ibero-loheoli.jpg","width":600,"height":800,"caption":"Ibero l\u00f5he\u00f5li koos pumbaga 300ml"},{"@type":"BreadcrumbList","@id":"https:\/\/miumjau.ee\/fi\/tuote\/ibero-lohioljy-pumpulla-300-ml\/#breadcrumb","itemListElement":[{"@type":"ListItem","position":1,"name":"Home","item":"https:\/\/miumjau.ee\/fi\/"},{"@type":"ListItem","position":2,"name":"Kauppa","item":"https:\/\/miumjau.ee\/fi\/kauppa\/"},{"@type":"ListItem","position":3,"name":"Ibero lohi\u00f6ljy pumpulla 300 ml"}]},{"@type":"WebSite","@id":"https:\/\/miumjau.ee\/#website","url":"https:\/\/miumjau.ee\/","name":"MiuMjau","description":"Kraapimispuud kassidele","publisher":{"@id":"https:\/\/miumjau.ee\/#organization"},"potentialAction":[{"@type":"SearchAction","target":{"@type":"EntryPoint","urlTemplate":"https:\/\/miumjau.ee\/?s={search_term_string}"},"query-input":{"@type":"PropertyValueSpecification","valueRequired":true,"valueName":"search_term_string"}}],"inLanguage":"fi"},{"@type":"Organization","@id":"https:\/\/miumjau.ee\/#organization","name":"MiuMjau O\u00dc","url":"https:\/\/miumjau.ee\/","logo":{"@type":"ImageObject","inLanguage":"fi","@id":"https:\/\/miumjau.ee\/#\/schema\/logo\/image\/","url":"https:\/\/miumjau.ee\/wp-content\/uploads\/2022\/04\/MiuMjau-logo-kollane.png","contentUrl":"https:\/\/miumjau.ee\/wp-content\/uploads\/2022\/04\/MiuMjau-logo-kollane.png","width":219,"height":100,"caption":"MiuMjau O\u00dc"},"image":{"@id":"https:\/\/miumjau.ee\/#\/schema\/logo\/image\/"},"sameAs":["https:\/\/www.facebook.com\/miumjaupood\/"]}]}},"_links":{"self":[{"href":"https:\/\/miumjau.ee\/fi\/wp-json\/wp\/v2\/product\/38896","targetHints":{"allow":["GET"]}}],"collection":[{"href":"https:\/\/miumjau.ee\/fi\/wp-json\/wp\/v2\/product"}],"about":[{"href":"https:\/\/miumjau.ee\/fi\/wp-json\/wp\/v2\/types\/product"}],"wp:featuredmedia":[{"embeddable":true,"href":"https:\/\/miumjau.ee\/fi\/wp-json\/wp\/v2\/media\/37976"}],"wp:attachment":[{"href":"https:\/\/miumjau.ee\/fi\/wp-json\/wp\/v2\/media?parent=38896"}],"wp:term":[{"taxonomy":"product_brand","embeddable":true,"href":"https:\/\/miumjau.ee\/fi\/wp-json\/wp\/v2\/product_brand?post=38896"},{"taxonomy":"product_cat","embeddable":true,"href":"https:\/\/miumjau.ee\/fi\/wp-json\/wp\/v2\/product_cat?post=38896"},{"taxonomy":"product_tag","embeddable":true,"href":"https:\/\/miumjau.ee\/fi\/wp-json\/wp\/v2\/product_tag?post=38896"}],"curies":[{"name":"wp","href":"https:\/\/api.w.org\/{rel}","templated":true}]}}