{"id":38894,"date":"2025-07-23T10:42:25","date_gmt":"2025-07-23T07:42:25","guid":{"rendered":"https:\/\/miumjau.ee\/toode\/ibero-natural-medium-junior-iberian-sian-ja-lampaan-kanssa-3kg\/"},"modified":"2026-01-07T22:49:52","modified_gmt":"2026-01-07T20:49:52","slug":"ibero-natural-medium-junior-iberian-sian-ja-lampaan-kanssa-3kg","status":"publish","type":"product","link":"https:\/\/miumjau.ee\/fi\/tuote\/ibero-natural-medium-junior-iberian-sian-ja-lampaan-kanssa-3kg\/","title":{"rendered":"Ibero Natural Medium Junior Iberian sian ja lampaan kanssa 3kg"},"content":{"rendered":"","protected":false},"excerpt":{"rendered":"<p data-start=\"105\" data-end=\"493\"><strong data-start=\"105\" data-end=\"118\">AINEKSET:<\/strong> Kuivattu liha Iberian puolivillist\u00e4 siasta ja lampaasta 39 %, t\u00e4ysjyv\u00e4riisi 26 %, siipikarjanrasva 12 %, herne 10 %, johanneksenleip\u00e4jauho 2 %, kuivattu sokerijuurikaskuitu 2 %, hiiva ja hiivauutteet \u2013 <em data-start=\"321\" data-end=\"347\">Saccharomyces cerevisiae<\/em>, hydrolysoitu sianproteiin, kala\u00f6ljy, inuliini, chia-siemenet, hernekuitu, merilev\u00e4, \u00e4yri\u00e4ishydrolysaatti, rustohydrolysaatti, Yucca Shidigera.<\/p>\n<p data-start=\"495\" data-end=\"703\"><strong data-start=\"495\" data-end=\"517\">ANALYYSIKOOSTUMUS:<\/strong> Raakaproteiini 29 %, raakarasva 18 %, raakakuitu 2,1 %, raakatuhka 7,6 %, kalsium 1,6 %, fosfori 1 %, kosteus 9 %, glukosamiinihydrokloridi 380 mg\/kg, kondroitiinisulfaatti 240 mg\/kg.<\/p>\n<p data-start=\"705\" data-end=\"1043\"><strong data-start=\"705\" data-end=\"720\">LIS\u00c4AINEET:<\/strong> Ravintoaineet\/kg: A-vitamiini 24 000 IU, D3-vitamiini 2 000 IU, E-vitamiini 240 mg, C-vitamiini 120 mg, L-karnitiini 48 mg, tauriini 600 mg, rauta 90 mg, kupari 12 mg, mangaani 30 mg, sinkki 130 mg, jodi 2,4 mg, seleeni 0,12 mg.<br data-start=\"949\" data-end=\"952\" \/>Teknologiset lis\u00e4aineet: Luonnolliset antioksidantit (tokoferolirikkaat eteeriset \u00f6ljyt).<\/p>\n<p data-start=\"1045\" data-end=\"1085\"><strong data-start=\"1045\" data-end=\"1069\">Metabolinen energia:<\/strong> 3 950 kcal\/kg<\/p>\n","protected":false},"featured_media":38034,"template":"","meta":[],"product_brand":[],"product_cat":[478,139],"product_tag":[],"class_list":{"0":"post-38894","1":"product","2":"type-product","3":"status-publish","4":"has-post-thumbnail","6":"product_cat-kuivaruoka-koirille","7":"product_cat-kaup24-fi","9":"first","10":"instock","11":"sale","12":"taxable","13":"shipping-taxable","14":"purchasable","15":"product-type-simple"},"yoast_head":"<!-- This site is optimized with the Yoast SEO plugin v27.2 - https:\/\/yoast.com\/product\/yoast-seo-wordpress\/ -->\n<title>Ibero Natural Medium Junior Iberian sian ja lampaan kanssa 3kg - MiuMjau<\/title>\n<meta name=\"robots\" content=\"index, follow, max-snippet:-1, max-image-preview:large, max-video-preview:-1\" \/>\n<link rel=\"canonical\" href=\"https:\/\/miumjau.ee\/fi\/tuote\/ibero-natural-medium-junior-iberian-sian-ja-lampaan-kanssa-3kg\/\" \/>\n<meta property=\"og:locale\" content=\"fi_FI\" \/>\n<meta property=\"og:type\" content=\"article\" \/>\n<meta property=\"og:title\" content=\"Ibero Natural Medium Junior Iberian sian ja lampaan kanssa 3kg - MiuMjau\" \/>\n<meta property=\"og:description\" content=\"AINEKSET: Kuivattu liha Iberian puolivillist\u00e4 siasta ja lampaasta 39 %, t\u00e4ysjyv\u00e4riisi 26 %, siipikarjanrasva 12 %, herne 10 %, johanneksenleip\u00e4jauho 2 %, kuivattu sokerijuurikaskuitu 2 %, hiiva ja hiivauutteet \u2013 Saccharomyces cerevisiae, hydrolysoitu sianproteiin, kala\u00f6ljy, inuliini, chia-siemenet, hernekuitu, merilev\u00e4, \u00e4yri\u00e4ishydrolysaatti, rustohydrolysaatti, Yucca Shidigera. ANALYYSIKOOSTUMUS: Raakaproteiini 29 %, raakarasva 18 %, raakakuitu 2,1 %, raakatuhka 7,6 %, kalsium 1,6 %, fosfori 1 %, kosteus 9 %, glukosamiinihydrokloridi 380 mg\/kg, kondroitiinisulfaatti 240 mg\/kg. LIS\u00c4AINEET: Ravintoaineet\/kg: A-vitamiini 24 000 IU, D3-vitamiini 2 000 IU, E-vitamiini 240 mg, C-vitamiini 120 mg, L-karnitiini 48 mg, tauriini 600 mg, rauta 90 mg, kupari 12 mg, mangaani 30 mg, sinkki 130 mg, jodi 2,4 mg, seleeni 0,12 mg.Teknologiset lis\u00e4aineet: Luonnolliset antioksidantit (tokoferolirikkaat eteeriset \u00f6ljyt). Metabolinen energia: 3 950 kcal\/kg\" \/>\n<meta property=\"og:url\" content=\"https:\/\/miumjau.ee\/fi\/tuote\/ibero-natural-medium-junior-iberian-sian-ja-lampaan-kanssa-3kg\/\" \/>\n<meta property=\"og:site_name\" content=\"MiuMjau\" \/>\n<meta property=\"article:publisher\" content=\"https:\/\/www.facebook.com\/miumjaupood\/\" \/>\n<meta property=\"article:modified_time\" content=\"2026-01-07T20:49:52+00:00\" \/>\n<meta property=\"og:image\" content=\"https:\/\/miumjau.ee\/wp-content\/uploads\/2025\/07\/ibero-medium-junior-3kg-iberian-pork-lamb.jpg\" \/>\n\t<meta property=\"og:image:width\" content=\"600\" \/>\n\t<meta property=\"og:image:height\" content=\"800\" \/>\n\t<meta property=\"og:image:type\" content=\"image\/jpeg\" \/>\n<meta name=\"twitter:card\" content=\"summary_large_image\" \/>\n<script type=\"application\/ld+json\" class=\"yoast-schema-graph\">{\"@context\":\"https:\/\/schema.org\",\"@graph\":[{\"@type\":\"WebPage\",\"@id\":\"https:\/\/miumjau.ee\/fi\/tuote\/ibero-natural-medium-junior-iberian-sian-ja-lampaan-kanssa-3kg\/\",\"url\":\"https:\/\/miumjau.ee\/fi\/tuote\/ibero-natural-medium-junior-iberian-sian-ja-lampaan-kanssa-3kg\/\",\"name\":\"Ibero Natural Medium Junior Iberian sian ja lampaan kanssa 3kg - MiuMjau\",\"isPartOf\":{\"@id\":\"https:\/\/miumjau.ee\/#website\"},\"primaryImageOfPage\":{\"@id\":\"https:\/\/miumjau.ee\/fi\/tuote\/ibero-natural-medium-junior-iberian-sian-ja-lampaan-kanssa-3kg\/#primaryimage\"},\"image\":{\"@id\":\"https:\/\/miumjau.ee\/fi\/tuote\/ibero-natural-medium-junior-iberian-sian-ja-lampaan-kanssa-3kg\/#primaryimage\"},\"thumbnailUrl\":\"https:\/\/miumjau.ee\/wp-content\/uploads\/2025\/07\/ibero-medium-junior-3kg-iberian-pork-lamb.jpg\",\"datePublished\":\"2025-07-23T07:42:25+00:00\",\"dateModified\":\"2026-01-07T20:49:52+00:00\",\"breadcrumb\":{\"@id\":\"https:\/\/miumjau.ee\/fi\/tuote\/ibero-natural-medium-junior-iberian-sian-ja-lampaan-kanssa-3kg\/#breadcrumb\"},\"inLanguage\":\"fi\",\"potentialAction\":[{\"@type\":\"ReadAction\",\"target\":[\"https:\/\/miumjau.ee\/fi\/tuote\/ibero-natural-medium-junior-iberian-sian-ja-lampaan-kanssa-3kg\/\"]}]},{\"@type\":\"ImageObject\",\"inLanguage\":\"fi\",\"@id\":\"https:\/\/miumjau.ee\/fi\/tuote\/ibero-natural-medium-junior-iberian-sian-ja-lampaan-kanssa-3kg\/#primaryimage\",\"url\":\"https:\/\/miumjau.ee\/wp-content\/uploads\/2025\/07\/ibero-medium-junior-3kg-iberian-pork-lamb.jpg\",\"contentUrl\":\"https:\/\/miumjau.ee\/wp-content\/uploads\/2025\/07\/ibero-medium-junior-3kg-iberian-pork-lamb.jpg\",\"width\":600,\"height\":800,\"caption\":\"Ibro Natural Medium Junior 3kg\"},{\"@type\":\"BreadcrumbList\",\"@id\":\"https:\/\/miumjau.ee\/fi\/tuote\/ibero-natural-medium-junior-iberian-sian-ja-lampaan-kanssa-3kg\/#breadcrumb\",\"itemListElement\":[{\"@type\":\"ListItem\",\"position\":1,\"name\":\"Home\",\"item\":\"https:\/\/miumjau.ee\/fi\/\"},{\"@type\":\"ListItem\",\"position\":2,\"name\":\"Kauppa\",\"item\":\"https:\/\/miumjau.ee\/fi\/kauppa\/\"},{\"@type\":\"ListItem\",\"position\":3,\"name\":\"Ibero Natural Medium Junior Iberian sian ja lampaan kanssa 3kg\"}]},{\"@type\":\"WebSite\",\"@id\":\"https:\/\/miumjau.ee\/#website\",\"url\":\"https:\/\/miumjau.ee\/\",\"name\":\"MiuMjau\",\"description\":\"Kraapimispuud kassidele\",\"publisher\":{\"@id\":\"https:\/\/miumjau.ee\/#organization\"},\"potentialAction\":[{\"@type\":\"SearchAction\",\"target\":{\"@type\":\"EntryPoint\",\"urlTemplate\":\"https:\/\/miumjau.ee\/?s={search_term_string}\"},\"query-input\":{\"@type\":\"PropertyValueSpecification\",\"valueRequired\":true,\"valueName\":\"search_term_string\"}}],\"inLanguage\":\"fi\"},{\"@type\":\"Organization\",\"@id\":\"https:\/\/miumjau.ee\/#organization\",\"name\":\"MiuMjau O\u00dc\",\"url\":\"https:\/\/miumjau.ee\/\",\"logo\":{\"@type\":\"ImageObject\",\"inLanguage\":\"fi\",\"@id\":\"https:\/\/miumjau.ee\/#\/schema\/logo\/image\/\",\"url\":\"https:\/\/miumjau.ee\/wp-content\/uploads\/2022\/04\/MiuMjau-logo-kollane.png\",\"contentUrl\":\"https:\/\/miumjau.ee\/wp-content\/uploads\/2022\/04\/MiuMjau-logo-kollane.png\",\"width\":219,\"height\":100,\"caption\":\"MiuMjau O\u00dc\"},\"image\":{\"@id\":\"https:\/\/miumjau.ee\/#\/schema\/logo\/image\/\"},\"sameAs\":[\"https:\/\/www.facebook.com\/miumjaupood\/\"]}]}<\/script>\n<!-- \/ Yoast SEO plugin. -->","yoast_head_json":{"title":"Ibero Natural Medium Junior Iberian sian ja lampaan kanssa 3kg - MiuMjau","robots":{"index":"index","follow":"follow","max-snippet":"max-snippet:-1","max-image-preview":"max-image-preview:large","max-video-preview":"max-video-preview:-1"},"canonical":"https:\/\/miumjau.ee\/fi\/tuote\/ibero-natural-medium-junior-iberian-sian-ja-lampaan-kanssa-3kg\/","og_locale":"fi_FI","og_type":"article","og_title":"Ibero Natural Medium Junior Iberian sian ja lampaan kanssa 3kg - MiuMjau","og_description":"AINEKSET: Kuivattu liha Iberian puolivillist\u00e4 siasta ja lampaasta 39 %, t\u00e4ysjyv\u00e4riisi 26 %, siipikarjanrasva 12 %, herne 10 %, johanneksenleip\u00e4jauho 2 %, kuivattu sokerijuurikaskuitu 2 %, hiiva ja hiivauutteet \u2013 Saccharomyces cerevisiae, hydrolysoitu sianproteiin, kala\u00f6ljy, inuliini, chia-siemenet, hernekuitu, merilev\u00e4, \u00e4yri\u00e4ishydrolysaatti, rustohydrolysaatti, Yucca Shidigera. ANALYYSIKOOSTUMUS: Raakaproteiini 29 %, raakarasva 18 %, raakakuitu 2,1 %, raakatuhka 7,6 %, kalsium 1,6 %, fosfori 1 %, kosteus 9 %, glukosamiinihydrokloridi 380 mg\/kg, kondroitiinisulfaatti 240 mg\/kg. LIS\u00c4AINEET: Ravintoaineet\/kg: A-vitamiini 24 000 IU, D3-vitamiini 2 000 IU, E-vitamiini 240 mg, C-vitamiini 120 mg, L-karnitiini 48 mg, tauriini 600 mg, rauta 90 mg, kupari 12 mg, mangaani 30 mg, sinkki 130 mg, jodi 2,4 mg, seleeni 0,12 mg.Teknologiset lis\u00e4aineet: Luonnolliset antioksidantit (tokoferolirikkaat eteeriset \u00f6ljyt). Metabolinen energia: 3 950 kcal\/kg","og_url":"https:\/\/miumjau.ee\/fi\/tuote\/ibero-natural-medium-junior-iberian-sian-ja-lampaan-kanssa-3kg\/","og_site_name":"MiuMjau","article_publisher":"https:\/\/www.facebook.com\/miumjaupood\/","article_modified_time":"2026-01-07T20:49:52+00:00","og_image":[{"width":600,"height":800,"url":"https:\/\/miumjau.ee\/wp-content\/uploads\/2025\/07\/ibero-medium-junior-3kg-iberian-pork-lamb.jpg","type":"image\/jpeg"}],"twitter_card":"summary_large_image","schema":{"@context":"https:\/\/schema.org","@graph":[{"@type":"WebPage","@id":"https:\/\/miumjau.ee\/fi\/tuote\/ibero-natural-medium-junior-iberian-sian-ja-lampaan-kanssa-3kg\/","url":"https:\/\/miumjau.ee\/fi\/tuote\/ibero-natural-medium-junior-iberian-sian-ja-lampaan-kanssa-3kg\/","name":"Ibero Natural Medium Junior Iberian sian ja lampaan kanssa 3kg - MiuMjau","isPartOf":{"@id":"https:\/\/miumjau.ee\/#website"},"primaryImageOfPage":{"@id":"https:\/\/miumjau.ee\/fi\/tuote\/ibero-natural-medium-junior-iberian-sian-ja-lampaan-kanssa-3kg\/#primaryimage"},"image":{"@id":"https:\/\/miumjau.ee\/fi\/tuote\/ibero-natural-medium-junior-iberian-sian-ja-lampaan-kanssa-3kg\/#primaryimage"},"thumbnailUrl":"https:\/\/miumjau.ee\/wp-content\/uploads\/2025\/07\/ibero-medium-junior-3kg-iberian-pork-lamb.jpg","datePublished":"2025-07-23T07:42:25+00:00","dateModified":"2026-01-07T20:49:52+00:00","breadcrumb":{"@id":"https:\/\/miumjau.ee\/fi\/tuote\/ibero-natural-medium-junior-iberian-sian-ja-lampaan-kanssa-3kg\/#breadcrumb"},"inLanguage":"fi","potentialAction":[{"@type":"ReadAction","target":["https:\/\/miumjau.ee\/fi\/tuote\/ibero-natural-medium-junior-iberian-sian-ja-lampaan-kanssa-3kg\/"]}]},{"@type":"ImageObject","inLanguage":"fi","@id":"https:\/\/miumjau.ee\/fi\/tuote\/ibero-natural-medium-junior-iberian-sian-ja-lampaan-kanssa-3kg\/#primaryimage","url":"https:\/\/miumjau.ee\/wp-content\/uploads\/2025\/07\/ibero-medium-junior-3kg-iberian-pork-lamb.jpg","contentUrl":"https:\/\/miumjau.ee\/wp-content\/uploads\/2025\/07\/ibero-medium-junior-3kg-iberian-pork-lamb.jpg","width":600,"height":800,"caption":"Ibro Natural Medium Junior 3kg"},{"@type":"BreadcrumbList","@id":"https:\/\/miumjau.ee\/fi\/tuote\/ibero-natural-medium-junior-iberian-sian-ja-lampaan-kanssa-3kg\/#breadcrumb","itemListElement":[{"@type":"ListItem","position":1,"name":"Home","item":"https:\/\/miumjau.ee\/fi\/"},{"@type":"ListItem","position":2,"name":"Kauppa","item":"https:\/\/miumjau.ee\/fi\/kauppa\/"},{"@type":"ListItem","position":3,"name":"Ibero Natural Medium Junior Iberian sian ja lampaan kanssa 3kg"}]},{"@type":"WebSite","@id":"https:\/\/miumjau.ee\/#website","url":"https:\/\/miumjau.ee\/","name":"MiuMjau","description":"Kraapimispuud kassidele","publisher":{"@id":"https:\/\/miumjau.ee\/#organization"},"potentialAction":[{"@type":"SearchAction","target":{"@type":"EntryPoint","urlTemplate":"https:\/\/miumjau.ee\/?s={search_term_string}"},"query-input":{"@type":"PropertyValueSpecification","valueRequired":true,"valueName":"search_term_string"}}],"inLanguage":"fi"},{"@type":"Organization","@id":"https:\/\/miumjau.ee\/#organization","name":"MiuMjau O\u00dc","url":"https:\/\/miumjau.ee\/","logo":{"@type":"ImageObject","inLanguage":"fi","@id":"https:\/\/miumjau.ee\/#\/schema\/logo\/image\/","url":"https:\/\/miumjau.ee\/wp-content\/uploads\/2022\/04\/MiuMjau-logo-kollane.png","contentUrl":"https:\/\/miumjau.ee\/wp-content\/uploads\/2022\/04\/MiuMjau-logo-kollane.png","width":219,"height":100,"caption":"MiuMjau O\u00dc"},"image":{"@id":"https:\/\/miumjau.ee\/#\/schema\/logo\/image\/"},"sameAs":["https:\/\/www.facebook.com\/miumjaupood\/"]}]}},"_links":{"self":[{"href":"https:\/\/miumjau.ee\/fi\/wp-json\/wp\/v2\/product\/38894","targetHints":{"allow":["GET"]}}],"collection":[{"href":"https:\/\/miumjau.ee\/fi\/wp-json\/wp\/v2\/product"}],"about":[{"href":"https:\/\/miumjau.ee\/fi\/wp-json\/wp\/v2\/types\/product"}],"wp:featuredmedia":[{"embeddable":true,"href":"https:\/\/miumjau.ee\/fi\/wp-json\/wp\/v2\/media\/38034"}],"wp:attachment":[{"href":"https:\/\/miumjau.ee\/fi\/wp-json\/wp\/v2\/media?parent=38894"}],"wp:term":[{"taxonomy":"product_brand","embeddable":true,"href":"https:\/\/miumjau.ee\/fi\/wp-json\/wp\/v2\/product_brand?post=38894"},{"taxonomy":"product_cat","embeddable":true,"href":"https:\/\/miumjau.ee\/fi\/wp-json\/wp\/v2\/product_cat?post=38894"},{"taxonomy":"product_tag","embeddable":true,"href":"https:\/\/miumjau.ee\/fi\/wp-json\/wp\/v2\/product_tag?post=38894"}],"curies":[{"name":"wp","href":"https:\/\/api.w.org\/{rel}","templated":true}]}}