{"id":38891,"date":"2025-07-23T11:01:57","date_gmt":"2025-07-23T08:01:57","guid":{"rendered":"https:\/\/miumjau.ee\/toode\/ibero-natural-maxi-junior-iberian-sian-ja-lampaan-kanssa-12kg\/"},"modified":"2026-01-07T22:49:52","modified_gmt":"2026-01-07T20:49:52","slug":"ibero-natural-maxi-junior-iberian-sian-ja-lampaan-kanssa-12kg","status":"publish","type":"product","link":"https:\/\/miumjau.ee\/fi\/tuote\/ibero-natural-maxi-junior-iberian-sian-ja-lampaan-kanssa-12kg\/","title":{"rendered":"Ibero Natural Maxi Junior Iberian sian ja lampaan kanssa 12kg"},"content":{"rendered":"","protected":false},"excerpt":{"rendered":"<p data-start=\"104\" data-end=\"492\"><strong data-start=\"104\" data-end=\"117\">AINEKSET:<\/strong> Kuivattu liha Iberian puolivillist\u00e4 siasta ja lampaasta 39 %, t\u00e4ysjyv\u00e4riisi 26 %, siipikarjanrasva 12 %, herne 10 %, johanneksenleip\u00e4jauho 2 %, kuivattu sokerijuurikaskuitu 2 %, hiiva ja hiivauutteet \u2013 <em data-start=\"320\" data-end=\"346\">Saccharomyces cerevisiae<\/em>, hydrolysoitu sianproteiin, kala\u00f6ljy, inuliini, chia-siemenet, hernekuitu, merilev\u00e4, \u00e4yri\u00e4ishydrolysaatti, rustohydrolysaatti, Yucca Shidigera.<\/p>\n<p data-start=\"494\" data-end=\"702\"><strong data-start=\"494\" data-end=\"516\">ANALYYSIKOOSTUMUS:<\/strong> Raakaproteiini 27 %, raakarasva 17 %, raakakuitu 2,1 %, raakatuhka 7,6 %, kalsium 1,6 %, fosfori 1 %, kosteus 9 %, glukosamiinihydrokloridi 380 mg\/kg, kondroitiinisulfaatti 240 mg\/kg.<\/p>\n<p data-start=\"704\" data-end=\"1042\"><strong data-start=\"704\" data-end=\"719\">LIS\u00c4AINEET:<\/strong> Ravintoaineet\/kg: A-vitamiini 24 000 IU, D3-vitamiini 2 000 IU, E-vitamiini 240 mg, C-vitamiini 120 mg, L-karnitiini 48 mg, tauriini 600 mg, rauta 90 mg, kupari 12 mg, mangaani 30 mg, sinkki 130 mg, jodi 2,4 mg, seleeni 0,12 mg.<br data-start=\"948\" data-end=\"951\" \/>Teknologiset lis\u00e4aineet: Luonnolliset antioksidantit (tokoferolirikkaat eteeriset \u00f6ljyt).<\/p>\n<p data-start=\"1044\" data-end=\"1084\"><strong data-start=\"1044\" data-end=\"1068\">Metabolinen energia:<\/strong> 3 937 kcal\/kg<\/p>\n","protected":false},"featured_media":38050,"template":"","meta":[],"product_brand":[],"product_cat":[139,478],"product_tag":[],"class_list":{"0":"post-38891","1":"product","2":"type-product","3":"status-publish","4":"has-post-thumbnail","6":"product_cat-kaup24-fi","7":"product_cat-kuivaruoka-koirille","9":"first","10":"instock","11":"sale","12":"taxable","13":"shipping-taxable","14":"purchasable","15":"product-type-simple"},"yoast_head":"<!-- This site is optimized with the Yoast SEO plugin v27.4 - https:\/\/yoast.com\/product\/yoast-seo-wordpress\/ -->\n<title>Ibero Natural Maxi Junior Iberian sian ja lampaan kanssa 12kg - MiuMjau<\/title>\n<meta name=\"robots\" content=\"index, follow, max-snippet:-1, max-image-preview:large, max-video-preview:-1\" \/>\n<link rel=\"canonical\" href=\"https:\/\/miumjau.ee\/fi\/tuote\/ibero-natural-maxi-junior-iberian-sian-ja-lampaan-kanssa-12kg\/\" \/>\n<meta property=\"og:locale\" content=\"fi_FI\" \/>\n<meta property=\"og:type\" content=\"article\" \/>\n<meta property=\"og:title\" content=\"Ibero Natural Maxi Junior Iberian sian ja lampaan kanssa 12kg - MiuMjau\" \/>\n<meta property=\"og:description\" content=\"AINEKSET: Kuivattu liha Iberian puolivillist\u00e4 siasta ja lampaasta 39 %, t\u00e4ysjyv\u00e4riisi 26 %, siipikarjanrasva 12 %, herne 10 %, johanneksenleip\u00e4jauho 2 %, kuivattu sokerijuurikaskuitu 2 %, hiiva ja hiivauutteet \u2013 Saccharomyces cerevisiae, hydrolysoitu sianproteiin, kala\u00f6ljy, inuliini, chia-siemenet, hernekuitu, merilev\u00e4, \u00e4yri\u00e4ishydrolysaatti, rustohydrolysaatti, Yucca Shidigera. ANALYYSIKOOSTUMUS: Raakaproteiini 27 %, raakarasva 17 %, raakakuitu 2,1 %, raakatuhka 7,6 %, kalsium 1,6 %, fosfori 1 %, kosteus 9 %, glukosamiinihydrokloridi 380 mg\/kg, kondroitiinisulfaatti 240 mg\/kg. LIS\u00c4AINEET: Ravintoaineet\/kg: A-vitamiini 24 000 IU, D3-vitamiini 2 000 IU, E-vitamiini 240 mg, C-vitamiini 120 mg, L-karnitiini 48 mg, tauriini 600 mg, rauta 90 mg, kupari 12 mg, mangaani 30 mg, sinkki 130 mg, jodi 2,4 mg, seleeni 0,12 mg.Teknologiset lis\u00e4aineet: Luonnolliset antioksidantit (tokoferolirikkaat eteeriset \u00f6ljyt). Metabolinen energia: 3 937 kcal\/kg\" \/>\n<meta property=\"og:url\" content=\"https:\/\/miumjau.ee\/fi\/tuote\/ibero-natural-maxi-junior-iberian-sian-ja-lampaan-kanssa-12kg\/\" \/>\n<meta property=\"og:site_name\" content=\"MiuMjau\" \/>\n<meta property=\"article:publisher\" content=\"https:\/\/www.facebook.com\/miumjaupood\/\" \/>\n<meta property=\"article:modified_time\" content=\"2026-01-07T20:49:52+00:00\" \/>\n<meta property=\"og:image\" content=\"https:\/\/miumjau.ee\/wp-content\/uploads\/2025\/07\/ibero-maxi-junior-3kg-iberian-pork-lamb.jpg\" \/>\n\t<meta property=\"og:image:width\" content=\"600\" \/>\n\t<meta property=\"og:image:height\" content=\"800\" \/>\n\t<meta property=\"og:image:type\" content=\"image\/jpeg\" \/>\n<meta name=\"twitter:card\" content=\"summary_large_image\" \/>\n<script type=\"application\/ld+json\" class=\"yoast-schema-graph\">{\"@context\":\"https:\\\/\\\/schema.org\",\"@graph\":[{\"@type\":\"WebPage\",\"@id\":\"https:\\\/\\\/miumjau.ee\\\/fi\\\/tuote\\\/ibero-natural-maxi-junior-iberian-sian-ja-lampaan-kanssa-12kg\\\/\",\"url\":\"https:\\\/\\\/miumjau.ee\\\/fi\\\/tuote\\\/ibero-natural-maxi-junior-iberian-sian-ja-lampaan-kanssa-12kg\\\/\",\"name\":\"Ibero Natural Maxi Junior Iberian sian ja lampaan kanssa 12kg - MiuMjau\",\"isPartOf\":{\"@id\":\"https:\\\/\\\/miumjau.ee\\\/#website\"},\"primaryImageOfPage\":{\"@id\":\"https:\\\/\\\/miumjau.ee\\\/fi\\\/tuote\\\/ibero-natural-maxi-junior-iberian-sian-ja-lampaan-kanssa-12kg\\\/#primaryimage\"},\"image\":{\"@id\":\"https:\\\/\\\/miumjau.ee\\\/fi\\\/tuote\\\/ibero-natural-maxi-junior-iberian-sian-ja-lampaan-kanssa-12kg\\\/#primaryimage\"},\"thumbnailUrl\":\"https:\\\/\\\/miumjau.ee\\\/wp-content\\\/uploads\\\/2025\\\/07\\\/ibero-maxi-junior-3kg-iberian-pork-lamb.jpg\",\"datePublished\":\"2025-07-23T08:01:57+00:00\",\"dateModified\":\"2026-01-07T20:49:52+00:00\",\"breadcrumb\":{\"@id\":\"https:\\\/\\\/miumjau.ee\\\/fi\\\/tuote\\\/ibero-natural-maxi-junior-iberian-sian-ja-lampaan-kanssa-12kg\\\/#breadcrumb\"},\"inLanguage\":\"fi\",\"potentialAction\":[{\"@type\":\"ReadAction\",\"target\":[\"https:\\\/\\\/miumjau.ee\\\/fi\\\/tuote\\\/ibero-natural-maxi-junior-iberian-sian-ja-lampaan-kanssa-12kg\\\/\"]}]},{\"@type\":\"ImageObject\",\"inLanguage\":\"fi\",\"@id\":\"https:\\\/\\\/miumjau.ee\\\/fi\\\/tuote\\\/ibero-natural-maxi-junior-iberian-sian-ja-lampaan-kanssa-12kg\\\/#primaryimage\",\"url\":\"https:\\\/\\\/miumjau.ee\\\/wp-content\\\/uploads\\\/2025\\\/07\\\/ibero-maxi-junior-3kg-iberian-pork-lamb.jpg\",\"contentUrl\":\"https:\\\/\\\/miumjau.ee\\\/wp-content\\\/uploads\\\/2025\\\/07\\\/ibero-maxi-junior-3kg-iberian-pork-lamb.jpg\",\"width\":600,\"height\":800,\"caption\":\"Ibero Natural Maxi Junior 3kg\"},{\"@type\":\"BreadcrumbList\",\"@id\":\"https:\\\/\\\/miumjau.ee\\\/fi\\\/tuote\\\/ibero-natural-maxi-junior-iberian-sian-ja-lampaan-kanssa-12kg\\\/#breadcrumb\",\"itemListElement\":[{\"@type\":\"ListItem\",\"position\":1,\"name\":\"Home\",\"item\":\"https:\\\/\\\/miumjau.ee\\\/fi\\\/\"},{\"@type\":\"ListItem\",\"position\":2,\"name\":\"Kauppa\",\"item\":\"https:\\\/\\\/miumjau.ee\\\/fi\\\/kauppa\\\/\"},{\"@type\":\"ListItem\",\"position\":3,\"name\":\"Ibero Natural Maxi Junior Iberian sian ja lampaan kanssa 12kg\"}]},{\"@type\":\"WebSite\",\"@id\":\"https:\\\/\\\/miumjau.ee\\\/#website\",\"url\":\"https:\\\/\\\/miumjau.ee\\\/\",\"name\":\"MiuMjau\",\"description\":\"Kraapimispuud kassidele\",\"publisher\":{\"@id\":\"https:\\\/\\\/miumjau.ee\\\/#organization\"},\"potentialAction\":[{\"@type\":\"SearchAction\",\"target\":{\"@type\":\"EntryPoint\",\"urlTemplate\":\"https:\\\/\\\/miumjau.ee\\\/?s={search_term_string}\"},\"query-input\":{\"@type\":\"PropertyValueSpecification\",\"valueRequired\":true,\"valueName\":\"search_term_string\"}}],\"inLanguage\":\"fi\"},{\"@type\":\"Organization\",\"@id\":\"https:\\\/\\\/miumjau.ee\\\/#organization\",\"name\":\"MiuMjau O\u00dc\",\"url\":\"https:\\\/\\\/miumjau.ee\\\/\",\"logo\":{\"@type\":\"ImageObject\",\"inLanguage\":\"fi\",\"@id\":\"https:\\\/\\\/miumjau.ee\\\/#\\\/schema\\\/logo\\\/image\\\/\",\"url\":\"https:\\\/\\\/miumjau.ee\\\/wp-content\\\/uploads\\\/2022\\\/04\\\/MiuMjau-logo-kollane.png\",\"contentUrl\":\"https:\\\/\\\/miumjau.ee\\\/wp-content\\\/uploads\\\/2022\\\/04\\\/MiuMjau-logo-kollane.png\",\"width\":219,\"height\":100,\"caption\":\"MiuMjau O\u00dc\"},\"image\":{\"@id\":\"https:\\\/\\\/miumjau.ee\\\/#\\\/schema\\\/logo\\\/image\\\/\"},\"sameAs\":[\"https:\\\/\\\/www.facebook.com\\\/miumjaupood\\\/\"]}]}<\/script>\n<!-- \/ Yoast SEO plugin. -->","yoast_head_json":{"title":"Ibero Natural Maxi Junior Iberian sian ja lampaan kanssa 12kg - MiuMjau","robots":{"index":"index","follow":"follow","max-snippet":"max-snippet:-1","max-image-preview":"max-image-preview:large","max-video-preview":"max-video-preview:-1"},"canonical":"https:\/\/miumjau.ee\/fi\/tuote\/ibero-natural-maxi-junior-iberian-sian-ja-lampaan-kanssa-12kg\/","og_locale":"fi_FI","og_type":"article","og_title":"Ibero Natural Maxi Junior Iberian sian ja lampaan kanssa 12kg - MiuMjau","og_description":"AINEKSET: Kuivattu liha Iberian puolivillist\u00e4 siasta ja lampaasta 39 %, t\u00e4ysjyv\u00e4riisi 26 %, siipikarjanrasva 12 %, herne 10 %, johanneksenleip\u00e4jauho 2 %, kuivattu sokerijuurikaskuitu 2 %, hiiva ja hiivauutteet \u2013 Saccharomyces cerevisiae, hydrolysoitu sianproteiin, kala\u00f6ljy, inuliini, chia-siemenet, hernekuitu, merilev\u00e4, \u00e4yri\u00e4ishydrolysaatti, rustohydrolysaatti, Yucca Shidigera. ANALYYSIKOOSTUMUS: Raakaproteiini 27 %, raakarasva 17 %, raakakuitu 2,1 %, raakatuhka 7,6 %, kalsium 1,6 %, fosfori 1 %, kosteus 9 %, glukosamiinihydrokloridi 380 mg\/kg, kondroitiinisulfaatti 240 mg\/kg. LIS\u00c4AINEET: Ravintoaineet\/kg: A-vitamiini 24 000 IU, D3-vitamiini 2 000 IU, E-vitamiini 240 mg, C-vitamiini 120 mg, L-karnitiini 48 mg, tauriini 600 mg, rauta 90 mg, kupari 12 mg, mangaani 30 mg, sinkki 130 mg, jodi 2,4 mg, seleeni 0,12 mg.Teknologiset lis\u00e4aineet: Luonnolliset antioksidantit (tokoferolirikkaat eteeriset \u00f6ljyt). Metabolinen energia: 3 937 kcal\/kg","og_url":"https:\/\/miumjau.ee\/fi\/tuote\/ibero-natural-maxi-junior-iberian-sian-ja-lampaan-kanssa-12kg\/","og_site_name":"MiuMjau","article_publisher":"https:\/\/www.facebook.com\/miumjaupood\/","article_modified_time":"2026-01-07T20:49:52+00:00","og_image":[{"width":600,"height":800,"url":"https:\/\/miumjau.ee\/wp-content\/uploads\/2025\/07\/ibero-maxi-junior-3kg-iberian-pork-lamb.jpg","type":"image\/jpeg"}],"twitter_card":"summary_large_image","schema":{"@context":"https:\/\/schema.org","@graph":[{"@type":"WebPage","@id":"https:\/\/miumjau.ee\/fi\/tuote\/ibero-natural-maxi-junior-iberian-sian-ja-lampaan-kanssa-12kg\/","url":"https:\/\/miumjau.ee\/fi\/tuote\/ibero-natural-maxi-junior-iberian-sian-ja-lampaan-kanssa-12kg\/","name":"Ibero Natural Maxi Junior Iberian sian ja lampaan kanssa 12kg - MiuMjau","isPartOf":{"@id":"https:\/\/miumjau.ee\/#website"},"primaryImageOfPage":{"@id":"https:\/\/miumjau.ee\/fi\/tuote\/ibero-natural-maxi-junior-iberian-sian-ja-lampaan-kanssa-12kg\/#primaryimage"},"image":{"@id":"https:\/\/miumjau.ee\/fi\/tuote\/ibero-natural-maxi-junior-iberian-sian-ja-lampaan-kanssa-12kg\/#primaryimage"},"thumbnailUrl":"https:\/\/miumjau.ee\/wp-content\/uploads\/2025\/07\/ibero-maxi-junior-3kg-iberian-pork-lamb.jpg","datePublished":"2025-07-23T08:01:57+00:00","dateModified":"2026-01-07T20:49:52+00:00","breadcrumb":{"@id":"https:\/\/miumjau.ee\/fi\/tuote\/ibero-natural-maxi-junior-iberian-sian-ja-lampaan-kanssa-12kg\/#breadcrumb"},"inLanguage":"fi","potentialAction":[{"@type":"ReadAction","target":["https:\/\/miumjau.ee\/fi\/tuote\/ibero-natural-maxi-junior-iberian-sian-ja-lampaan-kanssa-12kg\/"]}]},{"@type":"ImageObject","inLanguage":"fi","@id":"https:\/\/miumjau.ee\/fi\/tuote\/ibero-natural-maxi-junior-iberian-sian-ja-lampaan-kanssa-12kg\/#primaryimage","url":"https:\/\/miumjau.ee\/wp-content\/uploads\/2025\/07\/ibero-maxi-junior-3kg-iberian-pork-lamb.jpg","contentUrl":"https:\/\/miumjau.ee\/wp-content\/uploads\/2025\/07\/ibero-maxi-junior-3kg-iberian-pork-lamb.jpg","width":600,"height":800,"caption":"Ibero Natural Maxi Junior 3kg"},{"@type":"BreadcrumbList","@id":"https:\/\/miumjau.ee\/fi\/tuote\/ibero-natural-maxi-junior-iberian-sian-ja-lampaan-kanssa-12kg\/#breadcrumb","itemListElement":[{"@type":"ListItem","position":1,"name":"Home","item":"https:\/\/miumjau.ee\/fi\/"},{"@type":"ListItem","position":2,"name":"Kauppa","item":"https:\/\/miumjau.ee\/fi\/kauppa\/"},{"@type":"ListItem","position":3,"name":"Ibero Natural Maxi Junior Iberian sian ja lampaan kanssa 12kg"}]},{"@type":"WebSite","@id":"https:\/\/miumjau.ee\/#website","url":"https:\/\/miumjau.ee\/","name":"MiuMjau","description":"Kraapimispuud kassidele","publisher":{"@id":"https:\/\/miumjau.ee\/#organization"},"potentialAction":[{"@type":"SearchAction","target":{"@type":"EntryPoint","urlTemplate":"https:\/\/miumjau.ee\/?s={search_term_string}"},"query-input":{"@type":"PropertyValueSpecification","valueRequired":true,"valueName":"search_term_string"}}],"inLanguage":"fi"},{"@type":"Organization","@id":"https:\/\/miumjau.ee\/#organization","name":"MiuMjau O\u00dc","url":"https:\/\/miumjau.ee\/","logo":{"@type":"ImageObject","inLanguage":"fi","@id":"https:\/\/miumjau.ee\/#\/schema\/logo\/image\/","url":"https:\/\/miumjau.ee\/wp-content\/uploads\/2022\/04\/MiuMjau-logo-kollane.png","contentUrl":"https:\/\/miumjau.ee\/wp-content\/uploads\/2022\/04\/MiuMjau-logo-kollane.png","width":219,"height":100,"caption":"MiuMjau O\u00dc"},"image":{"@id":"https:\/\/miumjau.ee\/#\/schema\/logo\/image\/"},"sameAs":["https:\/\/www.facebook.com\/miumjaupood\/"]}]}},"_links":{"self":[{"href":"https:\/\/miumjau.ee\/fi\/wp-json\/wp\/v2\/product\/38891","targetHints":{"allow":["GET"]}}],"collection":[{"href":"https:\/\/miumjau.ee\/fi\/wp-json\/wp\/v2\/product"}],"about":[{"href":"https:\/\/miumjau.ee\/fi\/wp-json\/wp\/v2\/types\/product"}],"wp:featuredmedia":[{"embeddable":true,"href":"https:\/\/miumjau.ee\/fi\/wp-json\/wp\/v2\/media\/38050"}],"wp:attachment":[{"href":"https:\/\/miumjau.ee\/fi\/wp-json\/wp\/v2\/media?parent=38891"}],"wp:term":[{"taxonomy":"product_brand","embeddable":true,"href":"https:\/\/miumjau.ee\/fi\/wp-json\/wp\/v2\/product_brand?post=38891"},{"taxonomy":"product_cat","embeddable":true,"href":"https:\/\/miumjau.ee\/fi\/wp-json\/wp\/v2\/product_cat?post=38891"},{"taxonomy":"product_tag","embeddable":true,"href":"https:\/\/miumjau.ee\/fi\/wp-json\/wp\/v2\/product_tag?post=38891"}],"curies":[{"name":"wp","href":"https:\/\/api.w.org\/{rel}","templated":true}]}}