{"id":38887,"date":"2025-07-23T11:07:33","date_gmt":"2025-07-23T08:07:33","guid":{"rendered":"https:\/\/miumjau.ee\/toode\/ibero-natural-senior-light-iberian-sian-ja-lampaan-kanssa-12kg\/"},"modified":"2026-01-07T22:49:52","modified_gmt":"2026-01-07T20:49:52","slug":"ibero-natural-senior-light-iberian-sian-ja-lampaan-kanssa-12kg","status":"publish","type":"product","link":"https:\/\/miumjau.ee\/fi\/tuote\/ibero-natural-senior-light-iberian-sian-ja-lampaan-kanssa-12kg\/","title":{"rendered":"Ibero Natural Senior\/Light Iberian sian ja lampaan kanssa 12kg"},"content":{"rendered":"","protected":false},"excerpt":{"rendered":"<p data-start=\"105\" data-end=\"565\"><strong data-start=\"105\" data-end=\"118\">AINEKSET:<\/strong> Kuivattu liha Iberian puolivillist\u00e4 siasta ja lampaasta 36 %, t\u00e4ysjyv\u00e4riisi 30 %, herne 10 %, ravintokuitu (hernekuitu), siipikarjanrasva, johanneksenleip\u00e4jauho, kuivattu punajuuri, oliiviuute, hiiva ja hiivauutteet \u2013 <em data-start=\"337\" data-end=\"363\">Saccharomyces cerevisiae<\/em>, vitamiinit ja kivenn\u00e4isaineet, kala\u00f6ljy, inuliini, luonnollinen liukenematon kuitu, hydrolysoitu sianproteiin, chia-siemenet, merilev\u00e4, hydrolysoidut \u00e4yri\u00e4iset, hydrolysoitu rusto, Yucca Schidigera.<\/p>\n<p data-start=\"567\" data-end=\"778\"><strong data-start=\"567\" data-end=\"589\">ANALYYSIKOOSTUMUS:<\/strong> Raakaproteiini 29 %, raakarasva 10 %, raakakuitu 5,2 %, raakatuhka 7,6 %, kalsium 1,7 %, fosfori 0,95 %, kosteus 9 %, glukosamiinihydrokloridi 320 mg\/kg, kondroitiinisulfaatti 200 mg\/kg.<\/p>\n<p data-start=\"780\" data-end=\"1093\"><strong data-start=\"780\" data-end=\"795\">LIS\u00c4AINEET:<\/strong> Ravintoaineet\/kg: A-vitamiini 15 000 IU, D3-vitamiini 1 800 IU, E-vitamiini 200 mg, C-vitamiini 100 mg, L-karnitiini 40 mg, tauriini 500 mg, rauta 75 mg, kupari 10 mg, mangaani 25 mg, sinkki 110 mg, jodi 2 mg, seleeni 0,1 mg.<br data-start=\"1021\" data-end=\"1024\" \/>Teknologiset lis\u00e4aineet: Luonnolliset antioksidantit \u2013 tokoferolit.<\/p>\n<p data-start=\"1095\" data-end=\"1135\"><strong data-start=\"1095\" data-end=\"1119\">Metabolinen energia:<\/strong> 3 363 kcal\/kg<\/p>\n","protected":false},"featured_media":38070,"template":"","meta":[],"product_brand":[],"product_cat":[139,478],"product_tag":[],"class_list":{"0":"post-38887","1":"product","2":"type-product","3":"status-publish","4":"has-post-thumbnail","6":"product_cat-kaup24-fi","7":"product_cat-kuivaruoka-koirille","9":"first","10":"instock","11":"sale","12":"taxable","13":"shipping-taxable","14":"purchasable","15":"product-type-simple"},"yoast_head":"<!-- This site is optimized with the Yoast SEO plugin v27.4 - https:\/\/yoast.com\/product\/yoast-seo-wordpress\/ -->\n<title>Ibero Natural Senior\/Light Iberian sian ja lampaan kanssa 12kg - MiuMjau<\/title>\n<meta name=\"robots\" content=\"index, follow, max-snippet:-1, max-image-preview:large, max-video-preview:-1\" \/>\n<link rel=\"canonical\" href=\"https:\/\/miumjau.ee\/fi\/tuote\/ibero-natural-senior-light-iberian-sian-ja-lampaan-kanssa-12kg\/\" \/>\n<meta property=\"og:locale\" content=\"fi_FI\" \/>\n<meta property=\"og:type\" content=\"article\" \/>\n<meta property=\"og:title\" content=\"Ibero Natural Senior\/Light Iberian sian ja lampaan kanssa 12kg - MiuMjau\" \/>\n<meta property=\"og:description\" content=\"AINEKSET: Kuivattu liha Iberian puolivillist\u00e4 siasta ja lampaasta 36 %, t\u00e4ysjyv\u00e4riisi 30 %, herne 10 %, ravintokuitu (hernekuitu), siipikarjanrasva, johanneksenleip\u00e4jauho, kuivattu punajuuri, oliiviuute, hiiva ja hiivauutteet \u2013 Saccharomyces cerevisiae, vitamiinit ja kivenn\u00e4isaineet, kala\u00f6ljy, inuliini, luonnollinen liukenematon kuitu, hydrolysoitu sianproteiin, chia-siemenet, merilev\u00e4, hydrolysoidut \u00e4yri\u00e4iset, hydrolysoitu rusto, Yucca Schidigera. ANALYYSIKOOSTUMUS: Raakaproteiini 29 %, raakarasva 10 %, raakakuitu 5,2 %, raakatuhka 7,6 %, kalsium 1,7 %, fosfori 0,95 %, kosteus 9 %, glukosamiinihydrokloridi 320 mg\/kg, kondroitiinisulfaatti 200 mg\/kg. LIS\u00c4AINEET: Ravintoaineet\/kg: A-vitamiini 15 000 IU, D3-vitamiini 1 800 IU, E-vitamiini 200 mg, C-vitamiini 100 mg, L-karnitiini 40 mg, tauriini 500 mg, rauta 75 mg, kupari 10 mg, mangaani 25 mg, sinkki 110 mg, jodi 2 mg, seleeni 0,1 mg.Teknologiset lis\u00e4aineet: Luonnolliset antioksidantit \u2013 tokoferolit. Metabolinen energia: 3 363 kcal\/kg\" \/>\n<meta property=\"og:url\" content=\"https:\/\/miumjau.ee\/fi\/tuote\/ibero-natural-senior-light-iberian-sian-ja-lampaan-kanssa-12kg\/\" \/>\n<meta property=\"og:site_name\" content=\"MiuMjau\" \/>\n<meta property=\"article:publisher\" content=\"https:\/\/www.facebook.com\/miumjaupood\/\" \/>\n<meta property=\"article:modified_time\" content=\"2026-01-07T20:49:52+00:00\" \/>\n<meta property=\"og:image\" content=\"https:\/\/miumjau.ee\/wp-content\/uploads\/2025\/07\/ibero-senior-light-12kg-iberian-pork-lamb.jpg\" \/>\n\t<meta property=\"og:image:width\" content=\"600\" \/>\n\t<meta property=\"og:image:height\" content=\"800\" \/>\n\t<meta property=\"og:image:type\" content=\"image\/jpeg\" \/>\n<meta name=\"twitter:card\" content=\"summary_large_image\" \/>\n<script type=\"application\/ld+json\" class=\"yoast-schema-graph\">{\"@context\":\"https:\\\/\\\/schema.org\",\"@graph\":[{\"@type\":\"WebPage\",\"@id\":\"https:\\\/\\\/miumjau.ee\\\/fi\\\/tuote\\\/ibero-natural-senior-light-iberian-sian-ja-lampaan-kanssa-12kg\\\/\",\"url\":\"https:\\\/\\\/miumjau.ee\\\/fi\\\/tuote\\\/ibero-natural-senior-light-iberian-sian-ja-lampaan-kanssa-12kg\\\/\",\"name\":\"Ibero Natural Senior\\\/Light Iberian sian ja lampaan kanssa 12kg - MiuMjau\",\"isPartOf\":{\"@id\":\"https:\\\/\\\/miumjau.ee\\\/#website\"},\"primaryImageOfPage\":{\"@id\":\"https:\\\/\\\/miumjau.ee\\\/fi\\\/tuote\\\/ibero-natural-senior-light-iberian-sian-ja-lampaan-kanssa-12kg\\\/#primaryimage\"},\"image\":{\"@id\":\"https:\\\/\\\/miumjau.ee\\\/fi\\\/tuote\\\/ibero-natural-senior-light-iberian-sian-ja-lampaan-kanssa-12kg\\\/#primaryimage\"},\"thumbnailUrl\":\"https:\\\/\\\/miumjau.ee\\\/wp-content\\\/uploads\\\/2025\\\/07\\\/ibero-senior-light-12kg-iberian-pork-lamb.jpg\",\"datePublished\":\"2025-07-23T08:07:33+00:00\",\"dateModified\":\"2026-01-07T20:49:52+00:00\",\"breadcrumb\":{\"@id\":\"https:\\\/\\\/miumjau.ee\\\/fi\\\/tuote\\\/ibero-natural-senior-light-iberian-sian-ja-lampaan-kanssa-12kg\\\/#breadcrumb\"},\"inLanguage\":\"fi\",\"potentialAction\":[{\"@type\":\"ReadAction\",\"target\":[\"https:\\\/\\\/miumjau.ee\\\/fi\\\/tuote\\\/ibero-natural-senior-light-iberian-sian-ja-lampaan-kanssa-12kg\\\/\"]}]},{\"@type\":\"ImageObject\",\"inLanguage\":\"fi\",\"@id\":\"https:\\\/\\\/miumjau.ee\\\/fi\\\/tuote\\\/ibero-natural-senior-light-iberian-sian-ja-lampaan-kanssa-12kg\\\/#primaryimage\",\"url\":\"https:\\\/\\\/miumjau.ee\\\/wp-content\\\/uploads\\\/2025\\\/07\\\/ibero-senior-light-12kg-iberian-pork-lamb.jpg\",\"contentUrl\":\"https:\\\/\\\/miumjau.ee\\\/wp-content\\\/uploads\\\/2025\\\/07\\\/ibero-senior-light-12kg-iberian-pork-lamb.jpg\",\"width\":600,\"height\":800,\"caption\":\"Ibero Natural Senior\\\/Light 12kg\"},{\"@type\":\"BreadcrumbList\",\"@id\":\"https:\\\/\\\/miumjau.ee\\\/fi\\\/tuote\\\/ibero-natural-senior-light-iberian-sian-ja-lampaan-kanssa-12kg\\\/#breadcrumb\",\"itemListElement\":[{\"@type\":\"ListItem\",\"position\":1,\"name\":\"Home\",\"item\":\"https:\\\/\\\/miumjau.ee\\\/fi\\\/\"},{\"@type\":\"ListItem\",\"position\":2,\"name\":\"Kauppa\",\"item\":\"https:\\\/\\\/miumjau.ee\\\/fi\\\/kauppa\\\/\"},{\"@type\":\"ListItem\",\"position\":3,\"name\":\"Ibero Natural Senior\\\/Light Iberian sian ja lampaan kanssa 12kg\"}]},{\"@type\":\"WebSite\",\"@id\":\"https:\\\/\\\/miumjau.ee\\\/#website\",\"url\":\"https:\\\/\\\/miumjau.ee\\\/\",\"name\":\"MiuMjau\",\"description\":\"Kraapimispuud kassidele\",\"publisher\":{\"@id\":\"https:\\\/\\\/miumjau.ee\\\/#organization\"},\"potentialAction\":[{\"@type\":\"SearchAction\",\"target\":{\"@type\":\"EntryPoint\",\"urlTemplate\":\"https:\\\/\\\/miumjau.ee\\\/?s={search_term_string}\"},\"query-input\":{\"@type\":\"PropertyValueSpecification\",\"valueRequired\":true,\"valueName\":\"search_term_string\"}}],\"inLanguage\":\"fi\"},{\"@type\":\"Organization\",\"@id\":\"https:\\\/\\\/miumjau.ee\\\/#organization\",\"name\":\"MiuMjau O\u00dc\",\"url\":\"https:\\\/\\\/miumjau.ee\\\/\",\"logo\":{\"@type\":\"ImageObject\",\"inLanguage\":\"fi\",\"@id\":\"https:\\\/\\\/miumjau.ee\\\/#\\\/schema\\\/logo\\\/image\\\/\",\"url\":\"https:\\\/\\\/miumjau.ee\\\/wp-content\\\/uploads\\\/2022\\\/04\\\/MiuMjau-logo-kollane.png\",\"contentUrl\":\"https:\\\/\\\/miumjau.ee\\\/wp-content\\\/uploads\\\/2022\\\/04\\\/MiuMjau-logo-kollane.png\",\"width\":219,\"height\":100,\"caption\":\"MiuMjau O\u00dc\"},\"image\":{\"@id\":\"https:\\\/\\\/miumjau.ee\\\/#\\\/schema\\\/logo\\\/image\\\/\"},\"sameAs\":[\"https:\\\/\\\/www.facebook.com\\\/miumjaupood\\\/\"]}]}<\/script>\n<!-- \/ Yoast SEO plugin. -->","yoast_head_json":{"title":"Ibero Natural Senior\/Light Iberian sian ja lampaan kanssa 12kg - MiuMjau","robots":{"index":"index","follow":"follow","max-snippet":"max-snippet:-1","max-image-preview":"max-image-preview:large","max-video-preview":"max-video-preview:-1"},"canonical":"https:\/\/miumjau.ee\/fi\/tuote\/ibero-natural-senior-light-iberian-sian-ja-lampaan-kanssa-12kg\/","og_locale":"fi_FI","og_type":"article","og_title":"Ibero Natural Senior\/Light Iberian sian ja lampaan kanssa 12kg - MiuMjau","og_description":"AINEKSET: Kuivattu liha Iberian puolivillist\u00e4 siasta ja lampaasta 36 %, t\u00e4ysjyv\u00e4riisi 30 %, herne 10 %, ravintokuitu (hernekuitu), siipikarjanrasva, johanneksenleip\u00e4jauho, kuivattu punajuuri, oliiviuute, hiiva ja hiivauutteet \u2013 Saccharomyces cerevisiae, vitamiinit ja kivenn\u00e4isaineet, kala\u00f6ljy, inuliini, luonnollinen liukenematon kuitu, hydrolysoitu sianproteiin, chia-siemenet, merilev\u00e4, hydrolysoidut \u00e4yri\u00e4iset, hydrolysoitu rusto, Yucca Schidigera. ANALYYSIKOOSTUMUS: Raakaproteiini 29 %, raakarasva 10 %, raakakuitu 5,2 %, raakatuhka 7,6 %, kalsium 1,7 %, fosfori 0,95 %, kosteus 9 %, glukosamiinihydrokloridi 320 mg\/kg, kondroitiinisulfaatti 200 mg\/kg. LIS\u00c4AINEET: Ravintoaineet\/kg: A-vitamiini 15 000 IU, D3-vitamiini 1 800 IU, E-vitamiini 200 mg, C-vitamiini 100 mg, L-karnitiini 40 mg, tauriini 500 mg, rauta 75 mg, kupari 10 mg, mangaani 25 mg, sinkki 110 mg, jodi 2 mg, seleeni 0,1 mg.Teknologiset lis\u00e4aineet: Luonnolliset antioksidantit \u2013 tokoferolit. Metabolinen energia: 3 363 kcal\/kg","og_url":"https:\/\/miumjau.ee\/fi\/tuote\/ibero-natural-senior-light-iberian-sian-ja-lampaan-kanssa-12kg\/","og_site_name":"MiuMjau","article_publisher":"https:\/\/www.facebook.com\/miumjaupood\/","article_modified_time":"2026-01-07T20:49:52+00:00","og_image":[{"width":600,"height":800,"url":"https:\/\/miumjau.ee\/wp-content\/uploads\/2025\/07\/ibero-senior-light-12kg-iberian-pork-lamb.jpg","type":"image\/jpeg"}],"twitter_card":"summary_large_image","schema":{"@context":"https:\/\/schema.org","@graph":[{"@type":"WebPage","@id":"https:\/\/miumjau.ee\/fi\/tuote\/ibero-natural-senior-light-iberian-sian-ja-lampaan-kanssa-12kg\/","url":"https:\/\/miumjau.ee\/fi\/tuote\/ibero-natural-senior-light-iberian-sian-ja-lampaan-kanssa-12kg\/","name":"Ibero Natural Senior\/Light Iberian sian ja lampaan kanssa 12kg - MiuMjau","isPartOf":{"@id":"https:\/\/miumjau.ee\/#website"},"primaryImageOfPage":{"@id":"https:\/\/miumjau.ee\/fi\/tuote\/ibero-natural-senior-light-iberian-sian-ja-lampaan-kanssa-12kg\/#primaryimage"},"image":{"@id":"https:\/\/miumjau.ee\/fi\/tuote\/ibero-natural-senior-light-iberian-sian-ja-lampaan-kanssa-12kg\/#primaryimage"},"thumbnailUrl":"https:\/\/miumjau.ee\/wp-content\/uploads\/2025\/07\/ibero-senior-light-12kg-iberian-pork-lamb.jpg","datePublished":"2025-07-23T08:07:33+00:00","dateModified":"2026-01-07T20:49:52+00:00","breadcrumb":{"@id":"https:\/\/miumjau.ee\/fi\/tuote\/ibero-natural-senior-light-iberian-sian-ja-lampaan-kanssa-12kg\/#breadcrumb"},"inLanguage":"fi","potentialAction":[{"@type":"ReadAction","target":["https:\/\/miumjau.ee\/fi\/tuote\/ibero-natural-senior-light-iberian-sian-ja-lampaan-kanssa-12kg\/"]}]},{"@type":"ImageObject","inLanguage":"fi","@id":"https:\/\/miumjau.ee\/fi\/tuote\/ibero-natural-senior-light-iberian-sian-ja-lampaan-kanssa-12kg\/#primaryimage","url":"https:\/\/miumjau.ee\/wp-content\/uploads\/2025\/07\/ibero-senior-light-12kg-iberian-pork-lamb.jpg","contentUrl":"https:\/\/miumjau.ee\/wp-content\/uploads\/2025\/07\/ibero-senior-light-12kg-iberian-pork-lamb.jpg","width":600,"height":800,"caption":"Ibero Natural Senior\/Light 12kg"},{"@type":"BreadcrumbList","@id":"https:\/\/miumjau.ee\/fi\/tuote\/ibero-natural-senior-light-iberian-sian-ja-lampaan-kanssa-12kg\/#breadcrumb","itemListElement":[{"@type":"ListItem","position":1,"name":"Home","item":"https:\/\/miumjau.ee\/fi\/"},{"@type":"ListItem","position":2,"name":"Kauppa","item":"https:\/\/miumjau.ee\/fi\/kauppa\/"},{"@type":"ListItem","position":3,"name":"Ibero Natural Senior\/Light Iberian sian ja lampaan kanssa 12kg"}]},{"@type":"WebSite","@id":"https:\/\/miumjau.ee\/#website","url":"https:\/\/miumjau.ee\/","name":"MiuMjau","description":"Kraapimispuud kassidele","publisher":{"@id":"https:\/\/miumjau.ee\/#organization"},"potentialAction":[{"@type":"SearchAction","target":{"@type":"EntryPoint","urlTemplate":"https:\/\/miumjau.ee\/?s={search_term_string}"},"query-input":{"@type":"PropertyValueSpecification","valueRequired":true,"valueName":"search_term_string"}}],"inLanguage":"fi"},{"@type":"Organization","@id":"https:\/\/miumjau.ee\/#organization","name":"MiuMjau O\u00dc","url":"https:\/\/miumjau.ee\/","logo":{"@type":"ImageObject","inLanguage":"fi","@id":"https:\/\/miumjau.ee\/#\/schema\/logo\/image\/","url":"https:\/\/miumjau.ee\/wp-content\/uploads\/2022\/04\/MiuMjau-logo-kollane.png","contentUrl":"https:\/\/miumjau.ee\/wp-content\/uploads\/2022\/04\/MiuMjau-logo-kollane.png","width":219,"height":100,"caption":"MiuMjau O\u00dc"},"image":{"@id":"https:\/\/miumjau.ee\/#\/schema\/logo\/image\/"},"sameAs":["https:\/\/www.facebook.com\/miumjaupood\/"]}]}},"_links":{"self":[{"href":"https:\/\/miumjau.ee\/fi\/wp-json\/wp\/v2\/product\/38887","targetHints":{"allow":["GET"]}}],"collection":[{"href":"https:\/\/miumjau.ee\/fi\/wp-json\/wp\/v2\/product"}],"about":[{"href":"https:\/\/miumjau.ee\/fi\/wp-json\/wp\/v2\/types\/product"}],"wp:featuredmedia":[{"embeddable":true,"href":"https:\/\/miumjau.ee\/fi\/wp-json\/wp\/v2\/media\/38070"}],"wp:attachment":[{"href":"https:\/\/miumjau.ee\/fi\/wp-json\/wp\/v2\/media?parent=38887"}],"wp:term":[{"taxonomy":"product_brand","embeddable":true,"href":"https:\/\/miumjau.ee\/fi\/wp-json\/wp\/v2\/product_brand?post=38887"},{"taxonomy":"product_cat","embeddable":true,"href":"https:\/\/miumjau.ee\/fi\/wp-json\/wp\/v2\/product_cat?post=38887"},{"taxonomy":"product_tag","embeddable":true,"href":"https:\/\/miumjau.ee\/fi\/wp-json\/wp\/v2\/product_tag?post=38887"}],"curies":[{"name":"wp","href":"https:\/\/api.w.org\/{rel}","templated":true}]}}