{"id":37778,"date":"2025-07-18T20:43:26","date_gmt":"2025-07-18T17:43:26","guid":{"rendered":"https:\/\/miumjau.ee\/toode\/koira-aitaus-suurille-koirille-xxl-121x74x80-5\/"},"modified":"2026-01-07T22:50:00","modified_gmt":"2026-01-07T20:50:00","slug":"koira-aitaus-suurille-koirille-xxl-121x74x80-5","status":"publish","type":"product","link":"https:\/\/miumjau.ee\/fi\/tuote\/koira-aitaus-suurille-koirille-xxl-121x74x80-5\/","title":{"rendered":"Koira-aitaus suurille koirille XXL 121x74x80.5"},"content":{"rendered":"","protected":false},"excerpt":{"rendered":"<p data-start=\"1752\" data-end=\"2176\">Koira-aitaus lemmikin turvalliseen s\u00e4ilytt\u00e4miseen autossa tai kotona. Valmistettu metallista. Tilava rakenne takaa mukavuuden koirallesi. Erikoisrakenne sopii useimpien autojen tavaratilaan. Valmistettu korkealaatuisista, kest\u00e4vist\u00e4 ja vahvoista materiaaleista. Varustettu liukumattomilla liukukiskoilla helpompaa kuljetusta varten. Suuret etu- ja sivuovet takaavat hyv\u00e4n ilmankierron ja riitt\u00e4v\u00e4n tuuletuksen tavaratilassa.<\/p>\n<p data-start=\"2178\" data-end=\"2234\">Laadukas, kokoontaitettava metallinen h\u00e4kki lemmikeille.<\/p>\n<p data-start=\"2236\" data-end=\"2296\">Irrotettava muovinen pohja helpottaa puhdistusta ja huoltoa.<\/p>\n<p data-start=\"2298\" data-end=\"2364\">Kaksipuoliset ovet mahdollistavat joustavan p\u00e4\u00e4syn ja sijoittelun.<\/p>\n","protected":false},"featured_media":37770,"template":"","meta":[],"product_brand":[],"product_cat":[482],"product_tag":[],"class_list":{"0":"post-37778","1":"product","2":"type-product","3":"status-publish","4":"has-post-thumbnail","6":"product_cat-hakit-kantolaukut","7":"product_shipping_class-pakiautomaati-sobimatu-fi","9":"first","10":"outofstock","11":"taxable","12":"shipping-taxable","13":"purchasable","14":"product-type-simple"},"yoast_head":"<!-- This site is optimized with the Yoast SEO plugin v27.2 - https:\/\/yoast.com\/product\/yoast-seo-wordpress\/ -->\n<title>Koira-aitaus suurille koirille XXL 121x74x80.5 - MiuMjau<\/title>\n<meta name=\"description\" content=\"Koira-aitaus, joka sopii suurille koirille. Turvallinen ja varma paikka lemmikillesi lepohetkiin ja tilanteisiin, joissa tarvitaan suljettu ymp\u00e4rist\u00f6.\" \/>\n<meta name=\"robots\" content=\"index, follow, max-snippet:-1, max-image-preview:large, max-video-preview:-1\" \/>\n<link rel=\"canonical\" href=\"https:\/\/miumjau.ee\/tuote\/koerapuur-suurele-koerale-xxl-121x74x80-5\/\" \/>\n<meta property=\"og:locale\" content=\"fi_FI\" \/>\n<meta property=\"og:type\" content=\"article\" \/>\n<meta property=\"og:title\" content=\"Koira-aitaus suurille koirille XXL 121x74x80.5 - MiuMjau\" \/>\n<meta property=\"og:description\" content=\"Koira-aitaus, joka sopii suurille koirille. Turvallinen ja varma paikka lemmikillesi lepohetkiin ja tilanteisiin, joissa tarvitaan suljettu ymp\u00e4rist\u00f6.\" \/>\n<meta property=\"og:url\" content=\"https:\/\/miumjau.ee\/tuote\/koerapuur-suurele-koerale-xxl-121x74x80-5\/\" \/>\n<meta property=\"og:site_name\" content=\"MiuMjau\" \/>\n<meta property=\"article:publisher\" content=\"https:\/\/www.facebook.com\/miumjaupood\/\" \/>\n<meta property=\"article:modified_time\" content=\"2026-01-07T20:50:00+00:00\" \/>\n<meta property=\"og:image\" content=\"https:\/\/miumjau.ee\/wp-content\/uploads\/2025\/07\/koerapuur-xxl4.jpg\" \/>\n\t<meta property=\"og:image:width\" content=\"600\" \/>\n\t<meta property=\"og:image:height\" content=\"800\" \/>\n\t<meta property=\"og:image:type\" content=\"image\/jpeg\" \/>\n<meta name=\"twitter:card\" content=\"summary_large_image\" \/>\n<script type=\"application\/ld+json\" class=\"yoast-schema-graph\">{\"@context\":\"https:\/\/schema.org\",\"@graph\":[{\"@type\":\"WebPage\",\"@id\":\"https:\/\/miumjau.ee\/tuote\/koerapuur-suurele-koerale-xxl-121x74x80-5\/\",\"url\":\"https:\/\/miumjau.ee\/tuote\/koerapuur-suurele-koerale-xxl-121x74x80-5\/\",\"name\":\"Koira-aitaus suurille koirille XXL 121x74x80.5 - MiuMjau\",\"isPartOf\":{\"@id\":\"https:\/\/miumjau.ee\/#website\"},\"primaryImageOfPage\":{\"@id\":\"https:\/\/miumjau.ee\/tuote\/koerapuur-suurele-koerale-xxl-121x74x80-5\/#primaryimage\"},\"image\":{\"@id\":\"https:\/\/miumjau.ee\/tuote\/koerapuur-suurele-koerale-xxl-121x74x80-5\/#primaryimage\"},\"thumbnailUrl\":\"https:\/\/miumjau.ee\/wp-content\/uploads\/2025\/07\/koerapuur-xxl4.jpg\",\"datePublished\":\"2025-07-18T17:43:26+00:00\",\"dateModified\":\"2026-01-07T20:50:00+00:00\",\"description\":\"Koira-aitaus, joka sopii suurille koirille. Turvallinen ja varma paikka lemmikillesi lepohetkiin ja tilanteisiin, joissa tarvitaan suljettu ymp\u00e4rist\u00f6.\",\"breadcrumb\":{\"@id\":\"https:\/\/miumjau.ee\/tuote\/koerapuur-suurele-koerale-xxl-121x74x80-5\/#breadcrumb\"},\"inLanguage\":\"fi\",\"potentialAction\":[{\"@type\":\"ReadAction\",\"target\":[\"https:\/\/miumjau.ee\/tuote\/koerapuur-suurele-koerale-xxl-121x74x80-5\/\"]}]},{\"@type\":\"ImageObject\",\"inLanguage\":\"fi\",\"@id\":\"https:\/\/miumjau.ee\/tuote\/koerapuur-suurele-koerale-xxl-121x74x80-5\/#primaryimage\",\"url\":\"https:\/\/miumjau.ee\/wp-content\/uploads\/2025\/07\/koerapuur-xxl4.jpg\",\"contentUrl\":\"https:\/\/miumjau.ee\/wp-content\/uploads\/2025\/07\/koerapuur-xxl4.jpg\",\"width\":600,\"height\":800,\"caption\":\"Koerapuur suurele koerale XXL 121x74x80.5\"},{\"@type\":\"BreadcrumbList\",\"@id\":\"https:\/\/miumjau.ee\/tuote\/koerapuur-suurele-koerale-xxl-121x74x80-5\/#breadcrumb\",\"itemListElement\":[{\"@type\":\"ListItem\",\"position\":1,\"name\":\"Home\",\"item\":\"https:\/\/miumjau.ee\/fi\/\"},{\"@type\":\"ListItem\",\"position\":2,\"name\":\"Kauppa\",\"item\":\"https:\/\/miumjau.ee\/fi\/kauppa\/\"},{\"@type\":\"ListItem\",\"position\":3,\"name\":\"Koira-aitaus suurille koirille XXL 121x74x80.5\"}]},{\"@type\":\"WebSite\",\"@id\":\"https:\/\/miumjau.ee\/#website\",\"url\":\"https:\/\/miumjau.ee\/\",\"name\":\"MiuMjau\",\"description\":\"Kraapimispuud kassidele\",\"publisher\":{\"@id\":\"https:\/\/miumjau.ee\/#organization\"},\"potentialAction\":[{\"@type\":\"SearchAction\",\"target\":{\"@type\":\"EntryPoint\",\"urlTemplate\":\"https:\/\/miumjau.ee\/?s={search_term_string}\"},\"query-input\":{\"@type\":\"PropertyValueSpecification\",\"valueRequired\":true,\"valueName\":\"search_term_string\"}}],\"inLanguage\":\"fi\"},{\"@type\":\"Organization\",\"@id\":\"https:\/\/miumjau.ee\/#organization\",\"name\":\"MiuMjau O\u00dc\",\"url\":\"https:\/\/miumjau.ee\/\",\"logo\":{\"@type\":\"ImageObject\",\"inLanguage\":\"fi\",\"@id\":\"https:\/\/miumjau.ee\/#\/schema\/logo\/image\/\",\"url\":\"https:\/\/miumjau.ee\/wp-content\/uploads\/2022\/04\/MiuMjau-logo-kollane.png\",\"contentUrl\":\"https:\/\/miumjau.ee\/wp-content\/uploads\/2022\/04\/MiuMjau-logo-kollane.png\",\"width\":219,\"height\":100,\"caption\":\"MiuMjau O\u00dc\"},\"image\":{\"@id\":\"https:\/\/miumjau.ee\/#\/schema\/logo\/image\/\"},\"sameAs\":[\"https:\/\/www.facebook.com\/miumjaupood\/\"]}]}<\/script>\n<!-- \/ Yoast SEO plugin. -->","yoast_head_json":{"title":"Koira-aitaus suurille koirille XXL 121x74x80.5 - MiuMjau","description":"Koira-aitaus, joka sopii suurille koirille. Turvallinen ja varma paikka lemmikillesi lepohetkiin ja tilanteisiin, joissa tarvitaan suljettu ymp\u00e4rist\u00f6.","robots":{"index":"index","follow":"follow","max-snippet":"max-snippet:-1","max-image-preview":"max-image-preview:large","max-video-preview":"max-video-preview:-1"},"canonical":"https:\/\/miumjau.ee\/tuote\/koerapuur-suurele-koerale-xxl-121x74x80-5\/","og_locale":"fi_FI","og_type":"article","og_title":"Koira-aitaus suurille koirille XXL 121x74x80.5 - MiuMjau","og_description":"Koira-aitaus, joka sopii suurille koirille. Turvallinen ja varma paikka lemmikillesi lepohetkiin ja tilanteisiin, joissa tarvitaan suljettu ymp\u00e4rist\u00f6.","og_url":"https:\/\/miumjau.ee\/tuote\/koerapuur-suurele-koerale-xxl-121x74x80-5\/","og_site_name":"MiuMjau","article_publisher":"https:\/\/www.facebook.com\/miumjaupood\/","article_modified_time":"2026-01-07T20:50:00+00:00","og_image":[{"width":600,"height":800,"url":"https:\/\/miumjau.ee\/wp-content\/uploads\/2025\/07\/koerapuur-xxl4.jpg","type":"image\/jpeg"}],"twitter_card":"summary_large_image","schema":{"@context":"https:\/\/schema.org","@graph":[{"@type":"WebPage","@id":"https:\/\/miumjau.ee\/tuote\/koerapuur-suurele-koerale-xxl-121x74x80-5\/","url":"https:\/\/miumjau.ee\/tuote\/koerapuur-suurele-koerale-xxl-121x74x80-5\/","name":"Koira-aitaus suurille koirille XXL 121x74x80.5 - MiuMjau","isPartOf":{"@id":"https:\/\/miumjau.ee\/#website"},"primaryImageOfPage":{"@id":"https:\/\/miumjau.ee\/tuote\/koerapuur-suurele-koerale-xxl-121x74x80-5\/#primaryimage"},"image":{"@id":"https:\/\/miumjau.ee\/tuote\/koerapuur-suurele-koerale-xxl-121x74x80-5\/#primaryimage"},"thumbnailUrl":"https:\/\/miumjau.ee\/wp-content\/uploads\/2025\/07\/koerapuur-xxl4.jpg","datePublished":"2025-07-18T17:43:26+00:00","dateModified":"2026-01-07T20:50:00+00:00","description":"Koira-aitaus, joka sopii suurille koirille. Turvallinen ja varma paikka lemmikillesi lepohetkiin ja tilanteisiin, joissa tarvitaan suljettu ymp\u00e4rist\u00f6.","breadcrumb":{"@id":"https:\/\/miumjau.ee\/tuote\/koerapuur-suurele-koerale-xxl-121x74x80-5\/#breadcrumb"},"inLanguage":"fi","potentialAction":[{"@type":"ReadAction","target":["https:\/\/miumjau.ee\/tuote\/koerapuur-suurele-koerale-xxl-121x74x80-5\/"]}]},{"@type":"ImageObject","inLanguage":"fi","@id":"https:\/\/miumjau.ee\/tuote\/koerapuur-suurele-koerale-xxl-121x74x80-5\/#primaryimage","url":"https:\/\/miumjau.ee\/wp-content\/uploads\/2025\/07\/koerapuur-xxl4.jpg","contentUrl":"https:\/\/miumjau.ee\/wp-content\/uploads\/2025\/07\/koerapuur-xxl4.jpg","width":600,"height":800,"caption":"Koerapuur suurele koerale XXL 121x74x80.5"},{"@type":"BreadcrumbList","@id":"https:\/\/miumjau.ee\/tuote\/koerapuur-suurele-koerale-xxl-121x74x80-5\/#breadcrumb","itemListElement":[{"@type":"ListItem","position":1,"name":"Home","item":"https:\/\/miumjau.ee\/fi\/"},{"@type":"ListItem","position":2,"name":"Kauppa","item":"https:\/\/miumjau.ee\/fi\/kauppa\/"},{"@type":"ListItem","position":3,"name":"Koira-aitaus suurille koirille XXL 121x74x80.5"}]},{"@type":"WebSite","@id":"https:\/\/miumjau.ee\/#website","url":"https:\/\/miumjau.ee\/","name":"MiuMjau","description":"Kraapimispuud kassidele","publisher":{"@id":"https:\/\/miumjau.ee\/#organization"},"potentialAction":[{"@type":"SearchAction","target":{"@type":"EntryPoint","urlTemplate":"https:\/\/miumjau.ee\/?s={search_term_string}"},"query-input":{"@type":"PropertyValueSpecification","valueRequired":true,"valueName":"search_term_string"}}],"inLanguage":"fi"},{"@type":"Organization","@id":"https:\/\/miumjau.ee\/#organization","name":"MiuMjau O\u00dc","url":"https:\/\/miumjau.ee\/","logo":{"@type":"ImageObject","inLanguage":"fi","@id":"https:\/\/miumjau.ee\/#\/schema\/logo\/image\/","url":"https:\/\/miumjau.ee\/wp-content\/uploads\/2022\/04\/MiuMjau-logo-kollane.png","contentUrl":"https:\/\/miumjau.ee\/wp-content\/uploads\/2022\/04\/MiuMjau-logo-kollane.png","width":219,"height":100,"caption":"MiuMjau O\u00dc"},"image":{"@id":"https:\/\/miumjau.ee\/#\/schema\/logo\/image\/"},"sameAs":["https:\/\/www.facebook.com\/miumjaupood\/"]}]}},"_links":{"self":[{"href":"https:\/\/miumjau.ee\/fi\/wp-json\/wp\/v2\/product\/37778","targetHints":{"allow":["GET"]}}],"collection":[{"href":"https:\/\/miumjau.ee\/fi\/wp-json\/wp\/v2\/product"}],"about":[{"href":"https:\/\/miumjau.ee\/fi\/wp-json\/wp\/v2\/types\/product"}],"wp:featuredmedia":[{"embeddable":true,"href":"https:\/\/miumjau.ee\/fi\/wp-json\/wp\/v2\/media\/37770"}],"wp:attachment":[{"href":"https:\/\/miumjau.ee\/fi\/wp-json\/wp\/v2\/media?parent=37778"}],"wp:term":[{"taxonomy":"product_brand","embeddable":true,"href":"https:\/\/miumjau.ee\/fi\/wp-json\/wp\/v2\/product_brand?post=37778"},{"taxonomy":"product_cat","embeddable":true,"href":"https:\/\/miumjau.ee\/fi\/wp-json\/wp\/v2\/product_cat?post=37778"},{"taxonomy":"product_tag","embeddable":true,"href":"https:\/\/miumjau.ee\/fi\/wp-json\/wp\/v2\/product_tag?post=37778"}],"curies":[{"name":"wp","href":"https:\/\/api.w.org\/{rel}","templated":true}]}}