{"id":37451,"date":"2025-05-28T16:11:36","date_gmt":"2025-05-28T13:11:36","guid":{"rendered":"https:\/\/miumjau.ee\/toode\/puhvelisarvinen-koysi-koiran-lelu-frigera-m\/"},"modified":"2026-01-07T22:50:00","modified_gmt":"2026-01-07T20:50:00","slug":"puhvelisarvinen-koysi-koiran-lelu-frigera-m","status":"publish","type":"product","link":"https:\/\/miumjau.ee\/fi\/tuote\/puhvelisarvinen-koysi-koiran-lelu-frigera-m\/","title":{"rendered":"Puhvelisarvinen k\u00f6ysi, koiran lelu Frigera M"},"content":{"rendered":"","protected":false},"excerpt":{"rendered":"<p data-start=\"70\" data-end=\"483\"><strong data-start=\"70\" data-end=\"226\">Eik\u00f6 nelijalkainen yst\u00e4v\u00e4si pysty vastustamaan kallistesi lenkkareiden pureskelua? \u00c4l\u00e4 huoli, Frigera-puhvelisarvesta valmistettu k\u00f6ysilelu tulee apuun!<\/strong> T\u00e4m\u00e4 k\u00e4sity\u00f6n\u00e4 valmistettu luonnollinen lelu tarjoaa koirallesi tuntikausiksi pureskelun iloa. Lis\u00e4ksi uskotaan, ett\u00e4 intensiivinen pureskelu lievitt\u00e4\u00e4 ahdistusoireita ja auttaa v\u00e4hent\u00e4m\u00e4\u00e4n hammaskive\u00e4, tukien siten rakkaan lemmikkisi yleist\u00e4 suuhygieniaa.<\/p>\n<p data-start=\"485\" data-end=\"876\">Meid\u00e4n puhvelisarvesta ja puuvillak\u00f6ydest\u00e4 valmistettu lelu on terveellinen ja vastuullinen vaihtoehto kalliille synteettisille puruleluille, sill\u00e4 se yhdist\u00e4\u00e4 orgaanisen puuvillany\u00f6rin ja ravinteikkaat puhvelisarven palat. N\u00e4m\u00e4 palat ovat t\u00e4ynn\u00e4 proteiinia, kalsiumia ja fosforia, jotka tukevat terveit\u00e4 luita ja lihaksia! Sis\u00e4inen keratiini tekee lelusta kest\u00e4v\u00e4n viikkoja, jopa kuukausia!<\/p>\n<p data-start=\"878\" data-end=\"944\"><strong data-start=\"878\" data-end=\"893\">Nettopaino:<\/strong> 350 g<br data-start=\"899\" data-end=\"902\" \/><strong data-start=\"902\" data-end=\"916\">Koostumus:<\/strong> puhvelisarvi, puuvillak\u00f6ysi<\/p>\n","protected":false},"featured_media":35739,"template":"","meta":[],"product_brand":[],"product_cat":[484],"product_tag":[],"class_list":{"0":"post-37451","1":"product","2":"type-product","3":"status-publish","4":"has-post-thumbnail","6":"product_cat-lelut-koirille","8":"first","9":"instock","10":"sale","11":"taxable","12":"shipping-taxable","13":"purchasable","14":"product-type-simple"},"yoast_head":"<!-- This site is optimized with the Yoast SEO plugin v27.2 - https:\/\/yoast.com\/product\/yoast-seo-wordpress\/ -->\n<title>Puhvelisarvinen k\u00f6ysi, koiran lelu Frigera M - MiuMjau<\/title>\n<meta name=\"description\" content=\"Puhvelisarvik\u00f6ysi on eritt\u00e4in ainutlaatuinen ja mielenkiintoinen lelu koirille. Maksimaalisesti luonnollinen ja houkutteleva. Ihanteellinen vetoleikkeihin.\" \/>\n<meta name=\"robots\" content=\"index, follow, max-snippet:-1, max-image-preview:large, max-video-preview:-1\" \/>\n<link rel=\"canonical\" href=\"https:\/\/miumjau.ee\/fi\/tuote\/puhvelisarvinen-koysi-koiran-lelu-frigera-m\/\" \/>\n<meta property=\"og:locale\" content=\"fi_FI\" \/>\n<meta property=\"og:type\" content=\"article\" \/>\n<meta property=\"og:title\" content=\"Puhvelisarvinen k\u00f6ysi, koiran lelu Frigera M - MiuMjau\" \/>\n<meta property=\"og:description\" content=\"Puhvelisarvik\u00f6ysi on eritt\u00e4in ainutlaatuinen ja mielenkiintoinen lelu koirille. Maksimaalisesti luonnollinen ja houkutteleva. Ihanteellinen vetoleikkeihin.\" \/>\n<meta property=\"og:url\" content=\"https:\/\/miumjau.ee\/fi\/tuote\/puhvelisarvinen-koysi-koiran-lelu-frigera-m\/\" \/>\n<meta property=\"og:site_name\" content=\"MiuMjau\" \/>\n<meta property=\"article:publisher\" content=\"https:\/\/www.facebook.com\/miumjaupood\/\" \/>\n<meta property=\"article:modified_time\" content=\"2026-01-07T20:50:00+00:00\" \/>\n<meta property=\"og:image\" content=\"https:\/\/miumjau.ee\/wp-content\/uploads\/2025\/05\/kois-puhvli-sarvega-frigera2.webp\" \/>\n\t<meta property=\"og:image:width\" content=\"600\" \/>\n\t<meta property=\"og:image:height\" content=\"800\" \/>\n\t<meta property=\"og:image:type\" content=\"image\/webp\" \/>\n<meta name=\"twitter:card\" content=\"summary_large_image\" \/>\n<script type=\"application\/ld+json\" class=\"yoast-schema-graph\">{\"@context\":\"https:\/\/schema.org\",\"@graph\":[{\"@type\":\"WebPage\",\"@id\":\"https:\/\/miumjau.ee\/fi\/tuote\/puhvelisarvinen-koysi-koiran-lelu-frigera-m\/\",\"url\":\"https:\/\/miumjau.ee\/fi\/tuote\/puhvelisarvinen-koysi-koiran-lelu-frigera-m\/\",\"name\":\"Puhvelisarvinen k\u00f6ysi, koiran lelu Frigera M - MiuMjau\",\"isPartOf\":{\"@id\":\"https:\/\/miumjau.ee\/#website\"},\"primaryImageOfPage\":{\"@id\":\"https:\/\/miumjau.ee\/fi\/tuote\/puhvelisarvinen-koysi-koiran-lelu-frigera-m\/#primaryimage\"},\"image\":{\"@id\":\"https:\/\/miumjau.ee\/fi\/tuote\/puhvelisarvinen-koysi-koiran-lelu-frigera-m\/#primaryimage\"},\"thumbnailUrl\":\"https:\/\/miumjau.ee\/wp-content\/uploads\/2025\/05\/kois-puhvli-sarvega-frigera2.webp\",\"datePublished\":\"2025-05-28T13:11:36+00:00\",\"dateModified\":\"2026-01-07T20:50:00+00:00\",\"description\":\"Puhvelisarvik\u00f6ysi on eritt\u00e4in ainutlaatuinen ja mielenkiintoinen lelu koirille. Maksimaalisesti luonnollinen ja houkutteleva. Ihanteellinen vetoleikkeihin.\",\"breadcrumb\":{\"@id\":\"https:\/\/miumjau.ee\/fi\/tuote\/puhvelisarvinen-koysi-koiran-lelu-frigera-m\/#breadcrumb\"},\"inLanguage\":\"fi\",\"potentialAction\":[{\"@type\":\"ReadAction\",\"target\":[\"https:\/\/miumjau.ee\/fi\/tuote\/puhvelisarvinen-koysi-koiran-lelu-frigera-m\/\"]}]},{\"@type\":\"ImageObject\",\"inLanguage\":\"fi\",\"@id\":\"https:\/\/miumjau.ee\/fi\/tuote\/puhvelisarvinen-koysi-koiran-lelu-frigera-m\/#primaryimage\",\"url\":\"https:\/\/miumjau.ee\/wp-content\/uploads\/2025\/05\/kois-puhvli-sarvega-frigera2.webp\",\"contentUrl\":\"https:\/\/miumjau.ee\/wp-content\/uploads\/2025\/05\/kois-puhvli-sarvega-frigera2.webp\",\"width\":600,\"height\":800,\"caption\":\"P\u00fchvli sarvega k\u00f6is, m\u00e4nguasi koertele M\"},{\"@type\":\"BreadcrumbList\",\"@id\":\"https:\/\/miumjau.ee\/fi\/tuote\/puhvelisarvinen-koysi-koiran-lelu-frigera-m\/#breadcrumb\",\"itemListElement\":[{\"@type\":\"ListItem\",\"position\":1,\"name\":\"Home\",\"item\":\"https:\/\/miumjau.ee\/fi\/\"},{\"@type\":\"ListItem\",\"position\":2,\"name\":\"Kauppa\",\"item\":\"https:\/\/miumjau.ee\/fi\/kauppa\/\"},{\"@type\":\"ListItem\",\"position\":3,\"name\":\"Puhvelisarvinen k\u00f6ysi, koiran lelu Frigera M\"}]},{\"@type\":\"WebSite\",\"@id\":\"https:\/\/miumjau.ee\/#website\",\"url\":\"https:\/\/miumjau.ee\/\",\"name\":\"MiuMjau\",\"description\":\"Kraapimispuud kassidele\",\"publisher\":{\"@id\":\"https:\/\/miumjau.ee\/#organization\"},\"potentialAction\":[{\"@type\":\"SearchAction\",\"target\":{\"@type\":\"EntryPoint\",\"urlTemplate\":\"https:\/\/miumjau.ee\/?s={search_term_string}\"},\"query-input\":{\"@type\":\"PropertyValueSpecification\",\"valueRequired\":true,\"valueName\":\"search_term_string\"}}],\"inLanguage\":\"fi\"},{\"@type\":\"Organization\",\"@id\":\"https:\/\/miumjau.ee\/#organization\",\"name\":\"MiuMjau O\u00dc\",\"url\":\"https:\/\/miumjau.ee\/\",\"logo\":{\"@type\":\"ImageObject\",\"inLanguage\":\"fi\",\"@id\":\"https:\/\/miumjau.ee\/#\/schema\/logo\/image\/\",\"url\":\"https:\/\/miumjau.ee\/wp-content\/uploads\/2022\/04\/MiuMjau-logo-kollane.png\",\"contentUrl\":\"https:\/\/miumjau.ee\/wp-content\/uploads\/2022\/04\/MiuMjau-logo-kollane.png\",\"width\":219,\"height\":100,\"caption\":\"MiuMjau O\u00dc\"},\"image\":{\"@id\":\"https:\/\/miumjau.ee\/#\/schema\/logo\/image\/\"},\"sameAs\":[\"https:\/\/www.facebook.com\/miumjaupood\/\"]}]}<\/script>\n<!-- \/ Yoast SEO plugin. -->","yoast_head_json":{"title":"Puhvelisarvinen k\u00f6ysi, koiran lelu Frigera M - MiuMjau","description":"Puhvelisarvik\u00f6ysi on eritt\u00e4in ainutlaatuinen ja mielenkiintoinen lelu koirille. Maksimaalisesti luonnollinen ja houkutteleva. Ihanteellinen vetoleikkeihin.","robots":{"index":"index","follow":"follow","max-snippet":"max-snippet:-1","max-image-preview":"max-image-preview:large","max-video-preview":"max-video-preview:-1"},"canonical":"https:\/\/miumjau.ee\/fi\/tuote\/puhvelisarvinen-koysi-koiran-lelu-frigera-m\/","og_locale":"fi_FI","og_type":"article","og_title":"Puhvelisarvinen k\u00f6ysi, koiran lelu Frigera M - MiuMjau","og_description":"Puhvelisarvik\u00f6ysi on eritt\u00e4in ainutlaatuinen ja mielenkiintoinen lelu koirille. Maksimaalisesti luonnollinen ja houkutteleva. Ihanteellinen vetoleikkeihin.","og_url":"https:\/\/miumjau.ee\/fi\/tuote\/puhvelisarvinen-koysi-koiran-lelu-frigera-m\/","og_site_name":"MiuMjau","article_publisher":"https:\/\/www.facebook.com\/miumjaupood\/","article_modified_time":"2026-01-07T20:50:00+00:00","og_image":[{"width":600,"height":800,"url":"https:\/\/miumjau.ee\/wp-content\/uploads\/2025\/05\/kois-puhvli-sarvega-frigera2.webp","type":"image\/webp"}],"twitter_card":"summary_large_image","schema":{"@context":"https:\/\/schema.org","@graph":[{"@type":"WebPage","@id":"https:\/\/miumjau.ee\/fi\/tuote\/puhvelisarvinen-koysi-koiran-lelu-frigera-m\/","url":"https:\/\/miumjau.ee\/fi\/tuote\/puhvelisarvinen-koysi-koiran-lelu-frigera-m\/","name":"Puhvelisarvinen k\u00f6ysi, koiran lelu Frigera M - MiuMjau","isPartOf":{"@id":"https:\/\/miumjau.ee\/#website"},"primaryImageOfPage":{"@id":"https:\/\/miumjau.ee\/fi\/tuote\/puhvelisarvinen-koysi-koiran-lelu-frigera-m\/#primaryimage"},"image":{"@id":"https:\/\/miumjau.ee\/fi\/tuote\/puhvelisarvinen-koysi-koiran-lelu-frigera-m\/#primaryimage"},"thumbnailUrl":"https:\/\/miumjau.ee\/wp-content\/uploads\/2025\/05\/kois-puhvli-sarvega-frigera2.webp","datePublished":"2025-05-28T13:11:36+00:00","dateModified":"2026-01-07T20:50:00+00:00","description":"Puhvelisarvik\u00f6ysi on eritt\u00e4in ainutlaatuinen ja mielenkiintoinen lelu koirille. Maksimaalisesti luonnollinen ja houkutteleva. Ihanteellinen vetoleikkeihin.","breadcrumb":{"@id":"https:\/\/miumjau.ee\/fi\/tuote\/puhvelisarvinen-koysi-koiran-lelu-frigera-m\/#breadcrumb"},"inLanguage":"fi","potentialAction":[{"@type":"ReadAction","target":["https:\/\/miumjau.ee\/fi\/tuote\/puhvelisarvinen-koysi-koiran-lelu-frigera-m\/"]}]},{"@type":"ImageObject","inLanguage":"fi","@id":"https:\/\/miumjau.ee\/fi\/tuote\/puhvelisarvinen-koysi-koiran-lelu-frigera-m\/#primaryimage","url":"https:\/\/miumjau.ee\/wp-content\/uploads\/2025\/05\/kois-puhvli-sarvega-frigera2.webp","contentUrl":"https:\/\/miumjau.ee\/wp-content\/uploads\/2025\/05\/kois-puhvli-sarvega-frigera2.webp","width":600,"height":800,"caption":"P\u00fchvli sarvega k\u00f6is, m\u00e4nguasi koertele M"},{"@type":"BreadcrumbList","@id":"https:\/\/miumjau.ee\/fi\/tuote\/puhvelisarvinen-koysi-koiran-lelu-frigera-m\/#breadcrumb","itemListElement":[{"@type":"ListItem","position":1,"name":"Home","item":"https:\/\/miumjau.ee\/fi\/"},{"@type":"ListItem","position":2,"name":"Kauppa","item":"https:\/\/miumjau.ee\/fi\/kauppa\/"},{"@type":"ListItem","position":3,"name":"Puhvelisarvinen k\u00f6ysi, koiran lelu Frigera M"}]},{"@type":"WebSite","@id":"https:\/\/miumjau.ee\/#website","url":"https:\/\/miumjau.ee\/","name":"MiuMjau","description":"Kraapimispuud kassidele","publisher":{"@id":"https:\/\/miumjau.ee\/#organization"},"potentialAction":[{"@type":"SearchAction","target":{"@type":"EntryPoint","urlTemplate":"https:\/\/miumjau.ee\/?s={search_term_string}"},"query-input":{"@type":"PropertyValueSpecification","valueRequired":true,"valueName":"search_term_string"}}],"inLanguage":"fi"},{"@type":"Organization","@id":"https:\/\/miumjau.ee\/#organization","name":"MiuMjau O\u00dc","url":"https:\/\/miumjau.ee\/","logo":{"@type":"ImageObject","inLanguage":"fi","@id":"https:\/\/miumjau.ee\/#\/schema\/logo\/image\/","url":"https:\/\/miumjau.ee\/wp-content\/uploads\/2022\/04\/MiuMjau-logo-kollane.png","contentUrl":"https:\/\/miumjau.ee\/wp-content\/uploads\/2022\/04\/MiuMjau-logo-kollane.png","width":219,"height":100,"caption":"MiuMjau O\u00dc"},"image":{"@id":"https:\/\/miumjau.ee\/#\/schema\/logo\/image\/"},"sameAs":["https:\/\/www.facebook.com\/miumjaupood\/"]}]}},"_links":{"self":[{"href":"https:\/\/miumjau.ee\/fi\/wp-json\/wp\/v2\/product\/37451","targetHints":{"allow":["GET"]}}],"collection":[{"href":"https:\/\/miumjau.ee\/fi\/wp-json\/wp\/v2\/product"}],"about":[{"href":"https:\/\/miumjau.ee\/fi\/wp-json\/wp\/v2\/types\/product"}],"wp:featuredmedia":[{"embeddable":true,"href":"https:\/\/miumjau.ee\/fi\/wp-json\/wp\/v2\/media\/35739"}],"wp:attachment":[{"href":"https:\/\/miumjau.ee\/fi\/wp-json\/wp\/v2\/media?parent=37451"}],"wp:term":[{"taxonomy":"product_brand","embeddable":true,"href":"https:\/\/miumjau.ee\/fi\/wp-json\/wp\/v2\/product_brand?post=37451"},{"taxonomy":"product_cat","embeddable":true,"href":"https:\/\/miumjau.ee\/fi\/wp-json\/wp\/v2\/product_cat?post=37451"},{"taxonomy":"product_tag","embeddable":true,"href":"https:\/\/miumjau.ee\/fi\/wp-json\/wp\/v2\/product_tag?post=37451"}],"curies":[{"name":"wp","href":"https:\/\/api.w.org\/{rel}","templated":true}]}}