{"id":37449,"date":"2025-05-21T20:01:12","date_gmt":"2025-05-21T17:01:12","guid":{"rendered":"https:\/\/miumjau.ee\/toode\/velxara-monoproteiini-kana-koiran-markaruoka-6-x-400-g\/"},"modified":"2026-01-07T22:50:07","modified_gmt":"2026-01-07T20:50:07","slug":"velxara-monoproteiini-kana-koiran-markaruoka-6-x-400-g","status":"publish","type":"product","link":"https:\/\/miumjau.ee\/fi\/tuote\/velxara-monoproteiini-kana-koiran-markaruoka-6-x-400-g\/","title":{"rendered":"Velxara monoproteiini kana koiran m\u00e4rk\u00e4ruoka 6 \u00d7 400 g"},"content":{"rendered":"","protected":false},"excerpt":{"rendered":"<p data-start=\"100\" data-end=\"737\"><strong data-start=\"100\" data-end=\"146\">Velxara single protein kana pate 6 \u00d7 400 g<\/strong><br data-start=\"146\" data-end=\"149\" \/><strong data-start=\"149\" data-end=\"221\">Holistinen t\u00e4ysravinto koirille yhdell\u00e4 el\u00e4inproteiinilla \u2013 kanalla.<\/strong> Sopii kaikenkokoisille ja -rotuisille normaalisti aktiivisille koirille. Velxaran koiran s\u00e4ilykkeet valmistetaan ilman viljaa, gluteenia ja soijaa, sis\u00e4lt\u00e4en vain yht\u00e4 el\u00e4inproteiinia. Koska ruoassa ei ole useita lihalajeja, se sopii my\u00f6s herk\u00e4lle vatsalle, allergioista tai ruokaintoleransseista k\u00e4rsiville koirille. S\u00e4ilyke ei sis\u00e4ll\u00e4 suuria lihapaloja, vaan pehme\u00e4 pate on helppo sy\u00f6d\u00e4 my\u00f6s i\u00e4kk\u00e4ille tai terveysongelmista k\u00e4rsiville koirille (ml. hammasongelmat). Lis\u00e4tyt kuidut tukevat tervett\u00e4 ruoansulatusta.<\/p>\n<p data-start=\"739\" data-end=\"905\"><strong data-start=\"739\" data-end=\"905\">D3-vitamiini vahvoille luille ja hampaille<br data-start=\"783\" data-end=\"786\" \/>E-vitamiini immuunij\u00e4rjestelm\u00e4n normaalille toiminnalle<br data-start=\"841\" data-end=\"844\" \/>pellavansiemen\u00f6ljy ja sinkki terveen ihon ja turkin hyv\u00e4ksi<\/strong><\/p>\n<p data-start=\"907\" data-end=\"1017\"><strong data-start=\"907\" data-end=\"921\">Koostumus:<\/strong> kana 70 %, kananlihaliemi 28,7 %, mineraalit 0,7 %, selluloosa 0,5 %, pellavansiemen\u00f6ljy 0,1 %.<\/p>\n<p data-start=\"1019\" data-end=\"1125\"><strong data-start=\"1019\" data-end=\"1037\">Analyysiarvot:<\/strong> kosteus 78,0 %, raakaproteiini 10,5 %, raakarasva 7,5 %, tuhka 2,4 %, raakakuitu 0,5 %.<\/p>\n<p data-start=\"1127\" data-end=\"1357\"><strong data-start=\"1127\" data-end=\"1149\">Ravintolis\u00e4t \/ kg:<\/strong> D3-vitamiini 140 IU, E-vitamiini 30 mg, sinkki (sinkkisulfaattimonohydraatti) 20 mg, kupari (kuparisulfaattipentahydraatti) 2,3 mg, mangaani (mangaanioksidi) 2 mg, jodi (kalsiumjodaattimonohydraatti) 0,5 mg.<\/p>\n<p data-start=\"1359\" data-end=\"1516\"><strong data-start=\"1359\" data-end=\"1434\">Ruokintaohje \u2013 suuntaa-antavat m\u00e4\u00e4r\u00e4t, kun k\u00e4ytet\u00e4\u00e4n ainoana ravintona.<\/strong><br data-start=\"1434\" data-end=\"1437\" \/>Yhdistett\u00e4ess\u00e4 kuivaruokaan, raakaruokaan tai kotiruokaan, m\u00e4\u00e4ri\u00e4 tulee s\u00e4\u00e4t\u00e4\u00e4.<\/p>\n<div class=\"_tableContainer_80l1q_1\">\n<div class=\"_tableWrapper_80l1q_14 group flex w-fit flex-col-reverse\" tabindex=\"-1\">\n<table class=\"w-fit min-w-(--thread-content-width)\" data-start=\"1518\" data-end=\"1713\">\n<thead data-start=\"1518\" data-end=\"1582\">\n<tr data-start=\"1518\" data-end=\"1582\">\n<th data-start=\"1518\" data-end=\"1542\" data-col-size=\"sm\">Aikuisen koiran paino<\/th>\n<th data-start=\"1542\" data-end=\"1549\" data-col-size=\"sm\">5 kg<\/th>\n<th data-start=\"1549\" data-end=\"1557\" data-col-size=\"sm\">10 kg<\/th>\n<th data-start=\"1557\" data-end=\"1565\" data-col-size=\"sm\">15 kg<\/th>\n<th data-start=\"1565\" data-end=\"1573\" data-col-size=\"sm\">20 kg<\/th>\n<th data-start=\"1573\" data-end=\"1582\" data-col-size=\"sm\">30 kg<\/th>\n<\/tr>\n<\/thead>\n<tbody data-start=\"1648\" data-end=\"1713\">\n<tr data-start=\"1648\" data-end=\"1713\">\n<td data-start=\"1648\" data-end=\"1673\" data-col-size=\"sm\">P\u00e4iv\u00e4annos<\/td>\n<td data-col-size=\"sm\" data-start=\"1673\" data-end=\"1680\">335 g<\/td>\n<td data-col-size=\"sm\" data-start=\"1680\" data-end=\"1688\">565 g<\/td>\n<td data-col-size=\"sm\" data-start=\"1688\" data-end=\"1696\">765 g<\/td>\n<td data-col-size=\"sm\" data-start=\"1696\" data-end=\"1704\">950 g<\/td>\n<td data-col-size=\"sm\" data-start=\"1704\" data-end=\"1713\">1290 g<\/td>\n<\/tr>\n<\/tbody>\n<\/table>\n<div class=\"sticky end-(--thread-content-margin) h-0 self-end select-none\">\n<div class=\"absolute end-0 flex items-end\"><\/div>\n<\/div>\n<\/div>\n<\/div>\n<p data-start=\"1715\" data-end=\"1889\">Ohjeet ovat vain suuntaa-antavia. Yksil\u00f6lliset tarpeet riippuvat koiran i\u00e4st\u00e4, rakenteesta ja aktiivisuudesta. Varmista aina, ett\u00e4 koiralla on raikasta juomavett\u00e4 saatavilla.<\/p>\n<p data-start=\"1891\" data-end=\"1977\">Tarjoile huoneenl\u00e4mp\u00f6isen\u00e4. Avattuna s\u00e4ilyt\u00e4 j\u00e4\u00e4kaapissa (+4 \u00b0C) korkeintaan 4 p\u00e4iv\u00e4\u00e4.<\/p>\n<p data-start=\"1979\" data-end=\"2073\"><strong data-start=\"1979\" data-end=\"2004\">Parasta ennen ja er\u00e4:<\/strong> katso pakkauksesta.<br data-start=\"2024\" data-end=\"2027\" \/><strong data-start=\"2027\" data-end=\"2073\">Valmistettu T\u0161ekiss\u00e4, Partner in Pet Food.<\/strong><\/p>\n","protected":false},"featured_media":35395,"template":"","meta":[],"product_brand":[],"product_cat":[479],"product_tag":[],"class_list":{"0":"post-37449","1":"product","2":"type-product","3":"status-publish","4":"has-post-thumbnail","6":"product_cat-markaruoka-koirille","8":"first","9":"instock","10":"taxable","11":"shipping-taxable","12":"purchasable","13":"product-type-simple"},"yoast_head":"<!-- This site is optimized with the Yoast SEO plugin v27.4 - https:\/\/yoast.com\/product\/yoast-seo-wordpress\/ -->\n<title>Velxara monoproteiini kana koiran m\u00e4rk\u00e4ruoka 6 \u00d7 400 g - MiuMjau<\/title>\n<meta name=\"description\" content=\"Velxaran monoproteiininen pateekoostumus sopii kaikille koirille, my\u00f6s herkille. Tule l\u00f6yt\u00e4m\u00e4\u00e4n koirasi uusi suosikkimaku!\" \/>\n<meta name=\"robots\" content=\"index, follow, max-snippet:-1, max-image-preview:large, max-video-preview:-1\" \/>\n<link rel=\"canonical\" href=\"https:\/\/miumjau.ee\/fi\/tuote\/velxara-monoproteiini-kana-koiran-markaruoka-6-x-400-g\/\" \/>\n<meta property=\"og:locale\" content=\"fi_FI\" \/>\n<meta property=\"og:type\" content=\"article\" \/>\n<meta property=\"og:title\" content=\"Velxara monoproteiini kana koiran m\u00e4rk\u00e4ruoka 6 \u00d7 400 g - MiuMjau\" \/>\n<meta property=\"og:description\" content=\"Velxaran monoproteiininen pateekoostumus sopii kaikille koirille, my\u00f6s herkille. Tule l\u00f6yt\u00e4m\u00e4\u00e4n koirasi uusi suosikkimaku!\" \/>\n<meta property=\"og:url\" content=\"https:\/\/miumjau.ee\/fi\/tuote\/velxara-monoproteiini-kana-koiran-markaruoka-6-x-400-g\/\" \/>\n<meta property=\"og:site_name\" content=\"MiuMjau\" \/>\n<meta property=\"article:publisher\" content=\"https:\/\/www.facebook.com\/miumjaupood\/\" \/>\n<meta property=\"article:modified_time\" content=\"2026-01-07T20:50:07+00:00\" \/>\n<meta property=\"og:image\" content=\"https:\/\/miumjau.ee\/wp-content\/uploads\/2025\/05\/velxara-koerakonserv-kana-Photoroom.webp\" \/>\n\t<meta property=\"og:image:width\" content=\"600\" \/>\n\t<meta property=\"og:image:height\" content=\"800\" \/>\n\t<meta property=\"og:image:type\" content=\"image\/webp\" \/>\n<meta name=\"twitter:card\" content=\"summary_large_image\" \/>\n<script type=\"application\/ld+json\" class=\"yoast-schema-graph\">{\"@context\":\"https:\\\/\\\/schema.org\",\"@graph\":[{\"@type\":\"WebPage\",\"@id\":\"https:\\\/\\\/miumjau.ee\\\/fi\\\/tuote\\\/velxara-monoproteiini-kana-koiran-markaruoka-6-x-400-g\\\/\",\"url\":\"https:\\\/\\\/miumjau.ee\\\/fi\\\/tuote\\\/velxara-monoproteiini-kana-koiran-markaruoka-6-x-400-g\\\/\",\"name\":\"Velxara monoproteiini kana koiran m\u00e4rk\u00e4ruoka 6 \u00d7 400 g - MiuMjau\",\"isPartOf\":{\"@id\":\"https:\\\/\\\/miumjau.ee\\\/#website\"},\"primaryImageOfPage\":{\"@id\":\"https:\\\/\\\/miumjau.ee\\\/fi\\\/tuote\\\/velxara-monoproteiini-kana-koiran-markaruoka-6-x-400-g\\\/#primaryimage\"},\"image\":{\"@id\":\"https:\\\/\\\/miumjau.ee\\\/fi\\\/tuote\\\/velxara-monoproteiini-kana-koiran-markaruoka-6-x-400-g\\\/#primaryimage\"},\"thumbnailUrl\":\"https:\\\/\\\/miumjau.ee\\\/wp-content\\\/uploads\\\/2025\\\/05\\\/velxara-koerakonserv-kana-Photoroom.webp\",\"datePublished\":\"2025-05-21T17:01:12+00:00\",\"dateModified\":\"2026-01-07T20:50:07+00:00\",\"description\":\"Velxaran monoproteiininen pateekoostumus sopii kaikille koirille, my\u00f6s herkille. Tule l\u00f6yt\u00e4m\u00e4\u00e4n koirasi uusi suosikkimaku!\",\"breadcrumb\":{\"@id\":\"https:\\\/\\\/miumjau.ee\\\/fi\\\/tuote\\\/velxara-monoproteiini-kana-koiran-markaruoka-6-x-400-g\\\/#breadcrumb\"},\"inLanguage\":\"fi\",\"potentialAction\":[{\"@type\":\"ReadAction\",\"target\":[\"https:\\\/\\\/miumjau.ee\\\/fi\\\/tuote\\\/velxara-monoproteiini-kana-koiran-markaruoka-6-x-400-g\\\/\"]}]},{\"@type\":\"ImageObject\",\"inLanguage\":\"fi\",\"@id\":\"https:\\\/\\\/miumjau.ee\\\/fi\\\/tuote\\\/velxara-monoproteiini-kana-koiran-markaruoka-6-x-400-g\\\/#primaryimage\",\"url\":\"https:\\\/\\\/miumjau.ee\\\/wp-content\\\/uploads\\\/2025\\\/05\\\/velxara-koerakonserv-kana-Photoroom.webp\",\"contentUrl\":\"https:\\\/\\\/miumjau.ee\\\/wp-content\\\/uploads\\\/2025\\\/05\\\/velxara-koerakonserv-kana-Photoroom.webp\",\"width\":600,\"height\":800,\"caption\":\"Velxara monoproteiin pate koerakonserv kanaga 6x 400g\"},{\"@type\":\"BreadcrumbList\",\"@id\":\"https:\\\/\\\/miumjau.ee\\\/fi\\\/tuote\\\/velxara-monoproteiini-kana-koiran-markaruoka-6-x-400-g\\\/#breadcrumb\",\"itemListElement\":[{\"@type\":\"ListItem\",\"position\":1,\"name\":\"Home\",\"item\":\"https:\\\/\\\/miumjau.ee\\\/fi\\\/\"},{\"@type\":\"ListItem\",\"position\":2,\"name\":\"Kauppa\",\"item\":\"https:\\\/\\\/miumjau.ee\\\/fi\\\/kauppa\\\/\"},{\"@type\":\"ListItem\",\"position\":3,\"name\":\"Velxara monoproteiini kana koiran m\u00e4rk\u00e4ruoka 6 \u00d7 400 g\"}]},{\"@type\":\"WebSite\",\"@id\":\"https:\\\/\\\/miumjau.ee\\\/#website\",\"url\":\"https:\\\/\\\/miumjau.ee\\\/\",\"name\":\"MiuMjau\",\"description\":\"Kraapimispuud kassidele\",\"publisher\":{\"@id\":\"https:\\\/\\\/miumjau.ee\\\/#organization\"},\"potentialAction\":[{\"@type\":\"SearchAction\",\"target\":{\"@type\":\"EntryPoint\",\"urlTemplate\":\"https:\\\/\\\/miumjau.ee\\\/?s={search_term_string}\"},\"query-input\":{\"@type\":\"PropertyValueSpecification\",\"valueRequired\":true,\"valueName\":\"search_term_string\"}}],\"inLanguage\":\"fi\"},{\"@type\":\"Organization\",\"@id\":\"https:\\\/\\\/miumjau.ee\\\/#organization\",\"name\":\"MiuMjau O\u00dc\",\"url\":\"https:\\\/\\\/miumjau.ee\\\/\",\"logo\":{\"@type\":\"ImageObject\",\"inLanguage\":\"fi\",\"@id\":\"https:\\\/\\\/miumjau.ee\\\/#\\\/schema\\\/logo\\\/image\\\/\",\"url\":\"https:\\\/\\\/miumjau.ee\\\/wp-content\\\/uploads\\\/2022\\\/04\\\/MiuMjau-logo-kollane.png\",\"contentUrl\":\"https:\\\/\\\/miumjau.ee\\\/wp-content\\\/uploads\\\/2022\\\/04\\\/MiuMjau-logo-kollane.png\",\"width\":219,\"height\":100,\"caption\":\"MiuMjau O\u00dc\"},\"image\":{\"@id\":\"https:\\\/\\\/miumjau.ee\\\/#\\\/schema\\\/logo\\\/image\\\/\"},\"sameAs\":[\"https:\\\/\\\/www.facebook.com\\\/miumjaupood\\\/\"]}]}<\/script>\n<!-- \/ Yoast SEO plugin. -->","yoast_head_json":{"title":"Velxara monoproteiini kana koiran m\u00e4rk\u00e4ruoka 6 \u00d7 400 g - MiuMjau","description":"Velxaran monoproteiininen pateekoostumus sopii kaikille koirille, my\u00f6s herkille. Tule l\u00f6yt\u00e4m\u00e4\u00e4n koirasi uusi suosikkimaku!","robots":{"index":"index","follow":"follow","max-snippet":"max-snippet:-1","max-image-preview":"max-image-preview:large","max-video-preview":"max-video-preview:-1"},"canonical":"https:\/\/miumjau.ee\/fi\/tuote\/velxara-monoproteiini-kana-koiran-markaruoka-6-x-400-g\/","og_locale":"fi_FI","og_type":"article","og_title":"Velxara monoproteiini kana koiran m\u00e4rk\u00e4ruoka 6 \u00d7 400 g - MiuMjau","og_description":"Velxaran monoproteiininen pateekoostumus sopii kaikille koirille, my\u00f6s herkille. Tule l\u00f6yt\u00e4m\u00e4\u00e4n koirasi uusi suosikkimaku!","og_url":"https:\/\/miumjau.ee\/fi\/tuote\/velxara-monoproteiini-kana-koiran-markaruoka-6-x-400-g\/","og_site_name":"MiuMjau","article_publisher":"https:\/\/www.facebook.com\/miumjaupood\/","article_modified_time":"2026-01-07T20:50:07+00:00","og_image":[{"width":600,"height":800,"url":"https:\/\/miumjau.ee\/wp-content\/uploads\/2025\/05\/velxara-koerakonserv-kana-Photoroom.webp","type":"image\/webp"}],"twitter_card":"summary_large_image","schema":{"@context":"https:\/\/schema.org","@graph":[{"@type":"WebPage","@id":"https:\/\/miumjau.ee\/fi\/tuote\/velxara-monoproteiini-kana-koiran-markaruoka-6-x-400-g\/","url":"https:\/\/miumjau.ee\/fi\/tuote\/velxara-monoproteiini-kana-koiran-markaruoka-6-x-400-g\/","name":"Velxara monoproteiini kana koiran m\u00e4rk\u00e4ruoka 6 \u00d7 400 g - MiuMjau","isPartOf":{"@id":"https:\/\/miumjau.ee\/#website"},"primaryImageOfPage":{"@id":"https:\/\/miumjau.ee\/fi\/tuote\/velxara-monoproteiini-kana-koiran-markaruoka-6-x-400-g\/#primaryimage"},"image":{"@id":"https:\/\/miumjau.ee\/fi\/tuote\/velxara-monoproteiini-kana-koiran-markaruoka-6-x-400-g\/#primaryimage"},"thumbnailUrl":"https:\/\/miumjau.ee\/wp-content\/uploads\/2025\/05\/velxara-koerakonserv-kana-Photoroom.webp","datePublished":"2025-05-21T17:01:12+00:00","dateModified":"2026-01-07T20:50:07+00:00","description":"Velxaran monoproteiininen pateekoostumus sopii kaikille koirille, my\u00f6s herkille. Tule l\u00f6yt\u00e4m\u00e4\u00e4n koirasi uusi suosikkimaku!","breadcrumb":{"@id":"https:\/\/miumjau.ee\/fi\/tuote\/velxara-monoproteiini-kana-koiran-markaruoka-6-x-400-g\/#breadcrumb"},"inLanguage":"fi","potentialAction":[{"@type":"ReadAction","target":["https:\/\/miumjau.ee\/fi\/tuote\/velxara-monoproteiini-kana-koiran-markaruoka-6-x-400-g\/"]}]},{"@type":"ImageObject","inLanguage":"fi","@id":"https:\/\/miumjau.ee\/fi\/tuote\/velxara-monoproteiini-kana-koiran-markaruoka-6-x-400-g\/#primaryimage","url":"https:\/\/miumjau.ee\/wp-content\/uploads\/2025\/05\/velxara-koerakonserv-kana-Photoroom.webp","contentUrl":"https:\/\/miumjau.ee\/wp-content\/uploads\/2025\/05\/velxara-koerakonserv-kana-Photoroom.webp","width":600,"height":800,"caption":"Velxara monoproteiin pate koerakonserv kanaga 6x 400g"},{"@type":"BreadcrumbList","@id":"https:\/\/miumjau.ee\/fi\/tuote\/velxara-monoproteiini-kana-koiran-markaruoka-6-x-400-g\/#breadcrumb","itemListElement":[{"@type":"ListItem","position":1,"name":"Home","item":"https:\/\/miumjau.ee\/fi\/"},{"@type":"ListItem","position":2,"name":"Kauppa","item":"https:\/\/miumjau.ee\/fi\/kauppa\/"},{"@type":"ListItem","position":3,"name":"Velxara monoproteiini kana koiran m\u00e4rk\u00e4ruoka 6 \u00d7 400 g"}]},{"@type":"WebSite","@id":"https:\/\/miumjau.ee\/#website","url":"https:\/\/miumjau.ee\/","name":"MiuMjau","description":"Kraapimispuud kassidele","publisher":{"@id":"https:\/\/miumjau.ee\/#organization"},"potentialAction":[{"@type":"SearchAction","target":{"@type":"EntryPoint","urlTemplate":"https:\/\/miumjau.ee\/?s={search_term_string}"},"query-input":{"@type":"PropertyValueSpecification","valueRequired":true,"valueName":"search_term_string"}}],"inLanguage":"fi"},{"@type":"Organization","@id":"https:\/\/miumjau.ee\/#organization","name":"MiuMjau O\u00dc","url":"https:\/\/miumjau.ee\/","logo":{"@type":"ImageObject","inLanguage":"fi","@id":"https:\/\/miumjau.ee\/#\/schema\/logo\/image\/","url":"https:\/\/miumjau.ee\/wp-content\/uploads\/2022\/04\/MiuMjau-logo-kollane.png","contentUrl":"https:\/\/miumjau.ee\/wp-content\/uploads\/2022\/04\/MiuMjau-logo-kollane.png","width":219,"height":100,"caption":"MiuMjau O\u00dc"},"image":{"@id":"https:\/\/miumjau.ee\/#\/schema\/logo\/image\/"},"sameAs":["https:\/\/www.facebook.com\/miumjaupood\/"]}]}},"_links":{"self":[{"href":"https:\/\/miumjau.ee\/fi\/wp-json\/wp\/v2\/product\/37449","targetHints":{"allow":["GET"]}}],"collection":[{"href":"https:\/\/miumjau.ee\/fi\/wp-json\/wp\/v2\/product"}],"about":[{"href":"https:\/\/miumjau.ee\/fi\/wp-json\/wp\/v2\/types\/product"}],"wp:featuredmedia":[{"embeddable":true,"href":"https:\/\/miumjau.ee\/fi\/wp-json\/wp\/v2\/media\/35395"}],"wp:attachment":[{"href":"https:\/\/miumjau.ee\/fi\/wp-json\/wp\/v2\/media?parent=37449"}],"wp:term":[{"taxonomy":"product_brand","embeddable":true,"href":"https:\/\/miumjau.ee\/fi\/wp-json\/wp\/v2\/product_brand?post=37449"},{"taxonomy":"product_cat","embeddable":true,"href":"https:\/\/miumjau.ee\/fi\/wp-json\/wp\/v2\/product_cat?post=37449"},{"taxonomy":"product_tag","embeddable":true,"href":"https:\/\/miumjau.ee\/fi\/wp-json\/wp\/v2\/product_tag?post=37449"}],"curies":[{"name":"wp","href":"https:\/\/api.w.org\/{rel}","templated":true}]}}