{"id":37448,"date":"2025-07-01T23:26:24","date_gmt":"2025-07-01T20:26:24","guid":{"rendered":"https:\/\/miumjau.ee\/toode\/frigera-ham-bone-suuri-kinkkuluu-koirille\/"},"modified":"2026-01-07T22:50:07","modified_gmt":"2026-01-07T20:50:07","slug":"frigera-ham-bone-suuri-kinkkuluu-koirille","status":"publish","type":"product","link":"https:\/\/miumjau.ee\/fi\/tuote\/frigera-ham-bone-suuri-kinkkuluu-koirille\/","title":{"rendered":"Frigera Ham Bone suuri kinkkuluu koirille"},"content":{"rendered":"","protected":false},"excerpt":{"rendered":"<p data-start=\"46\" data-end=\"836\"><strong data-start=\"46\" data-end=\"139\">Mit\u00e4 ajattelet, kun kuvittelet koirille lajityypillist\u00e4 puruherkkua? Tietysti sian luuta!<\/strong><br data-start=\"139\" data-end=\"142\" \/>Se sopii t\u00e4ydellisesti siihen, miten koirat aikoinaan mets\u00e4stiv\u00e4t villiel\u00e4imi\u00e4 ja s\u00f6iv\u00e4t ne karvoineen ja luitaan my\u00f6ten. T\u00e4m\u00e4 herkku on luonnollinen kollageenin l\u00e4hde \u2013 proteiini, joka on t\u00e4rke\u00e4 terveiden lihasten kannalta sek\u00e4 tukee my\u00f6s yst\u00e4v\u00e4si niveli\u00e4, ihoa ja yleist\u00e4 hyvinvointia. Tiesitk\u00f6, ett\u00e4 luut sis\u00e4lt\u00e4v\u00e4t runsaasti elint\u00e4rkeit\u00e4 ravintoaineita? Se johtuu siit\u00e4, ett\u00e4 laadukas luuydin on tallella luun sis\u00e4ll\u00e4! Lis\u00e4ksi n\u00e4m\u00e4 luut auttavat pit\u00e4m\u00e4\u00e4n koirasi hampaat puhtaina ja v\u00e4hent\u00e4v\u00e4t hammaskive\u00e4. Ne tarjoavat tuntikausiksi puruiloa, joka ei ainoastaan pid\u00e4 koiraa aktiivisena, vaan tarjoaa my\u00f6s henkist\u00e4 virikett\u00e4. \u00c4l\u00e4 ep\u00e4r\u00f6i en\u00e4\u00e4 \u2013 anna koirasi seurata alkukantaisia vaistojaan!<\/p>\n<p data-start=\"838\" data-end=\"955\">Pid\u00e4th\u00e4n aina koiraasi silm\u00e4ll\u00e4, kun annat suuria herkkuja. Varmista my\u00f6s, ett\u00e4 herkku sopii koirasi kokoon ja ik\u00e4\u00e4n.<\/p>\n<p data-start=\"957\" data-end=\"1090\"><strong data-start=\"957\" data-end=\"972\">Nettopaino:<\/strong> 180 g<br data-start=\"978\" data-end=\"981\" \/><strong data-start=\"981\" data-end=\"995\">Koostumus:<\/strong> 100 % sika<br data-start=\"1006\" data-end=\"1009\" \/><strong data-start=\"1009\" data-end=\"1027\">Analyysiarvot:<\/strong> proteiini 30,6 %, rasva 22 %, tuhka \u2013 raakakuitu \u2013 kosteus 6 %<\/p>\n","protected":false},"featured_media":34442,"template":"","meta":[],"product_brand":[],"product_cat":[480],"product_tag":[],"class_list":{"0":"post-37448","1":"product","2":"type-product","3":"status-publish","4":"has-post-thumbnail","6":"product_cat-herkut-koirille","8":"first","9":"instock","10":"sale","11":"taxable","12":"shipping-taxable","13":"purchasable","14":"product-type-simple"},"yoast_head":"<!-- This site is optimized with the Yoast SEO plugin v27.2 - https:\/\/yoast.com\/product\/yoast-seo-wordpress\/ -->\n<title>Frigera Ham Bone suuri kinkkuluu koirille - MiuMjau<\/title>\n<meta name=\"description\" content=\"Sianluu tarjoaa tuntikausia pureskelunautintoa, joka paitsi pit\u00e4\u00e4 koirasi aktiivisena, my\u00f6s tarjoaa henkist\u00e4 stimulaatiota. Unelma suurille koirille!\" \/>\n<meta name=\"robots\" content=\"index, follow, max-snippet:-1, max-image-preview:large, max-video-preview:-1\" \/>\n<link rel=\"canonical\" href=\"https:\/\/miumjau.ee\/fi\/tuote\/frigera-ham-bone-suuri-kinkkuluu-koirille\/\" \/>\n<meta property=\"og:locale\" content=\"fi_FI\" \/>\n<meta property=\"og:type\" content=\"article\" \/>\n<meta property=\"og:title\" content=\"Frigera Ham Bone suuri kinkkuluu koirille - MiuMjau\" \/>\n<meta property=\"og:description\" content=\"Sianluu tarjoaa tuntikausia pureskelunautintoa, joka paitsi pit\u00e4\u00e4 koirasi aktiivisena, my\u00f6s tarjoaa henkist\u00e4 stimulaatiota. Unelma suurille koirille!\" \/>\n<meta property=\"og:url\" content=\"https:\/\/miumjau.ee\/fi\/tuote\/frigera-ham-bone-suuri-kinkkuluu-koirille\/\" \/>\n<meta property=\"og:site_name\" content=\"MiuMjau\" \/>\n<meta property=\"article:publisher\" content=\"https:\/\/www.facebook.com\/miumjaupood\/\" \/>\n<meta property=\"article:modified_time\" content=\"2026-01-07T20:50:07+00:00\" \/>\n<meta property=\"og:image\" content=\"https:\/\/miumjau.ee\/wp-content\/uploads\/2025\/05\/frigera-koerte-maius-seakont-1-tk-2-Photoroom.webp\" \/>\n\t<meta property=\"og:image:width\" content=\"600\" \/>\n\t<meta property=\"og:image:height\" content=\"800\" \/>\n\t<meta property=\"og:image:type\" content=\"image\/webp\" \/>\n<meta name=\"twitter:card\" content=\"summary_large_image\" \/>\n<script type=\"application\/ld+json\" class=\"yoast-schema-graph\">{\"@context\":\"https:\/\/schema.org\",\"@graph\":[{\"@type\":\"WebPage\",\"@id\":\"https:\/\/miumjau.ee\/fi\/tuote\/frigera-ham-bone-suuri-kinkkuluu-koirille\/\",\"url\":\"https:\/\/miumjau.ee\/fi\/tuote\/frigera-ham-bone-suuri-kinkkuluu-koirille\/\",\"name\":\"Frigera Ham Bone suuri kinkkuluu koirille - MiuMjau\",\"isPartOf\":{\"@id\":\"https:\/\/miumjau.ee\/#website\"},\"primaryImageOfPage\":{\"@id\":\"https:\/\/miumjau.ee\/fi\/tuote\/frigera-ham-bone-suuri-kinkkuluu-koirille\/#primaryimage\"},\"image\":{\"@id\":\"https:\/\/miumjau.ee\/fi\/tuote\/frigera-ham-bone-suuri-kinkkuluu-koirille\/#primaryimage\"},\"thumbnailUrl\":\"https:\/\/miumjau.ee\/wp-content\/uploads\/2025\/05\/frigera-koerte-maius-seakont-1-tk-2-Photoroom.webp\",\"datePublished\":\"2025-07-01T20:26:24+00:00\",\"dateModified\":\"2026-01-07T20:50:07+00:00\",\"description\":\"Sianluu tarjoaa tuntikausia pureskelunautintoa, joka paitsi pit\u00e4\u00e4 koirasi aktiivisena, my\u00f6s tarjoaa henkist\u00e4 stimulaatiota. Unelma suurille koirille!\",\"breadcrumb\":{\"@id\":\"https:\/\/miumjau.ee\/fi\/tuote\/frigera-ham-bone-suuri-kinkkuluu-koirille\/#breadcrumb\"},\"inLanguage\":\"fi\",\"potentialAction\":[{\"@type\":\"ReadAction\",\"target\":[\"https:\/\/miumjau.ee\/fi\/tuote\/frigera-ham-bone-suuri-kinkkuluu-koirille\/\"]}]},{\"@type\":\"ImageObject\",\"inLanguage\":\"fi\",\"@id\":\"https:\/\/miumjau.ee\/fi\/tuote\/frigera-ham-bone-suuri-kinkkuluu-koirille\/#primaryimage\",\"url\":\"https:\/\/miumjau.ee\/wp-content\/uploads\/2025\/05\/frigera-koerte-maius-seakont-1-tk-2-Photoroom.webp\",\"contentUrl\":\"https:\/\/miumjau.ee\/wp-content\/uploads\/2025\/05\/frigera-koerte-maius-seakont-1-tk-2-Photoroom.webp\",\"width\":600,\"height\":800,\"caption\":\"Frigera ham bone maius koertele\"},{\"@type\":\"BreadcrumbList\",\"@id\":\"https:\/\/miumjau.ee\/fi\/tuote\/frigera-ham-bone-suuri-kinkkuluu-koirille\/#breadcrumb\",\"itemListElement\":[{\"@type\":\"ListItem\",\"position\":1,\"name\":\"Home\",\"item\":\"https:\/\/miumjau.ee\/fi\/\"},{\"@type\":\"ListItem\",\"position\":2,\"name\":\"Kauppa\",\"item\":\"https:\/\/miumjau.ee\/fi\/kauppa\/\"},{\"@type\":\"ListItem\",\"position\":3,\"name\":\"Frigera Ham Bone suuri kinkkuluu koirille\"}]},{\"@type\":\"WebSite\",\"@id\":\"https:\/\/miumjau.ee\/#website\",\"url\":\"https:\/\/miumjau.ee\/\",\"name\":\"MiuMjau\",\"description\":\"Kraapimispuud kassidele\",\"publisher\":{\"@id\":\"https:\/\/miumjau.ee\/#organization\"},\"potentialAction\":[{\"@type\":\"SearchAction\",\"target\":{\"@type\":\"EntryPoint\",\"urlTemplate\":\"https:\/\/miumjau.ee\/?s={search_term_string}\"},\"query-input\":{\"@type\":\"PropertyValueSpecification\",\"valueRequired\":true,\"valueName\":\"search_term_string\"}}],\"inLanguage\":\"fi\"},{\"@type\":\"Organization\",\"@id\":\"https:\/\/miumjau.ee\/#organization\",\"name\":\"MiuMjau O\u00dc\",\"url\":\"https:\/\/miumjau.ee\/\",\"logo\":{\"@type\":\"ImageObject\",\"inLanguage\":\"fi\",\"@id\":\"https:\/\/miumjau.ee\/#\/schema\/logo\/image\/\",\"url\":\"https:\/\/miumjau.ee\/wp-content\/uploads\/2022\/04\/MiuMjau-logo-kollane.png\",\"contentUrl\":\"https:\/\/miumjau.ee\/wp-content\/uploads\/2022\/04\/MiuMjau-logo-kollane.png\",\"width\":219,\"height\":100,\"caption\":\"MiuMjau O\u00dc\"},\"image\":{\"@id\":\"https:\/\/miumjau.ee\/#\/schema\/logo\/image\/\"},\"sameAs\":[\"https:\/\/www.facebook.com\/miumjaupood\/\"]}]}<\/script>\n<!-- \/ Yoast SEO plugin. -->","yoast_head_json":{"title":"Frigera Ham Bone suuri kinkkuluu koirille - MiuMjau","description":"Sianluu tarjoaa tuntikausia pureskelunautintoa, joka paitsi pit\u00e4\u00e4 koirasi aktiivisena, my\u00f6s tarjoaa henkist\u00e4 stimulaatiota. Unelma suurille koirille!","robots":{"index":"index","follow":"follow","max-snippet":"max-snippet:-1","max-image-preview":"max-image-preview:large","max-video-preview":"max-video-preview:-1"},"canonical":"https:\/\/miumjau.ee\/fi\/tuote\/frigera-ham-bone-suuri-kinkkuluu-koirille\/","og_locale":"fi_FI","og_type":"article","og_title":"Frigera Ham Bone suuri kinkkuluu koirille - MiuMjau","og_description":"Sianluu tarjoaa tuntikausia pureskelunautintoa, joka paitsi pit\u00e4\u00e4 koirasi aktiivisena, my\u00f6s tarjoaa henkist\u00e4 stimulaatiota. Unelma suurille koirille!","og_url":"https:\/\/miumjau.ee\/fi\/tuote\/frigera-ham-bone-suuri-kinkkuluu-koirille\/","og_site_name":"MiuMjau","article_publisher":"https:\/\/www.facebook.com\/miumjaupood\/","article_modified_time":"2026-01-07T20:50:07+00:00","og_image":[{"width":600,"height":800,"url":"https:\/\/miumjau.ee\/wp-content\/uploads\/2025\/05\/frigera-koerte-maius-seakont-1-tk-2-Photoroom.webp","type":"image\/webp"}],"twitter_card":"summary_large_image","schema":{"@context":"https:\/\/schema.org","@graph":[{"@type":"WebPage","@id":"https:\/\/miumjau.ee\/fi\/tuote\/frigera-ham-bone-suuri-kinkkuluu-koirille\/","url":"https:\/\/miumjau.ee\/fi\/tuote\/frigera-ham-bone-suuri-kinkkuluu-koirille\/","name":"Frigera Ham Bone suuri kinkkuluu koirille - MiuMjau","isPartOf":{"@id":"https:\/\/miumjau.ee\/#website"},"primaryImageOfPage":{"@id":"https:\/\/miumjau.ee\/fi\/tuote\/frigera-ham-bone-suuri-kinkkuluu-koirille\/#primaryimage"},"image":{"@id":"https:\/\/miumjau.ee\/fi\/tuote\/frigera-ham-bone-suuri-kinkkuluu-koirille\/#primaryimage"},"thumbnailUrl":"https:\/\/miumjau.ee\/wp-content\/uploads\/2025\/05\/frigera-koerte-maius-seakont-1-tk-2-Photoroom.webp","datePublished":"2025-07-01T20:26:24+00:00","dateModified":"2026-01-07T20:50:07+00:00","description":"Sianluu tarjoaa tuntikausia pureskelunautintoa, joka paitsi pit\u00e4\u00e4 koirasi aktiivisena, my\u00f6s tarjoaa henkist\u00e4 stimulaatiota. Unelma suurille koirille!","breadcrumb":{"@id":"https:\/\/miumjau.ee\/fi\/tuote\/frigera-ham-bone-suuri-kinkkuluu-koirille\/#breadcrumb"},"inLanguage":"fi","potentialAction":[{"@type":"ReadAction","target":["https:\/\/miumjau.ee\/fi\/tuote\/frigera-ham-bone-suuri-kinkkuluu-koirille\/"]}]},{"@type":"ImageObject","inLanguage":"fi","@id":"https:\/\/miumjau.ee\/fi\/tuote\/frigera-ham-bone-suuri-kinkkuluu-koirille\/#primaryimage","url":"https:\/\/miumjau.ee\/wp-content\/uploads\/2025\/05\/frigera-koerte-maius-seakont-1-tk-2-Photoroom.webp","contentUrl":"https:\/\/miumjau.ee\/wp-content\/uploads\/2025\/05\/frigera-koerte-maius-seakont-1-tk-2-Photoroom.webp","width":600,"height":800,"caption":"Frigera ham bone maius koertele"},{"@type":"BreadcrumbList","@id":"https:\/\/miumjau.ee\/fi\/tuote\/frigera-ham-bone-suuri-kinkkuluu-koirille\/#breadcrumb","itemListElement":[{"@type":"ListItem","position":1,"name":"Home","item":"https:\/\/miumjau.ee\/fi\/"},{"@type":"ListItem","position":2,"name":"Kauppa","item":"https:\/\/miumjau.ee\/fi\/kauppa\/"},{"@type":"ListItem","position":3,"name":"Frigera Ham Bone suuri kinkkuluu koirille"}]},{"@type":"WebSite","@id":"https:\/\/miumjau.ee\/#website","url":"https:\/\/miumjau.ee\/","name":"MiuMjau","description":"Kraapimispuud kassidele","publisher":{"@id":"https:\/\/miumjau.ee\/#organization"},"potentialAction":[{"@type":"SearchAction","target":{"@type":"EntryPoint","urlTemplate":"https:\/\/miumjau.ee\/?s={search_term_string}"},"query-input":{"@type":"PropertyValueSpecification","valueRequired":true,"valueName":"search_term_string"}}],"inLanguage":"fi"},{"@type":"Organization","@id":"https:\/\/miumjau.ee\/#organization","name":"MiuMjau O\u00dc","url":"https:\/\/miumjau.ee\/","logo":{"@type":"ImageObject","inLanguage":"fi","@id":"https:\/\/miumjau.ee\/#\/schema\/logo\/image\/","url":"https:\/\/miumjau.ee\/wp-content\/uploads\/2022\/04\/MiuMjau-logo-kollane.png","contentUrl":"https:\/\/miumjau.ee\/wp-content\/uploads\/2022\/04\/MiuMjau-logo-kollane.png","width":219,"height":100,"caption":"MiuMjau O\u00dc"},"image":{"@id":"https:\/\/miumjau.ee\/#\/schema\/logo\/image\/"},"sameAs":["https:\/\/www.facebook.com\/miumjaupood\/"]}]}},"_links":{"self":[{"href":"https:\/\/miumjau.ee\/fi\/wp-json\/wp\/v2\/product\/37448","targetHints":{"allow":["GET"]}}],"collection":[{"href":"https:\/\/miumjau.ee\/fi\/wp-json\/wp\/v2\/product"}],"about":[{"href":"https:\/\/miumjau.ee\/fi\/wp-json\/wp\/v2\/types\/product"}],"wp:featuredmedia":[{"embeddable":true,"href":"https:\/\/miumjau.ee\/fi\/wp-json\/wp\/v2\/media\/34442"}],"wp:attachment":[{"href":"https:\/\/miumjau.ee\/fi\/wp-json\/wp\/v2\/media?parent=37448"}],"wp:term":[{"taxonomy":"product_brand","embeddable":true,"href":"https:\/\/miumjau.ee\/fi\/wp-json\/wp\/v2\/product_brand?post=37448"},{"taxonomy":"product_cat","embeddable":true,"href":"https:\/\/miumjau.ee\/fi\/wp-json\/wp\/v2\/product_cat?post=37448"},{"taxonomy":"product_tag","embeddable":true,"href":"https:\/\/miumjau.ee\/fi\/wp-json\/wp\/v2\/product_tag?post=37448"}],"curies":[{"name":"wp","href":"https:\/\/api.w.org\/{rel}","templated":true}]}}