{"id":37446,"date":"2025-06-25T18:02:43","date_gmt":"2025-06-25T15:02:43","guid":{"rendered":"https:\/\/miumjau.ee\/toode\/proper-pets-lemmikkielainten-karvanpoistaja\/"},"modified":"2026-01-07T22:50:07","modified_gmt":"2026-01-07T20:50:07","slug":"proper-pets-lemmikkielainten-karvanpoistaja","status":"publish","type":"product","link":"https:\/\/miumjau.ee\/fi\/tuote\/proper-pets-lemmikkielainten-karvanpoistaja\/","title":{"rendered":"Proper Pets lemmikkiel\u00e4inten karvanpoistaja"},"content":{"rendered":"","protected":false},"excerpt":{"rendered":"<p data-start=\"58\" data-end=\"214\"><strong data-start=\"58\" data-end=\"118\">Karvat katoavat hetkess\u00e4 \u2013 helppoa, nopeaa ja tehokasta!<\/strong><br data-start=\"118\" data-end=\"121\" \/>T\u00e4m\u00e4 erikoisharja poistaa lemmikin karvat sohvalta, matolta, tuolilta, vaatteista ja muualta.<\/p>\n<p data-start=\"216\" data-end=\"428\"><strong data-start=\"216\" data-end=\"236\">Miten se toimii?<\/strong><br data-start=\"236\" data-end=\"239\" \/>Aseta harja puhdistettavalle pinnalle ja hiero kevyesti \u2013 voimaa ei tarvita.<br data-start=\"315\" data-end=\"318\" \/>Kertyneet karvat on helppo poistaa kopauttamalla harjaa lattiaa vasten tai huuhtelemalla juoksevan veden alla.<\/p>\n<p data-start=\"430\" data-end=\"521\"><strong data-start=\"430\" data-end=\"439\">Edut:<\/strong><br data-start=\"439\" data-end=\"442\" \/>\u2714 Poistaa karvat nopeasti ja vaivattomasti<br data-start=\"484\" data-end=\"487\" \/>\u2714 Hygieeninen<br data-start=\"500\" data-end=\"503\" \/>\u2714 Helppo puhdistaa<\/p>\n<p data-start=\"523\" data-end=\"546\"><strong data-start=\"523\" data-end=\"532\">Koko:<\/strong> 4 \u00d7 12 \u00d7 4 cm<\/p>\n<p data-start=\"548\" data-end=\"585\">T\u00e4ydellinen jokaiseen lemmikkikotiin!<\/p>\n","protected":false},"featured_media":36990,"template":"","meta":[],"product_brand":[],"product_cat":[259,483],"product_tag":[],"class_list":{"0":"post-37446","1":"product","2":"type-product","3":"status-publish","4":"has-post-thumbnail","6":"product_cat-muut","7":"product_cat-hoitotuotteet-koirille","9":"first","10":"instock","11":"taxable","12":"shipping-taxable","13":"purchasable","14":"product-type-simple"},"yoast_head":"<!-- This site is optimized with the Yoast SEO plugin v27.2 - https:\/\/yoast.com\/product\/yoast-seo-wordpress\/ -->\n<title>Proper Pets lemmikkiel\u00e4inten karvanpoistaja - MiuMjau<\/title>\n<meta name=\"description\" content=\"Karvanpoistaja helpottaa el\u00e4m\u00e4\u00e4si. P\u00e4\u00e4set helposti eroon \u00e4rsytt\u00e4vist\u00e4 karvoista huonekaluilla. Puhtaus tuo mielenrauhaa. Karvat eiv\u00e4t ole en\u00e4\u00e4 ongelma!\" \/>\n<meta name=\"robots\" content=\"index, follow, max-snippet:-1, max-image-preview:large, max-video-preview:-1\" \/>\n<link rel=\"canonical\" href=\"https:\/\/miumjau.ee\/fi\/tuote\/proper-pets-lemmikkielainten-karvanpoistaja\/\" \/>\n<meta property=\"og:locale\" content=\"fi_FI\" \/>\n<meta property=\"og:type\" content=\"article\" \/>\n<meta property=\"og:title\" content=\"Proper Pets lemmikkiel\u00e4inten karvanpoistaja - MiuMjau\" \/>\n<meta property=\"og:description\" content=\"Karvanpoistaja helpottaa el\u00e4m\u00e4\u00e4si. P\u00e4\u00e4set helposti eroon \u00e4rsytt\u00e4vist\u00e4 karvoista huonekaluilla. Puhtaus tuo mielenrauhaa. Karvat eiv\u00e4t ole en\u00e4\u00e4 ongelma!\" \/>\n<meta property=\"og:url\" content=\"https:\/\/miumjau.ee\/fi\/tuote\/proper-pets-lemmikkielainten-karvanpoistaja\/\" \/>\n<meta property=\"og:site_name\" content=\"MiuMjau\" \/>\n<meta property=\"article:publisher\" content=\"https:\/\/www.facebook.com\/miumjaupood\/\" \/>\n<meta property=\"article:modified_time\" content=\"2026-01-07T20:50:07+00:00\" \/>\n<meta property=\"og:image\" content=\"https:\/\/miumjau.ee\/wp-content\/uploads\/2025\/06\/Karvade-eemaldaja-proper-pets.jpg\" \/>\n\t<meta property=\"og:image:width\" content=\"600\" \/>\n\t<meta property=\"og:image:height\" content=\"800\" \/>\n\t<meta property=\"og:image:type\" content=\"image\/jpeg\" \/>\n<meta name=\"twitter:card\" content=\"summary_large_image\" \/>\n<script type=\"application\/ld+json\" class=\"yoast-schema-graph\">{\"@context\":\"https:\/\/schema.org\",\"@graph\":[{\"@type\":\"WebPage\",\"@id\":\"https:\/\/miumjau.ee\/fi\/tuote\/proper-pets-lemmikkielainten-karvanpoistaja\/\",\"url\":\"https:\/\/miumjau.ee\/fi\/tuote\/proper-pets-lemmikkielainten-karvanpoistaja\/\",\"name\":\"Proper Pets lemmikkiel\u00e4inten karvanpoistaja - MiuMjau\",\"isPartOf\":{\"@id\":\"https:\/\/miumjau.ee\/#website\"},\"primaryImageOfPage\":{\"@id\":\"https:\/\/miumjau.ee\/fi\/tuote\/proper-pets-lemmikkielainten-karvanpoistaja\/#primaryimage\"},\"image\":{\"@id\":\"https:\/\/miumjau.ee\/fi\/tuote\/proper-pets-lemmikkielainten-karvanpoistaja\/#primaryimage\"},\"thumbnailUrl\":\"https:\/\/miumjau.ee\/wp-content\/uploads\/2025\/06\/Karvade-eemaldaja-proper-pets.jpg\",\"datePublished\":\"2025-06-25T15:02:43+00:00\",\"dateModified\":\"2026-01-07T20:50:07+00:00\",\"description\":\"Karvanpoistaja helpottaa el\u00e4m\u00e4\u00e4si. P\u00e4\u00e4set helposti eroon \u00e4rsytt\u00e4vist\u00e4 karvoista huonekaluilla. Puhtaus tuo mielenrauhaa. Karvat eiv\u00e4t ole en\u00e4\u00e4 ongelma!\",\"breadcrumb\":{\"@id\":\"https:\/\/miumjau.ee\/fi\/tuote\/proper-pets-lemmikkielainten-karvanpoistaja\/#breadcrumb\"},\"inLanguage\":\"fi\",\"potentialAction\":[{\"@type\":\"ReadAction\",\"target\":[\"https:\/\/miumjau.ee\/fi\/tuote\/proper-pets-lemmikkielainten-karvanpoistaja\/\"]}]},{\"@type\":\"ImageObject\",\"inLanguage\":\"fi\",\"@id\":\"https:\/\/miumjau.ee\/fi\/tuote\/proper-pets-lemmikkielainten-karvanpoistaja\/#primaryimage\",\"url\":\"https:\/\/miumjau.ee\/wp-content\/uploads\/2025\/06\/Karvade-eemaldaja-proper-pets.jpg\",\"contentUrl\":\"https:\/\/miumjau.ee\/wp-content\/uploads\/2025\/06\/Karvade-eemaldaja-proper-pets.jpg\",\"width\":600,\"height\":800,\"caption\":\"Proper Pets lemmiklooma karvade eemaldaja\"},{\"@type\":\"BreadcrumbList\",\"@id\":\"https:\/\/miumjau.ee\/fi\/tuote\/proper-pets-lemmikkielainten-karvanpoistaja\/#breadcrumb\",\"itemListElement\":[{\"@type\":\"ListItem\",\"position\":1,\"name\":\"Home\",\"item\":\"https:\/\/miumjau.ee\/fi\/\"},{\"@type\":\"ListItem\",\"position\":2,\"name\":\"Kauppa\",\"item\":\"https:\/\/miumjau.ee\/fi\/kauppa\/\"},{\"@type\":\"ListItem\",\"position\":3,\"name\":\"Proper Pets lemmikkiel\u00e4inten karvanpoistaja\"}]},{\"@type\":\"WebSite\",\"@id\":\"https:\/\/miumjau.ee\/#website\",\"url\":\"https:\/\/miumjau.ee\/\",\"name\":\"MiuMjau\",\"description\":\"Kraapimispuud kassidele\",\"publisher\":{\"@id\":\"https:\/\/miumjau.ee\/#organization\"},\"potentialAction\":[{\"@type\":\"SearchAction\",\"target\":{\"@type\":\"EntryPoint\",\"urlTemplate\":\"https:\/\/miumjau.ee\/?s={search_term_string}\"},\"query-input\":{\"@type\":\"PropertyValueSpecification\",\"valueRequired\":true,\"valueName\":\"search_term_string\"}}],\"inLanguage\":\"fi\"},{\"@type\":\"Organization\",\"@id\":\"https:\/\/miumjau.ee\/#organization\",\"name\":\"MiuMjau O\u00dc\",\"url\":\"https:\/\/miumjau.ee\/\",\"logo\":{\"@type\":\"ImageObject\",\"inLanguage\":\"fi\",\"@id\":\"https:\/\/miumjau.ee\/#\/schema\/logo\/image\/\",\"url\":\"https:\/\/miumjau.ee\/wp-content\/uploads\/2022\/04\/MiuMjau-logo-kollane.png\",\"contentUrl\":\"https:\/\/miumjau.ee\/wp-content\/uploads\/2022\/04\/MiuMjau-logo-kollane.png\",\"width\":219,\"height\":100,\"caption\":\"MiuMjau O\u00dc\"},\"image\":{\"@id\":\"https:\/\/miumjau.ee\/#\/schema\/logo\/image\/\"},\"sameAs\":[\"https:\/\/www.facebook.com\/miumjaupood\/\"]}]}<\/script>\n<!-- \/ Yoast SEO plugin. -->","yoast_head_json":{"title":"Proper Pets lemmikkiel\u00e4inten karvanpoistaja - MiuMjau","description":"Karvanpoistaja helpottaa el\u00e4m\u00e4\u00e4si. P\u00e4\u00e4set helposti eroon \u00e4rsytt\u00e4vist\u00e4 karvoista huonekaluilla. Puhtaus tuo mielenrauhaa. Karvat eiv\u00e4t ole en\u00e4\u00e4 ongelma!","robots":{"index":"index","follow":"follow","max-snippet":"max-snippet:-1","max-image-preview":"max-image-preview:large","max-video-preview":"max-video-preview:-1"},"canonical":"https:\/\/miumjau.ee\/fi\/tuote\/proper-pets-lemmikkielainten-karvanpoistaja\/","og_locale":"fi_FI","og_type":"article","og_title":"Proper Pets lemmikkiel\u00e4inten karvanpoistaja - MiuMjau","og_description":"Karvanpoistaja helpottaa el\u00e4m\u00e4\u00e4si. P\u00e4\u00e4set helposti eroon \u00e4rsytt\u00e4vist\u00e4 karvoista huonekaluilla. Puhtaus tuo mielenrauhaa. Karvat eiv\u00e4t ole en\u00e4\u00e4 ongelma!","og_url":"https:\/\/miumjau.ee\/fi\/tuote\/proper-pets-lemmikkielainten-karvanpoistaja\/","og_site_name":"MiuMjau","article_publisher":"https:\/\/www.facebook.com\/miumjaupood\/","article_modified_time":"2026-01-07T20:50:07+00:00","og_image":[{"width":600,"height":800,"url":"https:\/\/miumjau.ee\/wp-content\/uploads\/2025\/06\/Karvade-eemaldaja-proper-pets.jpg","type":"image\/jpeg"}],"twitter_card":"summary_large_image","schema":{"@context":"https:\/\/schema.org","@graph":[{"@type":"WebPage","@id":"https:\/\/miumjau.ee\/fi\/tuote\/proper-pets-lemmikkielainten-karvanpoistaja\/","url":"https:\/\/miumjau.ee\/fi\/tuote\/proper-pets-lemmikkielainten-karvanpoistaja\/","name":"Proper Pets lemmikkiel\u00e4inten karvanpoistaja - MiuMjau","isPartOf":{"@id":"https:\/\/miumjau.ee\/#website"},"primaryImageOfPage":{"@id":"https:\/\/miumjau.ee\/fi\/tuote\/proper-pets-lemmikkielainten-karvanpoistaja\/#primaryimage"},"image":{"@id":"https:\/\/miumjau.ee\/fi\/tuote\/proper-pets-lemmikkielainten-karvanpoistaja\/#primaryimage"},"thumbnailUrl":"https:\/\/miumjau.ee\/wp-content\/uploads\/2025\/06\/Karvade-eemaldaja-proper-pets.jpg","datePublished":"2025-06-25T15:02:43+00:00","dateModified":"2026-01-07T20:50:07+00:00","description":"Karvanpoistaja helpottaa el\u00e4m\u00e4\u00e4si. P\u00e4\u00e4set helposti eroon \u00e4rsytt\u00e4vist\u00e4 karvoista huonekaluilla. Puhtaus tuo mielenrauhaa. Karvat eiv\u00e4t ole en\u00e4\u00e4 ongelma!","breadcrumb":{"@id":"https:\/\/miumjau.ee\/fi\/tuote\/proper-pets-lemmikkielainten-karvanpoistaja\/#breadcrumb"},"inLanguage":"fi","potentialAction":[{"@type":"ReadAction","target":["https:\/\/miumjau.ee\/fi\/tuote\/proper-pets-lemmikkielainten-karvanpoistaja\/"]}]},{"@type":"ImageObject","inLanguage":"fi","@id":"https:\/\/miumjau.ee\/fi\/tuote\/proper-pets-lemmikkielainten-karvanpoistaja\/#primaryimage","url":"https:\/\/miumjau.ee\/wp-content\/uploads\/2025\/06\/Karvade-eemaldaja-proper-pets.jpg","contentUrl":"https:\/\/miumjau.ee\/wp-content\/uploads\/2025\/06\/Karvade-eemaldaja-proper-pets.jpg","width":600,"height":800,"caption":"Proper Pets lemmiklooma karvade eemaldaja"},{"@type":"BreadcrumbList","@id":"https:\/\/miumjau.ee\/fi\/tuote\/proper-pets-lemmikkielainten-karvanpoistaja\/#breadcrumb","itemListElement":[{"@type":"ListItem","position":1,"name":"Home","item":"https:\/\/miumjau.ee\/fi\/"},{"@type":"ListItem","position":2,"name":"Kauppa","item":"https:\/\/miumjau.ee\/fi\/kauppa\/"},{"@type":"ListItem","position":3,"name":"Proper Pets lemmikkiel\u00e4inten karvanpoistaja"}]},{"@type":"WebSite","@id":"https:\/\/miumjau.ee\/#website","url":"https:\/\/miumjau.ee\/","name":"MiuMjau","description":"Kraapimispuud kassidele","publisher":{"@id":"https:\/\/miumjau.ee\/#organization"},"potentialAction":[{"@type":"SearchAction","target":{"@type":"EntryPoint","urlTemplate":"https:\/\/miumjau.ee\/?s={search_term_string}"},"query-input":{"@type":"PropertyValueSpecification","valueRequired":true,"valueName":"search_term_string"}}],"inLanguage":"fi"},{"@type":"Organization","@id":"https:\/\/miumjau.ee\/#organization","name":"MiuMjau O\u00dc","url":"https:\/\/miumjau.ee\/","logo":{"@type":"ImageObject","inLanguage":"fi","@id":"https:\/\/miumjau.ee\/#\/schema\/logo\/image\/","url":"https:\/\/miumjau.ee\/wp-content\/uploads\/2022\/04\/MiuMjau-logo-kollane.png","contentUrl":"https:\/\/miumjau.ee\/wp-content\/uploads\/2022\/04\/MiuMjau-logo-kollane.png","width":219,"height":100,"caption":"MiuMjau O\u00dc"},"image":{"@id":"https:\/\/miumjau.ee\/#\/schema\/logo\/image\/"},"sameAs":["https:\/\/www.facebook.com\/miumjaupood\/"]}]}},"_links":{"self":[{"href":"https:\/\/miumjau.ee\/fi\/wp-json\/wp\/v2\/product\/37446","targetHints":{"allow":["GET"]}}],"collection":[{"href":"https:\/\/miumjau.ee\/fi\/wp-json\/wp\/v2\/product"}],"about":[{"href":"https:\/\/miumjau.ee\/fi\/wp-json\/wp\/v2\/types\/product"}],"wp:featuredmedia":[{"embeddable":true,"href":"https:\/\/miumjau.ee\/fi\/wp-json\/wp\/v2\/media\/36990"}],"wp:attachment":[{"href":"https:\/\/miumjau.ee\/fi\/wp-json\/wp\/v2\/media?parent=37446"}],"wp:term":[{"taxonomy":"product_brand","embeddable":true,"href":"https:\/\/miumjau.ee\/fi\/wp-json\/wp\/v2\/product_brand?post=37446"},{"taxonomy":"product_cat","embeddable":true,"href":"https:\/\/miumjau.ee\/fi\/wp-json\/wp\/v2\/product_cat?post=37446"},{"taxonomy":"product_tag","embeddable":true,"href":"https:\/\/miumjau.ee\/fi\/wp-json\/wp\/v2\/product_tag?post=37446"}],"curies":[{"name":"wp","href":"https:\/\/api.w.org\/{rel}","templated":true}]}}