{"id":36885,"date":"2025-06-18T09:18:27","date_gmt":"2025-06-18T06:18:27","guid":{"rendered":"https:\/\/miumjau.ee\/toode\/bugalugs-kirppu-ja-puutetorjuntasuihke-koirille-ja-kissoille\/"},"modified":"2026-01-07T22:50:07","modified_gmt":"2026-01-07T20:50:07","slug":"bugalugs-kirppu-ja-puutetorjuntasuihke-koirille-ja-kissoille","status":"publish","type":"product","link":"https:\/\/miumjau.ee\/fi\/tuote\/bugalugs-kirppu-ja-puutetorjuntasuihke-koirille-ja-kissoille\/","title":{"rendered":"Bugalugs kirppu- ja puutetorjuntasuihke koirille ja kissoille"},"content":{"rendered":"","protected":false},"excerpt":{"rendered":"<p data-start=\"0\" data-end=\"321\">Bugalugs koko kehon kattava kirppu- ja puugisuihkeen koirille ja kissoille. Sano hyv\u00e4stit haitallisille tuholaisille Bugalugsin suihkeen avulla. Neemi\u00f6ljyll\u00e4 rikastettu suihke on turvallinen tapa torjua tuholaisia, auttaen koiria ja kissoja s\u00e4ilytt\u00e4m\u00e4\u00e4n terve turkin samalla kun rauhoittaa ja lievitt\u00e4\u00e4 jo \u00e4rtynytt\u00e4 ihoa.<\/p>\n<p data-start=\"323\" data-end=\"336\">M\u00e4\u00e4r\u00e4: 200 ml<\/p>\n<p data-start=\"338\" data-end=\"417\">K\u00e4ytt\u00f6ohje: Suihkuta suoraan kuivaan turkkiin. S\u00e4ilyt\u00e4 lasten ulottumattomissa.<\/p>\n<p data-start=\"419\" data-end=\"559\">Ainesosat: denaturoitu alkoholi, kapryyli- ja kapriinihappotriglseridi, parfyymi, Melia Azadirachta (neemi) siemen\u00f6ljy, kumariini, eugenoli.<\/p>\n<p data-start=\"561\" data-end=\"611\">Parasta ennen: 18 kuukautta pakkauksen avaamisesta<\/p>\n<p data-start=\"613\" data-end=\"643\" data-is-last-node=\"\" data-is-only-node=\"\">Valmistaja: Lakeland Cosmetics<\/p>\n","protected":false},"featured_media":36468,"template":"","meta":[],"product_brand":[],"product_cat":[259,483],"product_tag":[],"class_list":{"0":"post-36885","1":"product","2":"type-product","3":"status-publish","4":"has-post-thumbnail","6":"product_cat-muut","7":"product_cat-hoitotuotteet-koirille","9":"first","10":"instock","11":"taxable","12":"shipping-taxable","13":"purchasable","14":"product-type-simple"},"yoast_head":"<!-- This site is optimized with the Yoast SEO plugin v27.2 - https:\/\/yoast.com\/product\/yoast-seo-wordpress\/ -->\n<title>Bugalugs kirppu- ja puutetorjuntasuihke koirille ja kissoille - MiuMjau<\/title>\n<meta name=\"robots\" content=\"index, follow, max-snippet:-1, max-image-preview:large, max-video-preview:-1\" \/>\n<link rel=\"canonical\" href=\"https:\/\/miumjau.ee\/fi\/tuote\/bugalugs-kirppu-ja-puutetorjuntasuihke-koirille-ja-kissoille\/\" \/>\n<meta property=\"og:locale\" content=\"fi_FI\" \/>\n<meta property=\"og:type\" content=\"article\" \/>\n<meta property=\"og:title\" content=\"Bugalugs kirppu- ja puutetorjuntasuihke koirille ja kissoille - MiuMjau\" \/>\n<meta property=\"og:description\" content=\"Bugalugs koko kehon kattava kirppu- ja puugisuihkeen koirille ja kissoille. Sano hyv\u00e4stit haitallisille tuholaisille Bugalugsin suihkeen avulla. Neemi\u00f6ljyll\u00e4 rikastettu suihke on turvallinen tapa torjua tuholaisia, auttaen koiria ja kissoja s\u00e4ilytt\u00e4m\u00e4\u00e4n terve turkin samalla kun rauhoittaa ja lievitt\u00e4\u00e4 jo \u00e4rtynytt\u00e4 ihoa. M\u00e4\u00e4r\u00e4: 200 ml K\u00e4ytt\u00f6ohje: Suihkuta suoraan kuivaan turkkiin. S\u00e4ilyt\u00e4 lasten ulottumattomissa. Ainesosat: denaturoitu alkoholi, kapryyli- ja kapriinihappotriglseridi, parfyymi, Melia Azadirachta (neemi) siemen\u00f6ljy, kumariini, eugenoli. Parasta ennen: 18 kuukautta pakkauksen avaamisesta Valmistaja: Lakeland Cosmetics\" \/>\n<meta property=\"og:url\" content=\"https:\/\/miumjau.ee\/fi\/tuote\/bugalugs-kirppu-ja-puutetorjuntasuihke-koirille-ja-kissoille\/\" \/>\n<meta property=\"og:site_name\" content=\"MiuMjau\" \/>\n<meta property=\"article:publisher\" content=\"https:\/\/www.facebook.com\/miumjaupood\/\" \/>\n<meta property=\"article:modified_time\" content=\"2026-01-07T20:50:07+00:00\" \/>\n<meta property=\"og:image\" content=\"https:\/\/miumjau.ee\/wp-content\/uploads\/2025\/06\/bugalugs-kirbu-puugivastane-sprei1.webp\" \/>\n\t<meta property=\"og:image:width\" content=\"600\" \/>\n\t<meta property=\"og:image:height\" content=\"800\" \/>\n\t<meta property=\"og:image:type\" content=\"image\/webp\" \/>\n<meta name=\"twitter:card\" content=\"summary_large_image\" \/>\n<script type=\"application\/ld+json\" class=\"yoast-schema-graph\">{\"@context\":\"https:\/\/schema.org\",\"@graph\":[{\"@type\":\"WebPage\",\"@id\":\"https:\/\/miumjau.ee\/fi\/tuote\/bugalugs-kirppu-ja-puutetorjuntasuihke-koirille-ja-kissoille\/\",\"url\":\"https:\/\/miumjau.ee\/fi\/tuote\/bugalugs-kirppu-ja-puutetorjuntasuihke-koirille-ja-kissoille\/\",\"name\":\"Bugalugs kirppu- ja puutetorjuntasuihke koirille ja kissoille - MiuMjau\",\"isPartOf\":{\"@id\":\"https:\/\/miumjau.ee\/#website\"},\"primaryImageOfPage\":{\"@id\":\"https:\/\/miumjau.ee\/fi\/tuote\/bugalugs-kirppu-ja-puutetorjuntasuihke-koirille-ja-kissoille\/#primaryimage\"},\"image\":{\"@id\":\"https:\/\/miumjau.ee\/fi\/tuote\/bugalugs-kirppu-ja-puutetorjuntasuihke-koirille-ja-kissoille\/#primaryimage\"},\"thumbnailUrl\":\"https:\/\/miumjau.ee\/wp-content\/uploads\/2025\/06\/bugalugs-kirbu-puugivastane-sprei1.webp\",\"datePublished\":\"2025-06-18T06:18:27+00:00\",\"dateModified\":\"2026-01-07T20:50:07+00:00\",\"breadcrumb\":{\"@id\":\"https:\/\/miumjau.ee\/fi\/tuote\/bugalugs-kirppu-ja-puutetorjuntasuihke-koirille-ja-kissoille\/#breadcrumb\"},\"inLanguage\":\"fi\",\"potentialAction\":[{\"@type\":\"ReadAction\",\"target\":[\"https:\/\/miumjau.ee\/fi\/tuote\/bugalugs-kirppu-ja-puutetorjuntasuihke-koirille-ja-kissoille\/\"]}]},{\"@type\":\"ImageObject\",\"inLanguage\":\"fi\",\"@id\":\"https:\/\/miumjau.ee\/fi\/tuote\/bugalugs-kirppu-ja-puutetorjuntasuihke-koirille-ja-kissoille\/#primaryimage\",\"url\":\"https:\/\/miumjau.ee\/wp-content\/uploads\/2025\/06\/bugalugs-kirbu-puugivastane-sprei1.webp\",\"contentUrl\":\"https:\/\/miumjau.ee\/wp-content\/uploads\/2025\/06\/bugalugs-kirbu-puugivastane-sprei1.webp\",\"width\":600,\"height\":800,\"caption\":\"Bugalugs kirbu- ja puugivastane koerte ja kasside sprei\"},{\"@type\":\"BreadcrumbList\",\"@id\":\"https:\/\/miumjau.ee\/fi\/tuote\/bugalugs-kirppu-ja-puutetorjuntasuihke-koirille-ja-kissoille\/#breadcrumb\",\"itemListElement\":[{\"@type\":\"ListItem\",\"position\":1,\"name\":\"Home\",\"item\":\"https:\/\/miumjau.ee\/fi\/\"},{\"@type\":\"ListItem\",\"position\":2,\"name\":\"Kauppa\",\"item\":\"https:\/\/miumjau.ee\/fi\/kauppa\/\"},{\"@type\":\"ListItem\",\"position\":3,\"name\":\"Bugalugs kirppu- ja puutetorjuntasuihke koirille ja kissoille\"}]},{\"@type\":\"WebSite\",\"@id\":\"https:\/\/miumjau.ee\/#website\",\"url\":\"https:\/\/miumjau.ee\/\",\"name\":\"MiuMjau\",\"description\":\"Kraapimispuud kassidele\",\"publisher\":{\"@id\":\"https:\/\/miumjau.ee\/#organization\"},\"potentialAction\":[{\"@type\":\"SearchAction\",\"target\":{\"@type\":\"EntryPoint\",\"urlTemplate\":\"https:\/\/miumjau.ee\/?s={search_term_string}\"},\"query-input\":{\"@type\":\"PropertyValueSpecification\",\"valueRequired\":true,\"valueName\":\"search_term_string\"}}],\"inLanguage\":\"fi\"},{\"@type\":\"Organization\",\"@id\":\"https:\/\/miumjau.ee\/#organization\",\"name\":\"MiuMjau O\u00dc\",\"url\":\"https:\/\/miumjau.ee\/\",\"logo\":{\"@type\":\"ImageObject\",\"inLanguage\":\"fi\",\"@id\":\"https:\/\/miumjau.ee\/#\/schema\/logo\/image\/\",\"url\":\"https:\/\/miumjau.ee\/wp-content\/uploads\/2022\/04\/MiuMjau-logo-kollane.png\",\"contentUrl\":\"https:\/\/miumjau.ee\/wp-content\/uploads\/2022\/04\/MiuMjau-logo-kollane.png\",\"width\":219,\"height\":100,\"caption\":\"MiuMjau O\u00dc\"},\"image\":{\"@id\":\"https:\/\/miumjau.ee\/#\/schema\/logo\/image\/\"},\"sameAs\":[\"https:\/\/www.facebook.com\/miumjaupood\/\"]}]}<\/script>\n<!-- \/ Yoast SEO plugin. -->","yoast_head_json":{"title":"Bugalugs kirppu- ja puutetorjuntasuihke koirille ja kissoille - MiuMjau","robots":{"index":"index","follow":"follow","max-snippet":"max-snippet:-1","max-image-preview":"max-image-preview:large","max-video-preview":"max-video-preview:-1"},"canonical":"https:\/\/miumjau.ee\/fi\/tuote\/bugalugs-kirppu-ja-puutetorjuntasuihke-koirille-ja-kissoille\/","og_locale":"fi_FI","og_type":"article","og_title":"Bugalugs kirppu- ja puutetorjuntasuihke koirille ja kissoille - MiuMjau","og_description":"Bugalugs koko kehon kattava kirppu- ja puugisuihkeen koirille ja kissoille. Sano hyv\u00e4stit haitallisille tuholaisille Bugalugsin suihkeen avulla. Neemi\u00f6ljyll\u00e4 rikastettu suihke on turvallinen tapa torjua tuholaisia, auttaen koiria ja kissoja s\u00e4ilytt\u00e4m\u00e4\u00e4n terve turkin samalla kun rauhoittaa ja lievitt\u00e4\u00e4 jo \u00e4rtynytt\u00e4 ihoa. M\u00e4\u00e4r\u00e4: 200 ml K\u00e4ytt\u00f6ohje: Suihkuta suoraan kuivaan turkkiin. S\u00e4ilyt\u00e4 lasten ulottumattomissa. Ainesosat: denaturoitu alkoholi, kapryyli- ja kapriinihappotriglseridi, parfyymi, Melia Azadirachta (neemi) siemen\u00f6ljy, kumariini, eugenoli. Parasta ennen: 18 kuukautta pakkauksen avaamisesta Valmistaja: Lakeland Cosmetics","og_url":"https:\/\/miumjau.ee\/fi\/tuote\/bugalugs-kirppu-ja-puutetorjuntasuihke-koirille-ja-kissoille\/","og_site_name":"MiuMjau","article_publisher":"https:\/\/www.facebook.com\/miumjaupood\/","article_modified_time":"2026-01-07T20:50:07+00:00","og_image":[{"width":600,"height":800,"url":"https:\/\/miumjau.ee\/wp-content\/uploads\/2025\/06\/bugalugs-kirbu-puugivastane-sprei1.webp","type":"image\/webp"}],"twitter_card":"summary_large_image","schema":{"@context":"https:\/\/schema.org","@graph":[{"@type":"WebPage","@id":"https:\/\/miumjau.ee\/fi\/tuote\/bugalugs-kirppu-ja-puutetorjuntasuihke-koirille-ja-kissoille\/","url":"https:\/\/miumjau.ee\/fi\/tuote\/bugalugs-kirppu-ja-puutetorjuntasuihke-koirille-ja-kissoille\/","name":"Bugalugs kirppu- ja puutetorjuntasuihke koirille ja kissoille - MiuMjau","isPartOf":{"@id":"https:\/\/miumjau.ee\/#website"},"primaryImageOfPage":{"@id":"https:\/\/miumjau.ee\/fi\/tuote\/bugalugs-kirppu-ja-puutetorjuntasuihke-koirille-ja-kissoille\/#primaryimage"},"image":{"@id":"https:\/\/miumjau.ee\/fi\/tuote\/bugalugs-kirppu-ja-puutetorjuntasuihke-koirille-ja-kissoille\/#primaryimage"},"thumbnailUrl":"https:\/\/miumjau.ee\/wp-content\/uploads\/2025\/06\/bugalugs-kirbu-puugivastane-sprei1.webp","datePublished":"2025-06-18T06:18:27+00:00","dateModified":"2026-01-07T20:50:07+00:00","breadcrumb":{"@id":"https:\/\/miumjau.ee\/fi\/tuote\/bugalugs-kirppu-ja-puutetorjuntasuihke-koirille-ja-kissoille\/#breadcrumb"},"inLanguage":"fi","potentialAction":[{"@type":"ReadAction","target":["https:\/\/miumjau.ee\/fi\/tuote\/bugalugs-kirppu-ja-puutetorjuntasuihke-koirille-ja-kissoille\/"]}]},{"@type":"ImageObject","inLanguage":"fi","@id":"https:\/\/miumjau.ee\/fi\/tuote\/bugalugs-kirppu-ja-puutetorjuntasuihke-koirille-ja-kissoille\/#primaryimage","url":"https:\/\/miumjau.ee\/wp-content\/uploads\/2025\/06\/bugalugs-kirbu-puugivastane-sprei1.webp","contentUrl":"https:\/\/miumjau.ee\/wp-content\/uploads\/2025\/06\/bugalugs-kirbu-puugivastane-sprei1.webp","width":600,"height":800,"caption":"Bugalugs kirbu- ja puugivastane koerte ja kasside sprei"},{"@type":"BreadcrumbList","@id":"https:\/\/miumjau.ee\/fi\/tuote\/bugalugs-kirppu-ja-puutetorjuntasuihke-koirille-ja-kissoille\/#breadcrumb","itemListElement":[{"@type":"ListItem","position":1,"name":"Home","item":"https:\/\/miumjau.ee\/fi\/"},{"@type":"ListItem","position":2,"name":"Kauppa","item":"https:\/\/miumjau.ee\/fi\/kauppa\/"},{"@type":"ListItem","position":3,"name":"Bugalugs kirppu- ja puutetorjuntasuihke koirille ja kissoille"}]},{"@type":"WebSite","@id":"https:\/\/miumjau.ee\/#website","url":"https:\/\/miumjau.ee\/","name":"MiuMjau","description":"Kraapimispuud kassidele","publisher":{"@id":"https:\/\/miumjau.ee\/#organization"},"potentialAction":[{"@type":"SearchAction","target":{"@type":"EntryPoint","urlTemplate":"https:\/\/miumjau.ee\/?s={search_term_string}"},"query-input":{"@type":"PropertyValueSpecification","valueRequired":true,"valueName":"search_term_string"}}],"inLanguage":"fi"},{"@type":"Organization","@id":"https:\/\/miumjau.ee\/#organization","name":"MiuMjau O\u00dc","url":"https:\/\/miumjau.ee\/","logo":{"@type":"ImageObject","inLanguage":"fi","@id":"https:\/\/miumjau.ee\/#\/schema\/logo\/image\/","url":"https:\/\/miumjau.ee\/wp-content\/uploads\/2022\/04\/MiuMjau-logo-kollane.png","contentUrl":"https:\/\/miumjau.ee\/wp-content\/uploads\/2022\/04\/MiuMjau-logo-kollane.png","width":219,"height":100,"caption":"MiuMjau O\u00dc"},"image":{"@id":"https:\/\/miumjau.ee\/#\/schema\/logo\/image\/"},"sameAs":["https:\/\/www.facebook.com\/miumjaupood\/"]}]}},"_links":{"self":[{"href":"https:\/\/miumjau.ee\/fi\/wp-json\/wp\/v2\/product\/36885","targetHints":{"allow":["GET"]}}],"collection":[{"href":"https:\/\/miumjau.ee\/fi\/wp-json\/wp\/v2\/product"}],"about":[{"href":"https:\/\/miumjau.ee\/fi\/wp-json\/wp\/v2\/types\/product"}],"wp:featuredmedia":[{"embeddable":true,"href":"https:\/\/miumjau.ee\/fi\/wp-json\/wp\/v2\/media\/36468"}],"wp:attachment":[{"href":"https:\/\/miumjau.ee\/fi\/wp-json\/wp\/v2\/media?parent=36885"}],"wp:term":[{"taxonomy":"product_brand","embeddable":true,"href":"https:\/\/miumjau.ee\/fi\/wp-json\/wp\/v2\/product_brand?post=36885"},{"taxonomy":"product_cat","embeddable":true,"href":"https:\/\/miumjau.ee\/fi\/wp-json\/wp\/v2\/product_cat?post=36885"},{"taxonomy":"product_tag","embeddable":true,"href":"https:\/\/miumjau.ee\/fi\/wp-json\/wp\/v2\/product_tag?post=36885"}],"curies":[{"name":"wp","href":"https:\/\/api.w.org\/{rel}","templated":true}]}}